{"id":6624,"date":"2025-03-11T06:33:57","date_gmt":"2025-03-11T06:33:57","guid":{"rendered":"https:\/\/fmp-components.com\/product\/quality-assurance-double-acting-dump-truck-hydraulic-hoist-cylinder-multistage-hydraulic-cylinder"},"modified":"2025-03-14T01:58:39","modified_gmt":"2025-03-14T01:58:39","slug":"quality-assurance-double-acting-dump-truck-hydraulic-hoist-cylinder-multistage-hydraulic-cylinder","status":"publish","type":"product","link":"https:\/\/fmp-components.com\/it\/product\/quality-assurance-double-acting-dump-truck-hydraulic-hoist-cylinder-multistage-hydraulic-cylinder\/","title":{"rendered":"Cilindro di sollevamento idraulico a doppio effetto per autocarri con cassone ribaltabile, garanzia della qualit\u00e0, cilindro idraulico multistadio"},"content":{"rendered":"<h2>Cilindro di sollevamento idraulico a doppio effetto per autocarri con cassone ribaltabile, garanzia della qualit\u00e0, cilindro idraulico multistadio<\/h2>\n<p>Vi presentiamo il cilindro idraulico multistadio a doppio effetto per sollevamento di autocarri con cassone ribaltabile e garanzia di qualit\u00e0: un nuovo prodotto FMP di qualit\u00e0 garantita. Questa attrezzatura innovativa \u00e8 progettata per servire un&#039;ampia gamma di settori, come officine di riparazione di macchinari, aziende agricole, industria energetica e mineraria, produzione di macchinari e fabbriche di macchinari. \u00c8 progettata per offrire la potenza, l&#039;efficienza e la durata necessarie per le vostre attivit\u00e0 gravose.<\/p>\n<h3>Funzione e caratteristiche<\/h3>\n<p>Questo cilindro idraulico multistadio \u00e8 un cilindro a stantuffo standard progettato per offrire la massima potenza di spinta e tiro. Vanta una spinta massima di 3000 Nm e un tiro massimo di 20 tonnellate, rendendolo adatto ad applicazioni gravose. Il cilindro \u00e8 realizzato in robusto acciaio, garantendo durata e longevit\u00e0.<\/p>\n<h3>Parametri tecnici<\/h3>\n<table style=\"width: 98.7515%;\" border=\"\">\n<tbody>\n<tr>\n<td style=\"width: 42.8571%;\"><i>Dimensioni del foro<\/i><\/td>\n<td style=\"width: 401.143%;\">2-6 pollici<\/td>\n<\/tr>\n<tr>\n<td style=\"width: 42.8571%;\"><i>Dimensioni dell&#039;asta<\/i><\/td>\n<td style=\"width: 401.143%;\">1,125-4 pollici<\/td>\n<\/tr>\n<tr>\n<td style=\"width: 42.8571%;\"><i>Dimensione del tratto<\/i><\/td>\n<td style=\"width: 401.143%;\">4-100 pollici<\/td>\n<\/tr>\n<tr>\n<td style=\"width: 42.8571%;\"><i>Dimensione del perno<\/i><\/td>\n<td style=\"width: 401.143%;\">0,5-2 pollici<\/td>\n<\/tr>\n<tr>\n<td style=\"width: 42.8571%;\"><i>Porti<\/i><\/td>\n<td style=\"width: 401.143%;\">G\/SAE\/NPT\/M<\/td>\n<\/tr>\n<\/tbody>\n<\/table>\n<h3>Caratteristiche e vantaggi unici<\/h3>\n<ul>\n<li>Efficienza energetica: aiuta a ridurre il consumo e i costi energetici.<\/li>\n<li>Elevata efficienza: progettato per garantire prestazioni ottimali nelle attivit\u00e0 pi\u00f9 gravose.<\/li>\n<li>Sicuro: dotato di funzioni di sicurezza per garantire la sicurezza dell&#039;utente.<\/li>\n<\/ul>\n<h2>Sistemi idraulici e principi di funzionamento<\/h2>\n<p>Il cilindro idraulico \u00e8 un componente fondamentale dei sistemi idraulici, in quanto converte l&#039;energia idraulica in energia meccanica. Opera in sinergia con le unit\u00e0 di potenza per garantire un funzionamento efficiente e fluido in diverse applicazioni industriali.<\/p>\n<p><img loading=\"lazy\" decoding=\"async\" class=\"alignnone  wp-image-6759\" src=\"https:\/\/fmp-components.com\/wp-content\/uploads\/2025\/03\/Telescopic-Hydraulic-Cylinders-116.webp\" alt=\"Cilindri idraulici telescopici\" width=\"785\" height=\"785\" title=\"\" srcset=\"https:\/\/fmp-components.com\/wp-content\/uploads\/2025\/03\/Telescopic-Hydraulic-Cylinders-116.webp 785w, https:\/\/fmp-components.com\/wp-content\/uploads\/2025\/03\/Telescopic-Hydraulic-Cylinders-116-480x480.webp 480w\" sizes=\"(min-width: 0px) and (max-width: 480px) 480px, (min-width: 481px) 785px, 100vw\" \/><\/p>\n<h2>Scenari applicativi<\/h2>\n<p>Questo cilindro idraulico \u00e8 ampiamente utilizzato in officine di riparazione di macchinari, aziende agricole, nei settori energetico e minerario, nella produzione di macchinari e nelle fabbriche di macchinari. Offre prestazioni affidabili anche nelle condizioni pi\u00f9 difficili.<\/p>\n<h2>Cilindri idraulici e gruppi di potenza<\/h2>\n<p>La sinergia tra cilindri idraulici e centraline \u00e8 essenziale per l&#039;ampia applicazione della tecnologia idraulica nel settore industriale. Il cilindro idraulico converte l&#039;energia idraulica in movimento meccanico, mentre la centralina fornisce l&#039;energia e i segnali di controllo necessari. Il loro funzionamento coordinato garantisce il corretto funzionamento dei sistemi idraulici. Da FMP, offriamo anche centraline in vendita, garantendovi un pacchetto completo per i vostri sistemi idraulici.<\/p>\n<h3>Domande frequenti<\/h3>\n<p><b>D: Quanto tempo ci vuole per la consegna?<\/b><br \/>\nA: Il tempo di consegna medio \u00e8 di 25-35 giorni.<\/p>\n<p><b>D: Offrite campioni?<\/b><br \/>\nR: S\u00ec, offriamo campioni, ma non sono gratuiti.<\/p>\n<p><b>D: Potete produrre in base ai campioni?<\/b><br \/>\nA: S\u00ec, possiamo produrre in base ai vostri campioni o disegni tecnici. Possiamo costruire gli stampi e le attrezzature.<\/p>\n<h3>Informazioni su FMP<\/h3>\n<p class=\"break-words\">FMP \u00e8 un produttore italiano leader specializzato nella progettazione, sviluppo e produzione di cilindri idraulici di alta qualit\u00e0. Con una ricca tradizione radicata in decenni di competenza, uniamo con orgoglio l&#039;artigianato italiano con la tecnologia all&#039;avanguardia per fornire soluzioni idrauliche eccezionali su misura per soddisfare le diverse esigenze della nostra clientela globale. Con sede in Italia, un polo di eccellenza ingegneristica, FMP \u00e8 un nome affidabile nel settore idraulico, impegnato a fornire prodotti affidabili, durevoli e innovativi che potenziano le aziende in tutto il mondo.<\/p>\n<p class=\"break-words\">La nostra azienda integra il meglio delle tradizioni di produzione avanzata con un approccio lungimirante. Grazie ad anni di esperienza nei sistemi idraulici, FMP si \u00e8 evoluta in un&#039;azienda moderna che eccelle nella ricerca, nella progettazione e nella produzione. Siamo specializzati in un&#039;ampia gamma di cilindri idraulici, tra cui cilindri a doppio effetto, cilindri di sollevamento per autoveicoli, cilindri per macchinari agricoli e soluzioni progettate su misura per varie applicazioni industriali. Che si tratti di edilizia, installazioni industriali, agricoltura o macchinari pesanti, i nostri cilindri idraulici sono costruiti per funzionare nelle condizioni pi\u00f9 difficili, garantendo sicurezza, efficienza e longevit\u00e0.<\/p>\n<p><img loading=\"lazy\" decoding=\"async\" class=\"alignnone size-full wp-image-6720\" src=\"https:\/\/fmp-components.com\/wp-content\/uploads\/2025\/03\/hydraulic-cylinder-8.webp\" alt=\"Cilindri idraulici telescopici\" width=\"933\" height=\"526\" title=\"\" srcset=\"https:\/\/fmp-components.com\/wp-content\/uploads\/2025\/03\/hydraulic-cylinder-8.webp 933w, https:\/\/fmp-components.com\/wp-content\/uploads\/2025\/03\/hydraulic-cylinder-8-480x271.webp 480w\" sizes=\"(min-width: 0px) and (max-width: 480px) 480px, (min-width: 481px) 933px, 100vw\" \/><\/p>\n<p class=\"break-words\">In FMP, siamo orgogliosi dei nostri stabilimenti di produzione all&#039;avanguardia, dotati di macchinari di precisione e sistemi di collaudo avanzati. I nostri processi di produzione rispettano rigorosi standard nazionali e internazionali, assicurando che ogni cilindro idraulico che esce dalla nostra fabbrica sia di qualit\u00e0 e affidabilit\u00e0 superiori. Il nostro team tecnico qualificato, abbinato a attrezzature all&#039;avanguardia, ci consente di mantenere un rigoroso controllo di qualit\u00e0 in ogni fase della produzione, dalla selezione delle materie prime all&#039;ispezione finale. Questa dedizione all&#039;eccellenza ci ha fatto guadagnare certificazioni e riconoscimenti dalle autorit\u00e0 del settore, consolidando ulteriormente la nostra reputazione di partner affidabile.<\/p>\n<p class=\"break-words\">La nostra missione \u00e8 semplice ma ambiziosa: fornire ai nostri clienti cilindri idraulici che superino le aspettative in termini di prestazioni, durata e valore. Operiamo secondo i principi guida di professionalit\u00e0, integrit\u00e0 e attenzione al cliente. Promuovendo una cultura di innovazione e precisione, perfezioniamo costantemente i nostri prodotti per rimanere all&#039;avanguardia in un mercato competitivo. La nostra gamma completa di prodotti e la capacit\u00e0 di offrire soluzioni personalizzate ci rendono la scelta ideale per le aziende che cercano cilindri idraulici ad alte prestazioni.<\/p>\n<p class=\"break-words\">FMP \u00e8 pi\u00f9 di un semplice produttore: siamo un partner per il tuo successo. Sappiamo che i nostri clienti contano su di noi per fornirti strumenti che migliorino la loro produttivit\u00e0 e sicurezza. Ecco perch\u00e9 ci impegniamo a offrire non solo prodotti di prima qualit\u00e0, ma anche un servizio eccezionale. Dalla consulenza iniziale al supporto post-vendita, lavoriamo a stretto contatto con i nostri clienti per garantire che le loro esigenze siano soddisfatte con professionalit\u00e0 e attenzione. I nostri prezzi competitivi, abbinati al nostro incrollabile impegno per la qualit\u00e0, rendono FMP la scelta intelligente per le aziende che desiderano investire in soluzioni idrauliche di cui possono fidarsi.<\/p>","protected":false},"excerpt":{"rendered":"<p>Quality Assurance Double Acting Dump Truck Hydraulic Hoist Cylinder Multistage Hydraulic Cylinder Introducing the Quality Assurance Double Acting Dump Truck Hydraulic Hoist Cylinder Multistage Hydraulic Cylinder &#8211; a new, quality-assured product from FMP. This innovative equipment is designed to serve a wide array of industries such as machinery repair shops, farms, energy &amp; mining, machinery [&hellip;]<\/p>","protected":false},"featured_media":6803,"comment_status":"closed","ping_status":"closed","template":"","meta":{"_et_pb_use_builder":"","_et_pb_old_content":"","_et_gb_content_width":""},"product_brand":[],"product_cat":[103],"product_tag":[34,105],"class_list":{"0":"post-6624","1":"product","2":"type-product","3":"status-publish","4":"has-post-thumbnail","6":"product_cat-telescopic-hydraulic-cylinders","7":"product_tag-hydraulic-cylinder","8":"product_tag-telescopic-hydraulic-cylinders","10":"first","11":"instock","12":"product-type-simple"},"_links":{"self":[{"href":"https:\/\/fmp-components.com\/it\/wp-json\/wp\/v2\/product\/6624","targetHints":{"allow":["GET"]}}],"collection":[{"href":"https:\/\/fmp-components.com\/it\/wp-json\/wp\/v2\/product"}],"about":[{"href":"https:\/\/fmp-components.com\/it\/wp-json\/wp\/v2\/types\/product"}],"replies":[{"embeddable":true,"href":"https:\/\/fmp-components.com\/it\/wp-json\/wp\/v2\/comments?post=6624"}],"wp:featuredmedia":[{"embeddable":true,"href":"https:\/\/fmp-components.com\/it\/wp-json\/wp\/v2\/media\/6803"}],"wp:attachment":[{"href":"https:\/\/fmp-components.com\/it\/wp-json\/wp\/v2\/media?parent=6624"}],"wp:term":[{"taxonomy":"product_brand","embeddable":true,"href":"https:\/\/fmp-components.com\/it\/wp-json\/wp\/v2\/product_brand?post=6624"},{"taxonomy":"product_cat","embeddable":true,"href":"https:\/\/fmp-components.com\/it\/wp-json\/wp\/v2\/product_cat?post=6624"},{"taxonomy":"product_tag","embeddable":true,"href":"https:\/\/fmp-components.com\/it\/wp-json\/wp\/v2\/product_tag?post=6624"}],"curies":[{"name":"parola chiave","href":"https:\/\/api.w.org\/{rel}","templated":true}]}}