{"id":6620,"date":"2025-03-11T06:33:57","date_gmt":"2025-03-11T06:33:57","guid":{"rendered":"https:\/\/fmp-components.com\/product\/customized-small-hydraulic-cylinder-flatbed-tow-truck-hydraulic-telescopic-cylinder"},"modified":"2025-03-14T00:56:49","modified_gmt":"2025-03-14T00:56:49","slug":"customized-small-hydraulic-cylinder-flatbed-tow-truck-hydraulic-telescopic-cylinder","status":"publish","type":"product","link":"https:\/\/fmp-components.com\/it\/product\/customized-small-hydraulic-cylinder-flatbed-tow-truck-hydraulic-telescopic-cylinder\/","title":{"rendered":"Cilindro idraulico telescopico personalizzato per carro attrezzi con pianale ribassato e cilindro idraulico piccolo"},"content":{"rendered":"<h2>Cilindro idraulico telescopico personalizzato per carro attrezzi con pianale ribassato e cilindro idraulico piccolo<\/h2>\n<p>Vi presentiamo il nostro cilindro idraulico telescopico personalizzato per carro attrezzi con pianale ribassato, un prodotto nuovo e innovativo progettato per applicazioni gravose in settori quali officine di riparazione di macchinari, aziende agricole, industria energetica e mineraria, produzione di macchinari e fabbriche di macchinari. Questo cilindro \u00e8 realizzato in acciaio di qualit\u00e0 superiore, che garantisce resistenza e durata. Inoltre, \u00e8 coperto da una garanzia di 1 anno sui componenti principali.<\/p>\n<h3>Caratteristiche e specifiche<\/h3>\n<table style=\"width: 98.3282%;\" border=\"\">\n<tbody>\n<tr>\n<th style=\"width: 43.4286%;\">Dimensioni del foro<\/th>\n<td style=\"width: 409.143%;\">2-6 pollici<\/td>\n<\/tr>\n<tr>\n<th style=\"width: 43.4286%;\">Dimensioni dell&#039;asta<\/th>\n<td style=\"width: 409.143%;\">1,125-4 pollici<\/td>\n<\/tr>\n<tr>\n<th style=\"width: 43.4286%;\">Dimensione del tratto<\/th>\n<td style=\"width: 409.143%;\">4-100 pollici<\/td>\n<\/tr>\n<tr>\n<th style=\"width: 43.4286%;\">Dimensione del perno<\/th>\n<td style=\"width: 409.143%;\">0,5-2 pollici<\/td>\n<\/tr>\n<tr>\n<th style=\"width: 43.4286%;\">Porti<\/th>\n<td style=\"width: 409.143%;\">G\/SAE\/NPT\/M<\/td>\n<\/tr>\n<\/tbody>\n<\/table>\n<h2>Attributi e vantaggi unici<\/h2>\n<p>Il nostro cilindro idraulico offre diversi vantaggi esclusivi, tra cui efficienza energetica, elevate prestazioni e sicurezza. La sua struttura multistadio e il design del cilindro a stantuffo gli consentono di gestire spinte massime fino a 3000 tonnellate e tiri massimi fino a 20 tonnellate. \u00c8 inoltre certificato ISO9001:2000, a ulteriore conferma della sua qualit\u00e0 e affidabilit\u00e0.<\/p>\n<p><img loading=\"lazy\" decoding=\"async\" class=\"alignnone  wp-image-6664\" src=\"https:\/\/fmp-components.com\/wp-content\/uploads\/2025\/03\/telescopic-hydraulic-cylinder-8.webp\" alt=\"cilindro idraulico telescopico\" width=\"802\" height=\"802\" title=\"\" srcset=\"https:\/\/fmp-components.com\/wp-content\/uploads\/2025\/03\/telescopic-hydraulic-cylinder-8.webp 802w, https:\/\/fmp-components.com\/wp-content\/uploads\/2025\/03\/telescopic-hydraulic-cylinder-8-480x480.webp 480w\" sizes=\"(min-width: 0px) and (max-width: 480px) 480px, (min-width: 481px) 802px, 100vw\" \/><\/p>\n<h2>Sistema idraulico e principio di funzionamento<\/h2>\n<p>Il cilindro idraulico funziona secondo il principio di conversione dell'energia idraulica in movimento meccanico, trasformando la pressione in forza. Ci\u00f2 \u00e8 reso possibile dai componenti principali del cilindro, che includono il cuscinetto e il cilindro idraulico stesso.<\/p>\n<h2>Scenari applicativi<\/h2>\n<p>Questo cilindro idraulico \u00e8 ideale per l'uso in diversi settori, tra cui officine di riparazione di macchinari, aziende agricole, industria energetica e mineraria, produzione di macchinari e fabbriche di macchinari.<\/p>\n<h2>Domande frequenti<\/h2>\n<p><strong>D: Siete una societ\u00e0 commerciale o produttrice?<\/strong><br \/>\nA: Siamo un produttore con una nostra fabbrica.<\/p>\n<p><strong>D: Quanto tempo impiegate per la consegna?<\/strong><br \/>\nR: In genere la consegna richiede dai 25 ai 35 giorni.<\/p>\n<p><strong>D: Potete produrre secondo i campioni?<\/strong><br \/>\nA: S\u00ec, possiamo produrre in base ai vostri campioni o disegni tecnici. Possiamo costruire gli stampi e le attrezzature.<\/p>\n<h3>Informazioni su FMP<\/h3>\n<p class=\"break-words\">FMP \u00e8 un produttore italiano leader specializzato nella progettazione, sviluppo e produzione di cilindri idraulici di alta qualit\u00e0. Con una ricca tradizione radicata in decenni di competenza, uniamo con orgoglio l&#039;artigianato italiano con la tecnologia all&#039;avanguardia per fornire soluzioni idrauliche eccezionali su misura per soddisfare le diverse esigenze della nostra clientela globale. Con sede in Italia, un polo di eccellenza ingegneristica, FMP \u00e8 un nome affidabile nel settore idraulico, impegnato a fornire prodotti affidabili, durevoli e innovativi che potenziano le aziende in tutto il mondo.<\/p>\n<p class=\"break-words\">La nostra azienda integra il meglio delle tradizioni di produzione avanzata con un approccio lungimirante. Grazie ad anni di esperienza nei sistemi idraulici, FMP si \u00e8 evoluta in un&#039;azienda moderna che eccelle nella ricerca, nella progettazione e nella produzione. Siamo specializzati in un&#039;ampia gamma di cilindri idraulici, tra cui cilindri a doppio effetto, cilindri di sollevamento per autoveicoli, cilindri per macchinari agricoli e soluzioni progettate su misura per varie applicazioni industriali. Che si tratti di edilizia, installazioni industriali, agricoltura o macchinari pesanti, i nostri cilindri idraulici sono costruiti per funzionare nelle condizioni pi\u00f9 difficili, garantendo sicurezza, efficienza e longevit\u00e0.<\/p>\n<p><img loading=\"lazy\" decoding=\"async\" class=\"alignnone size-full wp-image-6720\" src=\"https:\/\/fmp-components.com\/wp-content\/uploads\/2025\/03\/hydraulic-cylinder-8.webp\" alt=\"Cilindri idraulici telescopici\" width=\"933\" height=\"526\" title=\"\" srcset=\"https:\/\/fmp-components.com\/wp-content\/uploads\/2025\/03\/hydraulic-cylinder-8.webp 933w, https:\/\/fmp-components.com\/wp-content\/uploads\/2025\/03\/hydraulic-cylinder-8-480x271.webp 480w\" sizes=\"(min-width: 0px) and (max-width: 480px) 480px, (min-width: 481px) 933px, 100vw\" \/><\/p>\n<p class=\"break-words\">In FMP, siamo orgogliosi dei nostri stabilimenti di produzione all&#039;avanguardia, dotati di macchinari di precisione e sistemi di collaudo avanzati. I nostri processi di produzione rispettano rigorosi standard nazionali e internazionali, assicurando che ogni cilindro idraulico che esce dalla nostra fabbrica sia di qualit\u00e0 e affidabilit\u00e0 superiori. Il nostro team tecnico qualificato, abbinato a attrezzature all&#039;avanguardia, ci consente di mantenere un rigoroso controllo di qualit\u00e0 in ogni fase della produzione, dalla selezione delle materie prime all&#039;ispezione finale. Questa dedizione all&#039;eccellenza ci ha fatto guadagnare certificazioni e riconoscimenti dalle autorit\u00e0 del settore, consolidando ulteriormente la nostra reputazione di partner affidabile.<\/p>\n<p class=\"break-words\">La nostra missione \u00e8 semplice ma ambiziosa: fornire ai nostri clienti cilindri idraulici che superino le aspettative in termini di prestazioni, durata e valore. Operiamo secondo i principi guida di professionalit\u00e0, integrit\u00e0 e attenzione al cliente. Promuovendo una cultura di innovazione e precisione, perfezioniamo costantemente i nostri prodotti per rimanere all&#039;avanguardia in un mercato competitivo. La nostra gamma completa di prodotti e la capacit\u00e0 di offrire soluzioni personalizzate ci rendono la scelta ideale per le aziende che cercano cilindri idraulici ad alte prestazioni.<\/p>\n<p class=\"break-words\">FMP \u00e8 pi\u00f9 di un semplice produttore: siamo un partner per il tuo successo. Sappiamo che i nostri clienti contano su di noi per fornirti strumenti che migliorino la loro produttivit\u00e0 e sicurezza. Ecco perch\u00e9 ci impegniamo a offrire non solo prodotti di prima qualit\u00e0, ma anche un servizio eccezionale. Dalla consulenza iniziale al supporto post-vendita, lavoriamo a stretto contatto con i nostri clienti per garantire che le loro esigenze siano soddisfatte con professionalit\u00e0 e attenzione. I nostri prezzi competitivi, abbinati al nostro incrollabile impegno per la qualit\u00e0, rendono FMP la scelta intelligente per le aziende che desiderano investire in soluzioni idrauliche di cui possono fidarsi.<\/p>","protected":false},"excerpt":{"rendered":"<p>Customized Small Hydraulic Cylinder Flatbed Tow Truck Hydraulic Telescopic Cylinder Introducing our Customized Small hydraulic cylinder Flatbed Tow Truck Hydraulic Telescopic Cylinder, a new and innovative product designed for heavy-duty applications in industries such as machinery repair shops, farms, energy and mining, machinery manufacturing, and machinery factories. This cylinder is made of superior quality steel, [&hellip;]<\/p>","protected":false},"featured_media":6790,"comment_status":"closed","ping_status":"closed","template":"","meta":{"_et_pb_use_builder":"","_et_pb_old_content":"","_et_gb_content_width":""},"product_brand":[],"product_cat":[103],"product_tag":[34,105],"class_list":{"0":"post-6620","1":"product","2":"type-product","3":"status-publish","4":"has-post-thumbnail","6":"product_cat-telescopic-hydraulic-cylinders","7":"product_tag-hydraulic-cylinder","8":"product_tag-telescopic-hydraulic-cylinders","10":"first","11":"instock","12":"product-type-simple"},"_links":{"self":[{"href":"https:\/\/fmp-components.com\/it\/wp-json\/wp\/v2\/product\/6620","targetHints":{"allow":["GET"]}}],"collection":[{"href":"https:\/\/fmp-components.com\/it\/wp-json\/wp\/v2\/product"}],"about":[{"href":"https:\/\/fmp-components.com\/it\/wp-json\/wp\/v2\/types\/product"}],"replies":[{"embeddable":true,"href":"https:\/\/fmp-components.com\/it\/wp-json\/wp\/v2\/comments?post=6620"}],"wp:featuredmedia":[{"embeddable":true,"href":"https:\/\/fmp-components.com\/it\/wp-json\/wp\/v2\/media\/6790"}],"wp:attachment":[{"href":"https:\/\/fmp-components.com\/it\/wp-json\/wp\/v2\/media?parent=6620"}],"wp:term":[{"taxonomy":"product_brand","embeddable":true,"href":"https:\/\/fmp-components.com\/it\/wp-json\/wp\/v2\/product_brand?post=6620"},{"taxonomy":"product_cat","embeddable":true,"href":"https:\/\/fmp-components.com\/it\/wp-json\/wp\/v2\/product_cat?post=6620"},{"taxonomy":"product_tag","embeddable":true,"href":"https:\/\/fmp-components.com\/it\/wp-json\/wp\/v2\/product_tag?post=6620"}],"curies":[{"name":"parola chiave","href":"https:\/\/api.w.org\/{rel}","templated":true}]}}