{"id":6619,"date":"2025-03-11T06:33:57","date_gmt":"2025-03-11T06:33:57","guid":{"rendered":"https:\/\/fmp-components.com\/product\/hot-sale-2-stage-dump-truck-hydraulic-hoist-cylinder-multistage-hydraulic-cylinder"},"modified":"2025-03-14T01:47:45","modified_gmt":"2025-03-14T01:47:45","slug":"hot-sale-2-stage-dump-truck-hydraulic-hoist-cylinder-multistage-hydraulic-cylinder","status":"publish","type":"product","link":"https:\/\/fmp-components.com\/it\/product\/hot-sale-2-stage-dump-truck-hydraulic-hoist-cylinder-multistage-hydraulic-cylinder\/","title":{"rendered":"Cilindro di sollevamento idraulico per autocarro con cassone ribaltabile a 2 stadi in vendita calda Cilindro idraulico multistadio"},"content":{"rendered":"<h2>Cilindro di sollevamento idraulico per autocarro con cassone ribaltabile a 2 stadi in vendita calda Cilindro idraulico multistadio<\/h2>\n<p>Sperimenta un'efficienza e una potenza senza precedenti con il nostro cilindro di sollevamento idraulico a 2 stadi per autocarri con cassone ribaltabile. Questo cilindro idraulico multistadio, novit\u00e0 sul mercato nel 2025, \u00e8 progettato per offrire prestazioni superiori in vari settori, tra cui officine di riparazione di macchinari, aziende agricole, industria energetica e mineraria, produzione di macchinari e fabbriche di macchinari.<\/p>\n<h3>Specifiche del prodotto<\/h3>\n<p>Il nostro cilindro idraulico di sollevamento a 2 stadi per autocarri con cassone ribaltabile \u00e8 standard e viene fornito con una garanzia di un anno. Il cilindro, realizzato in acciaio, ha una spinta massima di 3000 e una trazione massima di 20 tonnellate. L'alesaggio varia da 2 a 6 pollici, con una dimensione dello stelo da 1,125 a 4 pollici e una corsa da 4 a 100 pollici. Questo cilindro idraulico multistadio \u00e8 certificato ISO9001:2000, a garanzia della sua qualit\u00e0 e affidabilit\u00e0.<\/p>\n<table style=\"width: 94.2569%;\" border=\"\">\n<tbody>\n<tr>\n<td style=\"width: 43.4286%;\"><b>Dimensioni del foro<\/b><\/td>\n<td style=\"width: 390.286%;\">2-6 pollici<\/td>\n<\/tr>\n<tr>\n<td style=\"width: 43.4286%;\"><b>Dimensioni dell&#039;asta<\/b><\/td>\n<td style=\"width: 390.286%;\">1,125-4 pollici<\/td>\n<\/tr>\n<tr>\n<td style=\"width: 43.4286%;\"><b>Dimensione del tratto<\/b><\/td>\n<td style=\"width: 390.286%;\">4-100 pollici<\/td>\n<\/tr>\n<tr>\n<td style=\"width: 43.4286%;\"><b>Dimensione del perno<\/b><\/td>\n<td style=\"width: 390.286%;\">0,5-2 pollici<\/td>\n<\/tr>\n<tr>\n<td style=\"width: 43.4286%;\"><b>Porti<\/b><\/td>\n<td style=\"width: 390.286%;\">G\/SAE\/NPT\/M<\/td>\n<\/tr>\n<\/tbody>\n<\/table>\n<h2>Caratteristiche e vantaggi unici<\/h2>\n<p>Il nostro cilindro idraulico multistadio offre diversi vantaggi esclusivi. \u00c8 efficiente dal punto di vista energetico e progettato per alte prestazioni, garantendo un funzionamento fluido e sicuro in diverse applicazioni.<\/p>\n<h2>Sistemi idraulici e principio di funzionamento<\/h2>\n<p>Il nostro cilindro idraulico multistadio \u00e8 parte integrante dei sistemi idraulici, responsabile della conversione dell'energia idraulica in movimento meccanico. Funziona convertendo la pressione in forza, rendendolo un componente indispensabile in molte applicazioni industriali.<\/p>\n<p><img loading=\"lazy\" decoding=\"async\" class=\"alignnone  wp-image-6767\" src=\"https:\/\/fmp-components.com\/wp-content\/uploads\/2025\/03\/Telescopic-Hydraulic-Cylinders-124.webp\" alt=\"Cilindri idraulici telescopici\" width=\"754\" height=\"588\" title=\"\" srcset=\"https:\/\/fmp-components.com\/wp-content\/uploads\/2025\/03\/Telescopic-Hydraulic-Cylinders-124.webp 754w, https:\/\/fmp-components.com\/wp-content\/uploads\/2025\/03\/Telescopic-Hydraulic-Cylinders-124-480x374.webp 480w\" sizes=\"(min-width: 0px) and (max-width: 480px) 480px, (min-width: 481px) 754px, 100vw\" \/><\/p>\n<h2>Scene applicative<\/h2>\n<p>Questo cilindro idraulico multistadio \u00e8 versatile e pu\u00f2 essere utilizzato in vari contesti, tra cui officine di riparazione di macchinari, aziende agricole, industrie energetiche e minerarie e fabbriche di macchinari.<\/p>\n<h2>Cilindri idraulici e gruppi di potenza<\/h2>\n<p>I cilindri idraulici e le centraline sono componenti essenziali dei sistemi idraulici. La loro interazione garantisce l'ampia applicazione della tecnologia idraulica in campo industriale, fornendo potenza e supporto di controllo affidabili per diverse apparecchiature meccaniche e ingegneristiche.<\/p>\n<h3>Domande frequenti<\/h3>\n<p><b>D: Siete una societ\u00e0 commerciale o produttrice?<\/b><br \/>\nA: Siamo un produttore.<\/p>\n<p><b>D: Quanto tempo impiegate per la consegna?<\/b><br \/>\nR: In genere sono 25-35 giorni.<\/p>\n<p><b>D: Fornite campioni? Sono gratuiti o extra?<\/b><br \/>\nR: S\u00ec, potremmo offrire il campione, ma non \u00e8 gratuito.<\/p>\n<h3>Informazioni su FMP<\/h3>\n<p class=\"break-words\">FMP \u00e8 un produttore italiano leader specializzato nella progettazione, sviluppo e produzione di cilindri idraulici di alta qualit\u00e0. Con una ricca tradizione radicata in decenni di competenza, uniamo con orgoglio l&#039;artigianato italiano con la tecnologia all&#039;avanguardia per fornire soluzioni idrauliche eccezionali su misura per soddisfare le diverse esigenze della nostra clientela globale. Con sede in Italia, un polo di eccellenza ingegneristica, FMP \u00e8 un nome affidabile nel settore idraulico, impegnato a fornire prodotti affidabili, durevoli e innovativi che potenziano le aziende in tutto il mondo.<\/p>\n<p class=\"break-words\">La nostra azienda integra il meglio delle tradizioni di produzione avanzata con un approccio lungimirante. Grazie ad anni di esperienza nei sistemi idraulici, FMP si \u00e8 evoluta in un&#039;azienda moderna che eccelle nella ricerca, nella progettazione e nella produzione. Siamo specializzati in un&#039;ampia gamma di cilindri idraulici, tra cui cilindri a doppio effetto, cilindri di sollevamento per autoveicoli, cilindri per macchinari agricoli e soluzioni progettate su misura per varie applicazioni industriali. Che si tratti di edilizia, installazioni industriali, agricoltura o macchinari pesanti, i nostri cilindri idraulici sono costruiti per funzionare nelle condizioni pi\u00f9 difficili, garantendo sicurezza, efficienza e longevit\u00e0.<\/p>\n<p><img loading=\"lazy\" decoding=\"async\" class=\"alignnone size-full wp-image-6720\" src=\"https:\/\/fmp-components.com\/wp-content\/uploads\/2025\/03\/hydraulic-cylinder-8.webp\" alt=\"Cilindri idraulici telescopici\" width=\"933\" height=\"526\" title=\"\" srcset=\"https:\/\/fmp-components.com\/wp-content\/uploads\/2025\/03\/hydraulic-cylinder-8.webp 933w, https:\/\/fmp-components.com\/wp-content\/uploads\/2025\/03\/hydraulic-cylinder-8-480x271.webp 480w\" sizes=\"(min-width: 0px) and (max-width: 480px) 480px, (min-width: 481px) 933px, 100vw\" \/><\/p>\n<p class=\"break-words\">In FMP, siamo orgogliosi dei nostri stabilimenti di produzione all&#039;avanguardia, dotati di macchinari di precisione e sistemi di collaudo avanzati. I nostri processi di produzione rispettano rigorosi standard nazionali e internazionali, assicurando che ogni cilindro idraulico che esce dalla nostra fabbrica sia di qualit\u00e0 e affidabilit\u00e0 superiori. Il nostro team tecnico qualificato, abbinato a attrezzature all&#039;avanguardia, ci consente di mantenere un rigoroso controllo di qualit\u00e0 in ogni fase della produzione, dalla selezione delle materie prime all&#039;ispezione finale. Questa dedizione all&#039;eccellenza ci ha fatto guadagnare certificazioni e riconoscimenti dalle autorit\u00e0 del settore, consolidando ulteriormente la nostra reputazione di partner affidabile.<\/p>\n<p class=\"break-words\">La nostra missione \u00e8 semplice ma ambiziosa: fornire ai nostri clienti cilindri idraulici che superino le aspettative in termini di prestazioni, durata e valore. Operiamo secondo i principi guida di professionalit\u00e0, integrit\u00e0 e attenzione al cliente. Promuovendo una cultura di innovazione e precisione, perfezioniamo costantemente i nostri prodotti per rimanere all&#039;avanguardia in un mercato competitivo. La nostra gamma completa di prodotti e la capacit\u00e0 di offrire soluzioni personalizzate ci rendono la scelta ideale per le aziende che cercano cilindri idraulici ad alte prestazioni.<\/p>\n<p class=\"break-words\">FMP \u00e8 pi\u00f9 di un semplice produttore: siamo un partner per il tuo successo. Sappiamo che i nostri clienti contano su di noi per fornirti strumenti che migliorino la loro produttivit\u00e0 e sicurezza. Ecco perch\u00e9 ci impegniamo a offrire non solo prodotti di prima qualit\u00e0, ma anche un servizio eccezionale. Dalla consulenza iniziale al supporto post-vendita, lavoriamo a stretto contatto con i nostri clienti per garantire che le loro esigenze siano soddisfatte con professionalit\u00e0 e attenzione. I nostri prezzi competitivi, abbinati al nostro incrollabile impegno per la qualit\u00e0, rendono FMP la scelta intelligente per le aziende che desiderano investire in soluzioni idrauliche di cui possono fidarsi.<\/p>","protected":false},"excerpt":{"rendered":"<p>Hot Sale 2 Stage Dump Truck Hydraulic Hoist Cylinder Multistage Hydraulic Cylinder Experience unprecedented efficiency and power with our 2 Stage Dump Truck Hydraulic Hoist Cylinder. This multistage hydraulic cylinder, new to the market in 2025, is designed to offer superior performance in various industries, including machinery repair shops, farms, energy &amp; mining, machinery manufacturing, [&hellip;]<\/p>","protected":false},"featured_media":6807,"comment_status":"closed","ping_status":"closed","template":"","meta":{"_et_pb_use_builder":"","_et_pb_old_content":"","_et_gb_content_width":""},"product_brand":[],"product_cat":[103],"product_tag":[34,105],"class_list":{"0":"post-6619","1":"product","2":"type-product","3":"status-publish","4":"has-post-thumbnail","6":"product_cat-telescopic-hydraulic-cylinders","7":"product_tag-hydraulic-cylinder","8":"product_tag-telescopic-hydraulic-cylinders","10":"first","11":"instock","12":"product-type-simple"},"_links":{"self":[{"href":"https:\/\/fmp-components.com\/it\/wp-json\/wp\/v2\/product\/6619","targetHints":{"allow":["GET"]}}],"collection":[{"href":"https:\/\/fmp-components.com\/it\/wp-json\/wp\/v2\/product"}],"about":[{"href":"https:\/\/fmp-components.com\/it\/wp-json\/wp\/v2\/types\/product"}],"replies":[{"embeddable":true,"href":"https:\/\/fmp-components.com\/it\/wp-json\/wp\/v2\/comments?post=6619"}],"wp:featuredmedia":[{"embeddable":true,"href":"https:\/\/fmp-components.com\/it\/wp-json\/wp\/v2\/media\/6807"}],"wp:attachment":[{"href":"https:\/\/fmp-components.com\/it\/wp-json\/wp\/v2\/media?parent=6619"}],"wp:term":[{"taxonomy":"product_brand","embeddable":true,"href":"https:\/\/fmp-components.com\/it\/wp-json\/wp\/v2\/product_brand?post=6619"},{"taxonomy":"product_cat","embeddable":true,"href":"https:\/\/fmp-components.com\/it\/wp-json\/wp\/v2\/product_cat?post=6619"},{"taxonomy":"product_tag","embeddable":true,"href":"https:\/\/fmp-components.com\/it\/wp-json\/wp\/v2\/product_tag?post=6619"}],"curies":[{"name":"parola chiave","href":"https:\/\/api.w.org\/{rel}","templated":true}]}}