{"id":6615,"date":"2025-03-11T06:33:57","date_gmt":"2025-03-11T06:33:57","guid":{"rendered":"https:\/\/fmp-components.com\/product\/premium-quality-5-stage-telescopic-hydraulic-cylinder-double-acting-hydraulic-cylinder"},"modified":"2025-03-14T01:22:41","modified_gmt":"2025-03-14T01:22:41","slug":"premium-quality-5-stage-telescopic-hydraulic-cylinder-double-acting-hydraulic-cylinder","status":"publish","type":"product","link":"https:\/\/fmp-components.com\/it\/product\/premium-quality-5-stage-telescopic-hydraulic-cylinder-double-acting-hydraulic-cylinder\/","title":{"rendered":"Cilindro idraulico telescopico a 5 stadi di qualit\u00e0 premium Cilindro idraulico a doppia azione"},"content":{"rendered":"<h2>Cilindro idraulico telescopico a 5 stadi di qualit\u00e0 premium Cilindro idraulico a doppia azione<\/h2>\n<p>Il cilindro idraulico telescopico a 5 stadi di qualit\u00e0 Premium a doppio effetto \u00e8 un prodotto di alta qualit\u00e0, progettato per offrire prestazioni superiori in tutti i settori industriali. Grazie al corpo in acciaio di alta qualit\u00e0 e alla potente potenza idraulica, \u00e8 il componente essenziale per una vasta gamma di macchinari in settori come quello agricolo, energetico e minerario, la produzione di macchinari e le officine di riparazione.<\/p>\n<p><img loading=\"lazy\" decoding=\"async\" class=\"alignnone size-full wp-image-6797\" src=\"https:\/\/fmp-components.com\/wp-content\/uploads\/2025\/03\/Telescopic-Hydraulic-Cylinders-13.webp\" alt=\"Cilindri idraulici telescopici\" width=\"800\" height=\"800\" title=\"\" srcset=\"https:\/\/fmp-components.com\/wp-content\/uploads\/2025\/03\/Telescopic-Hydraulic-Cylinders-13.webp 800w, https:\/\/fmp-components.com\/wp-content\/uploads\/2025\/03\/Telescopic-Hydraulic-Cylinders-13-480x480.webp 480w\" sizes=\"(min-width: 0px) and (max-width: 480px) 480px, (min-width: 481px) 800px, 100vw\" \/><\/p>\n<h3>Caratteristiche e specifiche<\/h3>\n<table style=\"width: 101.89%;\" border=\"\">\n<tbody>\n<tr>\n<th style=\"width: 17.0854%;\">Dimensioni del foro<\/th>\n<th style=\"width: 20.3518%;\">Dimensioni dell&#039;asta<\/th>\n<th style=\"width: 19.8492%;\">Dimensione del tratto<\/th>\n<th style=\"width: 16.3317%;\">Dimensione del perno<\/th>\n<th style=\"width: 126.131%;\">Porti<\/th>\n<\/tr>\n<tr>\n<td style=\"width: 17.0854%;\">2-6 pollici<\/td>\n<td style=\"width: 20.3518%;\">1,125-4 pollici<\/td>\n<td style=\"width: 19.8492%;\">4-100 pollici<\/td>\n<td style=\"width: 16.3317%;\">0,5-2 pollici<\/td>\n<td style=\"width: 126.131%;\">G\/SAE\/NPT\/M<\/td>\n<\/tr>\n<\/tbody>\n<\/table>\n<h3>Caratteristiche e vantaggi unici<\/h3>\n<ul>\n<li style=\"list-style-type: none;\">\n<ul>\n<li>Efficienza energetica<\/li>\n<li>Altamente efficace<\/li>\n<li>Sicuro da usare<\/li>\n<\/ul>\n<\/li>\n<\/ul>\n<h2>Principio di funzionamento dei sistemi idraulici<\/h2>\n<p>Un sistema idraulico funziona secondo il principio della potenza fluida, in cui la pressione viene utilizzata per generare, controllare e trasmettere potenza. Il cilindro idraulico, in qualit\u00e0 di attuatore, converte l&#039;energia idraulica in lavoro meccanico utile, fornendo potenza affidabile e supporto al controllo per varie apparecchiature meccaniche e ingegneristiche.<\/p>\n<h2>Applicazioni<\/h2>\n<p>Questo cilindro idraulico telescopico \u00e8 versatile e trova impiego in diversi scenari, dalle officine di riparazione di macchinari alle aziende agricole, fino all&#039;industria energetica e mineraria.<\/p>\n<h2>Cilindri idraulici e gruppi di potenza<\/h2>\n<p>I cilindri idraulici e le centraline sono parti integranti di un sistema idraulico. Lavorano all&#039;unisono per garantire l&#039;ampia applicazione della tecnologia idraulica in campo industriale, fornendo potenza affidabile e supporto di controllo per diverse apparecchiature meccaniche e ingegneristiche. FMP offre anche centraline in vendita insieme ai cilindri idraulici.<\/p>\n<h2>Domande frequenti<\/h2>\n<p><strong>D: Siete una societ\u00e0 commerciale o produttrice?<\/strong><br \/>\nA: Siamo un produttore.<\/p>\n<p><strong>D: Quanto tempo impiegate per la consegna?<\/strong><br \/>\nR: In genere sono 25-35 giorni.<\/p>\n<p><strong>D: Fornite campioni?<\/strong><br \/>\nR: S\u00ec, potremmo offrire dei campioni, ma non sono gratuiti.<\/p>\n<h3>Informazioni su FMP<\/h3>\n<p class=\"break-words\">FMP \u00e8 un produttore italiano leader specializzato nella progettazione, sviluppo e produzione di cilindri idraulici di alta qualit\u00e0. Con una ricca tradizione radicata in decenni di competenza, uniamo con orgoglio l&#039;artigianato italiano con la tecnologia all&#039;avanguardia per fornire soluzioni idrauliche eccezionali su misura per soddisfare le diverse esigenze della nostra clientela globale. Con sede in Italia, un polo di eccellenza ingegneristica, FMP \u00e8 un nome affidabile nel settore idraulico, impegnato a fornire prodotti affidabili, durevoli e innovativi che potenziano le aziende in tutto il mondo.<\/p>\n<p class=\"break-words\">La nostra azienda integra il meglio delle tradizioni di produzione avanzata con un approccio lungimirante. Grazie ad anni di esperienza nei sistemi idraulici, FMP si \u00e8 evoluta in un&#039;azienda moderna che eccelle nella ricerca, nella progettazione e nella produzione. Siamo specializzati in un&#039;ampia gamma di cilindri idraulici, tra cui cilindri a doppio effetto, cilindri di sollevamento per autoveicoli, cilindri per macchinari agricoli e soluzioni progettate su misura per varie applicazioni industriali. Che si tratti di edilizia, installazioni industriali, agricoltura o macchinari pesanti, i nostri cilindri idraulici sono costruiti per funzionare nelle condizioni pi\u00f9 difficili, garantendo sicurezza, efficienza e longevit\u00e0.<\/p>\n<p><img loading=\"lazy\" decoding=\"async\" class=\"alignnone size-full wp-image-6720\" src=\"https:\/\/fmp-components.com\/wp-content\/uploads\/2025\/03\/hydraulic-cylinder-8.webp\" alt=\"Cilindri idraulici telescopici\" width=\"933\" height=\"526\" title=\"\" srcset=\"https:\/\/fmp-components.com\/wp-content\/uploads\/2025\/03\/hydraulic-cylinder-8.webp 933w, https:\/\/fmp-components.com\/wp-content\/uploads\/2025\/03\/hydraulic-cylinder-8-480x271.webp 480w\" sizes=\"(min-width: 0px) and (max-width: 480px) 480px, (min-width: 481px) 933px, 100vw\" \/><\/p>\n<p class=\"break-words\">In FMP, siamo orgogliosi dei nostri stabilimenti di produzione all&#039;avanguardia, dotati di macchinari di precisione e sistemi di collaudo avanzati. I nostri processi di produzione rispettano rigorosi standard nazionali e internazionali, assicurando che ogni cilindro idraulico che esce dalla nostra fabbrica sia di qualit\u00e0 e affidabilit\u00e0 superiori. Il nostro team tecnico qualificato, abbinato a attrezzature all&#039;avanguardia, ci consente di mantenere un rigoroso controllo di qualit\u00e0 in ogni fase della produzione, dalla selezione delle materie prime all&#039;ispezione finale. Questa dedizione all&#039;eccellenza ci ha fatto guadagnare certificazioni e riconoscimenti dalle autorit\u00e0 del settore, consolidando ulteriormente la nostra reputazione di partner affidabile.<\/p>\n<p class=\"break-words\">La nostra missione \u00e8 semplice ma ambiziosa: fornire ai nostri clienti cilindri idraulici che superino le aspettative in termini di prestazioni, durata e valore. Operiamo secondo i principi guida di professionalit\u00e0, integrit\u00e0 e attenzione al cliente. Promuovendo una cultura di innovazione e precisione, perfezioniamo costantemente i nostri prodotti per rimanere all&#039;avanguardia in un mercato competitivo. La nostra gamma completa di prodotti e la capacit\u00e0 di offrire soluzioni personalizzate ci rendono la scelta ideale per le aziende che cercano cilindri idraulici ad alte prestazioni.<\/p>\n<p class=\"break-words\">FMP \u00e8 pi\u00f9 di un semplice produttore: siamo un partner per il tuo successo. Sappiamo che i nostri clienti contano su di noi per fornirti strumenti che migliorino la loro produttivit\u00e0 e sicurezza. Ecco perch\u00e9 ci impegniamo a offrire non solo prodotti di prima qualit\u00e0, ma anche un servizio eccezionale. Dalla consulenza iniziale al supporto post-vendita, lavoriamo a stretto contatto con i nostri clienti per garantire che le loro esigenze siano soddisfatte con professionalit\u00e0 e attenzione. I nostri prezzi competitivi, abbinati al nostro incrollabile impegno per la qualit\u00e0, rendono FMP la scelta intelligente per le aziende che desiderano investire in soluzioni idrauliche di cui possono fidarsi.<\/p>","protected":false},"excerpt":{"rendered":"<p>Premium Quality 5 Stage Telescopic Hydraulic Cylinder Double Acting Hydraulic Cylinder The Premium Quality 5 Stage Telescopic Hydraulic Cylinder Double Acting Hydraulic Cylinder is a top-tier product, designed to deliver superior performance in all applicable industries. With its high-quality steel body and powerful hydraulic power, it is the essential component for a range of machinery [&hellip;]<\/p>","protected":false},"featured_media":6796,"comment_status":"closed","ping_status":"closed","template":"","meta":{"_et_pb_use_builder":"","_et_pb_old_content":"","_et_gb_content_width":""},"product_brand":[],"product_cat":[103],"product_tag":[34,105],"class_list":{"0":"post-6615","1":"product","2":"type-product","3":"status-publish","4":"has-post-thumbnail","6":"product_cat-telescopic-hydraulic-cylinders","7":"product_tag-hydraulic-cylinder","8":"product_tag-telescopic-hydraulic-cylinders","10":"first","11":"instock","12":"product-type-simple"},"_links":{"self":[{"href":"https:\/\/fmp-components.com\/it\/wp-json\/wp\/v2\/product\/6615","targetHints":{"allow":["GET"]}}],"collection":[{"href":"https:\/\/fmp-components.com\/it\/wp-json\/wp\/v2\/product"}],"about":[{"href":"https:\/\/fmp-components.com\/it\/wp-json\/wp\/v2\/types\/product"}],"replies":[{"embeddable":true,"href":"https:\/\/fmp-components.com\/it\/wp-json\/wp\/v2\/comments?post=6615"}],"wp:featuredmedia":[{"embeddable":true,"href":"https:\/\/fmp-components.com\/it\/wp-json\/wp\/v2\/media\/6796"}],"wp:attachment":[{"href":"https:\/\/fmp-components.com\/it\/wp-json\/wp\/v2\/media?parent=6615"}],"wp:term":[{"taxonomy":"product_brand","embeddable":true,"href":"https:\/\/fmp-components.com\/it\/wp-json\/wp\/v2\/product_brand?post=6615"},{"taxonomy":"product_cat","embeddable":true,"href":"https:\/\/fmp-components.com\/it\/wp-json\/wp\/v2\/product_cat?post=6615"},{"taxonomy":"product_tag","embeddable":true,"href":"https:\/\/fmp-components.com\/it\/wp-json\/wp\/v2\/product_tag?post=6615"}],"curies":[{"name":"parola chiave","href":"https:\/\/api.w.org\/{rel}","templated":true}]}}