{"id":6614,"date":"2025-03-11T06:33:57","date_gmt":"2025-03-11T06:33:57","guid":{"rendered":"https:\/\/fmp-components.com\/product\/quality-assurance-hydraulic-cylinder-double-acting-5-stage-hydraulic-telescopic-cylinder"},"modified":"2025-03-14T00:49:46","modified_gmt":"2025-03-14T00:49:46","slug":"quality-assurance-hydraulic-cylinder-double-acting-5-stage-hydraulic-telescopic-cylinder","status":"publish","type":"product","link":"https:\/\/fmp-components.com\/it\/product\/quality-assurance-hydraulic-cylinder-double-acting-5-stage-hydraulic-telescopic-cylinder\/","title":{"rendered":"Cilindro idraulico di garanzia della qualit\u00e0 Cilindro telescopico idraulico a doppia azione a 5 stadi"},"content":{"rendered":"<h2>Cilindro idraulico di garanzia della qualit\u00e0 Cilindro telescopico idraulico a doppia azione a 5 stadi<\/h2>\n<p>Vi presentiamo il nostro cilindro idraulico telescopico a doppio effetto a 5 stadi con garanzia di qualit\u00e0, un prodotto all&#039;avanguardia progettato per diverse applicazioni in settori come officine di riparazione di macchinari, aziende agricole, industria energetica e mineraria, produzione di macchinari e fabbriche di macchinari. Questo cilindro idraulico \u00e8 costruito secondo i pi\u00f9 elevati standard qualitativi, garantendo un funzionamento robusto e affidabile.<\/p>\n<h3>Caratteristiche e vantaggi del prodotto<\/h3>\n<ul>\n<li>Doppia azione: garantisce il controllo sia in estensione che in retrazione dell&#039;asta, garantendo maggiore sicurezza e precisione nel funzionamento.<\/li>\n<li>Design telescopico a 5 stadi: offre una corsa di lavoro pi\u00f9 lunga rispetto a un cilindro a stadio singolo della stessa lunghezza chiusa.<\/li>\n<li>Materiale del corpo in acciaio: garantisce durata e prestazioni a lungo termine anche in condizioni di lavoro difficili.<\/li>\n<li>Alte prestazioni: con una spinta massima di 3000 e una trazione massima di 20 tonnellate, questo cilindro idraulico \u00e8 in grado di gestire applicazioni pesanti.<\/li>\n<li>Garanzia di qualit\u00e0: il nostro cilindro idraulico \u00e8 dotato di una garanzia di 1 anno sui componenti principali, rapporti di prova forniti e certificazione ISO9001:2000.<\/li>\n<\/ul>\n<h3>Specifiche tecniche<\/h3>\n<table style=\"width: 101.022%;\" border=\"\">\n<tbody>\n<tr>\n<td style=\"width: 42.8571%;\"><i>Dimensioni del foro<\/i><\/td>\n<td style=\"width: 411.429%;\">2-6 pollici<\/td>\n<\/tr>\n<tr>\n<td style=\"width: 42.8571%;\"><i>Dimensioni dell&#039;asta<\/i><\/td>\n<td style=\"width: 411.429%;\">1,125-4 pollici<\/td>\n<\/tr>\n<tr>\n<td style=\"width: 42.8571%;\"><i>Dimensione del tratto<\/i><\/td>\n<td style=\"width: 411.429%;\">4-100 pollici<\/td>\n<\/tr>\n<tr>\n<td style=\"width: 42.8571%;\"><i>Dimensione del perno<\/i><\/td>\n<td style=\"width: 411.429%;\">0,5-2 pollici<\/td>\n<\/tr>\n<tr>\n<td style=\"width: 42.8571%;\"><i>Porti<\/i><\/td>\n<td style=\"width: 411.429%;\">G\/SAE\/NPT\/M<\/td>\n<\/tr>\n<\/tbody>\n<\/table>\n<h2>Applicazione dei cilindri idraulici<\/h2>\n<p>I nostri cilindri idraulici sono ampiamente utilizzati in una vasta gamma di applicazioni, dimostrando la loro versatilit\u00e0 ed efficacia in diversi settori. Dalle officine di riparazione di macchinari ai settori agricoli, dalla produzione di energia alle attivit\u00e0 minerarie, dalla produzione di macchinari agli stabilimenti industriali, questi cilindri svolgono un ruolo cruciale nel facilitare le attivit\u00e0 che richiedono forza e precisione elevate.<\/p>\n<p>Una delle caratteristiche principali dei nostri cilindri idraulici \u00e8 il loro design multistadio, che consente loro di generare elevata potenza mantenendo dimensioni compatte. Questo li rende ideali per applicazioni che richiedono una forza notevole su lunghe distanze. Ad esempio, nelle officine di riparazione di macchinari, i cilindri idraulici vengono utilizzati per sollevare attrezzature pesanti per manutenzione e riparazione, garantendo sicurezza ed efficienza durante il processo.<\/p>\n<p>In agricoltura, questi cilindri aiutano a utilizzare macchinari agricoli, come trattori e mietitrebbie, consentendo agli agricoltori di svolgere facilmente operazioni come il sollevamento di aratri o la regolazione di attrezzature. Il settore agricolo trae grandi vantaggi dalla potente capacit\u00e0 di sollevamento dei cilindri idraulici, aumentando la produttivit\u00e0 e riducendo il lavoro manuale.<\/p>\n<p>Nei settori energetico e minerario, i cilindri idraulici sono essenziali per l&#039;azionamento di attrezzature pesanti utilizzate nelle attivit\u00e0 di perforazione, scavo e movimentazione materiali. Forniscono la forza necessaria per spostare grandi quantit\u00e0 di terra o materiali, rendendo le operazioni pi\u00f9 sicure ed efficienti. Inoltre, nella produzione di macchinari e nelle fabbriche, i cilindri idraulici sono parte integrante delle linee di assemblaggio, dove facilitano il movimento e il posizionamento dei componenti, contribuendo a semplificare i processi produttivi.<\/p>\n<p><img loading=\"lazy\" decoding=\"async\" class=\"alignnone size-full wp-image-6788\" src=\"https:\/\/fmp-components.com\/wp-content\/uploads\/2025\/03\/Telescopic-Hydraulic-Cylinders-4.webp\" alt=\"Cilindri idraulici telescopici\" width=\"800\" height=\"800\" title=\"\" srcset=\"https:\/\/fmp-components.com\/wp-content\/uploads\/2025\/03\/Telescopic-Hydraulic-Cylinders-4.webp 800w, https:\/\/fmp-components.com\/wp-content\/uploads\/2025\/03\/Telescopic-Hydraulic-Cylinders-4-480x480.webp 480w\" sizes=\"(min-width: 0px) and (max-width: 480px) 480px, (min-width: 481px) 800px, 100vw\" \/><\/p>\n<h2>Cilindri idraulici e gruppi di potenza<\/h2>\n<p>Cilindri idraulici e centraline sono componenti fondamentali di qualsiasi sistema idraulico e operano in sinergia per massimizzare l&#039;efficacia della tecnologia idraulica nelle applicazioni industriali. Il cilindro idraulico funge da attuatore, convertendo la pressione idraulica in movimento meccanico, mentre la centralina genera e regola la pressione del fluido idraulico necessaria per azionare il cilindro.<\/p>\n<p>Insieme, questi componenti garantiscono che i sistemi idraulici forniscano potenza affidabile e controllo preciso per diverse apparecchiature meccaniche e ingegneristiche. La collaborazione tra cilindri idraulici e centraline consente un&#039;ampia gamma di applicazioni, dal sollevamento e spinta al serraggio e piegatura, rendendoli indispensabili nella produzione moderna, nell&#039;edilizia e nell&#039;estrazione delle risorse.<\/p>\n<p>Inoltre, la loro efficienza combinata non solo aumenta la produttivit\u00e0, ma garantisce anche sicurezza e precisione nelle operazioni. Sfruttando i punti di forza della tecnologia idraulica, le industrie possono raggiungere livelli di prestazioni pi\u00f9 elevati, ridurre i tempi di fermo e migliorare l&#039;efficienza operativa complessiva. Questa relazione simbiotica tra cilindri idraulici e centraline esemplifica il ruolo cruciale che i sistemi idraulici svolgono nel progresso delle capacit\u00e0 e dell&#039;innovazione industriale.<\/p>\n<h2>Domande frequenti<\/h2>\n<p><b>D: Quanto tempo impiegate per la consegna?<\/b><br \/>\nR: Generalmente sono 25-35 giorni.<\/p>\n<p><b>D: Fornite campioni? Sono gratuiti o extra?<\/b><br \/>\nR: S\u00ec, potremmo offrire il campione, ma non \u00e8 gratuito.<\/p>\n<p><b>Potete produrre secondo i campioni?<\/b><br \/>\nA: S\u00ec, possiamo produrre in base ai vostri campioni o disegni tecnici. Possiamo costruire gli stampi e le attrezzature.<\/p>\n<h3>Informazioni su FMP<\/h3>\n<p class=\"break-words\">FMP \u00e8 un produttore italiano leader specializzato nella progettazione, sviluppo e produzione di cilindri idraulici di alta qualit\u00e0. Con una ricca tradizione radicata in decenni di competenza, uniamo con orgoglio l&#039;artigianato italiano con la tecnologia all&#039;avanguardia per fornire soluzioni idrauliche eccezionali su misura per soddisfare le diverse esigenze della nostra clientela globale. Con sede in Italia, un polo di eccellenza ingegneristica, FMP \u00e8 un nome affidabile nel settore idraulico, impegnato a fornire prodotti affidabili, durevoli e innovativi che potenziano le aziende in tutto il mondo.<\/p>\n<p class=\"break-words\">La nostra azienda integra il meglio delle tradizioni di produzione avanzata con un approccio lungimirante. Grazie ad anni di esperienza nei sistemi idraulici, FMP si \u00e8 evoluta in un&#039;azienda moderna che eccelle nella ricerca, nella progettazione e nella produzione. Siamo specializzati in un&#039;ampia gamma di cilindri idraulici, tra cui cilindri a doppio effetto, cilindri di sollevamento per autoveicoli, cilindri per macchinari agricoli e soluzioni progettate su misura per varie applicazioni industriali. Che si tratti di edilizia, installazioni industriali, agricoltura o macchinari pesanti, i nostri cilindri idraulici sono costruiti per funzionare nelle condizioni pi\u00f9 difficili, garantendo sicurezza, efficienza e longevit\u00e0.<\/p>\n<p><img loading=\"lazy\" decoding=\"async\" class=\"alignnone size-full wp-image-6720\" src=\"https:\/\/fmp-components.com\/wp-content\/uploads\/2025\/03\/hydraulic-cylinder-8.webp\" alt=\"Cilindri idraulici telescopici\" width=\"933\" height=\"526\" title=\"\" srcset=\"https:\/\/fmp-components.com\/wp-content\/uploads\/2025\/03\/hydraulic-cylinder-8.webp 933w, https:\/\/fmp-components.com\/wp-content\/uploads\/2025\/03\/hydraulic-cylinder-8-480x271.webp 480w\" sizes=\"(min-width: 0px) and (max-width: 480px) 480px, (min-width: 481px) 933px, 100vw\" \/><\/p>\n<p class=\"break-words\">In FMP, siamo orgogliosi dei nostri stabilimenti di produzione all&#039;avanguardia, dotati di macchinari di precisione e sistemi di collaudo avanzati. I nostri processi di produzione rispettano rigorosi standard nazionali e internazionali, assicurando che ogni cilindro idraulico che esce dalla nostra fabbrica sia di qualit\u00e0 e affidabilit\u00e0 superiori. Il nostro team tecnico qualificato, abbinato a attrezzature all&#039;avanguardia, ci consente di mantenere un rigoroso controllo di qualit\u00e0 in ogni fase della produzione, dalla selezione delle materie prime all&#039;ispezione finale. Questa dedizione all&#039;eccellenza ci ha fatto guadagnare certificazioni e riconoscimenti dalle autorit\u00e0 del settore, consolidando ulteriormente la nostra reputazione di partner affidabile.<\/p>\n<p class=\"break-words\">La nostra missione \u00e8 semplice ma ambiziosa: fornire ai nostri clienti cilindri idraulici che superino le aspettative in termini di prestazioni, durata e valore. Operiamo secondo i principi guida di professionalit\u00e0, integrit\u00e0 e attenzione al cliente. Promuovendo una cultura di innovazione e precisione, perfezioniamo costantemente i nostri prodotti per rimanere all&#039;avanguardia in un mercato competitivo. La nostra gamma completa di prodotti e la capacit\u00e0 di offrire soluzioni personalizzate ci rendono la scelta ideale per le aziende che cercano cilindri idraulici ad alte prestazioni.<\/p>\n<p class=\"break-words\">FMP \u00e8 pi\u00f9 di un semplice produttore: siamo un partner per il tuo successo. Sappiamo che i nostri clienti contano su di noi per fornirti strumenti che migliorino la loro produttivit\u00e0 e sicurezza. Ecco perch\u00e9 ci impegniamo a offrire non solo prodotti di prima qualit\u00e0, ma anche un servizio eccezionale. Dalla consulenza iniziale al supporto post-vendita, lavoriamo a stretto contatto con i nostri clienti per garantire che le loro esigenze siano soddisfatte con professionalit\u00e0 e attenzione. I nostri prezzi competitivi, abbinati al nostro incrollabile impegno per la qualit\u00e0, rendono FMP la scelta intelligente per le aziende che desiderano investire in soluzioni idrauliche di cui possono fidarsi.<\/p>","protected":false},"excerpt":{"rendered":"<p>Quality Assurance Hydraulic Cylinder Double Acting 5 Stage Hydraulic Telescopic Cylinder Introducing our Quality Assurance hydraulic cylinder Double Acting 5 Stage Hydraulic Telescopic Cylinder, a state-of-the-art product designed for various applications in industries such as machinery repair shops, farms, energy &amp; mining, machinery manufacturing, and from machinery factories. This hydraulic cylinder is built with the [&hellip;]<\/p>","protected":false},"featured_media":6788,"comment_status":"closed","ping_status":"closed","template":"","meta":{"_et_pb_use_builder":"","_et_pb_old_content":"","_et_gb_content_width":""},"product_brand":[],"product_cat":[103],"product_tag":[34,105],"class_list":{"0":"post-6614","1":"product","2":"type-product","3":"status-publish","4":"has-post-thumbnail","6":"product_cat-telescopic-hydraulic-cylinders","7":"product_tag-hydraulic-cylinder","8":"product_tag-telescopic-hydraulic-cylinders","10":"first","11":"instock","12":"product-type-simple"},"_links":{"self":[{"href":"https:\/\/fmp-components.com\/it\/wp-json\/wp\/v2\/product\/6614","targetHints":{"allow":["GET"]}}],"collection":[{"href":"https:\/\/fmp-components.com\/it\/wp-json\/wp\/v2\/product"}],"about":[{"href":"https:\/\/fmp-components.com\/it\/wp-json\/wp\/v2\/types\/product"}],"replies":[{"embeddable":true,"href":"https:\/\/fmp-components.com\/it\/wp-json\/wp\/v2\/comments?post=6614"}],"wp:featuredmedia":[{"embeddable":true,"href":"https:\/\/fmp-components.com\/it\/wp-json\/wp\/v2\/media\/6788"}],"wp:attachment":[{"href":"https:\/\/fmp-components.com\/it\/wp-json\/wp\/v2\/media?parent=6614"}],"wp:term":[{"taxonomy":"product_brand","embeddable":true,"href":"https:\/\/fmp-components.com\/it\/wp-json\/wp\/v2\/product_brand?post=6614"},{"taxonomy":"product_cat","embeddable":true,"href":"https:\/\/fmp-components.com\/it\/wp-json\/wp\/v2\/product_cat?post=6614"},{"taxonomy":"product_tag","embeddable":true,"href":"https:\/\/fmp-components.com\/it\/wp-json\/wp\/v2\/product_tag?post=6614"}],"curies":[{"name":"parola chiave","href":"https:\/\/api.w.org\/{rel}","templated":true}]}}