{"id":6608,"date":"2025-03-11T06:33:57","date_gmt":"2025-03-11T06:33:57","guid":{"rendered":"https:\/\/fmp-components.com\/product\/customized-trailer-telescopic-hydraulic-cylinder-used-for-dump-truck-from-fmp"},"modified":"2025-03-14T01:34:20","modified_gmt":"2025-03-14T01:34:20","slug":"customized-trailer-telescopic-hydraulic-cylinder-used-for-dump-truck-from-fmp","status":"publish","type":"product","link":"https:\/\/fmp-components.com\/it\/product\/customized-trailer-telescopic-hydraulic-cylinder-used-for-dump-truck-from-fmp\/","title":{"rendered":"Cilindro idraulico telescopico per rimorchio personalizzato utilizzato per autocarri con cassone ribaltabile da FMP"},"content":{"rendered":"<h2>Cilindro idraulico telescopico per rimorchio personalizzato utilizzato per autocarri con cassone ribaltabile da FMP<\/h2>\n<p>Provate la potenza e l'efficienza del cilindro idraulico telescopico per rimorchi personalizzato, un prodotto di alta qualit\u00e0 di FMP. Progettato specificamente per autocarri con cassone ribaltabile, questo cilindro idraulico offre prestazioni e affidabilit\u00e0 senza pari.<\/p>\n<h3>Caratteristiche e specifiche principali<\/h3>\n<h4>Caratteristiche<\/h4>\n<ul>\n<li>Condizione: Nuovo<\/li>\n<li>Garanzia: 1 anno<\/li>\n<li>Struttura: Pistone Cilindro<\/li>\n<li>Potenza: idraulica<\/li>\n<li>Materiale del corpo: acciaio<\/li>\n<li>Spinta massima: 3000<\/li>\n<li>Fluido: Olio<\/li>\n<li>Tiro massimo: 600<\/li>\n<li>Certificazione: ISO9001:2000<\/li>\n<\/ul>\n<h4><span style=\"font-size: 26px;\">Caratteristiche e vantaggi unici<\/span><\/h4>\n<p>Il nostro cilindro idraulico si distingue per il risparmio energetico, l'elevata efficienza e le caratteristiche di sicurezza. \u00c8 un prodotto standard che pu\u00f2 essere personalizzato in base alle vostre esigenze, offrendo una soluzione ideale per diversi settori, come impianti di produzione, officine di riparazione macchinari, aziende agricole e settori energetico e minerario.<\/p>\n<p><img loading=\"lazy\" decoding=\"async\" class=\"alignnone size-full wp-image-6757\" src=\"https:\/\/fmp-components.com\/wp-content\/uploads\/2025\/03\/Telescopic-Hydraulic-Cylinders-114.webp\" alt=\"Cilindri idraulici telescopici\" width=\"2160\" height=\"2160\" title=\"\" srcset=\"https:\/\/fmp-components.com\/wp-content\/uploads\/2025\/03\/Telescopic-Hydraulic-Cylinders-114.webp 2160w, https:\/\/fmp-components.com\/wp-content\/uploads\/2025\/03\/Telescopic-Hydraulic-Cylinders-114-1280x1280.webp 1280w, https:\/\/fmp-components.com\/wp-content\/uploads\/2025\/03\/Telescopic-Hydraulic-Cylinders-114-980x980.webp 980w, https:\/\/fmp-components.com\/wp-content\/uploads\/2025\/03\/Telescopic-Hydraulic-Cylinders-114-480x480.webp 480w\" sizes=\"(min-width: 0px) and (max-width: 480px) 480px, (min-width: 481px) and (max-width: 980px) 980px, (min-width: 981px) and (max-width: 1280px) 1280px, (min-width: 1281px) 2160px, 100vw\" \/><\/p>\n<h2>Sistema idraulico e principio di funzionamento<\/h2>\n<p>Il cilindro idraulico funziona convertendo l'energia idraulica in movimento meccanico, trasformando la pressione in forza. \u00c8 un componente essenziale del sistema idraulico, garantendone il funzionamento regolare. L'alesaggio, la corsa e altri parametri del cilindro possono essere regolati in base alle vostre esigenze, offrendo una soluzione flessibile e personalizzata per la vostra attivit\u00e0.<\/p>\n<h2>Scenari applicativi<\/h2>\n<p>Questo cilindro idraulico \u00e8 ampiamente utilizzato nei dumper, dove offre prestazioni affidabili ed efficienti, essenziali per diverse attivit\u00e0 di sollevamento e scarico. La sua struttura robusta \u00e8 progettata per resistere alle condizioni difficili che spesso si incontrano nei settori dell'edilizia e dei trasporti. Grazie all'elevata capacit\u00e0 di spinta, questo cilindro idraulico garantisce che il cassone del dumper possa sollevarsi e abbassarsi agevolmente, consentendo uno scarico rapido ed efficiente di materiali come ghiaia, sabbia e detriti edili.<\/p>\n<p>La capacit\u00e0 di operare con carichi pesanti e in condizioni difficili rende questo cilindro idraulico un componente indispensabile per i dumper. La sua affidabilit\u00e0 ha un impatto diretto sulla produttivit\u00e0 complessiva dei progetti di costruzione, poich\u00e9 facilita una movimentazione pi\u00f9 rapida dei materiali e riduce i tempi di fermo. Che si tratti di cantieri urbani o di attivit\u00e0 minerarie remote, le prestazioni costanti del cilindro idraulico contribuiscono all'efficienza e all'efficacia delle operazioni dei dumper.<\/p>\n<p>Oltre ai dumper, questi cilindri idraulici vengono impiegati anche in diverse altre applicazioni, tra cui escavatori, caricatori e persino macchine agricole. La loro versatilit\u00e0 e resistenza li rendono adatti a un'ampia gamma di applicazioni, dal sollevamento e movimentazione di attrezzature pesanti all'esecuzione di operazioni di precisione in ambito produttivo.<\/p>\n<h2>Cilindri idraulici e gruppi di potenza<\/h2>\n<p>I cilindri idraulici e le centraline sono componenti integranti di un sistema idraulico e svolgono ciascuno un ruolo fondamentale nel garantire l'efficace applicazione della tecnologia idraulica in tutti i settori industriali. Il cilindro idraulico funge da attuatore, convertendo l'energia idraulica in movimento meccanico, mentre la centralina genera e regola la pressione del fluido idraulico necessaria al funzionamento del cilindro.<\/p>\n<p>Insieme, questi componenti garantiscono che i sistemi idraulici forniscano potenza e supporto di controllo affidabili per varie apparecchiature meccaniche e ingegneristiche. Negli impianti di produzione, ad esempio, la collaborazione tra cilindri idraulici e centraline consente il funzionamento di macchinari come presse, bracci robotici e sistemi di trasporto. Questa partnership consente l'esecuzione di compiti complessi che richiedono sia forza che precisione, migliorando la produttivit\u00e0 complessiva.<\/p>\n<p>Inoltre, l'efficienza dei sistemi idraulici \u00e8 ulteriormente migliorata dalla capacit\u00e0 di controllare la pressione e la portata dei fluidi. Ci\u00f2 consente agli operatori di ottenere movimenti precisi, rendendo la tecnologia idraulica adatta a un'ampia gamma di applicazioni, dal sollevamento di carichi pesanti ai complessi processi di assemblaggio.<\/p>\n<p>In sintesi, la sinergia tra cilindri idraulici e centraline \u00e8 un esempio dell'efficacia dei sistemi idraulici nell'industria moderna. La loro funzionalit\u00e0 combinata non solo migliora l'efficienza operativa, ma contribuisce anche in modo significativo alla sicurezza e all'affidabilit\u00e0 in diverse applicazioni, stimolando in ultima analisi l'innovazione e la produttivit\u00e0 nel panorama industriale.<\/p>\n<h3>Informazioni su FMP<\/h3>\n<p class=\"break-words\">FMP \u00e8 un produttore italiano leader specializzato nella progettazione, sviluppo e produzione di cilindri idraulici di alta qualit\u00e0. Con una ricca tradizione radicata in decenni di competenza, uniamo con orgoglio l&#039;artigianato italiano con la tecnologia all&#039;avanguardia per fornire soluzioni idrauliche eccezionali su misura per soddisfare le diverse esigenze della nostra clientela globale. Con sede in Italia, un polo di eccellenza ingegneristica, FMP \u00e8 un nome affidabile nel settore idraulico, impegnato a fornire prodotti affidabili, durevoli e innovativi che potenziano le aziende in tutto il mondo.<\/p>\n<p class=\"break-words\">La nostra azienda integra il meglio delle tradizioni di produzione avanzata con un approccio lungimirante. Grazie ad anni di esperienza nei sistemi idraulici, FMP si \u00e8 evoluta in un&#039;azienda moderna che eccelle nella ricerca, nella progettazione e nella produzione. Siamo specializzati in un&#039;ampia gamma di cilindri idraulici, tra cui cilindri a doppio effetto, cilindri di sollevamento per autoveicoli, cilindri per macchinari agricoli e soluzioni progettate su misura per varie applicazioni industriali. Che si tratti di edilizia, installazioni industriali, agricoltura o macchinari pesanti, i nostri cilindri idraulici sono costruiti per funzionare nelle condizioni pi\u00f9 difficili, garantendo sicurezza, efficienza e longevit\u00e0.<\/p>\n<p><img loading=\"lazy\" decoding=\"async\" class=\"alignnone size-full wp-image-6720\" src=\"https:\/\/fmp-components.com\/wp-content\/uploads\/2025\/03\/hydraulic-cylinder-8.webp\" alt=\"Cilindri idraulici telescopici\" width=\"933\" height=\"526\" title=\"\" srcset=\"https:\/\/fmp-components.com\/wp-content\/uploads\/2025\/03\/hydraulic-cylinder-8.webp 933w, https:\/\/fmp-components.com\/wp-content\/uploads\/2025\/03\/hydraulic-cylinder-8-480x271.webp 480w\" sizes=\"(min-width: 0px) and (max-width: 480px) 480px, (min-width: 481px) 933px, 100vw\" \/><\/p>\n<p class=\"break-words\">In FMP, siamo orgogliosi dei nostri stabilimenti di produzione all&#039;avanguardia, dotati di macchinari di precisione e sistemi di collaudo avanzati. I nostri processi di produzione rispettano rigorosi standard nazionali e internazionali, assicurando che ogni cilindro idraulico che esce dalla nostra fabbrica sia di qualit\u00e0 e affidabilit\u00e0 superiori. Il nostro team tecnico qualificato, abbinato a attrezzature all&#039;avanguardia, ci consente di mantenere un rigoroso controllo di qualit\u00e0 in ogni fase della produzione, dalla selezione delle materie prime all&#039;ispezione finale. Questa dedizione all&#039;eccellenza ci ha fatto guadagnare certificazioni e riconoscimenti dalle autorit\u00e0 del settore, consolidando ulteriormente la nostra reputazione di partner affidabile.<\/p>\n<p class=\"break-words\">La nostra missione \u00e8 semplice ma ambiziosa: fornire ai nostri clienti cilindri idraulici che superino le aspettative in termini di prestazioni, durata e valore. Operiamo secondo i principi guida di professionalit\u00e0, integrit\u00e0 e attenzione al cliente. Promuovendo una cultura di innovazione e precisione, perfezioniamo costantemente i nostri prodotti per rimanere all&#039;avanguardia in un mercato competitivo. La nostra gamma completa di prodotti e la capacit\u00e0 di offrire soluzioni personalizzate ci rendono la scelta ideale per le aziende che cercano cilindri idraulici ad alte prestazioni.<\/p>\n<p class=\"break-words\">FMP \u00e8 pi\u00f9 di un semplice produttore: siamo un partner per il tuo successo. Sappiamo che i nostri clienti contano su di noi per fornirti strumenti che migliorino la loro produttivit\u00e0 e sicurezza. Ecco perch\u00e9 ci impegniamo a offrire non solo prodotti di prima qualit\u00e0, ma anche un servizio eccezionale. Dalla consulenza iniziale al supporto post-vendita, lavoriamo a stretto contatto con i nostri clienti per garantire che le loro esigenze siano soddisfatte con professionalit\u00e0 e attenzione. I nostri prezzi competitivi, abbinati al nostro incrollabile impegno per la qualit\u00e0, rendono FMP la scelta intelligente per le aziende che desiderano investire in soluzioni idrauliche di cui possono fidarsi.<\/p>","protected":false},"excerpt":{"rendered":"<p>Cilindro idraulico telescopico per rimorchio personalizzato, utilizzato per autocarri con cassone ribaltabile, di FMP. Provate la potenza e l'efficienza del cilindro idraulico telescopico per rimorchio personalizzato, un prodotto di alta qualit\u00e0 di FMP. Progettato specificamente per autocarri con cassone ribaltabile, questo cilindro idraulico offre prestazioni e affidabilit\u00e0 senza pari. Caratteristiche e specifiche principali: Condizioni: Nuovo Garanzia: 1 anno Struttura: Pistone Cilindro Potenza: [\u2026]<\/p>","protected":false},"featured_media":6801,"comment_status":"closed","ping_status":"closed","template":"","meta":{"_et_pb_use_builder":"","_et_pb_old_content":"","_et_gb_content_width":""},"product_brand":[],"product_cat":[103],"product_tag":[34,105],"class_list":{"0":"post-6608","1":"product","2":"type-product","3":"status-publish","4":"has-post-thumbnail","6":"product_cat-telescopic-hydraulic-cylinders","7":"product_tag-hydraulic-cylinder","8":"product_tag-telescopic-hydraulic-cylinders","10":"first","11":"instock","12":"product-type-simple"},"_links":{"self":[{"href":"https:\/\/fmp-components.com\/it\/wp-json\/wp\/v2\/product\/6608","targetHints":{"allow":["GET"]}}],"collection":[{"href":"https:\/\/fmp-components.com\/it\/wp-json\/wp\/v2\/product"}],"about":[{"href":"https:\/\/fmp-components.com\/it\/wp-json\/wp\/v2\/types\/product"}],"replies":[{"embeddable":true,"href":"https:\/\/fmp-components.com\/it\/wp-json\/wp\/v2\/comments?post=6608"}],"wp:featuredmedia":[{"embeddable":true,"href":"https:\/\/fmp-components.com\/it\/wp-json\/wp\/v2\/media\/6801"}],"wp:attachment":[{"href":"https:\/\/fmp-components.com\/it\/wp-json\/wp\/v2\/media?parent=6608"}],"wp:term":[{"taxonomy":"product_brand","embeddable":true,"href":"https:\/\/fmp-components.com\/it\/wp-json\/wp\/v2\/product_brand?post=6608"},{"taxonomy":"product_cat","embeddable":true,"href":"https:\/\/fmp-components.com\/it\/wp-json\/wp\/v2\/product_cat?post=6608"},{"taxonomy":"product_tag","embeddable":true,"href":"https:\/\/fmp-components.com\/it\/wp-json\/wp\/v2\/product_tag?post=6608"}],"curies":[{"name":"parola chiave","href":"https:\/\/api.w.org\/{rel}","templated":true}]}}