{"id":6597,"date":"2025-03-11T06:32:38","date_gmt":"2025-03-11T06:32:38","guid":{"rendered":"https:\/\/fmp-components.com\/product\/italy-manufacture-telescopic-multi-stages-hydraulic-cylinder-for-dump-truck-trailer-and-tipper-truck-from-fmp"},"modified":"2025-03-12T03:03:04","modified_gmt":"2025-03-12T03:03:04","slug":"italy-manufacture-telescopic-multi-stages-hydraulic-cylinder-for-dump-truck-trailer-and-tipper-truck-from-fmp","status":"publish","type":"product","link":"https:\/\/fmp-components.com\/it\/product\/italy-manufacture-telescopic-multi-stages-hydraulic-cylinder-for-dump-truck-trailer-and-tipper-truck-from-fmp\/","title":{"rendered":"Produzione in Italia di cilindri idraulici telescopici\/multistadio per autocarri con cassone ribaltabile\/rimorchi e autocarri con cassone ribaltabile da FMP"},"content":{"rendered":"<h2>Produzione in Italia di cilindri idraulici telescopici\/multistadio per autocarri con cassone ribaltabile\/rimorchi e autocarri con cassone ribaltabile da FMP<\/h2>\n<p>FMP vi offre il cilindro idraulico telescopico\/multistadio pi\u00f9 efficiente e potente, una soluzione perfetta per autocarri con cassone ribaltabile, rimorchi e autocarri con cassone ribaltabile. Questo cilindro idraulico di livello industriale \u00e8 progettato per offrire prestazioni e robustezza ineguagliabili. \u00c8 una novit\u00e0 del 2021, che promette la tecnologia e la qualit\u00e0 pi\u00f9 avanzate.<\/p>\n<h3>Caratteristiche e specifiche del prodotto<\/h3>\n<p>Questo cilindro idraulico \u00e8 dotato di una garanzia di un anno e di componenti principali di altissima qualit\u00e0. Realizzato con un robusto corpo in acciaio, funziona a olio ed \u00e8 certificato ISO9001:2000. La potenza idraulica lo rende la scelta ideale per vari settori, tra cui impianti di produzione, officine di riparazione macchinari, aziende agricole, settore energetico e minerario.<\/p>\n<p><img loading=\"lazy\" decoding=\"async\" class=\"alignnone  wp-image-6661\" src=\"https:\/\/fmp-components.com\/wp-content\/uploads\/2025\/03\/telescopic-hydraulic-cylinder-10.webp\" alt=\"cilindro idraulico telescopico\" width=\"901\" height=\"901\" title=\"\" srcset=\"https:\/\/fmp-components.com\/wp-content\/uploads\/2025\/03\/telescopic-hydraulic-cylinder-10.webp 901w, https:\/\/fmp-components.com\/wp-content\/uploads\/2025\/03\/telescopic-hydraulic-cylinder-10-480x480.webp 480w\" sizes=\"(min-width: 0px) and (max-width: 480px) 480px, (min-width: 481px) 901px, 100vw\" \/><\/p>\n<h3>Caratteristiche e vantaggi unici<\/h3>\n<ul>\n<li>Risparmio energetico e alta efficienza<\/li>\n<li>Sicuro e affidabile per macchinari pesanti<\/li>\n<li>Personalizzabile per soddisfare esigenze specifiche<\/li>\n<li>Durevole con una lunga durata di servizio<\/li>\n<\/ul>\n<h2>Sistema idraulico e principio di funzionamento<\/h2>\n<p>Il cilindro idraulico funziona secondo il principio fondamentale di convertire la potenza idraulica in movimento meccanico. Quando il cilindro \u00e8 riempito di fluido idraulico e pressurizzato, genera una forza in grado di spostare efficacemente un carico. Questo meccanismo \u00e8 particolarmente utile in una variet\u00e0 di applicazioni, come il sollevamento di oggetti pesanti o l'azionamento di macchinari industriali complessi. Il principio si basa sulla legge di Pascal, che afferma che la pressione applicata a un fluido racchiuso si trasmette in modo uniforme in tutte le direzioni. Di conseguenza, anche una piccola quantit\u00e0 di fluido idraulico pu\u00f2 generare una notevole potenza di sollevamento, rendendo i cilindri idraulici essenziali per compiti che richiedono sia forza che precisione.<\/p>\n<h2>Applicazione del cilindro idraulico<\/h2>\n<p>Il cilindro idraulico FMP vanta un'ampia gamma di applicazioni in diversi settori. \u00c8 particolarmente efficace su autocarri con cassone ribaltabile e rimorchi, dove facilita i meccanismi di sollevamento e inclinazione necessari per lo scarico di materiali come ghiaia, terra o detriti. Nei macchinari edili, i cilindri idraulici sono fondamentali per il funzionamento di attrezzature come escavatori, terne e bulldozer, consentendo loro di svolgere compiti che richiedono sollevamenti pesanti e movimenti precisi.<\/p>\n<p>Inoltre, questi cilindri trovano ampio impiego nei macchinari agricoli, dove assistono in attivit\u00e0 come il sollevamento di aratri, seminatrici e altri attrezzi essenziali per le operazioni agricole. La versatilit\u00e0 dei cilindri idraulici si estende a vari settori, tra cui gli impianti di produzione, dove vengono utilizzati nelle linee di assemblaggio e nei processi automatizzati, nonch\u00e9 nelle officine di riparazione di macchinari, dove aiutano a sollevare e posizionare attrezzature pesanti per la manutenzione. Anche i settori energetico e minerario si affidano ai cilindri idraulici per attivit\u00e0 come la perforazione e la movimentazione dei materiali, a dimostrazione del loro ruolo indispensabile nelle moderne applicazioni industriali.<\/p>\n<p><img loading=\"lazy\" decoding=\"async\" class=\"alignnone size-full wp-image-6660\" src=\"https:\/\/fmp-components.com\/wp-content\/uploads\/2025\/03\/hydraulic-cylinder-workshop-4.webp\" alt=\"cilindro idraulico telescopico\" width=\"914\" height=\"733\" title=\"\" srcset=\"https:\/\/fmp-components.com\/wp-content\/uploads\/2025\/03\/hydraulic-cylinder-workshop-4.webp 914w, https:\/\/fmp-components.com\/wp-content\/uploads\/2025\/03\/hydraulic-cylinder-workshop-4-480x385.webp 480w\" sizes=\"(min-width: 0px) and (max-width: 480px) 480px, (min-width: 481px) 914px, 100vw\" \/><\/p>\n<h2>Cilindri idraulici e gruppi di potenza<\/h2>\n<p>I cilindri idraulici e le centraline sono componenti indispensabili di qualsiasi sistema idraulico. Il loro funzionamento coordinato \u00e8 fondamentale per l'applicazione efficace della tecnologia idraulica in ambito industriale, fornendo potenza affidabile e supporto di controllo per una vasta gamma di apparecchiature meccaniche e ingegneristiche. Il cilindro idraulico funge da attuatore, convertendo l'energia idraulica in movimento meccanico, eseguendo cos\u00ec le operazioni richieste con precisione.<\/p>\n<p>Al contrario, la centralina funge da centrale elettrica del sistema idraulico, generando la pressione idraulica necessaria per azionare il fluido attraverso il sistema e mantenere portate ottimali. Tipicamente composta da motore, pompa, serbatoio e valvole di controllo, la centralina garantisce il funzionamento fluido ed efficiente del cilindro idraulico. Questa sinergia tra cilindro idraulico e centralina \u00e8 essenziale per il funzionamento fluido dei sistemi idraulici, consentendo alle industrie di sfruttare appieno il potenziale della tecnologia idraulica. In FMP, forniamo anche centraline di alta qualit\u00e0 in vendita, consentendo ai nostri clienti di creare sistemi idraulici completamente integrati, personalizzati in base alle loro specifiche esigenze operative.<\/p>\n<h2>Domande frequenti<\/h2>\n<ol>\n<li>D: Qual \u00e8 il periodo di garanzia per il cilindro idraulico?<br \/>\nA: Offriamo una garanzia di un anno per il nostro cilindro idraulico.<\/li>\n<li>D: \u00c8 possibile personalizzare il cilindro idraulico?<br \/>\nR: S\u00ec, possiamo progettare e realizzare il cilindro idraulico in base alle vostre specifiche esigenze.<\/li>\n<li>D: In quali settori pu\u00f2 essere utilizzato questo cilindro idraulico?<br \/>\nR: Il cilindro idraulico pu\u00f2 essere utilizzato in diversi settori, come impianti di produzione, officine di riparazione di macchinari, aziende agricole, settori energetico e minerario.<\/li>\n<\/ol>\n<h3>Informazioni su FMP<\/h3>\n<p class=\"break-words\">FMP \u00e8 un produttore italiano leader specializzato nella progettazione, sviluppo e produzione di cilindri idraulici di alta qualit\u00e0. Con una ricca tradizione radicata in decenni di competenza, uniamo con orgoglio l&#039;artigianato italiano con la tecnologia all&#039;avanguardia per fornire soluzioni idrauliche eccezionali su misura per soddisfare le diverse esigenze della nostra clientela globale. Con sede in Italia, un polo di eccellenza ingegneristica, FMP \u00e8 un nome affidabile nel settore idraulico, impegnato a fornire prodotti affidabili, durevoli e innovativi che potenziano le aziende in tutto il mondo.<\/p>\n<p class=\"break-words\">La nostra azienda integra il meglio delle tradizioni di produzione avanzata con un approccio lungimirante. Grazie ad anni di esperienza nei sistemi idraulici, FMP si \u00e8 evoluta in un&#039;azienda moderna che eccelle nella ricerca, nella progettazione e nella produzione. Siamo specializzati in un&#039;ampia gamma di cilindri idraulici, tra cui cilindri a doppio effetto, cilindri di sollevamento per autoveicoli, cilindri per macchinari agricoli e soluzioni progettate su misura per varie applicazioni industriali. Che si tratti di edilizia, installazioni industriali, agricoltura o macchinari pesanti, i nostri cilindri idraulici sono costruiti per funzionare nelle condizioni pi\u00f9 difficili, garantendo sicurezza, efficienza e longevit\u00e0.<\/p>\n<p><img loading=\"lazy\" decoding=\"async\" class=\"alignnone size-full wp-image-6720\" src=\"https:\/\/fmp-components.com\/wp-content\/uploads\/2025\/03\/hydraulic-cylinder-8.webp\" alt=\"Cilindri idraulici telescopici\" width=\"933\" height=\"526\" title=\"\" srcset=\"https:\/\/fmp-components.com\/wp-content\/uploads\/2025\/03\/hydraulic-cylinder-8.webp 933w, https:\/\/fmp-components.com\/wp-content\/uploads\/2025\/03\/hydraulic-cylinder-8-480x271.webp 480w\" sizes=\"(min-width: 0px) and (max-width: 480px) 480px, (min-width: 481px) 933px, 100vw\" \/><\/p>\n<p class=\"break-words\">In FMP, siamo orgogliosi dei nostri stabilimenti di produzione all&#039;avanguardia, dotati di macchinari di precisione e sistemi di collaudo avanzati. I nostri processi di produzione rispettano rigorosi standard nazionali e internazionali, assicurando che ogni cilindro idraulico che esce dalla nostra fabbrica sia di qualit\u00e0 e affidabilit\u00e0 superiori. Il nostro team tecnico qualificato, abbinato a attrezzature all&#039;avanguardia, ci consente di mantenere un rigoroso controllo di qualit\u00e0 in ogni fase della produzione, dalla selezione delle materie prime all&#039;ispezione finale. Questa dedizione all&#039;eccellenza ci ha fatto guadagnare certificazioni e riconoscimenti dalle autorit\u00e0 del settore, consolidando ulteriormente la nostra reputazione di partner affidabile.<\/p>\n<p class=\"break-words\">La nostra missione \u00e8 semplice ma ambiziosa: fornire ai nostri clienti cilindri idraulici che superino le aspettative in termini di prestazioni, durata e valore. Operiamo secondo i principi guida di professionalit\u00e0, integrit\u00e0 e attenzione al cliente. Promuovendo una cultura di innovazione e precisione, perfezioniamo costantemente i nostri prodotti per rimanere all&#039;avanguardia in un mercato competitivo. La nostra gamma completa di prodotti e la capacit\u00e0 di offrire soluzioni personalizzate ci rendono la scelta ideale per le aziende che cercano cilindri idraulici ad alte prestazioni.<\/p>\n<p class=\"break-words\">FMP \u00e8 pi\u00f9 di un semplice produttore: siamo un partner per il tuo successo. Sappiamo che i nostri clienti contano su di noi per fornirti strumenti che migliorino la loro produttivit\u00e0 e sicurezza. Ecco perch\u00e9 ci impegniamo a offrire non solo prodotti di prima qualit\u00e0, ma anche un servizio eccezionale. Dalla consulenza iniziale al supporto post-vendita, lavoriamo a stretto contatto con i nostri clienti per garantire che le loro esigenze siano soddisfatte con professionalit\u00e0 e attenzione. I nostri prezzi competitivi, abbinati al nostro incrollabile impegno per la qualit\u00e0, rendono FMP la scelta intelligente per le aziende che desiderano investire in soluzioni idrauliche di cui possono fidarsi.<\/p>","protected":false},"excerpt":{"rendered":"<p>Italy Manufacture Telescopic \/Multi Stages Hydraulic Cylinder For Dump Truck \/Trailer and Tipper Truck From FMP FMP brings you the most efficient and powerful Telescopic\/Multi Stages Hydraulic Cylinder, a perfect solution for dump truck, trailer, and tipper truck. This industry-grade hydraulic cylinder is designed to provide unmatched performance and sturdiness. It&#8217;s a new product of [&hellip;]<\/p>","protected":false},"featured_media":6707,"comment_status":"closed","ping_status":"closed","template":"","meta":{"_et_pb_use_builder":"","_et_pb_old_content":"","_et_gb_content_width":""},"product_brand":[],"product_cat":[103],"product_tag":[34,105],"class_list":{"0":"post-6597","1":"product","2":"type-product","3":"status-publish","4":"has-post-thumbnail","6":"product_cat-telescopic-hydraulic-cylinders","7":"product_tag-hydraulic-cylinder","8":"product_tag-telescopic-hydraulic-cylinders","10":"first","11":"instock","12":"product-type-simple"},"_links":{"self":[{"href":"https:\/\/fmp-components.com\/it\/wp-json\/wp\/v2\/product\/6597","targetHints":{"allow":["GET"]}}],"collection":[{"href":"https:\/\/fmp-components.com\/it\/wp-json\/wp\/v2\/product"}],"about":[{"href":"https:\/\/fmp-components.com\/it\/wp-json\/wp\/v2\/types\/product"}],"replies":[{"embeddable":true,"href":"https:\/\/fmp-components.com\/it\/wp-json\/wp\/v2\/comments?post=6597"}],"wp:featuredmedia":[{"embeddable":true,"href":"https:\/\/fmp-components.com\/it\/wp-json\/wp\/v2\/media\/6707"}],"wp:attachment":[{"href":"https:\/\/fmp-components.com\/it\/wp-json\/wp\/v2\/media?parent=6597"}],"wp:term":[{"taxonomy":"product_brand","embeddable":true,"href":"https:\/\/fmp-components.com\/it\/wp-json\/wp\/v2\/product_brand?post=6597"},{"taxonomy":"product_cat","embeddable":true,"href":"https:\/\/fmp-components.com\/it\/wp-json\/wp\/v2\/product_cat?post=6597"},{"taxonomy":"product_tag","embeddable":true,"href":"https:\/\/fmp-components.com\/it\/wp-json\/wp\/v2\/product_tag?post=6597"}],"curies":[{"name":"parola chiave","href":"https:\/\/api.w.org\/{rel}","templated":true}]}}