{"id":6596,"date":"2025-03-11T06:32:38","date_gmt":"2025-03-11T06:32:38","guid":{"rendered":"https:\/\/fmp-components.com\/product\/high-quality-italy-manufacture-direct-seal-multi-stages-hydraulic-cylinder-for-dump-truck-industry-and-agriculture"},"modified":"2025-03-17T08:47:26","modified_gmt":"2025-03-17T08:47:26","slug":"high-quality-italy-manufacture-direct-seal-multi-stages-hydraulic-cylinder-for-dump-truck-industry-and-agriculture","status":"publish","type":"product","link":"https:\/\/fmp-components.com\/it\/product\/high-quality-italy-manufacture-direct-seal-multi-stages-hydraulic-cylinder-for-dump-truck-industry-and-agriculture\/","title":{"rendered":"Cilindro idraulico multistadio di alta qualit\u00e0, produzione italiana, con guarnizione diretta, per l&#039;industria dei dumper e l&#039;agricoltura"},"content":{"rendered":"<h2>Cilindro idraulico multistadio di alta qualit\u00e0, produzione italiana, con guarnizione diretta, per l&#039;industria dei dumper e l&#039;agricoltura<\/h2>\n<p>Il cilindro idraulico multistadio \u00e8 un prodotto di qualit\u00e0 superiore, fornito direttamente da FMP, una rinomata azienda manifatturiera con sede a Roma. FMP \u00e8 un nome rinomato nel settore, produttore di cilindri idraulici di alta qualit\u00e0 per l'impiego su autocarri con cassone ribaltabile, agricoltura e altri settori.<\/p>\n<h3>Caratteristiche e funzioni<\/h3>\n<p>Questo cilindro idraulico \u00e8 progettato per funzionare in pi\u00f9 fasi, il che lo rende uno strumento versatile ed efficiente per una miriade di applicazioni. Progettato con una struttura a cilindro-pistone, funziona sfruttando l'energia idraulica. I componenti principali di questo prodotto sono il cilindro, il pistone e il kit di guarnizioni. Questi componenti sono racchiusi in un robusto corpo in acciaio, che ne garantisce la robustezza.<\/p>\n<p><img loading=\"lazy\" decoding=\"async\" class=\"alignnone wp-image-6662\" src=\"https:\/\/fmp-components.com\/wp-content\/uploads\/2025\/03\/telescopic-hydraulic-cylinder-4.webp\" alt=\"cilindro idraulico telescopico\" width=\"928\" height=\"928\" title=\"\" srcset=\"https:\/\/fmp-components.com\/wp-content\/uploads\/2025\/03\/telescopic-hydraulic-cylinder-4.webp 928w, https:\/\/fmp-components.com\/wp-content\/uploads\/2025\/03\/telescopic-hydraulic-cylinder-4-480x480.webp 480w\" sizes=\"(min-width: 0px) and (max-width: 480px) 480px, (min-width: 481px) 928px, 100vw\" \/><\/p>\n<h3>Specifiche del prodotto<\/h3>\n<ul>\n<li>Spinta massima: 3000<\/li>\n<li>Tipo: cilindro idraulico multistadio<\/li>\n<li>Diametro del foro: in base alle vostre esigenze<\/li>\n<li>Tiro massimo: 600<\/li>\n<li>Certificazione: ISO9001:2000<\/li>\n<li>Fluido: Olio<\/li>\n<li>Diametro del cilindro: 20~250 mm<\/li>\n<li>Condizione: Nuovo<\/li>\n<li>Garanzia: 1 anno<\/li>\n<\/ul>\n<table style=\"width: 91.9676%;\" border=\"\">\n<tbody>\n<tr>\n<td style=\"width: 42.3729%;\">Dimensione del foro<\/td>\n<td style=\"width: 426.554%;\">2,5-12 pollici<\/td>\n<\/tr>\n<tr>\n<td style=\"width: 42.3729%;\">Dimensione dell'asta<\/td>\n<td style=\"width: 426.554%;\">1,8-10 pollici<\/td>\n<\/tr>\n<tr>\n<td style=\"width: 42.3729%;\">Dimensione del tratto<\/td>\n<td style=\"width: 426.554%;\">20-120 pollici<\/td>\n<\/tr>\n<tr>\n<td style=\"width: 42.3729%;\">Porti<\/td>\n<td style=\"width: 426.554%;\">G\/SAE\/NPT\/M<\/td>\n<\/tr>\n<\/tbody>\n<\/table>\n<h3>Informazioni su FMP<\/h3>\n<p class=\"break-words\">FMP \u00e8 un produttore italiano leader specializzato nella progettazione, sviluppo e produzione di cilindri idraulici di alta qualit\u00e0. Con una ricca tradizione radicata in decenni di competenza, uniamo con orgoglio l&#039;artigianato italiano con la tecnologia all&#039;avanguardia per fornire soluzioni idrauliche eccezionali su misura per soddisfare le diverse esigenze della nostra clientela globale. Con sede in Italia, un polo di eccellenza ingegneristica, FMP \u00e8 un nome affidabile nel settore idraulico, impegnato a fornire prodotti affidabili, durevoli e innovativi che potenziano le aziende in tutto il mondo.<\/p>\n<p class=\"break-words\">La nostra azienda integra il meglio delle tradizioni di produzione avanzata con un approccio lungimirante. Grazie ad anni di esperienza nei sistemi idraulici, FMP si \u00e8 evoluta in un&#039;azienda moderna che eccelle nella ricerca, nella progettazione e nella produzione. Siamo specializzati in un&#039;ampia gamma di cilindri idraulici, tra cui cilindri a doppio effetto, cilindri di sollevamento per autoveicoli, cilindri per macchinari agricoli e soluzioni progettate su misura per varie applicazioni industriali. Che si tratti di edilizia, installazioni industriali, agricoltura o macchinari pesanti, i nostri cilindri idraulici sono costruiti per funzionare nelle condizioni pi\u00f9 difficili, garantendo sicurezza, efficienza e longevit\u00e0.<\/p>\n<p><img loading=\"lazy\" decoding=\"async\" class=\"alignnone size-full wp-image-6720\" src=\"https:\/\/fmp-components.com\/wp-content\/uploads\/2025\/03\/hydraulic-cylinder-8.webp\" alt=\"Cilindri idraulici telescopici\" width=\"933\" height=\"526\" title=\"\" srcset=\"https:\/\/fmp-components.com\/wp-content\/uploads\/2025\/03\/hydraulic-cylinder-8.webp 933w, https:\/\/fmp-components.com\/wp-content\/uploads\/2025\/03\/hydraulic-cylinder-8-480x271.webp 480w\" sizes=\"(min-width: 0px) and (max-width: 480px) 480px, (min-width: 481px) 933px, 100vw\" \/><\/p>\n<p class=\"break-words\">In FMP, siamo orgogliosi dei nostri stabilimenti di produzione all&#039;avanguardia, dotati di macchinari di precisione e sistemi di collaudo avanzati. I nostri processi di produzione rispettano rigorosi standard nazionali e internazionali, assicurando che ogni cilindro idraulico che esce dalla nostra fabbrica sia di qualit\u00e0 e affidabilit\u00e0 superiori. Il nostro team tecnico qualificato, abbinato a attrezzature all&#039;avanguardia, ci consente di mantenere un rigoroso controllo di qualit\u00e0 in ogni fase della produzione, dalla selezione delle materie prime all&#039;ispezione finale. Questa dedizione all&#039;eccellenza ci ha fatto guadagnare certificazioni e riconoscimenti dalle autorit\u00e0 del settore, consolidando ulteriormente la nostra reputazione di partner affidabile.<\/p>\n<p class=\"break-words\">La nostra missione \u00e8 semplice ma ambiziosa: fornire ai nostri clienti cilindri idraulici che superino le aspettative in termini di prestazioni, durata e valore. Operiamo secondo i principi guida di professionalit\u00e0, integrit\u00e0 e attenzione al cliente. Promuovendo una cultura di innovazione e precisione, perfezioniamo costantemente i nostri prodotti per rimanere all&#039;avanguardia in un mercato competitivo. La nostra gamma completa di prodotti e la capacit\u00e0 di offrire soluzioni personalizzate ci rendono la scelta ideale per le aziende che cercano cilindri idraulici ad alte prestazioni.<\/p>\n<p class=\"break-words\">FMP \u00e8 pi\u00f9 di un semplice produttore: siamo un partner per il tuo successo. Sappiamo che i nostri clienti contano su di noi per fornirti strumenti che migliorino la loro produttivit\u00e0 e sicurezza. Ecco perch\u00e9 ci impegniamo a offrire non solo prodotti di prima qualit\u00e0, ma anche un servizio eccezionale. Dalla consulenza iniziale al supporto post-vendita, lavoriamo a stretto contatto con i nostri clienti per garantire che le loro esigenze siano soddisfatte con professionalit\u00e0 e attenzione. I nostri prezzi competitivi, abbinati al nostro incrollabile impegno per la qualit\u00e0, rendono FMP la scelta intelligente per le aziende che desiderano investire in soluzioni idrauliche di cui possono fidarsi.<\/p>\n<h3>Domande frequenti<\/h3>\n<h4>D: Qual \u00e8 la garanzia di questo prodotto?<\/h4>\n<p>A: Il prodotto \u00e8 coperto da una garanzia di 1 anno.<\/p>\n<h4>D: \u00c8 possibile personalizzare la dimensione dell'alesaggio del cilindro idraulico?<\/h4>\n<p>R: S\u00ec, la dimensione del foro pu\u00f2 essere personalizzata in base alle vostre esigenze.<\/p>\n<h4>D: In quali settori pu\u00f2 essere utilizzato questo cilindro idraulico?<\/h4>\n<p>A: Questo cilindro idraulico pu\u00f2 essere utilizzato in impianti di produzione, officine di riparazione di macchinari, aziende agricole, aziende energetiche e minerarie, aziende pubblicitarie e altro ancora.<\/p>","protected":false},"excerpt":{"rendered":"<p>High Quality Italy Manufacture Direct Seal Multi Stages Hydraulic Cylinder for Dump Truck Industry and Agriculture The multi-stages hydraulic cylinder is a product of superior quality that is direct from FMP, an esteemed manufacturing company based in Italy City. FMP is a renowned name in the industry that produces top-notch hydraulic cylinders for use in [&hellip;]<\/p>","protected":false},"featured_media":6706,"comment_status":"closed","ping_status":"closed","template":"","meta":{"_et_pb_use_builder":"","_et_pb_old_content":"","_et_gb_content_width":""},"product_brand":[],"product_cat":[103],"product_tag":[34,105],"class_list":{"0":"post-6596","1":"product","2":"type-product","3":"status-publish","4":"has-post-thumbnail","6":"product_cat-telescopic-hydraulic-cylinders","7":"product_tag-hydraulic-cylinder","8":"product_tag-telescopic-hydraulic-cylinders","10":"first","11":"instock","12":"product-type-simple"},"_links":{"self":[{"href":"https:\/\/fmp-components.com\/it\/wp-json\/wp\/v2\/product\/6596","targetHints":{"allow":["GET"]}}],"collection":[{"href":"https:\/\/fmp-components.com\/it\/wp-json\/wp\/v2\/product"}],"about":[{"href":"https:\/\/fmp-components.com\/it\/wp-json\/wp\/v2\/types\/product"}],"replies":[{"embeddable":true,"href":"https:\/\/fmp-components.com\/it\/wp-json\/wp\/v2\/comments?post=6596"}],"wp:featuredmedia":[{"embeddable":true,"href":"https:\/\/fmp-components.com\/it\/wp-json\/wp\/v2\/media\/6706"}],"wp:attachment":[{"href":"https:\/\/fmp-components.com\/it\/wp-json\/wp\/v2\/media?parent=6596"}],"wp:term":[{"taxonomy":"product_brand","embeddable":true,"href":"https:\/\/fmp-components.com\/it\/wp-json\/wp\/v2\/product_brand?post=6596"},{"taxonomy":"product_cat","embeddable":true,"href":"https:\/\/fmp-components.com\/it\/wp-json\/wp\/v2\/product_cat?post=6596"},{"taxonomy":"product_tag","embeddable":true,"href":"https:\/\/fmp-components.com\/it\/wp-json\/wp\/v2\/product_tag?post=6596"}],"curies":[{"name":"parola chiave","href":"https:\/\/api.w.org\/{rel}","templated":true}]}}