{"id":6588,"date":"2025-03-11T06:32:38","date_gmt":"2025-03-11T06:32:38","guid":{"rendered":"https:\/\/fmp-components.com\/product\/quality-manufacturing-flatbed-tow-truck-4-stage-hydraulic-cylinder"},"modified":"2025-03-17T08:52:37","modified_gmt":"2025-03-17T08:52:37","slug":"quality-manufacturing-flatbed-tow-truck-4-stage-hydraulic-cylinder","status":"publish","type":"product","link":"https:\/\/fmp-components.com\/it\/product\/quality-manufacturing-flatbed-tow-truck-4-stage-hydraulic-cylinder\/","title":{"rendered":"Cilindro idraulico a 4 stadi per carro attrezzi con pianale di qualit\u00e0"},"content":{"rendered":"<h2>Cilindro idraulico a 4 stadi per carro attrezzi con pianale di qualit\u00e0<\/h2>\n<p>Il cilindro idraulico a 4 stadi per carro attrezzi a pianale ribassato di Quality Manufacturing \u00e8 un prodotto di alta qualit\u00e0, progettato per prestazioni robuste e lunga durata. \u00c8 un componente indispensabile in vari settori, tra cui officine di riparazione di macchinari, aziende agricole, industria energetica e mineraria, produzione di macchinari e fabbriche di macchinari. Il ruolo centrale di questo prodotto risiede nella sua capacit\u00e0 di fornire potenza idraulica affidabile ed efficiente, rendendolo un componente cruciale in molte operazioni.<\/p>\n<h3>Specifiche del prodotto<\/h3>\n<table style=\"width: 97.6642%;\" border=\"\">\n<tbody>\n<tr>\n<td style=\"width: 43.1818%;\"><b>Dimensioni del foro<\/b><\/td>\n<td style=\"width: 307.955%;\">2-6 pollici<\/td>\n<\/tr>\n<tr>\n<td style=\"width: 43.1818%;\"><b>Dimensioni dell&#039;asta<\/b><\/td>\n<td style=\"width: 307.955%;\">1,125-4 pollici<\/td>\n<\/tr>\n<tr>\n<td style=\"width: 43.1818%;\"><b>Dimensione del tratto<\/b><\/td>\n<td style=\"width: 307.955%;\">4-100 pollici<\/td>\n<\/tr>\n<tr>\n<td style=\"width: 43.1818%;\"><b>Dimensione del perno<\/b><\/td>\n<td style=\"width: 307.955%;\">0,5-2 pollici<\/td>\n<\/tr>\n<tr>\n<td style=\"width: 43.1818%;\"><b>Porti<\/b><\/td>\n<td style=\"width: 307.955%;\">G\/SAE\/NPT\/M<\/td>\n<\/tr>\n<\/tbody>\n<\/table>\n<h3>Caratteristiche e vantaggi principali<\/h3>\n<ul>\n<li style=\"list-style-type: none;\">\n<ul>\n<li>Funzionamento a risparmio energetico<\/li>\n<li>Elevate prestazioni e durata<\/li>\n<li>Funzionalit\u00e0 sicura e stabile<\/li>\n<li>Struttura standard con cilindro a stantuffo<\/li>\n<\/ul>\n<\/li>\n<\/ul>\n<ul>\n<li>Potenza idraulica con spinta massima di 3000<\/li>\n<li>Materiale del corpo in acciaio per una maggiore robustezza<\/li>\n<\/ul>\n<h2>Sistema idraulico e principi di funzionamento<\/h2>\n<p>Il cilindro idraulico multistadio funziona secondo il principio della pressione del fluido. Implica la conversione dell'energia idraulica in movimento meccanico, trasformando la pressione in forza. Questo processo garantisce il funzionamento regolare ed efficiente di vari macchinari e attrezzature.<\/p>\n<h2>Applicazioni del cilindro idraulico<\/h2>\n<p>Le applicazioni del cilindro idraulico sono molteplici, dalle officine di riparazione di macchinari alle aziende agricole, dall'industria energetica e mineraria alla produzione di macchinari e alle fabbriche di macchinari. Il suo design robusto e le sue prestazioni eccezionali lo rendono parte integrante di queste attivit\u00e0.<\/p>\n<h2>Cilindri idraulici e gruppi di potenza<\/h2>\n<p>I cilindri idraulici e le centraline sono componenti indispensabili dei sistemi idraulici. La loro azione coordinata garantisce l'ampia applicazione della tecnologia idraulica in vari settori industriali, fornendo potenza e supporto di controllo affidabili per diverse apparecchiature meccaniche e ingegneristiche. FMP non offre solo cilindri idraulici di alta qualit\u00e0, ma fornisce anche centraline affidabili.<\/p>\n<h2>Domande frequenti<\/h2>\n<p><b>D: Siete una societ\u00e0 commerciale o produttrice?<\/b><\/p>\n<p>A: Siamo una fabbrica situata in Italia.<\/p>\n<p><b>D: Quanto tempo impiegate per la consegna?<\/b><\/p>\n<p>R: In genere la consegna avviene in 25-35 giorni.<\/p>\n<p><b>D: Potete produrre secondo i campioni?<\/b><\/p>\n<p>A: S\u00ec, possiamo produrre in base ai vostri campioni o disegni tecnici. Possiamo costruire gli stampi e le attrezzature.<\/p>\n<h3>Informazioni su FMP<\/h3>\n<p class=\"break-words\">FMP \u00e8 un produttore italiano leader specializzato nella progettazione, sviluppo e produzione di cilindri idraulici di alta qualit\u00e0. Con una ricca tradizione radicata in decenni di competenza, uniamo con orgoglio l&#039;artigianato italiano con la tecnologia all&#039;avanguardia per fornire soluzioni idrauliche eccezionali su misura per soddisfare le diverse esigenze della nostra clientela globale. Con sede in Italia, un polo di eccellenza ingegneristica, FMP \u00e8 un nome affidabile nel settore idraulico, impegnato a fornire prodotti affidabili, durevoli e innovativi che potenziano le aziende in tutto il mondo.<\/p>\n<p class=\"break-words\">La nostra azienda integra il meglio delle tradizioni di produzione avanzata con un approccio lungimirante. Grazie ad anni di esperienza nei sistemi idraulici, FMP si \u00e8 evoluta in un&#039;azienda moderna che eccelle nella ricerca, nella progettazione e nella produzione. Siamo specializzati in un&#039;ampia gamma di cilindri idraulici, tra cui cilindri a doppio effetto, cilindri di sollevamento per autoveicoli, cilindri per macchinari agricoli e soluzioni progettate su misura per varie applicazioni industriali. Che si tratti di edilizia, installazioni industriali, agricoltura o macchinari pesanti, i nostri cilindri idraulici sono costruiti per funzionare nelle condizioni pi\u00f9 difficili, garantendo sicurezza, efficienza e longevit\u00e0.<\/p>\n<p><img loading=\"lazy\" decoding=\"async\" class=\"alignnone size-full wp-image-6720\" src=\"https:\/\/fmp-components.com\/wp-content\/uploads\/2025\/03\/hydraulic-cylinder-8.webp\" alt=\"Cilindri idraulici telescopici\" width=\"933\" height=\"526\" title=\"\" srcset=\"https:\/\/fmp-components.com\/wp-content\/uploads\/2025\/03\/hydraulic-cylinder-8.webp 933w, https:\/\/fmp-components.com\/wp-content\/uploads\/2025\/03\/hydraulic-cylinder-8-480x271.webp 480w\" sizes=\"(min-width: 0px) and (max-width: 480px) 480px, (min-width: 481px) 933px, 100vw\" \/><\/p>\n<p class=\"break-words\">In FMP, siamo orgogliosi dei nostri stabilimenti di produzione all&#039;avanguardia, dotati di macchinari di precisione e sistemi di collaudo avanzati. I nostri processi di produzione rispettano rigorosi standard nazionali e internazionali, assicurando che ogni cilindro idraulico che esce dalla nostra fabbrica sia di qualit\u00e0 e affidabilit\u00e0 superiori. Il nostro team tecnico qualificato, abbinato a attrezzature all&#039;avanguardia, ci consente di mantenere un rigoroso controllo di qualit\u00e0 in ogni fase della produzione, dalla selezione delle materie prime all&#039;ispezione finale. Questa dedizione all&#039;eccellenza ci ha fatto guadagnare certificazioni e riconoscimenti dalle autorit\u00e0 del settore, consolidando ulteriormente la nostra reputazione di partner affidabile.<\/p>\n<p class=\"break-words\">La nostra missione \u00e8 semplice ma ambiziosa: fornire ai nostri clienti cilindri idraulici che superino le aspettative in termini di prestazioni, durata e valore. Operiamo secondo i principi guida di professionalit\u00e0, integrit\u00e0 e attenzione al cliente. Promuovendo una cultura di innovazione e precisione, perfezioniamo costantemente i nostri prodotti per rimanere all&#039;avanguardia in un mercato competitivo. La nostra gamma completa di prodotti e la capacit\u00e0 di offrire soluzioni personalizzate ci rendono la scelta ideale per le aziende che cercano cilindri idraulici ad alte prestazioni.<\/p>\n<p class=\"break-words\">FMP \u00e8 pi\u00f9 di un semplice produttore: siamo un partner per il tuo successo. Sappiamo che i nostri clienti contano su di noi per fornirti strumenti che migliorino la loro produttivit\u00e0 e sicurezza. Ecco perch\u00e9 ci impegniamo a offrire non solo prodotti di prima qualit\u00e0, ma anche un servizio eccezionale. Dalla consulenza iniziale al supporto post-vendita, lavoriamo a stretto contatto con i nostri clienti per garantire che le loro esigenze siano soddisfatte con professionalit\u00e0 e attenzione. I nostri prezzi competitivi, abbinati al nostro incrollabile impegno per la qualit\u00e0, rendono FMP la scelta intelligente per le aziende che desiderano investire in soluzioni idrauliche di cui possono fidarsi.<\/p>","protected":false},"excerpt":{"rendered":"<p>Quality Manufacturing Flatbed Tow Truck 4 Stage Hydraulic Cylinder The Quality Manufacturing Flatbed Tow Truck 4 Stage Hydraulic Cylinder is a top-of-the-line product designed for robust performance and long-lasting durability. It&#8217;s an indispensable part of various industries, including machinery repair shops, farms, energy and mining, machinery manufacturing, and machinery factories. This product&#8217;s central role lies [&hellip;]<\/p>","protected":false},"featured_media":6776,"comment_status":"closed","ping_status":"closed","template":"","meta":{"_et_pb_use_builder":"","_et_pb_old_content":"","_et_gb_content_width":""},"product_brand":[],"product_cat":[103],"product_tag":[34,105],"class_list":{"0":"post-6588","1":"product","2":"type-product","3":"status-publish","4":"has-post-thumbnail","6":"product_cat-telescopic-hydraulic-cylinders","7":"product_tag-hydraulic-cylinder","8":"product_tag-telescopic-hydraulic-cylinders","10":"first","11":"instock","12":"product-type-simple"},"_links":{"self":[{"href":"https:\/\/fmp-components.com\/it\/wp-json\/wp\/v2\/product\/6588","targetHints":{"allow":["GET"]}}],"collection":[{"href":"https:\/\/fmp-components.com\/it\/wp-json\/wp\/v2\/product"}],"about":[{"href":"https:\/\/fmp-components.com\/it\/wp-json\/wp\/v2\/types\/product"}],"replies":[{"embeddable":true,"href":"https:\/\/fmp-components.com\/it\/wp-json\/wp\/v2\/comments?post=6588"}],"wp:featuredmedia":[{"embeddable":true,"href":"https:\/\/fmp-components.com\/it\/wp-json\/wp\/v2\/media\/6776"}],"wp:attachment":[{"href":"https:\/\/fmp-components.com\/it\/wp-json\/wp\/v2\/media?parent=6588"}],"wp:term":[{"taxonomy":"product_brand","embeddable":true,"href":"https:\/\/fmp-components.com\/it\/wp-json\/wp\/v2\/product_brand?post=6588"},{"taxonomy":"product_cat","embeddable":true,"href":"https:\/\/fmp-components.com\/it\/wp-json\/wp\/v2\/product_cat?post=6588"},{"taxonomy":"product_tag","embeddable":true,"href":"https:\/\/fmp-components.com\/it\/wp-json\/wp\/v2\/product_tag?post=6588"}],"curies":[{"name":"parola chiave","href":"https:\/\/api.w.org\/{rel}","templated":true}]}}