{"id":6583,"date":"2025-03-11T06:31:13","date_gmt":"2025-03-11T06:31:13","guid":{"rendered":"https:\/\/fmp-components.com\/product\/hot-sale-4-stage-telescopic-hydraulic-cylinder-for-sale"},"modified":"2025-03-14T02:37:03","modified_gmt":"2025-03-14T02:37:03","slug":"hot-sale-4-stage-telescopic-hydraulic-cylinder-for-sale","status":"publish","type":"product","link":"https:\/\/fmp-components.com\/it\/product\/hot-sale-4-stage-telescopic-hydraulic-cylinder-for-sale\/","title":{"rendered":"Cilindro idraulico telescopico a 4 stadi in vendita a prezzi vantaggiosi"},"content":{"rendered":"<h2>Cilindro idraulico telescopico a 4 stadi in vendita a prezzi vantaggiosi<\/h2>\n<p>Approfitta dell'offerta migliore sul nostro cilindro idraulico telescopico a 4 stadi, il pi\u00f9 venduto al mondo. Questi cilindri sono nuovi di zecca e hanno una garanzia di un anno, il che li rende perfetti per una variet\u00e0 di settori, tra cui officine di riparazione di macchinari, aziende agricole, industria energetica e mineraria, produzione di macchinari e fabbriche di macchinari.<\/p>\n<h3>Specifiche del prodotto<\/h3>\n<p>Con un peso di 42 kg e un corpo in acciaio, i nostri cilindri idraulici sono progettati per essere robusti e affidabili. Offrono una struttura e una potenza standard, con un tipo multistadio e una spinta massima di 3000. L'alesaggio varia da 2 a 6 pollici, lo stelo da 1,125 a 4 pollici e la corsa da 4 a 100 pollici. La dimensione del perno di questi cilindri idraulici varia da 0,5 a 2 pollici con una forza di trazione massima di 20 tonnellate.<\/p>\n<table style=\"width: 94.6268%;\" border=\"\">\n<tbody>\n<tr>\n<th style=\"width: 43.4286%;\">Dimensioni del foro<\/th>\n<td style=\"width: 392%;\">2-6 pollici<\/td>\n<\/tr>\n<tr>\n<th style=\"width: 43.4286%;\">Dimensioni dell&#039;asta<\/th>\n<td style=\"width: 392%;\">1,125-4 pollici<\/td>\n<\/tr>\n<tr>\n<th style=\"width: 43.4286%;\">Dimensione del tratto<\/th>\n<td style=\"width: 392%;\">4-100 pollici<\/td>\n<\/tr>\n<tr>\n<th style=\"width: 43.4286%;\">Dimensione del perno<\/th>\n<td style=\"width: 392%;\">0,5-2 pollici<\/td>\n<\/tr>\n<tr>\n<th style=\"width: 43.4286%;\">Porti<\/th>\n<td style=\"width: 392%;\">G\/SAE\/NPT\/M<\/td>\n<\/tr>\n<\/tbody>\n<\/table>\n<h2>Caratteristiche e vantaggi del prodotto<\/h2>\n<p>I nostri cilindri idraulici sono efficienti dal punto di vista energetico, ad alte prestazioni e sicuri. Sono progettati per resistere a un utilizzo intensivo in diverse applicazioni industriali. Il sistema idraulico \u00e8 progettato per fornire potenza e controllo efficienti, rendendoli una scelta affidabile per applicazioni industriali e agricole.<\/p>\n<p><img loading=\"lazy\" decoding=\"async\" class=\"alignnone  wp-image-6664\" src=\"https:\/\/fmp-components.com\/wp-content\/uploads\/2025\/03\/telescopic-hydraulic-cylinder-8.webp\" alt=\"cilindro idraulico telescopico\" width=\"808\" height=\"808\" title=\"\" srcset=\"https:\/\/fmp-components.com\/wp-content\/uploads\/2025\/03\/telescopic-hydraulic-cylinder-8.webp 808w, https:\/\/fmp-components.com\/wp-content\/uploads\/2025\/03\/telescopic-hydraulic-cylinder-8-480x480.webp 480w\" sizes=\"(min-width: 0px) and (max-width: 480px) 480px, (min-width: 481px) 808px, 100vw\" \/><\/p>\n<h2>Cilindri idraulici e gruppi di potenza<\/h2>\n<p>I cilindri idraulici e le centraline sono parti integranti del sistema idraulico. La loro funzione combinata garantisce l'ampia applicazione della tecnologia idraulica in campo industriale, fornendo potenza affidabile e supporto di controllo per varie apparecchiature meccaniche e ingegneristiche. Il cilindro idraulico, in quanto attuatore, \u00e8 responsabile della conversione dell'energia idraulica in movimento meccanico, convertendo la pressione in forza. La centralina, invece, \u00e8 il nucleo che fornisce l'energia e i segnali di controllo richiesti dal sistema idraulico. La loro cooperazione coordinata consente il normale funzionamento del sistema idraulico.<\/p>\n<h2>Domande frequenti<\/h2>\n<p><strong>D: Quanto tempo ci vuole per la consegna?<\/strong><br \/>\nA: In genere, i tempi di consegna sono di 25-35 giorni.<\/p>\n<p><strong>D: Fornite campioni? Sono gratuiti o extra?<\/strong><br \/>\nR: S\u00ec, forniamo campioni, ma non sono gratuiti.<\/p>\n<p><strong>D: Potete produrre secondo i campioni?<\/strong><br \/>\nA: S\u00ec, possiamo produrre i vostri campioni o disegni tecnici.<\/p>\n<h3>Informazioni su FMP<\/h3>\n<p class=\"break-words\">FMP \u00e8 un produttore italiano leader specializzato nella progettazione, sviluppo e produzione di cilindri idraulici di alta qualit\u00e0. Con una ricca tradizione radicata in decenni di competenza, uniamo con orgoglio l&#039;artigianato italiano con la tecnologia all&#039;avanguardia per fornire soluzioni idrauliche eccezionali su misura per soddisfare le diverse esigenze della nostra clientela globale. Con sede in Italia, un polo di eccellenza ingegneristica, FMP \u00e8 un nome affidabile nel settore idraulico, impegnato a fornire prodotti affidabili, durevoli e innovativi che potenziano le aziende in tutto il mondo.<\/p>\n<p class=\"break-words\">La nostra azienda integra il meglio delle tradizioni di produzione avanzata con un approccio lungimirante. Grazie ad anni di esperienza nei sistemi idraulici, FMP si \u00e8 evoluta in un&#039;azienda moderna che eccelle nella ricerca, nella progettazione e nella produzione. Siamo specializzati in un&#039;ampia gamma di cilindri idraulici, tra cui cilindri a doppio effetto, cilindri di sollevamento per autoveicoli, cilindri per macchinari agricoli e soluzioni progettate su misura per varie applicazioni industriali. Che si tratti di edilizia, installazioni industriali, agricoltura o macchinari pesanti, i nostri cilindri idraulici sono costruiti per funzionare nelle condizioni pi\u00f9 difficili, garantendo sicurezza, efficienza e longevit\u00e0.<\/p>\n<p><img loading=\"lazy\" decoding=\"async\" class=\"alignnone size-full wp-image-6720\" src=\"https:\/\/fmp-components.com\/wp-content\/uploads\/2025\/03\/hydraulic-cylinder-8.webp\" alt=\"Cilindri idraulici telescopici\" width=\"933\" height=\"526\" title=\"\" srcset=\"https:\/\/fmp-components.com\/wp-content\/uploads\/2025\/03\/hydraulic-cylinder-8.webp 933w, https:\/\/fmp-components.com\/wp-content\/uploads\/2025\/03\/hydraulic-cylinder-8-480x271.webp 480w\" sizes=\"(min-width: 0px) and (max-width: 480px) 480px, (min-width: 481px) 933px, 100vw\" \/><\/p>\n<p class=\"break-words\">In FMP, siamo orgogliosi dei nostri stabilimenti di produzione all&#039;avanguardia, dotati di macchinari di precisione e sistemi di collaudo avanzati. I nostri processi di produzione rispettano rigorosi standard nazionali e internazionali, assicurando che ogni cilindro idraulico che esce dalla nostra fabbrica sia di qualit\u00e0 e affidabilit\u00e0 superiori. Il nostro team tecnico qualificato, abbinato a attrezzature all&#039;avanguardia, ci consente di mantenere un rigoroso controllo di qualit\u00e0 in ogni fase della produzione, dalla selezione delle materie prime all&#039;ispezione finale. Questa dedizione all&#039;eccellenza ci ha fatto guadagnare certificazioni e riconoscimenti dalle autorit\u00e0 del settore, consolidando ulteriormente la nostra reputazione di partner affidabile.<\/p>\n<p class=\"break-words\">La nostra missione \u00e8 semplice ma ambiziosa: fornire ai nostri clienti cilindri idraulici che superino le aspettative in termini di prestazioni, durata e valore. Operiamo secondo i principi guida di professionalit\u00e0, integrit\u00e0 e attenzione al cliente. Promuovendo una cultura di innovazione e precisione, perfezioniamo costantemente i nostri prodotti per rimanere all&#039;avanguardia in un mercato competitivo. La nostra gamma completa di prodotti e la capacit\u00e0 di offrire soluzioni personalizzate ci rendono la scelta ideale per le aziende che cercano cilindri idraulici ad alte prestazioni.<\/p>\n<p class=\"break-words\">FMP \u00e8 pi\u00f9 di un semplice produttore: siamo un partner per il tuo successo. Sappiamo che i nostri clienti contano su di noi per fornirti strumenti che migliorino la loro produttivit\u00e0 e sicurezza. Ecco perch\u00e9 ci impegniamo a offrire non solo prodotti di prima qualit\u00e0, ma anche un servizio eccezionale. Dalla consulenza iniziale al supporto post-vendita, lavoriamo a stretto contatto con i nostri clienti per garantire che le loro esigenze siano soddisfatte con professionalit\u00e0 e attenzione. I nostri prezzi competitivi, abbinati al nostro incrollabile impegno per la qualit\u00e0, rendono FMP la scelta intelligente per le aziende che desiderano investire in soluzioni idrauliche di cui possono fidarsi.<\/p>","protected":false},"excerpt":{"rendered":"<p>Hot Sale 4 Stage Telescopic Hydraulic Cylinder for Sale Get the best deal on our hot selling 4-stage telescopic hydraulic cylinder. These cylinders are brand new and come with a one-year warranty, making them perfect for a variety of industries including machinery repair shops, farms, energy &amp; mining, machinery manufacturing, and machinery factories. Product Specifications [&hellip;]<\/p>","protected":false},"featured_media":6788,"comment_status":"closed","ping_status":"closed","template":"","meta":{"_et_pb_use_builder":"","_et_pb_old_content":"","_et_gb_content_width":""},"product_brand":[],"product_cat":[103],"product_tag":[34,105],"class_list":{"0":"post-6583","1":"product","2":"type-product","3":"status-publish","4":"has-post-thumbnail","6":"product_cat-telescopic-hydraulic-cylinders","7":"product_tag-hydraulic-cylinder","8":"product_tag-telescopic-hydraulic-cylinders","10":"first","11":"instock","12":"product-type-simple"},"_links":{"self":[{"href":"https:\/\/fmp-components.com\/it\/wp-json\/wp\/v2\/product\/6583","targetHints":{"allow":["GET"]}}],"collection":[{"href":"https:\/\/fmp-components.com\/it\/wp-json\/wp\/v2\/product"}],"about":[{"href":"https:\/\/fmp-components.com\/it\/wp-json\/wp\/v2\/types\/product"}],"replies":[{"embeddable":true,"href":"https:\/\/fmp-components.com\/it\/wp-json\/wp\/v2\/comments?post=6583"}],"wp:featuredmedia":[{"embeddable":true,"href":"https:\/\/fmp-components.com\/it\/wp-json\/wp\/v2\/media\/6788"}],"wp:attachment":[{"href":"https:\/\/fmp-components.com\/it\/wp-json\/wp\/v2\/media?parent=6583"}],"wp:term":[{"taxonomy":"product_brand","embeddable":true,"href":"https:\/\/fmp-components.com\/it\/wp-json\/wp\/v2\/product_brand?post=6583"},{"taxonomy":"product_cat","embeddable":true,"href":"https:\/\/fmp-components.com\/it\/wp-json\/wp\/v2\/product_cat?post=6583"},{"taxonomy":"product_tag","embeddable":true,"href":"https:\/\/fmp-components.com\/it\/wp-json\/wp\/v2\/product_tag?post=6583"}],"curies":[{"name":"parola chiave","href":"https:\/\/api.w.org\/{rel}","templated":true}]}}