{"id":6581,"date":"2025-03-11T06:31:13","date_gmt":"2025-03-11T06:31:13","guid":{"rendered":"https:\/\/fmp-components.com\/product\/professional-craftsmanship-mini-small-dump-truck-hydraulic-telescopic-cylinder"},"modified":"2025-03-12T05:31:52","modified_gmt":"2025-03-12T05:31:52","slug":"professional-craftsmanship-mini-small-dump-truck-hydraulic-telescopic-cylinder","status":"publish","type":"product","link":"https:\/\/fmp-components.com\/it\/product\/professional-craftsmanship-mini-small-dump-truck-hydraulic-telescopic-cylinder\/","title":{"rendered":"Cilindro telescopico idraulico per mini autocarri con cassone ribaltabile di piccole dimensioni, lavorazione artigianale professionale"},"content":{"rendered":"<h2>Cilindro telescopico idraulico per mini autocarri con cassone ribaltabile di piccole dimensioni, lavorazione artigianale professionale<\/h2>\n<p>Il cilindro telescopico idraulico \u00e8 un prodotto di alta qualit\u00e0 artigianale. Questi mini cilindri idraulici per autocarri con cassone ribaltabile sono progettati per l&#039;uso in vari settori, come officine di riparazione di macchinari, aziende agricole, industria energetica e mineraria, produzione di macchinari e fabbriche. Questi settori fanno affidamento su macchinari che richiedono sistemi idraulici potenti e affidabili.<\/p>\n<p><img loading=\"lazy\" decoding=\"async\" class=\"alignnone  wp-image-6661\" src=\"https:\/\/fmp-components.com\/wp-content\/uploads\/2025\/03\/telescopic-hydraulic-cylinder-10.webp\" alt=\"cilindro idraulico telescopico\" width=\"882\" height=\"882\" title=\"\" srcset=\"https:\/\/fmp-components.com\/wp-content\/uploads\/2025\/03\/telescopic-hydraulic-cylinder-10.webp 882w, https:\/\/fmp-components.com\/wp-content\/uploads\/2025\/03\/telescopic-hydraulic-cylinder-10-480x480.webp 480w\" sizes=\"(min-width: 0px) and (max-width: 480px) 480px, (min-width: 481px) 882px, 100vw\" \/><\/p>\n<h3>Caratteristiche e importanza del prodotto<\/h3>\n<p>Il cilindro telescopico idraulico \u00e8 un componente essenziale dei sistemi idraulici in questi settori. Fornisce una forza potente e affidabile in grado di sollevare, spingere, tirare e trattenere carichi, rendendolo un elemento fondamentale delle operazioni. Il cilindro ha una struttura multistadio, che consente maggiori distanze di estensione e retrazione, pur mantenendo dimensioni compatte quando completamente retratto.<\/p>\n<h3>Specifiche del prodotto<\/h3>\n<table style=\"width: 98.0631%;\" border=\"\">\n<tbody>\n<tr>\n<th style=\"width: 16.9576%;\">Dimensioni del foro<\/th>\n<th style=\"width: 20.4489%;\">Dimensioni dell&#039;asta<\/th>\n<th style=\"width: 19.9501%;\">Dimensione del tratto<\/th>\n<th style=\"width: 16.4589%;\">Dimensione del perno<\/th>\n<th style=\"width: 149.377%;\">Porti<\/th>\n<\/tr>\n<tr>\n<td style=\"width: 16.9576%;\">2-6 pollici<\/td>\n<td style=\"width: 20.4489%;\">1,125-4 pollici<\/td>\n<td style=\"width: 19.9501%;\">4-100 pollici<\/td>\n<td style=\"width: 16.4589%;\">0,5-2 pollici<\/td>\n<td style=\"width: 149.377%;\">G\/SAE\/NPT\/M<\/td>\n<\/tr>\n<\/tbody>\n<\/table>\n<h3>Vantaggi del prodotto<\/h3>\n<ul>\n<li>Efficienza energetica: i sistemi idraulici sono noti per il loro elevato rapporto potenza-dimensioni, che li rende altamente efficienti.<\/li>\n<li>Sicurezza: la progettazione e la costruzione del cilindro idraulico garantiscono un funzionamento sicuro anche in condizioni di pressione intensa.<\/li>\n<li>Alta qualit\u00e0: il cilindro idraulico \u00e8 realizzato in acciaio robusto e durevole, che ne garantisce la longevit\u00e0.<\/li>\n<\/ul>\n<h2>Sistemi idraulici e funzionamento<\/h2>\n<p>Il cilindro telescopico idraulico funziona utilizzando fluido idraulico sotto pressione per creare un movimento lineare. Questo movimento viene utilizzato per svolgere diverse funzioni nei macchinari, in particolare per il sollevamento e lo spostamento di carichi.<\/p>\n<p><img loading=\"lazy\" decoding=\"async\" class=\"alignnone  wp-image-6662\" src=\"https:\/\/fmp-components.com\/wp-content\/uploads\/2025\/03\/telescopic-hydraulic-cylinder-4.webp\" alt=\"cilindro idraulico telescopico\" width=\"945\" height=\"945\" title=\"\" srcset=\"https:\/\/fmp-components.com\/wp-content\/uploads\/2025\/03\/telescopic-hydraulic-cylinder-4.webp 945w, https:\/\/fmp-components.com\/wp-content\/uploads\/2025\/03\/telescopic-hydraulic-cylinder-4-480x480.webp 480w\" sizes=\"(min-width: 0px) and (max-width: 480px) 480px, (min-width: 481px) 945px, 100vw\" \/><\/p>\n<h2>Cilindri idraulici e gruppi di potenza<\/h2>\n<p>Il cilindro idraulico e la centralina sono componenti indispensabili del sistema idraulico. La loro azione combinata garantisce l&#039;ampia applicazione della tecnologia idraulica in campo industriale, fornendo potenza affidabile e supporto al controllo per diverse apparecchiature meccaniche e ingegneristiche. Il cilindro idraulico, in quanto attuatore, \u00e8 responsabile della conversione dell&#039;energia idraulica in movimento meccanico, trasformando la pressione in forza. La centralina \u00e8 il cuore pulsante che fornisce l&#039;energia e i segnali di controllo richiesti dal sistema idraulico. La loro cooperazione coordinata consente il normale funzionamento del sistema idraulico.<\/p>\n<h3>Domande frequenti<\/h3>\n<dl>\n<dt>D: Siete una societ\u00e0 commerciale o produttrice?<\/dt>\n<dd>A: Siamo un produttore.<\/dd>\n<dt>D: Quanto tempo impiegate per la consegna?<\/dt>\n<dd>R: In genere sono 25-35 giorni.<\/dd>\n<dt>D: Fornite campioni? Sono gratuiti o extra?<\/dt>\n<dd>R: S\u00ec, potremmo offrire il campione, ma non \u00e8 gratuito.<\/dd>\n<\/dl>\n<h3>Informazioni su FMP<\/h3>\n<p class=\"break-words\">FMP \u00e8 un produttore italiano leader specializzato nella progettazione, sviluppo e produzione di cilindri idraulici di alta qualit\u00e0. Con una ricca tradizione radicata in decenni di competenza, uniamo con orgoglio l&#039;artigianato italiano con la tecnologia all&#039;avanguardia per fornire soluzioni idrauliche eccezionali su misura per soddisfare le diverse esigenze della nostra clientela globale. Con sede in Italia, un polo di eccellenza ingegneristica, FMP \u00e8 un nome affidabile nel settore idraulico, impegnato a fornire prodotti affidabili, durevoli e innovativi che potenziano le aziende in tutto il mondo.<\/p>\n<p class=\"break-words\">La nostra azienda integra il meglio delle tradizioni di produzione avanzata con un approccio lungimirante. Grazie ad anni di esperienza nei sistemi idraulici, FMP si \u00e8 evoluta in un&#039;azienda moderna che eccelle nella ricerca, nella progettazione e nella produzione. Siamo specializzati in un&#039;ampia gamma di cilindri idraulici, tra cui cilindri a doppio effetto, cilindri di sollevamento per autoveicoli, cilindri per macchinari agricoli e soluzioni progettate su misura per varie applicazioni industriali. Che si tratti di edilizia, installazioni industriali, agricoltura o macchinari pesanti, i nostri cilindri idraulici sono costruiti per funzionare nelle condizioni pi\u00f9 difficili, garantendo sicurezza, efficienza e longevit\u00e0.<\/p>\n<p><img loading=\"lazy\" decoding=\"async\" class=\"alignnone size-full wp-image-6720\" src=\"https:\/\/fmp-components.com\/wp-content\/uploads\/2025\/03\/hydraulic-cylinder-8.webp\" alt=\"Cilindri idraulici telescopici\" width=\"933\" height=\"526\" title=\"\" srcset=\"https:\/\/fmp-components.com\/wp-content\/uploads\/2025\/03\/hydraulic-cylinder-8.webp 933w, https:\/\/fmp-components.com\/wp-content\/uploads\/2025\/03\/hydraulic-cylinder-8-480x271.webp 480w\" sizes=\"(min-width: 0px) and (max-width: 480px) 480px, (min-width: 481px) 933px, 100vw\" \/><\/p>\n<p class=\"break-words\">In FMP, siamo orgogliosi dei nostri stabilimenti di produzione all&#039;avanguardia, dotati di macchinari di precisione e sistemi di collaudo avanzati. I nostri processi di produzione rispettano rigorosi standard nazionali e internazionali, assicurando che ogni cilindro idraulico che esce dalla nostra fabbrica sia di qualit\u00e0 e affidabilit\u00e0 superiori. Il nostro team tecnico qualificato, abbinato a attrezzature all&#039;avanguardia, ci consente di mantenere un rigoroso controllo di qualit\u00e0 in ogni fase della produzione, dalla selezione delle materie prime all&#039;ispezione finale. Questa dedizione all&#039;eccellenza ci ha fatto guadagnare certificazioni e riconoscimenti dalle autorit\u00e0 del settore, consolidando ulteriormente la nostra reputazione di partner affidabile.<\/p>\n<p class=\"break-words\">La nostra missione \u00e8 semplice ma ambiziosa: fornire ai nostri clienti cilindri idraulici che superino le aspettative in termini di prestazioni, durata e valore. Operiamo secondo i principi guida di professionalit\u00e0, integrit\u00e0 e attenzione al cliente. Promuovendo una cultura di innovazione e precisione, perfezioniamo costantemente i nostri prodotti per rimanere all&#039;avanguardia in un mercato competitivo. La nostra gamma completa di prodotti e la capacit\u00e0 di offrire soluzioni personalizzate ci rendono la scelta ideale per le aziende che cercano cilindri idraulici ad alte prestazioni.<\/p>\n<p class=\"break-words\">FMP \u00e8 pi\u00f9 di un semplice produttore: siamo un partner per il tuo successo. Sappiamo che i nostri clienti contano su di noi per fornirti strumenti che migliorino la loro produttivit\u00e0 e sicurezza. Ecco perch\u00e9 ci impegniamo a offrire non solo prodotti di prima qualit\u00e0, ma anche un servizio eccezionale. Dalla consulenza iniziale al supporto post-vendita, lavoriamo a stretto contatto con i nostri clienti per garantire che le loro esigenze siano soddisfatte con professionalit\u00e0 e attenzione. I nostri prezzi competitivi, abbinati al nostro incrollabile impegno per la qualit\u00e0, rendono FMP la scelta intelligente per le aziende che desiderano investire in soluzioni idrauliche di cui possono fidarsi.<\/p>","protected":false},"excerpt":{"rendered":"<p>Professional Craftsmanship Mini Small Dump Truck Hydraulic Telescopic Cylinder The Hydraulic Telescopic Cylinder is a product of high professional craftsmanship. These mini, small dump truck hydraulic cylinders are designed for use in various industries such as machinery repair shops, farms, energy and mining, machinery manufacturing, and factories. These industries rely heavily on machinery that requires [&hellip;]<\/p>","protected":false},"featured_media":6724,"comment_status":"closed","ping_status":"closed","template":"","meta":{"_et_pb_use_builder":"","_et_pb_old_content":"","_et_gb_content_width":""},"product_brand":[],"product_cat":[103],"product_tag":[34,105],"class_list":{"0":"post-6581","1":"product","2":"type-product","3":"status-publish","4":"has-post-thumbnail","6":"product_cat-telescopic-hydraulic-cylinders","7":"product_tag-hydraulic-cylinder","8":"product_tag-telescopic-hydraulic-cylinders","10":"first","11":"instock","12":"product-type-simple"},"_links":{"self":[{"href":"https:\/\/fmp-components.com\/it\/wp-json\/wp\/v2\/product\/6581","targetHints":{"allow":["GET"]}}],"collection":[{"href":"https:\/\/fmp-components.com\/it\/wp-json\/wp\/v2\/product"}],"about":[{"href":"https:\/\/fmp-components.com\/it\/wp-json\/wp\/v2\/types\/product"}],"replies":[{"embeddable":true,"href":"https:\/\/fmp-components.com\/it\/wp-json\/wp\/v2\/comments?post=6581"}],"wp:featuredmedia":[{"embeddable":true,"href":"https:\/\/fmp-components.com\/it\/wp-json\/wp\/v2\/media\/6724"}],"wp:attachment":[{"href":"https:\/\/fmp-components.com\/it\/wp-json\/wp\/v2\/media?parent=6581"}],"wp:term":[{"taxonomy":"product_brand","embeddable":true,"href":"https:\/\/fmp-components.com\/it\/wp-json\/wp\/v2\/product_brand?post=6581"},{"taxonomy":"product_cat","embeddable":true,"href":"https:\/\/fmp-components.com\/it\/wp-json\/wp\/v2\/product_cat?post=6581"},{"taxonomy":"product_tag","embeddable":true,"href":"https:\/\/fmp-components.com\/it\/wp-json\/wp\/v2\/product_tag?post=6581"}],"curies":[{"name":"parola chiave","href":"https:\/\/api.w.org\/{rel}","templated":true}]}}