{"id":6580,"date":"2025-03-11T06:31:13","date_gmt":"2025-03-11T06:31:13","guid":{"rendered":"https:\/\/fmp-components.com\/product\/chinese-factory-mini-hydraulic-telescope-cylinder-dump-truck-hydraulic-cylinder"},"modified":"2025-03-12T05:29:38","modified_gmt":"2025-03-12T05:29:38","slug":"chinese-factory-mini-hydraulic-telescope-cylinder-dump-truck-hydraulic-cylinder","status":"publish","type":"product","link":"https:\/\/fmp-components.com\/it\/product\/chinese-factory-mini-hydraulic-telescope-cylinder-dump-truck-hydraulic-cylinder\/","title":{"rendered":"Cilindro idraulico telescopico mini della fabbrica italiana Cilindro idraulico per autocarri con cassone ribaltabile"},"content":{"rendered":"<h2>Cilindro idraulico telescopico mini della fabbrica italiana Cilindro idraulico per autocarri con cassone ribaltabile<\/h2>\n<h3>Caratteristiche e vantaggi<\/h3>\n<p>Il mini cilindro telescopico idraulico \u00e8 progettato per garantire risparmio energetico, elevata efficienza e sicurezza. Le sue caratteristiche uniche includono:<\/p>\n<ul>\n<li>Struttura standard del cilindro dello stantuffo per un funzionamento fluido e preciso<\/li>\n<li>Materiale del corpo in acciaio resistente per durata e longevit\u00e0<\/li>\n<li>Spinta massima di 3000 e tiro massimo di 20 tonnellate per compiti pesanti<\/li>\n<li>Colore nero per un look elegante e professionale<\/li>\n<\/ul>\n<h3>Specifiche tecniche<\/h3>\n<p>Il nostro mini cilindro telescopico idraulico vanta caratteristiche tecniche di prim'ordine che lo distinguono sul mercato. Ecco i dettagli:<\/p>\n<table style=\"width: 96.7113%;\" border=\"\">\n<tbody>\n<tr>\n<td style=\"width: 42.9379%;\"><i>Dimensioni del foro<\/i><\/td>\n<td style=\"width: 457.062%;\">2-6 pollici<\/td>\n<\/tr>\n<tr>\n<td style=\"width: 42.9379%;\"><i>Dimensioni dell&#039;asta<\/i><\/td>\n<td style=\"width: 457.062%;\">1,125-4 pollici<\/td>\n<\/tr>\n<tr>\n<td style=\"width: 42.9379%;\"><i>Dimensione del tratto<\/i><\/td>\n<td style=\"width: 457.062%;\">4-100 pollici<\/td>\n<\/tr>\n<tr>\n<td style=\"width: 42.9379%;\"><i>Dimensione del perno<\/i><\/td>\n<td style=\"width: 457.062%;\">0,5-2 pollici<\/td>\n<\/tr>\n<tr>\n<td style=\"width: 42.9379%;\"><i>Porti<\/i><\/td>\n<td style=\"width: 457.062%;\">G\/SAE\/NPT\/M<\/td>\n<\/tr>\n<\/tbody>\n<\/table>\n<h3>Sistema idraulico e principio di funzionamento<\/h3>\n<p>Il mini cilindro telescopico idraulico funziona secondo il principio della potenza idraulica, convertendo l'energia idraulica in movimento meccanico. Lavora in tandem con l'unit\u00e0 di potenza, che fornisce l'energia e i segnali di controllo necessari al sistema.<\/p>\n<h2>Applicazioni<\/h2>\n<p>Il mini cilindro telescopico idraulico \u00e8 ampiamente utilizzato nelle officine di riparazione di macchinari, nelle aziende agricole, nei settori energetico e minerario, nella produzione di macchinari e nelle fabbriche di macchinari. Grazie alle sue capacit\u00e0 di resistenza, offre una soluzione affidabile per applicazioni gravose.<\/p>\n<p><img loading=\"lazy\" decoding=\"async\" class=\"alignnone  wp-image-6663\" src=\"https:\/\/fmp-components.com\/wp-content\/uploads\/2025\/03\/telescopic-hydraulic-cylinder-11.webp\" alt=\"cilindro idraulico telescopico\" width=\"858\" height=\"858\" title=\"\" srcset=\"https:\/\/fmp-components.com\/wp-content\/uploads\/2025\/03\/telescopic-hydraulic-cylinder-11.webp 858w, https:\/\/fmp-components.com\/wp-content\/uploads\/2025\/03\/telescopic-hydraulic-cylinder-11-480x480.webp 480w\" sizes=\"(min-width: 0px) and (max-width: 480px) 480px, (min-width: 481px) 858px, 100vw\" \/><\/p>\n<h2>Cilindri idraulici e gruppi di potenza<\/h2>\n<p>Il cilindro idraulico e la centralina sono parti integranti del sistema idraulico. La loro azione combinata garantisce l'ampia applicazione della tecnologia idraulica in campo industriale, fornendo potenza affidabile e supporto di controllo per varie apparecchiature meccaniche e ingegneristiche. Il cilindro idraulico, in qualit\u00e0 di esecutore, \u00e8 responsabile della conversione dell'energia idraulica in movimento meccanico, convertendo la pressione in forza. Il dispositivo di potenza \u00e8 il nucleo che fornisce l'energia e i segnali di controllo richiesti dal sistema idraulico. Solo la cooperazione coordinata tra i due pu\u00f2 garantire il normale funzionamento del sistema idraulico. FMP offre anche centraline in vendita.<\/p>\n<h3>Informazioni su FMP<\/h3>\n<p class=\"break-words\">FMP \u00e8 un produttore italiano leader specializzato nella progettazione, sviluppo e produzione di cilindri idraulici di alta qualit\u00e0. Con una ricca tradizione radicata in decenni di competenza, uniamo con orgoglio l&#039;artigianato italiano con la tecnologia all&#039;avanguardia per fornire soluzioni idrauliche eccezionali su misura per soddisfare le diverse esigenze della nostra clientela globale. Con sede in Italia, un polo di eccellenza ingegneristica, FMP \u00e8 un nome affidabile nel settore idraulico, impegnato a fornire prodotti affidabili, durevoli e innovativi che potenziano le aziende in tutto il mondo.<\/p>\n<p class=\"break-words\">La nostra azienda integra il meglio delle tradizioni di produzione avanzata con un approccio lungimirante. Grazie ad anni di esperienza nei sistemi idraulici, FMP si \u00e8 evoluta in un&#039;azienda moderna che eccelle nella ricerca, nella progettazione e nella produzione. Siamo specializzati in un&#039;ampia gamma di cilindri idraulici, tra cui cilindri a doppio effetto, cilindri di sollevamento per autoveicoli, cilindri per macchinari agricoli e soluzioni progettate su misura per varie applicazioni industriali. Che si tratti di edilizia, installazioni industriali, agricoltura o macchinari pesanti, i nostri cilindri idraulici sono costruiti per funzionare nelle condizioni pi\u00f9 difficili, garantendo sicurezza, efficienza e longevit\u00e0.<\/p>\n<p><img loading=\"lazy\" decoding=\"async\" class=\"alignnone size-full wp-image-6720\" src=\"https:\/\/fmp-components.com\/wp-content\/uploads\/2025\/03\/hydraulic-cylinder-8.webp\" alt=\"Cilindri idraulici telescopici\" width=\"933\" height=\"526\" title=\"\" srcset=\"https:\/\/fmp-components.com\/wp-content\/uploads\/2025\/03\/hydraulic-cylinder-8.webp 933w, https:\/\/fmp-components.com\/wp-content\/uploads\/2025\/03\/hydraulic-cylinder-8-480x271.webp 480w\" sizes=\"(min-width: 0px) and (max-width: 480px) 480px, (min-width: 481px) 933px, 100vw\" \/><\/p>\n<p class=\"break-words\">In FMP, siamo orgogliosi dei nostri stabilimenti di produzione all&#039;avanguardia, dotati di macchinari di precisione e sistemi di collaudo avanzati. I nostri processi di produzione rispettano rigorosi standard nazionali e internazionali, assicurando che ogni cilindro idraulico che esce dalla nostra fabbrica sia di qualit\u00e0 e affidabilit\u00e0 superiori. Il nostro team tecnico qualificato, abbinato a attrezzature all&#039;avanguardia, ci consente di mantenere un rigoroso controllo di qualit\u00e0 in ogni fase della produzione, dalla selezione delle materie prime all&#039;ispezione finale. Questa dedizione all&#039;eccellenza ci ha fatto guadagnare certificazioni e riconoscimenti dalle autorit\u00e0 del settore, consolidando ulteriormente la nostra reputazione di partner affidabile.<\/p>\n<p class=\"break-words\">La nostra missione \u00e8 semplice ma ambiziosa: fornire ai nostri clienti cilindri idraulici che superino le aspettative in termini di prestazioni, durata e valore. Operiamo secondo i principi guida di professionalit\u00e0, integrit\u00e0 e attenzione al cliente. Promuovendo una cultura di innovazione e precisione, perfezioniamo costantemente i nostri prodotti per rimanere all&#039;avanguardia in un mercato competitivo. La nostra gamma completa di prodotti e la capacit\u00e0 di offrire soluzioni personalizzate ci rendono la scelta ideale per le aziende che cercano cilindri idraulici ad alte prestazioni.<\/p>\n<p class=\"break-words\">FMP \u00e8 pi\u00f9 di un semplice produttore: siamo un partner per il tuo successo. Sappiamo che i nostri clienti contano su di noi per fornirti strumenti che migliorino la loro produttivit\u00e0 e sicurezza. Ecco perch\u00e9 ci impegniamo a offrire non solo prodotti di prima qualit\u00e0, ma anche un servizio eccezionale. Dalla consulenza iniziale al supporto post-vendita, lavoriamo a stretto contatto con i nostri clienti per garantire che le loro esigenze siano soddisfatte con professionalit\u00e0 e attenzione. I nostri prezzi competitivi, abbinati al nostro incrollabile impegno per la qualit\u00e0, rendono FMP la scelta intelligente per le aziende che desiderano investire in soluzioni idrauliche di cui possono fidarsi.<\/p>","protected":false},"excerpt":{"rendered":"<p>Italian Factory Mini Hydraulic Telescope Cylinder Dump Truck Hydraulic Cylinder Features &amp; Benefits The Mini Hydraulic Telescope Cylinder is designed with energy-saving, high efficiency and safety in mind. Its unique features include: Standard plunger cylinder structure for smooth and precise operation Strong steel body material for durability and longevity Maximum thrust of 3000 and maximum [&hellip;]<\/p>","protected":false},"featured_media":6723,"comment_status":"closed","ping_status":"closed","template":"","meta":{"_et_pb_use_builder":"","_et_pb_old_content":"","_et_gb_content_width":""},"product_brand":[],"product_cat":[103],"product_tag":[34,105],"class_list":{"0":"post-6580","1":"product","2":"type-product","3":"status-publish","4":"has-post-thumbnail","6":"product_cat-telescopic-hydraulic-cylinders","7":"product_tag-hydraulic-cylinder","8":"product_tag-telescopic-hydraulic-cylinders","10":"first","11":"instock","12":"product-type-simple"},"_links":{"self":[{"href":"https:\/\/fmp-components.com\/it\/wp-json\/wp\/v2\/product\/6580","targetHints":{"allow":["GET"]}}],"collection":[{"href":"https:\/\/fmp-components.com\/it\/wp-json\/wp\/v2\/product"}],"about":[{"href":"https:\/\/fmp-components.com\/it\/wp-json\/wp\/v2\/types\/product"}],"replies":[{"embeddable":true,"href":"https:\/\/fmp-components.com\/it\/wp-json\/wp\/v2\/comments?post=6580"}],"wp:featuredmedia":[{"embeddable":true,"href":"https:\/\/fmp-components.com\/it\/wp-json\/wp\/v2\/media\/6723"}],"wp:attachment":[{"href":"https:\/\/fmp-components.com\/it\/wp-json\/wp\/v2\/media?parent=6580"}],"wp:term":[{"taxonomy":"product_brand","embeddable":true,"href":"https:\/\/fmp-components.com\/it\/wp-json\/wp\/v2\/product_brand?post=6580"},{"taxonomy":"product_cat","embeddable":true,"href":"https:\/\/fmp-components.com\/it\/wp-json\/wp\/v2\/product_cat?post=6580"},{"taxonomy":"product_tag","embeddable":true,"href":"https:\/\/fmp-components.com\/it\/wp-json\/wp\/v2\/product_tag?post=6580"}],"curies":[{"name":"parola chiave","href":"https:\/\/api.w.org\/{rel}","templated":true}]}}