{"id":6574,"date":"2025-03-11T06:31:13","date_gmt":"2025-03-11T06:31:13","guid":{"rendered":"https:\/\/fmp-components.com\/product\/factory-direct-sale-dump-truck-hoist-hydraulic-cylinder"},"modified":"2025-03-12T05:02:44","modified_gmt":"2025-03-12T05:02:44","slug":"factory-direct-sale-dump-truck-hoist-hydraulic-cylinder","status":"publish","type":"product","link":"https:\/\/fmp-components.com\/it\/product\/factory-direct-sale-dump-truck-hoist-hydraulic-cylinder\/","title":{"rendered":"Cilindro idraulico per paranco per autocarri con cassone ribaltabile in vendita diretta in fabbrica"},"content":{"rendered":"<h2>Cilindro idraulico per paranco per autocarri con cassone ribaltabile in vendita diretta in fabbrica<\/h2>\n<p>Benvenuti nel mondo dei cilindri idraulici! Vi presentiamo il nostro nuovo prodotto: il cilindro idraulico per paranco per autocarri con cassone ribaltabile, venduto direttamente in fabbrica. Un capolavoro di ingegneria, questo cilindro idraulico \u00e8 progettato per elevate prestazioni, efficienza e durata. \u00c8 la soluzione definitiva per officine di riparazione di macchinari, aziende agricole, industrie energetiche, minerarie, produzione di macchinari e fabbriche di macchinari.<\/p>\n<h3>Funzione e importanza<\/h3>\n<p>Il cilindro idraulico del sollevatore per autocarri con cassone ribaltabile svolge un ruolo cruciale nel funzionamento dei vostri macchinari. Trasforma la potenza idraulica in potenza meccanica, rendendo il vostro lavoro pi\u00f9 semplice ed efficiente.<\/p>\n<h3>Specifiche del prodotto<\/h3>\n<p>Il nostro cilindro idraulico \u00e8 realizzato in acciaio di alta qualit\u00e0, garantendo la massima durata e affidabilit\u00e0. \u00c8 coperto da una garanzia di un anno per la vostra tranquillit\u00e0.<\/p>\n<table style=\"width: 96.7113%;\" border=\"\">\n<tbody>\n<tr>\n<td style=\"width: 42.9379%;\">Dimensioni del foro<\/td>\n<td style=\"width: 457.062%;\">2-6 pollici<\/td>\n<\/tr>\n<tr>\n<td style=\"width: 42.9379%;\">Dimensioni dell&#039;asta<\/td>\n<td style=\"width: 457.062%;\">1,125-4 pollici<\/td>\n<\/tr>\n<tr>\n<td style=\"width: 42.9379%;\">Dimensione del tratto<\/td>\n<td style=\"width: 457.062%;\">4-100 pollici<\/td>\n<\/tr>\n<tr>\n<td style=\"width: 42.9379%;\">Dimensione del perno<\/td>\n<td style=\"width: 457.062%;\">0,5-2 pollici<\/td>\n<\/tr>\n<tr>\n<td style=\"width: 42.9379%;\">Porti<\/td>\n<td style=\"width: 457.062%;\">G\/SAE\/NPT\/M<\/td>\n<\/tr>\n<\/tbody>\n<\/table>\n<h2>Caratteristiche e vantaggi principali<\/h2>\n<ul>\n<li>Efficienza energetica: il nostro cilindro idraulico offre le massime prestazioni con il minimo consumo energetico.<\/li>\n<li>Resistente: realizzato in acciaio di alta qualit\u00e0, pu\u00f2 resistere a condizioni difficili e durare per anni.<\/li>\n<li>Alte prestazioni: con una spinta massima di 3000 e una trazione massima di 20 tonnellate, garantisce elevate prestazioni in diverse applicazioni.<\/li>\n<\/ul>\n<h2>Sistemi idraulici e principi di funzionamento<\/h2>\n<p>Il cilindro idraulico del sollevatore per autocarri con cassone ribaltabile \u00e8 un componente essenziale di un sistema idraulico, che funziona trasformando l'energia idraulica in movimento meccanico. Questo processo genera forza sullo stelo del cilindro, consentendogli di muoversi ed eseguire diverse operazioni in modo efficace.<\/p>\n<p><img loading=\"lazy\" decoding=\"async\" class=\"alignnone wp-image-6661\" src=\"https:\/\/fmp-components.com\/wp-content\/uploads\/2025\/03\/telescopic-hydraulic-cylinder-10.webp\" alt=\"cilindro idraulico telescopico\" width=\"919\" height=\"919\" title=\"\" srcset=\"https:\/\/fmp-components.com\/wp-content\/uploads\/2025\/03\/telescopic-hydraulic-cylinder-10.webp 919w, https:\/\/fmp-components.com\/wp-content\/uploads\/2025\/03\/telescopic-hydraulic-cylinder-10-480x480.webp 480w\" sizes=\"(min-width: 0px) and (max-width: 480px) 480px, (min-width: 481px) 919px, 100vw\" \/><\/p>\n<h2>Cilindri idraulici e gruppi di potenza<\/h2>\n<p>Cilindri idraulici e centraline sono elementi fondamentali di un sistema idraulico e lavorano insieme in modo integrato per garantire l'ampia applicazione della tecnologia idraulica in numerosi settori. Questa collaborazione fornisce potenza e controllo affidabili per diverse apparecchiature meccaniche e ingegneristiche. I cilindri idraulici fungono da attuatori, convertendo l'energia idraulica in movimento meccanico attraverso la trasformazione della pressione in forza. La centralina, invece, funge da cuore del sistema, fornendo l'energia e i segnali di controllo necessari. Questo funzionamento coordinato \u00e8 essenziale per il corretto funzionamento del sistema idraulico. In FMP, siamo orgogliosi di offrire sia cilindri idraulici che centraline, garantendo ai nostri clienti l'accesso a soluzioni complete per le loro esigenze idrauliche.<\/p>\n<h2>Domande frequenti<\/h2>\n<p>D: Quanto tempo impiegate per la consegna?<br \/>\nR: Generalmente sono 25-35 giorni.<\/p>\n<p>D: Fornite campioni?<br \/>\nR: S\u00ec, potremmo offrire il campione, ma non \u00e8 gratuito.<\/p>\n<p>D: Potete produrre secondo i campioni?<br \/>\nA: S\u00ec, possiamo produrre in base ai vostri campioni o disegni tecnici. Possiamo costruire gli stampi e le attrezzature.<\/p>\n<p><img loading=\"lazy\" decoding=\"async\" class=\"alignnone size-full wp-image-6660\" src=\"https:\/\/fmp-components.com\/wp-content\/uploads\/2025\/03\/hydraulic-cylinder-workshop-4.webp\" alt=\"cilindro idraulico telescopico\" width=\"914\" height=\"733\" title=\"\" srcset=\"https:\/\/fmp-components.com\/wp-content\/uploads\/2025\/03\/hydraulic-cylinder-workshop-4.webp 914w, https:\/\/fmp-components.com\/wp-content\/uploads\/2025\/03\/hydraulic-cylinder-workshop-4-480x385.webp 480w\" sizes=\"(min-width: 0px) and (max-width: 480px) 480px, (min-width: 481px) 914px, 100vw\" \/><\/p>\n<h3>Informazioni su FMP<\/h3>\n<p>FMP \u00e8 un'azienda italiana leader nella progettazione, sviluppo e produzione di cilindri idraulici di alta qualit\u00e0. Con una tradizione fondata su decenni di esperienza, uniamo sapientemente l'artigianalit\u00e0 italiana con tecnologie innovative per offrire soluzioni idrauliche eccezionali, su misura per le diverse esigenze dei nostri clienti globali. Con sede in Italia, centro di eccellenza ingegneristica, FMP \u00e8 un nome affidabile nel settore idraulico, impegnato a fornire prodotti affidabili, durevoli e innovativi che supportano le aziende di tutto il mondo.<\/p>\n<p>La nostra azienda coniuga tradizioni manifatturiere all'avanguardia con un approccio lungimirante. Grazie ad anni di esperienza nei sistemi idraulici, FMP si \u00e8 trasformata in un'azienda moderna che eccelle nella ricerca, nella progettazione e nella produzione. Offriamo un'ampia gamma di cilindri idraulici, tra cui cilindri a doppio effetto, cilindri di sollevamento per autoveicoli, cilindri per macchine agricole e soluzioni personalizzate per diverse applicazioni industriali. Che si tratti di edilizia, installazioni industriali, agricoltura o macchinari pesanti, i nostri cilindri idraulici sono progettati per funzionare nelle condizioni pi\u00f9 impegnative, garantendo sicurezza, efficienza e longevit\u00e0.<\/p>\n<p>In FMP, siamo orgogliosi dei nostri stabilimenti produttivi all'avanguardia, dotati di macchinari di precisione e sistemi di collaudo avanzati. I nostri processi produttivi rispettano rigorosi standard nazionali e internazionali, garantendo che ogni cilindro idraulico prodotto soddisfi i pi\u00f9 elevati standard di qualit\u00e0 e affidabilit\u00e0. Il nostro team tecnico qualificato, supportato da attrezzature all'avanguardia, ci consente di mantenere un rigoroso controllo di qualit\u00e0 in ogni fase della produzione, dalla selezione delle materie prime al controllo finale. Questo impegno verso l'eccellenza ci ha fatto ottenere certificazioni e riconoscimenti dalle autorit\u00e0 di settore, consolidando ulteriormente la nostra reputazione di partner affidabile.<\/p>\n<p><img loading=\"lazy\" decoding=\"async\" class=\"alignnone size-full wp-image-6720\" src=\"https:\/\/fmp-components.com\/wp-content\/uploads\/2025\/03\/hydraulic-cylinder-8.webp\" alt=\"Cilindri idraulici telescopici\" width=\"933\" height=\"526\" title=\"\" srcset=\"https:\/\/fmp-components.com\/wp-content\/uploads\/2025\/03\/hydraulic-cylinder-8.webp 933w, https:\/\/fmp-components.com\/wp-content\/uploads\/2025\/03\/hydraulic-cylinder-8-480x271.webp 480w\" sizes=\"(min-width: 0px) and (max-width: 480px) 480px, (min-width: 481px) 933px, 100vw\" \/><\/p>\n<p>La nostra missione \u00e8 semplice ma ambiziosa: fornire cilindri idraulici che superino le aspettative in termini di prestazioni, durata e valore. Guidati da principi di professionalit\u00e0, integrit\u00e0 e attenzione al cliente, promuoviamo una cultura di innovazione e precisione, perfezionando costantemente i nostri prodotti per rimanere competitivi sul mercato. La nostra ampia gamma di prodotti e la capacit\u00e0 di fornire soluzioni su misura ci posizionano come la scelta preferita dalle aziende che cercano cilindri idraulici ad alte prestazioni.<\/p>\n<p>FMP \u00e8 pi\u00f9 di un semplice produttore: siamo un partner per il vostro successo. Sappiamo che i nostri clienti contano su di noi per strumenti che migliorano la produttivit\u00e0 e la sicurezza. Pertanto, ci impegniamo a fornire non solo prodotti di alta qualit\u00e0, ma anche un servizio eccezionale. Dalla consulenza iniziale all'assistenza post-vendita, collaboriamo a stretto contatto con i nostri clienti per garantire che le loro esigenze siano soddisfatte con professionalit\u00e0 e attenzione. I nostri prezzi competitivi, uniti a un impegno costante per la qualit\u00e0, rendono FMP la scelta intelligente per le aziende che desiderano investire in soluzioni idrauliche affidabili.<\/p>","protected":false},"excerpt":{"rendered":"<p>Factory Direct Sale Dump Truck Hoist Hydraulic Cylinder Welcome to the world of hydraulic cylinders! Introducing our new product &#8211; the Factory Direct Sale Dump Truck Hoist Hydraulic Cylinder. A masterpiece of engineering, this hydraulic cylinder is designed for high performance, efficiency, and durability. It&#8217;s the ultimate solution for machinery repair shops, farms, energy, mining, [&hellip;]<\/p>","protected":false},"featured_media":6715,"comment_status":"closed","ping_status":"closed","template":"","meta":{"_et_pb_use_builder":"","_et_pb_old_content":"","_et_gb_content_width":""},"product_brand":[],"product_cat":[103],"product_tag":[34,105],"class_list":{"0":"post-6574","1":"product","2":"type-product","3":"status-publish","4":"has-post-thumbnail","6":"product_cat-telescopic-hydraulic-cylinders","7":"product_tag-hydraulic-cylinder","8":"product_tag-telescopic-hydraulic-cylinders","10":"first","11":"instock","12":"product-type-simple"},"_links":{"self":[{"href":"https:\/\/fmp-components.com\/it\/wp-json\/wp\/v2\/product\/6574","targetHints":{"allow":["GET"]}}],"collection":[{"href":"https:\/\/fmp-components.com\/it\/wp-json\/wp\/v2\/product"}],"about":[{"href":"https:\/\/fmp-components.com\/it\/wp-json\/wp\/v2\/types\/product"}],"replies":[{"embeddable":true,"href":"https:\/\/fmp-components.com\/it\/wp-json\/wp\/v2\/comments?post=6574"}],"wp:featuredmedia":[{"embeddable":true,"href":"https:\/\/fmp-components.com\/it\/wp-json\/wp\/v2\/media\/6715"}],"wp:attachment":[{"href":"https:\/\/fmp-components.com\/it\/wp-json\/wp\/v2\/media?parent=6574"}],"wp:term":[{"taxonomy":"product_brand","embeddable":true,"href":"https:\/\/fmp-components.com\/it\/wp-json\/wp\/v2\/product_brand?post=6574"},{"taxonomy":"product_cat","embeddable":true,"href":"https:\/\/fmp-components.com\/it\/wp-json\/wp\/v2\/product_cat?post=6574"},{"taxonomy":"product_tag","embeddable":true,"href":"https:\/\/fmp-components.com\/it\/wp-json\/wp\/v2\/product_tag?post=6574"}],"curies":[{"name":"parola chiave","href":"https:\/\/api.w.org\/{rel}","templated":true}]}}