{"id":6572,"date":"2025-03-11T06:31:13","date_gmt":"2025-03-11T06:31:13","guid":{"rendered":"https:\/\/fmp-components.com\/product\/cost-effective-telescopic-hydraulic-cylinder-for-dump-trailer"},"modified":"2025-03-14T02:31:59","modified_gmt":"2025-03-14T02:31:59","slug":"cost-effective-telescopic-hydraulic-cylinder-for-dump-trailer","status":"publish","type":"product","link":"https:\/\/fmp-components.com\/it\/product\/cost-effective-telescopic-hydraulic-cylinder-for-dump-trailer\/","title":{"rendered":"Cilindro idraulico telescopico conveniente per rimorchio ribaltabile"},"content":{"rendered":"<h2>Cilindro idraulico telescopico conveniente per rimorchio ribaltabile<\/h2>\n<p>Vi presentiamo il cilindro idraulico telescopico multistadio, conveniente e progettato specificamente per i rimorchi ribaltabili. Questo cilindro idraulico di alta qualit\u00e0 \u00e8 realizzato in acciaio massiccio, garantendo durata e robustezza. Vanta una spinta massima di 3000 e una trazione massima di 20 tonnellate. Il suo alesaggio varia da 2 a 6 pollici, con una dimensione dello stelo da 1,125 a 4 pollici e una corsa da 4 a 100 pollici.<\/p>\n<h2>Caratteristiche e vantaggi<\/h2>\n<ul>\n<li>Efficienza energetica: il nostro cilindro idraulico per rimorchio ribaltabile \u00e8 progettato per la massima efficienza energetica, riducendo i costi operativi.<\/li>\n<li>Altamente efficiente: offre prestazioni superiori con una spinta massima di 3000 e una trazione massima di 20 tonnellate.<\/li>\n<li>Sicurezza: realizzato in acciaio resistente, \u00e8 progettato per resistere a condizioni difficili, garantendo sicurezza e longevit\u00e0.<\/li>\n<\/ul>\n<h2>Sistemi idraulici e principio di funzionamento<\/h2>\n<p>Il cilindro idraulico \u00e8 una parte fondamentale del sistema idraulico, in quanto converte l'energia idraulica in energia meccanica. Questa conversione \u00e8 ci\u00f2 che crea la forza lineare e il movimento necessari per azionare i macchinari. Il cilindro idraulico \u00e8 progettato per funzionare in sinergia con le unit\u00e0 di potenza, garantendo un funzionamento fluido ed efficiente.<\/p>\n<p><img loading=\"lazy\" decoding=\"async\" class=\"alignnone size-full wp-image-6757\" src=\"https:\/\/fmp-components.com\/wp-content\/uploads\/2025\/03\/Telescopic-Hydraulic-Cylinders-114.webp\" alt=\"Cilindri idraulici telescopici\" width=\"2160\" height=\"2160\" title=\"\" srcset=\"https:\/\/fmp-components.com\/wp-content\/uploads\/2025\/03\/Telescopic-Hydraulic-Cylinders-114.webp 2160w, https:\/\/fmp-components.com\/wp-content\/uploads\/2025\/03\/Telescopic-Hydraulic-Cylinders-114-1280x1280.webp 1280w, https:\/\/fmp-components.com\/wp-content\/uploads\/2025\/03\/Telescopic-Hydraulic-Cylinders-114-980x980.webp 980w, https:\/\/fmp-components.com\/wp-content\/uploads\/2025\/03\/Telescopic-Hydraulic-Cylinders-114-480x480.webp 480w\" sizes=\"(min-width: 0px) and (max-width: 480px) 480px, (min-width: 481px) and (max-width: 980px) 980px, (min-width: 981px) and (max-width: 1280px) 1280px, (min-width: 1281px) 2160px, 100vw\" \/><\/p>\n<h2>Applicazioni<\/h2>\n<p>Questo cilindro idraulico \u00e8 perfetto per diversi settori, tra cui officine di riparazione di macchinari, aziende agricole, industria energetica e mineraria, produzione di macchinari e fabbriche di macchinari. Grazie al suo design robusto e alle prestazioni superiori, \u00e8 la soluzione ideale per le esigenze del vostro sistema idraulico.<\/p>\n<h2>Cilindri idraulici e gruppi di potenza<\/h2>\n<p>Cilindri idraulici e centraline sono componenti inseparabili di un sistema idraulico. La loro azione combinata garantisce la diffusione della tecnologia idraulica nel settore industriale, fornendo potenza e supporto di controllo affidabili per diverse apparecchiature meccaniche e ingegneristiche. FMP offre anche centraline in vendita, garantendovi tutti i componenti necessari per un sistema idraulico perfettamente funzionante.<\/p>\n<h2>Domande frequenti<\/h2>\n<table border=\"\">\n<tbody>\n<tr>\n<td>D: Siete una societ\u00e0 commerciale o produttrice?<\/td>\n<td>A: Siamo un produttore.<\/td>\n<\/tr>\n<tr>\n<td>D: Quanto tempo impiegate per la consegna?<\/td>\n<td>R: In genere sono 25-35 giorni.<\/td>\n<\/tr>\n<tr>\n<td>D: Fornite campioni? Sono gratuiti o extra?<\/td>\n<td>R: S\u00ec, forniamo campioni, ma non sono gratuiti.<\/td>\n<\/tr>\n<\/tbody>\n<\/table>\n<h3>Informazioni su FMP<\/h3>\n<p class=\"break-words\">FMP \u00e8 un produttore italiano leader specializzato nella progettazione, sviluppo e produzione di cilindri idraulici di alta qualit\u00e0. Con una ricca tradizione radicata in decenni di competenza, uniamo con orgoglio l&#039;artigianato italiano con la tecnologia all&#039;avanguardia per fornire soluzioni idrauliche eccezionali su misura per soddisfare le diverse esigenze della nostra clientela globale. Con sede in Italia, un polo di eccellenza ingegneristica, FMP \u00e8 un nome affidabile nel settore idraulico, impegnato a fornire prodotti affidabili, durevoli e innovativi che potenziano le aziende in tutto il mondo.<\/p>\n<p class=\"break-words\">La nostra azienda integra il meglio delle tradizioni di produzione avanzata con un approccio lungimirante. Grazie ad anni di esperienza nei sistemi idraulici, FMP si \u00e8 evoluta in un&#039;azienda moderna che eccelle nella ricerca, nella progettazione e nella produzione. Siamo specializzati in un&#039;ampia gamma di cilindri idraulici, tra cui cilindri a doppio effetto, cilindri di sollevamento per autoveicoli, cilindri per macchinari agricoli e soluzioni progettate su misura per varie applicazioni industriali. Che si tratti di edilizia, installazioni industriali, agricoltura o macchinari pesanti, i nostri cilindri idraulici sono costruiti per funzionare nelle condizioni pi\u00f9 difficili, garantendo sicurezza, efficienza e longevit\u00e0.<\/p>\n<p><img loading=\"lazy\" decoding=\"async\" class=\"alignnone size-full wp-image-6720\" src=\"https:\/\/fmp-components.com\/wp-content\/uploads\/2025\/03\/hydraulic-cylinder-8.webp\" alt=\"Cilindri idraulici telescopici\" width=\"933\" height=\"526\" title=\"\" srcset=\"https:\/\/fmp-components.com\/wp-content\/uploads\/2025\/03\/hydraulic-cylinder-8.webp 933w, https:\/\/fmp-components.com\/wp-content\/uploads\/2025\/03\/hydraulic-cylinder-8-480x271.webp 480w\" sizes=\"(min-width: 0px) and (max-width: 480px) 480px, (min-width: 481px) 933px, 100vw\" \/><\/p>\n<p class=\"break-words\">In FMP, siamo orgogliosi dei nostri stabilimenti di produzione all&#039;avanguardia, dotati di macchinari di precisione e sistemi di collaudo avanzati. I nostri processi di produzione rispettano rigorosi standard nazionali e internazionali, assicurando che ogni cilindro idraulico che esce dalla nostra fabbrica sia di qualit\u00e0 e affidabilit\u00e0 superiori. Il nostro team tecnico qualificato, abbinato a attrezzature all&#039;avanguardia, ci consente di mantenere un rigoroso controllo di qualit\u00e0 in ogni fase della produzione, dalla selezione delle materie prime all&#039;ispezione finale. Questa dedizione all&#039;eccellenza ci ha fatto guadagnare certificazioni e riconoscimenti dalle autorit\u00e0 del settore, consolidando ulteriormente la nostra reputazione di partner affidabile.<\/p>\n<p class=\"break-words\">La nostra missione \u00e8 semplice ma ambiziosa: fornire ai nostri clienti cilindri idraulici che superino le aspettative in termini di prestazioni, durata e valore. Operiamo secondo i principi guida di professionalit\u00e0, integrit\u00e0 e attenzione al cliente. Promuovendo una cultura di innovazione e precisione, perfezioniamo costantemente i nostri prodotti per rimanere all&#039;avanguardia in un mercato competitivo. La nostra gamma completa di prodotti e la capacit\u00e0 di offrire soluzioni personalizzate ci rendono la scelta ideale per le aziende che cercano cilindri idraulici ad alte prestazioni.<\/p>\n<p class=\"break-words\">FMP \u00e8 pi\u00f9 di un semplice produttore: siamo un partner per il tuo successo. Sappiamo che i nostri clienti contano su di noi per fornirti strumenti che migliorino la loro produttivit\u00e0 e sicurezza. Ecco perch\u00e9 ci impegniamo a offrire non solo prodotti di prima qualit\u00e0, ma anche un servizio eccezionale. Dalla consulenza iniziale al supporto post-vendita, lavoriamo a stretto contatto con i nostri clienti per garantire che le loro esigenze siano soddisfatte con professionalit\u00e0 e attenzione. I nostri prezzi competitivi, abbinati al nostro incrollabile impegno per la qualit\u00e0, rendono FMP la scelta intelligente per le aziende che desiderano investire in soluzioni idrauliche di cui possono fidarsi.<\/p>","protected":false},"excerpt":{"rendered":"<p>Cost Effective Telescopic Hydraulic Cylinder for Dump Trailer Introducing the cost-effective, multi-stage telescopic hydraulic cylinder specially designed for dump trailers. This high-quality hydraulic cylinder is made with solid steel, ensuring durability and robustness. It boasts a maximum thrust of 3000 and a maximum pull of 20 tons. Its bore size ranges from 2 to 6 [&hellip;]<\/p>","protected":false},"featured_media":6792,"comment_status":"closed","ping_status":"closed","template":"","meta":{"_et_pb_use_builder":"","_et_pb_old_content":"","_et_gb_content_width":""},"product_brand":[],"product_cat":[103],"product_tag":[34,105],"class_list":{"0":"post-6572","1":"product","2":"type-product","3":"status-publish","4":"has-post-thumbnail","6":"product_cat-telescopic-hydraulic-cylinders","7":"product_tag-hydraulic-cylinder","8":"product_tag-telescopic-hydraulic-cylinders","10":"first","11":"instock","12":"product-type-simple"},"_links":{"self":[{"href":"https:\/\/fmp-components.com\/it\/wp-json\/wp\/v2\/product\/6572","targetHints":{"allow":["GET"]}}],"collection":[{"href":"https:\/\/fmp-components.com\/it\/wp-json\/wp\/v2\/product"}],"about":[{"href":"https:\/\/fmp-components.com\/it\/wp-json\/wp\/v2\/types\/product"}],"replies":[{"embeddable":true,"href":"https:\/\/fmp-components.com\/it\/wp-json\/wp\/v2\/comments?post=6572"}],"wp:featuredmedia":[{"embeddable":true,"href":"https:\/\/fmp-components.com\/it\/wp-json\/wp\/v2\/media\/6792"}],"wp:attachment":[{"href":"https:\/\/fmp-components.com\/it\/wp-json\/wp\/v2\/media?parent=6572"}],"wp:term":[{"taxonomy":"product_brand","embeddable":true,"href":"https:\/\/fmp-components.com\/it\/wp-json\/wp\/v2\/product_brand?post=6572"},{"taxonomy":"product_cat","embeddable":true,"href":"https:\/\/fmp-components.com\/it\/wp-json\/wp\/v2\/product_cat?post=6572"},{"taxonomy":"product_tag","embeddable":true,"href":"https:\/\/fmp-components.com\/it\/wp-json\/wp\/v2\/product_tag?post=6572"}],"curies":[{"name":"parola chiave","href":"https:\/\/api.w.org\/{rel}","templated":true}]}}