{"id":6563,"date":"2025-03-11T06:29:39","date_gmt":"2025-03-11T06:29:39","guid":{"rendered":"https:\/\/fmp-components.com\/product\/quality-manufacturing-4-stage-telescopic-hydraulic-cylinder-for-dump-trailer"},"modified":"2025-03-12T06:21:59","modified_gmt":"2025-03-12T06:21:59","slug":"quality-manufacturing-4-stage-telescopic-hydraulic-cylinder-for-dump-trailer","status":"publish","type":"product","link":"https:\/\/fmp-components.com\/it\/product\/quality-manufacturing-4-stage-telescopic-hydraulic-cylinder-for-dump-trailer\/","title":{"rendered":"Cilindro idraulico telescopico a 4 stadi di qualit\u00e0 per rimorchio ribaltabile"},"content":{"rendered":"<h2>Cilindro idraulico telescopico a 4 stadi di qualit\u00e0 per rimorchio ribaltabile<\/h2>\n<p>Il cilindro idraulico telescopico a 4 stadi \u00e8 un prodotto eccezionale che offre funzionalit\u00e0 e prestazioni straordinarie. \u00c8 progettato per l'uso in vari settori, tra cui officine di riparazione di macchinari, aziende agricole, industria energetica e mineraria, produzione di macchinari e fabbriche di macchinari.<\/p>\n<h2>Specifiche del prodotto<\/h2>\n<table style=\"width: 97.0168%; height: 123px;\" border=\"\">\n<tbody>\n<tr>\n<td><b>Dimensioni del foro<\/b><\/td>\n<td>2-6 pollici<\/td>\n<\/tr>\n<tr>\n<td><b>Dimensioni dell&#039;asta<\/b><\/td>\n<td>1,125-4 pollici<\/td>\n<\/tr>\n<tr>\n<td><b>Dimensione del tratto<\/b><\/td>\n<td>4-100 pollici<\/td>\n<\/tr>\n<tr>\n<td><b>Dimensione del perno<\/b><\/td>\n<td>0,5-2 pollici<\/td>\n<\/tr>\n<tr>\n<td><b>Porti<\/b><\/td>\n<td>G\/SAE\/NPT\/M<\/td>\n<\/tr>\n<\/tbody>\n<\/table>\n<h3>Caratteristiche e vantaggi unici<\/h3>\n<ul>\n<li>Efficienza energetica<\/li>\n<li>Altamente efficiente<\/li>\n<li>Sicuro per l&#039;uso<\/li>\n<\/ul>\n<h2>Capire il sistema idraulico<\/h2>\n<p>Il sistema idraulico funziona secondo il principio fondamentale della pressione del fluido, che \u00e8 alla base della sua funzionalit\u00e0 ed efficienza. In un sistema idraulico, quando la pressione viene applicata in un punto qualsiasi, si crea una forza che viene trasmessa attraverso il fluido idraulico a tutti gli altri punti del sistema. Questa caratteristica consente al sistema di svolgere un'ampia gamma di compiti, dal sollevamento di carichi pesanti ai movimenti precisi di macchinari.<\/p>\n<p>La trasmissione della pressione avviene perch\u00e9 i fluidi idraulici sono incomprimibili; quando viene applicata una forza al fluido, questo deve muoversi ed esercitare pressione in tutte le direzioni. Ci\u00f2 significa che una piccola forza in ingresso pu\u00f2 generare una forza in uscita significativa, rendendo i sistemi idraulici eccezionalmente potenti ed efficienti. Ad esempio, quando una pompa idraulica genera pressione, spinge il fluido attraverso tubi e flessibili verso vari componenti, come cilindri idraulici o motori, dove la pressione viene convertita in movimento meccanico.<\/p>\n<p><img loading=\"lazy\" decoding=\"async\" class=\"alignnone  wp-image-6663\" src=\"https:\/\/fmp-components.com\/wp-content\/uploads\/2025\/03\/telescopic-hydraulic-cylinder-11.webp\" alt=\"cilindro idraulico telescopico\" width=\"914\" height=\"914\" title=\"\" srcset=\"https:\/\/fmp-components.com\/wp-content\/uploads\/2025\/03\/telescopic-hydraulic-cylinder-11.webp 914w, https:\/\/fmp-components.com\/wp-content\/uploads\/2025\/03\/telescopic-hydraulic-cylinder-11-480x480.webp 480w\" sizes=\"(min-width: 0px) and (max-width: 480px) 480px, (min-width: 481px) 914px, 100vw\" \/><\/p>\n<p>Inoltre, la natura interconnessa dei sistemi idraulici consente la sincronizzazione di pi\u00f9 componenti, consentendo loro di funzionare simultaneamente ed efficientemente. Questa caratteristica \u00e8 particolarmente vantaggiosa nelle applicazioni che richiedono movimenti coordinati, come nei macchinari edili, dove \u00e8 necessario eseguire pi\u00f9 funzioni contemporaneamente.<\/p>\n<p>Inoltre, i sistemi idraulici possono essere facilmente controllati e regolati. Manipolando il flusso del fluido idraulico tramite valvole e pompe, gli operatori possono ottimizzare le prestazioni del sistema per soddisfare requisiti specifici. Questa versatilit\u00e0 rende i sistemi idraulici adatti a diverse applicazioni in diversi settori, tra cui manifatturiero, agricolo, automobilistico ed energetico.<\/p>\n<h2>Domande frequenti<\/h2>\n<dl>\n<dt><b>D: Siete una societ\u00e0 commerciale o produttrice?<\/b><\/dt>\n<dd>A: Siamo una fabbrica.<\/dd>\n<dt><b>D: Quanto tempo impiegate per la consegna?<\/b><\/dt>\n<dd>R: In genere ci vogliono 25-35 giorni.<\/dd>\n<dt><b>D: Fornite campioni? Sono gratuiti o extra?<\/b><\/dt>\n<dd>R: S\u00ec, forniamo campioni, ma non sono gratuiti.<\/dd>\n<\/dl>\n<h3>Informazioni su FMP<\/h3>\n<p>FMP \u00e8 un produttore italiano leader, rinomato per la progettazione, lo sviluppo e la produzione di cilindri idraulici di alta qualit\u00e0. Con decenni di esperienza, uniamo la tradizionale artigianalit\u00e0 italiana con la tecnologia avanzata per fornire soluzioni idrauliche eccezionali su misura per le diverse esigenze della nostra clientela globale. Situata in Italia, un centro di eccellenza ingegneristica, FMP si \u00e8 affermata come un nome di fiducia nel settore idraulico, impegnata a fornire prodotti affidabili, durevoli e innovativi che potenziano le aziende in tutto il mondo.<\/p>\n<p>Combiniamo il meglio delle tradizioni di produzione avanzata con un approccio lungimirante. Grazie alla nostra vasta esperienza nei sistemi idraulici, FMP si \u00e8 trasformata in un&#039;azienda moderna che eccelle nella ricerca, nella progettazione e nella produzione. La nostra specializzazione include un&#039;ampia gamma di cilindri idraulici, come cilindri a doppio effetto, cilindri di sollevamento per autoveicoli, cilindri per macchinari agricoli e soluzioni progettate su misura per varie applicazioni industriali. Progettati per funzionare nelle condizioni pi\u00f9 difficili, i nostri cilindri idraulici garantiscono sicurezza, efficienza e longevit\u00e0 in settori quali edilizia, installazioni industriali, agricoltura e macchinari pesanti.<\/p>\n<p>In FMP, siamo orgogliosi dei nostri stabilimenti di produzione all&#039;avanguardia, dotati di macchinari di precisione e sistemi di collaudo avanzati. I nostri processi di produzione rispettano rigorosi standard nazionali e internazionali, garantendo che ogni cilindro idraulico che esce dalla nostra fabbrica soddisfi i pi\u00f9 elevati standard di qualit\u00e0 e affidabilit\u00e0. Il nostro team tecnico qualificato, unito a attrezzature all&#039;avanguardia, ci consente di mantenere un rigoroso controllo di qualit\u00e0 in ogni fase di produzione, dalla selezione delle materie prime all&#039;ispezione finale. Questo impegno verso l&#039;eccellenza ci ha fatto guadagnare certificazioni e riconoscimenti dalle autorit\u00e0 del settore, rafforzando la nostra reputazione di partner affidabile.<\/p>\n<p><img loading=\"lazy\" decoding=\"async\" class=\"alignnone size-full wp-image-6720\" src=\"https:\/\/fmp-components.com\/wp-content\/uploads\/2025\/03\/hydraulic-cylinder-8.webp\" alt=\"Cilindri idraulici telescopici\" width=\"933\" height=\"526\" title=\"\" srcset=\"https:\/\/fmp-components.com\/wp-content\/uploads\/2025\/03\/hydraulic-cylinder-8.webp 933w, https:\/\/fmp-components.com\/wp-content\/uploads\/2025\/03\/hydraulic-cylinder-8-480x271.webp 480w\" sizes=\"(min-width: 0px) and (max-width: 480px) 480px, (min-width: 481px) 933px, 100vw\" \/><\/p>\n<p>La nostra missione \u00e8 semplice e ambiziosa: fornire cilindri idraulici che superino le aspettative in termini di prestazioni, durata e valore. Guidati da principi di professionalit\u00e0, integrit\u00e0 e attenzione al cliente, promuoviamo una cultura di innovazione e precisione, perfezionando continuamente i nostri prodotti per rimanere all&#039;avanguardia in un mercato competitivo. Con una gamma di prodotti completa e la capacit\u00e0 di offrire soluzioni personalizzate, siamo la scelta preferita per le aziende che cercano cilindri idraulici ad alte prestazioni.<\/p>\n<p>FMP \u00e8 pi\u00f9 di un semplice produttore; siamo un partner del tuo successo. Riconosciamo che i nostri clienti contano su di noi per fornire strumenti che migliorino la loro produttivit\u00e0 e sicurezza. Pertanto, ci impegniamo a fornire non solo prodotti di alto livello, ma anche un servizio eccezionale. Dalla consulenza iniziale al supporto post-vendita, collaboriamo a stretto contatto con i nostri clienti per garantire che le loro esigenze siano soddisfatte con professionalit\u00e0 e cura. I nostri prezzi competitivi, uniti al nostro incrollabile impegno per la qualit\u00e0, rendono FMP la scelta intelligente per le aziende che desiderano investire in soluzioni idrauliche affidabili.<\/p>","protected":false},"excerpt":{"rendered":"<p>Quality Manufacturing 4 Stage Telescopic Hydraulic Cylinder for Dump Trailer The 4 Stage Telescopic Hydraulic Cylinder is an exceptional product that offers impressive functionality and performance. It is designed for use in various industries including Machinery Repair Shops, Farms, Energy &amp; Mining, Machinery manufacturing and Machinery Factories. Product Specifications Bore Size 2-6 inch Rod Size [&hellip;]<\/p>","protected":false},"featured_media":6739,"comment_status":"closed","ping_status":"closed","template":"","meta":{"_et_pb_use_builder":"","_et_pb_old_content":"","_et_gb_content_width":""},"product_brand":[],"product_cat":[103],"product_tag":[34,105],"class_list":{"0":"post-6563","1":"product","2":"type-product","3":"status-publish","4":"has-post-thumbnail","6":"product_cat-telescopic-hydraulic-cylinders","7":"product_tag-hydraulic-cylinder","8":"product_tag-telescopic-hydraulic-cylinders","10":"first","11":"instock","12":"product-type-simple"},"_links":{"self":[{"href":"https:\/\/fmp-components.com\/it\/wp-json\/wp\/v2\/product\/6563","targetHints":{"allow":["GET"]}}],"collection":[{"href":"https:\/\/fmp-components.com\/it\/wp-json\/wp\/v2\/product"}],"about":[{"href":"https:\/\/fmp-components.com\/it\/wp-json\/wp\/v2\/types\/product"}],"replies":[{"embeddable":true,"href":"https:\/\/fmp-components.com\/it\/wp-json\/wp\/v2\/comments?post=6563"}],"wp:featuredmedia":[{"embeddable":true,"href":"https:\/\/fmp-components.com\/it\/wp-json\/wp\/v2\/media\/6739"}],"wp:attachment":[{"href":"https:\/\/fmp-components.com\/it\/wp-json\/wp\/v2\/media?parent=6563"}],"wp:term":[{"taxonomy":"product_brand","embeddable":true,"href":"https:\/\/fmp-components.com\/it\/wp-json\/wp\/v2\/product_brand?post=6563"},{"taxonomy":"product_cat","embeddable":true,"href":"https:\/\/fmp-components.com\/it\/wp-json\/wp\/v2\/product_cat?post=6563"},{"taxonomy":"product_tag","embeddable":true,"href":"https:\/\/fmp-components.com\/it\/wp-json\/wp\/v2\/product_tag?post=6563"}],"curies":[{"name":"parola chiave","href":"https:\/\/api.w.org\/{rel}","templated":true}]}}