{"id":6562,"date":"2025-03-11T06:29:39","date_gmt":"2025-03-11T06:29:39","guid":{"rendered":"https:\/\/fmp-components.com\/product\/high-quality-5-stage-flatbed-tow-truck-hydraulic-cylinder"},"modified":"2025-03-12T06:17:04","modified_gmt":"2025-03-12T06:17:04","slug":"high-quality-5-stage-flatbed-tow-truck-hydraulic-cylinder","status":"publish","type":"product","link":"https:\/\/fmp-components.com\/it\/product\/high-quality-5-stage-flatbed-tow-truck-hydraulic-cylinder\/","title":{"rendered":"Cilindro idraulico per carro attrezzi a pianale ribassato a 5 stadi di alta qualit\u00e0"},"content":{"rendered":"<h2>Cilindro idraulico per carro attrezzi a pianale ribassato a 5 stadi di alta qualit\u00e0<\/h2>\n<p>Aggiorna i tuoi macchinari con il cilindro idraulico di alta qualit\u00e0 a 5 stadi per carro attrezzi con pianale. Questo cilindro idraulico robusto ed efficiente \u00e8 un must per qualsiasi officina di riparazione di macchinari, azienda agricola, settore energetico e minerario e fabbrica di macchinari.<\/p>\n<h3>Funzione e importanza del prodotto<\/h3>\n<p>Il cilindro idraulico svolge un ruolo cruciale nella conversione della potenza fluida in potenza meccanica. Questa conversione facilita il movimento di componenti meccanici, rendendolo un componente essenziale per diversi settori industriali. Grazie alla sua progettazione e produzione di alto livello, questo cilindro garantisce prestazioni e durata ottimali.<\/p>\n<h3>Specifiche tecniche<\/h3>\n<table style=\"width: 96.9442%;\" border=\"\">\n<tbody>\n<tr>\n<td style=\"width: 43.5028%;\"><b>Dimensioni del foro<\/b><\/td>\n<td style=\"width: 468.927%;\">2-6 pollici<\/td>\n<\/tr>\n<tr>\n<td style=\"width: 43.5028%;\"><b>Dimensioni dell&#039;asta<\/b><\/td>\n<td style=\"width: 468.927%;\">1,125-4 pollici<\/td>\n<\/tr>\n<tr>\n<td style=\"width: 43.5028%;\"><b>Dimensione del tratto<\/b><\/td>\n<td style=\"width: 468.927%;\">4-100 pollici<\/td>\n<\/tr>\n<tr>\n<td style=\"width: 43.5028%;\"><b>Dimensione del perno<\/b><\/td>\n<td style=\"width: 468.927%;\">0,5-2 pollici<\/td>\n<\/tr>\n<tr>\n<td style=\"width: 43.5028%;\"><b>Porti<\/b><\/td>\n<td style=\"width: 468.927%;\">G\/SAE\/NPT\/M<\/td>\n<\/tr>\n<\/tbody>\n<\/table>\n<h2>Caratteristiche e vantaggi unici<\/h2>\n<ul>\n<li>Efficienza energetica: progettato per erogare la massima potenza con il minimo consumo energetico.<\/li>\n<li>Alte prestazioni: offre un'elevata forza di spinta e una forza di trazione di 20 tonnellate, garantendo prestazioni elevate in condizioni difficili.<\/li>\n<li>Sicuro e affidabile: realizzato in acciaio resistente e certificato ISO9001:2000 per sicurezza e qualit\u00e0.<\/li>\n<\/ul>\n<h2>Capire i sistemi idraulici<\/h2>\n<p>Un sistema idraulico \u00e8 una tecnologia che utilizza un fluido pressurizzato per generare energia. L'energia generata viene poi utilizzata per svolgere diverse attivit\u00e0, come il sollevamento di carichi pesanti o lo spostamento di componenti meccanici. Il cilindro idraulico \u00e8 un componente chiave di questo sistema.<\/p>\n<h2>Applicazione dei cilindri idraulici<\/h2>\n<p>I nostri cilindri idraulici sono ampiamente utilizzati nelle officine di riparazione di macchinari, nelle aziende agricole, nei settori energetico e minerario e nelle fabbriche di macchinari. Sono essenziali per il buon funzionamento e le prestazioni di questi settori.<\/p>\n<p><img loading=\"lazy\" decoding=\"async\" class=\"alignnone  wp-image-6665\" src=\"https:\/\/fmp-components.com\/wp-content\/uploads\/2025\/03\/telescopic-hydraulic-cylinder-9.webp\" alt=\"cilindro idraulico telescopico\" width=\"912\" height=\"912\" title=\"\" srcset=\"https:\/\/fmp-components.com\/wp-content\/uploads\/2025\/03\/telescopic-hydraulic-cylinder-9.webp 912w, https:\/\/fmp-components.com\/wp-content\/uploads\/2025\/03\/telescopic-hydraulic-cylinder-9-480x480.webp 480w\" sizes=\"(min-width: 0px) and (max-width: 480px) 480px, (min-width: 481px) 912px, 100vw\" \/><\/p>\n<h2>Cilindri idraulici e gruppi di potenza<\/h2>\n<p>Cilindri idraulici e centraline sono componenti inseparabili di un sistema idraulico. Entrambi lavorano in armonia per garantire l'ampia applicazione della tecnologia idraulica in vari settori. In FMP, forniamo anche centraline in vendita, garantendo al vostro sistema idraulico prestazioni ottimali.<\/p>\n<h2>Domande frequenti<\/h2>\n<dl>\n<dt>D: Siete una societ\u00e0 commerciale o produttrice?<\/dt>\n<dd>R: Siamo una fabbrica che produce i propri prodotti.<\/dd>\n<dt>D: Quanto tempo ci vuole per la consegna?<\/dt>\n<dd>R: In genere la consegna richiede dai 25 ai 35 giorni.<\/dd>\n<dt>D: Fornite campioni? Sono gratuiti o extra?<\/dt>\n<dd>R: S\u00ec, forniamo campioni, ma non sono gratuiti.<\/dd>\n<\/dl>\n<h3>Informazioni su FMP<\/h3>\n<p>FMP \u00e8 un produttore italiano leader, rinomato per la progettazione, lo sviluppo e la produzione di cilindri idraulici di alta qualit\u00e0. Con decenni di esperienza, uniamo la tradizionale artigianalit\u00e0 italiana con la tecnologia avanzata per fornire soluzioni idrauliche eccezionali su misura per le diverse esigenze della nostra clientela globale. Situata in Italia, un centro di eccellenza ingegneristica, FMP si \u00e8 affermata come un nome di fiducia nel settore idraulico, impegnata a fornire prodotti affidabili, durevoli e innovativi che potenziano le aziende in tutto il mondo.<\/p>\n<p>Combiniamo il meglio delle tradizioni di produzione avanzata con un approccio lungimirante. Grazie alla nostra vasta esperienza nei sistemi idraulici, FMP si \u00e8 trasformata in un&#039;azienda moderna che eccelle nella ricerca, nella progettazione e nella produzione. La nostra specializzazione include un&#039;ampia gamma di cilindri idraulici, come cilindri a doppio effetto, cilindri di sollevamento per autoveicoli, cilindri per macchinari agricoli e soluzioni progettate su misura per varie applicazioni industriali. Progettati per funzionare nelle condizioni pi\u00f9 difficili, i nostri cilindri idraulici garantiscono sicurezza, efficienza e longevit\u00e0 in settori quali edilizia, installazioni industriali, agricoltura e macchinari pesanti.<\/p>\n<p>In FMP, siamo orgogliosi dei nostri stabilimenti di produzione all&#039;avanguardia, dotati di macchinari di precisione e sistemi di collaudo avanzati. I nostri processi di produzione rispettano rigorosi standard nazionali e internazionali, garantendo che ogni cilindro idraulico che esce dalla nostra fabbrica soddisfi i pi\u00f9 elevati standard di qualit\u00e0 e affidabilit\u00e0. Il nostro team tecnico qualificato, unito a attrezzature all&#039;avanguardia, ci consente di mantenere un rigoroso controllo di qualit\u00e0 in ogni fase di produzione, dalla selezione delle materie prime all&#039;ispezione finale. Questo impegno verso l&#039;eccellenza ci ha fatto guadagnare certificazioni e riconoscimenti dalle autorit\u00e0 del settore, rafforzando la nostra reputazione di partner affidabile.<\/p>\n<p><img loading=\"lazy\" decoding=\"async\" class=\"alignnone size-full wp-image-6720\" src=\"https:\/\/fmp-components.com\/wp-content\/uploads\/2025\/03\/hydraulic-cylinder-8.webp\" alt=\"Cilindri idraulici telescopici\" width=\"933\" height=\"526\" title=\"\" srcset=\"https:\/\/fmp-components.com\/wp-content\/uploads\/2025\/03\/hydraulic-cylinder-8.webp 933w, https:\/\/fmp-components.com\/wp-content\/uploads\/2025\/03\/hydraulic-cylinder-8-480x271.webp 480w\" sizes=\"(min-width: 0px) and (max-width: 480px) 480px, (min-width: 481px) 933px, 100vw\" \/><\/p>\n<p>La nostra missione \u00e8 semplice e ambiziosa: fornire cilindri idraulici che superino le aspettative in termini di prestazioni, durata e valore. Guidati da principi di professionalit\u00e0, integrit\u00e0 e attenzione al cliente, promuoviamo una cultura di innovazione e precisione, perfezionando continuamente i nostri prodotti per rimanere all&#039;avanguardia in un mercato competitivo. Con una gamma di prodotti completa e la capacit\u00e0 di offrire soluzioni personalizzate, siamo la scelta preferita per le aziende che cercano cilindri idraulici ad alte prestazioni.<\/p>\n<p>FMP \u00e8 pi\u00f9 di un semplice produttore; siamo un partner del tuo successo. Riconosciamo che i nostri clienti contano su di noi per fornire strumenti che migliorino la loro produttivit\u00e0 e sicurezza. Pertanto, ci impegniamo a fornire non solo prodotti di alto livello, ma anche un servizio eccezionale. Dalla consulenza iniziale al supporto post-vendita, collaboriamo a stretto contatto con i nostri clienti per garantire che le loro esigenze siano soddisfatte con professionalit\u00e0 e cura. I nostri prezzi competitivi, uniti al nostro incrollabile impegno per la qualit\u00e0, rendono FMP la scelta intelligente per le aziende che desiderano investire in soluzioni idrauliche affidabili.<\/p>","protected":false},"excerpt":{"rendered":"<p>High Quality 5 Stage Flatbed Tow Truck Hydraulic Cylinder Upgrade your machinery with the High Quality 5 Stage Flatbed Tow Truck Hydraulic Cylinder. This robust and efficient hydraulic cylinder is a must-have for any machinery repair shops, farms, energy and mining sectors, and machinery factories. Product Function and Importance The Hydraulic Cylinder plays a crucial [&hellip;]<\/p>","protected":false},"featured_media":6737,"comment_status":"closed","ping_status":"closed","template":"","meta":{"_et_pb_use_builder":"","_et_pb_old_content":"","_et_gb_content_width":""},"product_brand":[],"product_cat":[103],"product_tag":[34,105],"class_list":{"0":"post-6562","1":"product","2":"type-product","3":"status-publish","4":"has-post-thumbnail","6":"product_cat-telescopic-hydraulic-cylinders","7":"product_tag-hydraulic-cylinder","8":"product_tag-telescopic-hydraulic-cylinders","10":"first","11":"instock","12":"product-type-simple"},"_links":{"self":[{"href":"https:\/\/fmp-components.com\/it\/wp-json\/wp\/v2\/product\/6562","targetHints":{"allow":["GET"]}}],"collection":[{"href":"https:\/\/fmp-components.com\/it\/wp-json\/wp\/v2\/product"}],"about":[{"href":"https:\/\/fmp-components.com\/it\/wp-json\/wp\/v2\/types\/product"}],"replies":[{"embeddable":true,"href":"https:\/\/fmp-components.com\/it\/wp-json\/wp\/v2\/comments?post=6562"}],"wp:featuredmedia":[{"embeddable":true,"href":"https:\/\/fmp-components.com\/it\/wp-json\/wp\/v2\/media\/6737"}],"wp:attachment":[{"href":"https:\/\/fmp-components.com\/it\/wp-json\/wp\/v2\/media?parent=6562"}],"wp:term":[{"taxonomy":"product_brand","embeddable":true,"href":"https:\/\/fmp-components.com\/it\/wp-json\/wp\/v2\/product_brand?post=6562"},{"taxonomy":"product_cat","embeddable":true,"href":"https:\/\/fmp-components.com\/it\/wp-json\/wp\/v2\/product_cat?post=6562"},{"taxonomy":"product_tag","embeddable":true,"href":"https:\/\/fmp-components.com\/it\/wp-json\/wp\/v2\/product_tag?post=6562"}],"curies":[{"name":"parola chiave","href":"https:\/\/api.w.org\/{rel}","templated":true}]}}