{"id":6555,"date":"2025-03-11T06:29:39","date_gmt":"2025-03-11T06:29:39","guid":{"rendered":"https:\/\/fmp-components.com\/product\/good-quality-telescopic-double-acting-hydraulic-cylinder-for-dump-truck"},"modified":"2025-03-14T02:37:51","modified_gmt":"2025-03-14T02:37:51","slug":"good-quality-telescopic-double-acting-hydraulic-cylinder-for-dump-truck","status":"publish","type":"product","link":"https:\/\/fmp-components.com\/it\/product\/good-quality-telescopic-double-acting-hydraulic-cylinder-for-dump-truck\/","title":{"rendered":"Cilindro idraulico telescopico a doppia azione di buona qualit\u00e0 per autocarri con cassone ribaltabile"},"content":{"rendered":"<h2>Cilindro idraulico telescopico a doppia azione di buona qualit\u00e0 per autocarri con cassone ribaltabile<\/h2>\n<p>Vi presentiamo il cilindro idraulico telescopico a doppio effetto di alta qualit\u00e0, progettato specificamente per autocarri con cassone ribaltabile. Questo eccezionale cilindro idraulico offre un nuovo livello di efficienza e prestazioni per applicazioni gravose.<\/p>\n<h3>Caratteristiche e vantaggi<\/h3>\n<p>Questo cilindro idraulico \u00e8 progettato per prestazioni ottimali, vantando elevata efficienza, risparmio energetico e sicurezza. \u00c8 la soluzione perfetta per applicazioni che richiedono elevata forza e massima affidabilit\u00e0.<\/p>\n<h3>Specifiche tecniche<\/h3>\n<table style=\"width: 98.3509%;\" border=\"\">\n<tbody>\n<tr>\n<th style=\"width: 17.0854%;\">Dimensioni del foro<\/th>\n<th style=\"width: 20.3518%;\">Dimensioni dell&#039;asta<\/th>\n<th style=\"width: 19.8492%;\">Dimensione del tratto<\/th>\n<th style=\"width: 16.3317%;\">Dimensione del perno<\/th>\n<th style=\"width: 119.095%;\">Porti<\/th>\n<\/tr>\n<tr>\n<td style=\"width: 17.0854%;\">2-6 pollici<\/td>\n<td style=\"width: 20.3518%;\">1,125-4 pollici<\/td>\n<td style=\"width: 19.8492%;\">4-100 pollici<\/td>\n<td style=\"width: 16.3317%;\">0,5-2 pollici<\/td>\n<td style=\"width: 119.095%;\">G\/SAE\/NPT\/M<\/td>\n<\/tr>\n<\/tbody>\n<\/table>\n<h2>Caratteristiche e vantaggi unici<\/h2>\n<p>Il cilindro idraulico offre una serie di caratteristiche e vantaggi unici, come efficienza energetica, elevata efficienza e sicurezza. Rappresenta una soluzione affidabile e duratura per un'ampia gamma di applicazioni gravose.<\/p>\n<h2>Sistemi idraulici e principi di funzionamento<\/h2>\n<p>Immergiti nel mondo dei sistemi idraulici e scopri come funzionano. Il cilindro idraulico \u00e8 un componente chiave in questi sistemi, svolgendo un ruolo cruciale nella conversione della potenza idraulica in movimento meccanico.<\/p>\n<p><img loading=\"lazy\" decoding=\"async\" class=\"alignnone  wp-image-6754\" src=\"https:\/\/fmp-components.com\/wp-content\/uploads\/2025\/03\/Telescopic-Hydraulic-Cylinders-111.webp\" alt=\"Cilindri idraulici telescopici\" width=\"795\" height=\"795\" title=\"\" srcset=\"https:\/\/fmp-components.com\/wp-content\/uploads\/2025\/03\/Telescopic-Hydraulic-Cylinders-111.webp 795w, https:\/\/fmp-components.com\/wp-content\/uploads\/2025\/03\/Telescopic-Hydraulic-Cylinders-111-480x480.webp 480w\" sizes=\"(min-width: 0px) and (max-width: 480px) 480px, (min-width: 481px) 795px, 100vw\" \/><\/p>\n<h2>Applicazioni del cilindro idraulico<\/h2>\n<p>Questo cilindro idraulico \u00e8 versatile e pu\u00f2 essere utilizzato in un'ampia gamma di applicazioni, tra cui, a titolo esemplificativo ma non esaustivo, autocarri con cassone ribaltabile, macchinari edili e attrezzature per impieghi gravosi.<\/p>\n<h2>Cilindri idraulici e gruppi di potenza<\/h2>\n<p>Cilindri idraulici e centraline sono parti integranti di qualsiasi sistema idraulico. Il loro funzionamento combinato garantisce l'ampia applicazione della tecnologia idraulica nel settore industriale, fornendo potenza affidabile e supporto di controllo per diverse apparecchiature meccaniche e ingegneristiche. FMP offre anche centraline in vendita.<\/p>\n<h2>Domande frequenti<\/h2>\n<p><strong>D: Siete una societ\u00e0 commerciale o un produttore?<\/strong><\/p>\n<p>A: Siamo un produttore.<\/p>\n<p><strong>D: Quanto tempo impiegate per la consegna?<\/strong><\/p>\n<p>R: In genere sono 25-35 giorni.<\/p>\n<p><strong>D: Fornite campioni? Sono gratuiti o extra?<\/strong><\/p>\n<p>R: S\u00ec, potremmo offrire il campione, ma non \u00e8 gratuito.<\/p>\n<h3>Informazioni su FMP<\/h3>\n<p class=\"break-words\">FMP \u00e8 un produttore italiano leader specializzato nella progettazione, sviluppo e produzione di cilindri idraulici di alta qualit\u00e0. Con una ricca tradizione radicata in decenni di competenza, uniamo con orgoglio l&#039;artigianato italiano con la tecnologia all&#039;avanguardia per fornire soluzioni idrauliche eccezionali su misura per soddisfare le diverse esigenze della nostra clientela globale. Con sede in Italia, un polo di eccellenza ingegneristica, FMP \u00e8 un nome affidabile nel settore idraulico, impegnato a fornire prodotti affidabili, durevoli e innovativi che potenziano le aziende in tutto il mondo.<\/p>\n<p class=\"break-words\">La nostra azienda integra il meglio delle tradizioni di produzione avanzata con un approccio lungimirante. Grazie ad anni di esperienza nei sistemi idraulici, FMP si \u00e8 evoluta in un&#039;azienda moderna che eccelle nella ricerca, nella progettazione e nella produzione. Siamo specializzati in un&#039;ampia gamma di cilindri idraulici, tra cui cilindri a doppio effetto, cilindri di sollevamento per autoveicoli, cilindri per macchinari agricoli e soluzioni progettate su misura per varie applicazioni industriali. Che si tratti di edilizia, installazioni industriali, agricoltura o macchinari pesanti, i nostri cilindri idraulici sono costruiti per funzionare nelle condizioni pi\u00f9 difficili, garantendo sicurezza, efficienza e longevit\u00e0.<\/p>\n<p><img loading=\"lazy\" decoding=\"async\" class=\"alignnone size-full wp-image-6720\" src=\"https:\/\/fmp-components.com\/wp-content\/uploads\/2025\/03\/hydraulic-cylinder-8.webp\" alt=\"Cilindri idraulici telescopici\" width=\"933\" height=\"526\" title=\"\" srcset=\"https:\/\/fmp-components.com\/wp-content\/uploads\/2025\/03\/hydraulic-cylinder-8.webp 933w, https:\/\/fmp-components.com\/wp-content\/uploads\/2025\/03\/hydraulic-cylinder-8-480x271.webp 480w\" sizes=\"(min-width: 0px) and (max-width: 480px) 480px, (min-width: 481px) 933px, 100vw\" \/><\/p>\n<p class=\"break-words\">In FMP, siamo orgogliosi dei nostri stabilimenti di produzione all&#039;avanguardia, dotati di macchinari di precisione e sistemi di collaudo avanzati. I nostri processi di produzione rispettano rigorosi standard nazionali e internazionali, assicurando che ogni cilindro idraulico che esce dalla nostra fabbrica sia di qualit\u00e0 e affidabilit\u00e0 superiori. Il nostro team tecnico qualificato, abbinato a attrezzature all&#039;avanguardia, ci consente di mantenere un rigoroso controllo di qualit\u00e0 in ogni fase della produzione, dalla selezione delle materie prime all&#039;ispezione finale. Questa dedizione all&#039;eccellenza ci ha fatto guadagnare certificazioni e riconoscimenti dalle autorit\u00e0 del settore, consolidando ulteriormente la nostra reputazione di partner affidabile.<\/p>\n<p class=\"break-words\">La nostra missione \u00e8 semplice ma ambiziosa: fornire ai nostri clienti cilindri idraulici che superino le aspettative in termini di prestazioni, durata e valore. Operiamo secondo i principi guida di professionalit\u00e0, integrit\u00e0 e attenzione al cliente. Promuovendo una cultura di innovazione e precisione, perfezioniamo costantemente i nostri prodotti per rimanere all&#039;avanguardia in un mercato competitivo. La nostra gamma completa di prodotti e la capacit\u00e0 di offrire soluzioni personalizzate ci rendono la scelta ideale per le aziende che cercano cilindri idraulici ad alte prestazioni.<\/p>\n<p class=\"break-words\">FMP \u00e8 pi\u00f9 di un semplice produttore: siamo un partner per il tuo successo. Sappiamo che i nostri clienti contano su di noi per fornirti strumenti che migliorino la loro produttivit\u00e0 e sicurezza. Ecco perch\u00e9 ci impegniamo a offrire non solo prodotti di prima qualit\u00e0, ma anche un servizio eccezionale. Dalla consulenza iniziale al supporto post-vendita, lavoriamo a stretto contatto con i nostri clienti per garantire che le loro esigenze siano soddisfatte con professionalit\u00e0 e attenzione. I nostri prezzi competitivi, abbinati al nostro incrollabile impegno per la qualit\u00e0, rendono FMP la scelta intelligente per le aziende che desiderano investire in soluzioni idrauliche di cui possono fidarsi.<\/p>","protected":false},"excerpt":{"rendered":"<p>Good Quality Telescopic Double Acting Hydraulic Cylinder for Dump Truck Presenting the top-quality Telescopic Double Acting Hydraulic Cylinder that is specially designed for dump trucks. This outstanding hydraulic cylinder offers a new level of efficiency and performance for heavy-duty applications. Features and Benefits This hydraulic cylinder is engineered for optimal performance, boasting high efficiency, energy [&hellip;]<\/p>","protected":false},"featured_media":6788,"comment_status":"closed","ping_status":"closed","template":"","meta":{"_et_pb_use_builder":"","_et_pb_old_content":"","_et_gb_content_width":""},"product_brand":[],"product_cat":[103],"product_tag":[34,105],"class_list":{"0":"post-6555","1":"product","2":"type-product","3":"status-publish","4":"has-post-thumbnail","6":"product_cat-telescopic-hydraulic-cylinders","7":"product_tag-hydraulic-cylinder","8":"product_tag-telescopic-hydraulic-cylinders","10":"first","11":"instock","12":"product-type-simple"},"_links":{"self":[{"href":"https:\/\/fmp-components.com\/it\/wp-json\/wp\/v2\/product\/6555","targetHints":{"allow":["GET"]}}],"collection":[{"href":"https:\/\/fmp-components.com\/it\/wp-json\/wp\/v2\/product"}],"about":[{"href":"https:\/\/fmp-components.com\/it\/wp-json\/wp\/v2\/types\/product"}],"replies":[{"embeddable":true,"href":"https:\/\/fmp-components.com\/it\/wp-json\/wp\/v2\/comments?post=6555"}],"wp:featuredmedia":[{"embeddable":true,"href":"https:\/\/fmp-components.com\/it\/wp-json\/wp\/v2\/media\/6788"}],"wp:attachment":[{"href":"https:\/\/fmp-components.com\/it\/wp-json\/wp\/v2\/media?parent=6555"}],"wp:term":[{"taxonomy":"product_brand","embeddable":true,"href":"https:\/\/fmp-components.com\/it\/wp-json\/wp\/v2\/product_brand?post=6555"},{"taxonomy":"product_cat","embeddable":true,"href":"https:\/\/fmp-components.com\/it\/wp-json\/wp\/v2\/product_cat?post=6555"},{"taxonomy":"product_tag","embeddable":true,"href":"https:\/\/fmp-components.com\/it\/wp-json\/wp\/v2\/product_tag?post=6555"}],"curies":[{"name":"parola chiave","href":"https:\/\/api.w.org\/{rel}","templated":true}]}}