{"id":6551,"date":"2025-03-11T06:29:39","date_gmt":"2025-03-11T06:29:39","guid":{"rendered":"https:\/\/fmp-components.com\/product\/factory-price-multi-stage-flatbed-tow-truck-hydraulic-cylinder"},"modified":"2025-03-18T00:52:01","modified_gmt":"2025-03-18T00:52:01","slug":"factory-price-multi-stage-flatbed-tow-truck-hydraulic-cylinder","status":"publish","type":"product","link":"https:\/\/fmp-components.com\/it\/product\/factory-price-multi-stage-flatbed-tow-truck-hydraulic-cylinder\/","title":{"rendered":"Cilindro idraulico per carro attrezzi a pianale multistadio a prezzo di fabbrica"},"content":{"rendered":"<h2>Cilindro idraulico per carro attrezzi a pianale multistadio a prezzo di fabbrica<\/h2>\n<p>Vi presentiamo il cilindro idraulico multistadio FMP per carro attrezzi con pianale ribassato, un prodotto di alta qualit\u00e0 progettato per funzionare in modo efficiente in vari settori, come officine di riparazione di macchinari, aziende agricole, industria energetica e mineraria, produzione di macchinari e fabbriche di macchinari. Questo cilindro idraulico vanta prestazioni superiori, potenza imbattibile e durata eccezionale.<\/p>\n<h3>Caratteristiche e vantaggi del prodotto<\/h3>\n<p>Il nostro prodotto \u00e8 azionato idraulicamente e costruito con acciaio di alta qualit\u00e0. Ha una spinta massima di 3000 Nm e una capacit\u00e0 di tiro massima di 20 tonnellate. Il diametro dell'alesaggio varia da 5 a 15 cm, mentre quello dell'asta da 2,9 a 10 cm.<\/p>\n<h3>Specifiche tecniche<\/h3>\n<table style=\"width: 99.7507%;\" border=\"\">\n<tbody>\n<tr>\n<td style=\"width: 42.9379%;\"><i>Dimensioni del foro<\/i><\/td>\n<td style=\"width: 472.881%;\">2-6 pollici<\/td>\n<\/tr>\n<tr>\n<td style=\"width: 42.9379%;\"><i>Dimensioni dell&#039;asta<\/i><\/td>\n<td style=\"width: 472.881%;\">1,125-4 pollici<\/td>\n<\/tr>\n<tr>\n<td style=\"width: 42.9379%;\"><i>Dimensione del tratto<\/i><\/td>\n<td style=\"width: 472.881%;\">4-100 pollici<\/td>\n<\/tr>\n<tr>\n<td style=\"width: 42.9379%;\"><i>Dimensione del perno<\/i><\/td>\n<td style=\"width: 472.881%;\">0,5-2 pollici<\/td>\n<\/tr>\n<tr>\n<td style=\"width: 42.9379%;\"><i>Porti<\/i><\/td>\n<td style=\"width: 472.881%;\">G\/SAE\/NPT\/M<\/td>\n<\/tr>\n<\/tbody>\n<\/table>\n<h2>Prestazioni ed efficienza senza pari<\/h2>\n<p>Il cilindro idraulico FMP \u00e8 progettato per essere efficiente dal punto di vista energetico, altamente efficace e sicuro. Il design multistadio consente uno stoccaggio compatto pur garantendo una corsa lunga. \u00c8 costruito per resistere alle condizioni di lavoro pi\u00f9 difficili, rendendolo una scelta affidabile per diverse applicazioni.<\/p>\n<h2>Comprensione dei sistemi idraulici e dei principi di funzionamento<\/h2>\n<p>L'essenza dei sistemi idraulici risiede nel trasferimento di energia da un punto all'altro attraverso un fluido incomprimibile. Il cilindro idraulico \u00e8 parte integrante di questo sistema, trasformando l'energia idraulica in energia meccanica per compiere lavoro.<\/p>\n<p><img loading=\"lazy\" decoding=\"async\" class=\"alignnone wp-image-6664\" src=\"https:\/\/fmp-components.com\/wp-content\/uploads\/2025\/03\/telescopic-hydraulic-cylinder-8.webp\" alt=\"cilindro idraulico telescopico\" width=\"929\" height=\"929\" title=\"\" srcset=\"https:\/\/fmp-components.com\/wp-content\/uploads\/2025\/03\/telescopic-hydraulic-cylinder-8.webp 929w, https:\/\/fmp-components.com\/wp-content\/uploads\/2025\/03\/telescopic-hydraulic-cylinder-8-480x480.webp 480w\" sizes=\"(min-width: 0px) and (max-width: 480px) 480px, (min-width: 481px) 929px, 100vw\" \/><\/p>\n<h2>Applicazioni dei cilindri idraulici<\/h2>\n<p>I cilindri idraulici trovano ampia applicazione in vari settori industriali in cui \u00e8 necessario spostare o sollevare carichi pesanti. Sono particolarmente utili nelle officine di riparazione di macchinari, nelle aziende agricole, nell'industria energetica e mineraria, nella produzione di macchinari e nelle fabbriche di macchinari.<\/p>\n<h2>Cilindri idraulici e gruppi di potenza<\/h2>\n<p>Cilindri idraulici e centraline sono componenti indispensabili di un sistema idraulico. Il loro funzionamento sinergico garantisce l'ampia applicazione della tecnologia idraulica in campo industriale, fornendo potenza e supporto di controllo affidabili per diverse apparecchiature e macchinari. Da FMP, offriamo anche centraline in vendita.<\/p>\n<h3>Domande frequenti<\/h3>\n<p><b>D: Qual \u00e8 la spinta massima del tuo cilindro idraulico?<\/b><br \/>\nA: La spinta massima del nostro cilindro idraulico \u00e8 3000.<\/p>\n<p><b>D: Qual \u00e8 la dimensione dell'alesaggio del cilindro idraulico?<\/b><br \/>\nA: La dimensione del foro del nostro cilindro idraulico varia da 2 a 6 pollici.<\/p>\n<p><b>D: Quali sono i tempi di consegna del vostro cilindro idraulico?<\/b><br \/>\nR: In genere i nostri tempi di consegna sono di 25-35 giorni.<\/p>\n<h3>Informazioni su FMP<\/h3>\n<p>FMP \u00e8 un produttore italiano leader, rinomato per la progettazione, lo sviluppo e la produzione di cilindri idraulici di alta qualit\u00e0. Con decenni di esperienza, uniamo la tradizionale artigianalit\u00e0 italiana con la tecnologia avanzata per fornire soluzioni idrauliche eccezionali su misura per le diverse esigenze della nostra clientela globale. Situata in Italia, un centro di eccellenza ingegneristica, FMP si \u00e8 affermata come un nome di fiducia nel settore idraulico, impegnata a fornire prodotti affidabili, durevoli e innovativi che potenziano le aziende in tutto il mondo.<\/p>\n<p>Combiniamo il meglio delle tradizioni di produzione avanzata con un approccio lungimirante. Grazie alla nostra vasta esperienza nei sistemi idraulici, FMP si \u00e8 trasformata in un&#039;azienda moderna che eccelle nella ricerca, nella progettazione e nella produzione. La nostra specializzazione include un&#039;ampia gamma di cilindri idraulici, come cilindri a doppio effetto, cilindri di sollevamento per autoveicoli, cilindri per macchinari agricoli e soluzioni progettate su misura per varie applicazioni industriali. Progettati per funzionare nelle condizioni pi\u00f9 difficili, i nostri cilindri idraulici garantiscono sicurezza, efficienza e longevit\u00e0 in settori quali edilizia, installazioni industriali, agricoltura e macchinari pesanti.<\/p>\n<p>In FMP, siamo orgogliosi dei nostri stabilimenti di produzione all&#039;avanguardia, dotati di macchinari di precisione e sistemi di collaudo avanzati. I nostri processi di produzione rispettano rigorosi standard nazionali e internazionali, garantendo che ogni cilindro idraulico che esce dalla nostra fabbrica soddisfi i pi\u00f9 elevati standard di qualit\u00e0 e affidabilit\u00e0. Il nostro team tecnico qualificato, unito a attrezzature all&#039;avanguardia, ci consente di mantenere un rigoroso controllo di qualit\u00e0 in ogni fase di produzione, dalla selezione delle materie prime all&#039;ispezione finale. Questo impegno verso l&#039;eccellenza ci ha fatto guadagnare certificazioni e riconoscimenti dalle autorit\u00e0 del settore, rafforzando la nostra reputazione di partner affidabile.<\/p>\n<p><img loading=\"lazy\" decoding=\"async\" class=\"alignnone size-full wp-image-6720\" src=\"https:\/\/fmp-components.com\/wp-content\/uploads\/2025\/03\/hydraulic-cylinder-8.webp\" alt=\"Cilindri idraulici telescopici\" width=\"933\" height=\"526\" title=\"\" srcset=\"https:\/\/fmp-components.com\/wp-content\/uploads\/2025\/03\/hydraulic-cylinder-8.webp 933w, https:\/\/fmp-components.com\/wp-content\/uploads\/2025\/03\/hydraulic-cylinder-8-480x271.webp 480w\" sizes=\"(min-width: 0px) and (max-width: 480px) 480px, (min-width: 481px) 933px, 100vw\" \/><\/p>\n<p>La nostra missione \u00e8 semplice e ambiziosa: fornire cilindri idraulici che superino le aspettative in termini di prestazioni, durata e valore. Guidati da principi di professionalit\u00e0, integrit\u00e0 e attenzione al cliente, promuoviamo una cultura di innovazione e precisione, perfezionando continuamente i nostri prodotti per rimanere all&#039;avanguardia in un mercato competitivo. Con una gamma di prodotti completa e la capacit\u00e0 di offrire soluzioni personalizzate, siamo la scelta preferita per le aziende che cercano cilindri idraulici ad alte prestazioni.<\/p>\n<p>FMP \u00e8 pi\u00f9 di un semplice produttore; siamo un partner del tuo successo. Riconosciamo che i nostri clienti contano su di noi per fornire strumenti che migliorino la loro produttivit\u00e0 e sicurezza. Pertanto, ci impegniamo a fornire non solo prodotti di alto livello, ma anche un servizio eccezionale. Dalla consulenza iniziale al supporto post-vendita, collaboriamo a stretto contatto con i nostri clienti per garantire che le loro esigenze siano soddisfatte con professionalit\u00e0 e cura. I nostri prezzi competitivi, uniti al nostro incrollabile impegno per la qualit\u00e0, rendono FMP la scelta intelligente per le aziende che desiderano investire in soluzioni idrauliche affidabili.<\/p>","protected":false},"excerpt":{"rendered":"<p>Factory Price Multi Stage Flatbed Tow Truck Hydraulic Cylinder Introducing the FMP multi-stage flatbed tow truck hydraulic cylinder, a top-grade product designed to work efficiently in various industries such as machinery repair shops, farms, energy &amp; mining, machinery manufacturing, and machinery factories. This hydraulic cylinder boasts superior performance, unbeatable power, and exceptional durability. Product Features [&hellip;]<\/p>","protected":false},"featured_media":6746,"comment_status":"closed","ping_status":"closed","template":"","meta":{"_et_pb_use_builder":"","_et_pb_old_content":"","_et_gb_content_width":""},"product_brand":[],"product_cat":[103],"product_tag":[34,105],"class_list":{"0":"post-6551","1":"product","2":"type-product","3":"status-publish","4":"has-post-thumbnail","6":"product_cat-telescopic-hydraulic-cylinders","7":"product_tag-hydraulic-cylinder","8":"product_tag-telescopic-hydraulic-cylinders","10":"first","11":"instock","12":"product-type-simple"},"_links":{"self":[{"href":"https:\/\/fmp-components.com\/it\/wp-json\/wp\/v2\/product\/6551","targetHints":{"allow":["GET"]}}],"collection":[{"href":"https:\/\/fmp-components.com\/it\/wp-json\/wp\/v2\/product"}],"about":[{"href":"https:\/\/fmp-components.com\/it\/wp-json\/wp\/v2\/types\/product"}],"replies":[{"embeddable":true,"href":"https:\/\/fmp-components.com\/it\/wp-json\/wp\/v2\/comments?post=6551"}],"wp:featuredmedia":[{"embeddable":true,"href":"https:\/\/fmp-components.com\/it\/wp-json\/wp\/v2\/media\/6746"}],"wp:attachment":[{"href":"https:\/\/fmp-components.com\/it\/wp-json\/wp\/v2\/media?parent=6551"}],"wp:term":[{"taxonomy":"product_brand","embeddable":true,"href":"https:\/\/fmp-components.com\/it\/wp-json\/wp\/v2\/product_brand?post=6551"},{"taxonomy":"product_cat","embeddable":true,"href":"https:\/\/fmp-components.com\/it\/wp-json\/wp\/v2\/product_cat?post=6551"},{"taxonomy":"product_tag","embeddable":true,"href":"https:\/\/fmp-components.com\/it\/wp-json\/wp\/v2\/product_tag?post=6551"}],"curies":[{"name":"parola chiave","href":"https:\/\/api.w.org\/{rel}","templated":true}]}}