{"id":6550,"date":"2025-03-11T06:29:39","date_gmt":"2025-03-11T06:29:39","guid":{"rendered":"https:\/\/fmp-components.com\/product\/quality-manufacturing-4-stage-dump-trailer-hydraulic-cylinder"},"modified":"2025-03-18T01:58:46","modified_gmt":"2025-03-18T01:58:46","slug":"quality-manufacturing-4-stage-dump-trailer-hydraulic-cylinder","status":"publish","type":"product","link":"https:\/\/fmp-components.com\/it\/product\/quality-manufacturing-4-stage-dump-trailer-hydraulic-cylinder\/","title":{"rendered":"Cilindro idraulico per rimorchio ribaltabile a 4 stadi di qualit\u00e0"},"content":{"rendered":"<h2>Cilindro idraulico per rimorchio ribaltabile a 4 stadi di qualit\u00e0<\/h2>\n<p>Il cilindro idraulico per rimorchio ribaltabile a 4 stadi di Quality Manufacturing \u00e8 un cilindro idraulico multistadio ad alte prestazioni progettato per applicazioni pesanti. \u00c8 ideale per l&#039;uso in officine di riparazione di macchinari, aziende agricole, industrie energetiche e minerarie, produzione di macchinari e fabbriche.<\/p>\n<h3>Funzione e importanza<\/h3>\n<p>Questo cilindro idraulico svolge un ruolo cruciale nella conversione della potenza fluida in forza meccanica lineare e movimento. Fornisce la potenza necessaria per sollevare, spingere o tirare carichi pesanti, rendendolo un componente essenziale in vari macchinari e attrezzature.<\/p>\n<h3>Specifiche del prodotto<\/h3>\n<table style=\"width: 97.1561%;\" border=\"\">\n<tbody>\n<tr>\n<th style=\"width: 43.5028%;\">Dimensioni del foro<\/th>\n<td style=\"width: 470.056%;\">2-6 pollici<\/td>\n<\/tr>\n<tr>\n<th style=\"width: 43.5028%;\">Dimensioni dell&#039;asta<\/th>\n<td style=\"width: 470.056%;\">1,125-4 pollici<\/td>\n<\/tr>\n<tr>\n<th style=\"width: 43.5028%;\">Dimensione del tratto<\/th>\n<td style=\"width: 470.056%;\">4-100 pollici<\/td>\n<\/tr>\n<tr>\n<th style=\"width: 43.5028%;\">Dimensione del perno<\/th>\n<td style=\"width: 470.056%;\">0,5-2 pollici<\/td>\n<\/tr>\n<tr>\n<th style=\"width: 43.5028%;\">Porti<\/th>\n<td style=\"width: 470.056%;\">G\/SAE\/NPT\/M<\/td>\n<\/tr>\n<\/tbody>\n<\/table>\n<h3>Caratteristiche e vantaggi principali<\/h3>\n<ul>\n<li>Efficienza energetica: progettato per funzionare con un consumo energetico minimo.<\/li>\n<li>Altamente efficiente: garantisce la massima capacit\u00e0 di spinta e trazione per prestazioni superiori.<\/li>\n<li>Sicuro: prodotto secondo la certificazione ISO9001:2000 per garantire sicurezza e affidabilit\u00e0.<\/li>\n<\/ul>\n<h2>Comprensione del sistema idraulico e del principio di funzionamento<\/h2>\n<p>Il cilindro idraulico funziona in base al principio della legge di Pascal. Utilizza fluido idraulico sotto pressione per creare movimento lineare e forza. Questa forza pu\u00f2 essere utilizzata per azionare dispositivi meccanici ed eseguire lavori.<\/p>\n<p><img loading=\"lazy\" decoding=\"async\" class=\"alignnone wp-image-6663\" src=\"https:\/\/fmp-components.com\/wp-content\/uploads\/2025\/03\/telescopic-hydraulic-cylinder-11.webp\" alt=\"cilindro idraulico telescopico\" width=\"932\" height=\"932\" title=\"\" srcset=\"https:\/\/fmp-components.com\/wp-content\/uploads\/2025\/03\/telescopic-hydraulic-cylinder-11.webp 932w, https:\/\/fmp-components.com\/wp-content\/uploads\/2025\/03\/telescopic-hydraulic-cylinder-11-480x480.webp 480w\" sizes=\"(min-width: 0px) and (max-width: 480px) 480px, (min-width: 481px) 932px, 100vw\" \/><\/p>\n<h2>Scenari applicativi<\/h2>\n<p>Il nostro cilindro idraulico trova applicazione nei rimorchi ribaltabili, nei macchinari edili, nei macchinari agricoli e in altre attrezzature pesanti.<\/p>\n<h2>Cilindri idraulici e gruppi di potenza<\/h2>\n<p>Il cilindro idraulico e l&#039;unit\u00e0 di potenza sono parti indispensabili di un sistema idraulico. La loro azione combinata assicura l&#039;ampia applicazione della tecnologia idraulica nel campo industriale, fornendo potenza affidabile e supporto di controllo per varie apparecchiature meccaniche e ingegneristiche. Il cilindro idraulico, come attuatore, \u00e8 responsabile della conversione dell&#039;energia idraulica in movimento meccanico, convertendo la pressione in forza. L&#039;unit\u00e0 di potenza \u00e8 il nucleo che fornisce l&#039;energia e i segnali di controllo richiesti dal sistema idraulico. Il coordinamento dei due consente al sistema idraulico di funzionare normalmente.<\/p>\n<h2>Domande frequenti<\/h2>\n<h3>D: Siete una societ\u00e0 commerciale o produttrice?<\/h3>\n<p>A: Siamo una fabbrica.<\/p>\n<h3>D: Quanto tempo impiegate per la consegna?<\/h3>\n<p>R: In genere sono 25-35 giorni.<\/p>\n<h3>D: Fornite campioni? Sono gratuiti o extra?<\/h3>\n<p>R: S\u00ec, potremmo offrire il campione, ma non \u00e8 gratuito.<\/p>\n<h3>Informazioni su FMP<\/h3>\n<p>FMP \u00e8 un produttore italiano leader, rinomato per la progettazione, lo sviluppo e la produzione di cilindri idraulici di alta qualit\u00e0. Con decenni di esperienza, uniamo la tradizionale artigianalit\u00e0 italiana con la tecnologia avanzata per fornire soluzioni idrauliche eccezionali su misura per le diverse esigenze della nostra clientela globale. Situata in Italia, un centro di eccellenza ingegneristica, FMP si \u00e8 affermata come un nome di fiducia nel settore idraulico, impegnata a fornire prodotti affidabili, durevoli e innovativi che potenziano le aziende in tutto il mondo.<\/p>\n<p>Combiniamo il meglio delle tradizioni di produzione avanzata con un approccio lungimirante. Grazie alla nostra vasta esperienza nei sistemi idraulici, FMP si \u00e8 trasformata in un&#039;azienda moderna che eccelle nella ricerca, nella progettazione e nella produzione. La nostra specializzazione include un&#039;ampia gamma di cilindri idraulici, come cilindri a doppio effetto, cilindri di sollevamento per autoveicoli, cilindri per macchinari agricoli e soluzioni progettate su misura per varie applicazioni industriali. Progettati per funzionare nelle condizioni pi\u00f9 difficili, i nostri cilindri idraulici garantiscono sicurezza, efficienza e longevit\u00e0 in settori quali edilizia, installazioni industriali, agricoltura e macchinari pesanti.<\/p>\n<p>In FMP, siamo orgogliosi dei nostri stabilimenti di produzione all&#039;avanguardia, dotati di macchinari di precisione e sistemi di collaudo avanzati. I nostri processi di produzione rispettano rigorosi standard nazionali e internazionali, garantendo che ogni cilindro idraulico che esce dalla nostra fabbrica soddisfi i pi\u00f9 elevati standard di qualit\u00e0 e affidabilit\u00e0. Il nostro team tecnico qualificato, unito a attrezzature all&#039;avanguardia, ci consente di mantenere un rigoroso controllo di qualit\u00e0 in ogni fase di produzione, dalla selezione delle materie prime all&#039;ispezione finale. Questo impegno verso l&#039;eccellenza ci ha fatto guadagnare certificazioni e riconoscimenti dalle autorit\u00e0 del settore, rafforzando la nostra reputazione di partner affidabile.<\/p>\n<p><img loading=\"lazy\" decoding=\"async\" class=\"alignnone size-full wp-image-6720\" src=\"https:\/\/fmp-components.com\/wp-content\/uploads\/2025\/03\/hydraulic-cylinder-8.webp\" alt=\"Cilindri idraulici telescopici\" width=\"933\" height=\"526\" title=\"\" srcset=\"https:\/\/fmp-components.com\/wp-content\/uploads\/2025\/03\/hydraulic-cylinder-8.webp 933w, https:\/\/fmp-components.com\/wp-content\/uploads\/2025\/03\/hydraulic-cylinder-8-480x271.webp 480w\" sizes=\"(min-width: 0px) and (max-width: 480px) 480px, (min-width: 481px) 933px, 100vw\" \/><\/p>\n<p>La nostra missione \u00e8 semplice e ambiziosa: fornire cilindri idraulici che superino le aspettative in termini di prestazioni, durata e valore. Guidati da principi di professionalit\u00e0, integrit\u00e0 e attenzione al cliente, promuoviamo una cultura di innovazione e precisione, perfezionando continuamente i nostri prodotti per rimanere all&#039;avanguardia in un mercato competitivo. Con una gamma di prodotti completa e la capacit\u00e0 di offrire soluzioni personalizzate, siamo la scelta preferita per le aziende che cercano cilindri idraulici ad alte prestazioni.<\/p>\n<p>FMP \u00e8 pi\u00f9 di un semplice produttore; siamo un partner del tuo successo. Riconosciamo che i nostri clienti contano su di noi per fornire strumenti che migliorino la loro produttivit\u00e0 e sicurezza. Pertanto, ci impegniamo a fornire non solo prodotti di alto livello, ma anche un servizio eccezionale. Dalla consulenza iniziale al supporto post-vendita, collaboriamo a stretto contatto con i nostri clienti per garantire che le loro esigenze siano soddisfatte con professionalit\u00e0 e cura. I nostri prezzi competitivi, uniti al nostro incrollabile impegno per la qualit\u00e0, rendono FMP la scelta intelligente per le aziende che desiderano investire in soluzioni idrauliche affidabili.<\/p>","protected":false},"excerpt":{"rendered":"<p>Quality Manufacturing 4 Stage Dump Trailer Hydraulic Cylinder The Quality Manufacturing 4 Stage Dump Trailer Hydraulic Cylinder is a high-performance, multi-stage hydraulic cylinder designed for heavy-duty applications. It is ideal for use in machinery repair shops, farms, energy and mining industries, machinery manufacturing, and factories. Function and Importance This hydraulic cylinder plays a crucial role [&hellip;]<\/p>","protected":false},"featured_media":6744,"comment_status":"closed","ping_status":"closed","template":"","meta":{"_et_pb_use_builder":"","_et_pb_old_content":"","_et_gb_content_width":""},"product_brand":[],"product_cat":[103],"product_tag":[34,105],"class_list":{"0":"post-6550","1":"product","2":"type-product","3":"status-publish","4":"has-post-thumbnail","6":"product_cat-telescopic-hydraulic-cylinders","7":"product_tag-hydraulic-cylinder","8":"product_tag-telescopic-hydraulic-cylinders","10":"first","11":"instock","12":"product-type-simple"},"_links":{"self":[{"href":"https:\/\/fmp-components.com\/it\/wp-json\/wp\/v2\/product\/6550","targetHints":{"allow":["GET"]}}],"collection":[{"href":"https:\/\/fmp-components.com\/it\/wp-json\/wp\/v2\/product"}],"about":[{"href":"https:\/\/fmp-components.com\/it\/wp-json\/wp\/v2\/types\/product"}],"replies":[{"embeddable":true,"href":"https:\/\/fmp-components.com\/it\/wp-json\/wp\/v2\/comments?post=6550"}],"wp:featuredmedia":[{"embeddable":true,"href":"https:\/\/fmp-components.com\/it\/wp-json\/wp\/v2\/media\/6744"}],"wp:attachment":[{"href":"https:\/\/fmp-components.com\/it\/wp-json\/wp\/v2\/media?parent=6550"}],"wp:term":[{"taxonomy":"product_brand","embeddable":true,"href":"https:\/\/fmp-components.com\/it\/wp-json\/wp\/v2\/product_brand?post=6550"},{"taxonomy":"product_cat","embeddable":true,"href":"https:\/\/fmp-components.com\/it\/wp-json\/wp\/v2\/product_cat?post=6550"},{"taxonomy":"product_tag","embeddable":true,"href":"https:\/\/fmp-components.com\/it\/wp-json\/wp\/v2\/product_tag?post=6550"}],"curies":[{"name":"parola chiave","href":"https:\/\/api.w.org\/{rel}","templated":true}]}}