{"id":6549,"date":"2025-03-11T06:29:39","date_gmt":"2025-03-11T06:29:39","guid":{"rendered":"https:\/\/fmp-components.com\/product\/factory-direct-sale-4-stage-flatbed-tow-truck-hydraulic-cylinder"},"modified":"2025-03-18T01:05:40","modified_gmt":"2025-03-18T01:05:40","slug":"factory-direct-sale-4-stage-flatbed-tow-truck-hydraulic-cylinder","status":"publish","type":"product","link":"https:\/\/fmp-components.com\/it\/product\/factory-direct-sale-4-stage-flatbed-tow-truck-hydraulic-cylinder\/","title":{"rendered":"Vendita diretta in fabbrica cilindro idraulico per carro attrezzi a pianale ribassato a 4 stadi"},"content":{"rendered":"<h2>Vendita diretta in fabbrica cilindro idraulico per carro attrezzi a pianale ribassato a 4 stadi<\/h2>\n<p>Vi presentiamo il cilindro idraulico a 4 stadi per carro attrezzi con pianale, la nostra novit\u00e0 per il 2025. Questo cilindro idraulico multistadio \u00e8 un componente essenziale per officine di riparazione di macchinari, aziende agricole, industrie energetiche e minerarie, produzione di macchinari e fabbriche di macchinari. \u00c8 realizzato in acciaio resistente, che garantisce la resistenza a un uso intensivo e a condizioni difficili.<\/p>\n<h3>Caratteristiche e vantaggi principali<\/h3>\n<ul>\n<li>Struttura standard del cilindro dello stantuffo per prestazioni ottimali<\/li>\n<li>Potenza idraulica per un funzionamento efficiente<\/li>\n<li>Capacit\u00e0 di spinta massima di 3000 e tiro massimo di 20 tonnellate<\/li>\n<li>Certificazione ISO9001:2000 per la garanzia della qualit\u00e0<\/li>\n<li>Finitura di colore nero per un look professionale<\/li>\n<\/ul>\n<h3>Specifiche tecniche<\/h3>\n<table style=\"width: 99.9673%;\" border=\"\">\n<tbody>\n<tr>\n<td style=\"width: 42.9379%;\"><i>Dimensioni del foro<\/i><\/td>\n<td style=\"width: 474.011%;\">2-6 pollici<\/td>\n<\/tr>\n<tr>\n<td style=\"width: 42.9379%;\"><i>Dimensioni dell&#039;asta<\/i><\/td>\n<td style=\"width: 474.011%;\">1,125-4 pollici<\/td>\n<\/tr>\n<tr>\n<td style=\"width: 42.9379%;\"><i>Dimensione del tratto<\/i><\/td>\n<td style=\"width: 474.011%;\">4-100 pollici<\/td>\n<\/tr>\n<tr>\n<td style=\"width: 42.9379%;\"><i>Dimensione del perno<\/i><\/td>\n<td style=\"width: 474.011%;\">0,5-2 pollici<\/td>\n<\/tr>\n<tr>\n<td style=\"width: 42.9379%;\"><i>Porti<\/i><\/td>\n<td style=\"width: 474.011%;\">G\/SAE\/NPT\/M<\/td>\n<\/tr>\n<\/tbody>\n<\/table>\n<h2>Sistemi idraulici avanzati<\/h2>\n<p>Il nostro cilindro idraulico a 4 stadi per carro attrezzi a pianale ribassato funziona con sistemi idraulici avanzati, noti per la loro potenza, precisione ed efficienza. L'idraulica sfrutta la potenza di un liquido incomprimibile per generare forza e movimento, offrendo controllo e sicurezza superiori in una variet\u00e0 di applicazioni.<\/p>\n<p><img loading=\"lazy\" decoding=\"async\" class=\"alignnone wp-image-6665\" src=\"https:\/\/fmp-components.com\/wp-content\/uploads\/2025\/03\/telescopic-hydraulic-cylinder-9.webp\" alt=\"cilindro idraulico telescopico\" width=\"981\" height=\"981\" title=\"\" srcset=\"https:\/\/fmp-components.com\/wp-content\/uploads\/2025\/03\/telescopic-hydraulic-cylinder-9.webp 981w, https:\/\/fmp-components.com\/wp-content\/uploads\/2025\/03\/telescopic-hydraulic-cylinder-9-480x480.webp 480w\" sizes=\"(min-width: 0px) and (max-width: 480px) 480px, (min-width: 481px) 981px, 100vw\" \/><\/p>\n<h2>Applicazioni del cilindro idraulico<\/h2>\n<p>Questo cilindro idraulico \u00e8 versatile e pu\u00f2 essere utilizzato in vari settori, come l'edilizia, la produzione e l'agricoltura, per attivit\u00e0 che richiedono movimenti potenti e precisi.<\/p>\n<h2>Cilindri idraulici e gruppi di potenza<\/h2>\n<p>I nostri cilindri idraulici e le nostre centraline sono parte integrante dei sistemi idraulici. Insieme, garantiscono l'ampia diffusione della tecnologia idraulica in ambito industriale, fornendo potenza e supporto di controllo affidabili per diverse apparecchiature meccaniche e ingegneristiche.<\/p>\n<h2>Domande frequenti<\/h2>\n<dl>\n<dt>D: Quanto tempo ci vuole per la consegna?<\/dt>\n<dd>A: Il tempo di consegna \u00e8 solitamente di 25-35 giorni.<\/dd>\n<dt>D: Fornite campioni?<\/dt>\n<dd>R: S\u00ec, forniamo campioni, ma non sono gratuiti.<\/dd>\n<dt>D: Potete produrre secondo i campioni?<\/dt>\n<dd>R: S\u00ec, possiamo produrre in base ai vostri campioni o disegni tecnici.<\/dd>\n<\/dl>\n<h3>Informazioni su FMP<\/h3>\n<p>FMP \u00e8 un produttore italiano leader, rinomato per la progettazione, lo sviluppo e la produzione di cilindri idraulici di alta qualit\u00e0. Con decenni di esperienza, uniamo la tradizionale artigianalit\u00e0 italiana con la tecnologia avanzata per fornire soluzioni idrauliche eccezionali su misura per le diverse esigenze della nostra clientela globale. Situata in Italia, un centro di eccellenza ingegneristica, FMP si \u00e8 affermata come un nome di fiducia nel settore idraulico, impegnata a fornire prodotti affidabili, durevoli e innovativi che potenziano le aziende in tutto il mondo.<\/p>\n<p>Combiniamo il meglio delle tradizioni di produzione avanzata con un approccio lungimirante. Grazie alla nostra vasta esperienza nei sistemi idraulici, FMP si \u00e8 trasformata in un&#039;azienda moderna che eccelle nella ricerca, nella progettazione e nella produzione. La nostra specializzazione include un&#039;ampia gamma di cilindri idraulici, come cilindri a doppio effetto, cilindri di sollevamento per autoveicoli, cilindri per macchinari agricoli e soluzioni progettate su misura per varie applicazioni industriali. Progettati per funzionare nelle condizioni pi\u00f9 difficili, i nostri cilindri idraulici garantiscono sicurezza, efficienza e longevit\u00e0 in settori quali edilizia, installazioni industriali, agricoltura e macchinari pesanti.<\/p>\n<p>In FMP, siamo orgogliosi dei nostri stabilimenti di produzione all&#039;avanguardia, dotati di macchinari di precisione e sistemi di collaudo avanzati. I nostri processi di produzione rispettano rigorosi standard nazionali e internazionali, garantendo che ogni cilindro idraulico che esce dalla nostra fabbrica soddisfi i pi\u00f9 elevati standard di qualit\u00e0 e affidabilit\u00e0. Il nostro team tecnico qualificato, unito a attrezzature all&#039;avanguardia, ci consente di mantenere un rigoroso controllo di qualit\u00e0 in ogni fase di produzione, dalla selezione delle materie prime all&#039;ispezione finale. Questo impegno verso l&#039;eccellenza ci ha fatto guadagnare certificazioni e riconoscimenti dalle autorit\u00e0 del settore, rafforzando la nostra reputazione di partner affidabile.<\/p>\n<p><img loading=\"lazy\" decoding=\"async\" class=\"alignnone size-full wp-image-6720\" src=\"https:\/\/fmp-components.com\/wp-content\/uploads\/2025\/03\/hydraulic-cylinder-8.webp\" alt=\"Cilindri idraulici telescopici\" width=\"933\" height=\"526\" title=\"\" srcset=\"https:\/\/fmp-components.com\/wp-content\/uploads\/2025\/03\/hydraulic-cylinder-8.webp 933w, https:\/\/fmp-components.com\/wp-content\/uploads\/2025\/03\/hydraulic-cylinder-8-480x271.webp 480w\" sizes=\"(min-width: 0px) and (max-width: 480px) 480px, (min-width: 481px) 933px, 100vw\" \/><\/p>\n<p>La nostra missione \u00e8 semplice e ambiziosa: fornire cilindri idraulici che superino le aspettative in termini di prestazioni, durata e valore. Guidati da principi di professionalit\u00e0, integrit\u00e0 e attenzione al cliente, promuoviamo una cultura di innovazione e precisione, perfezionando continuamente i nostri prodotti per rimanere all&#039;avanguardia in un mercato competitivo. Con una gamma di prodotti completa e la capacit\u00e0 di offrire soluzioni personalizzate, siamo la scelta preferita per le aziende che cercano cilindri idraulici ad alte prestazioni.<\/p>\n<p>FMP \u00e8 pi\u00f9 di un semplice produttore; siamo un partner del tuo successo. Riconosciamo che i nostri clienti contano su di noi per fornire strumenti che migliorino la loro produttivit\u00e0 e sicurezza. Pertanto, ci impegniamo a fornire non solo prodotti di alto livello, ma anche un servizio eccezionale. Dalla consulenza iniziale al supporto post-vendita, collaboriamo a stretto contatto con i nostri clienti per garantire che le loro esigenze siano soddisfatte con professionalit\u00e0 e cura. I nostri prezzi competitivi, uniti al nostro incrollabile impegno per la qualit\u00e0, rendono FMP la scelta intelligente per le aziende che desiderano investire in soluzioni idrauliche affidabili.<\/p>","protected":false},"excerpt":{"rendered":"<p>Factory Direct Sale 4 Stage Flatbed Tow Truck Hydraulic Cylinder Introducing the 4 Stage Flatbed Tow Truck hydraulic cylinder, our newest product for 2025. This multistage hydraulic cylinder is an essential component for machinery repair shops, farms, energy &amp; mining, machinery manufacturing, and machinery factories. It&#8217;s made of durable steel, ensuring it can withstand heavy [&hellip;]<\/p>","protected":false},"featured_media":6742,"comment_status":"closed","ping_status":"closed","template":"","meta":{"_et_pb_use_builder":"","_et_pb_old_content":"","_et_gb_content_width":""},"product_brand":[],"product_cat":[103],"product_tag":[34,105],"class_list":{"0":"post-6549","1":"product","2":"type-product","3":"status-publish","4":"has-post-thumbnail","6":"product_cat-telescopic-hydraulic-cylinders","7":"product_tag-hydraulic-cylinder","8":"product_tag-telescopic-hydraulic-cylinders","10":"first","11":"instock","12":"product-type-simple"},"_links":{"self":[{"href":"https:\/\/fmp-components.com\/it\/wp-json\/wp\/v2\/product\/6549","targetHints":{"allow":["GET"]}}],"collection":[{"href":"https:\/\/fmp-components.com\/it\/wp-json\/wp\/v2\/product"}],"about":[{"href":"https:\/\/fmp-components.com\/it\/wp-json\/wp\/v2\/types\/product"}],"replies":[{"embeddable":true,"href":"https:\/\/fmp-components.com\/it\/wp-json\/wp\/v2\/comments?post=6549"}],"wp:featuredmedia":[{"embeddable":true,"href":"https:\/\/fmp-components.com\/it\/wp-json\/wp\/v2\/media\/6742"}],"wp:attachment":[{"href":"https:\/\/fmp-components.com\/it\/wp-json\/wp\/v2\/media?parent=6549"}],"wp:term":[{"taxonomy":"product_brand","embeddable":true,"href":"https:\/\/fmp-components.com\/it\/wp-json\/wp\/v2\/product_brand?post=6549"},{"taxonomy":"product_cat","embeddable":true,"href":"https:\/\/fmp-components.com\/it\/wp-json\/wp\/v2\/product_cat?post=6549"},{"taxonomy":"product_tag","embeddable":true,"href":"https:\/\/fmp-components.com\/it\/wp-json\/wp\/v2\/product_tag?post=6549"}],"curies":[{"name":"parola chiave","href":"https:\/\/api.w.org\/{rel}","templated":true}]}}