{"id":6541,"date":"2025-03-11T06:28:19","date_gmt":"2025-03-11T06:28:19","guid":{"rendered":"https:\/\/fmp-components.com\/product\/effective-3-stage-multistage-telescopic-hydraulic-cylinder-for-sale"},"modified":"2025-03-12T06:48:32","modified_gmt":"2025-03-12T06:48:32","slug":"effective-3-stage-multistage-telescopic-hydraulic-cylinder-for-sale","status":"publish","type":"product","link":"https:\/\/fmp-components.com\/it\/product\/effective-3-stage-multistage-telescopic-hydraulic-cylinder-for-sale\/","title":{"rendered":"Cilindro idraulico telescopico multistadio a 3 stadi efficace in vendita"},"content":{"rendered":"<h2>Cilindro idraulico telescopico multistadio a 3 stadi efficace in vendita<\/h2>\n<p>FMP presenta il suo efficace cilindro idraulico telescopico multistadio a 3 stadi, adatto a diversi settori come officine di riparazione di macchinari, aziende agricole, industria energetica e mineraria, produzione di macchinari e fabbriche di macchinari. Il cilindro idraulico \u00e8 riconosciuto per le sue elevate caratteristiche di efficienza, sicurezza e risparmio energetico.<\/p>\n<h3>Specifiche del prodotto<\/h3>\n<p>Il prodotto \u00e8 coperto da una garanzia di 1 anno e pesa 38 kg. I suoi componenti principali includono un cuscinetto e un cilindro idraulico. Il cilindro idraulico \u00e8 un cilindro a stantuffo standard, azionato idraulicamente, con corpo in acciaio. Ha una spinta massima di 3000 Nm e una capacit\u00e0 di tiro massima di 20 tonnellate.<\/p>\n<table style=\"width: 97.7932%;\" border=\"\">\n<tbody>\n<tr>\n<td style=\"width: 43.5028%;\"><b>Dimensioni del foro<\/b><\/td>\n<td style=\"width: 473.446%;\">2-6 pollici<\/td>\n<\/tr>\n<tr>\n<td style=\"width: 43.5028%;\"><b>Dimensioni dell&#039;asta<\/b><\/td>\n<td style=\"width: 473.446%;\">1,125-4 pollici<\/td>\n<\/tr>\n<tr>\n<td style=\"width: 43.5028%;\"><b>Dimensione del tratto<\/b><\/td>\n<td style=\"width: 473.446%;\">4-100 pollici<\/td>\n<\/tr>\n<tr>\n<td style=\"width: 43.5028%;\"><b>Dimensione del perno<\/b><\/td>\n<td style=\"width: 473.446%;\">0,5-2 pollici<\/td>\n<\/tr>\n<tr>\n<td style=\"width: 43.5028%;\"><b>Porti<\/b><\/td>\n<td style=\"width: 473.446%;\">G\/SAE\/NPT\/M<\/td>\n<\/tr>\n<\/tbody>\n<\/table>\n<h3>Caratteristiche e vantaggi unici<\/h3>\n<p>Questo cilindro idraulico multistadio offre caratteristiche e vantaggi unici, come efficienza energetica, elevate prestazioni e sicurezza. La sua versatilit\u00e0 ne consente l'utilizzo in diverse applicazioni e settori.<\/p>\n<p><img loading=\"lazy\" decoding=\"async\" class=\"alignnone  wp-image-6662\" src=\"https:\/\/fmp-components.com\/wp-content\/uploads\/2025\/03\/telescopic-hydraulic-cylinder-4.webp\" alt=\"cilindro idraulico telescopico\" width=\"920\" height=\"920\" title=\"\" srcset=\"https:\/\/fmp-components.com\/wp-content\/uploads\/2025\/03\/telescopic-hydraulic-cylinder-4.webp 920w, https:\/\/fmp-components.com\/wp-content\/uploads\/2025\/03\/telescopic-hydraulic-cylinder-4-480x480.webp 480w\" sizes=\"(min-width: 0px) and (max-width: 480px) 480px, (min-width: 481px) 920px, 100vw\" \/><\/p>\n<h3>Sistemi idraulici e principio di funzionamento<\/h3>\n<p>Il cilindro idraulico funziona secondo il principio di conversione dell'energia idraulica in movimento meccanico. Questa conversione \u00e8 ottenuta grazie alla sinergia tra cilindro idraulico e unit\u00e0 di potenza.<\/p>\n<h3>Applicazioni<\/h3>\n<p>Il cilindro idraulico multistadio trova applicazione in diversi settori ed \u00e8 particolarmente utile nelle officine di riparazione di macchinari, nelle aziende agricole, nel settore energetico e minerario, nella produzione di macchinari e nelle fabbriche di macchinari.<\/p>\n<h2>Cilindri idraulici e gruppi di potenza<\/h2>\n<p>Il cilindro idraulico e l'unit\u00e0 di potenza sono componenti indispensabili del sistema idraulico. Il loro funzionamento sinergico garantisce l'ampia applicazione della tecnologia idraulica in vari settori, fornendo potenza affidabile e supporto di controllo per diverse apparecchiature ingegneristiche e meccaniche.<\/p>\n<h2>Domande frequenti<\/h2>\n<p><b>D: Siete una societ\u00e0 commerciale o produttrice?<\/b><br \/>\nA: Siamo una fabbrica.<\/p>\n<p><b>D: Quanto tempo impiegate per la consegna?<\/b><br \/>\nR: Generalmente sono 25-35 giorni.<\/p>\n<p><b>D: Fornite campioni? Sono gratuiti o prevedono un costo aggiuntivo?<\/b><br \/>\nR: S\u00ec, potremmo offrire il campione, ma non \u00e8 gratuito.<\/p>\n<h3>Informazioni su FMP<\/h3>\n<p>FMP \u00e8 un produttore italiano leader specializzato nella progettazione, sviluppo e produzione di cilindri idraulici di alta qualit\u00e0. Con decenni di esperienza, uniamo la tradizionale artigianalit\u00e0 italiana con la tecnologia all&#039;avanguardia per fornire soluzioni idrauliche eccezionali che soddisfano le diverse esigenze dei nostri clienti globali. Con sede in Italia, un centro di eccellenza ingegneristica, FMP si \u00e8 affermata come un nome di fiducia nel settore idraulico, impegnata a fornire prodotti affidabili, durevoli e innovativi che potenziano le aziende in tutto il mondo.<\/p>\n<p>La nostra azienda armonizza le tradizioni di produzione avanzate con un approccio lungimirante. Sfruttando anni di esperienza nei sistemi idraulici, FMP si \u00e8 trasformata in un&#039;azienda moderna che eccelle nella ricerca, nella progettazione e nella produzione. Offriamo un&#039;ampia gamma di cilindri idraulici, tra cui cilindri a doppio effetto, cilindri di sollevamento per autoveicoli, cilindri per macchinari agricoli e soluzioni progettate su misura per diverse applicazioni industriali. Che si tratti di edilizia, installazioni industriali, agricoltura o macchinari pesanti, i nostri cilindri idraulici sono progettati per funzionare nelle condizioni pi\u00f9 impegnative, garantendo sicurezza, efficienza e longevit\u00e0.<\/p>\n<p><img loading=\"lazy\" decoding=\"async\" class=\"alignnone size-full wp-image-6720\" src=\"https:\/\/fmp-components.com\/wp-content\/uploads\/2025\/03\/hydraulic-cylinder-8.webp\" alt=\"Cilindri idraulici telescopici\" width=\"933\" height=\"526\" title=\"\" srcset=\"https:\/\/fmp-components.com\/wp-content\/uploads\/2025\/03\/hydraulic-cylinder-8.webp 933w, https:\/\/fmp-components.com\/wp-content\/uploads\/2025\/03\/hydraulic-cylinder-8-480x271.webp 480w\" sizes=\"(min-width: 0px) and (max-width: 480px) 480px, (min-width: 481px) 933px, 100vw\" \/><\/p>\n<p>In FMP, siamo orgogliosi dei nostri stabilimenti di produzione all&#039;avanguardia, dotati di macchinari di precisione e sistemi di collaudo avanzati. I nostri processi di produzione sono conformi a rigorosi standard nazionali e internazionali, garantendo che ogni cilindro idraulico prodotto soddisfi i pi\u00f9 elevati standard di qualit\u00e0 e affidabilit\u00e0. Il nostro team tecnico qualificato, unito a attrezzature all&#039;avanguardia, ci consente di mantenere un rigoroso controllo di qualit\u00e0 in ogni fase della produzione, dalla selezione delle materie prime all&#039;ispezione finale. Questo impegno verso l&#039;eccellenza ci ha fatto guadagnare certificazioni e riconoscimenti dalle autorit\u00e0 del settore, consolidando la nostra reputazione di partner affidabile.<\/p>\n<p>La nostra missione \u00e8 semplice e ambiziosa: fornire ai nostri clienti cilindri idraulici che superino le aspettative in termini di prestazioni, durata e valore. Operiamo secondo i principi di professionalit\u00e0, integrit\u00e0 e attenzione al cliente. Coltivando una cultura di innovazione e precisione, perfezioniamo continuamente i nostri prodotti per rimanere all&#039;avanguardia in un mercato competitivo. La nostra ampia gamma di prodotti e la capacit\u00e0 di offrire soluzioni personalizzate ci rendono la scelta preferita per le aziende che cercano cilindri idraulici ad alte prestazioni.<\/p>\n<p>FMP \u00e8 pi\u00f9 di un semplice produttore; siamo un partner del tuo successo. Sappiamo che i nostri clienti contano su di noi per fornire strumenti che migliorino la loro produttivit\u00e0 e sicurezza. Ecco perch\u00e9 ci impegniamo a fornire non solo prodotti di prima qualit\u00e0, ma anche un servizio eccezionale. Dalla consulenza iniziale al supporto post-vendita, collaboriamo a stretto contatto con i nostri clienti per garantire che le loro esigenze siano soddisfatte con professionalit\u00e0 e cura. I nostri prezzi competitivi, uniti a un impegno incrollabile per la qualit\u00e0, rendono FMP la scelta intelligente per le aziende che desiderano investire in soluzioni idrauliche affidabili.<\/p>","protected":false},"excerpt":{"rendered":"<p>Effective 3 Stage Multistage Telescopic Hydraulic Cylinder For Sale FMP presents its effective 3-stage multistage telescopic hydraulic cylinder that is suitable for diverse industries such as Machinery Repair Shops, Farms, Energy &amp; Mining, Machinery manufacturing, and Machinery Factory. The hydraulic cylinder is recognized for its high efficiency, safety, and energy-saving features. Product Specifications The product [&hellip;]<\/p>","protected":false},"featured_media":6753,"comment_status":"closed","ping_status":"closed","template":"","meta":{"_et_pb_use_builder":"","_et_pb_old_content":"","_et_gb_content_width":""},"product_brand":[],"product_cat":[103],"product_tag":[34,105],"class_list":{"0":"post-6541","1":"product","2":"type-product","3":"status-publish","4":"has-post-thumbnail","6":"product_cat-telescopic-hydraulic-cylinders","7":"product_tag-hydraulic-cylinder","8":"product_tag-telescopic-hydraulic-cylinders","10":"first","11":"instock","12":"product-type-simple"},"_links":{"self":[{"href":"https:\/\/fmp-components.com\/it\/wp-json\/wp\/v2\/product\/6541","targetHints":{"allow":["GET"]}}],"collection":[{"href":"https:\/\/fmp-components.com\/it\/wp-json\/wp\/v2\/product"}],"about":[{"href":"https:\/\/fmp-components.com\/it\/wp-json\/wp\/v2\/types\/product"}],"replies":[{"embeddable":true,"href":"https:\/\/fmp-components.com\/it\/wp-json\/wp\/v2\/comments?post=6541"}],"wp:featuredmedia":[{"embeddable":true,"href":"https:\/\/fmp-components.com\/it\/wp-json\/wp\/v2\/media\/6753"}],"wp:attachment":[{"href":"https:\/\/fmp-components.com\/it\/wp-json\/wp\/v2\/media?parent=6541"}],"wp:term":[{"taxonomy":"product_brand","embeddable":true,"href":"https:\/\/fmp-components.com\/it\/wp-json\/wp\/v2\/product_brand?post=6541"},{"taxonomy":"product_cat","embeddable":true,"href":"https:\/\/fmp-components.com\/it\/wp-json\/wp\/v2\/product_cat?post=6541"},{"taxonomy":"product_tag","embeddable":true,"href":"https:\/\/fmp-components.com\/it\/wp-json\/wp\/v2\/product_tag?post=6541"}],"curies":[{"name":"parola chiave","href":"https:\/\/api.w.org\/{rel}","templated":true}]}}