{"id":6534,"date":"2025-03-11T06:28:19","date_gmt":"2025-03-11T06:28:19","guid":{"rendered":"https:\/\/fmp-components.com\/product\/professional-craftsmanship-20-ton-dump-truck-4-stage-hydraulic-cylinder"},"modified":"2025-03-14T03:02:11","modified_gmt":"2025-03-14T03:02:11","slug":"professional-craftsmanship-20-ton-dump-truck-4-stage-hydraulic-cylinder","status":"publish","type":"product","link":"https:\/\/fmp-components.com\/it\/product\/professional-craftsmanship-20-ton-dump-truck-4-stage-hydraulic-cylinder\/","title":{"rendered":"Autocarro con cassone ribaltabile da 20 tonnellate, artigianato professionale, cilindro idraulico a 4 stadi"},"content":{"rendered":"<h2>Autocarro con cassone ribaltabile da 20 tonnellate, artigianato professionale, cilindro idraulico a 4 stadi<\/h2>\n<p>Il cilindro idraulico a 4 stadi per autocarri con cassone ribaltabile da 20 tonnellate di FMP \u00e8 una testimonianza di professionalit\u00e0 artigianale. Questo prodotto, utilizzato principalmente in officine di riparazione di macchinari, aziende agricole, industrie energetiche e minerarie, produzione di macchinari e fabbriche, \u00e8 progettato con acciaio di alta qualit\u00e0 e azionato da tecnologia idraulica. Il cilindro idraulico multistadio ha una forza di trazione massima di 20 tonnellate ed \u00e8 certificato ISO 9001:2000.<\/p>\n<h3>Caratteristiche e funzioni principali<\/h3>\n<ul>\n<li><strong>Struttura standard:<\/strong> Progettato con una struttura standard a cilindro stantuffo, questo cilindro idraulico pu\u00f2 integrarsi perfettamente in vari macchinari e attrezzature.<\/li>\n<li><strong>Alta potenza:<\/strong> Con una spinta massima di 3000 e una trazione massima di 20 tonnellate, garantisce prestazioni eccezionali.<\/li>\n<li><strong>Materiale robusto:<\/strong> Il corpo del cilindro \u00e8 realizzato in acciaio di alta qualit\u00e0, garantendo durevolezza e lunga durata.<\/li>\n<\/ul>\n<h3>Specifiche tecniche<\/h3>\n<table style=\"width: 95.5718%;\" border=\"\">\n<tbody>\n<tr>\n<td style=\"width: 41.704%;\">Nome del prodotto<\/td>\n<td style=\"width: 296.861%;\">Cilindro Telescopico<\/td>\n<\/tr>\n<tr>\n<td style=\"width: 41.704%;\">Certificazione<\/td>\n<td style=\"width: 296.861%;\">ISO9001:2000<\/td>\n<\/tr>\n<tr>\n<td style=\"width: 41.704%;\">Dimensioni del foro<\/td>\n<td style=\"width: 296.861%;\">2-6 pollici<\/td>\n<\/tr>\n<tr>\n<td style=\"width: 41.704%;\">Dimensioni dell&#039;asta<\/td>\n<td style=\"width: 296.861%;\">1,125-4 pollici<\/td>\n<\/tr>\n<tr>\n<td style=\"width: 41.704%;\">Dimensione del tratto<\/td>\n<td style=\"width: 296.861%;\">4-100 pollici<\/td>\n<\/tr>\n<tr>\n<td style=\"width: 41.704%;\">Dimensione del perno<\/td>\n<td style=\"width: 296.861%;\">0,5-2 pollici<\/td>\n<\/tr>\n<tr>\n<td style=\"width: 41.704%;\">Porti<\/td>\n<td style=\"width: 296.861%;\">G\/SAE\/NPT\/M<\/td>\n<\/tr>\n<\/tbody>\n<\/table>\n<h2>Vantaggi unici<\/h2>\n<p>Il cilindro idraulico a 4 stadi per autocarri con cassone ribaltabile da 20 tonnellate di FMP si distingue per l'efficienza energetica, le elevate prestazioni e le caratteristiche di sicurezza. \u00c8 adatto a un'ampia gamma di applicazioni, tra cui officine di riparazione macchinari, aziende agricole, settori energetico e minerario, produzione di macchinari e fabbriche.<\/p>\n<p><img loading=\"lazy\" decoding=\"async\" class=\"alignnone  wp-image-6661\" src=\"https:\/\/fmp-components.com\/wp-content\/uploads\/2025\/03\/telescopic-hydraulic-cylinder-10.webp\" alt=\"cilindro idraulico telescopico\" width=\"808\" height=\"808\" title=\"\" srcset=\"https:\/\/fmp-components.com\/wp-content\/uploads\/2025\/03\/telescopic-hydraulic-cylinder-10.webp 808w, https:\/\/fmp-components.com\/wp-content\/uploads\/2025\/03\/telescopic-hydraulic-cylinder-10-480x480.webp 480w\" sizes=\"(min-width: 0px) and (max-width: 480px) 480px, (min-width: 481px) 808px, 100vw\" \/><\/p>\n<h2>Sistema idraulico e principio di funzionamento<\/h2>\n<p>Il cilindro idraulico \u00e8 parte integrante del sistema idraulico, convertendo l'energia idraulica in movimento meccanico e trasformando la pressione in forza. La centralina, invece, funge da cuore del sistema, fornendo l'energia necessaria e i segnali di controllo.<\/p>\n<h2>Scenari applicativi<\/h2>\n<p>I cilindri idraulici FMP sono ampiamente utilizzati in vari settori industriali grazie alla loro elevata affidabilit\u00e0 e alle prestazioni superiori. Sono fondamentali per il funzionamento di autocarri con cassone ribaltabile, macchine movimento terra, attrezzature agricole e altro ancora.<\/p>\n<h2>Cilindri idraulici e gruppi di potenza<\/h2>\n<p>I cilindri idraulici e le centraline costituiscono una parte indispensabile dei sistemi idraulici. Il loro funzionamento coordinato garantisce l'ampia applicazione della tecnologia idraulica in campo industriale, fornendo potenza affidabile e supporto di controllo per diverse apparecchiature meccaniche e ingegneristiche. FMP offre anche centraline in vendita.<\/p>\n<h2>Domande frequenti<\/h2>\n<dl>\n<dt>D: Siete una societ\u00e0 commerciale o produttrice?<\/dt>\n<dd>A: Siamo una fabbrica.<\/dd>\n<dt>D: Quanto tempo impiegate per la consegna?<\/dt>\n<dd>R: Generalmente sono 25-35 giorni.<\/dd>\n<dt>D: Fornite campioni? Sono gratuiti o extra?<\/dt>\n<dd>R: S\u00ec, potremmo offrire il campione, ma non \u00e8 gratuito.<\/dd>\n<\/dl>\n<h3>Informazioni su FMP<\/h3>\n<p class=\"break-words\">FMP \u00e8 un produttore italiano leader specializzato nella progettazione, sviluppo e produzione di cilindri idraulici di alta qualit\u00e0. Con una ricca tradizione radicata in decenni di competenza, uniamo con orgoglio l&#039;artigianato italiano con la tecnologia all&#039;avanguardia per fornire soluzioni idrauliche eccezionali su misura per soddisfare le diverse esigenze della nostra clientela globale. Con sede in Italia, un polo di eccellenza ingegneristica, FMP \u00e8 un nome affidabile nel settore idraulico, impegnato a fornire prodotti affidabili, durevoli e innovativi che potenziano le aziende in tutto il mondo.<\/p>\n<p class=\"break-words\">La nostra azienda integra il meglio delle tradizioni di produzione avanzata con un approccio lungimirante. Grazie ad anni di esperienza nei sistemi idraulici, FMP si \u00e8 evoluta in un&#039;azienda moderna che eccelle nella ricerca, nella progettazione e nella produzione. Siamo specializzati in un&#039;ampia gamma di cilindri idraulici, tra cui cilindri a doppio effetto, cilindri di sollevamento per autoveicoli, cilindri per macchinari agricoli e soluzioni progettate su misura per varie applicazioni industriali. Che si tratti di edilizia, installazioni industriali, agricoltura o macchinari pesanti, i nostri cilindri idraulici sono costruiti per funzionare nelle condizioni pi\u00f9 difficili, garantendo sicurezza, efficienza e longevit\u00e0.<\/p>\n<p><img loading=\"lazy\" decoding=\"async\" class=\"alignnone size-full wp-image-6720\" src=\"https:\/\/fmp-components.com\/wp-content\/uploads\/2025\/03\/hydraulic-cylinder-8.webp\" alt=\"Cilindri idraulici telescopici\" width=\"933\" height=\"526\" title=\"\" srcset=\"https:\/\/fmp-components.com\/wp-content\/uploads\/2025\/03\/hydraulic-cylinder-8.webp 933w, https:\/\/fmp-components.com\/wp-content\/uploads\/2025\/03\/hydraulic-cylinder-8-480x271.webp 480w\" sizes=\"(min-width: 0px) and (max-width: 480px) 480px, (min-width: 481px) 933px, 100vw\" \/><\/p>\n<p class=\"break-words\">In FMP, siamo orgogliosi dei nostri stabilimenti di produzione all&#039;avanguardia, dotati di macchinari di precisione e sistemi di collaudo avanzati. I nostri processi di produzione rispettano rigorosi standard nazionali e internazionali, assicurando che ogni cilindro idraulico che esce dalla nostra fabbrica sia di qualit\u00e0 e affidabilit\u00e0 superiori. Il nostro team tecnico qualificato, abbinato a attrezzature all&#039;avanguardia, ci consente di mantenere un rigoroso controllo di qualit\u00e0 in ogni fase della produzione, dalla selezione delle materie prime all&#039;ispezione finale. Questa dedizione all&#039;eccellenza ci ha fatto guadagnare certificazioni e riconoscimenti dalle autorit\u00e0 del settore, consolidando ulteriormente la nostra reputazione di partner affidabile.<\/p>\n<p class=\"break-words\">La nostra missione \u00e8 semplice ma ambiziosa: fornire ai nostri clienti cilindri idraulici che superino le aspettative in termini di prestazioni, durata e valore. Operiamo secondo i principi guida di professionalit\u00e0, integrit\u00e0 e attenzione al cliente. Promuovendo una cultura di innovazione e precisione, perfezioniamo costantemente i nostri prodotti per rimanere all&#039;avanguardia in un mercato competitivo. La nostra gamma completa di prodotti e la capacit\u00e0 di offrire soluzioni personalizzate ci rendono la scelta ideale per le aziende che cercano cilindri idraulici ad alte prestazioni.<\/p>\n<p class=\"break-words\">FMP \u00e8 pi\u00f9 di un semplice produttore: siamo un partner per il tuo successo. Sappiamo che i nostri clienti contano su di noi per fornirti strumenti che migliorino la loro produttivit\u00e0 e sicurezza. Ecco perch\u00e9 ci impegniamo a offrire non solo prodotti di prima qualit\u00e0, ma anche un servizio eccezionale. Dalla consulenza iniziale al supporto post-vendita, lavoriamo a stretto contatto con i nostri clienti per garantire che le loro esigenze siano soddisfatte con professionalit\u00e0 e attenzione. I nostri prezzi competitivi, abbinati al nostro incrollabile impegno per la qualit\u00e0, rendono FMP la scelta intelligente per le aziende che desiderano investire in soluzioni idrauliche di cui possono fidarsi.<\/p>","protected":false},"excerpt":{"rendered":"<p>Professional Craftsmanship 20 Ton Dump Truck 4 Stage Hydraulic Cylinder FMP&#8217;s 20 Ton Dump Truck 4 Stage hydraulic cylinder is a testament to professional craftsmanship. This product, mainly used in machinery repair shops, farms, energy &amp; mining, machinery manufacturing, and factories, is designed with high-grade steel and powered by hydraulic technology. The multistage hydraulic cylinder [&hellip;]<\/p>","protected":false},"featured_media":6795,"comment_status":"closed","ping_status":"closed","template":"","meta":{"_et_pb_use_builder":"","_et_pb_old_content":"","_et_gb_content_width":""},"product_brand":[],"product_cat":[103],"product_tag":[34,105],"class_list":{"0":"post-6534","1":"product","2":"type-product","3":"status-publish","4":"has-post-thumbnail","6":"product_cat-telescopic-hydraulic-cylinders","7":"product_tag-hydraulic-cylinder","8":"product_tag-telescopic-hydraulic-cylinders","10":"first","11":"instock","12":"product-type-simple"},"_links":{"self":[{"href":"https:\/\/fmp-components.com\/it\/wp-json\/wp\/v2\/product\/6534","targetHints":{"allow":["GET"]}}],"collection":[{"href":"https:\/\/fmp-components.com\/it\/wp-json\/wp\/v2\/product"}],"about":[{"href":"https:\/\/fmp-components.com\/it\/wp-json\/wp\/v2\/types\/product"}],"replies":[{"embeddable":true,"href":"https:\/\/fmp-components.com\/it\/wp-json\/wp\/v2\/comments?post=6534"}],"wp:featuredmedia":[{"embeddable":true,"href":"https:\/\/fmp-components.com\/it\/wp-json\/wp\/v2\/media\/6795"}],"wp:attachment":[{"href":"https:\/\/fmp-components.com\/it\/wp-json\/wp\/v2\/media?parent=6534"}],"wp:term":[{"taxonomy":"product_brand","embeddable":true,"href":"https:\/\/fmp-components.com\/it\/wp-json\/wp\/v2\/product_brand?post=6534"},{"taxonomy":"product_cat","embeddable":true,"href":"https:\/\/fmp-components.com\/it\/wp-json\/wp\/v2\/product_cat?post=6534"},{"taxonomy":"product_tag","embeddable":true,"href":"https:\/\/fmp-components.com\/it\/wp-json\/wp\/v2\/product_tag?post=6534"}],"curies":[{"name":"parola chiave","href":"https:\/\/api.w.org\/{rel}","templated":true}]}}