{"id":6533,"date":"2025-03-11T06:28:19","date_gmt":"2025-03-11T06:28:19","guid":{"rendered":"https:\/\/fmp-components.com\/product\/factory-price-multi-stage-hydraulic-cylinder-dump-truck-4-stage-hydraulic-cylinder"},"modified":"2025-03-14T02:39:28","modified_gmt":"2025-03-14T02:39:28","slug":"factory-price-multi-stage-hydraulic-cylinder-dump-truck-4-stage-hydraulic-cylinder","status":"publish","type":"product","link":"https:\/\/fmp-components.com\/it\/product\/factory-price-multi-stage-hydraulic-cylinder-dump-truck-4-stage-hydraulic-cylinder\/","title":{"rendered":"Prezzo di fabbrica Cilindro idraulico multistadio Autocarro con cassone ribaltabile Cilindro idraulico a 4 stadi"},"content":{"rendered":"<h2>Prezzo di fabbrica Cilindro idraulico multistadio Autocarro con cassone ribaltabile Cilindro idraulico a 4 stadi<\/h2>\n<p>Il cilindro idraulico multistadio per autocarri con cassone ribaltabile \u00e8 un prodotto all'avanguardia, progettato per la massima efficienza e un funzionamento affidabile. \u00c8 la soluzione perfetta per vari settori, come officine di riparazione di macchinari, aziende agricole, industria energetica e mineraria, produzione di macchinari e fabbriche di macchinari. Questo cilindro idraulico vanta una struttura standard, un cilindro a stantuffo ed \u00e8 azionato idraulicamente.<\/p>\n<h2>Specifiche del prodotto<\/h2>\n<p><img alt=\"\" \/><\/p>\n<table style=\"width: 99.7899%;\" border=\"\">\n<tbody>\n<tr>\n<th style=\"width: 43.29%;\">Nome del prodotto<\/th>\n<td style=\"width: 294.805%;\">Cilindro Telescopico<\/td>\n<\/tr>\n<tr>\n<th style=\"width: 43.29%;\">Certificazione<\/th>\n<td style=\"width: 294.805%;\">ISO9001:2000<\/td>\n<\/tr>\n<tr>\n<th style=\"width: 43.29%;\">Dimensioni del foro<\/th>\n<td style=\"width: 294.805%;\">2-6 pollici<\/td>\n<\/tr>\n<tr>\n<th style=\"width: 43.29%;\">Dimensioni dell&#039;asta<\/th>\n<td style=\"width: 294.805%;\">1,125-4 pollici<\/td>\n<\/tr>\n<tr>\n<th style=\"width: 43.29%;\">Dimensione del tratto<\/th>\n<td style=\"width: 294.805%;\">4-100 pollici<\/td>\n<\/tr>\n<tr>\n<th style=\"width: 43.29%;\">Dimensione del perno<\/th>\n<td style=\"width: 294.805%;\">0,5-2 pollici<\/td>\n<\/tr>\n<tr>\n<th style=\"width: 43.29%;\">Porti<\/th>\n<td style=\"width: 294.805%;\">G\/SAE\/NPT\/M<\/td>\n<\/tr>\n<\/tbody>\n<\/table>\n<h2>Caratteristiche e vantaggi distintivi<\/h2>\n<p>Questo cilindro idraulico \u00e8 realizzato in acciaio di qualit\u00e0 superiore e offre straordinarie capacit\u00e0 di spinta e trazione massime. \u00c8 inoltre dotato di una garanzia di un anno su tutti i componenti principali, a garanzia di un acquisto senza rischi. Questo prodotto \u00e8 efficiente dal punto di vista energetico, affidabile e sicuro, il che lo rende la scelta ideale per le esigenze dei macchinari industriali.<\/p>\n<p><img loading=\"lazy\" decoding=\"async\" class=\"alignnone size-full wp-image-6736\" src=\"https:\/\/fmp-components.com\/wp-content\/uploads\/2025\/03\/Telescopic-Hydraulic-Cylinders-94.webp\" alt=\"Cilindri idraulici telescopici\" width=\"800\" height=\"800\" title=\"\" srcset=\"https:\/\/fmp-components.com\/wp-content\/uploads\/2025\/03\/Telescopic-Hydraulic-Cylinders-94.webp 800w, https:\/\/fmp-components.com\/wp-content\/uploads\/2025\/03\/Telescopic-Hydraulic-Cylinders-94-480x480.webp 480w\" sizes=\"(min-width: 0px) and (max-width: 480px) 480px, (min-width: 481px) 800px, 100vw\" \/><\/p>\n<h2>Sistema idraulico e principio di funzionamento<\/h2>\n<p>Il cilindro idraulico funziona secondo il principio di conversione dell'energia idraulica in movimento meccanico. La pressione del fluido agisce sulla superficie del cilindro, creando una forza che muove il pistone e il carico ad esso collegato. Questo meccanismo \u00e8 ci\u00f2 che consente al cilindro idraulico di eseguire potenti movimenti lineari.<\/p>\n<h2>Applicazione<\/h2>\n<p>Il nostro cilindro idraulico multistadio \u00e8 ideale per l'uso su autocarri con cassone ribaltabile, poich\u00e9 fornisce la potenza necessaria per sollevare, sostenere e abbassare il cassone del camion. Il suo design robusto e l'elevata capacit\u00e0 di carico lo rendono adatto ad applicazioni gravose in vari settori.<\/p>\n<h2>Cilindri idraulici e gruppi di potenza<\/h2>\n<p>Cilindri idraulici e centraline di potenza vanno di pari passo, lavorando in armonia per garantire l'ampia applicazione della tecnologia idraulica nel settore industriale. Come componenti fondamentali dei sistemi idraulici, il loro funzionamento combinato consente un supporto affidabile di potenza e controllo per diverse apparecchiature meccaniche e ingegneristiche. FMP fornisce anche centraline di potenza in vendita.<\/p>\n<h2>Domande frequenti<\/h2>\n<p><strong>D: Siete una societ\u00e0 commerciale o produttrice?<\/strong><\/p>\n<p>A: Siamo una fabbrica.<\/p>\n<p><strong>D: Quanto tempo impiegate per la consegna?<\/strong><\/p>\n<p>R: In genere ci vogliono 25-35 giorni.<\/p>\n<p><strong>D: Fornite campioni?<\/strong><\/p>\n<p>R: S\u00ec, offriamo campioni, ma non sono gratuiti.<\/p>\n<h3>Informazioni su FMP<\/h3>\n<p class=\"break-words\">FMP \u00e8 un produttore italiano leader specializzato nella progettazione, sviluppo e produzione di cilindri idraulici di alta qualit\u00e0. Con una ricca tradizione radicata in decenni di competenza, uniamo con orgoglio l&#039;artigianato italiano con la tecnologia all&#039;avanguardia per fornire soluzioni idrauliche eccezionali su misura per soddisfare le diverse esigenze della nostra clientela globale. Con sede in Italia, un polo di eccellenza ingegneristica, FMP \u00e8 un nome affidabile nel settore idraulico, impegnato a fornire prodotti affidabili, durevoli e innovativi che potenziano le aziende in tutto il mondo.<\/p>\n<p class=\"break-words\">La nostra azienda integra il meglio delle tradizioni di produzione avanzata con un approccio lungimirante. Grazie ad anni di esperienza nei sistemi idraulici, FMP si \u00e8 evoluta in un&#039;azienda moderna che eccelle nella ricerca, nella progettazione e nella produzione. Siamo specializzati in un&#039;ampia gamma di cilindri idraulici, tra cui cilindri a doppio effetto, cilindri di sollevamento per autoveicoli, cilindri per macchinari agricoli e soluzioni progettate su misura per varie applicazioni industriali. Che si tratti di edilizia, installazioni industriali, agricoltura o macchinari pesanti, i nostri cilindri idraulici sono costruiti per funzionare nelle condizioni pi\u00f9 difficili, garantendo sicurezza, efficienza e longevit\u00e0.<\/p>\n<p><img loading=\"lazy\" decoding=\"async\" class=\"alignnone size-full wp-image-6720\" src=\"https:\/\/fmp-components.com\/wp-content\/uploads\/2025\/03\/hydraulic-cylinder-8.webp\" alt=\"Cilindri idraulici telescopici\" width=\"933\" height=\"526\" title=\"\" srcset=\"https:\/\/fmp-components.com\/wp-content\/uploads\/2025\/03\/hydraulic-cylinder-8.webp 933w, https:\/\/fmp-components.com\/wp-content\/uploads\/2025\/03\/hydraulic-cylinder-8-480x271.webp 480w\" sizes=\"(min-width: 0px) and (max-width: 480px) 480px, (min-width: 481px) 933px, 100vw\" \/><\/p>\n<p class=\"break-words\">In FMP, siamo orgogliosi dei nostri stabilimenti di produzione all&#039;avanguardia, dotati di macchinari di precisione e sistemi di collaudo avanzati. I nostri processi di produzione rispettano rigorosi standard nazionali e internazionali, assicurando che ogni cilindro idraulico che esce dalla nostra fabbrica sia di qualit\u00e0 e affidabilit\u00e0 superiori. Il nostro team tecnico qualificato, abbinato a attrezzature all&#039;avanguardia, ci consente di mantenere un rigoroso controllo di qualit\u00e0 in ogni fase della produzione, dalla selezione delle materie prime all&#039;ispezione finale. Questa dedizione all&#039;eccellenza ci ha fatto guadagnare certificazioni e riconoscimenti dalle autorit\u00e0 del settore, consolidando ulteriormente la nostra reputazione di partner affidabile.<\/p>\n<p class=\"break-words\">La nostra missione \u00e8 semplice ma ambiziosa: fornire ai nostri clienti cilindri idraulici che superino le aspettative in termini di prestazioni, durata e valore. Operiamo secondo i principi guida di professionalit\u00e0, integrit\u00e0 e attenzione al cliente. Promuovendo una cultura di innovazione e precisione, perfezioniamo costantemente i nostri prodotti per rimanere all&#039;avanguardia in un mercato competitivo. La nostra gamma completa di prodotti e la capacit\u00e0 di offrire soluzioni personalizzate ci rendono la scelta ideale per le aziende che cercano cilindri idraulici ad alte prestazioni.<\/p>\n<p class=\"break-words\">FMP \u00e8 pi\u00f9 di un semplice produttore: siamo un partner per il tuo successo. Sappiamo che i nostri clienti contano su di noi per fornirti strumenti che migliorino la loro produttivit\u00e0 e sicurezza. Ecco perch\u00e9 ci impegniamo a offrire non solo prodotti di prima qualit\u00e0, ma anche un servizio eccezionale. Dalla consulenza iniziale al supporto post-vendita, lavoriamo a stretto contatto con i nostri clienti per garantire che le loro esigenze siano soddisfatte con professionalit\u00e0 e attenzione. I nostri prezzi competitivi, abbinati al nostro incrollabile impegno per la qualit\u00e0, rendono FMP la scelta intelligente per le aziende che desiderano investire in soluzioni idrauliche di cui possono fidarsi.<\/p>","protected":false},"excerpt":{"rendered":"<p>Factory Price Multi Stage Hydraulic Cylinder Dump Truck 4 Stage Hydraulic Cylinder The multi-stage hydraulic cylinder for dump trucks is a state-of-the-art product designed for top-notch efficiency and reliable operation. It&#8217;s a perfect solution for various industries such as machinery repair shops, farms, energy &amp; mining, machinery manufacturing, and machinery factories. This hydraulic cylinder boasts [&hellip;]<\/p>","protected":false},"featured_media":6800,"comment_status":"closed","ping_status":"closed","template":"","meta":{"_et_pb_use_builder":"","_et_pb_old_content":"","_et_gb_content_width":""},"product_brand":[],"product_cat":[103],"product_tag":[34,105],"class_list":{"0":"post-6533","1":"product","2":"type-product","3":"status-publish","4":"has-post-thumbnail","6":"product_cat-telescopic-hydraulic-cylinders","7":"product_tag-hydraulic-cylinder","8":"product_tag-telescopic-hydraulic-cylinders","10":"first","11":"instock","12":"product-type-simple"},"_links":{"self":[{"href":"https:\/\/fmp-components.com\/it\/wp-json\/wp\/v2\/product\/6533","targetHints":{"allow":["GET"]}}],"collection":[{"href":"https:\/\/fmp-components.com\/it\/wp-json\/wp\/v2\/product"}],"about":[{"href":"https:\/\/fmp-components.com\/it\/wp-json\/wp\/v2\/types\/product"}],"replies":[{"embeddable":true,"href":"https:\/\/fmp-components.com\/it\/wp-json\/wp\/v2\/comments?post=6533"}],"wp:featuredmedia":[{"embeddable":true,"href":"https:\/\/fmp-components.com\/it\/wp-json\/wp\/v2\/media\/6800"}],"wp:attachment":[{"href":"https:\/\/fmp-components.com\/it\/wp-json\/wp\/v2\/media?parent=6533"}],"wp:term":[{"taxonomy":"product_brand","embeddable":true,"href":"https:\/\/fmp-components.com\/it\/wp-json\/wp\/v2\/product_brand?post=6533"},{"taxonomy":"product_cat","embeddable":true,"href":"https:\/\/fmp-components.com\/it\/wp-json\/wp\/v2\/product_cat?post=6533"},{"taxonomy":"product_tag","embeddable":true,"href":"https:\/\/fmp-components.com\/it\/wp-json\/wp\/v2\/product_tag?post=6533"}],"curies":[{"name":"parola chiave","href":"https:\/\/api.w.org\/{rel}","templated":true}]}}