{"id":6527,"date":"2025-03-11T06:28:19","date_gmt":"2025-03-11T06:28:19","guid":{"rendered":"https:\/\/fmp-components.com\/product\/excellent-quality-small-dump-truck-hydraulic-cylinder-multistage-hydraulic-cylinder"},"modified":"2025-03-18T01:59:01","modified_gmt":"2025-03-18T01:59:01","slug":"excellent-quality-small-dump-truck-hydraulic-cylinder-multistage-hydraulic-cylinder","status":"publish","type":"product","link":"https:\/\/fmp-components.com\/it\/product\/excellent-quality-small-dump-truck-hydraulic-cylinder-multistage-hydraulic-cylinder\/","title":{"rendered":"Cilindro idraulico multistadio per autocarri con cassone ribaltabile di qualit\u00e0 eccellente"},"content":{"rendered":"<h2>Cilindro idraulico multistadio per autocarri con cassone ribaltabile di qualit\u00e0 eccellente<\/h2>\n<p>FMP presenta il cilindro idraulico multistadio per piccoli dumper, un prodotto di qualit\u00e0 superiore progettato per prestazioni ottimali. Questo cilindro idraulico \u00e8 un componente fondamentale in vari settori, come officine di riparazione di macchinari, aziende agricole, industria energetica e mineraria, produzione di macchinari e fabbriche di macchinari.<\/p>\n<h3>Specifiche del prodotto<\/h3>\n<p>Il nostro cilindro idraulico vanta un robusto corpo in acciaio, una struttura standard e la potenza derivata dall'idraulica. Il cilindro idraulico multistadio ha una spinta massima di 3000 tonnellate, una trazione massima di 20 tonnellate ed \u00e8 disponibile in un elegante colore nero.<\/p>\n<table style=\"width: 93.1612%;\" border=\"\">\n<tbody>\n<tr>\n<td style=\"width: 42.9379%;\"><i>Dimensioni del foro<\/i><\/td>\n<td style=\"width: 438.589%;\">2-6 pollici<\/td>\n<\/tr>\n<tr>\n<td style=\"width: 42.9379%;\"><i>Dimensioni dell&#039;asta<\/i><\/td>\n<td style=\"width: 438.589%;\">1,125-4 pollici<\/td>\n<\/tr>\n<tr>\n<td style=\"width: 42.9379%;\"><i>Dimensione del tratto<\/i><\/td>\n<td style=\"width: 438.589%;\">4-100 pollici<\/td>\n<\/tr>\n<tr>\n<td style=\"width: 42.9379%;\"><i>Dimensione del perno<\/i><\/td>\n<td style=\"width: 438.589%;\">0,5-2 pollici<\/td>\n<\/tr>\n<tr>\n<td style=\"width: 42.9379%;\"><i>Porti<\/i><\/td>\n<td style=\"width: 438.589%;\">G\/SAE\/NPT\/M<\/td>\n<\/tr>\n<\/tbody>\n<\/table>\n<h2>Caratteristiche e vantaggi unici<\/h2>\n<ul>\n<li>Efficienza energetica<\/li>\n<li>Alte prestazioni<\/li>\n<li>Sicuro e affidabile<\/li>\n<\/ul>\n<h2>Principio di funzionamento e applicazioni dei sistemi idraulici<\/h2>\n<p>I sistemi idraulici funzionano secondo i principi fondamentali della pressione e della portata del fluido per svolgere il lavoro. Utilizzando un fluido idraulico incomprimibile, questi sistemi possono trasmettere efficacemente la forza da un punto all'altro. Quando viene applicata pressione al fluido, questo si muove attraverso tubi e cilindri, creando movimento nei macchinari. Questo principio rende i sistemi idraulici preziosi in un'ampia gamma di applicazioni, tra cui:<\/p>\n<ul>\n<li><strong>Macchine edili:<\/strong> I sistemi idraulici sono essenziali negli escavatori, nei bulldozer e nelle gru, poich\u00e9 consentono potenti capacit\u00e0 di sollevamento e scavo.<\/li>\n<li><strong>Attrezzature industriali:<\/strong> Nel settore manifatturiero, i sistemi idraulici azionano presse, nastri trasportatori e bracci robotici, migliorando l'efficienza e la precisione della produzione.<\/li>\n<li><strong>Macchine agricole:<\/strong> I sistemi idraulici consentono a trattori e mietitrici di svolgere con facilit\u00e0 compiti quali sollevamento, aratura e trasporto, migliorando la produttivit\u00e0 agricola complessiva.<\/li>\n<\/ul>\n<h2>Cilindri idraulici e gruppi di potenza<\/h2>\n<p>I cilindri idraulici e le centraline sono componenti integranti di un sistema idraulico e collaborano per facilitare l'uso efficace della tecnologia idraulica in diversi settori. Il cilindro idraulico funge da attuatore, convertendo l'energia idraulica in movimento meccanico, mentre la centralina genera e regola la pressione idraulica necessaria al funzionamento.<\/p>\n<p>La loro azione combinata garantisce l'ampia applicazione della tecnologia idraulica in ambito industriale, fornendo potenza e supporto di controllo affidabili per un'ampia gamma di apparecchiature meccaniche e ingegneristiche. FMP offre inoltre una variet\u00e0 di centraline di alta qualit\u00e0, progettate per integrare i nostri cilindri idraulici e migliorare le prestazioni del sistema. Questo approccio completo garantisce ai nostri clienti l'accesso agli strumenti necessari per raggiungere efficienza e produttivit\u00e0 ottimali nelle loro attivit\u00e0.<\/p>\n<h2>Domande frequenti<\/h2>\n<p><strong>D: Siete una societ\u00e0 commerciale o un produttore?<\/strong><br \/>\nA: Siamo un produttore.<\/p>\n<p><strong>D: Quanto tempo impiegate per la consegna?<\/strong><br \/>\nR: Generalmente sono 25-35 giorni.<\/p>\n<p><strong>D: Fornite campioni? Sono gratuiti o extra?<\/strong><br \/>\nR: S\u00ec, potremmo offrire il campione, ma non \u00e8 gratuito.<\/p>\n<h3>Informazioni su FMP<\/h3>\n<p>FMP \u00e8 un produttore italiano leader specializzato nella progettazione, sviluppo e produzione di cilindri idraulici di alta qualit\u00e0. Con decenni di esperienza, uniamo la tradizionale artigianalit\u00e0 italiana con la tecnologia all&#039;avanguardia per fornire soluzioni idrauliche eccezionali che soddisfano le diverse esigenze dei nostri clienti globali. Con sede in Italia, un centro di eccellenza ingegneristica, FMP si \u00e8 affermata come un nome di fiducia nel settore idraulico, impegnata a fornire prodotti affidabili, durevoli e innovativi che potenziano le aziende in tutto il mondo.<\/p>\n<p>La nostra azienda armonizza le tradizioni di produzione avanzate con un approccio lungimirante. Sfruttando anni di esperienza nei sistemi idraulici, FMP si \u00e8 trasformata in un&#039;azienda moderna che eccelle nella ricerca, nella progettazione e nella produzione. Offriamo un&#039;ampia gamma di cilindri idraulici, tra cui cilindri a doppio effetto, cilindri di sollevamento per autoveicoli, cilindri per macchinari agricoli e soluzioni progettate su misura per diverse applicazioni industriali. Che si tratti di edilizia, installazioni industriali, agricoltura o macchinari pesanti, i nostri cilindri idraulici sono progettati per funzionare nelle condizioni pi\u00f9 impegnative, garantendo sicurezza, efficienza e longevit\u00e0.<\/p>\n<p><img loading=\"lazy\" decoding=\"async\" class=\"alignnone size-full wp-image-6720\" src=\"https:\/\/fmp-components.com\/wp-content\/uploads\/2025\/03\/hydraulic-cylinder-8.webp\" alt=\"Cilindri idraulici telescopici\" width=\"933\" height=\"526\" title=\"\" srcset=\"https:\/\/fmp-components.com\/wp-content\/uploads\/2025\/03\/hydraulic-cylinder-8.webp 933w, https:\/\/fmp-components.com\/wp-content\/uploads\/2025\/03\/hydraulic-cylinder-8-480x271.webp 480w\" sizes=\"(min-width: 0px) and (max-width: 480px) 480px, (min-width: 481px) 933px, 100vw\" \/><\/p>\n<p>In FMP, siamo orgogliosi dei nostri stabilimenti di produzione all&#039;avanguardia, dotati di macchinari di precisione e sistemi di collaudo avanzati. I nostri processi di produzione sono conformi a rigorosi standard nazionali e internazionali, garantendo che ogni cilindro idraulico prodotto soddisfi i pi\u00f9 elevati standard di qualit\u00e0 e affidabilit\u00e0. Il nostro team tecnico qualificato, unito a attrezzature all&#039;avanguardia, ci consente di mantenere un rigoroso controllo di qualit\u00e0 in ogni fase della produzione, dalla selezione delle materie prime all&#039;ispezione finale. Questo impegno verso l&#039;eccellenza ci ha fatto guadagnare certificazioni e riconoscimenti dalle autorit\u00e0 del settore, consolidando la nostra reputazione di partner affidabile.<\/p>\n<p>La nostra missione \u00e8 semplice e ambiziosa: fornire ai nostri clienti cilindri idraulici che superino le aspettative in termini di prestazioni, durata e valore. Operiamo secondo i principi di professionalit\u00e0, integrit\u00e0 e attenzione al cliente. Coltivando una cultura di innovazione e precisione, perfezioniamo continuamente i nostri prodotti per rimanere all&#039;avanguardia in un mercato competitivo. La nostra ampia gamma di prodotti e la capacit\u00e0 di offrire soluzioni personalizzate ci rendono la scelta preferita per le aziende che cercano cilindri idraulici ad alte prestazioni.<\/p>\n<p>FMP \u00e8 pi\u00f9 di un semplice produttore; siamo un partner del tuo successo. Sappiamo che i nostri clienti contano su di noi per fornire strumenti che migliorino la loro produttivit\u00e0 e sicurezza. Ecco perch\u00e9 ci impegniamo a fornire non solo prodotti di prima qualit\u00e0, ma anche un servizio eccezionale. Dalla consulenza iniziale al supporto post-vendita, collaboriamo a stretto contatto con i nostri clienti per garantire che le loro esigenze siano soddisfatte con professionalit\u00e0 e cura. I nostri prezzi competitivi, uniti a un impegno incrollabile per la qualit\u00e0, rendono FMP la scelta intelligente per le aziende che desiderano investire in soluzioni idrauliche affidabili.<\/p>","protected":false},"excerpt":{"rendered":"<p>Excellent Quality Small Dump Truck Hydraulic Cylinder Multistage Hydraulic Cylinder FMP presents the top-of-the-line small dump truck hydraulic cylinder multistage hydraulic cylinder, a product of superior quality designed for optimum performance. This hydraulic cylinder is a crucial component in various industries such as machinery repair shops, farms, energy &amp; mining, machinery manufacturing, and machinery factories. [&hellip;]<\/p>","protected":false},"featured_media":6755,"comment_status":"closed","ping_status":"closed","template":"","meta":{"_et_pb_use_builder":"","_et_pb_old_content":"","_et_gb_content_width":""},"product_brand":[],"product_cat":[103],"product_tag":[34,105],"class_list":{"0":"post-6527","1":"product","2":"type-product","3":"status-publish","4":"has-post-thumbnail","6":"product_cat-telescopic-hydraulic-cylinders","7":"product_tag-hydraulic-cylinder","8":"product_tag-telescopic-hydraulic-cylinders","10":"first","11":"instock","12":"product-type-simple"},"_links":{"self":[{"href":"https:\/\/fmp-components.com\/it\/wp-json\/wp\/v2\/product\/6527","targetHints":{"allow":["GET"]}}],"collection":[{"href":"https:\/\/fmp-components.com\/it\/wp-json\/wp\/v2\/product"}],"about":[{"href":"https:\/\/fmp-components.com\/it\/wp-json\/wp\/v2\/types\/product"}],"replies":[{"embeddable":true,"href":"https:\/\/fmp-components.com\/it\/wp-json\/wp\/v2\/comments?post=6527"}],"wp:featuredmedia":[{"embeddable":true,"href":"https:\/\/fmp-components.com\/it\/wp-json\/wp\/v2\/media\/6755"}],"wp:attachment":[{"href":"https:\/\/fmp-components.com\/it\/wp-json\/wp\/v2\/media?parent=6527"}],"wp:term":[{"taxonomy":"product_brand","embeddable":true,"href":"https:\/\/fmp-components.com\/it\/wp-json\/wp\/v2\/product_brand?post=6527"},{"taxonomy":"product_cat","embeddable":true,"href":"https:\/\/fmp-components.com\/it\/wp-json\/wp\/v2\/product_cat?post=6527"},{"taxonomy":"product_tag","embeddable":true,"href":"https:\/\/fmp-components.com\/it\/wp-json\/wp\/v2\/product_tag?post=6527"}],"curies":[{"name":"parola chiave","href":"https:\/\/api.w.org\/{rel}","templated":true}]}}