{"id":6521,"date":"2025-03-11T06:26:57","date_gmt":"2025-03-11T06:26:57","guid":{"rendered":"https:\/\/fmp-components.com\/product\/excellent-quality-small-dump-truck-hydraulic-hoist-cylinder-telescopic-hydraulic-cylinder"},"modified":"2025-03-20T00:46:54","modified_gmt":"2025-03-20T00:46:54","slug":"excellent-quality-small-dump-truck-hydraulic-hoist-cylinder-telescopic-hydraulic-cylinder","status":"publish","type":"product","link":"https:\/\/fmp-components.com\/it\/product\/excellent-quality-small-dump-truck-hydraulic-hoist-cylinder-telescopic-hydraulic-cylinder\/","title":{"rendered":"Cilindro di sollevamento idraulico per autocarri con cassone ribaltabile di qualit\u00e0 eccellente, cilindro idraulico telescopico"},"content":{"rendered":"<h2>Cilindro di sollevamento idraulico per autocarri con cassone ribaltabile di qualit\u00e0 eccellente, cilindro idraulico telescopico<\/h2>\n<p>Il nostro cilindro idraulico \u00e8 un cilindro idraulico telescopico e di sollevamento per piccoli autocarri con cassone ribaltabile di eccellente qualit\u00e0. \u00c8 un nuovo prodotto del 2025, progettato per prestazioni superiori in officine di riparazione di macchinari, aziende agricole, industrie energetiche e minerarie, produzione di macchinari e fabbriche di macchinari.<\/p>\n<h2>Caratteristiche e specifiche<\/h2>\n<p>Il cilindro idraulico \u00e8 standard, con struttura a stantuffo e azionato idraulicamente. \u00c8 realizzato in acciaio resistente ed \u00e8 di colore nero. La sua spinta massima \u00e8 di 3000 kN e pu\u00f2 tirare fino a un massimo di 20 tonnellate.<\/p>\n<h3>Parametri tecnici<\/h3>\n<table style=\"width: 100.836%;\" border=\"\">\n<tbody>\n<tr>\n<td style=\"width: 42.9379%;\"><i>Dimensioni del foro<\/i><\/td>\n<td style=\"width: 478.531%;\">2-6 pollici<\/td>\n<\/tr>\n<tr>\n<td style=\"width: 42.9379%;\"><i>Dimensioni dell&#039;asta<\/i><\/td>\n<td style=\"width: 478.531%;\">1,125-4 pollici<\/td>\n<\/tr>\n<tr>\n<td style=\"width: 42.9379%;\"><i>Dimensione del tratto<\/i><\/td>\n<td style=\"width: 478.531%;\">4-100 pollici<\/td>\n<\/tr>\n<tr>\n<td style=\"width: 42.9379%;\"><i>Dimensione del perno<\/i><\/td>\n<td style=\"width: 478.531%;\">0,5-2 pollici<\/td>\n<\/tr>\n<tr>\n<td style=\"width: 42.9379%;\"><i>Porti<\/i><\/td>\n<td style=\"width: 478.531%;\">G\/SAE\/NPT\/M<\/td>\n<\/tr>\n<\/tbody>\n<\/table>\n<h3>Caratteristiche e vantaggi unici<\/h3>\n<ul>\n<li>Efficienza energetica<\/li>\n<li>Altamente efficace<\/li>\n<li>Sicuro per l&#039;uso<\/li>\n<\/ul>\n<h2>Comprensione del sistema idraulico e del suo principio di funzionamento<\/h2>\n<p>Il sistema idraulico funziona secondo il principio fondamentale della potenza fluida, utilizzando la forza generata dal liquido pressurizzato per creare, controllare e trasmettere potenza in modo efficace. Questo sistema sfrutta l'incomprimibilit\u00e0 dei fluidi, consentendo un trasferimento efficiente della forza su lunghe distanze. Il cilindro idraulico \u00e8 un componente fondamentale in questo contesto, poich\u00e9 svolge la funzione essenziale di convertire l'energia idraulica in lavoro meccanico utile. Sfruttando la pressione del fluido idraulico, il cilindro genera forza e movimento lineari, consentendo di eseguire diverse operazioni meccaniche con precisione e potenza. Questa capacit\u00e0 rende i sistemi idraulici ideali per applicazioni che richiedono potenza e controllo significativi, migliorando la produttivit\u00e0 in una moltitudine di settori.<\/p>\n<p><img loading=\"lazy\" decoding=\"async\" class=\"alignnone wp-image-6656\" src=\"https:\/\/fmp-components.com\/wp-content\/uploads\/2025\/03\/telescopic-hydraulic-cylinder-5.webp\" alt=\"cilindro idraulico telescopico\" width=\"928\" height=\"928\" title=\"\" srcset=\"https:\/\/fmp-components.com\/wp-content\/uploads\/2025\/03\/telescopic-hydraulic-cylinder-5.webp 928w, https:\/\/fmp-components.com\/wp-content\/uploads\/2025\/03\/telescopic-hydraulic-cylinder-5-480x480.webp 480w\" sizes=\"(min-width: 0px) and (max-width: 480px) 480px, (min-width: 481px) 928px, 100vw\" \/><\/p>\n<h2>Applicazioni del cilindro idraulico<\/h2>\n<p>I cilindri idraulici trovano ampia applicazione in diversi settori industriali, dimostrando la loro versatilit\u00e0 ed efficacia. Nelle officine di riparazione di macchinari, sono fondamentali per il sollevamento e la manovra di attrezzature pesanti, consentendo ai tecnici di eseguire interventi di manutenzione e riparazione in modo sicuro ed efficiente. In agricoltura, i cilindri idraulici migliorano la funzionalit\u00e0 di diverse attrezzature agricole, come trattori e mietitrebbie, consentendo una movimentazione efficiente di raccolti e materiali. Anche i settori energetico e minerario si affidano ai cilindri idraulici per le loro prestazioni robuste in condizioni difficili, facilitando attivit\u00e0 come il sollevamento di carichi pesanti e l'azionamento di macchinari in ambienti difficili. Inoltre, nella produzione di macchinari e nelle fabbriche di macchinari, questi cilindri svolgono un ruolo fondamentale nelle linee di assemblaggio e nei processi di produzione, garantendo un funzionamento regolare e un'elevata efficienza.<\/p>\n<h2>Cilindri idraulici e gruppi di potenza<\/h2>\n<p>Cilindri idraulici e centraline sono componenti indispensabili dei sistemi idraulici e lavorano in sinergia per garantire l'efficace applicazione della tecnologia idraulica in ambito industriale. Il cilindro idraulico funge da attuatore che converte l'energia idraulica in movimento meccanico, mentre la centralina funge da fonte di fluido idraulico, generando e regolando la pressione necessaria per il funzionamento del cilindro. Insieme, forniscono potenza e supporto di controllo affidabili per una vasta gamma di apparecchiature meccaniche e ingegneristiche.<\/p>\n<p>In FMP, comprendiamo l'importanza di questi componenti nella creazione di sistemi idraulici efficienti, ed \u00e8 per questo che offriamo anche una selezione di centraline di potenza in vendita. Fornendo sia cilindri idraulici che centraline di potenza, ci proponiamo come la soluzione completa per tutte le esigenze idrauliche. Il nostro impegno nel fornire prodotti di alta qualit\u00e0 garantisce che possiate affidarvi alle nostre soluzioni per migliorare l'efficienza e l'affidabilit\u00e0 delle vostre operazioni, indipendentemente dal settore o dall'applicazione.<\/p>\n<p><img loading=\"lazy\" decoding=\"async\" class=\"alignnone wp-image-6657\" src=\"https:\/\/fmp-components.com\/wp-content\/uploads\/2025\/03\/telescopic-hydraulic-cylinder-3.webp\" alt=\"cilindro idraulico telescopico\" width=\"933\" height=\"933\" title=\"\" srcset=\"https:\/\/fmp-components.com\/wp-content\/uploads\/2025\/03\/telescopic-hydraulic-cylinder-3.webp 933w, https:\/\/fmp-components.com\/wp-content\/uploads\/2025\/03\/telescopic-hydraulic-cylinder-3-480x480.webp 480w\" sizes=\"(min-width: 0px) and (max-width: 480px) 480px, (min-width: 481px) 933px, 100vw\" \/><\/p>\n<h3>Domande frequenti<\/h3>\n<p>D: Siete una societ\u00e0 commerciale o produttrice?<br \/>\nA: Siamo una fabbrica con sede in Italia.<\/p>\n<p>D: Quali sono i tempi di consegna?<br \/>\nR: In genere sono 25-35 giorni.<\/p>\n<p>D: Fornite campioni?<br \/>\nR: S\u00ec, forniamo campioni, ma non sono gratuiti.<\/p>\n<h3>Informazioni su FMP<\/h3>\n<p>FMP \u00e8 un&#039;azienda italiana leader nel settore, rinomata per la sua competenza nella progettazione, sviluppo e produzione di cilindri idraulici di alta qualit\u00e0. Con una ricca tradizione costruita nel corso di decenni, uniamo la tradizionale artigianalit\u00e0 italiana a tecnologie all&#039;avanguardia per creare soluzioni idrauliche eccezionali che soddisfano le diverse esigenze dei nostri clienti globali. Con sede in Italia, centro di eccellenza ingegneristica, FMP si \u00e8 affermata come un nome affidabile nel settore idraulico, impegnata a fornire prodotti affidabili, durevoli e innovativi che supportano le aziende di tutto il mondo.<\/p>\n<p>La nostra azienda fonde tradizioni manifatturiere all&#039;avanguardia con una mentalit\u00e0 progressista. Grazie alla nostra vasta esperienza nei sistemi idraulici, FMP si \u00e8 trasformata in un&#039;azienda moderna che eccelle nella ricerca, nella progettazione e nella produzione. Offriamo una gamma completa di cilindri idraulici, tra cui cilindri a doppio effetto, cilindri di sollevamento per autoveicoli, cilindri per macchine agricole e soluzioni personalizzate per diverse applicazioni industriali. Che si tratti di edilizia, installazioni industriali, agricoltura o macchinari pesanti, i nostri cilindri idraulici sono progettati per funzionare nelle condizioni pi\u00f9 impegnative, garantendo sicurezza, efficienza e longevit\u00e0.<\/p>\n<p>In FMP, siamo orgogliosi dei nostri impianti di produzione all&#039;avanguardia, dotati di macchinari di precisione e sistemi di collaudo avanzati. I nostri processi di produzione sono conformi ai rigorosi standard nazionali e internazionali, garantendo che ogni cilindro idraulico prodotto soddisfi i pi\u00f9 elevati standard di qualit\u00e0 e affidabilit\u00e0. Il nostro team tecnico qualificato, unito a attrezzature all&#039;avanguardia, ci consente di mantenere rigorosi controlli di qualit\u00e0 in ogni fase della produzione, dalla selezione delle materie prime al controllo finale. Questo impegno per l&#039;eccellenza ci ha fatto ottenere certificazioni e riconoscimenti dalle autorit\u00e0 del settore, rafforzando la nostra reputazione di partner affidabile.<\/p>\n<p><img loading=\"lazy\" decoding=\"async\" class=\"alignnone size-full wp-image-6720\" src=\"https:\/\/fmp-components.com\/wp-content\/uploads\/2025\/03\/hydraulic-cylinder-8.webp\" alt=\"Cilindri idraulici telescopici\" width=\"933\" height=\"526\" title=\"\" srcset=\"https:\/\/fmp-components.com\/wp-content\/uploads\/2025\/03\/hydraulic-cylinder-8.webp 933w, https:\/\/fmp-components.com\/wp-content\/uploads\/2025\/03\/hydraulic-cylinder-8-480x271.webp 480w\" sizes=\"(min-width: 0px) and (max-width: 480px) 480px, (min-width: 481px) 933px, 100vw\" \/><\/p>\n<p>La nostra missione \u00e8 semplice ma ambiziosa: fornire ai nostri clienti cilindri idraulici che superino le aspettative in termini di prestazioni, durata e valore. Operiamo basandoci su professionalit\u00e0, integrit\u00e0 e attenzione al cliente. Promuovendo una cultura di innovazione e precisione, miglioriamo costantemente i nostri prodotti per mantenere un vantaggio competitivo sul mercato. La nostra ampia gamma di prodotti e la capacit\u00e0 di offrire soluzioni personalizzate ci rendono la scelta ideale per le aziende che cercano cilindri idraulici ad alte prestazioni.<\/p>\n<p>FMP \u00e8 pi\u00f9 di un semplice produttore: siamo un partner per il vostro successo. Sappiamo che i nostri clienti contano su di noi per la fornitura di strumenti che migliorino la loro produttivit\u00e0 e sicurezza. Pertanto, ci impegniamo a fornire non solo prodotti di alta qualit\u00e0, ma anche un servizio eccezionale. Dalla consulenza iniziale all&#039;assistenza post-vendita, collaboriamo a stretto contatto con i nostri clienti per garantire che le loro esigenze siano soddisfatte con professionalit\u00e0 e attenzione. I nostri prezzi competitivi, uniti al nostro incrollabile impegno per la qualit\u00e0, posizionano FMP come la scelta intelligente per le aziende che desiderano investire in soluzioni idrauliche di cui possono fidarsi.<\/p>","protected":false},"excerpt":{"rendered":"<p>Excellent Quality Small Dump Truck Hydraulic Hoist Cylinder Telescopic Hydraulic Cylinder Our Hydraulic Cylinder is an excellent quality small dump truck hydraulic hoist cylinder and a telescopic hydraulic cylinder. It&#8217;s a new product of 2025, designed for superior performance in machinery repair shops, farms, energy and mining industries, machinery manufacturing, and machinery factories. Features and [&hellip;]<\/p>","protected":false},"featured_media":6781,"comment_status":"closed","ping_status":"closed","template":"","meta":{"_et_pb_use_builder":"","_et_pb_old_content":"","_et_gb_content_width":""},"product_brand":[],"product_cat":[103],"product_tag":[34,105],"class_list":{"0":"post-6521","1":"product","2":"type-product","3":"status-publish","4":"has-post-thumbnail","6":"product_cat-telescopic-hydraulic-cylinders","7":"product_tag-hydraulic-cylinder","8":"product_tag-telescopic-hydraulic-cylinders","10":"first","11":"instock","12":"product-type-simple"},"_links":{"self":[{"href":"https:\/\/fmp-components.com\/it\/wp-json\/wp\/v2\/product\/6521","targetHints":{"allow":["GET"]}}],"collection":[{"href":"https:\/\/fmp-components.com\/it\/wp-json\/wp\/v2\/product"}],"about":[{"href":"https:\/\/fmp-components.com\/it\/wp-json\/wp\/v2\/types\/product"}],"replies":[{"embeddable":true,"href":"https:\/\/fmp-components.com\/it\/wp-json\/wp\/v2\/comments?post=6521"}],"wp:featuredmedia":[{"embeddable":true,"href":"https:\/\/fmp-components.com\/it\/wp-json\/wp\/v2\/media\/6781"}],"wp:attachment":[{"href":"https:\/\/fmp-components.com\/it\/wp-json\/wp\/v2\/media?parent=6521"}],"wp:term":[{"taxonomy":"product_brand","embeddable":true,"href":"https:\/\/fmp-components.com\/it\/wp-json\/wp\/v2\/product_brand?post=6521"},{"taxonomy":"product_cat","embeddable":true,"href":"https:\/\/fmp-components.com\/it\/wp-json\/wp\/v2\/product_cat?post=6521"},{"taxonomy":"product_tag","embeddable":true,"href":"https:\/\/fmp-components.com\/it\/wp-json\/wp\/v2\/product_tag?post=6521"}],"curies":[{"name":"parola chiave","href":"https:\/\/api.w.org\/{rel}","templated":true}]}}