{"id":6520,"date":"2025-03-11T06:26:57","date_gmt":"2025-03-11T06:26:57","guid":{"rendered":"https:\/\/fmp-components.com\/product\/durable-hydraulic-cylinders-5-stage-telescopic-hydraulic-cylinder-for-sale"},"modified":"2025-03-12T01:16:29","modified_gmt":"2025-03-12T01:16:29","slug":"durable-hydraulic-cylinders-5-stage-telescopic-hydraulic-cylinder-for-sale","status":"publish","type":"product","link":"https:\/\/fmp-components.com\/it\/product\/durable-hydraulic-cylinders-5-stage-telescopic-hydraulic-cylinder-for-sale\/","title":{"rendered":"Cilindri idraulici durevoli Cilindro idraulico telescopico a 5 stadi in vendita"},"content":{"rendered":"<h2>Cilindri idraulici durevoli Cilindro idraulico telescopico a 5 stadi in vendita<\/h2>\n<p>Scopri la potenza dei nostri cilindri idraulici durevoli, un cilindro idraulico telescopico a 5 stadi, ora disponibile per la vendita. Questa nuovissima unit\u00e0 \u00e8 progettata per migliorare le prestazioni in una variet\u00e0 di settori, tra cui officine di riparazione di macchinari, aziende agricole, industria energetica e mineraria, produzione di macchinari e fabbriche di macchinari.<\/p>\n<h2>Caratteristiche e funzionalit\u00e0 del prodotto<\/h2>\n<p>Il nostro cilindro idraulico vanta una struttura standard con corpo in acciaio, che garantisce durata e utilizzo a lungo termine. Il cilindro idraulico multistadio ha una spinta massima di 3000 e una trazione massima di 20 tonnellate, a dimostrazione dell'elevata efficienza e dell'affidabilit\u00e0 della potenza erogata. Questa straordinaria unit\u00e0 \u00e8 certificata ISO 9001:2000, a garanzia dei suoi standard di qualit\u00e0 e sicurezza.<\/p>\n<h3>Specifiche tecniche<\/h3>\n<p>Il nostro cilindro idraulico ha un alesaggio di 2-6 pollici, uno stelo di 1,125-4 pollici, una corsa di 4-100 pollici e un perno di 0,5-2 pollici. \u00c8 disponibile in un elegante colore nero e pesa circa 42 kg.<\/p>\n<table style=\"width: 98.2317%;\" border=\"\">\n<tbody>\n<tr>\n<td style=\"width: 42.9379%;\"><i>Dimensioni del foro<\/i><\/td>\n<td style=\"width: 464.972%;\">2-6 pollici<\/td>\n<\/tr>\n<tr>\n<td style=\"width: 42.9379%;\"><i>Dimensioni dell&#039;asta<\/i><\/td>\n<td style=\"width: 464.972%;\">1,125-4 pollici<\/td>\n<\/tr>\n<tr>\n<td style=\"width: 42.9379%;\"><i>Dimensione del tratto<\/i><\/td>\n<td style=\"width: 464.972%;\">4-100 pollici<\/td>\n<\/tr>\n<tr>\n<td style=\"width: 42.9379%;\"><i>Dimensione del perno<\/i><\/td>\n<td style=\"width: 464.972%;\">0,5-2 pollici<\/td>\n<\/tr>\n<tr>\n<td style=\"width: 42.9379%;\"><i>Porti<\/i><\/td>\n<td style=\"width: 464.972%;\">G\/SAE\/NPT\/M<\/td>\n<\/tr>\n<\/tbody>\n<\/table>\n<h3>Punti di forza unici<\/h3>\n<ul>\n<li>Efficienza energetica: il nostro cilindro idraulico \u00e8 progettato per ridurre il consumo energetico, rendendolo una scelta sostenibile per le esigenze dei vostri macchinari.<\/li>\n<li>Elevata efficienza: grazie alla sua elevata capacit\u00e0 di spinta e trazione, questo cilindro idraulico garantisce la massima produttivit\u00e0 ed efficienza nelle sue operazioni.<\/li>\n<li>Sicurezza: il nostro cilindro idraulico \u00e8 certificato ISO9001:2000, garantendo i pi\u00f9 elevati standard di sicurezza nelle sue prestazioni.<\/li>\n<\/ul>\n<p><img loading=\"lazy\" decoding=\"async\" class=\"alignnone  wp-image-6658\" src=\"https:\/\/fmp-components.com\/wp-content\/uploads\/2025\/03\/telescopic-hydraulic-cylinder-6.webp\" alt=\"cilindro idraulico telescopico\" width=\"935\" height=\"935\" title=\"\" srcset=\"https:\/\/fmp-components.com\/wp-content\/uploads\/2025\/03\/telescopic-hydraulic-cylinder-6.webp 935w, https:\/\/fmp-components.com\/wp-content\/uploads\/2025\/03\/telescopic-hydraulic-cylinder-6-480x480.webp 480w\" sizes=\"(min-width: 0px) and (max-width: 480px) 480px, (min-width: 481px) 935px, 100vw\" \/><\/p>\n<h2>Comprensione dei sistemi idraulici e del loro principio di funzionamento<\/h2>\n<p>I sistemi idraulici svolgono un ruolo cruciale in diversi settori industriali grazie alla loro capacit\u00e0 di generare grandi quantit\u00e0 di potenza e di controllare i macchinari. I cilindri idraulici, come i nostri, convertono l'energia idraulica in energia meccanica, generando movimenti potenti e controllati.<\/p>\n<h2>Cilindri idraulici e gruppi di potenza<\/h2>\n<p>Il cilindro idraulico e la centralina sono componenti indispensabili in un sistema idraulico. Lavorano insieme per garantire la diffusione della tecnologia idraulica in campo industriale. Il cilindro idraulico, in quanto attuatore, \u00e8 responsabile della conversione dell'energia idraulica in movimento meccanico, trasformando la pressione in forza. La centralina \u00e8 il nucleo che fornisce l'energia e i segnali di controllo richiesti dal sistema idraulico. La cooperazione coordinata tra i due consente il normale funzionamento del sistema idraulico. FMP fornisce anche centraline in vendita.<\/p>\n<p><img loading=\"lazy\" decoding=\"async\" class=\"alignnone  wp-image-6659\" src=\"https:\/\/fmp-components.com\/wp-content\/uploads\/2025\/03\/telescopic-hydraulic-cylinder-12.webp\" alt=\"cilindro idraulico telescopico\" width=\"921\" height=\"921\" title=\"\" srcset=\"https:\/\/fmp-components.com\/wp-content\/uploads\/2025\/03\/telescopic-hydraulic-cylinder-12.webp 921w, https:\/\/fmp-components.com\/wp-content\/uploads\/2025\/03\/telescopic-hydraulic-cylinder-12-480x480.webp 480w\" sizes=\"(min-width: 0px) and (max-width: 480px) 480px, (min-width: 481px) 921px, 100vw\" \/><\/p>\n<h2>Domande frequenti<\/h2>\n<p>D: Siete una societ\u00e0 commerciale o un produttore?<br \/>\nA: Siamo una fabbrica.<br \/>\nD: Quanto tempo impiegate per la consegna?<br \/>\nR: Generalmente sono 25-35 giorni.<br \/>\nD: Fornite campioni? Sono gratuiti o extra?<br \/>\nR: S\u00ec, potremmo offrire il campione, ma non \u00e8 gratuito.<\/p>\n<h3>Informazioni su FMP<\/h3>\n<p>FMP \u00e8 un&#039;azienda italiana leader nel settore, rinomata per la sua competenza nella progettazione, sviluppo e produzione di cilindri idraulici di alta qualit\u00e0. Con una ricca tradizione costruita nel corso di decenni, uniamo la tradizionale artigianalit\u00e0 italiana a tecnologie all&#039;avanguardia per creare soluzioni idrauliche eccezionali che soddisfano le diverse esigenze dei nostri clienti globali. Con sede in Italia, centro di eccellenza ingegneristica, FMP si \u00e8 affermata come un nome affidabile nel settore idraulico, impegnata a fornire prodotti affidabili, durevoli e innovativi che supportano le aziende di tutto il mondo.<\/p>\n<p>La nostra azienda fonde tradizioni manifatturiere all&#039;avanguardia con una mentalit\u00e0 progressista. Grazie alla nostra vasta esperienza nei sistemi idraulici, FMP si \u00e8 trasformata in un&#039;azienda moderna che eccelle nella ricerca, nella progettazione e nella produzione. Offriamo una gamma completa di cilindri idraulici, tra cui cilindri a doppio effetto, cilindri di sollevamento per autoveicoli, cilindri per macchine agricole e soluzioni personalizzate per diverse applicazioni industriali. Che si tratti di edilizia, installazioni industriali, agricoltura o macchinari pesanti, i nostri cilindri idraulici sono progettati per funzionare nelle condizioni pi\u00f9 impegnative, garantendo sicurezza, efficienza e longevit\u00e0.<\/p>\n<p>In FMP, siamo orgogliosi dei nostri impianti di produzione all&#039;avanguardia, dotati di macchinari di precisione e sistemi di collaudo avanzati. I nostri processi di produzione sono conformi ai rigorosi standard nazionali e internazionali, garantendo che ogni cilindro idraulico prodotto soddisfi i pi\u00f9 elevati standard di qualit\u00e0 e affidabilit\u00e0. Il nostro team tecnico qualificato, unito a attrezzature all&#039;avanguardia, ci consente di mantenere rigorosi controlli di qualit\u00e0 in ogni fase della produzione, dalla selezione delle materie prime al controllo finale. Questo impegno per l&#039;eccellenza ci ha fatto ottenere certificazioni e riconoscimenti dalle autorit\u00e0 del settore, rafforzando la nostra reputazione di partner affidabile.<\/p>\n<p><img loading=\"lazy\" decoding=\"async\" class=\"alignnone size-full wp-image-6720\" src=\"https:\/\/fmp-components.com\/wp-content\/uploads\/2025\/03\/hydraulic-cylinder-8.webp\" alt=\"Cilindri idraulici telescopici\" width=\"933\" height=\"526\" title=\"\" srcset=\"https:\/\/fmp-components.com\/wp-content\/uploads\/2025\/03\/hydraulic-cylinder-8.webp 933w, https:\/\/fmp-components.com\/wp-content\/uploads\/2025\/03\/hydraulic-cylinder-8-480x271.webp 480w\" sizes=\"(min-width: 0px) and (max-width: 480px) 480px, (min-width: 481px) 933px, 100vw\" \/><\/p>\n<p>La nostra missione \u00e8 semplice ma ambiziosa: fornire ai nostri clienti cilindri idraulici che superino le aspettative in termini di prestazioni, durata e valore. Operiamo basandoci su professionalit\u00e0, integrit\u00e0 e attenzione al cliente. Promuovendo una cultura di innovazione e precisione, miglioriamo costantemente i nostri prodotti per mantenere un vantaggio competitivo sul mercato. La nostra ampia gamma di prodotti e la capacit\u00e0 di offrire soluzioni personalizzate ci rendono la scelta ideale per le aziende che cercano cilindri idraulici ad alte prestazioni.<\/p>\n<p>FMP \u00e8 pi\u00f9 di un semplice produttore: siamo un partner per il vostro successo. Sappiamo che i nostri clienti contano su di noi per la fornitura di strumenti che migliorino la loro produttivit\u00e0 e sicurezza. Pertanto, ci impegniamo a fornire non solo prodotti di alta qualit\u00e0, ma anche un servizio eccezionale. Dalla consulenza iniziale all&#039;assistenza post-vendita, collaboriamo a stretto contatto con i nostri clienti per garantire che le loro esigenze siano soddisfatte con professionalit\u00e0 e attenzione. I nostri prezzi competitivi, uniti al nostro incrollabile impegno per la qualit\u00e0, posizionano FMP come la scelta intelligente per le aziende che desiderano investire in soluzioni idrauliche di cui possono fidarsi.<\/p>","protected":false},"excerpt":{"rendered":"<p>Durable Hydraulic Cylinders 5 Stage Telescopic Hydraulic Cylinder For Sale Discover the power of our Durable Hydraulic Cylinders, a 5 Stage Telescopic Hydraulic Cylinder, now available for sale. This brand-new unit is designed to enhance performance across a variety of industries, including machinery repair shops, farms, energy and mining, machinery manufacturing, and machinery factories. Product [&hellip;]<\/p>","protected":false},"featured_media":6691,"comment_status":"closed","ping_status":"closed","template":"","meta":{"_et_pb_use_builder":"","_et_pb_old_content":"","_et_gb_content_width":""},"product_brand":[],"product_cat":[103],"product_tag":[34,105],"class_list":{"0":"post-6520","1":"product","2":"type-product","3":"status-publish","4":"has-post-thumbnail","6":"product_cat-telescopic-hydraulic-cylinders","7":"product_tag-hydraulic-cylinder","8":"product_tag-telescopic-hydraulic-cylinders","10":"first","11":"instock","12":"product-type-simple"},"_links":{"self":[{"href":"https:\/\/fmp-components.com\/it\/wp-json\/wp\/v2\/product\/6520","targetHints":{"allow":["GET"]}}],"collection":[{"href":"https:\/\/fmp-components.com\/it\/wp-json\/wp\/v2\/product"}],"about":[{"href":"https:\/\/fmp-components.com\/it\/wp-json\/wp\/v2\/types\/product"}],"replies":[{"embeddable":true,"href":"https:\/\/fmp-components.com\/it\/wp-json\/wp\/v2\/comments?post=6520"}],"wp:featuredmedia":[{"embeddable":true,"href":"https:\/\/fmp-components.com\/it\/wp-json\/wp\/v2\/media\/6691"}],"wp:attachment":[{"href":"https:\/\/fmp-components.com\/it\/wp-json\/wp\/v2\/media?parent=6520"}],"wp:term":[{"taxonomy":"product_brand","embeddable":true,"href":"https:\/\/fmp-components.com\/it\/wp-json\/wp\/v2\/product_brand?post=6520"},{"taxonomy":"product_cat","embeddable":true,"href":"https:\/\/fmp-components.com\/it\/wp-json\/wp\/v2\/product_cat?post=6520"},{"taxonomy":"product_tag","embeddable":true,"href":"https:\/\/fmp-components.com\/it\/wp-json\/wp\/v2\/product_tag?post=6520"}],"curies":[{"name":"parola chiave","href":"https:\/\/api.w.org\/{rel}","templated":true}]}}