{"id":6517,"date":"2025-03-11T06:26:57","date_gmt":"2025-03-11T06:26:57","guid":{"rendered":"https:\/\/fmp-components.com\/product\/factory-serving-small-dump-truck-hydraulic-hoist-cylinder-multistage-hydraulic-cylinder"},"modified":"2025-03-12T01:35:55","modified_gmt":"2025-03-12T01:35:55","slug":"factory-serving-small-dump-truck-hydraulic-hoist-cylinder-multistage-hydraulic-cylinder","status":"publish","type":"product","link":"https:\/\/fmp-components.com\/it\/product\/factory-serving-small-dump-truck-hydraulic-hoist-cylinder-multistage-hydraulic-cylinder\/","title":{"rendered":"Fabbrica che serve piccoli cilindri idraulici per autocarri con cassone ribaltabile, cilindri idraulici multistadio"},"content":{"rendered":"<h2>Fabbrica che serve piccoli cilindri idraulici per autocarri con cassone ribaltabile, cilindri idraulici multistadio<\/h2>\n<p>Vi presentiamo il nostro nuovissimo cilindro idraulico multistadio per sollevamento di piccoli autocarri con cassone ribaltabile, una soluzione all&#039;avanguardia progettata per soddisfare le vostre esigenze in termini di macchinari. Costruito con materiali di altissima qualit\u00e0 e progettato per prestazioni superiori, questo cilindro idraulico \u00e8 la scelta ideale per un&#039;ampia gamma di applicazioni.<\/p>\n<h3>Caratteristiche e importanza del prodotto<\/h3>\n<p>Il nostro cilindro idraulico multistadio \u00e8 progettato per piccoli autocarri con cassone ribaltabile e funge da paranco idraulico robusto e affidabile. Svolge un ruolo cruciale nel sollevamento e nella movimentazione di carichi pesanti, migliorando cos\u00ec la produttivit\u00e0 e l&#039;efficienza in vari settori come officine di riparazione di macchinari, aziende agricole, industria energetica e mineraria, produzione di macchinari e fabbriche di macchinari.<\/p>\n<h3>Specifiche tecniche<\/h3>\n<p>Il nostro cilindro di sollevamento idraulico \u00e8 realizzato con specifiche dettagliate che garantiscono prestazioni e durata ottimali.<\/p>\n<table style=\"width: 101.27%;\" border=\"\">\n<tbody>\n<tr>\n<td style=\"width: 42.9379%;\"><i>Dimensioni del foro<\/i><\/td>\n<td style=\"width: 480.791%;\">2-6 pollici<\/td>\n<\/tr>\n<tr>\n<td style=\"width: 42.9379%;\"><i>Dimensioni dell&#039;asta<\/i><\/td>\n<td style=\"width: 480.791%;\">1,125-4 pollici<\/td>\n<\/tr>\n<tr>\n<td style=\"width: 42.9379%;\"><i>Dimensione del tratto<\/i><\/td>\n<td style=\"width: 480.791%;\">4-100 pollici<\/td>\n<\/tr>\n<tr>\n<td style=\"width: 42.9379%;\"><i>Dimensione del perno<\/i><\/td>\n<td style=\"width: 480.791%;\">0,5-2 pollici<\/td>\n<\/tr>\n<tr>\n<td style=\"width: 42.9379%;\"><i>Porti<\/i><\/td>\n<td style=\"width: 480.791%;\">G\/SAE\/NPT\/M<\/td>\n<\/tr>\n<\/tbody>\n<\/table>\n<h2>Caratteristiche e vantaggi unici<\/h2>\n<p>Il nostro cilindro idraulico multistadio \u00e8 progettato con una serie di caratteristiche e vantaggi unici che lo distinguono sul mercato. Con una notevole spinta massima di 3000 Nm e una capacit\u00e0 di tiro massima di 20 tonnellate, questo cilindro offre potenza ed efficienza eccezionali, rendendolo ideale per applicazioni gravose. Il suo design a risparmio energetico non solo massimizza le prestazioni, ma riduce anche al minimo i costi operativi, garantendo agli utenti efficacia e sostenibilit\u00e0.<\/p>\n<p>Realizzato in acciaio di alta qualit\u00e0, il cilindro vanta una durata e una sicurezza senza pari, rendendolo adatto ad ambienti di lavoro impegnativi. Il robusto corpo in acciaio garantisce la resistenza alle sollecitazioni e alle sollecitazioni associate a compiti impegnativi, garantendo la massima tranquillit\u00e0 agli operatori. Inoltre, il nostro cilindro idraulico multistadio \u00e8 certificato ISO 9001:2000, a dimostrazione del nostro impegno a mantenere i pi\u00f9 elevati standard di qualit\u00e0 e affidabilit\u00e0 nei nostri prodotti. Questa certificazione garantisce ai clienti di investire in un prodotto che soddisfa rigorosi standard internazionali di gestione della qualit\u00e0, accrescendone ulteriormente l&#039;appeal in diverse applicazioni industriali.<\/p>\n<p><img loading=\"lazy\" decoding=\"async\" class=\"alignnone  wp-image-6664\" src=\"https:\/\/fmp-components.com\/wp-content\/uploads\/2025\/03\/telescopic-hydraulic-cylinder-8.webp\" alt=\"cilindro idraulico telescopico\" width=\"919\" height=\"919\" title=\"\" srcset=\"https:\/\/fmp-components.com\/wp-content\/uploads\/2025\/03\/telescopic-hydraulic-cylinder-8.webp 919w, https:\/\/fmp-components.com\/wp-content\/uploads\/2025\/03\/telescopic-hydraulic-cylinder-8-480x480.webp 480w\" sizes=\"(min-width: 0px) and (max-width: 480px) 480px, (min-width: 481px) 919px, 100vw\" \/><\/p>\n<h2>Sistema idraulico e principi di funzionamento<\/h2>\n<p>Il nostro cilindro di sollevamento idraulico funziona basandosi sui principi della potenza del fluido in pressione, essenziale per generare movimento lineare e forza. In questo sistema, il fluido idraulico in pressione viene convogliato nel cilindro, provocando il movimento del pistone. Questo movimento genera la forza necessaria per sollevare o spostare carichi pesanti in modo efficiente. Il design del cilindro di sollevamento idraulico garantisce che questo processo sia fluido e potente, contribuendo a prestazioni elevate e affidabilit\u00e0.<\/p>\n<p>L&#039;efficace conversione dell&#039;energia idraulica in movimento meccanico consente al nostro cilindro di sollevamento idraulico di svolgere un&#039;ampia gamma di compiti con precisione. Questo sistema efficiente non solo aumenta la produttivit\u00e0, ma garantisce anche la movimentazione sicura dei carichi, rendendolo un componente essenziale in diverse applicazioni industriali, tra cui edilizia, produzione e trasporti.<\/p>\n<p><img loading=\"lazy\" decoding=\"async\" class=\"alignnone  wp-image-6665\" src=\"https:\/\/fmp-components.com\/wp-content\/uploads\/2025\/03\/telescopic-hydraulic-cylinder-9.webp\" alt=\"cilindro idraulico telescopico\" width=\"906\" height=\"906\" title=\"\" srcset=\"https:\/\/fmp-components.com\/wp-content\/uploads\/2025\/03\/telescopic-hydraulic-cylinder-9.webp 906w, https:\/\/fmp-components.com\/wp-content\/uploads\/2025\/03\/telescopic-hydraulic-cylinder-9-480x480.webp 480w\" sizes=\"(min-width: 0px) and (max-width: 480px) 480px, (min-width: 481px) 906px, 100vw\" \/><\/p>\n<h2>Cilindri idraulici e gruppi di potenza<\/h2>\n<p>I cilindri idraulici e le centraline sono elementi indispensabili dei sistemi idraulici, ognuno dei quali svolge un ruolo cruciale per la loro funzionalit\u00e0 complessiva. Il cilindro idraulico funge da attuatore, convertendo l&#039;energia idraulica in movimento meccanico, mentre la centralina \u00e8 il cuore del sistema, fornendo il fluido idraulico e la pressione necessari per azionare il cilindro.<\/p>\n<p>Il funzionamento coordinato di questi due componenti \u00e8 essenziale per la diffusione della tecnologia idraulica nel settore industriale. Insieme, forniscono potenza e supporto di controllo affidabili per una vasta gamma di apparecchiature meccaniche e ingegneristiche, garantendo il funzionamento fluido ed efficiente delle operazioni.<\/p>\n<p>Nella nostra azienda, comprendiamo l&#039;importanza di questi componenti per migliorare l&#039;efficienza operativa, ed \u00e8 per questo che offriamo anche gruppi elettrogeni di alta qualit\u00e0 in vendita. Il nostro impegno nel fornire soluzioni idrauliche affidabili garantisce che possiate contare sui nostri prodotti per le prestazioni e il controllo richiesti nelle vostre specifiche applicazioni.<\/p>\n<p><img loading=\"lazy\" decoding=\"async\" class=\"alignnone  wp-image-6717\" src=\"https:\/\/fmp-components.com\/wp-content\/uploads\/2025\/03\/hydraulic-cylinder-211.webp\" alt=\"Cilindri idraulici\" width=\"910\" height=\"912\" title=\"\" srcset=\"https:\/\/fmp-components.com\/wp-content\/uploads\/2025\/03\/hydraulic-cylinder-211.webp 910w, https:\/\/fmp-components.com\/wp-content\/uploads\/2025\/03\/hydraulic-cylinder-211-480x481.webp 480w\" sizes=\"(min-width: 0px) and (max-width: 480px) 480px, (min-width: 481px) 910px, 100vw\" \/><\/p>\n<h2>Domande frequenti<\/h2>\n<p><b>D: Siete una societ\u00e0 commerciale o produttrice?<\/b><br \/>\nA: Siamo una fabbrica.<\/p>\n<p><b>D: Quanto tempo impiegate per la consegna?<\/b><br \/>\nR: Generalmente sono 25-35 giorni.<\/p>\n<p><b>D: Fornite campioni?<\/b><br \/>\nR: S\u00ec, potremmo offrire il campione, ma non \u00e8 gratuito.<\/p>\n<h3>Informazioni su FMP<\/h3>\n<p>FMP \u00e8 un&#039;azienda italiana leader nel settore, rinomata per la sua competenza nella progettazione, sviluppo e produzione di cilindri idraulici di alta qualit\u00e0. Con una ricca tradizione costruita nel corso di decenni, uniamo la tradizionale artigianalit\u00e0 italiana a tecnologie all&#039;avanguardia per creare soluzioni idrauliche eccezionali che soddisfano le diverse esigenze dei nostri clienti globali. Con sede in Italia, centro di eccellenza ingegneristica, FMP si \u00e8 affermata come un nome affidabile nel settore idraulico, impegnata a fornire prodotti affidabili, durevoli e innovativi che supportano le aziende di tutto il mondo.<\/p>\n<p>La nostra azienda fonde tradizioni manifatturiere all&#039;avanguardia con una mentalit\u00e0 progressista. Grazie alla nostra vasta esperienza nei sistemi idraulici, FMP si \u00e8 trasformata in un&#039;azienda moderna che eccelle nella ricerca, nella progettazione e nella produzione. Offriamo una gamma completa di cilindri idraulici, tra cui cilindri a doppio effetto, cilindri di sollevamento per autoveicoli, cilindri per macchine agricole e soluzioni personalizzate per diverse applicazioni industriali. Che si tratti di edilizia, installazioni industriali, agricoltura o macchinari pesanti, i nostri cilindri idraulici sono progettati per funzionare nelle condizioni pi\u00f9 impegnative, garantendo sicurezza, efficienza e longevit\u00e0.<\/p>\n<p>In FMP, siamo orgogliosi dei nostri impianti di produzione all&#039;avanguardia, dotati di macchinari di precisione e sistemi di collaudo avanzati. I nostri processi di produzione sono conformi ai rigorosi standard nazionali e internazionali, garantendo che ogni cilindro idraulico prodotto soddisfi i pi\u00f9 elevati standard di qualit\u00e0 e affidabilit\u00e0. Il nostro team tecnico qualificato, unito a attrezzature all&#039;avanguardia, ci consente di mantenere rigorosi controlli di qualit\u00e0 in ogni fase della produzione, dalla selezione delle materie prime al controllo finale. Questo impegno per l&#039;eccellenza ci ha fatto ottenere certificazioni e riconoscimenti dalle autorit\u00e0 del settore, rafforzando la nostra reputazione di partner affidabile.<\/p>\n<p><img loading=\"lazy\" decoding=\"async\" class=\"alignnone size-full wp-image-6720\" src=\"https:\/\/fmp-components.com\/wp-content\/uploads\/2025\/03\/hydraulic-cylinder-8.webp\" alt=\"Cilindri idraulici telescopici\" width=\"933\" height=\"526\" title=\"\" srcset=\"https:\/\/fmp-components.com\/wp-content\/uploads\/2025\/03\/hydraulic-cylinder-8.webp 933w, https:\/\/fmp-components.com\/wp-content\/uploads\/2025\/03\/hydraulic-cylinder-8-480x271.webp 480w\" sizes=\"(min-width: 0px) and (max-width: 480px) 480px, (min-width: 481px) 933px, 100vw\" \/><\/p>\n<p>La nostra missione \u00e8 semplice ma ambiziosa: fornire ai nostri clienti cilindri idraulici che superino le aspettative in termini di prestazioni, durata e valore. Operiamo basandoci su professionalit\u00e0, integrit\u00e0 e attenzione al cliente. Promuovendo una cultura di innovazione e precisione, miglioriamo costantemente i nostri prodotti per mantenere un vantaggio competitivo sul mercato. La nostra ampia gamma di prodotti e la capacit\u00e0 di offrire soluzioni personalizzate ci rendono la scelta ideale per le aziende che cercano cilindri idraulici ad alte prestazioni.<\/p>\n<p>FMP \u00e8 pi\u00f9 di un semplice produttore: siamo un partner per il vostro successo. Sappiamo che i nostri clienti contano su di noi per la fornitura di strumenti che migliorino la loro produttivit\u00e0 e sicurezza. Pertanto, ci impegniamo a fornire non solo prodotti di alta qualit\u00e0, ma anche un servizio eccezionale. Dalla consulenza iniziale all&#039;assistenza post-vendita, collaboriamo a stretto contatto con i nostri clienti per garantire che le loro esigenze siano soddisfatte con professionalit\u00e0 e attenzione. I nostri prezzi competitivi, uniti al nostro incrollabile impegno per la qualit\u00e0, posizionano FMP come la scelta intelligente per le aziende che desiderano investire in soluzioni idrauliche di cui possono fidarsi.<\/p>","protected":false},"excerpt":{"rendered":"<p>Factory Serving Small Dump Truck Hydraulic Hoist Cylinder Multistage Hydraulic Cylinder Introducing our brand new Factory Serving Small Dump Truck Hydraulic Hoist Cylinder Multistage Hydraulic Cylinder, a cutting-edge solution designed to meet your machinery needs. Built with the highest quality materials and engineered for superior performance, this hydraulic cylinder is the right choice for a [&hellip;]<\/p>","protected":false},"featured_media":6694,"comment_status":"closed","ping_status":"closed","template":"","meta":{"_et_pb_use_builder":"","_et_pb_old_content":"","_et_gb_content_width":""},"product_brand":[],"product_cat":[103],"product_tag":[34,105],"class_list":{"0":"post-6517","1":"product","2":"type-product","3":"status-publish","4":"has-post-thumbnail","6":"product_cat-telescopic-hydraulic-cylinders","7":"product_tag-hydraulic-cylinder","8":"product_tag-telescopic-hydraulic-cylinders","10":"first","11":"instock","12":"product-type-simple"},"_links":{"self":[{"href":"https:\/\/fmp-components.com\/it\/wp-json\/wp\/v2\/product\/6517","targetHints":{"allow":["GET"]}}],"collection":[{"href":"https:\/\/fmp-components.com\/it\/wp-json\/wp\/v2\/product"}],"about":[{"href":"https:\/\/fmp-components.com\/it\/wp-json\/wp\/v2\/types\/product"}],"replies":[{"embeddable":true,"href":"https:\/\/fmp-components.com\/it\/wp-json\/wp\/v2\/comments?post=6517"}],"wp:featuredmedia":[{"embeddable":true,"href":"https:\/\/fmp-components.com\/it\/wp-json\/wp\/v2\/media\/6694"}],"wp:attachment":[{"href":"https:\/\/fmp-components.com\/it\/wp-json\/wp\/v2\/media?parent=6517"}],"wp:term":[{"taxonomy":"product_brand","embeddable":true,"href":"https:\/\/fmp-components.com\/it\/wp-json\/wp\/v2\/product_brand?post=6517"},{"taxonomy":"product_cat","embeddable":true,"href":"https:\/\/fmp-components.com\/it\/wp-json\/wp\/v2\/product_cat?post=6517"},{"taxonomy":"product_tag","embeddable":true,"href":"https:\/\/fmp-components.com\/it\/wp-json\/wp\/v2\/product_tag?post=6517"}],"curies":[{"name":"parola chiave","href":"https:\/\/api.w.org\/{rel}","templated":true}]}}