{"id":6512,"date":"2025-03-11T06:26:57","date_gmt":"2025-03-11T06:26:57","guid":{"rendered":"https:\/\/fmp-components.com\/product\/customized-5-stage-telescopic-hydraulic-cylinders-multistage-hydraulic-cylinder-for-sale"},"modified":"2025-03-14T03:05:23","modified_gmt":"2025-03-14T03:05:23","slug":"customized-5-stage-telescopic-hydraulic-cylinders-multistage-hydraulic-cylinder-for-sale","status":"publish","type":"product","link":"https:\/\/fmp-components.com\/it\/product\/customized-5-stage-telescopic-hydraulic-cylinders-multistage-hydraulic-cylinder-for-sale\/","title":{"rendered":"Cilindri idraulici telescopici a 5 stadi personalizzati Cilindro idraulico multistadio in vendita"},"content":{"rendered":"<h2>Cilindri idraulici telescopici a 5 stadi personalizzati Cilindro idraulico multistadio in vendita<\/h2>\n<p>Vi presentiamo i cilindri idraulici telescopici a 5 stadi personalizzati, un cilindro idraulico multistadio progettato per prestazioni ottimali. Questo dispositivo potente \u00e8 specificamente progettato per l'uso in vari settori, tra cui officine di riparazione di macchinari, aziende agricole, industria energetica e mineraria, produzione di macchinari e fabbriche di macchinari. Con il suo design all'avanguardia e le sue eccellenti specifiche, questo cilindro idraulico rappresenta un esempio di eccellenza meccanica.<\/p>\n<h2>L'importanza dei cilindri idraulici<\/h2>\n<p>I cilindri idraulici sono componenti essenziali nei macchinari che richiedono forza e movimento. Costituiscono il cuore dei sistemi idraulici, convertendo l'energia del fluido sotto pressione in forza meccanica. Questo li rende indispensabili in diversi settori industriali, offrendo una soluzione affidabile per una moltitudine di applicazioni.<\/p>\n<p><img loading=\"lazy\" decoding=\"async\" class=\"alignnone  wp-image-6665\" src=\"https:\/\/fmp-components.com\/wp-content\/uploads\/2025\/03\/telescopic-hydraulic-cylinder-9.webp\" alt=\"cilindro idraulico telescopico\" width=\"793\" height=\"793\" title=\"\" srcset=\"https:\/\/fmp-components.com\/wp-content\/uploads\/2025\/03\/telescopic-hydraulic-cylinder-9.webp 793w, https:\/\/fmp-components.com\/wp-content\/uploads\/2025\/03\/telescopic-hydraulic-cylinder-9-480x480.webp 480w\" sizes=\"(min-width: 0px) and (max-width: 480px) 480px, (min-width: 481px) 793px, 100vw\" \/><\/p>\n<h2>Specifiche del prodotto<\/h2>\n<p>Il nostro prodotto vanta una serie di caratteristiche e specifiche impressionanti:<\/p>\n<table style=\"width: 95.5978%;\" border=\"\">\n<tbody>\n<tr>\n<td style=\"width: 42.8571%;\"><i>Dimensioni del foro<\/i><\/td>\n<td style=\"width: 386.857%;\">2-6 pollici<\/td>\n<\/tr>\n<tr>\n<td style=\"width: 42.8571%;\"><i>Dimensioni dell&#039;asta<\/i><\/td>\n<td style=\"width: 386.857%;\">1,125-4 pollici<\/td>\n<\/tr>\n<tr>\n<td style=\"width: 42.8571%;\"><i>Dimensione del tratto<\/i><\/td>\n<td style=\"width: 386.857%;\">4-100 pollici<\/td>\n<\/tr>\n<tr>\n<td style=\"width: 42.8571%;\"><i>Dimensione del perno<\/i><\/td>\n<td style=\"width: 386.857%;\">0,5-2 pollici<\/td>\n<\/tr>\n<tr>\n<td style=\"width: 42.8571%;\"><i>Porti<\/i><\/td>\n<td style=\"width: 386.857%;\">G\/SAE\/NPT\/M<\/td>\n<\/tr>\n<\/tbody>\n<\/table>\n<h2>Caratteristiche e vantaggi esclusivi<\/h2>\n<p>Il nostro cilindro idraulico multistadio si distingue per le sue caratteristiche e vantaggi unici:<\/p>\n<ul>\n<li>Efficienza energetica<\/li>\n<li>Alta efficienza<\/li>\n<li>Sicurezza<\/li>\n<\/ul>\n<h2>Comprensione dei sistemi idraulici e dei principi di funzionamento<\/h2>\n<p>I sistemi idraulici funzionano secondo il principio della pressione applicata in un punto e trasmessa a un altro punto attraverso un fluido incomprimibile, solitamente un olio. Il fluido \u00e8 quasi sempre un olio di qualche tipo. La forza viene trasmessa in questo modo attraverso il sistema idraulico, che pu\u00f2 quindi essere utilizzato per controllare il movimento.<\/p>\n<h2>Applicazione dei cilindri idraulici<\/h2>\n<p>I cilindri idraulici trovano ampia applicazione in vari settori, fornendo la potenza e il controllo necessari a una miriade di macchinari e attrezzature. Dall'edilizia e dalla produzione manifatturiera all'agricoltura e all'industria mineraria, questi dispositivi svolgono un ruolo fondamentale nel garantire l'efficienza operativa.<\/p>\n<h2>Cilindri idraulici e gruppi di potenza<\/h2>\n<p>Cilindri idraulici e centraline sono componenti integranti di un sistema idraulico. Il loro funzionamento combinato garantisce l'ampia applicazione della tecnologia idraulica nel settore industriale, fornendo potenza affidabile e supporto di controllo per varie apparecchiature meccaniche e ingegneristiche. Il cilindro idraulico, in quanto attuatore, \u00e8 responsabile della conversione dell'energia idraulica in movimento meccanico, convertendo la pressione in forza. La centralina \u00e8 il nucleo che fornisce l'energia e i segnali di controllo richiesti dal sistema idraulico. La cooperazione coordinata tra i due consente al sistema idraulico di funzionare normalmente.<\/p>\n<h2>Domande frequenti<\/h2>\n<p><strong>D: Quanto tempo ci vuole per la consegna?<\/strong><br \/>\nR: In genere sono 25-35 giorni.<\/p>\n<p><strong>D: Fornite campioni? Sono gratuiti o extra?<\/strong><br \/>\nR: S\u00ec, potremmo offrire il campione, ma non \u00e8 gratuito.<\/p>\n<p><strong>D: Potete produrre secondo i campioni?<\/strong><br \/>\nA: S\u00ec, possiamo produrre in base ai vostri campioni o disegni tecnici. Possiamo costruire gli stampi e le attrezzature.<\/p>\n<h3>Informazioni su FMP<\/h3>\n<p class=\"break-words\">FMP \u00e8 un produttore italiano leader specializzato nella progettazione, sviluppo e produzione di cilindri idraulici di alta qualit\u00e0. Con una ricca tradizione radicata in decenni di competenza, uniamo con orgoglio l&#039;artigianato italiano con la tecnologia all&#039;avanguardia per fornire soluzioni idrauliche eccezionali su misura per soddisfare le diverse esigenze della nostra clientela globale. Con sede in Italia, un polo di eccellenza ingegneristica, FMP \u00e8 un nome affidabile nel settore idraulico, impegnato a fornire prodotti affidabili, durevoli e innovativi che potenziano le aziende in tutto il mondo.<\/p>\n<p class=\"break-words\">La nostra azienda integra il meglio delle tradizioni di produzione avanzata con un approccio lungimirante. Grazie ad anni di esperienza nei sistemi idraulici, FMP si \u00e8 evoluta in un&#039;azienda moderna che eccelle nella ricerca, nella progettazione e nella produzione. Siamo specializzati in un&#039;ampia gamma di cilindri idraulici, tra cui cilindri a doppio effetto, cilindri di sollevamento per autoveicoli, cilindri per macchinari agricoli e soluzioni progettate su misura per varie applicazioni industriali. Che si tratti di edilizia, installazioni industriali, agricoltura o macchinari pesanti, i nostri cilindri idraulici sono costruiti per funzionare nelle condizioni pi\u00f9 difficili, garantendo sicurezza, efficienza e longevit\u00e0.<\/p>\n<p><img loading=\"lazy\" decoding=\"async\" class=\"alignnone size-full wp-image-6720\" src=\"https:\/\/fmp-components.com\/wp-content\/uploads\/2025\/03\/hydraulic-cylinder-8.webp\" alt=\"Cilindri idraulici telescopici\" width=\"933\" height=\"526\" title=\"\" srcset=\"https:\/\/fmp-components.com\/wp-content\/uploads\/2025\/03\/hydraulic-cylinder-8.webp 933w, https:\/\/fmp-components.com\/wp-content\/uploads\/2025\/03\/hydraulic-cylinder-8-480x271.webp 480w\" sizes=\"(min-width: 0px) and (max-width: 480px) 480px, (min-width: 481px) 933px, 100vw\" \/><\/p>\n<p class=\"break-words\">In FMP, siamo orgogliosi dei nostri stabilimenti di produzione all&#039;avanguardia, dotati di macchinari di precisione e sistemi di collaudo avanzati. I nostri processi di produzione rispettano rigorosi standard nazionali e internazionali, assicurando che ogni cilindro idraulico che esce dalla nostra fabbrica sia di qualit\u00e0 e affidabilit\u00e0 superiori. Il nostro team tecnico qualificato, abbinato a attrezzature all&#039;avanguardia, ci consente di mantenere un rigoroso controllo di qualit\u00e0 in ogni fase della produzione, dalla selezione delle materie prime all&#039;ispezione finale. Questa dedizione all&#039;eccellenza ci ha fatto guadagnare certificazioni e riconoscimenti dalle autorit\u00e0 del settore, consolidando ulteriormente la nostra reputazione di partner affidabile.<\/p>\n<p class=\"break-words\">La nostra missione \u00e8 semplice ma ambiziosa: fornire ai nostri clienti cilindri idraulici che superino le aspettative in termini di prestazioni, durata e valore. Operiamo secondo i principi guida di professionalit\u00e0, integrit\u00e0 e attenzione al cliente. Promuovendo una cultura di innovazione e precisione, perfezioniamo costantemente i nostri prodotti per rimanere all&#039;avanguardia in un mercato competitivo. La nostra gamma completa di prodotti e la capacit\u00e0 di offrire soluzioni personalizzate ci rendono la scelta ideale per le aziende che cercano cilindri idraulici ad alte prestazioni.<\/p>\n<p class=\"break-words\">FMP \u00e8 pi\u00f9 di un semplice produttore: siamo un partner per il tuo successo. Sappiamo che i nostri clienti contano su di noi per fornirti strumenti che migliorino la loro produttivit\u00e0 e sicurezza. Ecco perch\u00e9 ci impegniamo a offrire non solo prodotti di prima qualit\u00e0, ma anche un servizio eccezionale. Dalla consulenza iniziale al supporto post-vendita, lavoriamo a stretto contatto con i nostri clienti per garantire che le loro esigenze siano soddisfatte con professionalit\u00e0 e attenzione. I nostri prezzi competitivi, abbinati al nostro incrollabile impegno per la qualit\u00e0, rendono FMP la scelta intelligente per le aziende che desiderano investire in soluzioni idrauliche di cui possono fidarsi.<\/p>","protected":false},"excerpt":{"rendered":"<p>Customized 5 Stage Telescopic Hydraulic Cylinders Multistage Hydraulic Cylinder For Sale Introducing the customized 5-stage telescopic hydraulic cylinders, a multi-stage hydraulic cylinder designed for optimal performance. This power-packed device is particularly engineered for use in various industries including machinery repair shops, farms, energy &amp; mining, machinery manufacturing, and machinery factories. With its cutting-edge design and [&hellip;]<\/p>","protected":false},"featured_media":6788,"comment_status":"closed","ping_status":"closed","template":"","meta":{"_et_pb_use_builder":"","_et_pb_old_content":"","_et_gb_content_width":""},"product_brand":[],"product_cat":[103],"product_tag":[34,105],"class_list":{"0":"post-6512","1":"product","2":"type-product","3":"status-publish","4":"has-post-thumbnail","6":"product_cat-telescopic-hydraulic-cylinders","7":"product_tag-hydraulic-cylinder","8":"product_tag-telescopic-hydraulic-cylinders","10":"first","11":"instock","12":"product-type-simple"},"_links":{"self":[{"href":"https:\/\/fmp-components.com\/it\/wp-json\/wp\/v2\/product\/6512","targetHints":{"allow":["GET"]}}],"collection":[{"href":"https:\/\/fmp-components.com\/it\/wp-json\/wp\/v2\/product"}],"about":[{"href":"https:\/\/fmp-components.com\/it\/wp-json\/wp\/v2\/types\/product"}],"replies":[{"embeddable":true,"href":"https:\/\/fmp-components.com\/it\/wp-json\/wp\/v2\/comments?post=6512"}],"wp:featuredmedia":[{"embeddable":true,"href":"https:\/\/fmp-components.com\/it\/wp-json\/wp\/v2\/media\/6788"}],"wp:attachment":[{"href":"https:\/\/fmp-components.com\/it\/wp-json\/wp\/v2\/media?parent=6512"}],"wp:term":[{"taxonomy":"product_brand","embeddable":true,"href":"https:\/\/fmp-components.com\/it\/wp-json\/wp\/v2\/product_brand?post=6512"},{"taxonomy":"product_cat","embeddable":true,"href":"https:\/\/fmp-components.com\/it\/wp-json\/wp\/v2\/product_cat?post=6512"},{"taxonomy":"product_tag","embeddable":true,"href":"https:\/\/fmp-components.com\/it\/wp-json\/wp\/v2\/product_tag?post=6512"}],"curies":[{"name":"parola chiave","href":"https:\/\/api.w.org\/{rel}","templated":true}]}}