{"id":6510,"date":"2025-03-11T06:26:57","date_gmt":"2025-03-11T06:26:57","guid":{"rendered":"https:\/\/fmp-components.com\/product\/guaranteed-quality-mini-dump-truck-hydraulic-cylinders-telescopic-hydraulic-cylinder"},"modified":"2025-03-18T01:06:37","modified_gmt":"2025-03-18T01:06:37","slug":"guaranteed-quality-mini-dump-truck-hydraulic-cylinders-telescopic-hydraulic-cylinder","status":"publish","type":"product","link":"https:\/\/fmp-components.com\/it\/product\/guaranteed-quality-mini-dump-truck-hydraulic-cylinders-telescopic-hydraulic-cylinder\/","title":{"rendered":"Cilindri idraulici per mini autocarri con cassone ribaltabile di qualit\u00e0 garantita Cilindro idraulico telescopico"},"content":{"rendered":"<h2>Cilindri idraulici per mini autocarri con cassone ribaltabile di qualit\u00e0 garantita Cilindro idraulico telescopico<\/h2>\n<p>Vi presentiamo i nostri cilindri idraulici telescopici per mini dumper di alta qualit\u00e0, una novit\u00e0 per il 2025. Si tratta di un cilindro idraulico standard a stantuffo, progettato specificamente per officine di riparazione macchinari, aziende agricole, industria energetica e mineraria e produzione di macchinari. \u00c8 realizzato in acciaio robusto e presenta un design multistadio perfetto per applicazioni gravose.<\/p>\n<h3>Caratteristiche e vantaggi unici<\/h3>\n<ul>\n<li><b>Efficienza energetica:<\/b> Il nostro cilindro idraulico \u00e8 progettato per consumare meno energia, risultando cos\u00ec pi\u00f9 efficiente e rispettoso dell'ambiente.<\/li>\n<li><b>Alte prestazioni:<\/b> Con una spinta massima di 3000 e una trazione massima di 20 tonnellate, fornisce una potenza eccezionale per qualsiasi compito.<\/li>\n<li><b>Sicurezza:<\/b> Il nostro prodotto \u00e8 certificato ISO9001:2000, a garanzia della sua sicurezza e affidabilit\u00e0.<\/li>\n<\/ul>\n<h3>Dettagli tecnici<\/h3>\n<p>Il nostro cilindro idraulico ha un alesaggio da 2 a 6 pollici, uno stelo da 1,125 a 4 pollici e una corsa da 4 a 100 pollici. \u00c8 dotato di attacchi G\/SAE\/NPT\/M e di perni da 0,5 a 2 pollici. Tutte queste caratteristiche sono progettate per garantirne la versatilit\u00e0 e l'adattabilit\u00e0 in una variet\u00e0 di scenari di lavoro.<\/p>\n<table style=\"width: 101.488%;\" border=\"\">\n<tbody>\n<tr>\n<td style=\"width: 42.9379%;\"><i>Dimensioni del foro<\/i><\/td>\n<td style=\"width: 481.921%;\">2-6 pollici<\/td>\n<\/tr>\n<tr>\n<td style=\"width: 42.9379%;\"><i>Dimensioni dell&#039;asta<\/i><\/td>\n<td style=\"width: 481.921%;\">1,125-4 pollici<\/td>\n<\/tr>\n<tr>\n<td style=\"width: 42.9379%;\"><i>Dimensione del tratto<\/i><\/td>\n<td style=\"width: 481.921%;\">4-100 pollici<\/td>\n<\/tr>\n<tr>\n<td style=\"width: 42.9379%;\"><i>Dimensione del perno<\/i><\/td>\n<td style=\"width: 481.921%;\">0,5-2 pollici<\/td>\n<\/tr>\n<tr>\n<td style=\"width: 42.9379%;\"><i>Porti<\/i><\/td>\n<td style=\"width: 481.921%;\">G\/SAE\/NPT\/M<\/td>\n<\/tr>\n<\/tbody>\n<\/table>\n<h3>Sistema idraulico e principio di funzionamento<\/h3>\n<p>I nostri cilindri idraulici funzionano secondo il principio fondamentale della moltiplicazione del fluido in pressione. Questo sistema \u00e8 progettato per sfruttare la potenza del fluido idraulico, consentendo un trasferimento efficiente di forza e movimento. Utilizzando fluido in pressione, i nostri cilindri idraulici possono amplificare la forza in uscita, consentendo loro di eseguire compiti impegnativi con facilit\u00e0 e precisione. Questa progettazione non solo garantisce prestazioni costanti in diverse applicazioni, ma enfatizza anche i pi\u00f9 elevati standard di sicurezza ed efficienza. Il sistema idraulico \u00e8 meticolosamente progettato per ridurre al minimo le perdite di energia, massimizzare la produttivit\u00e0 e mantenere l'integrit\u00e0 operativa, rendendolo un componente essenziale nei moderni macchinari industriali.<\/p>\n<p><img loading=\"lazy\" decoding=\"async\" class=\"alignnone wp-image-6657\" src=\"https:\/\/fmp-components.com\/wp-content\/uploads\/2025\/03\/telescopic-hydraulic-cylinder-3.webp\" alt=\"cilindro idraulico telescopico\" width=\"917\" height=\"917\" title=\"\" srcset=\"https:\/\/fmp-components.com\/wp-content\/uploads\/2025\/03\/telescopic-hydraulic-cylinder-3.webp 917w, https:\/\/fmp-components.com\/wp-content\/uploads\/2025\/03\/telescopic-hydraulic-cylinder-3-480x480.webp 480w\" sizes=\"(min-width: 0px) and (max-width: 480px) 480px, (min-width: 481px) 917px, 100vw\" \/><\/p>\n<h3>Cilindri idraulici e gruppi di potenza<\/h3>\n<p>I cilindri idraulici e le centraline sono componenti integranti di qualsiasi sistema idraulico e lavorano all'unisono per garantire prestazioni ottimali. Il cilindro idraulico funge da attuatore, ovvero converte l'energia idraulica in movimento meccanico. Trasforma la pressione in forza, consentendo l'esecuzione di un'ampia gamma di operazioni, dal sollevamento e spinta al bloccaggio e rotazione. D'altra parte, la centralina funge da cuore del sistema idraulico, fornendo l'energia e i segnali di controllo necessari per il funzionamento. Genera e regola la pressione del fluido idraulico, garantendo il funzionamento fluido ed efficiente del cilindro.<\/p>\n<p>Il funzionamento coordinato del cilindro idraulico e della centralina \u00e8 fondamentale per l'efficace implementazione della tecnologia idraulica in diversi settori. Questa sinergia non solo fornisce un supporto affidabile in termini di potenza e controllo per le apparecchiature meccaniche e ingegneristiche, ma migliora anche l'efficienza complessiva delle operazioni. Garantendo la perfetta interazione di entrambi i componenti, il sistema idraulico pu\u00f2 svolgere compiti complessi con precisione e affidabilit\u00e0. In FMP, offriamo anche una gamma di centraline in vendita, progettate per completare i nostri cilindri idraulici e fornire soluzioni complete per le esigenze del vostro sistema idraulico. Il nostro impegno per la qualit\u00e0 e l'innovazione garantisce che riceviate i prodotti pi\u00f9 efficaci per migliorare le vostre capacit\u00e0 operative.<\/p>\n<p><img loading=\"lazy\" decoding=\"async\" class=\"alignnone wp-image-6658\" src=\"https:\/\/fmp-components.com\/wp-content\/uploads\/2025\/03\/telescopic-hydraulic-cylinder-6.webp\" alt=\"cilindro idraulico telescopico\" width=\"929\" height=\"929\" title=\"\" srcset=\"https:\/\/fmp-components.com\/wp-content\/uploads\/2025\/03\/telescopic-hydraulic-cylinder-6.webp 929w, https:\/\/fmp-components.com\/wp-content\/uploads\/2025\/03\/telescopic-hydraulic-cylinder-6-480x480.webp 480w\" sizes=\"(min-width: 0px) and (max-width: 480px) 480px, (min-width: 481px) 929px, 100vw\" \/><\/p>\n<h2>Domande frequenti<\/h2>\n<p><b>D: Siete una societ\u00e0 commerciale o produttrice?<\/b><br \/>\nA: Siamo una fabbrica.<\/p>\n<p><b>D: Quanto tempo impiegate per la consegna?<\/b><br \/>\nR: Generalmente sono 25-35 giorni.<\/p>\n<p><b>D: Fornite campioni? Sono gratuiti o a pagamento?<\/b><br \/>\nR: S\u00ec, potremmo offrire il campione, ma non \u00e8 gratuito.<\/p>\n<h3>Informazioni su FMP<\/h3>\n<p class=\"break-words\">FMP \u00e8 un produttore italiano leader specializzato nella progettazione, sviluppo e produzione di cilindri idraulici di alta qualit\u00e0. Con una ricca tradizione radicata in decenni di competenza, uniamo con orgoglio l&#039;artigianato italiano con la tecnologia all&#039;avanguardia per fornire soluzioni idrauliche eccezionali su misura per soddisfare le diverse esigenze della nostra clientela globale. Con sede in Italia, un polo di eccellenza ingegneristica, FMP \u00e8 un nome affidabile nel settore idraulico, impegnato a fornire prodotti affidabili, durevoli e innovativi che potenziano le aziende in tutto il mondo.<\/p>\n<p class=\"break-words\">La nostra azienda integra il meglio delle tradizioni di produzione avanzata con un approccio lungimirante. Grazie ad anni di esperienza nei sistemi idraulici, FMP si \u00e8 evoluta in un&#039;azienda moderna che eccelle nella ricerca, nella progettazione e nella produzione. Siamo specializzati in un&#039;ampia gamma di cilindri idraulici, tra cui cilindri a doppio effetto, cilindri di sollevamento per autoveicoli, cilindri per macchinari agricoli e soluzioni progettate su misura per varie applicazioni industriali. Che si tratti di edilizia, installazioni industriali, agricoltura o macchinari pesanti, i nostri cilindri idraulici sono costruiti per funzionare nelle condizioni pi\u00f9 difficili, garantendo sicurezza, efficienza e longevit\u00e0.<\/p>\n<p><img loading=\"lazy\" decoding=\"async\" class=\"alignnone size-full wp-image-6720\" src=\"https:\/\/fmp-components.com\/wp-content\/uploads\/2025\/03\/hydraulic-cylinder-8.webp\" alt=\"Cilindri idraulici telescopici\" width=\"933\" height=\"526\" title=\"\" srcset=\"https:\/\/fmp-components.com\/wp-content\/uploads\/2025\/03\/hydraulic-cylinder-8.webp 933w, https:\/\/fmp-components.com\/wp-content\/uploads\/2025\/03\/hydraulic-cylinder-8-480x271.webp 480w\" sizes=\"(min-width: 0px) and (max-width: 480px) 480px, (min-width: 481px) 933px, 100vw\" \/><\/p>\n<p class=\"break-words\">In FMP, siamo orgogliosi dei nostri stabilimenti di produzione all&#039;avanguardia, dotati di macchinari di precisione e sistemi di collaudo avanzati. I nostri processi di produzione rispettano rigorosi standard nazionali e internazionali, assicurando che ogni cilindro idraulico che esce dalla nostra fabbrica sia di qualit\u00e0 e affidabilit\u00e0 superiori. Il nostro team tecnico qualificato, abbinato a attrezzature all&#039;avanguardia, ci consente di mantenere un rigoroso controllo di qualit\u00e0 in ogni fase della produzione, dalla selezione delle materie prime all&#039;ispezione finale. Questa dedizione all&#039;eccellenza ci ha fatto guadagnare certificazioni e riconoscimenti dalle autorit\u00e0 del settore, consolidando ulteriormente la nostra reputazione di partner affidabile.<\/p>\n<p class=\"break-words\">La nostra missione \u00e8 semplice ma ambiziosa: fornire ai nostri clienti cilindri idraulici che superino le aspettative in termini di prestazioni, durata e valore. Operiamo secondo i principi guida di professionalit\u00e0, integrit\u00e0 e attenzione al cliente. Promuovendo una cultura di innovazione e precisione, perfezioniamo costantemente i nostri prodotti per rimanere all&#039;avanguardia in un mercato competitivo. La nostra gamma completa di prodotti e la capacit\u00e0 di offrire soluzioni personalizzate ci rendono la scelta ideale per le aziende che cercano cilindri idraulici ad alte prestazioni.<\/p>\n<p class=\"break-words\">FMP \u00e8 pi\u00f9 di un semplice produttore: siamo un partner per il tuo successo. Sappiamo che i nostri clienti contano su di noi per fornirti strumenti che migliorino la loro produttivit\u00e0 e sicurezza. Ecco perch\u00e9 ci impegniamo a offrire non solo prodotti di prima qualit\u00e0, ma anche un servizio eccezionale. Dalla consulenza iniziale al supporto post-vendita, lavoriamo a stretto contatto con i nostri clienti per garantire che le loro esigenze siano soddisfatte con professionalit\u00e0 e attenzione. I nostri prezzi competitivi, abbinati al nostro incrollabile impegno per la qualit\u00e0, rendono FMP la scelta intelligente per le aziende che desiderano investire in soluzioni idrauliche di cui possono fidarsi.<\/p>","protected":false},"excerpt":{"rendered":"<p>Guaranteed Quality Mini Dump Truck Hydraulic Cylinders Telescopic Hydraulic Cylinder Introducing our top-quality Mini Dump Truck Hydraulic Cylinders Telescopic Hydraulic Cylinder, a new product for 2025. This product is a standard, plunger cylinder type hydraulic cylinder, designed specifically for the Machinery Repair Shops, Farms, Energy &amp; Mining, and Machinery Manufacturing industries. It\u2019s made from robust [&hellip;]<\/p>","protected":false},"featured_media":6685,"comment_status":"closed","ping_status":"closed","template":"","meta":{"_et_pb_use_builder":"","_et_pb_old_content":"","_et_gb_content_width":""},"product_brand":[],"product_cat":[103],"product_tag":[34,105],"class_list":{"0":"post-6510","1":"product","2":"type-product","3":"status-publish","4":"has-post-thumbnail","6":"product_cat-telescopic-hydraulic-cylinders","7":"product_tag-hydraulic-cylinder","8":"product_tag-telescopic-hydraulic-cylinders","10":"first","11":"instock","12":"product-type-simple"},"_links":{"self":[{"href":"https:\/\/fmp-components.com\/it\/wp-json\/wp\/v2\/product\/6510","targetHints":{"allow":["GET"]}}],"collection":[{"href":"https:\/\/fmp-components.com\/it\/wp-json\/wp\/v2\/product"}],"about":[{"href":"https:\/\/fmp-components.com\/it\/wp-json\/wp\/v2\/types\/product"}],"replies":[{"embeddable":true,"href":"https:\/\/fmp-components.com\/it\/wp-json\/wp\/v2\/comments?post=6510"}],"wp:featuredmedia":[{"embeddable":true,"href":"https:\/\/fmp-components.com\/it\/wp-json\/wp\/v2\/media\/6685"}],"wp:attachment":[{"href":"https:\/\/fmp-components.com\/it\/wp-json\/wp\/v2\/media?parent=6510"}],"wp:term":[{"taxonomy":"product_brand","embeddable":true,"href":"https:\/\/fmp-components.com\/it\/wp-json\/wp\/v2\/product_brand?post=6510"},{"taxonomy":"product_cat","embeddable":true,"href":"https:\/\/fmp-components.com\/it\/wp-json\/wp\/v2\/product_cat?post=6510"},{"taxonomy":"product_tag","embeddable":true,"href":"https:\/\/fmp-components.com\/it\/wp-json\/wp\/v2\/product_tag?post=6510"}],"curies":[{"name":"parola chiave","href":"https:\/\/api.w.org\/{rel}","templated":true}]}}