{"id":6508,"date":"2025-03-11T06:26:57","date_gmt":"2025-03-11T06:26:57","guid":{"rendered":"https:\/\/fmp-components.com\/product\/low-price-double-acting-small-dump-truck-telescopic-hydraulic-cylinder"},"modified":"2025-03-12T00:54:01","modified_gmt":"2025-03-12T00:54:01","slug":"low-price-double-acting-small-dump-truck-telescopic-hydraulic-cylinder","status":"publish","type":"product","link":"https:\/\/fmp-components.com\/it\/product\/low-price-double-acting-small-dump-truck-telescopic-hydraulic-cylinder\/","title":{"rendered":"Cilindro idraulico telescopico a doppio effetto per piccoli autocarri con cassone ribaltabile a basso prezzo"},"content":{"rendered":"<h2>Cilindro idraulico telescopico a doppio effetto per piccoli autocarri con cassone ribaltabile a basso prezzo<\/h2>\n<p>Il nostro cilindro idraulico telescopico a doppio effetto per piccoli autocarri con cassone ribaltabile a basso prezzo \u00e8 un nuovo cilindro idraulico standard multistadio, realizzato in acciaio resistente. Con una spinta massima di 3000 tonnellate e una trazione massima di 20 tonnellate, \u00e8 progettato per garantire potenza, affidabilit\u00e0 e durata. Questo cilindro idraulico \u00e8 perfetto per officine di riparazione di macchinari, aziende agricole, industrie energetiche e minerarie e fabbriche di produzione di macchinari.<\/p>\n<p><img loading=\"lazy\" decoding=\"async\" class=\"alignnone  wp-image-6661\" src=\"https:\/\/fmp-components.com\/wp-content\/uploads\/2025\/03\/telescopic-hydraulic-cylinder-10.webp\" alt=\"cilindro idraulico telescopico\" width=\"924\" height=\"924\" title=\"\" srcset=\"https:\/\/fmp-components.com\/wp-content\/uploads\/2025\/03\/telescopic-hydraulic-cylinder-10.webp 924w, https:\/\/fmp-components.com\/wp-content\/uploads\/2025\/03\/telescopic-hydraulic-cylinder-10-480x480.webp 480w\" sizes=\"(min-width: 0px) and (max-width: 480px) 480px, (min-width: 481px) 924px, 100vw\" \/><\/p>\n<h3>Specifiche tecniche<\/h3>\n<table style=\"width: 98.7419%;\" border=\"\">\n<tbody>\n<tr>\n<td style=\"width: 42.9379%;\"><i>Dimensioni del foro<\/i><\/td>\n<td style=\"width: 467.639%;\">2-6 pollici<\/td>\n<\/tr>\n<tr>\n<td style=\"width: 42.9379%;\"><i>Dimensioni dell&#039;asta<\/i><\/td>\n<td style=\"width: 467.639%;\">1,125-4 pollici<\/td>\n<\/tr>\n<tr>\n<td style=\"width: 42.9379%;\"><i>Dimensione del tratto<\/i><\/td>\n<td style=\"width: 467.639%;\">4-100 pollici<\/td>\n<\/tr>\n<tr>\n<td style=\"width: 42.9379%;\"><i>Dimensione del perno<\/i><\/td>\n<td style=\"width: 467.639%;\">0,5-2 pollici<\/td>\n<\/tr>\n<tr>\n<td style=\"width: 42.9379%;\"><i>Porti<\/i><\/td>\n<td style=\"width: 467.639%;\">G\/SAE\/NPT\/M<\/td>\n<\/tr>\n<\/tbody>\n<\/table>\n<h3>Caratteristiche e vantaggi unici<\/h3>\n<ul>\n<li>Efficienza energetica: il nostro cilindro idraulico \u00e8 progettato per ottimizzare l'uso dell'energia, migliorando la produttivit\u00e0 e riducendo al minimo i costi.<\/li>\n<li>Altamente efficiente: con una spinta massima di 3000, il nostro cilindro garantisce elevate prestazioni in diverse applicazioni industriali.<\/li>\n<li>Sicurezza: progettato tenendo conto della sicurezza come priorit\u00e0, il nostro cilindro idraulico aiuta a prevenire gli incidenti sul lavoro.<\/li>\n<\/ul>\n<h3>Sistema idraulico e principio di funzionamento<\/h3>\n<p>I cilindri idraulici sono fondamentali in molti settori industriali, poich\u00e9 convertono l'energia contenuta nel fluido idraulico in lavoro meccanico. Forniscono la forza necessaria per azionare molti tipi di macchine.<\/p>\n<h3>Applicazioni del nostro cilindro idraulico<\/h3>\n<p>La versatilit\u00e0 del nostro cilindro idraulico lo rende applicabile in vari settori, tra cui officine di riparazione di macchinari, aziende agricole, industrie energetiche e minerarie e fabbriche di produzione di macchinari.<\/p>\n<p><img loading=\"lazy\" decoding=\"async\" class=\"alignnone  wp-image-6662\" src=\"https:\/\/fmp-components.com\/wp-content\/uploads\/2025\/03\/telescopic-hydraulic-cylinder-4.webp\" alt=\"cilindro idraulico telescopico\" width=\"920\" height=\"920\" title=\"\" srcset=\"https:\/\/fmp-components.com\/wp-content\/uploads\/2025\/03\/telescopic-hydraulic-cylinder-4.webp 920w, https:\/\/fmp-components.com\/wp-content\/uploads\/2025\/03\/telescopic-hydraulic-cylinder-4-480x480.webp 480w\" sizes=\"(min-width: 0px) and (max-width: 480px) 480px, (min-width: 481px) 920px, 100vw\" \/><\/p>\n<h3>Cilindri idraulici e gruppi di potenza<\/h3>\n<p>Cilindri idraulici e centraline sono componenti inseparabili dei sistemi idraulici. La loro azione combinata garantisce l'ampia applicazione della tecnologia idraulica in campo industriale, fornendo potenza affidabile e supporto di controllo per varie apparecchiature meccaniche e ingegneristiche. In quanto componenti esecutivi, i cilindri idraulici sono responsabili della trasformazione dell'energia idraulica in movimento meccanico e della conversione della pressione in forza. La centralina \u00e8 il nucleo che fornisce l'energia e i segnali di controllo necessari al sistema idraulico. La loro cooperazione coordinata consente il normale funzionamento del sistema idraulico. Noi di FMP forniamo anche centraline in vendita.<\/p>\n<h2>Domande frequenti<\/h2>\n<ol>\n<li><b>D: Siete una societ\u00e0 commerciale o produttrice?<\/b><br \/>\nA: Siamo una fabbrica.<\/li>\n<li><b>D: Quanto tempo impiegate per la consegna?<\/b><br \/>\nR: In genere sono 25-35 giorni.<\/li>\n<li><b>D: Potete produrre secondo i campioni?<\/b><br \/>\nA: S\u00ec, possiamo produrre in base ai vostri campioni o disegni tecnici. Possiamo costruire gli stampi e le attrezzature.<\/li>\n<\/ol>\n<h3>Informazioni su FMP<\/h3>\n<p class=\"break-words\">FMP \u00e8 un produttore italiano leader specializzato nella progettazione, sviluppo e produzione di cilindri idraulici di alta qualit\u00e0. Con una ricca tradizione radicata in decenni di competenza, uniamo con orgoglio l&#039;artigianato italiano con la tecnologia all&#039;avanguardia per fornire soluzioni idrauliche eccezionali su misura per soddisfare le diverse esigenze della nostra clientela globale. Con sede in Italia, un polo di eccellenza ingegneristica, FMP \u00e8 un nome affidabile nel settore idraulico, impegnato a fornire prodotti affidabili, durevoli e innovativi che potenziano le aziende in tutto il mondo.<\/p>\n<p class=\"break-words\">La nostra azienda integra il meglio delle tradizioni di produzione avanzata con un approccio lungimirante. Grazie ad anni di esperienza nei sistemi idraulici, FMP si \u00e8 evoluta in un&#039;azienda moderna che eccelle nella ricerca, nella progettazione e nella produzione. Siamo specializzati in un&#039;ampia gamma di cilindri idraulici, tra cui cilindri a doppio effetto, cilindri di sollevamento per autoveicoli, cilindri per macchinari agricoli e soluzioni progettate su misura per varie applicazioni industriali. Che si tratti di edilizia, installazioni industriali, agricoltura o macchinari pesanti, i nostri cilindri idraulici sono costruiti per funzionare nelle condizioni pi\u00f9 difficili, garantendo sicurezza, efficienza e longevit\u00e0.<\/p>\n<p><img loading=\"lazy\" decoding=\"async\" class=\"alignnone size-full wp-image-6720\" src=\"https:\/\/fmp-components.com\/wp-content\/uploads\/2025\/03\/hydraulic-cylinder-8.webp\" alt=\"Cilindri idraulici telescopici\" width=\"933\" height=\"526\" title=\"\" srcset=\"https:\/\/fmp-components.com\/wp-content\/uploads\/2025\/03\/hydraulic-cylinder-8.webp 933w, https:\/\/fmp-components.com\/wp-content\/uploads\/2025\/03\/hydraulic-cylinder-8-480x271.webp 480w\" sizes=\"(min-width: 0px) and (max-width: 480px) 480px, (min-width: 481px) 933px, 100vw\" \/><\/p>\n<p class=\"break-words\">In FMP, siamo orgogliosi dei nostri stabilimenti di produzione all&#039;avanguardia, dotati di macchinari di precisione e sistemi di collaudo avanzati. I nostri processi di produzione rispettano rigorosi standard nazionali e internazionali, assicurando che ogni cilindro idraulico che esce dalla nostra fabbrica sia di qualit\u00e0 e affidabilit\u00e0 superiori. Il nostro team tecnico qualificato, abbinato a attrezzature all&#039;avanguardia, ci consente di mantenere un rigoroso controllo di qualit\u00e0 in ogni fase della produzione, dalla selezione delle materie prime all&#039;ispezione finale. Questa dedizione all&#039;eccellenza ci ha fatto guadagnare certificazioni e riconoscimenti dalle autorit\u00e0 del settore, consolidando ulteriormente la nostra reputazione di partner affidabile.<\/p>\n<p class=\"break-words\">La nostra missione \u00e8 semplice ma ambiziosa: fornire ai nostri clienti cilindri idraulici che superino le aspettative in termini di prestazioni, durata e valore. Operiamo secondo i principi guida di professionalit\u00e0, integrit\u00e0 e attenzione al cliente. Promuovendo una cultura di innovazione e precisione, perfezioniamo costantemente i nostri prodotti per rimanere all&#039;avanguardia in un mercato competitivo. La nostra gamma completa di prodotti e la capacit\u00e0 di offrire soluzioni personalizzate ci rendono la scelta ideale per le aziende che cercano cilindri idraulici ad alte prestazioni.<\/p>\n<p class=\"break-words\">FMP \u00e8 pi\u00f9 di un semplice produttore: siamo un partner per il tuo successo. Sappiamo che i nostri clienti contano su di noi per fornirti strumenti che migliorino la loro produttivit\u00e0 e sicurezza. Ecco perch\u00e9 ci impegniamo a offrire non solo prodotti di prima qualit\u00e0, ma anche un servizio eccezionale. Dalla consulenza iniziale al supporto post-vendita, lavoriamo a stretto contatto con i nostri clienti per garantire che le loro esigenze siano soddisfatte con professionalit\u00e0 e attenzione. I nostri prezzi competitivi, abbinati al nostro incrollabile impegno per la qualit\u00e0, rendono FMP la scelta intelligente per le aziende che desiderano investire in soluzioni idrauliche di cui possono fidarsi.<\/p>","protected":false},"excerpt":{"rendered":"<p>Low Price Double Acting Small Dump Truck Telescopic Hydraulic Cylinder Our Low Price Double Acting Small Dump Truck Telescopic Hydraulic Cylinder is a new, standard, multistage hydraulic cylinder made of durable steel. With a maximum thrust of 3000 and a maximum pull of 20 tons, it&#8217;s designed for power, reliability, and durability. This hydraulic cylinder [&hellip;]<\/p>","protected":false},"featured_media":6687,"comment_status":"closed","ping_status":"closed","template":"","meta":{"_et_pb_use_builder":"","_et_pb_old_content":"","_et_gb_content_width":""},"product_brand":[],"product_cat":[103],"product_tag":[34,105],"class_list":{"0":"post-6508","1":"product","2":"type-product","3":"status-publish","4":"has-post-thumbnail","6":"product_cat-telescopic-hydraulic-cylinders","7":"product_tag-hydraulic-cylinder","8":"product_tag-telescopic-hydraulic-cylinders","10":"first","11":"instock","12":"product-type-simple"},"_links":{"self":[{"href":"https:\/\/fmp-components.com\/it\/wp-json\/wp\/v2\/product\/6508","targetHints":{"allow":["GET"]}}],"collection":[{"href":"https:\/\/fmp-components.com\/it\/wp-json\/wp\/v2\/product"}],"about":[{"href":"https:\/\/fmp-components.com\/it\/wp-json\/wp\/v2\/types\/product"}],"replies":[{"embeddable":true,"href":"https:\/\/fmp-components.com\/it\/wp-json\/wp\/v2\/comments?post=6508"}],"wp:featuredmedia":[{"embeddable":true,"href":"https:\/\/fmp-components.com\/it\/wp-json\/wp\/v2\/media\/6687"}],"wp:attachment":[{"href":"https:\/\/fmp-components.com\/it\/wp-json\/wp\/v2\/media?parent=6508"}],"wp:term":[{"taxonomy":"product_brand","embeddable":true,"href":"https:\/\/fmp-components.com\/it\/wp-json\/wp\/v2\/product_brand?post=6508"},{"taxonomy":"product_cat","embeddable":true,"href":"https:\/\/fmp-components.com\/it\/wp-json\/wp\/v2\/product_cat?post=6508"},{"taxonomy":"product_tag","embeddable":true,"href":"https:\/\/fmp-components.com\/it\/wp-json\/wp\/v2\/product_tag?post=6508"}],"curies":[{"name":"parola chiave","href":"https:\/\/api.w.org\/{rel}","templated":true}]}}