{"id":6506,"date":"2025-03-11T06:25:30","date_gmt":"2025-03-11T06:25:30","guid":{"rendered":"https:\/\/fmp-components.com\/product\/factory-direct-sale-double-acting-small-dump-truck-telescopic-hydraulic-cylinder"},"modified":"2025-03-18T02:00:07","modified_gmt":"2025-03-18T02:00:07","slug":"factory-direct-sale-double-acting-small-dump-truck-telescopic-hydraulic-cylinder","status":"publish","type":"product","link":"https:\/\/fmp-components.com\/it\/product\/factory-direct-sale-double-acting-small-dump-truck-telescopic-hydraulic-cylinder\/","title":{"rendered":"Vendita diretta in fabbrica Cilindro idraulico telescopico a doppia azione per piccoli autocarri con cassone ribaltabile"},"content":{"rendered":"<h2>Vendita diretta in fabbrica Cilindro idraulico telescopico a doppia azione per piccoli autocarri con cassone ribaltabile<\/h2>\n<p>Il nostro cilindro idraulico telescopico a doppia azione per piccoli autocarri con cassone ribaltabile, venduto direttamente in fabbrica, \u00e8 una soluzione robusta, efficiente e affidabile per officine di riparazione di macchinari, aziende agricole, industrie energetiche e minerarie, produzione di macchinari e fabbriche di macchinari. Questo cilindro idraulico certificato ISO9001:2000 \u00e8 progettato e prodotto da FMP, un produttore stimato con sede in Italia.<\/p>\n<h3>Funzionalit\u00e0 e importanza<\/h3>\n<p>Il cilindro idraulico telescopico fornisce la potenza necessaria per la maggior parte delle applicazioni in vari settori. \u00c8 progettato per sopportare una spinta massima di 3000 e una trazione massima di 20 tonnellate, offrendo prestazioni solide e affidabili. Con una struttura standard del cilindro a stantuffo, \u00e8 versatile e adattabile per soddisfare le tue diverse esigenze.<\/p>\n<h3>Specifiche del prodotto<\/h3>\n<p>Questo cilindro idraulico \u00e8 costruito con acciaio di alta qualit\u00e0, che ne garantisce la durevolezza e la longevit\u00e0. Ecco le specifiche principali:<\/p>\n<table style=\"width: 93.2692%;\" border=\"\">\n<tbody>\n<tr>\n<th style=\"width: 43.4286%;\">Dimensioni del foro<\/th>\n<td style=\"width: 385.714%;\">2-6 pollici<\/td>\n<\/tr>\n<tr>\n<th style=\"width: 43.4286%;\">Dimensioni dell&#039;asta<\/th>\n<td style=\"width: 385.714%;\">1,125-4 pollici<\/td>\n<\/tr>\n<tr>\n<th style=\"width: 43.4286%;\">Dimensione del tratto<\/th>\n<td style=\"width: 385.714%;\">4-100 pollici<\/td>\n<\/tr>\n<tr>\n<th style=\"width: 43.4286%;\">Dimensione del perno<\/th>\n<td style=\"width: 385.714%;\">0,5-2 pollici<\/td>\n<\/tr>\n<tr>\n<th style=\"width: 43.4286%;\">Porti<\/th>\n<td style=\"width: 385.714%;\">G\/SAE\/NPT\/M<\/td>\n<\/tr>\n<\/tbody>\n<\/table>\n<h2>Caratteristiche e vantaggi unici<\/h2>\n<ul>\n<li style=\"list-style-type: none;\">\n<ul>\n<li>Efficienza energetica: progettazione ottimale per un consumo energetico ridotto.<\/li>\n<li>Alte prestazioni: garantisce una spinta massima di 3000 e una trazione massima di 20 tonnellate.<\/li>\n<li>Sicurezza: Prodotto secondo rigorosi standard di sicurezza.<\/li>\n<\/ul>\n<\/li>\n<\/ul>\n<p><img loading=\"lazy\" decoding=\"async\" class=\"alignnone size-full wp-image-6757\" src=\"https:\/\/fmp-components.com\/wp-content\/uploads\/2025\/03\/Telescopic-Hydraulic-Cylinders-114.webp\" alt=\"Cilindri idraulici telescopici\" width=\"2160\" height=\"2160\" title=\"\" srcset=\"https:\/\/fmp-components.com\/wp-content\/uploads\/2025\/03\/Telescopic-Hydraulic-Cylinders-114.webp 2160w, https:\/\/fmp-components.com\/wp-content\/uploads\/2025\/03\/Telescopic-Hydraulic-Cylinders-114-1280x1280.webp 1280w, https:\/\/fmp-components.com\/wp-content\/uploads\/2025\/03\/Telescopic-Hydraulic-Cylinders-114-980x980.webp 980w, https:\/\/fmp-components.com\/wp-content\/uploads\/2025\/03\/Telescopic-Hydraulic-Cylinders-114-480x480.webp 480w\" sizes=\"(min-width: 0px) and (max-width: 480px) 480px, (min-width: 481px) and (max-width: 980px) 980px, (min-width: 981px) and (max-width: 1280px) 1280px, (min-width: 1281px) 2160px, 100vw\" \/><\/p>\n<h2>Sistema idraulico e principio di funzionamento<\/h2>\n<p>I cilindri idraulici funzionano sul principio della moltiplicazione della forza tramite la pressione del fluido. La forza generata muove quindi il pistone del cilindro, che produce ulteriormente un movimento meccanico.<\/p>\n<h2>Scenari applicativi<\/h2>\n<p>Il nostro cilindro idraulico \u00e8 ampiamente utilizzato in officine di riparazione di macchinari, aziende agricole, industrie energetiche e minerarie, produzione di macchinari e fabbriche di macchinari. \u00c8 adatto per piccoli autocarri con cassone ribaltabile e altri macchinari pesanti.<\/p>\n<h2>Cilindri idraulici e gruppi di potenza<\/h2>\n<p>Il cilindro idraulico e l&#039;unit\u00e0 di potenza sono componenti indispensabili nel sistema idraulico. Il loro funzionamento sinergico assicura l&#039;ampia applicazione della tecnologia idraulica nel campo industriale, fornendo potenza affidabile e supporto di controllo per varie apparecchiature meccaniche e ingegneristiche. FMP offre anche unit\u00e0 di potenza in vendita.<\/p>\n<h2>Domande frequenti<\/h2>\n<p><strong>D: Siete una societ\u00e0 commerciale o un produttore?<\/strong><\/p>\n<p>A: Siamo un produttore.<\/p>\n<p><strong>D: Quali sono i tempi di consegna?<\/strong><\/p>\n<p>R: In genere sono 25-35 giorni.<\/p>\n<p><strong>D: Fornite campioni? Se s\u00ec, sono gratuiti?<\/strong><\/p>\n<p>R: S\u00ec, forniamo campioni, ma non sono gratuiti.<\/p>\n<h3>Informazioni su FMP<\/h3>\n<p class=\"break-words\">FMP \u00e8 un produttore italiano leader specializzato nella progettazione, sviluppo e produzione di cilindri idraulici di alta qualit\u00e0. Con una ricca tradizione radicata in decenni di competenza, uniamo con orgoglio l&#039;artigianato italiano con la tecnologia all&#039;avanguardia per fornire soluzioni idrauliche eccezionali su misura per soddisfare le diverse esigenze della nostra clientela globale. Con sede in Italia, un polo di eccellenza ingegneristica, FMP \u00e8 un nome affidabile nel settore idraulico, impegnato a fornire prodotti affidabili, durevoli e innovativi che potenziano le aziende in tutto il mondo.<\/p>\n<p class=\"break-words\">La nostra azienda integra il meglio delle tradizioni di produzione avanzata con un approccio lungimirante. Grazie ad anni di esperienza nei sistemi idraulici, FMP si \u00e8 evoluta in un&#039;azienda moderna che eccelle nella ricerca, nella progettazione e nella produzione. Siamo specializzati in un&#039;ampia gamma di cilindri idraulici, tra cui cilindri a doppio effetto, cilindri di sollevamento per autoveicoli, cilindri per macchinari agricoli e soluzioni progettate su misura per varie applicazioni industriali. Che si tratti di edilizia, installazioni industriali, agricoltura o macchinari pesanti, i nostri cilindri idraulici sono costruiti per funzionare nelle condizioni pi\u00f9 difficili, garantendo sicurezza, efficienza e longevit\u00e0.<\/p>\n<p><img loading=\"lazy\" decoding=\"async\" class=\"alignnone size-full wp-image-6720\" src=\"https:\/\/fmp-components.com\/wp-content\/uploads\/2025\/03\/hydraulic-cylinder-8.webp\" alt=\"Cilindri idraulici telescopici\" width=\"933\" height=\"526\" title=\"\" srcset=\"https:\/\/fmp-components.com\/wp-content\/uploads\/2025\/03\/hydraulic-cylinder-8.webp 933w, https:\/\/fmp-components.com\/wp-content\/uploads\/2025\/03\/hydraulic-cylinder-8-480x271.webp 480w\" sizes=\"(min-width: 0px) and (max-width: 480px) 480px, (min-width: 481px) 933px, 100vw\" \/><\/p>\n<p class=\"break-words\">In FMP, siamo orgogliosi dei nostri stabilimenti di produzione all&#039;avanguardia, dotati di macchinari di precisione e sistemi di collaudo avanzati. I nostri processi di produzione rispettano rigorosi standard nazionali e internazionali, assicurando che ogni cilindro idraulico che esce dalla nostra fabbrica sia di qualit\u00e0 e affidabilit\u00e0 superiori. Il nostro team tecnico qualificato, abbinato a attrezzature all&#039;avanguardia, ci consente di mantenere un rigoroso controllo di qualit\u00e0 in ogni fase della produzione, dalla selezione delle materie prime all&#039;ispezione finale. Questa dedizione all&#039;eccellenza ci ha fatto guadagnare certificazioni e riconoscimenti dalle autorit\u00e0 del settore, consolidando ulteriormente la nostra reputazione di partner affidabile.<\/p>\n<p class=\"break-words\">La nostra missione \u00e8 semplice ma ambiziosa: fornire ai nostri clienti cilindri idraulici che superino le aspettative in termini di prestazioni, durata e valore. Operiamo secondo i principi guida di professionalit\u00e0, integrit\u00e0 e attenzione al cliente. Promuovendo una cultura di innovazione e precisione, perfezioniamo costantemente i nostri prodotti per rimanere all&#039;avanguardia in un mercato competitivo. La nostra gamma completa di prodotti e la capacit\u00e0 di offrire soluzioni personalizzate ci rendono la scelta ideale per le aziende che cercano cilindri idraulici ad alte prestazioni.<\/p>\n<p class=\"break-words\">FMP \u00e8 pi\u00f9 di un semplice produttore: siamo un partner per il tuo successo. Sappiamo che i nostri clienti contano su di noi per fornirti strumenti che migliorino la loro produttivit\u00e0 e sicurezza. Ecco perch\u00e9 ci impegniamo a offrire non solo prodotti di prima qualit\u00e0, ma anche un servizio eccezionale. Dalla consulenza iniziale al supporto post-vendita, lavoriamo a stretto contatto con i nostri clienti per garantire che le loro esigenze siano soddisfatte con professionalit\u00e0 e attenzione. I nostri prezzi competitivi, abbinati al nostro incrollabile impegno per la qualit\u00e0, rendono FMP la scelta intelligente per le aziende che desiderano investire in soluzioni idrauliche di cui possono fidarsi.<\/p>","protected":false},"excerpt":{"rendered":"<p>Factory Direct Sale Double Acting Small Dump Truck Telescopic Hydraulic Cylinder Our Factory Direct Sale Double Acting Small Dump Truck Telescopic Hydraulic Cylinder is a robust, efficient, and reliable solution for machinery repair shops, farms, energy &amp; mining industries, machinery manufacturing, and machinery factories. This ISO9001:2000 certified hydraulic cylinder is designed and manufactured by FMP, [&hellip;]<\/p>","protected":false},"featured_media":6777,"comment_status":"closed","ping_status":"closed","template":"","meta":{"_et_pb_use_builder":"","_et_pb_old_content":"","_et_gb_content_width":""},"product_brand":[],"product_cat":[103],"product_tag":[34,105],"class_list":{"0":"post-6506","1":"product","2":"type-product","3":"status-publish","4":"has-post-thumbnail","6":"product_cat-telescopic-hydraulic-cylinders","7":"product_tag-hydraulic-cylinder","8":"product_tag-telescopic-hydraulic-cylinders","10":"first","11":"instock","12":"product-type-simple"},"_links":{"self":[{"href":"https:\/\/fmp-components.com\/it\/wp-json\/wp\/v2\/product\/6506","targetHints":{"allow":["GET"]}}],"collection":[{"href":"https:\/\/fmp-components.com\/it\/wp-json\/wp\/v2\/product"}],"about":[{"href":"https:\/\/fmp-components.com\/it\/wp-json\/wp\/v2\/types\/product"}],"replies":[{"embeddable":true,"href":"https:\/\/fmp-components.com\/it\/wp-json\/wp\/v2\/comments?post=6506"}],"wp:featuredmedia":[{"embeddable":true,"href":"https:\/\/fmp-components.com\/it\/wp-json\/wp\/v2\/media\/6777"}],"wp:attachment":[{"href":"https:\/\/fmp-components.com\/it\/wp-json\/wp\/v2\/media?parent=6506"}],"wp:term":[{"taxonomy":"product_brand","embeddable":true,"href":"https:\/\/fmp-components.com\/it\/wp-json\/wp\/v2\/product_brand?post=6506"},{"taxonomy":"product_cat","embeddable":true,"href":"https:\/\/fmp-components.com\/it\/wp-json\/wp\/v2\/product_cat?post=6506"},{"taxonomy":"product_tag","embeddable":true,"href":"https:\/\/fmp-components.com\/it\/wp-json\/wp\/v2\/product_tag?post=6506"}],"curies":[{"name":"parola chiave","href":"https:\/\/api.w.org\/{rel}","templated":true}]}}