{"id":6503,"date":"2025-03-11T06:25:30","date_gmt":"2025-03-11T06:25:30","guid":{"rendered":"https:\/\/fmp-components.com\/product\/hot-sale-double-acting-small-dump-truck-telescopic-hydraulic-cylinder"},"modified":"2025-03-18T01:08:36","modified_gmt":"2025-03-18T01:08:36","slug":"hot-sale-double-acting-small-dump-truck-telescopic-hydraulic-cylinder","status":"publish","type":"product","link":"https:\/\/fmp-components.com\/it\/product\/hot-sale-double-acting-small-dump-truck-telescopic-hydraulic-cylinder\/","title":{"rendered":"Cilindro idraulico telescopico a doppia azione per piccoli autocarri con cassone ribaltabile in vendita calda"},"content":{"rendered":"<h2>Cilindro idraulico telescopico a doppia azione per piccoli autocarri con cassone ribaltabile in vendita calda<\/h2>\n<p>Questo cilindro idraulico telescopico a doppio effetto per piccoli autocarri con cassone ribaltabile, molto venduto, \u00e8 un prodotto di recente lancio nel 2025. \u00c8 progettato per l&#039;uso in vari settori, tra cui officine di riparazione macchinari, aziende agricole, industria energetica e mineraria, produzione di macchinari e fabbriche di macchinari. Con il suo corpo in acciaio e il design standard, offre elevata potenza, funzionamento idraulico e una spinta massima di 3000 Nm. Questo cilindro idraulico multistadio \u00e8 coperto da una garanzia di un anno e dalla certificazione ISO 9001:2000 per la garanzia della qualit\u00e0.<\/p>\n<h3>Caratteristiche e vantaggi speciali<\/h3>\n<p>Il nostro cilindro idraulico vanta un design ad alta efficienza energetica che migliora significativamente il rapporto costi-benefici per gli utenti. Riducendo al minimo il consumo energetico e garantendo prestazioni ottimali, consente alle aziende di ridurre i costi operativi e migliorare i profitti. L&#039;elevata efficienza del nostro cilindro idraulico contribuisce ad aumentare la produttivit\u00e0, consentendo ai macchinari di funzionare al massimo della capacit\u00e0 con tempi di fermo ridotti. Inoltre, la sicurezza \u00e8 una priorit\u00e0 assoluta; il nostro design garantisce un funzionamento sicuro, proteggendo i lavoratori e riducendo al minimo il rischio di incidenti sul posto di lavoro. Questa combinazione di efficienza energetica, aumento della produttivit\u00e0 e sicurezza rende il nostro cilindro idraulico una risorsa preziosa per qualsiasi attivit\u00e0.<\/p>\n<p><img loading=\"lazy\" decoding=\"async\" class=\"alignnone wp-image-6661\" src=\"https:\/\/fmp-components.com\/wp-content\/uploads\/2025\/03\/telescopic-hydraulic-cylinder-10.webp\" alt=\"cilindro idraulico telescopico\" width=\"904\" height=\"904\" title=\"\" srcset=\"https:\/\/fmp-components.com\/wp-content\/uploads\/2025\/03\/telescopic-hydraulic-cylinder-10.webp 904w, https:\/\/fmp-components.com\/wp-content\/uploads\/2025\/03\/telescopic-hydraulic-cylinder-10-480x480.webp 480w\" sizes=\"(min-width: 0px) and (max-width: 480px) 480px, (min-width: 481px) 904px, 100vw\" \/><\/p>\n<h3>Sistemi idraulici e principio di funzionamento<\/h3>\n<p>Componente cruciale dei sistemi idraulici, il cilindro idraulico svolge un ruolo fondamentale nella conversione dell&#039;energia idraulica in movimento meccanico. Questa trasformazione \u00e8 essenziale per generare la forza necessaria per muovere e controllare vari tipi di macchinari. Utilizzando fluido idraulico pressurizzato, il cilindro produce efficacemente movimenti potenti, vitali per un&#039;ampia gamma di applicazioni nel settore industriale. Il funzionamento dei cilindri idraulici si basa sui principi della fluidodinamica, consentendo un controllo preciso e l&#039;adattabilit\u00e0 in ambienti difficili. Questa funzionalit\u00e0 li rende indispensabili nei macchinari che richiedono capacit\u00e0 affidabili di sollevamento, spinta o trazione.<\/p>\n<h3>Scenari applicativi specifici<\/h3>\n<p>La versatilit\u00e0 del nostro cilindro idraulico telescopico a doppio effetto per piccoli dumper gli consente di eccellere in una variet\u00e0 di scenari applicativi. \u00c8 particolarmente efficace nelle officine di riparazione macchinari, dove pu\u00f2 essere utilizzato per sollevare e manovrare componenti pesanti con precisione. In ambito agricolo, questo cilindro idraulico contribuisce al funzionamento efficiente di attrezzature come rimorchi ribaltabili e altri macchinari, migliorando la produttivit\u00e0 nelle aziende agricole. Inoltre, i settori energetico e minerario beneficiano delle sue prestazioni robuste, in quanto \u00e8 in grado di gestire le condizioni difficili spesso presenti in questi settori. Che si tratti di edilizia, agricoltura o estrazione di risorse, il nostro cilindro idraulico \u00e8 progettato per funzionare in modo affidabile in diverse condizioni di lavoro, rendendolo la scelta preferita dai professionisti di diversi settori.<\/p>\n<p><img loading=\"lazy\" decoding=\"async\" class=\"alignnone size-full wp-image-6660\" src=\"https:\/\/fmp-components.com\/wp-content\/uploads\/2025\/03\/hydraulic-cylinder-workshop-4.webp\" alt=\"cilindro idraulico telescopico\" width=\"914\" height=\"733\" title=\"\" srcset=\"https:\/\/fmp-components.com\/wp-content\/uploads\/2025\/03\/hydraulic-cylinder-workshop-4.webp 914w, https:\/\/fmp-components.com\/wp-content\/uploads\/2025\/03\/hydraulic-cylinder-workshop-4-480x385.webp 480w\" sizes=\"(min-width: 0px) and (max-width: 480px) 480px, (min-width: 481px) 914px, 100vw\" \/><\/p>\n<h3>Informazioni su FMP<\/h3>\n<p>FMP \u00e8 un produttore italiano di prim&#039;ordine, rinomato per la sua competenza nella progettazione, sviluppo e produzione di cilindri idraulici di alta qualit\u00e0. Con una ricca tradizione costruita nel corso di decenni, uniamo in modo impeccabile l&#039;artigianato italiano con la tecnologia all&#039;avanguardia per offrire soluzioni idrauliche eccezionali, su misura per le diverse esigenze dei nostri clienti globali. Situata in Italia, un centro di eccellenza ingegneristica, FMP si \u00e8 affermata come leader affidabile nel settore idraulico, impegnata a fornire prodotti affidabili, durevoli e innovativi che potenziano le aziende in tutto il mondo.<\/p>\n<p>Combiniamo tradizioni di produzione avanzate con una prospettiva progressista. Basandosi su anni di esperienza nei sistemi idraulici, FMP si \u00e8 trasformata in un&#039;azienda moderna che eccelle nella ricerca, nella progettazione e nella produzione. La nostra specializzazione comprende un ampio spettro di cilindri idraulici, tra cui cilindri a doppio effetto, cilindri di sollevamento per autoveicoli, cilindri per macchinari agricoli e soluzioni progettate su misura per diverse applicazioni industriali. Che si tratti di edilizia, installazioni industriali, agricoltura o macchinari pesanti, i nostri cilindri idraulici sono progettati per funzionare nelle condizioni pi\u00f9 impegnative, garantendo sicurezza, efficienza e longevit\u00e0.<\/p>\n<p><img loading=\"lazy\" decoding=\"async\" class=\"alignnone size-full wp-image-6720\" src=\"https:\/\/fmp-components.com\/wp-content\/uploads\/2025\/03\/hydraulic-cylinder-8.webp\" alt=\"Cilindri idraulici telescopici\" width=\"933\" height=\"526\" title=\"\" srcset=\"https:\/\/fmp-components.com\/wp-content\/uploads\/2025\/03\/hydraulic-cylinder-8.webp 933w, https:\/\/fmp-components.com\/wp-content\/uploads\/2025\/03\/hydraulic-cylinder-8-480x271.webp 480w\" sizes=\"(min-width: 0px) and (max-width: 480px) 480px, (min-width: 481px) 933px, 100vw\" \/><\/p>\n<p>In FMP, siamo orgogliosi dei nostri stabilimenti di produzione all&#039;avanguardia, dotati di macchinari di precisione e sistemi di collaudo avanzati. I nostri processi di produzione sono conformi a rigorosi standard nazionali e internazionali, assicurando che ogni cilindro idraulico prodotto sia della massima qualit\u00e0 e affidabilit\u00e0. Il nostro team tecnico qualificato, insieme a attrezzature avanzate, ci consente di mantenere un rigoroso controllo di qualit\u00e0 in ogni fase di produzione, dalla selezione delle materie prime all&#039;ispezione finale. Questo impegno verso l&#039;eccellenza ci ha fatto guadagnare certificazioni e riconoscimenti dalle autorit\u00e0 del settore, consolidando ulteriormente la nostra reputazione di partner affidabile.<\/p>\n<p>La nostra missione \u00e8 semplice ma ambiziosa: fornire cilindri idraulici che superino le aspettative in termini di prestazioni, durata e valore. Aderiamo ai principi di professionalit\u00e0, integrit\u00e0 e attenzione al cliente. Promuovendo una cultura di innovazione e precisione, perfezioniamo continuamente i nostri prodotti per rimanere competitivi sul mercato. La nostra ampia gamma di prodotti e la capacit\u00e0 di offrire soluzioni personalizzate ci posizionano come la scelta preferita per le aziende che necessitano di cilindri idraulici ad alte prestazioni.<\/p>\n<p>FMP \u00e8 pi\u00f9 di un semplice produttore; siamo un partner del tuo successo. Riconosciamo che i nostri clienti contano su di noi per strumenti che migliorano la produttivit\u00e0 e la sicurezza. Pertanto, ci impegniamo a fornire non solo prodotti di alta qualit\u00e0, ma anche un servizio eccezionale. Dalle consulenze iniziali al supporto post-vendita, collaboriamo a stretto contatto con i nostri clienti per garantire che le loro esigenze siano soddisfatte con professionalit\u00e0 e cura. I nostri prezzi competitivi, uniti al nostro incrollabile impegno per la qualit\u00e0, rendono FMP la scelta intelligente per le aziende che cercano soluzioni idrauliche affidabili.<\/p>","protected":false},"excerpt":{"rendered":"<p>Hot Sale Double Acting Small Dump Truck Telescopic Hydraulic Cylinder This hot-selling, double-acting small dump truck telescopic hydraulic cylinder is a newly released product of 2025. It is designed for use in various industries including machinery repair shops, farms, energy and mining, machinery manufacturing, and machinery factories. With its steel body and standard design, it [&hellip;]<\/p>","protected":false},"featured_media":6673,"comment_status":"closed","ping_status":"closed","template":"","meta":{"_et_pb_use_builder":"","_et_pb_old_content":"","_et_gb_content_width":""},"product_brand":[],"product_cat":[103],"product_tag":[34,105],"class_list":{"0":"post-6503","1":"product","2":"type-product","3":"status-publish","4":"has-post-thumbnail","6":"product_cat-telescopic-hydraulic-cylinders","7":"product_tag-hydraulic-cylinder","8":"product_tag-telescopic-hydraulic-cylinders","10":"first","11":"instock","12":"product-type-simple"},"_links":{"self":[{"href":"https:\/\/fmp-components.com\/it\/wp-json\/wp\/v2\/product\/6503","targetHints":{"allow":["GET"]}}],"collection":[{"href":"https:\/\/fmp-components.com\/it\/wp-json\/wp\/v2\/product"}],"about":[{"href":"https:\/\/fmp-components.com\/it\/wp-json\/wp\/v2\/types\/product"}],"replies":[{"embeddable":true,"href":"https:\/\/fmp-components.com\/it\/wp-json\/wp\/v2\/comments?post=6503"}],"wp:featuredmedia":[{"embeddable":true,"href":"https:\/\/fmp-components.com\/it\/wp-json\/wp\/v2\/media\/6673"}],"wp:attachment":[{"href":"https:\/\/fmp-components.com\/it\/wp-json\/wp\/v2\/media?parent=6503"}],"wp:term":[{"taxonomy":"product_brand","embeddable":true,"href":"https:\/\/fmp-components.com\/it\/wp-json\/wp\/v2\/product_brand?post=6503"},{"taxonomy":"product_cat","embeddable":true,"href":"https:\/\/fmp-components.com\/it\/wp-json\/wp\/v2\/product_cat?post=6503"},{"taxonomy":"product_tag","embeddable":true,"href":"https:\/\/fmp-components.com\/it\/wp-json\/wp\/v2\/product_tag?post=6503"}],"curies":[{"name":"parola chiave","href":"https:\/\/api.w.org\/{rel}","templated":true}]}}