{"id":6500,"date":"2025-03-11T06:25:30","date_gmt":"2025-03-11T06:25:30","guid":{"rendered":"https:\/\/fmp-components.com\/product\/new-arrival-dump-truck-double-acting-telescopic-hydraulic-cylinder"},"modified":"2025-03-11T08:39:06","modified_gmt":"2025-03-11T08:39:06","slug":"new-arrival-dump-truck-double-acting-telescopic-hydraulic-cylinder","status":"publish","type":"product","link":"https:\/\/fmp-components.com\/it\/product\/new-arrival-dump-truck-double-acting-telescopic-hydraulic-cylinder\/","title":{"rendered":"Nuovo arrivo cilindro idraulico telescopico a doppia azione per autocarro con cassone ribaltabile"},"content":{"rendered":"<h2>Nuovo arrivo cilindro idraulico telescopico a doppia azione per autocarro con cassone ribaltabile<\/h2>\n<p>Vi presentiamo l'ultima novit\u00e0 della nostra linea di prodotti: un cilindro idraulico telescopico a doppio effetto per autocarri con cassone ribaltabile. \u00c8 ideale per una vasta gamma di applicazioni, tra cui officine di riparazione di macchinari, aziende agricole, industrie energetiche e minerarie e fabbriche di produzione di macchinari.<\/p>\n<h2>Caratteristiche e vantaggi del prodotto<\/h2>\n<p>Questo cilindro idraulico \u00e8 dotato di una serie di caratteristiche straordinarie che lo rendono la scelta perfetta per diverse applicazioni industriali:<\/p>\n<ul>\n<li>Struttura standard del cilindro a stantuffo<\/li>\n<li>Materiale del corpo in acciaio per una maggiore durata<\/li>\n<li>Spinta massima di 3000<\/li>\n<li>Tipo di cilindro idraulico multistadio<\/li>\n<li>Tiro massimo di 20 tonnellate<\/li>\n<li>Certificazione ISO9001:2000<\/li>\n<li>Disponibile nel colore nero<\/li>\n<\/ul>\n<h2>Specifiche tecniche<\/h2>\n<table style=\"width: 98.4483%;\" border=\"\">\n<tbody>\n<tr>\n<td style=\"width: 42.9379%;\"><i>Dimensioni del foro<\/i><\/td>\n<td style=\"width: 466.102%;\">2-6 pollici<\/td>\n<\/tr>\n<tr>\n<td style=\"width: 42.9379%;\"><i>Dimensioni dell&#039;asta<\/i><\/td>\n<td style=\"width: 466.102%;\">1,125-4 pollici<\/td>\n<\/tr>\n<tr>\n<td style=\"width: 42.9379%;\"><i>Dimensione del tratto<\/i><\/td>\n<td style=\"width: 466.102%;\">4-100 pollici<\/td>\n<\/tr>\n<tr>\n<td style=\"width: 42.9379%;\"><i>Dimensione del perno<\/i><\/td>\n<td style=\"width: 466.102%;\">0,5-2 pollici<\/td>\n<\/tr>\n<tr>\n<td style=\"width: 42.9379%;\"><i>Porti<\/i><\/td>\n<td style=\"width: 466.102%;\">G\/SAE\/NPT\/M<\/td>\n<\/tr>\n<\/tbody>\n<\/table>\n<h2>Vantaggi e benefici unici<\/h2>\n<p>Questo cilindro idraulico si distingue per l'eccezionale efficienza energetica, le elevate prestazioni e le robuste caratteristiche di sicurezza. Il suo design a basso consumo energetico riduce al minimo il consumo energetico massimizzando al contempo la potenza, con conseguente riduzione dei costi operativi e dell'impatto ambientale. Il cilindro offre costantemente prestazioni affidabili, garantendo il funzionamento fluido ed efficace dei macchinari anche in condizioni difficili. Questa affidabilit\u00e0 lo rende uno strumento prezioso in diversi settori, dalla produzione all'edilizia, dall'agricoltura ai trasporti. Offrendo una soluzione affidabile per il sollevamento, la spinta e la trazione, migliora la produttivit\u00e0 e l'efficienza operativa, contribuendo in ultima analisi al successo di qualsiasi progetto o attivit\u00e0.<\/p>\n<p><img loading=\"lazy\" decoding=\"async\" class=\"alignnone  wp-image-6665\" src=\"https:\/\/fmp-components.com\/wp-content\/uploads\/2025\/03\/telescopic-hydraulic-cylinder-9.webp\" alt=\"cilindro idraulico telescopico\" width=\"917\" height=\"917\" title=\"\" srcset=\"https:\/\/fmp-components.com\/wp-content\/uploads\/2025\/03\/telescopic-hydraulic-cylinder-9.webp 917w, https:\/\/fmp-components.com\/wp-content\/uploads\/2025\/03\/telescopic-hydraulic-cylinder-9-480x480.webp 480w\" sizes=\"(min-width: 0px) and (max-width: 480px) 480px, (min-width: 481px) 917px, 100vw\" \/><\/p>\n<h2>Sistemi idraulici e principi di funzionamento<\/h2>\n<p>Il cilindro idraulico funziona convertendo l'energia idraulica in movimento meccanico, trasformando efficacemente la pressione in forza. Questa conversione \u00e8 ottenuta attraverso un'interazione ben coordinata tra il cilindro idraulico e la centralina. Quando il fluido idraulico viene pressurizzato dalla centralina e convogliato nel cilindro, genera una forza che muove il pistone al suo interno. Questo movimento crea un moto lineare, che pu\u00f2 essere sfruttato per svolgere una variet\u00e0 di compiti, come il sollevamento di carichi pesanti o l'azionamento di componenti di macchinari. La sinergia tra il cilindro idraulico e la centralina \u00e8 fondamentale per il funzionamento efficace dei sistemi idraulici, consentendo un controllo preciso e l'adattabilit\u00e0 in diverse applicazioni. Questa azione collaborativa garantisce che le attivit\u00e0 che richiedono forza e movimento significativi possano essere eseguite con precisione ed efficienza, rendendo i sistemi idraulici essenziali nelle moderne operazioni industriali.<\/p>\n<h2>Domande frequenti<\/h2>\n<p><span>D: Siete una societ\u00e0 commerciale o un produttore?<\/span><br \/>\n<span>A: Siamo un produttore.<\/span><br \/>\n<span>D: Quanto tempo impiegate per la consegna?<\/span><br \/>\n<span>R: In genere sono 25-35 giorni.<\/span><br \/>\n<span>D: Fornite campioni? Sono gratuiti o extra?<\/span><br \/>\n<span>R: S\u00ec, offriamo campioni, ma non sono gratuiti.<\/span><\/p>\n<p><img loading=\"lazy\" decoding=\"async\" class=\"alignnone  wp-image-6717\" src=\"https:\/\/fmp-components.com\/wp-content\/uploads\/2025\/03\/hydraulic-cylinder-211.webp\" alt=\"Cilindri idraulici\" width=\"934\" height=\"936\" title=\"\" srcset=\"https:\/\/fmp-components.com\/wp-content\/uploads\/2025\/03\/hydraulic-cylinder-211.webp 934w, https:\/\/fmp-components.com\/wp-content\/uploads\/2025\/03\/hydraulic-cylinder-211-480x481.webp 480w\" sizes=\"(min-width: 0px) and (max-width: 480px) 480px, (min-width: 481px) 934px, 100vw\" \/><\/p>\n<h3>Informazioni su FMP<\/h3>\n<p class=\"break-words\">FMP \u00e8 un produttore italiano leader specializzato nella progettazione, sviluppo e produzione di cilindri idraulici di alta qualit\u00e0. Con una ricca tradizione radicata in decenni di competenza, uniamo con orgoglio l&#039;artigianato italiano con la tecnologia all&#039;avanguardia per fornire soluzioni idrauliche eccezionali su misura per soddisfare le diverse esigenze della nostra clientela globale. Con sede in Italia, un polo di eccellenza ingegneristica, FMP \u00e8 un nome affidabile nel settore idraulico, impegnato a fornire prodotti affidabili, durevoli e innovativi che potenziano le aziende in tutto il mondo.<\/p>\n<p class=\"break-words\">La nostra azienda integra il meglio delle tradizioni di produzione avanzata con un approccio lungimirante. Grazie ad anni di esperienza nei sistemi idraulici, FMP si \u00e8 evoluta in un&#039;azienda moderna che eccelle nella ricerca, nella progettazione e nella produzione. Siamo specializzati in un&#039;ampia gamma di cilindri idraulici, tra cui cilindri a doppio effetto, cilindri di sollevamento per autoveicoli, cilindri per macchinari agricoli e soluzioni progettate su misura per varie applicazioni industriali. Che si tratti di edilizia, installazioni industriali, agricoltura o macchinari pesanti, i nostri cilindri idraulici sono costruiti per funzionare nelle condizioni pi\u00f9 difficili, garantendo sicurezza, efficienza e longevit\u00e0.<\/p>\n<p><img loading=\"lazy\" decoding=\"async\" class=\"alignnone size-full wp-image-6720\" src=\"https:\/\/fmp-components.com\/wp-content\/uploads\/2025\/03\/hydraulic-cylinder-8.webp\" alt=\"Cilindri idraulici telescopici\" width=\"933\" height=\"526\" title=\"\" srcset=\"https:\/\/fmp-components.com\/wp-content\/uploads\/2025\/03\/hydraulic-cylinder-8.webp 933w, https:\/\/fmp-components.com\/wp-content\/uploads\/2025\/03\/hydraulic-cylinder-8-480x271.webp 480w\" sizes=\"(min-width: 0px) and (max-width: 480px) 480px, (min-width: 481px) 933px, 100vw\" \/><\/p>\n<p class=\"break-words\">In FMP, siamo orgogliosi dei nostri stabilimenti di produzione all&#039;avanguardia, dotati di macchinari di precisione e sistemi di collaudo avanzati. I nostri processi di produzione rispettano rigorosi standard nazionali e internazionali, assicurando che ogni cilindro idraulico che esce dalla nostra fabbrica sia di qualit\u00e0 e affidabilit\u00e0 superiori. Il nostro team tecnico qualificato, abbinato a attrezzature all&#039;avanguardia, ci consente di mantenere un rigoroso controllo di qualit\u00e0 in ogni fase della produzione, dalla selezione delle materie prime all&#039;ispezione finale. Questa dedizione all&#039;eccellenza ci ha fatto guadagnare certificazioni e riconoscimenti dalle autorit\u00e0 del settore, consolidando ulteriormente la nostra reputazione di partner affidabile.<\/p>\n<p class=\"break-words\">La nostra missione \u00e8 semplice ma ambiziosa: fornire ai nostri clienti cilindri idraulici che superino le aspettative in termini di prestazioni, durata e valore. Operiamo secondo i principi guida di professionalit\u00e0, integrit\u00e0 e attenzione al cliente. Promuovendo una cultura di innovazione e precisione, perfezioniamo costantemente i nostri prodotti per rimanere all&#039;avanguardia in un mercato competitivo. La nostra gamma completa di prodotti e la capacit\u00e0 di offrire soluzioni personalizzate ci rendono la scelta ideale per le aziende che cercano cilindri idraulici ad alte prestazioni.<\/p>\n<p class=\"break-words\">FMP \u00e8 pi\u00f9 di un semplice produttore: siamo un partner per il tuo successo. Sappiamo che i nostri clienti contano su di noi per fornirti strumenti che migliorino la loro produttivit\u00e0 e sicurezza. Ecco perch\u00e9 ci impegniamo a offrire non solo prodotti di prima qualit\u00e0, ma anche un servizio eccezionale. Dalla consulenza iniziale al supporto post-vendita, lavoriamo a stretto contatto con i nostri clienti per garantire che le loro esigenze siano soddisfatte con professionalit\u00e0 e attenzione. I nostri prezzi competitivi, abbinati al nostro incrollabile impegno per la qualit\u00e0, rendono FMP la scelta intelligente per le aziende che desiderano investire in soluzioni idrauliche di cui possono fidarsi.<\/p>","protected":false},"excerpt":{"rendered":"<p>New Arrival Dump Truck Double Acting Telescopic Hydraulic Cylinder Introducing the latest addition to our product line, a new arrival dump truck double acting telescopic hydraulic cylinder. It&#8217;s ideal for a variety of applications, including machinery repair shops, farms, energy and mining industries, and machinery manufacturing factories. Product Features and Advantages This hydraulic cylinder comes [&hellip;]<\/p>","protected":false},"featured_media":6677,"comment_status":"closed","ping_status":"closed","template":"","meta":{"_et_pb_use_builder":"","_et_pb_old_content":"","_et_gb_content_width":""},"product_brand":[],"product_cat":[103],"product_tag":[34,105],"class_list":{"0":"post-6500","1":"product","2":"type-product","3":"status-publish","4":"has-post-thumbnail","6":"product_cat-telescopic-hydraulic-cylinders","7":"product_tag-hydraulic-cylinder","8":"product_tag-telescopic-hydraulic-cylinders","10":"first","11":"instock","12":"product-type-simple"},"_links":{"self":[{"href":"https:\/\/fmp-components.com\/it\/wp-json\/wp\/v2\/product\/6500","targetHints":{"allow":["GET"]}}],"collection":[{"href":"https:\/\/fmp-components.com\/it\/wp-json\/wp\/v2\/product"}],"about":[{"href":"https:\/\/fmp-components.com\/it\/wp-json\/wp\/v2\/types\/product"}],"replies":[{"embeddable":true,"href":"https:\/\/fmp-components.com\/it\/wp-json\/wp\/v2\/comments?post=6500"}],"wp:featuredmedia":[{"embeddable":true,"href":"https:\/\/fmp-components.com\/it\/wp-json\/wp\/v2\/media\/6677"}],"wp:attachment":[{"href":"https:\/\/fmp-components.com\/it\/wp-json\/wp\/v2\/media?parent=6500"}],"wp:term":[{"taxonomy":"product_brand","embeddable":true,"href":"https:\/\/fmp-components.com\/it\/wp-json\/wp\/v2\/product_brand?post=6500"},{"taxonomy":"product_cat","embeddable":true,"href":"https:\/\/fmp-components.com\/it\/wp-json\/wp\/v2\/product_cat?post=6500"},{"taxonomy":"product_tag","embeddable":true,"href":"https:\/\/fmp-components.com\/it\/wp-json\/wp\/v2\/product_tag?post=6500"}],"curies":[{"name":"parola chiave","href":"https:\/\/api.w.org\/{rel}","templated":true}]}}