{"id":6498,"date":"2025-03-11T06:25:30","date_gmt":"2025-03-11T06:25:30","guid":{"rendered":"https:\/\/fmp-components.com\/product\/high-quality-double-acting-dump-truck-telescopic-hydraulic-cylinder-for-sale"},"modified":"2025-03-11T08:45:51","modified_gmt":"2025-03-11T08:45:51","slug":"high-quality-double-acting-dump-truck-telescopic-hydraulic-cylinder-for-sale","status":"publish","type":"product","link":"https:\/\/fmp-components.com\/it\/product\/high-quality-double-acting-dump-truck-telescopic-hydraulic-cylinder-for-sale\/","title":{"rendered":"Cilindro idraulico telescopico a doppia azione di alta qualit\u00e0 per autocarri con cassone ribaltabile in vendita"},"content":{"rendered":"<h2>Cilindro idraulico telescopico a doppia azione di alta qualit\u00e0 per autocarri con cassone ribaltabile in vendita<\/h2>\n<p>Il cilindro idraulico telescopico a doppio effetto di alta qualit\u00e0 per autocarri con cassone ribaltabile \u00e8 uno strumento essenziale per qualsiasi attivit\u00e0 industriale. Questa potente attrezzatura \u00e8 progettata per l&#039;uso in vari settori, tra cui officine di riparazione di macchinari, aziende agricole, industria energetica e mineraria, produzione di macchinari e fabbriche di macchinari.<\/p>\n<p>Il nostro cilindro idraulico non \u00e8 solo robusto e durevole, ma anche efficiente e affidabile. Il suo utilizzo \u00e8 fondamentale in molte attivit\u00e0 industriali, poich\u00e9 fornisce la potenza e il controllo necessari per prestazioni ottimali in ambienti difficili.<\/p>\n<h2>Dettagli del prodotto<\/h2>\n<table style=\"width: 93.8844%;\" border=\"\">\n<tbody>\n<tr>\n<th style=\"width: 42.9379%;\">Dimensioni del foro<\/th>\n<th style=\"width: 455.367%;\">2-6 pollici<\/th>\n<\/tr>\n<tr>\n<th style=\"width: 42.9379%;\">Dimensioni dell&#039;asta<\/th>\n<th style=\"width: 455.367%;\">1,125-4 pollici<\/th>\n<\/tr>\n<tr>\n<th style=\"width: 42.9379%;\">Dimensione del tratto<\/th>\n<th style=\"width: 455.367%;\">4-100 pollici<\/th>\n<\/tr>\n<tr>\n<th style=\"width: 42.9379%;\">Dimensione del perno<\/th>\n<th style=\"width: 455.367%;\">0,5-2 pollici<\/th>\n<\/tr>\n<tr>\n<th style=\"width: 42.9379%;\">Porti<\/th>\n<th style=\"width: 455.367%;\">G\/SAE\/NPT\/M<\/th>\n<\/tr>\n<\/tbody>\n<\/table>\n<h2>Caratteristiche principali<\/h2>\n<ul>\n<li>Efficienza energetica<\/li>\n<li>Alte prestazioni<\/li>\n<li>Sicuro e affidabile<\/li>\n<li>Struttura standard e non standard<\/li>\n<li>Spinta e trazione massime elevate<\/li>\n<\/ul>\n<h2>Sistema idraulico e principio di funzionamento<\/h2>\n<p>Il cilindro idraulico \u00e8 un componente fondamentale di un sistema idraulico, che sfrutta i principi della fluidodinamica per generare forza e movimento. Questo cilindro funziona convertendo la pressione idraulica in forza meccanica, consentendo il movimento preciso ed efficiente di macchinari e attrezzature industriali. Quando il fluido idraulico viene pressurizzato e convogliato nel cilindro, crea una forza che muove il pistone al suo interno, facilitando una serie di attivit\u00e0, dal sollevamento e spinta alla rotazione e al bloccaggio. Questo meccanismo garantisce operazioni fluide e reattive, consentendo elevati livelli di produttivit\u00e0 e affidabilit\u00e0 in diverse applicazioni industriali.<\/p>\n<p><img loading=\"lazy\" decoding=\"async\" class=\"alignnone  wp-image-6662\" src=\"https:\/\/fmp-components.com\/wp-content\/uploads\/2025\/03\/telescopic-hydraulic-cylinder-4.webp\" alt=\"cilindro idraulico telescopico\" width=\"915\" height=\"915\" title=\"\" srcset=\"https:\/\/fmp-components.com\/wp-content\/uploads\/2025\/03\/telescopic-hydraulic-cylinder-4.webp 915w, https:\/\/fmp-components.com\/wp-content\/uploads\/2025\/03\/telescopic-hydraulic-cylinder-4-480x480.webp 480w\" sizes=\"(min-width: 0px) and (max-width: 480px) 480px, (min-width: 481px) 915px, 100vw\" \/><\/p>\n<h2>Applicazioni<\/h2>\n<p>Il nostro cilindro idraulico telescopico \u00e8 progettato per soddisfare le esigenze di una vasta gamma di applicazioni. Nelle officine di riparazione di macchinari, si rivela prezioso per il sollevamento di attrezzature e componenti pesanti, consentendo ai tecnici di eseguire facilmente interventi di manutenzione e riparazione. In ambito agricolo, questo cilindro idraulico migliora la funzionalit\u00e0 di trattori e altri macchinari agricoli, consentendo una movimentazione efficiente di materiali e colture. Anche i settori energetico e minerario beneficiano delle sue prestazioni robuste, in quanto \u00e8 in grado di resistere alle condizioni rigorose spesso presenti in questi settori, rendendolo ideale per attivit\u00e0 gravose come il sollevamento e il trasporto di materiali. Inoltre, nella produzione di macchinari e nelle fabbriche, il cilindro idraulico telescopico facilita diversi processi produttivi, fornendo la forza necessaria per l&#039;assemblaggio e la movimentazione dei materiali. La sua versatilit\u00e0 e resistenza lo rendono uno strumento essenziale per i professionisti di diversi settori.<\/p>\n<h2>Cilindri idraulici e gruppi di potenza<\/h2>\n<p>Il cilindro idraulico e la centralina sono elementi inseparabili di qualsiasi sistema idraulico e lavorano insieme per garantire prestazioni ed efficienza ottimali. Il cilindro idraulico funge da attuatore, trasformando l&#039;energia idraulica in movimento meccanico, mentre la centralina funge da motore del sistema, fornendo il fluido pressurizzato necessario al suo funzionamento. Questa funzione coordinata \u00e8 fondamentale per l&#039;implementazione della tecnologia idraulica nel settore industriale, offrendo potenza affidabile e supporto di controllo per una vasta gamma di apparecchiature meccaniche e ingegneristiche. La sinergia tra questi componenti consente loro di gestire compiti impegnativi con precisione e affidabilit\u00e0. Ever-power offre anche una selezione di centraline in vendita, a completamento dei nostri cilindri idraulici, offrendo soluzioni complete per le esigenze del vostro sistema idraulico. Il nostro impegno per la qualit\u00e0 e l&#039;innovazione garantisce che riceviate i migliori prodotti per migliorare le vostre capacit\u00e0 operative.<\/p>\n<p><img loading=\"lazy\" decoding=\"async\" class=\"alignnone  wp-image-6663\" src=\"https:\/\/fmp-components.com\/wp-content\/uploads\/2025\/03\/telescopic-hydraulic-cylinder-11.webp\" alt=\"cilindro idraulico telescopico\" width=\"905\" height=\"905\" title=\"\" srcset=\"https:\/\/fmp-components.com\/wp-content\/uploads\/2025\/03\/telescopic-hydraulic-cylinder-11.webp 905w, https:\/\/fmp-components.com\/wp-content\/uploads\/2025\/03\/telescopic-hydraulic-cylinder-11-480x480.webp 480w\" sizes=\"(min-width: 0px) and (max-width: 480px) 480px, (min-width: 481px) 905px, 100vw\" \/><\/p>\n<h2>Domande frequenti<\/h2>\n<ol>\n<li><strong>Siete un&#039;azienda commerciale o un produttore?<\/strong><br \/>\nSiamo una fabbrica.<\/li>\n<li><strong>Quanto tempo ci vuole per la consegna?<\/strong><br \/>\nI nostri tempi di consegna sono in genere di 25-35 giorni.<\/li>\n<li><strong>Potete produrre secondo i campioni?<\/strong><br \/>\nS\u00ec, possiamo produrre su campione o disegno tecnico. Possiamo anche costruire stampi e attrezzature.<\/li>\n<\/ol>\n<h3>Informazioni su FMP<\/h3>\n<p class=\"break-words\">FMP \u00e8 un produttore italiano leader specializzato nella progettazione, sviluppo e produzione di cilindri idraulici di alta qualit\u00e0. Con una ricca tradizione radicata in decenni di competenza, uniamo con orgoglio l&#039;artigianato italiano con la tecnologia all&#039;avanguardia per fornire soluzioni idrauliche eccezionali su misura per soddisfare le diverse esigenze della nostra clientela globale. Con sede in Italia, un polo di eccellenza ingegneristica, FMP \u00e8 un nome affidabile nel settore idraulico, impegnato a fornire prodotti affidabili, durevoli e innovativi che potenziano le aziende in tutto il mondo.<\/p>\n<p class=\"break-words\">La nostra azienda integra il meglio delle tradizioni di produzione avanzata con un approccio lungimirante. Grazie ad anni di esperienza nei sistemi idraulici, FMP si \u00e8 evoluta in un&#039;azienda moderna che eccelle nella ricerca, nella progettazione e nella produzione. Siamo specializzati in un&#039;ampia gamma di cilindri idraulici, tra cui cilindri a doppio effetto, cilindri di sollevamento per autoveicoli, cilindri per macchinari agricoli e soluzioni progettate su misura per varie applicazioni industriali. Che si tratti di edilizia, installazioni industriali, agricoltura o macchinari pesanti, i nostri cilindri idraulici sono costruiti per funzionare nelle condizioni pi\u00f9 difficili, garantendo sicurezza, efficienza e longevit\u00e0.<\/p>\n<p><img loading=\"lazy\" decoding=\"async\" class=\"alignnone size-full wp-image-6720\" src=\"https:\/\/fmp-components.com\/wp-content\/uploads\/2025\/03\/hydraulic-cylinder-8.webp\" alt=\"Cilindri idraulici telescopici\" width=\"933\" height=\"526\" title=\"\" srcset=\"https:\/\/fmp-components.com\/wp-content\/uploads\/2025\/03\/hydraulic-cylinder-8.webp 933w, https:\/\/fmp-components.com\/wp-content\/uploads\/2025\/03\/hydraulic-cylinder-8-480x271.webp 480w\" sizes=\"(min-width: 0px) and (max-width: 480px) 480px, (min-width: 481px) 933px, 100vw\" \/><\/p>\n<p class=\"break-words\">In FMP, siamo orgogliosi dei nostri stabilimenti di produzione all&#039;avanguardia, dotati di macchinari di precisione e sistemi di collaudo avanzati. I nostri processi di produzione rispettano rigorosi standard nazionali e internazionali, assicurando che ogni cilindro idraulico che esce dalla nostra fabbrica sia di qualit\u00e0 e affidabilit\u00e0 superiori. Il nostro team tecnico qualificato, abbinato a attrezzature all&#039;avanguardia, ci consente di mantenere un rigoroso controllo di qualit\u00e0 in ogni fase della produzione, dalla selezione delle materie prime all&#039;ispezione finale. Questa dedizione all&#039;eccellenza ci ha fatto guadagnare certificazioni e riconoscimenti dalle autorit\u00e0 del settore, consolidando ulteriormente la nostra reputazione di partner affidabile.<\/p>\n<p class=\"break-words\">La nostra missione \u00e8 semplice ma ambiziosa: fornire ai nostri clienti cilindri idraulici che superino le aspettative in termini di prestazioni, durata e valore. Operiamo secondo i principi guida di professionalit\u00e0, integrit\u00e0 e attenzione al cliente. Promuovendo una cultura di innovazione e precisione, perfezioniamo costantemente i nostri prodotti per rimanere all&#039;avanguardia in un mercato competitivo. La nostra gamma completa di prodotti e la capacit\u00e0 di offrire soluzioni personalizzate ci rendono la scelta ideale per le aziende che cercano cilindri idraulici ad alte prestazioni.<\/p>\n<p class=\"break-words\">FMP \u00e8 pi\u00f9 di un semplice produttore: siamo un partner per il tuo successo. Sappiamo che i nostri clienti contano su di noi per fornirti strumenti che migliorino la loro produttivit\u00e0 e sicurezza. Ecco perch\u00e9 ci impegniamo a offrire non solo prodotti di prima qualit\u00e0, ma anche un servizio eccezionale. Dalla consulenza iniziale al supporto post-vendita, lavoriamo a stretto contatto con i nostri clienti per garantire che le loro esigenze siano soddisfatte con professionalit\u00e0 e attenzione. I nostri prezzi competitivi, abbinati al nostro incrollabile impegno per la qualit\u00e0, rendono FMP la scelta intelligente per le aziende che desiderano investire in soluzioni idrauliche di cui possono fidarsi.<\/p>\n<p><img loading=\"lazy\" decoding=\"async\" class=\"alignnone  wp-image-6717\" src=\"https:\/\/fmp-components.com\/wp-content\/uploads\/2025\/03\/hydraulic-cylinder-211.webp\" alt=\"Cilindri idraulici\" width=\"922\" height=\"924\" title=\"\" srcset=\"https:\/\/fmp-components.com\/wp-content\/uploads\/2025\/03\/hydraulic-cylinder-211.webp 922w, https:\/\/fmp-components.com\/wp-content\/uploads\/2025\/03\/hydraulic-cylinder-211-480x481.webp 480w\" sizes=\"(min-width: 0px) and (max-width: 480px) 480px, (min-width: 481px) 922px, 100vw\" \/><\/p>","protected":false},"excerpt":{"rendered":"<p>High Quality Double Acting Dump Truck Telescopic Hydraulic Cylinder for Sale The High Quality Double Acting Dump Truck Telescopic hydraulic cylinder is an essential tool for any industrial operation. This powerful piece of equipment is designed for use in various industries, including machinery repair shops, farms, energy &amp; mining, machinery manufacturing, and machinery factories. Our [&hellip;]<\/p>","protected":false},"featured_media":6679,"comment_status":"closed","ping_status":"closed","template":"","meta":{"_et_pb_use_builder":"","_et_pb_old_content":"","_et_gb_content_width":""},"product_brand":[],"product_cat":[103],"product_tag":[34,105],"class_list":{"0":"post-6498","1":"product","2":"type-product","3":"status-publish","4":"has-post-thumbnail","6":"product_cat-telescopic-hydraulic-cylinders","7":"product_tag-hydraulic-cylinder","8":"product_tag-telescopic-hydraulic-cylinders","10":"first","11":"instock","12":"product-type-simple"},"_links":{"self":[{"href":"https:\/\/fmp-components.com\/it\/wp-json\/wp\/v2\/product\/6498","targetHints":{"allow":["GET"]}}],"collection":[{"href":"https:\/\/fmp-components.com\/it\/wp-json\/wp\/v2\/product"}],"about":[{"href":"https:\/\/fmp-components.com\/it\/wp-json\/wp\/v2\/types\/product"}],"replies":[{"embeddable":true,"href":"https:\/\/fmp-components.com\/it\/wp-json\/wp\/v2\/comments?post=6498"}],"wp:featuredmedia":[{"embeddable":true,"href":"https:\/\/fmp-components.com\/it\/wp-json\/wp\/v2\/media\/6679"}],"wp:attachment":[{"href":"https:\/\/fmp-components.com\/it\/wp-json\/wp\/v2\/media?parent=6498"}],"wp:term":[{"taxonomy":"product_brand","embeddable":true,"href":"https:\/\/fmp-components.com\/it\/wp-json\/wp\/v2\/product_brand?post=6498"},{"taxonomy":"product_cat","embeddable":true,"href":"https:\/\/fmp-components.com\/it\/wp-json\/wp\/v2\/product_cat?post=6498"},{"taxonomy":"product_tag","embeddable":true,"href":"https:\/\/fmp-components.com\/it\/wp-json\/wp\/v2\/product_tag?post=6498"}],"curies":[{"name":"parola chiave","href":"https:\/\/api.w.org\/{rel}","templated":true}]}}