{"id":6491,"date":"2025-03-11T06:25:30","date_gmt":"2025-03-11T06:25:30","guid":{"rendered":"https:\/\/fmp-components.com\/product\/good-quality-2-stage-hydraulic-cylinder-telescopic-hydraulic-cylinder-for-sale"},"modified":"2025-03-14T03:20:18","modified_gmt":"2025-03-14T03:20:18","slug":"good-quality-2-stage-hydraulic-cylinder-telescopic-hydraulic-cylinder-for-sale","status":"publish","type":"product","link":"https:\/\/fmp-components.com\/it\/product\/good-quality-2-stage-hydraulic-cylinder-telescopic-hydraulic-cylinder-for-sale\/","title":{"rendered":"Cilindro idraulico telescopico a 2 stadi di buona qualit\u00e0 in vendita"},"content":{"rendered":"<h2>Cilindro idraulico telescopico a 2 stadi di buona qualit\u00e0 in vendita<\/h2>\n<p>Questo cilindro idraulico a 2 stadi di alta qualit\u00e0 \u00e8 un must per qualsiasi settore che richieda macchinari pesanti. Ideale per officine di riparazione di macchinari, aziende agricole, industrie energetiche e minerarie, produzione di macchinari e fabbriche di macchinari, questo cilindro idraulico \u00e8 progettato per eccellere.<\/p>\n<h3>Caratteristiche e funzioni del prodotto<\/h3>\n<p>Il cilindro idraulico \u00e8 coperto da una garanzia di un anno ed \u00e8 un prodotto standard nuovo di zecca. Si tratta di un cilindro a stantuffo azionato da sistemi idraulici e realizzato in acciaio. Questo cilindro idraulico multistadio ha una spinta massima di 3000 Nm e pu\u00f2 tirare fino a 20 tonnellate. \u00c8 certificato ISO 9001:2000 e i suoi componenti principali includono il cuscinetto e il cilindro idraulico.<\/p>\n<h3>Specifiche tecniche<\/h3>\n<p>I parametri tecnici del prodotto sono i seguenti:<\/p>\n<table style=\"width: 94.9966%;\" border=\"\">\n<tbody>\n<tr>\n<td style=\"width: 43.4286%;\"><b>Dimensioni del foro<\/b><\/td>\n<td style=\"width: 393.714%;\">2-6 pollici<\/td>\n<\/tr>\n<tr>\n<td style=\"width: 43.4286%;\"><b>Dimensioni dell&#039;asta<\/b><\/td>\n<td style=\"width: 393.714%;\">1,125-4 pollici<\/td>\n<\/tr>\n<tr>\n<td style=\"width: 43.4286%;\"><b>Dimensione del tratto<\/b><\/td>\n<td style=\"width: 393.714%;\">4-100 pollici<\/td>\n<\/tr>\n<tr>\n<td style=\"width: 43.4286%;\"><b>Dimensione del perno<\/b><\/td>\n<td style=\"width: 393.714%;\">0,5-2 pollici<\/td>\n<\/tr>\n<tr>\n<td style=\"width: 43.4286%;\"><b>Porti<\/b><\/td>\n<td style=\"width: 393.714%;\">G\/SAE\/NPT\/M<\/td>\n<\/tr>\n<\/tbody>\n<\/table>\n<h2>Vantaggi del prodotto<\/h2>\n<ul>\n<li>Risparmio energetico: questo cilindro idraulico \u00e8 progettato per ottimizzare l&#039;uso dell&#039;energia, riducendo i costi operativi.<\/li>\n<li>Efficiente: con una spinta massima di 3000 e una capacit\u00e0 di trazione fino a 20 tonnellate, questo cilindro idraulico garantisce prestazioni efficienti.<\/li>\n<li>Sicuro: certificato ISO9001:2000, questo cilindro idraulico soddisfa gli standard internazionali di sicurezza e qualit\u00e0.<\/li>\n<\/ul>\n<h2>Sistemi idraulici e principio di funzionamento<\/h2>\n<p>I cilindri idraulici svolgono un ruolo cruciale nel funzionamento di vari macchinari. Funzionano convertendo l&#039;energia idraulica in energia meccanica, trasformando la pressione in forza. Questo cilindro idraulico, in particolare, \u00e8 essenziale per azionare i macchinari in modo efficace ed efficiente.<\/p>\n<p><img loading=\"lazy\" decoding=\"async\" class=\"alignnone size-full wp-image-6759\" src=\"https:\/\/fmp-components.com\/wp-content\/uploads\/2025\/03\/Telescopic-Hydraulic-Cylinders-116.webp\" alt=\"Cilindri idraulici telescopici\" width=\"640\" height=\"640\" title=\"\" srcset=\"https:\/\/fmp-components.com\/wp-content\/uploads\/2025\/03\/Telescopic-Hydraulic-Cylinders-116.webp 640w, https:\/\/fmp-components.com\/wp-content\/uploads\/2025\/03\/Telescopic-Hydraulic-Cylinders-116-480x480.webp 480w\" sizes=\"(min-width: 0px) and (max-width: 480px) 480px, (min-width: 481px) 640px, 100vw\" \/><\/p>\n<h2>Cilindri idraulici e gruppi di potenza<\/h2>\n<p>I cilindri idraulici e le centraline sono parti integranti di un sistema idraulico. La loro funzione combinata garantisce l&#039;ampia applicazione della tecnologia idraulica in campo industriale, fornendo potenza affidabile e supporto di controllo per diverse apparecchiature meccaniche e ingegneristiche. Come componente operativo, un cilindro idraulico \u00e8 responsabile della conversione dell&#039;energia idraulica in movimento meccanico, trasformando la pressione in forza. La centralina, invece, \u00e8 il nucleo che fornisce l&#039;energia e i segnali di controllo richiesti dal sistema idraulico. Il coordinamento tra i due consente il normale funzionamento del sistema idraulico.<\/p>\n<h3>Domande frequenti<\/h3>\n<p><b>D: Siete una societ\u00e0 commerciale o produttrice?<\/b><br \/>\nA: Siamo un produttore.<\/p>\n<p><b>D: Quanto tempo impiegate per la consegna?<\/b><br \/>\nR: In genere sono 25-35 giorni.<\/p>\n<p><b>D: Fornite campioni? Sono gratuiti o extra?<\/b><br \/>\nR: S\u00ec, potremmo offrire il campione, ma non \u00e8 gratuito.<\/p>\n<h3>Informazioni su FMP<\/h3>\n<p class=\"break-words\">FMP \u00e8 un produttore italiano leader specializzato nella progettazione, sviluppo e produzione di cilindri idraulici di alta qualit\u00e0. Con una ricca tradizione radicata in decenni di competenza, uniamo con orgoglio l&#039;artigianato italiano con la tecnologia all&#039;avanguardia per fornire soluzioni idrauliche eccezionali su misura per soddisfare le diverse esigenze della nostra clientela globale. Con sede in Italia, un polo di eccellenza ingegneristica, FMP \u00e8 un nome affidabile nel settore idraulico, impegnato a fornire prodotti affidabili, durevoli e innovativi che potenziano le aziende in tutto il mondo.<\/p>\n<p class=\"break-words\">La nostra azienda integra il meglio delle tradizioni di produzione avanzata con un approccio lungimirante. Grazie ad anni di esperienza nei sistemi idraulici, FMP si \u00e8 evoluta in un&#039;azienda moderna che eccelle nella ricerca, nella progettazione e nella produzione. Siamo specializzati in un&#039;ampia gamma di cilindri idraulici, tra cui cilindri a doppio effetto, cilindri di sollevamento per autoveicoli, cilindri per macchinari agricoli e soluzioni progettate su misura per varie applicazioni industriali. Che si tratti di edilizia, installazioni industriali, agricoltura o macchinari pesanti, i nostri cilindri idraulici sono costruiti per funzionare nelle condizioni pi\u00f9 difficili, garantendo sicurezza, efficienza e longevit\u00e0.<\/p>\n<p><img loading=\"lazy\" decoding=\"async\" class=\"alignnone size-full wp-image-6720\" src=\"https:\/\/fmp-components.com\/wp-content\/uploads\/2025\/03\/hydraulic-cylinder-8.webp\" alt=\"Cilindri idraulici telescopici\" width=\"933\" height=\"526\" title=\"\" srcset=\"https:\/\/fmp-components.com\/wp-content\/uploads\/2025\/03\/hydraulic-cylinder-8.webp 933w, https:\/\/fmp-components.com\/wp-content\/uploads\/2025\/03\/hydraulic-cylinder-8-480x271.webp 480w\" sizes=\"(min-width: 0px) and (max-width: 480px) 480px, (min-width: 481px) 933px, 100vw\" \/><\/p>\n<p class=\"break-words\">In FMP, siamo orgogliosi dei nostri stabilimenti di produzione all&#039;avanguardia, dotati di macchinari di precisione e sistemi di collaudo avanzati. I nostri processi di produzione rispettano rigorosi standard nazionali e internazionali, assicurando che ogni cilindro idraulico che esce dalla nostra fabbrica sia di qualit\u00e0 e affidabilit\u00e0 superiori. Il nostro team tecnico qualificato, abbinato a attrezzature all&#039;avanguardia, ci consente di mantenere un rigoroso controllo di qualit\u00e0 in ogni fase della produzione, dalla selezione delle materie prime all&#039;ispezione finale. Questa dedizione all&#039;eccellenza ci ha fatto guadagnare certificazioni e riconoscimenti dalle autorit\u00e0 del settore, consolidando ulteriormente la nostra reputazione di partner affidabile.<\/p>\n<p class=\"break-words\">La nostra missione \u00e8 semplice ma ambiziosa: fornire ai nostri clienti cilindri idraulici che superino le aspettative in termini di prestazioni, durata e valore. Operiamo secondo i principi guida di professionalit\u00e0, integrit\u00e0 e attenzione al cliente. Promuovendo una cultura di innovazione e precisione, perfezioniamo costantemente i nostri prodotti per rimanere all&#039;avanguardia in un mercato competitivo. La nostra gamma completa di prodotti e la capacit\u00e0 di offrire soluzioni personalizzate ci rendono la scelta ideale per le aziende che cercano cilindri idraulici ad alte prestazioni.<\/p>\n<p class=\"break-words\">FMP \u00e8 pi\u00f9 di un semplice produttore: siamo un partner per il tuo successo. Sappiamo che i nostri clienti contano su di noi per fornirti strumenti che migliorino la loro produttivit\u00e0 e sicurezza. Ecco perch\u00e9 ci impegniamo a offrire non solo prodotti di prima qualit\u00e0, ma anche un servizio eccezionale. Dalla consulenza iniziale al supporto post-vendita, lavoriamo a stretto contatto con i nostri clienti per garantire che le loro esigenze siano soddisfatte con professionalit\u00e0 e attenzione. I nostri prezzi competitivi, abbinati al nostro incrollabile impegno per la qualit\u00e0, rendono FMP la scelta intelligente per le aziende che desiderano investire in soluzioni idrauliche di cui possono fidarsi.<\/p>","protected":false},"excerpt":{"rendered":"<p>Good Quality 2 Stage Hydraulic Cylinder Telescopic Hydraulic Cylinder For Sale This high-quality 2-stage hydraulic cylinder is a must-have for any industry that requires heavy-duty machinery. Ideal for machinery repair shops, farms, energy &amp; mining, machinery manufacturing, and machinery factories, this hydraulic cylinder is designed to excel. Product Features and Functions The hydraulic cylinder comes [&hellip;]<\/p>","protected":false},"featured_media":6780,"comment_status":"closed","ping_status":"closed","template":"","meta":{"_et_pb_use_builder":"","_et_pb_old_content":"","_et_gb_content_width":""},"product_brand":[],"product_cat":[103],"product_tag":[34,105],"class_list":{"0":"post-6491","1":"product","2":"type-product","3":"status-publish","4":"has-post-thumbnail","6":"product_cat-telescopic-hydraulic-cylinders","7":"product_tag-hydraulic-cylinder","8":"product_tag-telescopic-hydraulic-cylinders","10":"first","11":"instock","12":"product-type-simple"},"_links":{"self":[{"href":"https:\/\/fmp-components.com\/it\/wp-json\/wp\/v2\/product\/6491","targetHints":{"allow":["GET"]}}],"collection":[{"href":"https:\/\/fmp-components.com\/it\/wp-json\/wp\/v2\/product"}],"about":[{"href":"https:\/\/fmp-components.com\/it\/wp-json\/wp\/v2\/types\/product"}],"replies":[{"embeddable":true,"href":"https:\/\/fmp-components.com\/it\/wp-json\/wp\/v2\/comments?post=6491"}],"wp:featuredmedia":[{"embeddable":true,"href":"https:\/\/fmp-components.com\/it\/wp-json\/wp\/v2\/media\/6780"}],"wp:attachment":[{"href":"https:\/\/fmp-components.com\/it\/wp-json\/wp\/v2\/media?parent=6491"}],"wp:term":[{"taxonomy":"product_brand","embeddable":true,"href":"https:\/\/fmp-components.com\/it\/wp-json\/wp\/v2\/product_brand?post=6491"},{"taxonomy":"product_cat","embeddable":true,"href":"https:\/\/fmp-components.com\/it\/wp-json\/wp\/v2\/product_cat?post=6491"},{"taxonomy":"product_tag","embeddable":true,"href":"https:\/\/fmp-components.com\/it\/wp-json\/wp\/v2\/product_tag?post=6491"}],"curies":[{"name":"parola chiave","href":"https:\/\/api.w.org\/{rel}","templated":true}]}}