{"id":6409,"date":"2025-03-10T05:58:14","date_gmt":"2025-03-10T05:58:14","guid":{"rendered":"https:\/\/fmp-components.com\/?post_type=product&#038;p=6409"},"modified":"2025-03-10T05:58:16","modified_gmt":"2025-03-10T05:58:16","slug":"rigid-couplings","status":"publish","type":"product","link":"https:\/\/fmp-components.com\/it\/product\/rigid-couplings\/","title":{"rendered":"Giunti rigidi"},"content":{"rendered":"<h2>Specifiche dei giunti rigidi<\/h2>\n<p><img loading=\"lazy\" decoding=\"async\" class=\"alignnone size-full wp-image-6411\" src=\"https:\/\/fmp-components.com\/wp-content\/uploads\/2025\/03\/rigid-coupling-1.webp\" alt=\"giunto rigido\" width=\"879\" height=\"698\" title=\"\" srcset=\"https:\/\/fmp-components.com\/wp-content\/uploads\/2025\/03\/rigid-coupling-1.webp 879w, https:\/\/fmp-components.com\/wp-content\/uploads\/2025\/03\/rigid-coupling-1-480x381.webp 480w\" sizes=\"(min-width: 0px) and (max-width: 480px) 480px, (min-width: 481px) 879px, 100vw\" \/><\/p>\n<h2>Caratteristiche dei giunti rigidi<\/h2>\n<ul>\n<li>Leggero, bassissima inerzia e alta sensibilit\u00e0<\/li>\n<li>Senza manutenzione, super resistente all&#039;olio e alla corrosione<\/li>\n<li>Materiali in lega di alluminio e acciaio inossidabile<\/li>\n<li>Fornire il tipo di bullone di fissaggio, il tipo di clip e il tipo di separazione<\/li>\n<li>Sono disponibili a magazzino anche modelli con diverse dimensioni dei fori su entrambe le estremit\u00e0.<\/li>\n<\/ul>\n<h2>Vantaggi e svantaggi dei giunti rigidi<\/h2>\n<p><strong>Vantaggi dei giunti rigidi<\/strong><br \/>\nI giunti rigidi sono ampiamente utilizzati in applicazioni a bassa velocit\u00e0 e senza impatto in cui gli alberi mostrano elevata rigidit\u00e0 e allineamento preciso grazie al loro design semplice, alla convenienza e alla capacit\u00e0 di trasmettere una coppia elevata. Un esempio comune \u00e8 il\u00a0<strong>giunto flangiato<\/strong>, che consiste in due dischi flangiati collegati da bulloni. Ogni disco \u00e8 montato su un albero tramite un giunto a chiavetta, consentendo la trasmissione di coppia e movimento tra i due alberi.<\/p>\n<p>I principali vantaggi dei giunti flangiati includono:<\/p>\n<ol start=\"1\">\n<li><strong>Semplicit\u00e0 e convenienza<\/strong>: Facile da produrre, installare e manutenere, con bassi costi di produzione.<\/li>\n<li><strong>Elevata capacit\u00e0 di coppia<\/strong>: In grado di trasmettere una coppia sostanziale in modo affidabile.<\/li>\n<li><strong>Allineamento preciso<\/strong>: Garantiscono un allineamento preciso dell&#039;albero, rendendoli ideali per applicazioni ad alta velocit\u00e0 o sistemi che richiedono una precisione di trasmissione rigorosa.<\/li>\n<li><strong>Durata<\/strong>: La struttura robusta riduce al minimo l&#039;usura in condizioni di carico stabili.<\/li>\n<\/ol>\n<p>Tuttavia, i giunti rigidi non hanno compensazione radiale, assiale o angolare. Se l&#039;allineamento dell&#039;albero \u00e8 imperfetto durante il funzionamento, pu\u00f2 portare a una riduzione dell&#039;efficienza, a un&#039;usura accelerata, a un aumento delle vibrazioni e del rumore. Per soddisfare le richieste di coppia, i giunti flangiati possono utilizzare bulloni con foro alesato per tutti o met\u00e0 dei collegamenti, con i bulloni rimanenti standard.<\/p>\n<p><strong>Svantaggi dei giunti rigidi<\/strong><br \/>\nLo svantaggio principale dei giunti rigidi, come i giunti flangiati, \u00e8 la loro\u00a0<strong>requisito rigoroso per l&#039;allineamento preciso dell&#039;albero<\/strong>. Qualsiasi spostamento relativo tra gli alberi induce ulteriore stress sui componenti collegati, peggiorando le condizioni operative. Questa limitazione li rende inadatti per sistemi con potenziali disallineamenti, carichi dinamici o esigenze di assorbimento degli urti.<\/p>\n<p>In sintesi, mentre i giunti rigidi eccellono in semplicit\u00e0 e trasmissione della coppia per alberi ben allineati, la loro incapacit\u00e0 di compensare il disallineamento ne limita l&#039;uso in sistemi pi\u00f9 dinamici o flessibili.<\/p>\n<p>&nbsp;<\/p>","protected":false},"excerpt":{"rendered":"<p>Specifiche dei giunti rigidi Caratteristiche dei giunti rigidi Leggeri, bassissima inerzia e alta sensibilit\u00e0 Non richiedono manutenzione, sono estremamente resistenti all&#039;olio e alla corrosione Materiali in lega di alluminio e acciaio inossidabile Forniscono tipi di bullone di fissaggio, tipo di clip e tipo di separazione Sono disponibili in magazzino anche modelli con diverse dimensioni dei fori su entrambe le estremit\u00e0 Vantaggi e svantaggi dei giunti rigidi Vantaggi di [\u2026]<\/p>","protected":false},"featured_media":6410,"comment_status":"open","ping_status":"closed","template":"","meta":{"_et_pb_use_builder":"","_et_pb_old_content":"","_et_gb_content_width":""},"product_brand":[],"product_cat":[101],"product_tag":[],"class_list":{"0":"post-6409","1":"product","2":"type-product","3":"status-publish","4":"has-post-thumbnail","6":"product_cat-coupling","8":"first","9":"instock","10":"shipping-taxable","11":"product-type-simple"},"_links":{"self":[{"href":"https:\/\/fmp-components.com\/it\/wp-json\/wp\/v2\/product\/6409","targetHints":{"allow":["GET"]}}],"collection":[{"href":"https:\/\/fmp-components.com\/it\/wp-json\/wp\/v2\/product"}],"about":[{"href":"https:\/\/fmp-components.com\/it\/wp-json\/wp\/v2\/types\/product"}],"replies":[{"embeddable":true,"href":"https:\/\/fmp-components.com\/it\/wp-json\/wp\/v2\/comments?post=6409"}],"wp:featuredmedia":[{"embeddable":true,"href":"https:\/\/fmp-components.com\/it\/wp-json\/wp\/v2\/media\/6410"}],"wp:attachment":[{"href":"https:\/\/fmp-components.com\/it\/wp-json\/wp\/v2\/media?parent=6409"}],"wp:term":[{"taxonomy":"product_brand","embeddable":true,"href":"https:\/\/fmp-components.com\/it\/wp-json\/wp\/v2\/product_brand?post=6409"},{"taxonomy":"product_cat","embeddable":true,"href":"https:\/\/fmp-components.com\/it\/wp-json\/wp\/v2\/product_cat?post=6409"},{"taxonomy":"product_tag","embeddable":true,"href":"https:\/\/fmp-components.com\/it\/wp-json\/wp\/v2\/product_tag?post=6409"}],"curies":[{"name":"parola chiave","href":"https:\/\/api.w.org\/{rel}","templated":true}]}}