{"id":6390,"date":"2025-03-10T05:14:19","date_gmt":"2025-03-10T05:14:19","guid":{"rendered":"https:\/\/fmp-components.com\/?post_type=product&#038;p=6390"},"modified":"2025-03-10T05:14:19","modified_gmt":"2025-03-10T05:14:19","slug":"spacer-couplings-replacement-of-fenaflex-spacer-couplings","status":"publish","type":"product","link":"https:\/\/fmp-components.com\/it\/product\/spacer-couplings-replacement-of-fenaflex-spacer-couplings\/","title":{"rendered":"Giunti distanziatori - Sostituzione dei giunti distanziatori Fenaflex"},"content":{"rendered":"<p>I giunti distanziatori Fenaflex sono costituiti da giunti pneumatici Fenaflex (misure F40-F140) e gruppi flangia distanziatrice. Questi giunti sono progettati per facilitare lo spostamento di uno degli alberi avanti e indietro senza disturbare la macchina o la trasmissione a cui \u00e8 collegato, come in un rotore di pompa centrifuga.<\/p>\n<p>Sono realizzati per adattarsi alle distanze standard di 80, 100, 140 e 180 mm tra le estremit\u00e0 degli alberi. Questi giunti sono molto flessibili e durevoli, offrendo a ingegneri e progettisti diverse opzioni per adattarsi a una variet\u00e0 di utilizzi scegliendo le giuste flange di giunto.<\/p>\n<p><img loading=\"lazy\" decoding=\"async\" class=\"alignnone  wp-image-6391\" src=\"https:\/\/fmp-components.com\/wp-content\/uploads\/2025\/03\/fenaflex-spacer-coupling-2.webp\" alt=\"Giunti distanziatori Fenaflex\" width=\"902\" height=\"666\" title=\"\" srcset=\"https:\/\/fmp-components.com\/wp-content\/uploads\/2025\/03\/fenaflex-spacer-coupling-2.webp 902w, https:\/\/fmp-components.com\/wp-content\/uploads\/2025\/03\/fenaflex-spacer-coupling-2-480x354.webp 480w\" sizes=\"(min-width: 0px) and (max-width: 480px) 480px, (min-width: 481px) 902px, 100vw\" \/> \u00a0<img loading=\"lazy\" decoding=\"async\" class=\"alignnone size-full wp-image-6393\" src=\"https:\/\/fmp-components.com\/wp-content\/uploads\/2025\/03\/Spacer-Couplings-1.webp\" alt=\"Giunti distanziatori\" width=\"892\" height=\"772\" title=\"\" srcset=\"https:\/\/fmp-components.com\/wp-content\/uploads\/2025\/03\/Spacer-Couplings-1.webp 892w, https:\/\/fmp-components.com\/wp-content\/uploads\/2025\/03\/Spacer-Couplings-1-480x415.webp 480w\" sizes=\"(min-width: 0px) and (max-width: 480px) 480px, (min-width: 481px) 892px, 100vw\" \/><\/p>\n<div class=\"dad65929\">\n<div class=\"f9bf7997 d7dc56a8 c05b5566\">\n<div class=\"ds-markdown ds-markdown--block\">\n<h2>Caratteristiche della sostituzione dei giunti distanziatori Fenaflex<\/h2>\n<p><strong>1. Installazione semplificata e flessibilit\u00e0 di allineamento<\/strong><\/p>\n<ul>\n<li><strong>Facile da installare<\/strong>: Progettato per un&#039;installazione rapida e semplice, riducendo i tempi di fermo.<\/li>\n<li><strong>Tolleranza di disallineamento superiore<\/strong>: Accoglie disallineamenti angolari fino a\u00a0<strong>4 gradi<\/strong>, spostamento parallelo di\u00a0<strong>6 millimetri<\/strong>, e offset radiale di\u00a0<strong>8 millimetri<\/strong>\u00a0su tutti i piani.<\/li>\n<\/ul>\n<p><strong>2. Costruzione robusta e design versatile<\/strong><\/p>\n<ul>\n<li><strong>Cavo portante interno bidirezionale<\/strong>: Rinforzato con filo avvolto in entrambe le direzioni, consentendo prestazioni affidabili in\u00a0<strong>applicazioni di guida in retromarcia<\/strong>.<\/li>\n<li><strong>Opzioni di materiale<\/strong>: Gli pneumatici sono disponibili in\u00a0<strong>standard<\/strong>\u00a0O\u00a0<strong>FRAS (Resistente al fuoco antistatico)<\/strong>\u00a0costruzione, conforme a\u00a0<strong>Certificazione ATEX<\/strong>\u00a0per ambienti pericolosi.<\/li>\n<li><strong>Montaggio adattabile<\/strong>: Supporta\u00a0<strong>distanziatore pompa<\/strong>\u00a0E\u00a0<strong>configurazioni del volano<\/strong>, con flange caratterizzate\u00a0<strong>Boccole coniche con anello di bloccaggio F&amp;H<\/strong>\u00a0O\u00a0<strong>Progetti con foratura pilota di tipo B<\/strong>\u00a0per una compatibilit\u00e0 universale.<\/li>\n<\/ul>\n<p><strong>3. Prestazioni migliorate rispetto ai giunti tradizionali<\/strong><\/p>\n<ul>\n<li><strong>Elevata elasticit\u00e0 e lubrificazione zero<\/strong>:A differenza dei giunti per pneumatici convenzionali, la sostituzione dei giunti Fenaflex elimina la necessit\u00e0 di lubrificazione, offrendo al contempo flessibilit\u00e0 ed elasticit\u00e0 superiori.<\/li>\n<li><strong>Smorzamento delle vibrazioni<\/strong>: Eccezionale assorbimento degli urti e delle vibrazioni torsionali, proteggendo le apparecchiature collegate dalle sollecitazioni dinamiche.<\/li>\n<\/ul>\n<p><strong>4. Vantaggi di manutenzione e assistenza<\/strong><\/p>\n<ul>\n<li><strong>Design modulare<\/strong>: UN\u00a0<strong>distanziatore intermedio (DBSE)<\/strong>\u00a0consente la manutenzione delle pompe centrifughe senza dover sostituire motori o macchinari durante la sostituzione degli pneumatici.<\/li>\n<li><strong>Facile da ispezionare<\/strong>: Il design semplice consente facili controlli visivi e la sostituzione dei componenti senza dover smontare l&#039;intero sistema di trasmissione.<\/li>\n<\/ul>\n<p><strong>5. Soluzioni personalizzabili<\/strong><\/p>\n<ul>\n<li><strong>Adattabilit\u00e0 del distanziatore<\/strong>: \u00c8 possibile integrare dispositivi intermedi per regolare la spaziatura tra i diametri degli alberi, garantendo la compatibilit\u00e0 con diversi requisiti di sistema.<\/li>\n<\/ul>\n<p><strong>Riepilogo dei principali vantaggi<\/strong><\/p>\n<ul>\n<li><strong>Durata<\/strong>: Progettato per applicazioni pesanti con usura minima.<\/li>\n<li><strong>Sicurezza<\/strong>: Le certificazioni FRAS e ATEX garantiscono la conformit\u00e0 in ambienti a rischio di incendio o esplosione.<\/li>\n<li><strong>Efficienza dei costi<\/strong>: La ridotta necessit\u00e0 di manutenzione e la maggiore durata utile riducono i costi operativi.<\/li>\n<\/ul>\n<p>I giunti distanziatori Fenaflex sostitutivi combinano flessibilit\u00e0, resilienza e un design intuitivo, rendendoli ideali per i settori che richiedono affidabilit\u00e0 in condizioni di elevato disallineamento, elevate vibrazioni o pericolose.<\/p>\n<\/div>\n<\/div>\n<\/div>\n<p>&nbsp;<\/p>","protected":false},"excerpt":{"rendered":"<p>Fenaflex spacer couplings are made up of Fenaflex tire couplings (sizes F40-F140) and spacer flange assemblies. These couplings are designed to make it easier to move one of the shafts back and forth without disturbing the machine or drive it\u2019s connected to, like in a centrifugal pump rotor. They are made to fit standard distances [&hellip;]<\/p>","protected":false},"featured_media":6392,"comment_status":"open","ping_status":"closed","template":"","meta":{"_et_pb_use_builder":"","_et_pb_old_content":"","_et_gb_content_width":""},"product_brand":[],"product_cat":[101],"product_tag":[],"class_list":{"0":"post-6390","1":"product","2":"type-product","3":"status-publish","4":"has-post-thumbnail","6":"product_cat-coupling","8":"first","9":"instock","10":"shipping-taxable","11":"product-type-simple"},"_links":{"self":[{"href":"https:\/\/fmp-components.com\/it\/wp-json\/wp\/v2\/product\/6390","targetHints":{"allow":["GET"]}}],"collection":[{"href":"https:\/\/fmp-components.com\/it\/wp-json\/wp\/v2\/product"}],"about":[{"href":"https:\/\/fmp-components.com\/it\/wp-json\/wp\/v2\/types\/product"}],"replies":[{"embeddable":true,"href":"https:\/\/fmp-components.com\/it\/wp-json\/wp\/v2\/comments?post=6390"}],"wp:featuredmedia":[{"embeddable":true,"href":"https:\/\/fmp-components.com\/it\/wp-json\/wp\/v2\/media\/6392"}],"wp:attachment":[{"href":"https:\/\/fmp-components.com\/it\/wp-json\/wp\/v2\/media?parent=6390"}],"wp:term":[{"taxonomy":"product_brand","embeddable":true,"href":"https:\/\/fmp-components.com\/it\/wp-json\/wp\/v2\/product_brand?post=6390"},{"taxonomy":"product_cat","embeddable":true,"href":"https:\/\/fmp-components.com\/it\/wp-json\/wp\/v2\/product_cat?post=6390"},{"taxonomy":"product_tag","embeddable":true,"href":"https:\/\/fmp-components.com\/it\/wp-json\/wp\/v2\/product_tag?post=6390"}],"curies":[{"name":"parola chiave","href":"https:\/\/api.w.org\/{rel}","templated":true}]}}