{"id":587,"date":"2024-12-17T01:21:39","date_gmt":"2024-12-17T01:21:39","guid":{"rendered":"https:\/\/fmp-components.com\/?page_id=8"},"modified":"2024-12-17T03:06:10","modified_gmt":"2024-12-17T03:06:10","slug":"hydraulic-cylinder-for-press","status":"publish","type":"product","link":"https:\/\/fmp-components.com\/it\/product\/hydraulic-cylinder-for-press\/","title":{"rendered":"Cilindro idraulico per pressa"},"content":{"rendered":"<p style=\"text-align: center;\"><span style=\"font-size: 18pt;\">Cilindro idraulico per pressa<\/span><\/p>\n<p>Il cilindro idraulico per pressa \u00e8 un componente idraulico specializzato progettato per fornire una forza potente per applicazioni di pressatura in vari contesti industriali. Questo cilindro \u00e8 essenziale per operazioni quali la formatura dei metalli, lo stampaggio della plastica e i processi di assemblaggio, in cui sono richiesti alti livelli di forza per modellare o comprimere i materiali.<\/p>\n<p><img loading=\"lazy\" decoding=\"async\" class=\"alignnone size-full wp-image-602\" src=\"https:\/\/fmp-components.com\/wp-content\/uploads\/2024\/12\/Hydraulic-Press-Master-Cylinder.webp\" alt=\"Cilindro principale della pressa idraulica\" width=\"1000\" height=\"600\" title=\"\" srcset=\"https:\/\/fmp-components.com\/wp-content\/uploads\/2024\/12\/Hydraulic-Press-Master-Cylinder.webp 1000w, https:\/\/fmp-components.com\/wp-content\/uploads\/2024\/12\/Hydraulic-Press-Master-Cylinder-980x588.webp 980w, https:\/\/fmp-components.com\/wp-content\/uploads\/2024\/12\/Hydraulic-Press-Master-Cylinder-480x288.webp 480w\" sizes=\"(min-width: 0px) and (max-width: 480px) 480px, (min-width: 481px) and (max-width: 980px) 980px, (min-width: 981px) 1000px, 100vw\" \/><\/p>\n<h4>Caratteristiche principali:<\/h4>\n<ul>\n<li><strong>Elevata potenza in uscita:<\/strong> Progettato per generare una notevole forza idraulica, questo cilindro \u00e8 in grado di gestire carichi pesanti, il che lo rende ideale per le attivit\u00e0 di pressatura pi\u00f9 impegnative.<\/li>\n<li><strong>Costruzione robusta:<\/strong> Realizzato con materiali ad alta resistenza, il cilindro idraulico \u00e8 costruito per resistere alle difficili condizioni degli ambienti industriali, garantendo durata e affidabilit\u00e0 durature.<\/li>\n<li><strong>Funzionamento regolare:<\/strong> Il design idraulico avanzato consente movimenti fluidi e controllati, garantendo un controllo preciso durante le operazioni di pressatura per ottenere i risultati desiderati.<\/li>\n<li><strong>Applicazione versatile:<\/strong> Adatto a un&#039;ampia gamma di presse, questo cilindro migliora la funzionalit\u00e0 di varie applicazioni, tra cui l&#039;industria automobilistica, manifatturiera e della lavorazione dei metalli.<\/li>\n<li><strong>Bassa richiesta di manutenzione:<\/strong> Progettato per ridurre al minimo l&#039;usura, il cilindro idraulico richiede meno manutenzione, riducendo i tempi di fermo e contribuendo ad aumentare la produttivit\u00e0.<\/li>\n<\/ul>\n<p>Il cilindro idraulico per pressa \u00e8 un componente essenziale che ottimizza le prestazioni e l&#039;efficienza delle applicazioni di pressatura, rendendolo indispensabile per un&#039;efficace compressione e modellatura dei materiali in diversi ambienti industriali.<\/p>\n<h2>Cilindro maestro della pressa idraulica<\/h2>\n<p><img loading=\"lazy\" decoding=\"async\" class=\"size-full wp-image-596 aligncenter\" src=\"https:\/\/fmp-components.com\/wp-content\/uploads\/2024\/12\/Hydraulic-Press-Master-Cylinder1.webp\" alt=\"Cilindro maestro della pressa idraulica\" width=\"500\" height=\"200\" title=\"\" srcset=\"https:\/\/fmp-components.com\/wp-content\/uploads\/2024\/12\/Hydraulic-Press-Master-Cylinder1.webp 500w, https:\/\/fmp-components.com\/wp-content\/uploads\/2024\/12\/Hydraulic-Press-Master-Cylinder1-480x192.webp 480w\" sizes=\"(min-width: 0px) and (max-width: 480px) 480px, (min-width: 481px) 500px, 100vw\" \/><\/p>\n<table style=\"width: 98.4519%; height: 229px;\" border=\"1\" cellspacing=\"0\" cellpadding=\"0\">\n<tbody>\n<tr>\n<td>Nome del prodotto<\/td>\n<td>Cilindro maestro della pressa idraulica<\/td>\n<\/tr>\n<tr>\n<td>Caratteristiche:<\/td>\n<td>Fornire la spinta principale per la stampa<\/td>\n<\/tr>\n<tr>\n<td>Stantuffo:<\/td>\n<td>500mm\uff5e1800mm<br \/>\nCorsa \u22644500mm<\/td>\n<\/tr>\n<tr>\n<td>Forza di spinta:<\/td>\n<td>Massimo 80MN<br \/>\n(Pistone 1800mm\/pressione31,5MPa)<\/td>\n<\/tr>\n<tr>\n<td>Applicazioni del cilindro principale idraulico:<\/td>\n<td>Premere<\/td>\n<\/tr>\n<\/tbody>\n<\/table>\n<h2>Cilindro laterale della pressa idraulica<\/h2>\n<p><img loading=\"lazy\" decoding=\"async\" class=\"size-full wp-image-600 aligncenter\" src=\"https:\/\/fmp-components.com\/wp-content\/uploads\/2024\/12\/Hydraulic-Press-Side-Cylinder1.webp\" alt=\"Cilindro laterale della pressa idraulica\" width=\"500\" height=\"200\" title=\"\" srcset=\"https:\/\/fmp-components.com\/wp-content\/uploads\/2024\/12\/Hydraulic-Press-Side-Cylinder1.webp 500w, https:\/\/fmp-components.com\/wp-content\/uploads\/2024\/12\/Hydraulic-Press-Side-Cylinder1-480x192.webp 480w\" sizes=\"(min-width: 0px) and (max-width: 480px) 480px, (min-width: 481px) 500px, 100vw\" \/><\/p>\n<table style=\"width: 98.5144%; height: 257px;\" border=\"1\" cellspacing=\"0\" cellpadding=\"0\">\n<tbody>\n<tr style=\"height: 23px;\">\n<td style=\"height: 23px;\">Nome del prodotto<\/td>\n<td style=\"height: 23px;\">Cilindro laterale della pressa idraulica<\/td>\n<\/tr>\n<tr style=\"height: 23px;\">\n<td style=\"height: 23px;\">Caratteristiche:<\/td>\n<td style=\"height: 23px;\">Fornire spinta alla pressa con il cilindro principale<\/td>\n<\/tr>\n<tr style=\"height: 23px;\">\n<td style=\"height: 23px;\">Stantuffo:<\/td>\n<td style=\"height: 23px;\">420mm\uff5e1000mm<\/td>\n<\/tr>\n<tr style=\"height: 23px;\">\n<td style=\"height: 23px;\">Colpo:<\/td>\n<td style=\"height: 23px;\">Corsa \u22644500mm<\/td>\n<\/tr>\n<tr style=\"height: 47px;\">\n<td style=\"height: 47px;\">Forza di spinta:<\/td>\n<td style=\"height: 47px;\">Massimo 24,7 MN<br \/>\n(Pistone 1000mm\/pressione31,5MPa)<\/td>\n<\/tr>\n<tr style=\"height: 23px;\">\n<td style=\"height: 23px;\">Applicazioni del cilindro laterale idraulico:<\/td>\n<td style=\"height: 23px;\">Pressa idraulica<\/td>\n<\/tr>\n<\/tbody>\n<\/table>\n<h2>Cilindro di ritorno della pressa idraulica<\/h2>\n<p><img loading=\"lazy\" decoding=\"async\" class=\"size-full wp-image-599 aligncenter\" src=\"https:\/\/fmp-components.com\/wp-content\/uploads\/2024\/12\/Hydraulic-Press-Return-Cylinder1.webp\" alt=\"Cilindro di ritorno della pressa idraulica\" width=\"500\" height=\"200\" title=\"\" srcset=\"https:\/\/fmp-components.com\/wp-content\/uploads\/2024\/12\/Hydraulic-Press-Return-Cylinder1.webp 500w, https:\/\/fmp-components.com\/wp-content\/uploads\/2024\/12\/Hydraulic-Press-Return-Cylinder1-480x192.webp 480w\" sizes=\"(min-width: 0px) and (max-width: 480px) 480px, (min-width: 481px) 500px, 100vw\" \/><\/p>\n<table style=\"width: 98.5637%; height: 319px;\" border=\"1\" cellspacing=\"0\" cellpadding=\"0\">\n<tbody>\n<tr>\n<td>Nome del prodotto<\/td>\n<td>Cilindro di ritorno della pressa idraulica<\/td>\n<\/tr>\n<tr>\n<td>Caratteristiche:<\/td>\n<td>Fornisce forza di ritorno per il cilindro principale e il cilindro laterale, divisi in tipo a stantuffo\/tipo a pistone<\/td>\n<\/tr>\n<tr>\n<td>Diametro del foro:<\/td>\n<td>180mm\uff5e410mm<\/td>\n<\/tr>\n<tr>\n<td>Diametro dell&#039;asta:<\/td>\n<td>\u00a0120mm\uff5e360mm<br \/>\nCorsa \u22644500mm<\/td>\n<\/tr>\n<tr>\n<td>Forza di spinta:<\/td>\n<td>Massimo 2612KN<br \/>\n(Diametro foro: 410mm\/pressione 31,5MPa)<\/td>\n<\/tr>\n<tr>\n<td>Stantuffo:<\/td>\n<td>\u00a0140mm\uff5e360mm<br \/>\nCorsa \u22643000 mm<\/td>\n<\/tr>\n<tr>\n<td>Forza di spinta dello stantuffo:<\/td>\n<td>Massimo 3206KN<br \/>\n(Pistone 360mm\/pressione 31,5MPa)<\/td>\n<\/tr>\n<tr>\n<td>Applicazioni del cilindro di ritorno della pressa idraulica:<\/td>\n<td>Pressa idraulica<\/td>\n<\/tr>\n<\/tbody>\n<\/table>\n<h2>Cilindro di livellamento della pressa idraulica<\/h2>\n<p><img loading=\"lazy\" decoding=\"async\" class=\"size-full wp-image-595 aligncenter\" src=\"https:\/\/fmp-components.com\/wp-content\/uploads\/2024\/12\/Hydraulic-Press-Leveling-Cylinder1.webp\" alt=\"Cilindro di livellamento della pressa idraulica\" width=\"500\" height=\"200\" title=\"\" srcset=\"https:\/\/fmp-components.com\/wp-content\/uploads\/2024\/12\/Hydraulic-Press-Leveling-Cylinder1.webp 500w, https:\/\/fmp-components.com\/wp-content\/uploads\/2024\/12\/Hydraulic-Press-Leveling-Cylinder1-480x192.webp 480w\" sizes=\"(min-width: 0px) and (max-width: 480px) 480px, (min-width: 481px) 500px, 100vw\" \/><\/p>\n<table style=\"width: 101.009%; height: 270px;\" border=\"1\" cellspacing=\"0\" cellpadding=\"0\">\n<tbody>\n<tr>\n<td>Nome del prodotto<\/td>\n<td>Cilindro di livellamento della pressa idraulica<\/td>\n<\/tr>\n<tr>\n<td>Caratteristiche:<\/td>\n<td>Sollevamento parallelo di pezzi grezzi o lavorati<\/td>\n<\/tr>\n<tr>\n<td>Diametro del foro:<\/td>\n<td>\u00a090mm\uff5e380mm<\/td>\n<\/tr>\n<tr>\n<td>Diametro dell&#039;asta:<\/td>\n<td>50mm\uff5e280mm<br \/>\nCorsa \u22642500mm<\/td>\n<\/tr>\n<tr>\n<td>Forza di spinta:<\/td>\n<td>Massimo 2835KN<br \/>\n(Diametro cilindro 380mm\/pressione 25MPa)<\/td>\n<\/tr>\n<tr>\n<td>Applicazioni del cilindro di livellamento della pressa idraulica:<\/td>\n<td>Pressa idraulica<\/td>\n<\/tr>\n<\/tbody>\n<\/table>\n<h2>Cilindro di inclinazione della pressa idraulica<\/h2>\n<p><img loading=\"lazy\" decoding=\"async\" class=\"size-full wp-image-601 aligncenter\" src=\"https:\/\/fmp-components.com\/wp-content\/uploads\/2024\/12\/Hydraulic-Press-Tilt-Cylinder1.webp\" alt=\"Cilindro di inclinazione della pressa idraulica\" width=\"500\" height=\"200\" title=\"\" srcset=\"https:\/\/fmp-components.com\/wp-content\/uploads\/2024\/12\/Hydraulic-Press-Tilt-Cylinder1.webp 500w, https:\/\/fmp-components.com\/wp-content\/uploads\/2024\/12\/Hydraulic-Press-Tilt-Cylinder1-480x192.webp 480w\" sizes=\"(min-width: 0px) and (max-width: 480px) 480px, (min-width: 481px) 500px, 100vw\" \/><\/p>\n<table style=\"width: 97.3917%; height: 226px;\" border=\"1\" cellspacing=\"0\" cellpadding=\"0\">\n<tbody>\n<tr>\n<td>Nome del prodotto<\/td>\n<td>Cilindro di inclinazione della pressa idraulica<\/td>\n<\/tr>\n<tr>\n<td>Caratteristiche:<\/td>\n<td>Realizzare il sollevamento della testa di serraggio del manipolatore<\/td>\n<\/tr>\n<tr>\n<td>Diametro del foro:<\/td>\n<td>\u00a0100mm\uff5e400mm<\/td>\n<\/tr>\n<tr>\n<td>Diametro dell&#039;asta:<\/td>\n<td>50mm\uff5e300mm<br \/>\nCorsa \u22641500mm<\/td>\n<\/tr>\n<tr>\n<td>Forza di spinta:<\/td>\n<td>Massimo 3141KN<br \/>\n(Diametro cilindro 400mm\/pressione 25MPa)<\/td>\n<\/tr>\n<tr>\n<td>Applicazioni del cilindro di inclinazione della pressa idraulica:<\/td>\n<td>Pressa idraulica<\/td>\n<\/tr>\n<\/tbody>\n<\/table>\n<h2>Cilindro incudine spostamento laterale pressa idraulica<\/h2>\n<p><img loading=\"lazy\" decoding=\"async\" class=\"size-full wp-image-594 aligncenter\" src=\"https:\/\/fmp-components.com\/wp-content\/uploads\/2024\/12\/Hydraulic-Press-Lateral-Shift-Anvil-Cylinder1.webp\" alt=\"Cilindro incudine spostamento laterale pressa idraulica\" width=\"500\" height=\"200\" title=\"\" srcset=\"https:\/\/fmp-components.com\/wp-content\/uploads\/2024\/12\/Hydraulic-Press-Lateral-Shift-Anvil-Cylinder1.webp 500w, https:\/\/fmp-components.com\/wp-content\/uploads\/2024\/12\/Hydraulic-Press-Lateral-Shift-Anvil-Cylinder1-480x192.webp 480w\" sizes=\"(min-width: 0px) and (max-width: 480px) 480px, (min-width: 481px) 500px, 100vw\" \/><\/p>\n<table style=\"width: 97.9604%; height: 251px;\" border=\"1\" cellspacing=\"0\" cellpadding=\"0\">\n<tbody>\n<tr style=\"height: 23px;\">\n<td style=\"height: 23px;\">Nome del prodotto<\/td>\n<td style=\"height: 23px;\">Cilindro incudine spostamento laterale pressa idraulica<\/td>\n<\/tr>\n<tr style=\"height: 23px;\">\n<td style=\"height: 23px;\">Caratteristiche:<\/td>\n<td style=\"height: 23px;\">Spostare l&#039;incudine lateralmente<\/td>\n<\/tr>\n<tr style=\"height: 23px;\">\n<td style=\"height: 23px;\">Diametro del foro:<\/td>\n<td style=\"height: 23px;\">125mm\uff5e250mm<\/td>\n<\/tr>\n<tr style=\"height: 47px;\">\n<td style=\"height: 47px;\">Diametro dell&#039;asta:<\/td>\n<td style=\"height: 47px;\">90mm\uff5e180mm<br \/>\nCorsa \u22645500mm<\/td>\n<\/tr>\n<tr style=\"height: 47px;\">\n<td style=\"height: 47px;\">Forza di spinta:<\/td>\n<td style=\"height: 47px;\">Massimo 1546KN<br \/>\n(Diametro foro: 250mm\/pressione 31,5MPa)<\/td>\n<\/tr>\n<tr style=\"height: 23px;\">\n<td style=\"height: 23px;\">Applicazioni del cilindro dell&#039;incudine a spostamento laterale:<\/td>\n<td style=\"height: 23px;\">Pressa idraulica<\/td>\n<\/tr>\n<\/tbody>\n<\/table>\n<h2>Cilindro mobile per banco di lavoro con pressa idraulica<\/h2>\n<p><img loading=\"lazy\" decoding=\"async\" class=\"size-full wp-image-597 aligncenter\" src=\"https:\/\/fmp-components.com\/wp-content\/uploads\/2024\/12\/Hydraulic-Press-Mobile-Workbench-Cylinder1.webp\" alt=\"Cilindro mobile per banco di lavoro con pressa idraulica\" width=\"500\" height=\"200\" title=\"\" srcset=\"https:\/\/fmp-components.com\/wp-content\/uploads\/2024\/12\/Hydraulic-Press-Mobile-Workbench-Cylinder1.webp 500w, https:\/\/fmp-components.com\/wp-content\/uploads\/2024\/12\/Hydraulic-Press-Mobile-Workbench-Cylinder1-480x192.webp 480w\" sizes=\"(min-width: 0px) and (max-width: 480px) 480px, (min-width: 481px) 500px, 100vw\" \/><\/p>\n<table style=\"width: 97.2085%; height: 246px;\" border=\"1\" cellspacing=\"0\" cellpadding=\"0\">\n<tbody>\n<tr>\n<td>Nome del prodotto<\/td>\n<td>Cilindro mobile per banco di lavoro con pressa idraulica<\/td>\n<\/tr>\n<tr>\n<td>Caratteristiche:<\/td>\n<td>Guidare il banco da lavoro per muoversi<\/td>\n<\/tr>\n<tr>\n<td>Diametro del foro:<\/td>\n<td>125mm\uff5e320mm<\/td>\n<\/tr>\n<tr>\n<td>Diametro dell&#039;asta:<\/td>\n<td>90mm\uff5e220mm<br \/>\nCorsa \u22647500mm<\/td>\n<\/tr>\n<tr>\n<td>Forza di spinta:<\/td>\n<td>Massimo 2533KN<br \/>\n(Diametro cilindro 320mm\/pressione 31,5MPa)<\/td>\n<\/tr>\n<tr>\n<td>Applicazioni del cilindro del banco da lavoro mobile:<\/td>\n<td>Pressa idraulica<\/td>\n<\/tr>\n<\/tbody>\n<\/table>\n<h2>Cilindro di serraggio della pressa idraulica<\/h2>\n<p><img loading=\"lazy\" decoding=\"async\" class=\"size-full wp-image-590 aligncenter\" src=\"https:\/\/fmp-components.com\/wp-content\/uploads\/2024\/12\/Hydraulic-Press-Clamping-Cylinder1.webp\" alt=\"Cilindro di serraggio della pressa idraulica\" width=\"500\" height=\"200\" title=\"\" srcset=\"https:\/\/fmp-components.com\/wp-content\/uploads\/2024\/12\/Hydraulic-Press-Clamping-Cylinder1.webp 500w, https:\/\/fmp-components.com\/wp-content\/uploads\/2024\/12\/Hydraulic-Press-Clamping-Cylinder1-480x192.webp 480w\" sizes=\"(min-width: 0px) and (max-width: 480px) 480px, (min-width: 481px) 500px, 100vw\" \/><\/p>\n<table style=\"width: 94.5324%; height: 230px;\" border=\"1\" cellspacing=\"0\" cellpadding=\"0\">\n<tbody>\n<tr>\n<td>Nome del prodotto<\/td>\n<td>Cilindro di serraggio della pressa idraulica<\/td>\n<\/tr>\n<tr>\n<td>Caratteristiche:<\/td>\n<td>Stringere la testa del morsetto che trattiene il lingotto o la billetta di acciaio<\/td>\n<\/tr>\n<tr>\n<td>Diametro del foro:<\/td>\n<td>125mm\uff5e700mm<\/td>\n<\/tr>\n<tr>\n<td>Diametro dell&#039;asta:<\/td>\n<td>80mm\uff5e520mm<br \/>\nCorsa \u22641200mm<\/td>\n<\/tr>\n<tr>\n<td>Forza di spinta:<\/td>\n<td>Massimo 9621KN<br \/>\n(Diametro cilindro 700mm\/pressione 25MPa)<\/td>\n<\/tr>\n<tr>\n<td>\u00a0Applicazioni del cilindro di serraggio:<\/td>\n<td>Pressa idraulica<\/td>\n<\/tr>\n<\/tbody>\n<\/table>\n<h2>Cilindro di cuscino della pressa idraulica<\/h2>\n<p><img loading=\"lazy\" decoding=\"async\" class=\"size-full wp-image-591 aligncenter\" src=\"https:\/\/fmp-components.com\/wp-content\/uploads\/2024\/12\/Hydraulic-Press-Cushion-Cylinder1.webp\" alt=\"Cilindro di cuscino della pressa idraulica\" width=\"500\" height=\"200\" title=\"\" srcset=\"https:\/\/fmp-components.com\/wp-content\/uploads\/2024\/12\/Hydraulic-Press-Cushion-Cylinder1.webp 500w, https:\/\/fmp-components.com\/wp-content\/uploads\/2024\/12\/Hydraulic-Press-Cushion-Cylinder1-480x192.webp 480w\" sizes=\"(min-width: 0px) and (max-width: 480px) 480px, (min-width: 481px) 500px, 100vw\" \/><\/p>\n<table style=\"width: 98.7377%; height: 264px;\" border=\"1\" cellspacing=\"0\" cellpadding=\"0\">\n<tbody>\n<tr>\n<td>Nome del prodotto<\/td>\n<td>Cilindro di cuscino della pressa idraulica<\/td>\n<\/tr>\n<tr>\n<td>Caratteristiche:<\/td>\n<td>Assorbire lo spostamento\/vibrazione degli urti della forgiatura<\/td>\n<\/tr>\n<tr>\n<td>Diametro del foro:<\/td>\n<td>75mm\uff5e300mm<\/td>\n<\/tr>\n<tr>\n<td>Diametro dell&#039;asta:<\/td>\n<td>\u00a050mm\uff5e180mm<br \/>\nCorsa \u2264500mm<\/td>\n<\/tr>\n<tr>\n<td>Forza di spinta:<\/td>\n<td>Massimo 1130KN<br \/>\n(Diametro cilindro 300mm\/pressione 25MPa)<\/td>\n<\/tr>\n<tr>\n<td>Applicazioni del cilindro ammortizzante:<\/td>\n<td>Pressa idraulica<\/td>\n<\/tr>\n<\/tbody>\n<\/table>\n<h2>Cilindro di centraggio della pressa idraulica<\/h2>\n<p><img loading=\"lazy\" decoding=\"async\" class=\"size-full wp-image-589 aligncenter\" src=\"https:\/\/fmp-components.com\/wp-content\/uploads\/2024\/12\/Hydraulic-Press-Centering-Cylinder1.webp\" alt=\"Cilindro di centraggio della pressa idraulica\" width=\"500\" height=\"200\" title=\"\" srcset=\"https:\/\/fmp-components.com\/wp-content\/uploads\/2024\/12\/Hydraulic-Press-Centering-Cylinder1.webp 500w, https:\/\/fmp-components.com\/wp-content\/uploads\/2024\/12\/Hydraulic-Press-Centering-Cylinder1-480x192.webp 480w\" sizes=\"(min-width: 0px) and (max-width: 480px) 480px, (min-width: 481px) 500px, 100vw\" \/><\/p>\n<table style=\"width: 98.8953%; height: 305px;\" border=\"1\" cellspacing=\"0\" cellpadding=\"0\">\n<tbody>\n<tr style=\"height: 23px;\">\n<td style=\"height: 23px;\">Nome del prodotto<\/td>\n<td style=\"height: 23px;\">Cilindro di centraggio della pressa idraulica<\/td>\n<\/tr>\n<tr style=\"height: 47px;\">\n<td style=\"height: 47px;\">Caratteristiche:<\/td>\n<td style=\"height: 47px;\">Assicurare la posizione centrale della testa del morsetto<\/td>\n<\/tr>\n<tr style=\"height: 23px;\">\n<td style=\"height: 23px;\">Diametro del foro:<\/td>\n<td style=\"height: 23px;\">50mm\uff5e190mm<\/td>\n<\/tr>\n<tr style=\"height: 47px;\">\n<td style=\"height: 47px;\">Diametro dell&#039;asta:<\/td>\n<td style=\"height: 47px;\">35mm\uff5e150mm<br \/>\nCorsa \u22641200mm<\/td>\n<\/tr>\n<tr style=\"height: 47px;\">\n<td style=\"height: 47px;\">Forza di spinta:<\/td>\n<td style=\"height: 47px;\">Massimo 441KN<br \/>\n(Diametro cilindro 190mm\/pressione 25MPa)<\/td>\n<\/tr>\n<tr style=\"height: 47px;\">\n<td style=\"height: 47px;\">Applicazioni del cilindro di centraggio:<\/td>\n<td style=\"height: 47px;\">Pressa idraulica<\/td>\n<\/tr>\n<\/tbody>\n<\/table>\n<h2>Cilindro di spostamento laterale anteriore della pressa idraulica<\/h2>\n<p><img loading=\"lazy\" decoding=\"async\" class=\"size-full wp-image-593 aligncenter\" src=\"https:\/\/fmp-components.com\/wp-content\/uploads\/2024\/12\/Hydraulic-Press-Front-Side-Shift-Cylinder1.webp\" alt=\"Cilindro di spostamento laterale anteriore della pressa idraulica\" width=\"500\" height=\"200\" title=\"\" srcset=\"https:\/\/fmp-components.com\/wp-content\/uploads\/2024\/12\/Hydraulic-Press-Front-Side-Shift-Cylinder1.webp 500w, https:\/\/fmp-components.com\/wp-content\/uploads\/2024\/12\/Hydraulic-Press-Front-Side-Shift-Cylinder1-480x192.webp 480w\" sizes=\"(min-width: 0px) and (max-width: 480px) 480px, (min-width: 481px) 500px, 100vw\" \/><\/p>\n<table style=\"width: 97.2921%; height: 221px;\" border=\"1\" cellspacing=\"0\" cellpadding=\"0\">\n<tbody>\n<tr>\n<td>Nome del prodotto<\/td>\n<td>Cilindro di spostamento laterale anteriore della pressa idraulica<\/td>\n<\/tr>\n<tr>\n<td>Caratteristiche:<\/td>\n<td>Spostare il pezzo grezzo o il pezzo in lavorazione orizzontalmente<\/td>\n<\/tr>\n<tr>\n<td>Stantuffo:<\/td>\n<td>80mm\uff5e240mm<br \/>\nCorsa \u2264300 mm<\/td>\n<\/tr>\n<tr>\n<td>Forza di spinta:<\/td>\n<td>Massimo 1130KN<br \/>\n(Pistone 240mm\/pressione 25MPa)<\/td>\n<\/tr>\n<tr>\n<td>Applicazioni del cilindro di spostamento laterale anteriore:<\/td>\n<td>Pressa idraulica<\/td>\n<\/tr>\n<\/tbody>\n<\/table>\n<h2>Cilindro di spostamento laterale posteriore della pressa idraulica<\/h2>\n<p><img loading=\"lazy\" decoding=\"async\" class=\"size-full wp-image-598 aligncenter\" src=\"https:\/\/fmp-components.com\/wp-content\/uploads\/2024\/12\/Hydraulic-Press-Rear-Side-Shift-Cylinder1.webp\" alt=\"Cilindro di spostamento laterale posteriore della pressa idraulica\" width=\"500\" height=\"200\" title=\"\" srcset=\"https:\/\/fmp-components.com\/wp-content\/uploads\/2024\/12\/Hydraulic-Press-Rear-Side-Shift-Cylinder1.webp 500w, https:\/\/fmp-components.com\/wp-content\/uploads\/2024\/12\/Hydraulic-Press-Rear-Side-Shift-Cylinder1-480x192.webp 480w\" sizes=\"(min-width: 0px) and (max-width: 480px) 480px, (min-width: 481px) 500px, 100vw\" \/><\/p>\n<table style=\"width: 98.0387%; height: 230px;\" border=\"1\" cellspacing=\"0\" cellpadding=\"0\">\n<tbody>\n<tr>\n<td>Nome del prodotto<\/td>\n<td>Cilindro di spostamento laterale posteriore della pressa idraulica<\/td>\n<\/tr>\n<tr>\n<td>Caratteristiche:<\/td>\n<td>Collaborare per realizzare il sollevamento della testa di serraggio del manipolatore<\/td>\n<\/tr>\n<tr>\n<td>Stantuffo:<\/td>\n<td>70mm\uff5e180mm<br \/>\nCorsa \u2264300 mm<\/td>\n<\/tr>\n<tr>\n<td>Forza di spinta:<\/td>\n<td>Massimo 636KN<br \/>\n(Pistone 180mm\/pressione 25MPa)<\/td>\n<\/tr>\n<tr>\n<td>Applicazioni del cilindro di spostamento laterale posteriore:<\/td>\n<td>Pressa idraulica<\/td>\n<\/tr>\n<\/tbody>\n<\/table>\n<h3>Informazioni su FMP<\/h3>\n<p>FMP \u00e8 un&#039;azienda specializzata nella produzione meccanica dedicata alla produzione di cilindri idraulici. Sin dalla sua fondazione, l&#039;azienda si \u00e8 concentrata sulla ricerca e sulla produzione di tecnologia idraulica, passando con successo da una gamma di prodotti diversificata che includeva macchinari per la raccolta e l&#039;edilizia alla specializzazione in componenti per trattori agricoli. Con oltre un decennio di esperienza nella produzione e nella gestione, FMP garantisce prodotti di alta qualit\u00e0 attraverso tecniche di produzione avanzate.<\/p>\n<p>Con l&#039;evoluzione dell&#039;azienda, \u00e8 stata sviluppata una linea di produzione completa per lavorazioni meccaniche, una linea di assemblaggio e una linea di rivestimento. Il nostro team \u00e8 composto da personale dirigenziale qualificato, progettisti meccanici esperti e tecnici altamente qualificati che lavorano insieme per mantenere una qualit\u00e0 di produzione stabile, controllando efficacemente la continuit\u00e0 e l&#039;efficienza del processo.<\/p>\n<p>FMP sostiene la filosofia di &quot;Innovazione tecnologica che guida il progresso, qualit\u00e0 che crea marchi, artigianalit\u00e0 che garantisce la qualit\u00e0 e costruzione di relazioni win-win a lungo termine&quot;. Il nostro impegno nel fornire prodotti di alta qualit\u00e0 e un servizio clienti superiore rimane un obiettivo fondamentale mentre continuiamo a soddisfare le mutevoli esigenze del mercato.<\/p>\n<p><img loading=\"lazy\" decoding=\"async\" class=\"alignnone size-full wp-image-426\" src=\"https:\/\/fmp-components.com\/wp-content\/uploads\/2024\/12\/Sanitation-Machinery-Locking-Hydraulic-Cylinder-factory.webp\" sizes=\"(min-width: 0px) and (max-width: 480px) 480px, (min-width: 481px) and (max-width: 980px) 980px, (min-width: 981px) and (max-width: 1280px) 1280px, (min-width: 1281px) 1414px, 100vw\" srcset=\"https:\/\/fmp-components.com\/wp-content\/uploads\/2024\/12\/Sanitation-Machinery-Locking-Hydraulic-Cylinder-factory.webp 1414w, https:\/\/fmp-components.com\/wp-content\/uploads\/2024\/12\/Sanitation-Machinery-Locking-Hydraulic-Cylinder-factory-1280x529.webp 1280w, https:\/\/fmp-components.com\/wp-content\/uploads\/2024\/12\/Sanitation-Machinery-Locking-Hydraulic-Cylinder-factory-980x405.webp 980w, https:\/\/fmp-components.com\/wp-content\/uploads\/2024\/12\/Sanitation-Machinery-Locking-Hydraulic-Cylinder-factory-480x198.webp 480w\" alt=\"Fabbrica di cilindri idraulici di bloccaggio-macchine-igieniche\" width=\"1414\" height=\"584\" title=\"\"><\/p>\n<p>Autore: CX<\/p>","protected":false},"excerpt":{"rendered":"<p>Il cilindro idraulico per pressa \u00e8 un potente componente idraulico progettato per fornire una forza elevata per applicazioni di pressatura in vari settori industriali. Progettato per gestire carichi pesanti, questo cilindro \u00e8 fondamentale per attivit\u00e0 quali la formatura dei metalli, lo stampaggio della plastica e i processi di assemblaggio, in cui \u00e8 essenziale una pressione precisa. Realizzato con materiali ad alta resistenza, garantisce durata e affidabilit\u00e0 in ambienti difficili. Il funzionamento idraulico fluido consente movimenti controllati, consentendo risultati precisi durante le attivit\u00e0 di pressatura. Nel complesso, questo cilindro idraulico \u00e8 fondamentale per ottimizzare le prestazioni e l&#039;efficienza nelle applicazioni di pressatura, rendendolo indispensabile per un&#039;efficace modellatura e compressione dei materiali.<\/p>","protected":false},"featured_media":588,"comment_status":"open","ping_status":"closed","template":"","meta":{"_et_pb_use_builder":"","_et_pb_old_content":"","_et_gb_content_width":""},"product_brand":[],"product_cat":[27],"product_tag":[],"class_list":{"0":"post-587","1":"product","2":"type-product","3":"status-publish","4":"has-post-thumbnail","6":"product_cat-industrial-engineering-hydraulic-cylinders","8":"first","9":"instock","10":"shipping-taxable","11":"product-type-simple"},"_links":{"self":[{"href":"https:\/\/fmp-components.com\/it\/wp-json\/wp\/v2\/product\/587","targetHints":{"allow":["GET"]}}],"collection":[{"href":"https:\/\/fmp-components.com\/it\/wp-json\/wp\/v2\/product"}],"about":[{"href":"https:\/\/fmp-components.com\/it\/wp-json\/wp\/v2\/types\/product"}],"replies":[{"embeddable":true,"href":"https:\/\/fmp-components.com\/it\/wp-json\/wp\/v2\/comments?post=587"}],"wp:featuredmedia":[{"embeddable":true,"href":"https:\/\/fmp-components.com\/it\/wp-json\/wp\/v2\/media\/588"}],"wp:attachment":[{"href":"https:\/\/fmp-components.com\/it\/wp-json\/wp\/v2\/media?parent=587"}],"wp:term":[{"taxonomy":"product_brand","embeddable":true,"href":"https:\/\/fmp-components.com\/it\/wp-json\/wp\/v2\/product_brand?post=587"},{"taxonomy":"product_cat","embeddable":true,"href":"https:\/\/fmp-components.com\/it\/wp-json\/wp\/v2\/product_cat?post=587"},{"taxonomy":"product_tag","embeddable":true,"href":"https:\/\/fmp-components.com\/it\/wp-json\/wp\/v2\/product_tag?post=587"}],"curies":[{"name":"parola chiave","href":"https:\/\/api.w.org\/{rel}","templated":true}]}}