{"id":5256,"date":"2025-02-05T05:17:19","date_gmt":"2025-02-05T05:17:19","guid":{"rendered":"https:\/\/fmp-components.com\/?post_type=product&#038;p=5256"},"modified":"2025-02-05T06:13:06","modified_gmt":"2025-02-05T06:13:06","slug":"hand-or-electric-chain-hoist-sprocket-for-crane-lifting","status":"publish","type":"product","link":"https:\/\/fmp-components.com\/it\/product\/hand-or-electric-chain-hoist-sprocket-for-crane-lifting\/","title":{"rendered":"Pignone per paranco a catena manuale o elettrico per sollevamento gru"},"content":{"rendered":"<h2>Panoramica del prodotto Pignone per paranco a catena<\/h2>\n<p>La ruota dentata del paranco a catena \u00e8 progettata per essere facile da usare, trasportabile e sicura, il che la rende una scelta popolare tra gli utenti. Con il suo design innovativo e la sua funzionalit\u00e0 fluida, questa ruota dentata eccelle nelle applicazioni di sollevamento pesante. Ma cosa la distingue?<\/p>\n<p>La ruota dentata del paranco a catena \u00e8 costruita con componenti quali ganci, catene e altre parti che hanno un&#039;elevata capacit\u00e0 di carico, un&#039;eccellente tenacit\u00e0 e resistenza. Queste caratteristiche assicurano che la ruota dentata rimanga durevole e resistente alla rottura durante l&#039;uso, migliorando significativamente la sicurezza operativa. La costruzione robusta della ruota dentata consente di sollevare carichi pesanti in modo costante per lunghi periodi, migliorando l&#039;efficienza del lavoro e riducendo la necessit\u00e0 di manodopera manuale.<\/p>\n<p>Ampiamente utilizzato in settori quali l&#039;energia, i trasporti, la costruzione di ponti e il carbone, il pignone del paranco a catena offre vantaggi unici che contribuiscono a operazioni pi\u00f9 efficienti e sicure in vari campi, rendendolo uno strumento prezioso per migliorare la produttivit\u00e0.<\/p>\n<h3>Design della puleggia fissa migliorato<\/h3>\n<p>La ruota dentata del paranco a catena \u00e8 una versione avanzata della tradizionale puleggia fissa, che unisce le migliori caratteristiche della puleggia fissa con funzionalit\u00e0 aggiuntive. Integra un riduttore, un freno di controllo inverso e la ruota dentata del paranco a catena, il tutto all&#039;interno di un sistema di ingranaggi cilindrici secondari simmetrici. Questa configurazione \u00e8 semplice, durevole e altamente efficiente.<\/p>\n<p>Il funzionamento \u00e8 semplice: la catena manuale e la ruota della catena manuale vengono tirate per innestare il cricchetto della piastra di frizione e la sede del freno, facendoli girare insieme. Mentre l&#039;albero lungo un dente fa ruotare l&#039;ingranaggio della piastra, l&#039;albero a denti corti e l&#039;ingranaggio con foro scanalato seguono l&#039;esempio. Questa azione aziona la ruota della catena di sollevamento, che a sua volta sposta la catena di sollevamento per sollevare il carico pesante in modo costante. Inoltre, il meccanismo del freno unidirezionale, dotato di una piastra di frizione a cricchetto, garantisce una frenata automatica sotto carico. Il nottolino si innesta con il cricchetto sotto tensione della molla, consentendo al freno di funzionare in modo sicuro e protetto.<\/p>\n<p>La ruota dentata del paranco a catena \u00e8 progettata per garantire un sollevamento affidabile, efficiente e sicuro, il che la rende la scelta ideale per le attivit\u00e0 industriali pi\u00f9 impegnative.<\/p>\n<h3>Manutenzione della ruota dentata del paranco a catena manuale<\/h3>\n<p>La ruota dentata del paranco a catena manuale \u00e8 utilizzata principalmente per sollevare oggetti pesanti e installare attrezzature. Per garantire un funzionamento sicuro e regolare, \u00e8 necessario seguire i seguenti passaggi prima di iniziare qualsiasi attivit\u00e0 di sollevamento:<\/p>\n<ol>\n<li><strong>Controllare la capacit\u00e0 di carico<\/strong>: Assicurarsi che il peso dell&#039;oggetto sollevato rientri nella capacit\u00e0 di carico nominale del paranco manuale per evitare sovraccarichi.<\/li>\n<li><strong>Ispezionare l&#039;ambiente di lavoro<\/strong>: Verificare che l&#039;area di lavoro soddisfi i requisiti di sicurezza necessari. Stabilire una zona di sicurezza designata attorno all&#039;operazione di sollevamento per ridurre al minimo il rischio di incidenti.<\/li>\n<li><strong>Esaminare i componenti del paranco<\/strong>: Ispezionare il paranco a catena manuale, prestando particolare attenzione a eventuali segni di ruggine, usura o crepe nelle sue parti. Se si riscontrano problemi, interrompere immediatamente l&#039;operazione e sostituire o riparare i componenti danneggiati.<\/li>\n<li><strong>Fissare il carico<\/strong>: Assicurarsi che il carico sia correttamente fissato prima di sollevarlo per evitare che cada durante l&#039;operazione.<\/li>\n<\/ol>\n<p>Seguendo queste linee guida di manutenzione e sicurezza, \u00e8 possibile garantire la longevit\u00e0 della ruota dentata del paranco manuale, mantenendo al contempo un ambiente di lavoro sicuro.<\/p>\n<table style=\"width: 100%;\" border=\"1\" width=\"100%\" cellspacing=\"0\" cellpadding=\"0\">\n<tbody>\n<tr style=\"height: 14.40pt;\">\n<td style=\"height: 14.4pt; width: 26.5659%;\" width=\"166\" height=\"24\">Paranco a catena manuale<\/td>\n<td style=\"width: 26.5658%;\" width=\"187\">Paranco elettrico a catena<\/td>\n<td style=\"width: 23.2181%;\" width=\"123\">Paranco a leva<\/td>\n<td style=\"width: 23.4341%;\" width=\"80\">Carrello porta attrezzi<\/td>\n<\/tr>\n<tr style=\"height: 14.40pt;\">\n<td style=\"height: 14.4pt; width: 26.5659%;\" align=\"right\" height=\"24\"><img loading=\"lazy\" decoding=\"async\" class=\"alignnone size-full wp-image-5267\" src=\"https:\/\/fmp-components.com\/wp-content\/uploads\/2025\/02\/fmp_cast-sprocket-4.webp\" alt=\"fmp_cast-pignone\" width=\"300\" height=\"300\" title=\"\" srcset=\"https:\/\/fmp-components.com\/wp-content\/uploads\/2025\/02\/fmp_cast-sprocket-4.webp 300w, https:\/\/fmp-components.com\/wp-content\/uploads\/2025\/02\/fmp_cast-sprocket-4-150x150.webp 150w, https:\/\/fmp-components.com\/wp-content\/uploads\/2025\/02\/fmp_cast-sprocket-4-12x12.webp 12w, https:\/\/fmp-components.com\/wp-content\/uploads\/2025\/02\/fmp_cast-sprocket-4-100x100.webp 100w\" sizes=\"(max-width: 300px) 100vw, 300px\" \/><\/td>\n<td style=\"width: 26.5658%;\" align=\"right\"><img loading=\"lazy\" decoding=\"async\" class=\"alignnone size-full wp-image-5259\" src=\"https:\/\/fmp-components.com\/wp-content\/uploads\/2025\/02\/fmp_cast-sprocket-7.webp\" alt=\"fmp_cast-pignone\" width=\"300\" height=\"300\" title=\"\" srcset=\"https:\/\/fmp-components.com\/wp-content\/uploads\/2025\/02\/fmp_cast-sprocket-7.webp 300w, https:\/\/fmp-components.com\/wp-content\/uploads\/2025\/02\/fmp_cast-sprocket-7-150x150.webp 150w, https:\/\/fmp-components.com\/wp-content\/uploads\/2025\/02\/fmp_cast-sprocket-7-12x12.webp 12w, https:\/\/fmp-components.com\/wp-content\/uploads\/2025\/02\/fmp_cast-sprocket-7-100x100.webp 100w\" sizes=\"(max-width: 300px) 100vw, 300px\" \/><\/td>\n<td style=\"width: 23.2181%;\" align=\"right\"><img loading=\"lazy\" decoding=\"async\" class=\"alignnone size-full wp-image-5260\" src=\"https:\/\/fmp-components.com\/wp-content\/uploads\/2025\/02\/fmp_cast-sprocket-9.webp\" alt=\"fmp_cast-pignone\" width=\"300\" height=\"300\" title=\"\" srcset=\"https:\/\/fmp-components.com\/wp-content\/uploads\/2025\/02\/fmp_cast-sprocket-9.webp 300w, https:\/\/fmp-components.com\/wp-content\/uploads\/2025\/02\/fmp_cast-sprocket-9-150x150.webp 150w, https:\/\/fmp-components.com\/wp-content\/uploads\/2025\/02\/fmp_cast-sprocket-9-12x12.webp 12w, https:\/\/fmp-components.com\/wp-content\/uploads\/2025\/02\/fmp_cast-sprocket-9-100x100.webp 100w\" sizes=\"(max-width: 300px) 100vw, 300px\" \/><\/td>\n<td style=\"width: 23.4341%;\" align=\"right\"><img loading=\"lazy\" decoding=\"async\" class=\"alignnone size-full wp-image-5266\" src=\"https:\/\/fmp-components.com\/wp-content\/uploads\/2025\/02\/fmp_cast-sprocket-101.webp\" alt=\"fmp_cast-pignone\" width=\"225\" height=\"225\" title=\"\" srcset=\"https:\/\/fmp-components.com\/wp-content\/uploads\/2025\/02\/fmp_cast-sprocket-101.webp 225w, https:\/\/fmp-components.com\/wp-content\/uploads\/2025\/02\/fmp_cast-sprocket-101-150x150.webp 150w, https:\/\/fmp-components.com\/wp-content\/uploads\/2025\/02\/fmp_cast-sprocket-101-12x12.webp 12w, https:\/\/fmp-components.com\/wp-content\/uploads\/2025\/02\/fmp_cast-sprocket-101-100x100.webp 100w\" sizes=\"(max-width: 225px) 100vw, 225px\" \/><\/td>\n<\/tr>\n<tr style=\"height: 14.40pt;\">\n<td style=\"height: 14.4pt; width: 26.5659%;\" align=\"right\" height=\"24\"><img loading=\"lazy\" decoding=\"async\" class=\"alignnone size-full wp-image-5262\" src=\"https:\/\/fmp-components.com\/wp-content\/uploads\/2025\/02\/fmp_cast-sprocket-6.webp\" alt=\"fmp_cast-pignone-\" width=\"300\" height=\"300\" title=\"\" srcset=\"https:\/\/fmp-components.com\/wp-content\/uploads\/2025\/02\/fmp_cast-sprocket-6.webp 300w, https:\/\/fmp-components.com\/wp-content\/uploads\/2025\/02\/fmp_cast-sprocket-6-150x150.webp 150w, https:\/\/fmp-components.com\/wp-content\/uploads\/2025\/02\/fmp_cast-sprocket-6-12x12.webp 12w, https:\/\/fmp-components.com\/wp-content\/uploads\/2025\/02\/fmp_cast-sprocket-6-100x100.webp 100w\" sizes=\"(max-width: 300px) 100vw, 300px\" \/><\/td>\n<td style=\"width: 26.5658%;\" align=\"right\"><img loading=\"lazy\" decoding=\"async\" class=\"alignnone size-full wp-image-5263\" src=\"https:\/\/fmp-components.com\/wp-content\/uploads\/2025\/02\/fmp_cast-sprocket-8.webp\" alt=\"fmp_cast-pignone\" width=\"300\" height=\"300\" title=\"\" srcset=\"https:\/\/fmp-components.com\/wp-content\/uploads\/2025\/02\/fmp_cast-sprocket-8.webp 300w, https:\/\/fmp-components.com\/wp-content\/uploads\/2025\/02\/fmp_cast-sprocket-8-150x150.webp 150w, https:\/\/fmp-components.com\/wp-content\/uploads\/2025\/02\/fmp_cast-sprocket-8-12x12.webp 12w, https:\/\/fmp-components.com\/wp-content\/uploads\/2025\/02\/fmp_cast-sprocket-8-100x100.webp 100w\" sizes=\"(max-width: 300px) 100vw, 300px\" \/><\/td>\n<td style=\"width: 23.2181%;\" align=\"right\"><img loading=\"lazy\" decoding=\"async\" class=\"alignnone size-full wp-image-5264\" src=\"https:\/\/fmp-components.com\/wp-content\/uploads\/2025\/02\/fmp_cast-sprocket-81.webp\" alt=\"fmp_cast-pignone\" width=\"347\" height=\"347\" title=\"\" srcset=\"https:\/\/fmp-components.com\/wp-content\/uploads\/2025\/02\/fmp_cast-sprocket-81.webp 347w, https:\/\/fmp-components.com\/wp-content\/uploads\/2025\/02\/fmp_cast-sprocket-81-300x300.webp 300w, https:\/\/fmp-components.com\/wp-content\/uploads\/2025\/02\/fmp_cast-sprocket-81-150x150.webp 150w, https:\/\/fmp-components.com\/wp-content\/uploads\/2025\/02\/fmp_cast-sprocket-81-12x12.webp 12w, https:\/\/fmp-components.com\/wp-content\/uploads\/2025\/02\/fmp_cast-sprocket-81-100x100.webp 100w\" sizes=\"(max-width: 347px) 100vw, 347px\" \/><\/td>\n<td style=\"width: 23.4341%;\" align=\"right\"><img loading=\"lazy\" decoding=\"async\" class=\"alignnone size-full wp-image-5265\" src=\"https:\/\/fmp-components.com\/wp-content\/uploads\/2025\/02\/fmp_cast-sprocket-11.webp\" alt=\"fmp_cast-pignone\" width=\"300\" height=\"300\" title=\"\" srcset=\"https:\/\/fmp-components.com\/wp-content\/uploads\/2025\/02\/fmp_cast-sprocket-11.webp 300w, https:\/\/fmp-components.com\/wp-content\/uploads\/2025\/02\/fmp_cast-sprocket-11-150x150.webp 150w, https:\/\/fmp-components.com\/wp-content\/uploads\/2025\/02\/fmp_cast-sprocket-11-12x12.webp 12w, https:\/\/fmp-components.com\/wp-content\/uploads\/2025\/02\/fmp_cast-sprocket-11-100x100.webp 100w\" sizes=\"(max-width: 300px) 100vw, 300px\" \/><\/td>\n<\/tr>\n<\/tbody>\n<\/table>\n<h3>Pignone del paranco a catena in altri materiali<\/h3>\n<table style=\"width: 100%;\" border=\"1\" width=\"100%\" cellspacing=\"0\" cellpadding=\"0\">\n<tbody>\n<tr style=\"height: 14.40pt;\">\n<td style=\"height: 14.4pt; width: 49.0281%; text-align: center;\" align=\"right\" width=\"166\" height=\"24\">Pignone per paranco a catena in plastica<\/td>\n<td style=\"width: 50.7559%; text-align: center;\" align=\"right\" width=\"187\">Pignone per paranco a catena in acciaio inossidabile<\/td>\n<\/tr>\n<tr style=\"height: 14.40pt;\">\n<td class=\"et2\" style=\"height: 14.4pt; width: 49.0281%;\" height=\"24\"><img loading=\"lazy\" decoding=\"async\" class=\"alignnone wp-image-5268\" src=\"https:\/\/fmp-components.com\/wp-content\/uploads\/2025\/02\/fmp_plastic-sprocket-11.webp\" alt=\"fmp_pignone-plastica\" width=\"447\" height=\"447\" title=\"\" srcset=\"https:\/\/fmp-components.com\/wp-content\/uploads\/2025\/02\/fmp_plastic-sprocket-11.webp 300w, https:\/\/fmp-components.com\/wp-content\/uploads\/2025\/02\/fmp_plastic-sprocket-11-150x150.webp 150w, https:\/\/fmp-components.com\/wp-content\/uploads\/2025\/02\/fmp_plastic-sprocket-11-12x12.webp 12w, https:\/\/fmp-components.com\/wp-content\/uploads\/2025\/02\/fmp_plastic-sprocket-11-100x100.webp 100w\" sizes=\"(max-width: 447px) 100vw, 447px\" \/><\/td>\n<td class=\"et2\" style=\"width: 50.7559%;\"><img loading=\"lazy\" decoding=\"async\" class=\"alignnone wp-image-5269\" src=\"https:\/\/fmp-components.com\/wp-content\/uploads\/2025\/02\/fmp_plastic-sprocket-12.webp\" alt=\"fmp_pignone-plastica\" width=\"486\" height=\"486\" title=\"\" srcset=\"https:\/\/fmp-components.com\/wp-content\/uploads\/2025\/02\/fmp_plastic-sprocket-12.webp 300w, https:\/\/fmp-components.com\/wp-content\/uploads\/2025\/02\/fmp_plastic-sprocket-12-150x150.webp 150w, https:\/\/fmp-components.com\/wp-content\/uploads\/2025\/02\/fmp_plastic-sprocket-12-12x12.webp 12w, https:\/\/fmp-components.com\/wp-content\/uploads\/2025\/02\/fmp_plastic-sprocket-12-100x100.webp 100w\" sizes=\"(max-width: 486px) 100vw, 486px\" \/><\/td>\n<\/tr>\n<\/tbody>\n<\/table>\n<h2>Informazioni su FMP<\/h2>\n<p>In FMP, siamo orgogliosi di essere un produttore leader di pignoni di alta qualit\u00e0, prodotti nel nostro stabilimento avanzato in Italia. Offriamo una vasta gamma di pignoni progettati per soddisfare le esigenze uniche di vari settori. Che tu stia cercando pignoni con foro finito, pignoni folli, pignoni con bloccaggio conico o pignoni per trasportatori, realizziamo ogni prodotto con precisione e durata per garantire prestazioni ottimali. La nostra selezione include pignoni in acciaio inossidabile, plastica e acciaio, nonch\u00e9 modelli specializzati come pignoni a doppio passo e a doppia fila, consentendoci di fornire la soluzione ideale per qualsiasi applicazione.<\/p>\n<p>Ci\u00f2 che distingue FMP \u00e8 la nostra dedizione alla personalizzazione. Riconosciamo che ogni progetto ha i suoi requisiti specifici, motivo per cui offriamo soluzioni di pignoni su misura, adattate alle tue esigenze specifiche. Che tu richieda un design personalizzato o abbia esigenze tecniche specializzate, il nostro team di esperti \u00e8 pronto a fornire soluzioni precise, affidabili e ad alte prestazioni.<\/p>\n<p>Ci impegniamo per l&#039;eccellenza sia nell&#039;ingegneria che nella produzione, assicurandoci che ogni pignone che produciamo soddisfi i pi\u00f9 elevati standard di qualit\u00e0 e sia costruito per durare. Se hai domande o hai bisogno di una soluzione personalizzata per pignone, non esitare a contattarci. Il nostro team \u00e8 qui per fornirti una guida esperta e risposte tempestive per garantire la tua completa soddisfazione. Contattaci semplicemente via e-mail e ti risponderemo il prima possibile.<\/p>\n<p><img loading=\"lazy\" decoding=\"async\" class=\"alignnone size-full wp-image-5246\" src=\"https:\/\/fmp-components.com\/wp-content\/uploads\/2025\/02\/fmp-cast-sprocket-1.webp\" alt=\"fmp-pignone-fuso\" width=\"2492\" height=\"1179\" title=\"\" srcset=\"https:\/\/fmp-components.com\/wp-content\/uploads\/2025\/02\/fmp-cast-sprocket-1.webp 2492w, https:\/\/fmp-components.com\/wp-content\/uploads\/2025\/02\/fmp-cast-sprocket-1-1280x606.webp 1280w, https:\/\/fmp-components.com\/wp-content\/uploads\/2025\/02\/fmp-cast-sprocket-1-980x464.webp 980w, https:\/\/fmp-components.com\/wp-content\/uploads\/2025\/02\/fmp-cast-sprocket-1-480x227.webp 480w\" sizes=\"(min-width: 0px) and (max-width: 480px) 480px, (min-width: 481px) and (max-width: 980px) 980px, (min-width: 981px) and (max-width: 1280px) 1280px, (min-width: 1281px) 2492px, 100vw\" \/><\/p>","protected":false},"excerpt":{"rendered":"<p>Chain Hoist Sprocket Product Overview The chain hoist sprocket is designed for ease of operation, portability, and safety, making it a popular choice among users. With its innovative design and smooth functionality, this sprocket excels in heavy lifting applications. But what sets it apart? The chain hoist sprocket is built with components such as hooks, [&hellip;]<\/p>","protected":false},"featured_media":5257,"comment_status":"open","ping_status":"closed","template":"","meta":{"_et_pb_use_builder":"","_et_pb_old_content":"","_et_gb_content_width":""},"product_brand":[],"product_cat":[99],"product_tag":[],"class_list":{"0":"post-5256","1":"product","2":"type-product","3":"status-publish","4":"has-post-thumbnail","6":"product_cat-specialty-sprockets","8":"first","9":"instock","10":"shipping-taxable","11":"product-type-simple"},"_links":{"self":[{"href":"https:\/\/fmp-components.com\/it\/wp-json\/wp\/v2\/product\/5256","targetHints":{"allow":["GET"]}}],"collection":[{"href":"https:\/\/fmp-components.com\/it\/wp-json\/wp\/v2\/product"}],"about":[{"href":"https:\/\/fmp-components.com\/it\/wp-json\/wp\/v2\/types\/product"}],"replies":[{"embeddable":true,"href":"https:\/\/fmp-components.com\/it\/wp-json\/wp\/v2\/comments?post=5256"}],"wp:featuredmedia":[{"embeddable":true,"href":"https:\/\/fmp-components.com\/it\/wp-json\/wp\/v2\/media\/5257"}],"wp:attachment":[{"href":"https:\/\/fmp-components.com\/it\/wp-json\/wp\/v2\/media?parent=5256"}],"wp:term":[{"taxonomy":"product_brand","embeddable":true,"href":"https:\/\/fmp-components.com\/it\/wp-json\/wp\/v2\/product_brand?post=5256"},{"taxonomy":"product_cat","embeddable":true,"href":"https:\/\/fmp-components.com\/it\/wp-json\/wp\/v2\/product_cat?post=5256"},{"taxonomy":"product_tag","embeddable":true,"href":"https:\/\/fmp-components.com\/it\/wp-json\/wp\/v2\/product_tag?post=5256"}],"curies":[{"name":"parola chiave","href":"https:\/\/api.w.org\/{rel}","templated":true}]}}