{"id":5245,"date":"2025-02-05T03:47:45","date_gmt":"2025-02-05T03:47:45","guid":{"rendered":"https:\/\/fmp-components.com\/?post_type=product&#038;p=5245"},"modified":"2025-02-05T03:47:46","modified_gmt":"2025-02-05T03:47:46","slug":"bucket-elevator-sprocket","status":"publish","type":"product","link":"https:\/\/fmp-components.com\/it\/product\/bucket-elevator-sprocket\/","title":{"rendered":"Pignone dell&#039;elevatore a tazze"},"content":{"rendered":"<h2>Pignone dell&#039;elevatore a tazze<\/h2>\n<p>L&#039;elevatore a tazze \u00e8 progettato per trasportare in modo efficiente i materiali da quote pi\u00f9 basse a quote pi\u00f9 elevate. <img loading=\"lazy\" decoding=\"async\" class=\"size-full wp-image-5248 alignright\" src=\"https:\/\/fmp-components.com\/wp-content\/uploads\/2025\/02\/fmp_cast-sprocket-16.webp\" alt=\"fmp_cast-pignone\" width=\"538\" height=\"522\" title=\"\" srcset=\"https:\/\/fmp-components.com\/wp-content\/uploads\/2025\/02\/fmp_cast-sprocket-16.webp 538w, https:\/\/fmp-components.com\/wp-content\/uploads\/2025\/02\/fmp_cast-sprocket-16-480x466.webp 480w\" sizes=\"(min-width: 0px) and (max-width: 480px) 480px, (min-width: 481px) 538px, 100vw\" \/>Dopo che i materiali sono stati inseriti nella tramoggia tramite un tavolo vibrante, la macchina funziona automaticamente e in modo continuo, sollevando i materiali verso l&#039;alto. La velocit\u00e0 del trasportatore pu\u00f2 essere regolata in base al volume di trasporto richiesto e l&#039;altezza di sollevamento pu\u00f2 essere personalizzata per soddisfare esigenze specifiche.<\/p>\n<p>Il nostro elevatore a tazze \u00e8 dotato di una tramoggia in PP non tossica autoprogettata, che ne amplia l&#039;applicazione in vari settori. La tramoggia \u00e8 progettata con cura per prestazioni ottimali, garantendo durata e movimentazione sicura dei materiali. Tutte le dimensioni del sistema sono personalizzate per soddisfare i requisiti specifici dell&#039;applicazione.<\/p>\n<p>Questo elevatore a tazze \u00e8 ideale per supportare macchine confezionatrici verticali e sistemi di dosaggio computerizzati. \u00c8 ampiamente utilizzato nel sollevamento e nell&#039;alimentazione di prodotti quali alimenti, prodotti farmaceutici, prodotti chimici industriali, viti, dadi e altri articoli. Il funzionamento della macchina pu\u00f2 essere controllato automaticamente tramite il riconoscimento del segnale dalla macchina confezionatrice collegata, consentendo una funzionalit\u00e0 di avvio e arresto senza interruzioni.<\/p>\n<p>Grazie al suo design flessibile e ai componenti di alta qualit\u00e0, il nostro elevatore a tazze \u00e8 una soluzione affidabile per un trasporto verticale efficiente in diversi settori.<\/p>\n<h2>Principio di funzionamento dell&#039;elevatore a tazze<\/h2>\n<p>L&#039;elevatore a tazze funziona utilizzando una serie di tramogge per raccogliere i materiali da un&#039;area di stoccaggio inferiore. Quando il nastro trasportatore o la catena viene sollevato, passa sopra la ruota superiore, quindi scende per scaricare i materiali in un serbatoio di ricezione. Questo processo consente all&#039;elevatore a tazze di trasportare i materiali verticalmente in un movimento continuo.<\/p>\n<p><img loading=\"lazy\" decoding=\"async\" class=\"size-full wp-image-5247 alignleft\" src=\"https:\/\/fmp-components.com\/wp-content\/uploads\/2025\/02\/fmp_cast-sprocket-15.webp\" alt=\"fmp_cast-pignone\" width=\"526\" height=\"435\" title=\"\" srcset=\"https:\/\/fmp-components.com\/wp-content\/uploads\/2025\/02\/fmp_cast-sprocket-15.webp 526w, https:\/\/fmp-components.com\/wp-content\/uploads\/2025\/02\/fmp_cast-sprocket-15-480x397.webp 480w\" sizes=\"(min-width: 0px) and (max-width: 480px) 480px, (min-width: 481px) 526px, 100vw\" \/>Nella maggior parte degli elevatori a tazze, il sistema di azionamento \u00e8 alimentato da una cinghia di gomma, installata sia sui tamburi di azionamento inferiore che superiore, nonch\u00e9 sui tamburi di sterzo superiore e inferiore. In alternativa, gli elevatori a tazze azionati a catena sono dotati di due catene di trasmissione parallele. Queste catene funzionano insieme a una coppia di ruote dentate di trasmissione nella parte superiore o inferiore, insieme a ruote dentate di sterzo situate all&#039;estremit\u00e0 opposta.<\/p>\n<p>Per garantire un funzionamento efficiente e pulito, gli elevatori a tazze sono solitamente racchiusi in involucri, che aiutano a impedire la fuoriuscita di polvere durante il trasporto del materiale.<\/p>\n<p>Gli elevatori a tazze sono ideali per il trasporto verticale di materiali. Una volta che i materiali sono stati posizionati nella tramoggia tramite un tavolo vibrante, il sistema funziona automaticamente e ininterrottamente per sollevare i materiali all&#039;altezza desiderata, garantendo una movimentazione affidabile ed efficiente dei materiali.<\/p>\n<h2>Informazioni su FMP<\/h2>\n<p>In FMP, siamo orgogliosi di essere un produttore leader di pignoni di alta qualit\u00e0, prodotti nel nostro stabilimento avanzato in Italia. Offriamo una vasta gamma di pignoni progettati per soddisfare le esigenze uniche di vari settori. Che tu stia cercando pignoni con foro finito, pignoni folli, pignoni con bloccaggio conico o pignoni per trasportatori, realizziamo ogni prodotto con precisione e durata per garantire prestazioni ottimali. La nostra selezione include pignoni in acciaio inossidabile, plastica e acciaio, nonch\u00e9 modelli specializzati come pignoni a doppio passo e a doppia fila, consentendoci di fornire la soluzione ideale per qualsiasi applicazione.<\/p>\n<p>Ci\u00f2 che distingue FMP \u00e8 la nostra dedizione alla personalizzazione. Riconosciamo che ogni progetto ha i suoi requisiti specifici, motivo per cui offriamo soluzioni di pignoni su misura, adattate alle tue esigenze specifiche. Che tu richieda un design personalizzato o abbia esigenze tecniche specializzate, il nostro team di esperti \u00e8 pronto a fornire soluzioni precise, affidabili e ad alte prestazioni.<\/p>\n<p>Ci impegniamo per l&#039;eccellenza sia nell&#039;ingegneria che nella produzione, assicurandoci che ogni pignone che produciamo soddisfi i pi\u00f9 elevati standard di qualit\u00e0 e sia costruito per durare. Se hai domande o hai bisogno di una soluzione personalizzata per pignone, non esitare a contattarci. Il nostro team \u00e8 qui per fornirti una guida esperta e risposte tempestive per garantire la tua completa soddisfazione. Contattaci semplicemente via e-mail e ti risponderemo il prima possibile.<\/p>\n<p><img loading=\"lazy\" decoding=\"async\" class=\"alignnone size-full wp-image-5246\" src=\"https:\/\/fmp-components.com\/wp-content\/uploads\/2025\/02\/fmp-cast-sprocket-1.webp\" alt=\"fmp-pignone-fuso\" width=\"2492\" height=\"1179\" title=\"\" srcset=\"https:\/\/fmp-components.com\/wp-content\/uploads\/2025\/02\/fmp-cast-sprocket-1.webp 2492w, https:\/\/fmp-components.com\/wp-content\/uploads\/2025\/02\/fmp-cast-sprocket-1-1280x606.webp 1280w, https:\/\/fmp-components.com\/wp-content\/uploads\/2025\/02\/fmp-cast-sprocket-1-980x464.webp 980w, https:\/\/fmp-components.com\/wp-content\/uploads\/2025\/02\/fmp-cast-sprocket-1-480x227.webp 480w\" sizes=\"(min-width: 0px) and (max-width: 480px) 480px, (min-width: 481px) and (max-width: 980px) 980px, (min-width: 981px) and (max-width: 1280px) 1280px, (min-width: 1281px) 2492px, 100vw\" \/><\/p>","protected":false},"excerpt":{"rendered":"<p>Bucket Elevator Sprocket The bucket elevator is designed to efficiently transport materials from lower to higher elevations. After materials are placed into the hopper via a vibration table, the machine operates automatically and continuously, lifting the materials upward. The speed of the conveyor can be adjusted based on the required transport volume, and the lifting [&hellip;]<\/p>","protected":false},"featured_media":5249,"comment_status":"open","ping_status":"closed","template":"","meta":{"_et_pb_use_builder":"","_et_pb_old_content":"","_et_gb_content_width":""},"product_brand":[],"product_cat":[99],"product_tag":[],"class_list":{"0":"post-5245","1":"product","2":"type-product","3":"status-publish","4":"has-post-thumbnail","6":"product_cat-specialty-sprockets","8":"first","9":"instock","10":"shipping-taxable","11":"product-type-simple"},"_links":{"self":[{"href":"https:\/\/fmp-components.com\/it\/wp-json\/wp\/v2\/product\/5245","targetHints":{"allow":["GET"]}}],"collection":[{"href":"https:\/\/fmp-components.com\/it\/wp-json\/wp\/v2\/product"}],"about":[{"href":"https:\/\/fmp-components.com\/it\/wp-json\/wp\/v2\/types\/product"}],"replies":[{"embeddable":true,"href":"https:\/\/fmp-components.com\/it\/wp-json\/wp\/v2\/comments?post=5245"}],"wp:featuredmedia":[{"embeddable":true,"href":"https:\/\/fmp-components.com\/it\/wp-json\/wp\/v2\/media\/5249"}],"wp:attachment":[{"href":"https:\/\/fmp-components.com\/it\/wp-json\/wp\/v2\/media?parent=5245"}],"wp:term":[{"taxonomy":"product_brand","embeddable":true,"href":"https:\/\/fmp-components.com\/it\/wp-json\/wp\/v2\/product_brand?post=5245"},{"taxonomy":"product_cat","embeddable":true,"href":"https:\/\/fmp-components.com\/it\/wp-json\/wp\/v2\/product_cat?post=5245"},{"taxonomy":"product_tag","embeddable":true,"href":"https:\/\/fmp-components.com\/it\/wp-json\/wp\/v2\/product_tag?post=5245"}],"curies":[{"name":"parola chiave","href":"https:\/\/api.w.org\/{rel}","templated":true}]}}