{"id":4909,"date":"2025-01-23T06:50:33","date_gmt":"2025-01-23T06:50:33","guid":{"rendered":"https:\/\/fmp-components.com\/?post_type=product&#038;p=4909"},"modified":"2025-01-23T08:51:43","modified_gmt":"2025-01-23T08:51:43","slug":"xrv-series-car-washer-gearbox-for-automatic-car-wash-system-xrv050-gearmotor","status":"publish","type":"product","link":"https:\/\/fmp-components.com\/it\/product\/xrv-series-car-washer-gearbox-for-automatic-car-wash-system-xrv050-gearmotor\/","title":{"rendered":"Riduttore per lavatrice per auto serie XRV per sistema di lavaggio automatico dell&#039;auto XRV050 Motoriduttore"},"content":{"rendered":"<table style=\"border-collapse: collapse; width: 102.047%; height: 5px;\" border=\"0\" width=\"160\" cellspacing=\"0\" cellpadding=\"0\">\n<tbody>\n<tr style=\"height: 14.40pt;\">\n<td style=\"height: 14.40pt; width: 48.00pt;\" align=\"right\" width=\"80\" height=\"24\"><img loading=\"lazy\" decoding=\"async\" class=\"alignnone size-full wp-image-4917\" src=\"https:\/\/fmp-components.com\/wp-content\/uploads\/2025\/01\/xrv050-worm-gearmotor-1.webp\" alt=\"xrv050-motoriduttore a vite senza fine\" width=\"500\" height=\"375\" title=\"\" srcset=\"https:\/\/fmp-components.com\/wp-content\/uploads\/2025\/01\/xrv050-worm-gearmotor-1.webp 500w, https:\/\/fmp-components.com\/wp-content\/uploads\/2025\/01\/xrv050-worm-gearmotor-1-480x360.webp 480w\" sizes=\"(min-width: 0px) and (max-width: 480px) 480px, (min-width: 481px) 500px, 100vw\" \/><\/td>\n<td style=\"width: 48.00pt;\" align=\"right\" width=\"80\"><img loading=\"lazy\" decoding=\"async\" class=\"alignnone size-full wp-image-4918\" src=\"https:\/\/fmp-components.com\/wp-content\/uploads\/2025\/01\/Car-Wash-Machine-Gearmotor-5.webp\" alt=\"Motoriduttore per autolavaggio-5\" width=\"493\" height=\"397\" title=\"\" srcset=\"https:\/\/fmp-components.com\/wp-content\/uploads\/2025\/01\/Car-Wash-Machine-Gearmotor-5.webp 493w, https:\/\/fmp-components.com\/wp-content\/uploads\/2025\/01\/Car-Wash-Machine-Gearmotor-5-480x387.webp 480w\" sizes=\"(min-width: 0px) and (max-width: 480px) 480px, (min-width: 481px) 493px, 100vw\" \/><\/td>\n<\/tr>\n<\/tbody>\n<\/table>\n<h2>Specifiche del riduttore a vite senza fine per lavatrice per auto XRV050<\/h2>\n<p><img loading=\"lazy\" decoding=\"async\" class=\"size-full wp-image-4910 aligncenter\" src=\"https:\/\/fmp-components.com\/wp-content\/uploads\/2025\/01\/XRV050-worm-gear-reducer-parameters.webp\" alt=\"XRV050-parametri-riduttore-a-vite-senza-fine\" width=\"619\" height=\"551\" title=\"\" srcset=\"https:\/\/fmp-components.com\/wp-content\/uploads\/2025\/01\/XRV050-worm-gear-reducer-parameters.webp 619w, https:\/\/fmp-components.com\/wp-content\/uploads\/2025\/01\/XRV050-worm-gear-reducer-parameters-480x427.webp 480w\" sizes=\"(min-width: 0px) and (max-width: 480px) 480px, (min-width: 481px) 619px, 100vw\" \/><\/p>\n<table border=\"1\" width=\"100%\" cellspacing=\"0px\">\n<tbody>\n<tr>\n<td width=\"64\">Tipo<\/td>\n<td width=\"64\">Rapporto<\/td>\n<td width=\"64\">Flangia<\/td>\n<td width=\"64\">Energia<\/td>\n<\/tr>\n<tr>\n<td rowspan=\"2\">XRV050<\/td>\n<td rowspan=\"2\">5\u00a0\u00a0\u00a0\u00a0 7.5\u00a0 10\u00a0\u00a0\u00a0\u00a0 12\u00a0 15\u00a0\u00a0\u00a0\u00a0 20\u00a0 30\u00a0\u00a0\u00a0\u00a0 40\u00a0 50\u00a0\u00a0\u00a0\u00a0 60\u00a0 80\u00a0\u00a0\u00a0 100<\/td>\n<td>71B14<\/td>\n<td rowspan=\"2\">0,18 kW 0,25 kW 0,37 kW 0,55 kW 0,75 kW 1,1 kW<\/td>\n<\/tr>\n<tr>\n<td>80B14<\/td>\n<\/tr>\n<\/tbody>\n<\/table>\n<table border=\"1\" width=\"100%\" cellspacing=\"0px\">\n<tbody>\n<tr>\n<td width=\"64\">Tipo<\/td>\n<td width=\"64\">io<\/td>\n<td width=\"64\">n2\/giro\/min<\/td>\n<td width=\"64\">Mn2\/Nm<\/td>\n<td width=\"64\">Fr2\/N<\/td>\n<td width=\"64\">Motore<\/td>\n<td width=\"64\">P1\/kW<\/td>\n<td width=\"64\">Lunghezza\/mm<\/td>\n<\/tr>\n<tr>\n<td rowspan=\"41\" width=\"64\">XRV050<\/td>\n<td rowspan=\"2\">5<\/td>\n<td>280<\/td>\n<td>17<\/td>\n<td>1577<\/td>\n<td>7134<\/td>\n<td>0.55<\/td>\n<td>180<\/td>\n<\/tr>\n<tr>\n<td>280<\/td>\n<td>23<\/td>\n<td>1577<\/td>\n<td>8024<\/td>\n<td>0.75<\/td>\n<td>205<\/td>\n<\/tr>\n<tr>\n<td rowspan=\"2\">7.5<\/td>\n<td>187<\/td>\n<td>25<\/td>\n<td>1805<\/td>\n<td>7134<\/td>\n<td>0.55<\/td>\n<td>180<\/td>\n<\/tr>\n<tr>\n<td>187<\/td>\n<td>34<\/td>\n<td>1805<\/td>\n<td>8024<\/td>\n<td>0.75<\/td>\n<td>205<\/td>\n<\/tr>\n<tr>\n<td rowspan=\"3\">10<\/td>\n<td>140<\/td>\n<td>22<\/td>\n<td>1987<\/td>\n<td>7124<\/td>\n<td>0.37<\/td>\n<td>180<\/td>\n<\/tr>\n<tr>\n<td>140<\/td>\n<td>32<\/td>\n<td>1987<\/td>\n<td>7134<\/td>\n<td>0.55<\/td>\n<td>180<\/td>\n<\/tr>\n<tr>\n<td>140<\/td>\n<td>44<\/td>\n<td>1987<\/td>\n<td>8024<\/td>\n<td>0.75<\/td>\n<td>205<\/td>\n<\/tr>\n<tr>\n<td rowspan=\"3\">12<\/td>\n<td>117<\/td>\n<td>26<\/td>\n<td>2016<\/td>\n<td>7124<\/td>\n<td>0.37<\/td>\n<td>180<\/td>\n<\/tr>\n<tr>\n<td>117<\/td>\n<td>33<\/td>\n<td>2016<\/td>\n<td>7134<\/td>\n<td>0.55<\/td>\n<td>205<\/td>\n<\/tr>\n<tr>\n<td>117<\/td>\n<td>48<\/td>\n<td>2016<\/td>\n<td>8024<\/td>\n<td>0.75<\/td>\n<td>205<\/td>\n<\/tr>\n<tr>\n<td rowspan=\"3\">15<\/td>\n<td>93<\/td>\n<td>31<\/td>\n<td>2274<\/td>\n<td>7124<\/td>\n<td>0.37<\/td>\n<td>180<\/td>\n<\/tr>\n<tr>\n<td>93<\/td>\n<td>46<\/td>\n<td>2274<\/td>\n<td>7134<\/td>\n<td>0.55<\/td>\n<td>180<\/td>\n<\/tr>\n<tr>\n<td>93<\/td>\n<td>63<\/td>\n<td>2274<\/td>\n<td>8024<\/td>\n<td>0.75<\/td>\n<td>205<\/td>\n<\/tr>\n<tr>\n<td rowspan=\"4\">20<\/td>\n<td>70<\/td>\n<td>27<\/td>\n<td>2503<\/td>\n<td>7114<\/td>\n<td>0.25<\/td>\n<td>180<\/td>\n<\/tr>\n<tr>\n<td>70<\/td>\n<td>40<\/td>\n<td>2503<\/td>\n<td>7124<\/td>\n<td>0.37<\/td>\n<td>180<\/td>\n<\/tr>\n<tr>\n<td>70<\/td>\n<td>59<\/td>\n<td>2503<\/td>\n<td>7134<\/td>\n<td>0.55<\/td>\n<td>180<\/td>\n<\/tr>\n<tr>\n<td>70<\/td>\n<td>81<\/td>\n<td>2503<\/td>\n<td>8024<\/td>\n<td>0.75<\/td>\n<td>205<\/td>\n<\/tr>\n<tr>\n<td rowspan=\"3\">25<\/td>\n<td>56<\/td>\n<td>32<\/td>\n<td>2696<\/td>\n<td>7114<\/td>\n<td>0.25<\/td>\n<td>180<\/td>\n<\/tr>\n<tr>\n<td>56<\/td>\n<td>48<\/td>\n<td>2696<\/td>\n<td>7124<\/td>\n<td>0.37<\/td>\n<td>180<\/td>\n<\/tr>\n<tr>\n<td>56<\/td>\n<td>71<\/td>\n<td>2696<\/td>\n<td>7134<\/td>\n<td>0.55<\/td>\n<td>180<\/td>\n<\/tr>\n<tr>\n<td rowspan=\"3\">30<\/td>\n<td>47<\/td>\n<td>37<\/td>\n<td>2865<\/td>\n<td>7114<\/td>\n<td>0.25<\/td>\n<td>180<\/td>\n<\/tr>\n<tr>\n<td>47<\/td>\n<td>55<\/td>\n<td>2865<\/td>\n<td>7124<\/td>\n<td>0.37<\/td>\n<td>180<\/td>\n<\/tr>\n<tr>\n<td>47<\/td>\n<td>81<\/td>\n<td>2865<\/td>\n<td>7134<\/td>\n<td>0.55<\/td>\n<td>180<\/td>\n<\/tr>\n<tr>\n<td rowspan=\"3\">40<\/td>\n<td>35<\/td>\n<td>33<\/td>\n<td>3153<\/td>\n<td>7114<\/td>\n<td>0.25<\/td>\n<td>180<\/td>\n<\/tr>\n<tr>\n<td>35<\/td>\n<td>46<\/td>\n<td>3153<\/td>\n<td>7124<\/td>\n<td>0.37<\/td>\n<td>180<\/td>\n<\/tr>\n<tr>\n<td>35<\/td>\n<td>68<\/td>\n<td>3153<\/td>\n<td>7134<\/td>\n<td>0.55<\/td>\n<td>180<\/td>\n<\/tr>\n<tr>\n<td rowspan=\"3\">50<\/td>\n<td>28<\/td>\n<td>54<\/td>\n<td>3397<\/td>\n<td>7114<\/td>\n<td>0.25<\/td>\n<td>180<\/td>\n<\/tr>\n<tr>\n<td>28<\/td>\n<td>72<\/td>\n<td>3397<\/td>\n<td>7124<\/td>\n<td>0.37<\/td>\n<td>180<\/td>\n<\/tr>\n<tr>\n<td>28<\/td>\n<td>80<\/td>\n<td>3397<\/td>\n<td>7134<\/td>\n<td>0.55<\/td>\n<td>180<\/td>\n<\/tr>\n<tr>\n<td rowspan=\"3\">52<\/td>\n<td>27<\/td>\n<td>55<\/td>\n<td>3482<\/td>\n<td>7114<\/td>\n<td>0.25<\/td>\n<td>180<\/td>\n<\/tr>\n<tr>\n<td>27<\/td>\n<td>73<\/td>\n<td>3482<\/td>\n<td>7124<\/td>\n<td>0.37<\/td>\n<td>180<\/td>\n<\/tr>\n<tr>\n<td>27<\/td>\n<td>82<\/td>\n<td>3482<\/td>\n<td>7134<\/td>\n<td>0.55<\/td>\n<td>180<\/td>\n<\/tr>\n<tr>\n<td rowspan=\"3\">60<\/td>\n<td>23<\/td>\n<td>60<\/td>\n<td>3610<\/td>\n<td>7114<\/td>\n<td>0.25<\/td>\n<td>180<\/td>\n<\/tr>\n<tr>\n<td>23<\/td>\n<td>75<\/td>\n<td>3610<\/td>\n<td>7124<\/td>\n<td>0.37<\/td>\n<td>180<\/td>\n<\/tr>\n<tr>\n<td>23<\/td>\n<td>84<\/td>\n<td>3610<\/td>\n<td>7134<\/td>\n<td>0.55<\/td>\n<td>180<\/td>\n<\/tr>\n<tr>\n<td rowspan=\"3\">80<\/td>\n<td>18<\/td>\n<td>64<\/td>\n<td>3973<\/td>\n<td>7114<\/td>\n<td>0.25<\/td>\n<td>180<\/td>\n<\/tr>\n<tr>\n<td>18<\/td>\n<td>77<\/td>\n<td>3973<\/td>\n<td>7124<\/td>\n<td>0.37<\/td>\n<td>180<\/td>\n<\/tr>\n<tr>\n<td>18<\/td>\n<td>89<\/td>\n<td>3973<\/td>\n<td>7134<\/td>\n<td>0.55<\/td>\n<td>180<\/td>\n<\/tr>\n<tr>\n<td rowspan=\"3\">100<\/td>\n<td>14<\/td>\n<td>68<\/td>\n<td>4280<\/td>\n<td>7114<\/td>\n<td>0.25<\/td>\n<td>180<\/td>\n<\/tr>\n<tr>\n<td>14<\/td>\n<td>79<\/td>\n<td>4280<\/td>\n<td>7124<\/td>\n<td>0.37<\/td>\n<td>180<\/td>\n<\/tr>\n<tr>\n<td>14<\/td>\n<td>93<\/td>\n<td>4280<\/td>\n<td>7134<\/td>\n<td>0.55<\/td>\n<td>180<\/td>\n<\/tr>\n<\/tbody>\n<\/table>\n<p><img loading=\"lazy\" decoding=\"async\" class=\"alignnone wp-image-4913\" src=\"https:\/\/fmp-components.com\/wp-content\/uploads\/2025\/01\/Car-Wash-Machine-Gearmotor.webp\" alt=\"Motoriduttore per macchina per lavaggio auto\" width=\"937\" height=\"623\" title=\"\"><\/p>\n<h2>Informazioni sulla lavatrice per auto<\/h2>\n<p>Un autolavaggio \u00e8 un dispositivo automatizzato che utilizza il controllo computerizzato per azionare spazzole e acqua ad alta pressione per il lavaggio dei veicoli. Come proprietario di un'auto, quando visiti un autolavaggio, noterai vari tipi di sistemi di trasmissione, tra cui spazzole orizzontali, spazzole verticali e spazzole rotanti. Questi sistemi, che non richiedono input manuale, sono azionati dal riduttore dell'autolavaggio. Il riduttore svolge un ruolo cruciale nell'impianto di autolavaggio riducendo la velocit\u00e0 del motore e fornendo una potenza costante al sistema di spruzzatura dell'acqua e alle spazzole rotanti. Ci\u00f2 garantisce che vengano fornite la giusta velocit\u00e0 e coppia per un funzionamento efficiente dei componenti dell'autolavaggio, garantendo prestazioni stabili e una pulizia efficace in diversi ambienti.<\/p>\n<table style=\"border-collapse: collapse; width: 101.172%; height: 5px;\" border=\"0\" width=\"160\" cellspacing=\"0\" cellpadding=\"0\">\n<tbody>\n<tr style=\"height: 14.40pt;\">\n<td style=\"height: 14.4pt; width: 51.282%;\" align=\"right\" width=\"80\" height=\"24\"><img loading=\"lazy\" decoding=\"async\" class=\"alignnone size-full wp-image-4911\" src=\"https:\/\/fmp-components.com\/wp-content\/uploads\/2025\/01\/Car-Wash-Machine-Gearmotor-2.webp\" alt=\"Motoriduttore per autolavaggio-2\" width=\"926\" height=\"626\" title=\"\" srcset=\"https:\/\/fmp-components.com\/wp-content\/uploads\/2025\/01\/Car-Wash-Machine-Gearmotor-2.webp 926w, https:\/\/fmp-components.com\/wp-content\/uploads\/2025\/01\/Car-Wash-Machine-Gearmotor-2-480x324.webp 480w\" sizes=\"(min-width: 0px) and (max-width: 480px) 480px, (min-width: 481px) 926px, 100vw\" \/><\/td>\n<td style=\"width: 48.718%;\" align=\"right\" width=\"80\"><img loading=\"lazy\" decoding=\"async\" class=\"alignnone size-full wp-image-4912\" src=\"https:\/\/fmp-components.com\/wp-content\/uploads\/2025\/01\/Car-Wash-Machine-Gearmotor-1.webp\" alt=\"Motoriduttore per macchina per lavaggio auto-1\" width=\"919\" height=\"655\" title=\"\" srcset=\"https:\/\/fmp-components.com\/wp-content\/uploads\/2025\/01\/Car-Wash-Machine-Gearmotor-1.webp 919w, https:\/\/fmp-components.com\/wp-content\/uploads\/2025\/01\/Car-Wash-Machine-Gearmotor-1-480x342.webp 480w\" sizes=\"(min-width: 0px) and (max-width: 480px) 480px, (min-width: 481px) 919px, 100vw\" \/><\/td>\n<\/tr>\n<\/tbody>\n<\/table>\n<p><strong>Lavatrici automatiche per auto<\/strong>: Queste idropulitrici avanzate utilizzano grandi spazzole rotanti per pulire a fondo il veicolo. Per garantire prestazioni ottimali, le spazzole vengono azionate da un riduttore a vite senza fine, che consente loro di ruotare alla velocit\u00e0 ideale per rimuovere sporco e detriti dalla superficie del veicolo.<\/p>\n<p><strong>Sistemi di lavaggio auto a tunnel<\/strong>: In questi sistemi, i veicoli si muovono attraverso un tunnel fisso dotato di macchinari avanzati per la pulizia e la ceratura. I motoriduttori a vite senza fine vengono solitamente utilizzati per azionare le spazzole o i rulli rotanti all'interno del sistema, fornendo una potenza affidabile per una pulizia uniforme.<\/p>\n<p><strong>Sistemi di lavaggio auto touch e touchless<\/strong>: I moderni sistemi di autolavaggio offrono opzioni touch e touchless per soddisfare diverse esigenze. Nel sistema touch, le spazzole rotanti entrano fisicamente in contatto con la superficie del veicolo per pulirla. I sistemi touchless, invece, utilizzano getti d'acqua ad alta pressione per pulire il veicolo. Il riduttore a vite senza fine nei sistemi touch garantisce un controllo preciso della velocit\u00e0 e della pressione delle spazzole, garantendo una pulizia efficace senza danneggiare la vernice del veicolo.<\/p>\n<p><img loading=\"lazy\" decoding=\"async\" class=\"alignnone size-full wp-image-4919\" src=\"https:\/\/fmp-components.com\/wp-content\/uploads\/2025\/01\/Leisuwash-360-Longitudinal-drive-system.webp\" alt=\"sistema di azionamento\" width=\"900\" height=\"600\" title=\"\" srcset=\"https:\/\/fmp-components.com\/wp-content\/uploads\/2025\/01\/Leisuwash-360-Longitudinal-drive-system.webp 900w, https:\/\/fmp-components.com\/wp-content\/uploads\/2025\/01\/Leisuwash-360-Longitudinal-drive-system-480x320.webp 480w\" sizes=\"(min-width: 0px) and (max-width: 480px) 480px, (min-width: 481px) 900px, 100vw\" \/><\/p>\n<h2>Come funzionano i motoriduttori degli autolavaggi automatici?<\/h2>\n<p>I motoriduttori per autolavaggi automatici sono componenti essenziali per il funzionamento degli impianti di lavaggio. Forniscono la potenza necessaria per il movimento dei vari componenti coinvolti nel processo di lavaggio, come spazzole, nastri trasportatori e sistemi di spruzzatura. Sebbene il design possa variare, ecco una panoramica generale del funzionamento dei motoriduttori per autolavaggi automatici:<\/p>\n<ol>\n<li><strong>Motore<\/strong>: Il motoriduttore utilizza un motore elettrico come fonte di alimentazione primaria. In genere, il motore \u00e8 un motore a corrente alternata (CA) per gli autolavaggi commerciali o un motore a corrente continua (CC) per sistemi pi\u00f9 piccoli o portatili.<\/li>\n<li><strong>Cambio<\/strong>: Il motore \u00e8 collegato a un riduttore, che riduce la rotazione ad alta velocit\u00e0 del motore a una velocit\u00e0 inferiore con coppia pi\u00f9 elevata. Il riduttore contiene vari ingranaggi, come ingranaggi a vite senza fine, ingranaggi planetari o ingranaggi cilindrici, a seconda del progetto. Questi ingranaggi lavorano insieme per ottenere la velocit\u00e0 e la conversione di coppia desiderate.<\/li>\n<li><strong>Trasmissione di potenza<\/strong>: L'albero di uscita del riduttore \u00e8 collegato a un sistema di cinghie, catene o giunti diretti, a seconda della progettazione dell'impianto di autolavaggio. Questo sistema di trasmissione trasferisce il moto rotatorio dal motoriduttore ai componenti che devono muoversi, come le spazzole e i nastri trasportatori.<\/li>\n<li><strong>Sistema di controllo<\/strong>: Il motoriduttore \u00e8 controllato da un sistema di controllo centrale che gestisce il funzionamento dell'autolavaggio. Il sistema di controllo riceve input da sensori, interruttori o trigger automatici e invia segnali al motoriduttore per avviare operazioni specifiche al momento giusto. Ad esempio, quando un veicolo entra nell'autolavaggio, il sistema pu\u00f2 attivare il motore per avviare il nastro trasportatore o attivare le spazzole.<\/li>\n<li><strong>Caratteristiche di sicurezza<\/strong>: I motoriduttori per autolavaggi automatici in genere includono dispositivi di sicurezza per prevenire danni o incidenti. Questi possono includere finecorsa o sensori per rilevare ostacoli o forza eccessiva, pulsanti di arresto di emergenza e meccanismi di protezione da sovraccarico. Queste funzioni di sicurezza contribuiscono a garantire che il motore funzioni entro parametri di sicurezza e proteggono sia l'attrezzatura che il veicolo da lavare.<\/li>\n<\/ol>\n<p>Combinando la potenza del motore, la riduzione della velocit\u00e0 del cambio e la trasmissione controllata della potenza, il motoriduttore dell'autolavaggio automatico sincronizza il movimento dei vari componenti, garantendo un processo di lavaggio efficiente.<\/p>\n<p>I riduttori sviluppati e prodotti da FMP per impianti di autolavaggio sono specificamente progettati per l'uso nelle pi\u00f9 comuni apparecchiature di autolavaggio. Sono caratterizzati da facilit\u00e0 di installazione, bassa rumorosit\u00e0, lunga durata e un'eccellente protezione. I riduttori impermeabili offrono un livello di protezione superiore rispetto ai tradizionali riduttori a vite senza fine e sono progettati appositamente per il moderno settore dell'autolavaggio.<\/p>\n<table style=\"border-collapse: collapse; width: 102.375%; height: 19px;\" border=\"0\" width=\"160\" cellspacing=\"0\" cellpadding=\"0\">\n<tbody>\n<tr style=\"height: 14.40pt;\">\n<td style=\"height: 14.40pt; width: 48.00pt;\" align=\"right\" width=\"80\" height=\"24\"><img loading=\"lazy\" decoding=\"async\" class=\"alignnone size-full wp-image-4921\" src=\"https:\/\/fmp-components.com\/wp-content\/uploads\/2025\/01\/Car-Wash-Machine-Gearmotor-8.webp\" alt=\"Motoriduttore per autolavaggio-8\" width=\"751\" height=\"580\" title=\"\" srcset=\"https:\/\/fmp-components.com\/wp-content\/uploads\/2025\/01\/Car-Wash-Machine-Gearmotor-8.webp 751w, https:\/\/fmp-components.com\/wp-content\/uploads\/2025\/01\/Car-Wash-Machine-Gearmotor-8-480x371.webp 480w\" sizes=\"(min-width: 0px) and (max-width: 480px) 480px, (min-width: 481px) 751px, 100vw\" \/><\/td>\n<td style=\"width: 48.00pt;\" align=\"right\" width=\"80\"><img loading=\"lazy\" decoding=\"async\" class=\"alignnone wp-image-4920\" src=\"https:\/\/fmp-components.com\/wp-content\/uploads\/2025\/01\/Car-Wash-Machine-Gearmotor-6.webp\" alt=\"Motoriduttore per macchina per lavaggio auto\" width=\"944\" height=\"944\" title=\"\" srcset=\"https:\/\/fmp-components.com\/wp-content\/uploads\/2025\/01\/Car-Wash-Machine-Gearmotor-6.webp 944w, https:\/\/fmp-components.com\/wp-content\/uploads\/2025\/01\/Car-Wash-Machine-Gearmotor-6-480x480.webp 480w\" sizes=\"(min-width: 0px) and (max-width: 480px) 480px, (min-width: 481px) 944px, 100vw\" \/><\/td>\n<\/tr>\n<\/tbody>\n<\/table>\n<h2>Il riduttore per autolavaggio prodotto da FMP presenta le seguenti prestazioni e vantaggi:<\/h2>\n<p>Configurazione speciale del motore con potenza 0,25KW, 0,37KW, 0,55KW, 0,75KW e 2,2KW, ecc.;<\/p>\n<p>\u00c8 possibile selezionare vari tipi di flange in base alle esigenze del cliente;<\/p>\n<p>Ogni modulo adotta un design modulare e le parti sono pi\u00f9 universali;<\/p>\n<p>La gamma di rapporti di velocit\u00e0 \u00e8 ampia, con pi\u00f9 opzioni di rapporto di velocit\u00e0 rispetto ai modelli generali;<\/p>\n<p>L'estremit\u00e0 di uscita \u00e8 realizzata in acciaio inossidabile 304 per garantire che non si arrugginisca durante l'uso;<\/p>\n<p>La struttura del corpo \u00e8 compatta e comoda per l'installazione in vari ambienti;<\/p>\n<p>Lubrificante speciale completamente sintetico, non \u00e8 necessario cambiare l'olio a vita;<\/p>\n<p>La superficie della carrozzeria \u00e8 rivestita in plastica, con buona resistenza alla corrosione, bella e pratica;<\/p>\n<p>Le estremit\u00e0 di ingresso e di uscita sono sigillate con guarnizioni oleodinamiche per garantire prestazioni di tenuta;<\/p>\n<p>La ruota elicoidale \u00e8 realizzata in bronzo allo stagno resistente all'usura e la vite senza fine \u00e8 cementata e temprata con elevata durezza;<\/p>\n<p>Il livello di protezione \u00e8 IP67, che pu\u00f2 essere utilizzato in vari scenari di utilizzo interni ed esterni e in ambienti di lavoro difficili;<\/p>\n<p><img loading=\"lazy\" decoding=\"async\" class=\"alignnone  wp-image-4931\" src=\"https:\/\/fmp-components.com\/wp-content\/uploads\/2025\/01\/Car-Wash-Machine-Gearmotor-10.webp\" alt=\"Motoriduttore per macchina per lavaggio auto\" width=\"943\" height=\"856\" title=\"\" srcset=\"https:\/\/fmp-components.com\/wp-content\/uploads\/2025\/01\/Car-Wash-Machine-Gearmotor-10.webp 943w, https:\/\/fmp-components.com\/wp-content\/uploads\/2025\/01\/Car-Wash-Machine-Gearmotor-10-480x436.webp 480w\" sizes=\"(min-width: 0px) and (max-width: 480px) 480px, (min-width: 481px) 943px, 100vw\" \/><\/p>\n<p><img loading=\"lazy\" decoding=\"async\" class=\"alignnone wp-image-4930\" src=\"https:\/\/fmp-components.com\/wp-content\/uploads\/2025\/01\/Car-Wash-Machine-Gearmotor-9.webp\" alt=\"Motoriduttore per macchina per lavaggio auto\" width=\"944\" height=\"985\" title=\"\" srcset=\"https:\/\/fmp-components.com\/wp-content\/uploads\/2025\/01\/Car-Wash-Machine-Gearmotor-9.webp 944w, https:\/\/fmp-components.com\/wp-content\/uploads\/2025\/01\/Car-Wash-Machine-Gearmotor-9-480x501.webp 480w\" sizes=\"(min-width: 0px) and (max-width: 480px) 480px, (min-width: 481px) 944px, 100vw\" \/><\/p>","protected":false},"excerpt":{"rendered":"<p>Specifications of XRV050 Car Washer Worm Gear Reducer Type Ratio Flange Power XRV050 5\u00a0\u00a0\u00a0\u00a0 7.5\u00a0 10\u00a0\u00a0\u00a0\u00a0 12\u00a0 15\u00a0\u00a0\u00a0\u00a0 20\u00a0 30\u00a0\u00a0\u00a0\u00a0 40\u00a0 50\u00a0\u00a0\u00a0\u00a0 60\u00a0 80\u00a0\u00a0\u00a0 100 71B14 0.18KW\u00a0\u00a0\u00a0\u00a0 0.25KW\u00a0\u00a0\u00a0 0.37KW\u00a0\u00a0\u00a0 0.55KW\u00a0\u00a0\u00a0 0.75KW\u00a0\u00a0\u00a0\u00a0 1.1KW 80B14 Type i n2\/r\/min Mn2\/Nm Fr2\/N Motor P1\/kw L\/mm XRV050 5 280 17 1577 7134 0.55 180 280 23 1577 8024 0.75 205 [&hellip;]<\/p>","protected":false},"featured_media":4914,"comment_status":"open","ping_status":"closed","template":"","meta":{"_et_pb_use_builder":"","_et_pb_old_content":"","_et_gb_content_width":""},"product_brand":[],"product_cat":[93],"product_tag":[],"class_list":{"0":"post-4909","1":"product","2":"type-product","3":"status-publish","4":"has-post-thumbnail","6":"product_cat-car-wash-machine-gearmotor","8":"first","9":"instock","10":"shipping-taxable","11":"product-type-simple"},"_links":{"self":[{"href":"https:\/\/fmp-components.com\/it\/wp-json\/wp\/v2\/product\/4909","targetHints":{"allow":["GET"]}}],"collection":[{"href":"https:\/\/fmp-components.com\/it\/wp-json\/wp\/v2\/product"}],"about":[{"href":"https:\/\/fmp-components.com\/it\/wp-json\/wp\/v2\/types\/product"}],"replies":[{"embeddable":true,"href":"https:\/\/fmp-components.com\/it\/wp-json\/wp\/v2\/comments?post=4909"}],"wp:featuredmedia":[{"embeddable":true,"href":"https:\/\/fmp-components.com\/it\/wp-json\/wp\/v2\/media\/4914"}],"wp:attachment":[{"href":"https:\/\/fmp-components.com\/it\/wp-json\/wp\/v2\/media?parent=4909"}],"wp:term":[{"taxonomy":"product_brand","embeddable":true,"href":"https:\/\/fmp-components.com\/it\/wp-json\/wp\/v2\/product_brand?post=4909"},{"taxonomy":"product_cat","embeddable":true,"href":"https:\/\/fmp-components.com\/it\/wp-json\/wp\/v2\/product_cat?post=4909"},{"taxonomy":"product_tag","embeddable":true,"href":"https:\/\/fmp-components.com\/it\/wp-json\/wp\/v2\/product_tag?post=4909"}],"curies":[{"name":"parola chiave","href":"https:\/\/api.w.org\/{rel}","templated":true}]}}