{"id":482,"date":"2024-12-10T08:55:43","date_gmt":"2024-12-10T08:55:43","guid":{"rendered":"https:\/\/fmp-components.com\/?page_id=8"},"modified":"2024-12-16T06:45:22","modified_gmt":"2024-12-16T06:45:22","slug":"large-excavator-cylinder","status":"publish","type":"product","link":"https:\/\/fmp-components.com\/it\/product\/large-excavator-cylinder\/","title":{"rendered":"Cilindro dell&#039;escavatore di grandi dimensioni"},"content":{"rendered":"<h2><img loading=\"lazy\" decoding=\"async\" class=\"size-full wp-image-484 aligncenter\" src=\"https:\/\/fmp-components.com\/wp-content\/uploads\/2024\/12\/Large-Excavator-Cylinder.webp\" alt=\"Cilindro-per-escavatore-di-grandi-dimensioni\" width=\"760\" height=\"533\" title=\"\" srcset=\"https:\/\/fmp-components.com\/wp-content\/uploads\/2024\/12\/Large-Excavator-Cylinder.webp 760w, https:\/\/fmp-components.com\/wp-content\/uploads\/2024\/12\/Large-Excavator-Cylinder-480x337.webp 480w\" sizes=\"(min-width: 0px) and (max-width: 480px) 480px, (min-width: 481px) 760px, 100vw\" \/>Specifiche del cilindro della benna dell&#039;escavatore di grandi dimensioni:<\/h2>\n<p>Il cilindro della benna aziona la benna dell&#039;escavatore, consentendogli di sollevare, inclinare e scaricare materiali. Questo cilindro \u00e8 essenziale per scavare, raccogliere e caricare, fornendo la forza necessaria per manipolare efficacemente la benna durante vari compiti.<\/p>\n<p><img loading=\"lazy\" decoding=\"async\" class=\"size-full wp-image-494 aligncenter\" src=\"https:\/\/fmp-components.com\/wp-content\/uploads\/2024\/12\/Large-Excavator-Bucket-Cylinder-1.webp\" alt=\"Cilindro della benna dell&#039;escavatore di grandi dimensioni\" width=\"500\" height=\"200\" title=\"\" srcset=\"https:\/\/fmp-components.com\/wp-content\/uploads\/2024\/12\/Large-Excavator-Bucket-Cylinder-1.webp 500w, https:\/\/fmp-components.com\/wp-content\/uploads\/2024\/12\/Large-Excavator-Bucket-Cylinder-1-480x192.webp 480w\" sizes=\"(min-width: 0px) and (max-width: 480px) 480px, (min-width: 481px) 500px, 100vw\" \/><\/p>\n<table style=\"width: 100%;\" border=\"1\" width=\"100%\" cellspacing=\"0\" cellpadding=\"0\">\n<tbody>\n<tr>\n<td>Nome del prodotto<\/td>\n<td>Cilindro della benna dell&#039;escavatore di grandi dimensioni<\/td>\n<\/tr>\n<tr>\n<td>Caratteristiche:<\/td>\n<td>Controllare l&#039;azione del secchio<\/td>\n<\/tr>\n<tr>\n<td>Diametro del foro:<\/td>\n<td>200mm\uff5e360mm<\/td>\n<\/tr>\n<tr>\n<td>Diametro dell&#039;asta:<\/td>\n<td>140mm\uff5e260mm<br \/>\nCorsa \u22642500 mm<\/td>\n<\/tr>\n<tr>\n<td>Forza di spinta:<\/td>\n<td>Massimo 3560,8KN<\/td>\n<\/tr>\n<tr>\n<td>Diametro del foro:<\/td>\n<td>420mm\/pressione35MPa<\/td>\n<\/tr>\n<\/tbody>\n<\/table>\n<h2><\/h2>\n<h2><img loading=\"lazy\" decoding=\"async\" class=\"alignnone wp-image-502\" src=\"https:\/\/fmp-components.com\/wp-content\/uploads\/2024\/12\/Large-Excavator-Bucket-Cylinder-1-1.webp\" alt=\"Cilindro benna escavatore grande\" width=\"929\" height=\"471\" title=\"\" srcset=\"https:\/\/fmp-components.com\/wp-content\/uploads\/2024\/12\/Large-Excavator-Bucket-Cylinder-1-1.webp 929w, https:\/\/fmp-components.com\/wp-content\/uploads\/2024\/12\/Large-Excavator-Bucket-Cylinder-1-1-480x243.webp 480w\" sizes=\"(min-width: 0px) and (max-width: 480px) 480px, (min-width: 481px) 929px, 100vw\" \/><\/h2>\n<h2><img loading=\"lazy\" decoding=\"async\" class=\"alignnone wp-image-503\" src=\"https:\/\/fmp-components.com\/wp-content\/uploads\/2024\/12\/Large-Excavator-Bucket-Cylinder-2.webp\" alt=\"Cilindro benna escavatore grande\" width=\"960\" height=\"318\" title=\"\" srcset=\"https:\/\/fmp-components.com\/wp-content\/uploads\/2024\/12\/Large-Excavator-Bucket-Cylinder-2.webp 960w, https:\/\/fmp-components.com\/wp-content\/uploads\/2024\/12\/Large-Excavator-Bucket-Cylinder-2-480x159.webp 480w\" sizes=\"(min-width: 0px) and (max-width: 480px) 480px, (min-width: 481px) 960px, 100vw\" \/><\/h2>\n<h2>Specifiche del cilindro del braccio dell&#039;escavatore di grandi dimensioni:<\/h2>\n<p>Il cilindro del braccio controlla il movimento del braccio dell&#039;escavatore, consentendogli di estendersi e ritrarsi. Questo cilindro \u00e8 fondamentale per raggiungere diverse altezze e profondit\u00e0, consentendo all&#039;escavatore di eseguire una variet\u00e0 di attivit\u00e0 con precisione, come lo scavo e il sollevamento.<\/p>\n<p><img loading=\"lazy\" decoding=\"async\" class=\"size-full wp-image-493 aligncenter\" src=\"https:\/\/fmp-components.com\/wp-content\/uploads\/2024\/12\/Large-Excavator-Boom-Cylinder2.webp\" alt=\"Cilindro del braccio dell&#039;escavatore di grandi dimensioni\" width=\"500\" height=\"200\" title=\"\" srcset=\"https:\/\/fmp-components.com\/wp-content\/uploads\/2024\/12\/Large-Excavator-Boom-Cylinder2.webp 500w, https:\/\/fmp-components.com\/wp-content\/uploads\/2024\/12\/Large-Excavator-Boom-Cylinder2-480x192.webp 480w\" sizes=\"(min-width: 0px) and (max-width: 480px) 480px, (min-width: 481px) 500px, 100vw\" \/><\/p>\n<table style=\"width: 100%;\" border=\"1\" width=\"100%\" cellspacing=\"0\" cellpadding=\"0\">\n<tbody>\n<tr>\n<td>Nome del prodotto<\/td>\n<td>Cilindro del braccio dell&#039;escavatore di grandi dimensioni<\/td>\n<\/tr>\n<tr>\n<td>Caratteristiche:<\/td>\n<td>Controllare il movimento di sollevamento del braccio grande<\/td>\n<\/tr>\n<tr>\n<td>Diametro del foro:<\/td>\n<td>200mm\uff5e420mm<\/td>\n<\/tr>\n<tr>\n<td>Diametro dell&#039;asta:<\/td>\n<td>140mm\uff5e300mm<br \/>\nCorsa\u22643500mm<\/td>\n<\/tr>\n<tr>\n<td>Forza di spinta:<\/td>\n<td>Massimo 4846.6KN<\/td>\n<\/tr>\n<tr>\n<td>Diametro del foro:<\/td>\n<td>420mm\/pressione35MPa<\/td>\n<\/tr>\n<\/tbody>\n<\/table>\n<p><img loading=\"lazy\" decoding=\"async\" class=\"alignnone size-full wp-image-504\" src=\"https:\/\/fmp-components.com\/wp-content\/uploads\/2024\/12\/Large-Excavator-Boom-Cylinder-1.webp\" alt=\"Cilindro-del-braccio-dell&#039;escavatore-di-grandi-dimensioni\" width=\"980\" height=\"553\" title=\"\" srcset=\"https:\/\/fmp-components.com\/wp-content\/uploads\/2024\/12\/Large-Excavator-Boom-Cylinder-1.webp 980w, https:\/\/fmp-components.com\/wp-content\/uploads\/2024\/12\/Large-Excavator-Boom-Cylinder-1-480x271.webp 480w\" sizes=\"(min-width: 0px) and (max-width: 480px) 480px, (min-width: 481px) 980px, 100vw\" \/><\/p>\n<h2>Specifiche del cilindro del bastone dell&#039;escavatore di grandi dimensioni:<\/h2>\n<p>Il cilindro del bastone, noto anche come cilindro del braccio, \u00e8 responsabile dell&#039;estensione e della retrazione del bastone dell&#039;escavatore. Questo movimento consente un controllo preciso della posizione della benna, rendendolo essenziale per uno scavo efficace e per la movimentazione dei materiali.<\/p>\n<p><img loading=\"lazy\" decoding=\"async\" class=\"size-full wp-image-496 aligncenter\" src=\"https:\/\/fmp-components.com\/wp-content\/uploads\/2024\/12\/Large-Excavator-Stick-Cylinder3.webp\" alt=\"Cilindro del bastone dell&#039;escavatore di grandi dimensioni\" width=\"500\" height=\"200\" title=\"\" srcset=\"https:\/\/fmp-components.com\/wp-content\/uploads\/2024\/12\/Large-Excavator-Stick-Cylinder3.webp 500w, https:\/\/fmp-components.com\/wp-content\/uploads\/2024\/12\/Large-Excavator-Stick-Cylinder3-480x192.webp 480w\" sizes=\"(min-width: 0px) and (max-width: 480px) 480px, (min-width: 481px) 500px, 100vw\" \/><\/p>\n<table style=\"width: 100%;\" border=\"1\" width=\"100%\" cellspacing=\"0\" cellpadding=\"0\">\n<tbody>\n<tr>\n<td>Nome del prodotto<\/td>\n<td>Cilindro del bastone dell&#039;escavatore di grandi dimensioni<\/td>\n<\/tr>\n<tr>\n<td>Caratteristiche:<\/td>\n<td>Controllare il movimento dell&#039;avambraccio<\/td>\n<\/tr>\n<tr>\n<td>Diametro del foro:<\/td>\n<td>210mm\uff5e360mm<\/td>\n<\/tr>\n<tr>\n<td>Diametro dell&#039;asta:<\/td>\n<td>145mm\uff5e260mm<br \/>\nCorsa \u22642600mm<\/td>\n<\/tr>\n<tr>\n<td>Forza di spinta:<\/td>\n<td>Massimo 3560,8KN<\/td>\n<\/tr>\n<tr>\n<td>Diametro del foro:<\/td>\n<td>360mm\/pressione35MPa<\/td>\n<\/tr>\n<\/tbody>\n<\/table>\n<p><img loading=\"lazy\" decoding=\"async\" class=\"alignnone size-full wp-image-500\" src=\"https:\/\/fmp-components.com\/wp-content\/uploads\/2024\/12\/Large-Excavator-Stick-Cylinder-1.webp\" alt=\"Cilindro-del-bastone-dell&#039;escavatore-di-grandi-dimensioni\" width=\"1024\" height=\"538\" title=\"\" srcset=\"https:\/\/fmp-components.com\/wp-content\/uploads\/2024\/12\/Large-Excavator-Stick-Cylinder-1.webp 1024w, https:\/\/fmp-components.com\/wp-content\/uploads\/2024\/12\/Large-Excavator-Stick-Cylinder-1-980x515.webp 980w, https:\/\/fmp-components.com\/wp-content\/uploads\/2024\/12\/Large-Excavator-Stick-Cylinder-1-480x252.webp 480w\" sizes=\"(min-width: 0px) and (max-width: 480px) 480px, (min-width: 481px) and (max-width: 980px) 980px, (min-width: 981px) 1024px, 100vw\" \/><\/p>\n<h2>Specifiche del cilindro di serraggio dell&#039;escavatore di grandi dimensioni:<\/h2>\n<p>Il cilindro di serraggio viene utilizzato per mantenere la tensione in varie parti dell&#039;escavatore, come cingoli o accessori. Questo cilindro assicura che i componenti siano tenuti saldamente in posizione, migliorando la stabilit\u00e0 complessiva e le prestazioni dell&#039;escavatore durante il funzionamento.<\/p>\n<h2><img loading=\"lazy\" decoding=\"async\" class=\"size-full wp-image-497 aligncenter\" src=\"https:\/\/fmp-components.com\/wp-content\/uploads\/2024\/12\/Large-Excavator-Tightening-Cylinder4.webp\" alt=\"Cilindro di serraggio dell&#039;escavatore di grandi dimensioni\" width=\"500\" height=\"200\" title=\"\" srcset=\"https:\/\/fmp-components.com\/wp-content\/uploads\/2024\/12\/Large-Excavator-Tightening-Cylinder4.webp 500w, https:\/\/fmp-components.com\/wp-content\/uploads\/2024\/12\/Large-Excavator-Tightening-Cylinder4-480x192.webp 480w\" sizes=\"(min-width: 0px) and (max-width: 480px) 480px, (min-width: 481px) 500px, 100vw\" \/><\/h2>\n<p>&nbsp;<\/p>\n<table style=\"width: 100%;\" border=\"1\" width=\"100%\" cellspacing=\"0\" cellpadding=\"0\">\n<tbody>\n<tr>\n<td>Nome del prodotto<\/td>\n<td>Cilindro di serraggio dell&#039;escavatore di grandi dimensioni<\/td>\n<\/tr>\n<tr>\n<td>Caratteristiche:<\/td>\n<td>Controllare l&#039;azione della tensione della pista<\/td>\n<\/tr>\n<tr>\n<td>Diametro del foro:<\/td>\n<td>280mm\uff5e380mm<\/td>\n<\/tr>\n<tr>\n<td>Diametro dell&#039;asta:<\/td>\n<td>170mm\uff5e300mm<br \/>\nCorsa \u2264700mm<\/td>\n<\/tr>\n<tr>\n<td>Forza di spinta:<\/td>\n<td>Massimo 3967,4 KN<\/td>\n<\/tr>\n<tr>\n<td>Diametro del foro:<\/td>\n<td>380mm\/pressione35MPa<\/td>\n<\/tr>\n<\/tbody>\n<\/table>\n<h3><img loading=\"lazy\" decoding=\"async\" class=\"alignnone size-full wp-image-501\" src=\"https:\/\/fmp-components.com\/wp-content\/uploads\/2024\/12\/Large-Excavator-Tightening-Cylinder.webp\" alt=\"Cilindro di serraggio per escavatori di grandi dimensioni\" width=\"1024\" height=\"576\" title=\"\" srcset=\"https:\/\/fmp-components.com\/wp-content\/uploads\/2024\/12\/Large-Excavator-Tightening-Cylinder.webp 1024w, https:\/\/fmp-components.com\/wp-content\/uploads\/2024\/12\/Large-Excavator-Tightening-Cylinder-980x551.webp 980w, https:\/\/fmp-components.com\/wp-content\/uploads\/2024\/12\/Large-Excavator-Tightening-Cylinder-480x270.webp 480w\" sizes=\"(min-width: 0px) and (max-width: 480px) 480px, (min-width: 481px) and (max-width: 980px) 980px, (min-width: 981px) 1024px, 100vw\" \/>Informazioni su FMP<\/h3>\n<p>FMP \u00e8 un&#039;azienda specializzata nella produzione meccanica dedicata alla produzione di cilindri idraulici. Sin dalla sua fondazione, l&#039;azienda si \u00e8 concentrata sulla ricerca e sulla produzione di tecnologia idraulica, passando con successo da una gamma di prodotti diversificata che includeva macchinari per la raccolta e l&#039;edilizia alla specializzazione in componenti per trattori agricoli. Con oltre un decennio di esperienza nella produzione e nella gestione, FMP garantisce prodotti di alta qualit\u00e0 attraverso tecniche di produzione avanzate.<\/p>\n<p>Con l&#039;evoluzione dell&#039;azienda, \u00e8 stata sviluppata una linea di produzione completa per lavorazioni meccaniche, una linea di assemblaggio e una linea di rivestimento. Il nostro team \u00e8 composto da personale dirigenziale qualificato, progettisti meccanici esperti e tecnici altamente qualificati che lavorano insieme per mantenere una qualit\u00e0 di produzione stabile, controllando efficacemente la continuit\u00e0 e l&#039;efficienza del processo.<\/p>\n<p>FMP sostiene la filosofia di &quot;Innovazione tecnologica che guida il progresso, qualit\u00e0 che crea marchi, artigianalit\u00e0 che garantisce la qualit\u00e0 e costruzione di relazioni win-win a lungo termine&quot;. Il nostro impegno nel fornire prodotti di alta qualit\u00e0 e un servizio clienti superiore rimane un obiettivo fondamentale mentre continuiamo a soddisfare le mutevoli esigenze del mercato.<\/p>\n<p><img loading=\"lazy\" decoding=\"async\" class=\"alignnone size-full wp-image-426\" src=\"https:\/\/fmp-components.com\/wp-content\/uploads\/2024\/12\/Sanitation-Machinery-Locking-Hydraulic-Cylinder-factory.webp\" sizes=\"(min-width: 0px) and (max-width: 480px) 480px, (min-width: 481px) and (max-width: 980px) 980px, (min-width: 981px) and (max-width: 1280px) 1280px, (min-width: 1281px) 1414px, 100vw\" srcset=\"https:\/\/fmp-components.com\/wp-content\/uploads\/2024\/12\/Sanitation-Machinery-Locking-Hydraulic-Cylinder-factory.webp 1414w, https:\/\/fmp-components.com\/wp-content\/uploads\/2024\/12\/Sanitation-Machinery-Locking-Hydraulic-Cylinder-factory-1280x529.webp 1280w, https:\/\/fmp-components.com\/wp-content\/uploads\/2024\/12\/Sanitation-Machinery-Locking-Hydraulic-Cylinder-factory-980x405.webp 980w, https:\/\/fmp-components.com\/wp-content\/uploads\/2024\/12\/Sanitation-Machinery-Locking-Hydraulic-Cylinder-factory-480x198.webp 480w\" alt=\"Fabbrica di cilindri idraulici di bloccaggio-macchine-igieniche\" width=\"1414\" height=\"584\" title=\"\"><\/p>\n<p>Autore: CX<\/p>","protected":false},"excerpt":{"rendered":"<p>Large Excavator Bucket Cylinder Specifications: The bucket cylinder operates the excavator&#8217;s bucket, enabling it to lift, tilt, and dump materials. This cylinder is essential for excavating, scooping, and loading, providing the necessary force to manipulate the bucket effectively during various tasks. Product Name Large Excavator Bucket Cylinder Features: Control the action of the bucket Bore [&hellip;]<\/p>","protected":false},"featured_media":495,"comment_status":"open","ping_status":"closed","template":"","meta":{"_et_pb_use_builder":"","_et_pb_old_content":"","_et_gb_content_width":""},"product_brand":[],"product_cat":[25],"product_tag":[],"class_list":{"0":"post-482","1":"product","2":"type-product","3":"status-publish","4":"has-post-thumbnail","6":"product_cat-mobile-machinery-hydraulic-cylinder","8":"first","9":"instock","10":"shipping-taxable","11":"product-type-simple"},"_links":{"self":[{"href":"https:\/\/fmp-components.com\/it\/wp-json\/wp\/v2\/product\/482","targetHints":{"allow":["GET"]}}],"collection":[{"href":"https:\/\/fmp-components.com\/it\/wp-json\/wp\/v2\/product"}],"about":[{"href":"https:\/\/fmp-components.com\/it\/wp-json\/wp\/v2\/types\/product"}],"replies":[{"embeddable":true,"href":"https:\/\/fmp-components.com\/it\/wp-json\/wp\/v2\/comments?post=482"}],"wp:featuredmedia":[{"embeddable":true,"href":"https:\/\/fmp-components.com\/it\/wp-json\/wp\/v2\/media\/495"}],"wp:attachment":[{"href":"https:\/\/fmp-components.com\/it\/wp-json\/wp\/v2\/media?parent=482"}],"wp:term":[{"taxonomy":"product_brand","embeddable":true,"href":"https:\/\/fmp-components.com\/it\/wp-json\/wp\/v2\/product_brand?post=482"},{"taxonomy":"product_cat","embeddable":true,"href":"https:\/\/fmp-components.com\/it\/wp-json\/wp\/v2\/product_cat?post=482"},{"taxonomy":"product_tag","embeddable":true,"href":"https:\/\/fmp-components.com\/it\/wp-json\/wp\/v2\/product_tag?post=482"}],"curies":[{"name":"parola chiave","href":"https:\/\/api.w.org\/{rel}","templated":true}]}}