{"id":469,"date":"2024-12-10T08:34:34","date_gmt":"2024-12-10T08:34:34","guid":{"rendered":"https:\/\/fmp-components.com\/?page_id=8"},"modified":"2024-12-10T08:53:20","modified_gmt":"2024-12-10T08:53:20","slug":"small-excavator-cylinder","status":"publish","type":"product","link":"https:\/\/fmp-components.com\/it\/product\/small-excavator-cylinder\/","title":{"rendered":"Cilindro per escavatore piccolo"},"content":{"rendered":"<p style=\"text-align: center;\"><span style=\"font-size: 18pt;\">Cilindro per escavatore piccolo<\/span><\/p>\n<p>Il cilindro per escavatori piccoli \u00e8 un componente idraulico fondamentale progettato per ottimizzare le prestazioni dei piccoli escavatori in vari lavori di costruzione e scavo. Progettato per durabilit\u00e0 ed efficienza, questo cilindro facilita i movimenti essenziali, tra cui sollevamento, scavo e manovra, garantendo un funzionamento preciso.<\/p>\n<p><img loading=\"lazy\" decoding=\"async\" class=\"size-full wp-image-483 aligncenter\" src=\"https:\/\/fmp-components.com\/wp-content\/uploads\/2024\/12\/Small-Excavator-Cylinder.webp\" alt=\"Cilindro per escavatore piccolo\" width=\"760\" height=\"533\" title=\"\" srcset=\"https:\/\/fmp-components.com\/wp-content\/uploads\/2024\/12\/Small-Excavator-Cylinder.webp 760w, https:\/\/fmp-components.com\/wp-content\/uploads\/2024\/12\/Small-Excavator-Cylinder-480x337.webp 480w\" sizes=\"(min-width: 0px) and (max-width: 480px) 480px, (min-width: 481px) 760px, 100vw\" \/><\/p>\n<h4>Caratteristiche principali:<\/h4>\n<ul>\n<li>Costruzione robusta: realizzato con materiali ad alta resistenza, il piccolo cilindro dell&#039;escavatore \u00e8 costruito per resistere alle difficili condizioni dei cantieri edili, garantendo affidabilit\u00e0 e prestazioni durature.<\/li>\n<li>Funzionalit\u00e0 versatile: questo cilindro supporta varie funzioni, tra cui il funzionamento del braccio, dell&#039;avambraccio, della benna e degli accessori, rendendolo parte integrante del funzionamento complessivo dell&#039;escavatore.<\/li>\n<li>Prestazioni idrauliche efficienti: progettato per un funzionamento fluido e reattivo, il sistema idraulico consente agli operatori di eseguire i compiti con precisione, migliorando la produttivit\u00e0 nelle operazioni di scavo, livellamento e movimentazione dei materiali.<\/li>\n<li>Design compatto: il design compatto del cilindro consente una facile integrazione in piccoli escavatori, migliorandone la manovrabilit\u00e0 in spazi ristretti e mantenendo prestazioni elevate.<\/li>\n<li>Bassa manutenzione richiesta: progettato per durare a lungo, il piccolo cilindro dell&#039;escavatore richiede una manutenzione minima, riducendo i tempi di fermo e contribuendo all&#039;efficienza complessiva delle operazioni.<\/li>\n<\/ul>\n<p>Il cilindro per piccoli escavatori \u00e8 un componente essenziale che migliora la funzionalit\u00e0 e la versatilit\u00e0 dei piccoli escavatori, rendendoli strumenti efficaci per un&#039;ampia gamma di applicazioni nei settori dell&#039;edilizia, della paesaggistica e degli scavi.<\/p>\n<h2>Specifiche del cilindro del braccio dell&#039;escavatore piccolo (cilindro del braccio):<\/h2>\n<p>Il cilindro del bastone, noto anche come cilindro del braccio, \u00e8 responsabile dell&#039;estensione e della retrazione del braccio dell&#039;escavatore. Questo cilindro fornisce la forza necessaria per sollevare e abbassare il bastone, consentendo movimenti precisi durante le attivit\u00e0 di scavo e movimentazione dei materiali.<\/p>\n<h2><img loading=\"lazy\" decoding=\"async\" class=\"size-full wp-image-471 aligncenter\" src=\"https:\/\/fmp-components.com\/wp-content\/uploads\/2024\/12\/Small-Excavator-Cylinder1.webp\" alt=\"Cilindro per escavatore piccolo\" width=\"500\" height=\"200\" title=\"\" srcset=\"https:\/\/fmp-components.com\/wp-content\/uploads\/2024\/12\/Small-Excavator-Cylinder1.webp 500w, https:\/\/fmp-components.com\/wp-content\/uploads\/2024\/12\/Small-Excavator-Cylinder1-480x192.webp 480w\" sizes=\"(min-width: 0px) and (max-width: 480px) 480px, (min-width: 481px) 500px, 100vw\" \/><\/h2>\n<table style=\"width: 100%;\" border=\"1\" width=\"100%\" cellspacing=\"0\" cellpadding=\"0\">\n<tbody>\n<tr>\n<td>Nome del prodotto<\/td>\n<td>Cilindro del bastone dell&#039;escavatore piccolo<\/td>\n<\/tr>\n<tr>\n<td>Caratteristiche:<\/td>\n<td>Controllare il movimento dell&#039;avambraccio<\/td>\n<\/tr>\n<tr>\n<td>Diametro del foro:<\/td>\n<td>50mm\uff5e115mm<\/td>\n<\/tr>\n<tr>\n<td>Diametro dell&#039;asta:<\/td>\n<td>25mm\uff5e70mm<br \/>\nCorsa \u22641000mm<\/td>\n<\/tr>\n<tr>\n<td>Forza di spinta:<\/td>\n<td>Massimo 305KN<\/td>\n<\/tr>\n<tr>\n<td>Diametro del foro:<\/td>\n<td>115mm\/pressione29,4MPa)<\/td>\n<\/tr>\n<\/tbody>\n<\/table>\n<h2><\/h2>\n<h2><img loading=\"lazy\" decoding=\"async\" class=\"alignnone size-full wp-image-472\" src=\"https:\/\/fmp-components.com\/wp-content\/uploads\/2024\/12\/Small-Excavator-Cylinder1-1.webp\" alt=\"Cilindro per escavatore piccolo\" width=\"828\" height=\"416\" title=\"\" srcset=\"https:\/\/fmp-components.com\/wp-content\/uploads\/2024\/12\/Small-Excavator-Cylinder1-1.webp 828w, https:\/\/fmp-components.com\/wp-content\/uploads\/2024\/12\/Small-Excavator-Cylinder1-1-480x241.webp 480w\" sizes=\"(min-width: 0px) and (max-width: 480px) 480px, (min-width: 481px) 828px, 100vw\" \/><\/h2>\n<h2>Specifiche del cilindro della benna del piccolo escavatore:<\/h2>\n<p>Il cilindro della benna aziona la benna dell&#039;escavatore, consentendogli di inclinare e scaricare materiali. Questo cilindro \u00e8 fondamentale per scavare, raccogliere e caricare, fornendo la potenza necessaria per manipolare efficacemente la benna.<\/p>\n<h2><img loading=\"lazy\" decoding=\"async\" class=\"size-full wp-image-473 aligncenter\" src=\"https:\/\/fmp-components.com\/wp-content\/uploads\/2024\/12\/Small-Excavator-Cylinder2.webp\" alt=\"Cilindro per escavatore piccolo\" width=\"500\" height=\"200\" title=\"\" srcset=\"https:\/\/fmp-components.com\/wp-content\/uploads\/2024\/12\/Small-Excavator-Cylinder2.webp 500w, https:\/\/fmp-components.com\/wp-content\/uploads\/2024\/12\/Small-Excavator-Cylinder2-480x192.webp 480w\" sizes=\"(min-width: 0px) and (max-width: 480px) 480px, (min-width: 481px) 500px, 100vw\" \/><\/h2>\n<table style=\"width: 100%;\" border=\"1\" width=\"100%\" cellspacing=\"0\" cellpadding=\"0\">\n<tbody>\n<tr>\n<td>Nome del prodotto<\/td>\n<td>Cilindro della benna dell&#039;escavatore piccolo<\/td>\n<\/tr>\n<tr>\n<td>Caratteristiche:<\/td>\n<td>Controllare l&#039;azione del secchio<\/td>\n<\/tr>\n<tr>\n<td>Diametro del foro:<\/td>\n<td>50mm\uff5e105mm<\/td>\n<\/tr>\n<tr>\n<td>Diametro dell&#039;asta:<\/td>\n<td>25mm\uff5e70mm<br \/>\nCorsa \u22641000 mm<\/td>\n<\/tr>\n<tr>\n<td>Forza di spinta:<\/td>\n<td>Massimo 255KN<\/td>\n<\/tr>\n<tr>\n<td>Diametro del foro:<\/td>\n<td>105mm\/pressione29.4MPa<\/td>\n<\/tr>\n<\/tbody>\n<\/table>\n<h2><\/h2>\n<h2><img loading=\"lazy\" decoding=\"async\" class=\"alignnone size-full wp-image-474\" src=\"https:\/\/fmp-components.com\/wp-content\/uploads\/2024\/12\/Small-Excavator-Cylinder2-1.webp\" alt=\"Cilindro per escavatore piccolo\" width=\"847\" height=\"410\" title=\"\" srcset=\"https:\/\/fmp-components.com\/wp-content\/uploads\/2024\/12\/Small-Excavator-Cylinder2-1.webp 847w, https:\/\/fmp-components.com\/wp-content\/uploads\/2024\/12\/Small-Excavator-Cylinder2-1-480x232.webp 480w\" sizes=\"(min-width: 0px) and (max-width: 480px) 480px, (min-width: 481px) 847px, 100vw\" \/><\/h2>\n<h2>Specifiche del cilindro del braccio dell&#039;escavatore piccolo:<\/h2>\n<p>Il cilindro del braccio controlla il movimento del braccio dell&#039;escavatore, consentendogli di sollevarsi e abbassarsi. Questo cilindro \u00e8 essenziale per raggiungere diverse altezze e profondit\u00e0, consentendo all&#039;escavatore di eseguire una variet\u00e0 di attivit\u00e0 con precisione.<\/p>\n<h2><img loading=\"lazy\" decoding=\"async\" class=\"size-full wp-image-475 aligncenter\" src=\"https:\/\/fmp-components.com\/wp-content\/uploads\/2024\/12\/Small-Excavator-Cylinder3.webp\" alt=\"Cilindro per escavatore piccolo\" width=\"500\" height=\"200\" title=\"\" srcset=\"https:\/\/fmp-components.com\/wp-content\/uploads\/2024\/12\/Small-Excavator-Cylinder3.webp 500w, https:\/\/fmp-components.com\/wp-content\/uploads\/2024\/12\/Small-Excavator-Cylinder3-480x192.webp 480w\" sizes=\"(min-width: 0px) and (max-width: 480px) 480px, (min-width: 481px) 500px, 100vw\" \/><\/h2>\n<table style=\"width: 100%;\" border=\"1\" width=\"100%\" cellspacing=\"0\" cellpadding=\"0\">\n<tbody>\n<tr>\n<td>Nome del prodotto<\/td>\n<td>Cilindro del braccio dell&#039;escavatore piccolo<\/td>\n<\/tr>\n<tr>\n<td>Caratteristiche:<\/td>\n<td>Controllare il movimento di sollevamento del braccio grande<\/td>\n<\/tr>\n<tr>\n<td>Diametro del foro:<\/td>\n<td>50mm\uff5e125mm<\/td>\n<\/tr>\n<tr>\n<td>Diametro dell&#039;asta:<\/td>\n<td>25mm\uff5e75mm<br \/>\nCorsa \u22641000mm<\/td>\n<\/tr>\n<tr>\n<td>Forza di spinta:<\/td>\n<td>Massimo 361KN<\/td>\n<\/tr>\n<tr>\n<td>Diametro del foro:<\/td>\n<td>125mm\/pressione29.4MPa<\/td>\n<\/tr>\n<\/tbody>\n<\/table>\n<h2><\/h2>\n<h2><img loading=\"lazy\" decoding=\"async\" class=\"alignnone size-full wp-image-476\" src=\"https:\/\/fmp-components.com\/wp-content\/uploads\/2024\/12\/Small-Excavator-Cylinder3-1.webp\" alt=\"Cilindro per escavatore piccolo\" width=\"874\" height=\"394\" title=\"\" srcset=\"https:\/\/fmp-components.com\/wp-content\/uploads\/2024\/12\/Small-Excavator-Cylinder3-1.webp 874w, https:\/\/fmp-components.com\/wp-content\/uploads\/2024\/12\/Small-Excavator-Cylinder3-1-480x216.webp 480w\" sizes=\"(min-width: 0px) and (max-width: 480px) 480px, (min-width: 481px) 874px, 100vw\" \/><\/h2>\n<h2>Specifiche del cilindro di livellamento del piccolo escavatore:<\/h2>\n<p>Il cilindro bulldozer \u00e8 utilizzato per controllare la lama dell&#039;escavatore, consentendo un livellamento e una livellazione precisi del terreno. Questo cilindro aumenta la versatilit\u00e0 dell&#039;escavatore, rendendolo adatto per attivit\u00e0 quali la preparazione del sito e lo spostamento della terra.<\/p>\n<h2><img loading=\"lazy\" decoding=\"async\" class=\"size-full wp-image-477 aligncenter\" src=\"https:\/\/fmp-components.com\/wp-content\/uploads\/2024\/12\/Small-Excavator-Cylinder4.webp\" alt=\"Cilindro per escavatore piccolo\" width=\"500\" height=\"200\" title=\"\" srcset=\"https:\/\/fmp-components.com\/wp-content\/uploads\/2024\/12\/Small-Excavator-Cylinder4.webp 500w, https:\/\/fmp-components.com\/wp-content\/uploads\/2024\/12\/Small-Excavator-Cylinder4-480x192.webp 480w\" sizes=\"(min-width: 0px) and (max-width: 480px) 480px, (min-width: 481px) 500px, 100vw\" \/><\/h2>\n<table style=\"width: 100%;\" border=\"1\" width=\"100%\" cellspacing=\"0\" cellpadding=\"0\">\n<tbody>\n<tr>\n<td>Nome del prodotto<\/td>\n<td>Cilindro di livellamento per escavatori di piccole dimensioni<\/td>\n<\/tr>\n<tr>\n<td>Caratteristiche:<\/td>\n<td>Controllare l&#039;azione del bulldozer<\/td>\n<\/tr>\n<tr>\n<td>Diametro del foro:<\/td>\n<td>50mm\uff5e140mm<\/td>\n<\/tr>\n<tr>\n<td>Diametro dell&#039;asta:<\/td>\n<td>25mm\uff5e80mm<br \/>\nCorsa \u2264250mm<\/td>\n<\/tr>\n<tr>\n<td>Forza di spinta:<\/td>\n<td>Massimo 453KN<\/td>\n<\/tr>\n<tr>\n<td>Diametro del foro:<\/td>\n<td>140mm\/pressione29.4MPa<\/td>\n<\/tr>\n<\/tbody>\n<\/table>\n<h2><\/h2>\n<h2><img loading=\"lazy\" decoding=\"async\" class=\"alignnone size-full wp-image-478\" src=\"https:\/\/fmp-components.com\/wp-content\/uploads\/2024\/12\/Small-Excavator-Cylinder4-1.webp\" alt=\"Cilindro per escavatore piccolo\" width=\"847\" height=\"401\" title=\"\" srcset=\"https:\/\/fmp-components.com\/wp-content\/uploads\/2024\/12\/Small-Excavator-Cylinder4-1.webp 847w, https:\/\/fmp-components.com\/wp-content\/uploads\/2024\/12\/Small-Excavator-Cylinder4-1-480x227.webp 480w\" sizes=\"(min-width: 0px) and (max-width: 480px) 480px, (min-width: 481px) 847px, 100vw\" \/><\/h2>\n<h2>Specifiche dell&#039;attuatore rotante per piccoli escavatori:<\/h2>\n<p>L&#039;attuatore rotante fornisce movimento rotatorio per accessori quali trivelle o pinze. Questo componente consente all&#039;escavatore di eseguire attivit\u00e0 che richiedono movimenti di rotazione o rotazione, aumentandone la flessibilit\u00e0 operativa.<\/p>\n<h2><img loading=\"lazy\" decoding=\"async\" class=\"size-full wp-image-479 aligncenter\" src=\"https:\/\/fmp-components.com\/wp-content\/uploads\/2024\/12\/Small-Excavator-Cylinder5.webp\" alt=\"Cilindro per escavatore piccolo\" width=\"500\" height=\"200\" title=\"\" srcset=\"https:\/\/fmp-components.com\/wp-content\/uploads\/2024\/12\/Small-Excavator-Cylinder5.webp 500w, https:\/\/fmp-components.com\/wp-content\/uploads\/2024\/12\/Small-Excavator-Cylinder5-480x192.webp 480w\" sizes=\"(min-width: 0px) and (max-width: 480px) 480px, (min-width: 481px) 500px, 100vw\" \/><\/h2>\n<table style=\"width: 100%;\" border=\"1\" width=\"100%\" cellspacing=\"0\" cellpadding=\"0\">\n<tbody>\n<tr style=\"height: 23px;\">\n<td style=\"height: 23px;\">Nome del prodotto<\/td>\n<td style=\"height: 23px;\">Attuatore rotante per escavatori di piccole dimensioni<\/td>\n<\/tr>\n<tr style=\"height: 23px;\">\n<td style=\"height: 23px;\">Caratteristiche:<\/td>\n<td style=\"height: 23px;\">Deflessione del braccio grande<\/td>\n<\/tr>\n<tr style=\"height: 23px;\">\n<td style=\"height: 23px;\">Diametro del foro:<\/td>\n<td style=\"height: 23px;\">50mm\uff5e120mm<\/td>\n<\/tr>\n<tr style=\"height: 47px;\">\n<td style=\"height: 47px;\">Diametro dell&#039;asta:<\/td>\n<td style=\"height: 47px;\">25mm\uff5e75mm<br \/>\nCorsa \u22641000mm<\/td>\n<\/tr>\n<tr style=\"height: 23px;\">\n<td style=\"height: 23px;\">Forza di spinta:<\/td>\n<td style=\"height: 23px;\">Massimo 333KN<\/td>\n<\/tr>\n<tr style=\"height: 23px;\">\n<td style=\"height: 23px;\">Diametro del foro:<\/td>\n<td style=\"height: 23px;\">120mm\/pressione29.4MPa<\/td>\n<\/tr>\n<\/tbody>\n<\/table>\n<h2><\/h2>\n<h2><img loading=\"lazy\" decoding=\"async\" class=\"alignnone size-full wp-image-480\" src=\"https:\/\/fmp-components.com\/wp-content\/uploads\/2024\/12\/Small-Excavator-Cylinder5-1.webp\" alt=\"Cilindro per escavatore piccolo\" width=\"849\" height=\"392\" title=\"\" srcset=\"https:\/\/fmp-components.com\/wp-content\/uploads\/2024\/12\/Small-Excavator-Cylinder5-1.webp 849w, https:\/\/fmp-components.com\/wp-content\/uploads\/2024\/12\/Small-Excavator-Cylinder5-1-480x222.webp 480w\" sizes=\"(min-width: 0px) and (max-width: 480px) 480px, (min-width: 481px) 849px, 100vw\" \/><\/h2>\n<h2>Informazioni su FMP<\/h2>\n<p>FMP \u00e8 un&#039;azienda specializzata nella produzione meccanica dedicata alla produzione di cilindri idraulici. Sin dalla sua fondazione, l&#039;azienda si \u00e8 concentrata sulla ricerca e sulla produzione di tecnologia idraulica, passando con successo da una gamma di prodotti diversificata che includeva macchinari per la raccolta e l&#039;edilizia alla specializzazione in componenti per trattori agricoli. Con oltre un decennio di esperienza nella produzione e nella gestione, FMP garantisce prodotti di alta qualit\u00e0 attraverso tecniche di produzione avanzate.<\/p>\n<p>Con l&#039;evoluzione dell&#039;azienda, \u00e8 stata sviluppata una linea di produzione completa per lavorazioni meccaniche, una linea di assemblaggio e una linea di rivestimento. Il nostro team \u00e8 composto da personale dirigenziale qualificato, progettisti meccanici esperti e tecnici altamente qualificati che lavorano insieme per mantenere una qualit\u00e0 di produzione stabile, controllando efficacemente la continuit\u00e0 e l&#039;efficienza del processo.<\/p>\n<p>FMP sostiene la filosofia di &quot;Innovazione tecnologica che guida il progresso, qualit\u00e0 che crea marchi, artigianalit\u00e0 che garantisce la qualit\u00e0 e costruzione di relazioni win-win a lungo termine&quot;. Il nostro impegno nel fornire prodotti di alta qualit\u00e0 e un servizio clienti superiore rimane un obiettivo fondamentale mentre continuiamo a soddisfare le mutevoli esigenze del mercato.<\/p>\n<p><img loading=\"lazy\" decoding=\"async\" class=\"alignnone size-full wp-image-426\" src=\"https:\/\/fmp-components.com\/wp-content\/uploads\/2024\/12\/Sanitation-Machinery-Locking-Hydraulic-Cylinder-factory.webp\" sizes=\"(min-width: 0px) and (max-width: 480px) 480px, (min-width: 481px) and (max-width: 980px) 980px, (min-width: 981px) and (max-width: 1280px) 1280px, (min-width: 1281px) 1414px, 100vw\" srcset=\"https:\/\/fmp-components.com\/wp-content\/uploads\/2024\/12\/Sanitation-Machinery-Locking-Hydraulic-Cylinder-factory.webp 1414w, https:\/\/fmp-components.com\/wp-content\/uploads\/2024\/12\/Sanitation-Machinery-Locking-Hydraulic-Cylinder-factory-1280x529.webp 1280w, https:\/\/fmp-components.com\/wp-content\/uploads\/2024\/12\/Sanitation-Machinery-Locking-Hydraulic-Cylinder-factory-980x405.webp 980w, https:\/\/fmp-components.com\/wp-content\/uploads\/2024\/12\/Sanitation-Machinery-Locking-Hydraulic-Cylinder-factory-480x198.webp 480w\" alt=\"Fabbrica di cilindri idraulici di bloccaggio-macchine-igieniche\" width=\"1414\" height=\"584\" title=\"\"><\/p>\n<p>Autore: CX<\/p>","protected":false},"excerpt":{"rendered":"<p>Il cilindro per escavatori di piccole dimensioni \u00e8 un componente idraulico essenziale progettato per fornire un movimento potente e preciso per i piccoli escavatori. Questo cilindro \u00e8 progettato per facilitare varie funzioni, come sollevamento, scavo e inclinazione, garantendo il funzionamento efficiente della macchina. Realizzato con materiali ad alta resistenza, \u00e8 costruito per resistere alle condizioni difficili dei cantieri edili e di scavo, offrendo durata e affidabilit\u00e0. Il design compatto consente una facile integrazione nei piccoli escavatori, consentendo una maggiore manovrabilit\u00e0 in spazi ristretti. Con le sue efficienti prestazioni idrauliche, il cilindro per escavatori di piccole dimensioni svolge un ruolo fondamentale nell&#039;ottimizzazione delle capacit\u00e0 della macchina per un&#039;ampia gamma di applicazioni.<\/p>","protected":false},"featured_media":470,"comment_status":"open","ping_status":"closed","template":"","meta":{"_et_pb_use_builder":"","_et_pb_old_content":"","_et_gb_content_width":""},"product_brand":[],"product_cat":[25],"product_tag":[],"class_list":{"0":"post-469","1":"product","2":"type-product","3":"status-publish","4":"has-post-thumbnail","6":"product_cat-mobile-machinery-hydraulic-cylinder","8":"first","9":"instock","10":"shipping-taxable","11":"product-type-simple"},"_links":{"self":[{"href":"https:\/\/fmp-components.com\/it\/wp-json\/wp\/v2\/product\/469","targetHints":{"allow":["GET"]}}],"collection":[{"href":"https:\/\/fmp-components.com\/it\/wp-json\/wp\/v2\/product"}],"about":[{"href":"https:\/\/fmp-components.com\/it\/wp-json\/wp\/v2\/types\/product"}],"replies":[{"embeddable":true,"href":"https:\/\/fmp-components.com\/it\/wp-json\/wp\/v2\/comments?post=469"}],"wp:featuredmedia":[{"embeddable":true,"href":"https:\/\/fmp-components.com\/it\/wp-json\/wp\/v2\/media\/470"}],"wp:attachment":[{"href":"https:\/\/fmp-components.com\/it\/wp-json\/wp\/v2\/media?parent=469"}],"wp:term":[{"taxonomy":"product_brand","embeddable":true,"href":"https:\/\/fmp-components.com\/it\/wp-json\/wp\/v2\/product_brand?post=469"},{"taxonomy":"product_cat","embeddable":true,"href":"https:\/\/fmp-components.com\/it\/wp-json\/wp\/v2\/product_cat?post=469"},{"taxonomy":"product_tag","embeddable":true,"href":"https:\/\/fmp-components.com\/it\/wp-json\/wp\/v2\/product_tag?post=469"}],"curies":[{"name":"parola chiave","href":"https:\/\/api.w.org\/{rel}","templated":true}]}}