{"id":456,"date":"2024-12-10T07:37:31","date_gmt":"2024-12-10T07:37:31","guid":{"rendered":"https:\/\/fmp-components.com\/?page_id=8"},"modified":"2024-12-10T07:38:07","modified_gmt":"2024-12-10T07:38:07","slug":"crane-boom-anti-tilt-hydraulic-cylinder","status":"publish","type":"product","link":"https:\/\/fmp-components.com\/it\/product\/crane-boom-anti-tilt-hydraulic-cylinder\/","title":{"rendered":"Cilindro idraulico antiribaltamento del braccio della gru"},"content":{"rendered":"<p style=\"text-align: center;\"><span style=\"font-size: 18pt;\">Cilindro idraulico antiribaltamento del braccio della gru<\/span><\/p>\n<p>Il cilindro idraulico antiribaltamento del braccio della gru \u00e8 un componente essenziale progettato per migliorare la stabilit\u00e0 e la sicurezza delle operazioni della gru, impedendo l&#039;inclinazione del braccio durante il sollevamento. Questo cilindro idraulico fornisce un controllo preciso dell&#039;angolazione del braccio, garantendone il mantenimento in piano anche durante la movimentazione di carichi pesanti.<\/p>\n<h2><img loading=\"lazy\" decoding=\"async\" class=\"size-full wp-image-458 aligncenter\" src=\"https:\/\/fmp-components.com\/wp-content\/uploads\/2024\/12\/Crane-Boom-Anti-Tilt-Hydraulic-Cylinder.jpg\" alt=\"Cilindro idraulico antiribaltamento del braccio della gru\" width=\"500\" height=\"500\" title=\"\" srcset=\"https:\/\/fmp-components.com\/wp-content\/uploads\/2024\/12\/Crane-Boom-Anti-Tilt-Hydraulic-Cylinder.jpg 500w, https:\/\/fmp-components.com\/wp-content\/uploads\/2024\/12\/Crane-Boom-Anti-Tilt-Hydraulic-Cylinder-480x480.jpg 480w\" sizes=\"(min-width: 0px) and (max-width: 480px) 480px, (min-width: 481px) 500px, 100vw\" \/><\/h2>\n<h4>Caratteristiche principali:<\/h4>\n<ul>\n<li>Costruzione durevole: realizzato con materiali ad alta resistenza, questo cilindro idraulico \u00e8 progettato per resistere alle condizioni impegnative degli ambienti edili e industriali, garantendo durata e affidabilit\u00e0 durature.<\/li>\n<li>Maggiore stabilit\u00e0: impedendo l&#039;inclinazione del braccio della gru, questo cilindro aiuta a mantenere un equilibrio ottimale, riducendo il rischio di incidenti e migliorando la sicurezza generale per gli operatori e il personale del cantiere.<\/li>\n<li>Funzionamento idraulico fluido: il sistema idraulico avanzato consente movimenti fluidi e controllati, consentendo regolazioni rapide della posizione del braccio senza comprometterne la stabilit\u00e0.<\/li>\n<li>Applicazione versatile: adatto a un&#039;ampia gamma di gru, tra cui gru a torre e gru mobili, il cilindro idraulico antiribaltamento pu\u00f2 essere facilmente integrato in vari sistemi di sollevamento, il che lo rende una soluzione versatile.<\/li>\n<li>Bassa manutenzione richiesta: progettato per garantire efficienza e durata, questo cilindro idraulico richiede una manutenzione minima, contribuendo a ridurre i tempi di fermo e ad aumentare la produttivit\u00e0.<\/li>\n<\/ul>\n<p>In sintesi, il cilindro idraulico antiribaltamento del braccio della gru \u00e8 un componente essenziale che migliora le prestazioni e la sicurezza della gru garantendo stabilit\u00e0 durante le operazioni di sollevamento, rendendolo indispensabile per applicazioni di sollevamento efficaci e affidabili.<\/p>\n<h2>Parti del cilindro idraulico antiribaltamento del braccio della gru:<\/h2>\n<h2><img loading=\"lazy\" decoding=\"async\" class=\"alignnone size-full wp-image-460\" src=\"https:\/\/fmp-components.com\/wp-content\/uploads\/2024\/12\/Crane-Boom-Anti-Tilt-Hydraulic-Cylinder-Parts.webp\" alt=\"Cilindro idraulico antiribaltamento del braccio della gru\" width=\"1024\" height=\"584\" title=\"\" srcset=\"https:\/\/fmp-components.com\/wp-content\/uploads\/2024\/12\/Crane-Boom-Anti-Tilt-Hydraulic-Cylinder-Parts.webp 1024w, https:\/\/fmp-components.com\/wp-content\/uploads\/2024\/12\/Crane-Boom-Anti-Tilt-Hydraulic-Cylinder-Parts-980x559.webp 980w, https:\/\/fmp-components.com\/wp-content\/uploads\/2024\/12\/Crane-Boom-Anti-Tilt-Hydraulic-Cylinder-Parts-480x274.webp 480w\" sizes=\"(min-width: 0px) and (max-width: 480px) 480px, (min-width: 481px) and (max-width: 980px) 980px, (min-width: 981px) 1024px, 100vw\" \/><\/h2>\n<div class=\"J_module\">\n<div class=\"ife-detail-decorate-table\">\n<table class=\"has-title all magic-6\" style=\"width: 92.8712%;\" border=\"1\" cellspacing=\"0\" cellpadding=\"0\">\n<tbody>\n<tr>\n<td style=\"width: 4.6832%;\" colspan=\"1\" rowspan=\"1\">\n<div class=\"magic-30\" data-spm-anchor-id=\"a2700.details.0.i49.7e632033fSTlII\">1<\/div>\n<\/td>\n<td style=\"width: 38.292%;\" colspan=\"1\" rowspan=\"1\">\n<div class=\"magic-31\">Gruppo alloggiamento cilindro<\/div>\n<\/td>\n<td style=\"width: 4.6832%;\" colspan=\"1\" rowspan=\"1\">\n<div class=\"magic-32\">12<\/div>\n<\/td>\n<td style=\"width: 27.5482%;\" colspan=\"1\" rowspan=\"1\">\n<div class=\"magic-33\">Noce<\/div>\n<\/td>\n<td style=\"width: 4.6832%;\" colspan=\"1\" rowspan=\"1\">\n<div class=\"magic-34\">23<\/div>\n<\/td>\n<td style=\"width: 160.331%;\" colspan=\"1\" rowspan=\"1\">\n<div class=\"magic-35\">Viti di fissaggio<\/div>\n<\/td>\n<\/tr>\n<tr>\n<td style=\"width: 4.6832%;\" colspan=\"1\" rowspan=\"1\">\n<div class=\"magic-30\">2<\/div>\n<\/td>\n<td style=\"width: 38.292%;\" colspan=\"1\" rowspan=\"1\">\n<div class=\"magic-31\">Biella<\/div>\n<\/td>\n<td style=\"width: 4.6832%;\" colspan=\"1\" rowspan=\"1\">\n<div class=\"magic-32\">13<\/div>\n<\/td>\n<td style=\"width: 27.5482%;\" colspan=\"1\" rowspan=\"1\">\n<div class=\"magic-33\">Rondelle elastiche<\/div>\n<\/td>\n<td style=\"width: 4.6832%;\" colspan=\"1\" rowspan=\"1\">\n<div class=\"magic-34\">24<\/div>\n<\/td>\n<td style=\"width: 160.331%;\" colspan=\"1\" rowspan=\"1\">\n<div class=\"magic-35\">Il cespuglio<\/div>\n<\/td>\n<\/tr>\n<tr>\n<td style=\"width: 4.6832%;\" colspan=\"1\" rowspan=\"1\">\n<div class=\"magic-30\">3<\/div>\n<\/td>\n<td style=\"width: 38.292%;\" colspan=\"1\" rowspan=\"1\">\n<div class=\"magic-31\">Pistone<\/div>\n<\/td>\n<td style=\"width: 4.6832%;\" colspan=\"1\" rowspan=\"1\">\n<div class=\"magic-32\">14<\/div>\n<\/td>\n<td style=\"width: 27.5482%;\" colspan=\"1\" rowspan=\"1\">\n<div class=\"magic-33\">Rondelle piatte<\/div>\n<\/td>\n<td style=\"width: 4.6832%;\" colspan=\"1\" rowspan=\"1\">\n<div class=\"magic-34\">25<\/div>\n<\/td>\n<td style=\"width: 160.331%;\" colspan=\"1\" rowspan=\"1\">\n<div class=\"magic-35\">Guarnizione dell&#039;asta<\/div>\n<\/td>\n<\/tr>\n<tr>\n<td style=\"width: 4.6832%;\" colspan=\"1\" rowspan=\"1\">\n<div class=\"magic-30\">4<\/div>\n<\/td>\n<td style=\"width: 38.292%;\" colspan=\"1\" rowspan=\"1\">\n<div class=\"magic-31\">Controdado<\/div>\n<\/td>\n<td style=\"width: 4.6832%;\" colspan=\"1\" rowspan=\"1\">\n<div class=\"magic-32\">15<\/div>\n<\/td>\n<td style=\"width: 27.5482%;\" colspan=\"1\" rowspan=\"1\">\n<div class=\"magic-33\">Coperchio della valvola<\/div>\n<\/td>\n<td style=\"width: 4.6832%;\" colspan=\"1\" rowspan=\"1\">\n<div class=\"magic-34\">26<\/div>\n<\/td>\n<td style=\"width: 160.331%;\" colspan=\"1\" rowspan=\"1\">\n<div class=\"magic-35\">Anello a U<\/div>\n<\/td>\n<\/tr>\n<tr>\n<td style=\"width: 4.6832%;\" colspan=\"1\" rowspan=\"1\">\n<div class=\"magic-30\">5<\/div>\n<\/td>\n<td style=\"width: 38.292%;\" colspan=\"1\" rowspan=\"1\">\n<div class=\"magic-31\">Boccola di guida<\/div>\n<\/td>\n<td style=\"width: 4.6832%;\" colspan=\"1\" rowspan=\"1\">\n<div class=\"magic-32\">16<\/div>\n<\/td>\n<td style=\"width: 27.5482%;\" colspan=\"1\" rowspan=\"1\">\n<div class=\"magic-33\">Viti di fissaggio<\/div>\n<\/td>\n<td style=\"width: 4.6832%;\" colspan=\"1\" rowspan=\"1\">\n<div class=\"magic-34\">27<\/div>\n<\/td>\n<td style=\"width: 160.331%;\" colspan=\"1\" rowspan=\"1\">\n<div class=\"magic-35\">Tergicristallo antipolvere<\/div>\n<\/td>\n<\/tr>\n<tr>\n<td style=\"width: 4.6832%;\" colspan=\"1\" rowspan=\"1\">\n<div class=\"magic-30\">6<\/div>\n<\/td>\n<td style=\"width: 38.292%;\" colspan=\"1\" rowspan=\"1\">\n<div class=\"magic-31\">Ghiandola<\/div>\n<\/td>\n<td style=\"width: 4.6832%;\" colspan=\"1\" rowspan=\"1\">\n<div class=\"magic-32\">17<\/div>\n<\/td>\n<td style=\"width: 27.5482%;\" colspan=\"1\" rowspan=\"1\">\n<div class=\"magic-33\">Anello di usura<\/div>\n<\/td>\n<td style=\"width: 4.6832%;\" colspan=\"1\" rowspan=\"1\">\n<div class=\"magic-34\">28<\/div>\n<\/td>\n<td style=\"width: 160.331%;\" colspan=\"1\" rowspan=\"1\">\n<div class=\"magic-35\">Anello di tenuta<\/div>\n<\/td>\n<\/tr>\n<tr>\n<td style=\"width: 4.6832%;\" colspan=\"1\" rowspan=\"1\">\n<div class=\"magic-30\">7<\/div>\n<\/td>\n<td style=\"width: 38.292%;\" colspan=\"1\" rowspan=\"1\">\n<div class=\"magic-31\">Forcella<\/div>\n<\/td>\n<td style=\"width: 4.6832%;\" colspan=\"1\" rowspan=\"1\">\n<div class=\"magic-32\">18<\/div>\n<\/td>\n<td style=\"width: 27.5482%;\" colspan=\"1\" rowspan=\"1\">\n<div class=\"magic-33\">Sigillo del foro<\/div>\n<\/td>\n<td style=\"width: 4.6832%;\" colspan=\"1\" rowspan=\"1\">\n<div class=\"magic-34\">29<\/div>\n<\/td>\n<td style=\"width: 160.331%;\" colspan=\"1\" rowspan=\"1\">\n<div class=\"magic-35\">Anello di tenuta<\/div>\n<\/td>\n<\/tr>\n<tr>\n<td style=\"width: 4.6832%;\" colspan=\"1\" rowspan=\"1\">\n<div class=\"magic-30\">8<\/div>\n<\/td>\n<td style=\"width: 38.292%;\" colspan=\"1\" rowspan=\"1\">\n<div class=\"magic-31\">Copertura antipolvere<\/div>\n<\/td>\n<td style=\"width: 4.6832%;\" colspan=\"1\" rowspan=\"1\">\n<div class=\"magic-32\">19<\/div>\n<\/td>\n<td style=\"width: 27.5482%;\" colspan=\"1\" rowspan=\"1\">\n<div class=\"magic-33\">Anello a U<\/div>\n<\/td>\n<td style=\"width: 4.6832%;\" colspan=\"1\" rowspan=\"1\">\n<div class=\"magic-34\">30<\/div>\n<\/td>\n<td style=\"width: 160.331%;\" colspan=\"1\" rowspan=\"1\">\n<div class=\"magic-35\">Il cespuglio<\/div>\n<\/td>\n<\/tr>\n<tr>\n<td style=\"width: 4.6832%;\" colspan=\"1\" rowspan=\"1\">\n<div class=\"magic-30\">9<\/div>\n<\/td>\n<td style=\"width: 38.292%;\" colspan=\"1\" rowspan=\"1\">\n<div class=\"magic-31\">Copertura del tubo dell&#039;olio<\/div>\n<\/td>\n<td style=\"width: 4.6832%;\" colspan=\"1\" rowspan=\"1\">\n<div class=\"magic-32\">20<\/div>\n<\/td>\n<td style=\"width: 27.5482%;\" colspan=\"1\" rowspan=\"1\">\n<div class=\"magic-33\">Anello di tenuta<\/div>\n<\/td>\n<td style=\"width: 4.6832%;\" colspan=\"1\" rowspan=\"1\">\n<div class=\"magic-34\">31<\/div>\n<\/td>\n<td style=\"width: 160.331%;\" colspan=\"1\" rowspan=\"1\">\n<div class=\"magic-35\">Viti di fissaggio<\/div>\n<\/td>\n<\/tr>\n<tr>\n<td style=\"width: 4.6832%;\" colspan=\"1\" rowspan=\"1\">\n<div class=\"magic-30\">10<\/div>\n<\/td>\n<td style=\"width: 38.292%;\" colspan=\"1\" rowspan=\"1\">\n<div class=\"magic-31\">Asta di guida<\/div>\n<\/td>\n<td style=\"width: 4.6832%;\" colspan=\"1\" rowspan=\"1\">\n<div class=\"magic-32\">21<\/div>\n<\/td>\n<td style=\"width: 27.5482%;\" colspan=\"1\" rowspan=\"1\">\n<div class=\"magic-33\">Anello di tenuta<\/div>\n<\/td>\n<td style=\"width: 4.6832%;\" colspan=\"1\" rowspan=\"1\">\n<div class=\"magic-34\"><\/div>\n<\/td>\n<td style=\"width: 160.331%;\" colspan=\"1\" rowspan=\"1\">\n<div class=\"magic-35\"><\/div>\n<\/td>\n<\/tr>\n<tr>\n<td style=\"width: 4.6832%;\" colspan=\"1\" rowspan=\"1\">\n<div class=\"magic-30\">11<\/div>\n<\/td>\n<td style=\"width: 38.292%;\" colspan=\"1\" rowspan=\"1\">\n<div class=\"magic-31\">Bullone<\/div>\n<\/td>\n<td style=\"width: 4.6832%;\" colspan=\"1\" rowspan=\"1\">\n<div class=\"magic-32\">22<\/div>\n<\/td>\n<td style=\"width: 27.5482%;\" colspan=\"1\" rowspan=\"1\">\n<div class=\"magic-33\">Anello posteriore<\/div>\n<\/td>\n<td style=\"width: 4.6832%;\" colspan=\"1\" rowspan=\"1\">\n<div class=\"magic-34\"><\/div>\n<\/td>\n<td style=\"width: 160.331%;\" colspan=\"1\" rowspan=\"1\">\n<div class=\"magic-35\"><\/div>\n<\/td>\n<\/tr>\n<\/tbody>\n<\/table>\n<\/div>\n<\/div>\n<h2>Dimensioni del cilindro idraulico antiribaltamento del braccio della gru:<\/h2>\n<table style=\"width: 100%;\">\n<tbody>\n<tr>\n<td style=\"width: 52.2532%;\">\n<h2><img loading=\"lazy\" decoding=\"async\" class=\"alignnone size-full wp-image-458\" src=\"https:\/\/fmp-components.com\/wp-content\/uploads\/2024\/12\/Crane-Boom-Anti-Tilt-Hydraulic-Cylinder.jpg\" alt=\"Cilindro idraulico antiribaltamento del braccio della gru\" width=\"500\" height=\"500\" title=\"\" srcset=\"https:\/\/fmp-components.com\/wp-content\/uploads\/2024\/12\/Crane-Boom-Anti-Tilt-Hydraulic-Cylinder.jpg 500w, https:\/\/fmp-components.com\/wp-content\/uploads\/2024\/12\/Crane-Boom-Anti-Tilt-Hydraulic-Cylinder-480x480.jpg 480w\" sizes=\"(min-width: 0px) and (max-width: 480px) 480px, (min-width: 481px) 500px, 100vw\" \/><\/h2>\n<\/td>\n<td style=\"width: 47.103%;\">\n<h2><img loading=\"lazy\" decoding=\"async\" class=\"alignnone size-full wp-image-459\" src=\"https:\/\/fmp-components.com\/wp-content\/uploads\/2024\/12\/Crane-Boom-Anti-Tilt-Hydraulic-Cylinder-Dimensions-2.webp\" alt=\"Cilindro idraulico antiribaltamento del braccio della gru\" width=\"980\" height=\"435\" title=\"\" srcset=\"https:\/\/fmp-components.com\/wp-content\/uploads\/2024\/12\/Crane-Boom-Anti-Tilt-Hydraulic-Cylinder-Dimensions-2.webp 980w, https:\/\/fmp-components.com\/wp-content\/uploads\/2024\/12\/Crane-Boom-Anti-Tilt-Hydraulic-Cylinder-Dimensions-2-480x213.webp 480w\" sizes=\"(min-width: 0px) and (max-width: 480px) 480px, (min-width: 481px) 980px, 100vw\" \/><\/h2>\n<\/td>\n<\/tr>\n<\/tbody>\n<\/table>\n<table style=\"width: 100%; height: 131px;\" border=\"1\" cellspacing=\"0\" cellpadding=\"0\">\n<tbody>\n<tr style=\"height: 71px;\">\n<td style=\"height: 71px;\" width=\"246\">Nome del cilindro<\/td>\n<td style=\"height: 71px;\" width=\"336\">Numero del disegno<\/td>\n<td style=\"height: 71px;\" width=\"126\">Diametro del foro (D)<\/td>\n<td style=\"height: 71px;\" width=\"123\">Diametro dell&#039;asta (d)<\/td>\n<td style=\"height: 71px;\" width=\"114\">Colpo (S)<\/td>\n<td style=\"height: 71px;\" width=\"170\">Distanza di installazione (L)<\/td>\n<td style=\"height: 71px;\" width=\"172\">Pressione di lavoro<\/td>\n<td style=\"height: 71px;\" width=\"366\">Dimensioni dell&#039;interfaccia (M)<\/td>\n<td style=\"height: 71px;\" width=\"96\">Peso<\/td>\n<\/tr>\n<tr style=\"height: 60px;\">\n<td class=\"et3\" style=\"height: 60px;\" width=\"246\" height=\"335\">Cilindro idraulico antiribaltamento del braccio<\/td>\n<td class=\"et4\" style=\"height: 60px;\" width=\"336\">ZXYG17.04-00<\/td>\n<td class=\"et4\" style=\"height: 60px;\" width=\"126\">\u03a6190<\/td>\n<td class=\"et4\" style=\"height: 60px;\" width=\"123\">\u03a6160<\/td>\n<td class=\"et4\" style=\"height: 60px;\" width=\"114\">1400<\/td>\n<td class=\"et4\" style=\"height: 60px;\" width=\"170\">4300<\/td>\n<td class=\"et4\" style=\"height: 60px;\" width=\"172\">31,5 MPa<\/td>\n<td class=\"et4\" style=\"height: 60px;\" width=\"366\">G1\/4;2-\u03a69<\/td>\n<td class=\"et4\" style=\"height: 60px;\" width=\"96\">820 kg<\/td>\n<\/tr>\n<\/tbody>\n<\/table>\n<h2>Cilindro idraulico marche e modelli disponibili:<\/h2>\n<table border=\"1\" cellspacing=\"0\" cellpadding=\"0\">\n<tbody>\n<tr>\n<td><span data-spm-anchor-id=\"a2700.details.0.i43.45d84a73e99C9z\">KOMATSU (PC)<\/span><\/td>\n<td>PC30, PC40, PC50, PC56, PC60, PC78, PC100, PC110, PC120, PC130, PC160, PC200-3\/5\/6\/7\/8\/8MO, PC210, PC220-5\/6\/7\/8\/8MO, PC240, PC300\/350\/360-5\/6\/7\/8\/8MO, PC400\/450-5\/6\/7\/8\/8MO, PC800, PC850<\/td>\n<\/tr>\n<tr>\n<td>BRUCO (E)<\/td>\n<td>E301.5,E302,E305.5,E306,E307V1\/V2\/B\/C\/D\/E\/F,E308B\/C,E120B,E312V1\/V2\/B\/C\/D,E313D2,E312D2,E315D,<br \/>\nE200B,E320V1\/V2\/A\/B\/C\/D,E324D,E325C\/D,E329D,E330\/336C\/D,E345C,E349D,E365C,E374,E390<\/td>\n<\/tr>\n<tr>\n<td>KOBELCO (Slovacchia)<\/td>\n<td>SK60-3\/5\/8,SK75-8\/SR, SK100, SK120-3\/5, SK135-8\/SR, SK140-8, SK200-3\/5\/6\/6E, SK210-3\/5\/6\/ 6E,<br \/>\nSK230\/250-6E,SK250-8,SK260-8,SK350-8\/S8,SK460\/480-8<\/td>\n<\/tr>\n<tr>\n<td>La tua HYUNDAI (R)<\/td>\n<td>R55-5\/7, R60-5\/7, R80, R110, R130, R200-5, R210-5, R215-5\/7, R220-5\/7\/9, R225-5\/7\/9, R250, R260, R265, R290, R305, R445, R485, R505<\/td>\n<\/tr>\n<tr>\n<td><span data-spm-anchor-id=\"a2700.details.0.i53.45d84a73e99C9z\">HITACHI (EX.ZX)<\/span><\/td>\n<td>EX60,EX100-1\/2\/3,EX120-1\/3\/5\/6,EX200-1\/3\/5,EX230-5,EX300-1,EX400<br \/>\nZAX60,ZAX70,ZA120-6,ZAX200\/210-1\/3\/5\/5K,ZAX240,ZAX250,ZAX260,ZAX330-3\/5\/6,ZAX450\/470,ZAX650\/670,ZAX850\/870<\/td>\n<\/tr>\n<tr>\n<td>\n<div class=\"magic-32\"><span data-spm-anchor-id=\"a2700.details.0.i55.45d84a73e99C9z\">DOOSAN (DH\/DX)<\/span><\/div>\n<\/td>\n<td>\n<div class=\"magic-33\"><span class=\"magic-34\">DH55, DH60, DH80,DH150, DH215-5\/7,DH220-5,DH225-5\/7,DH258,DH300-5\/7, DH370,DH420,DH500<br \/>\nDX55, DX60, DX75, DX130, DX225-9, DX300, DX380, DX420, DX500<\/span><\/div>\n<\/td>\n<\/tr>\n<tr>\n<td>\n<div class=\"magic-32\">VOLVO (CE)<\/div>\n<\/td>\n<td>\n<div class=\"magic-33\"><span class=\"magic-34\">EC55, EC60, EC75, EC80, EC140, EC210B\/D, EC220D, EC240, EC250, EC290, EC300, EC360 EC380, EC460, EC480, EC700, EC750, EC950<\/span><\/div>\n<\/td>\n<\/tr>\n<tr>\n<td>\n<div class=\"magic-32\">KATO (HD)<\/div>\n<\/td>\n<td>\n<div class=\"magic-33\"><span class=\"magic-34\">HD307\/308, HD450, HD512, HD700-5\/7, HD820-1\/2\/3\/5\/R, HD1023-1\/3, HD1430-1\/3<\/span><\/div>\n<\/td>\n<\/tr>\n<tr>\n<td>\n<div class=\"magic-32\">ALTRO MARCHIO<\/div>\n<\/td>\n<td>\n<div class=\"magic-33\"><span class=\"magic-34\">XCMG,LIUGONG,KUBOTA,CASO,YANMAR,SUNWARD,ZOOMLION,LISHIDE,LIEHERR<\/span><\/div>\n<\/td>\n<\/tr>\n<\/tbody>\n<\/table>\n<h3>Vantaggi del cilindro idraulico antiribaltamento del braccio della gru<\/h3>\n<h4>1. Stabilit\u00e0 migliorata<\/h4>\n<p>Il cilindro idraulico antiribaltamento del braccio della gru \u00e8 specificamente progettato per impedire il ribaltamento del braccio durante le operazioni di sollevamento. Questa stabilit\u00e0 \u00e8 fondamentale per la movimentazione sicura di carichi pesanti e riduce il rischio di incidenti in cantiere.<\/p>\n<h4>2. Maggiore sicurezza<\/h4>\n<p>Mantenendo il braccio della gru in posizione orizzontale, questo cilindro idraulico migliora la sicurezza generale degli operatori e del personale nelle vicinanze. Riduce al minimo il rischio di guasti al braccio o di movimenti involontari, salvaguardando sia le attrezzature che i lavoratori.<\/p>\n<h4>3. Controllo preciso<\/h4>\n<p>Il cilindro garantisce un controllo preciso dell&#039;angolazione del braccio, consentendo agli operatori di effettuare regolazioni fluide. Questa precisione \u00e8 essenziale per gestire operazioni di sollevamento complesse e ottimizzare le prestazioni in spazi ristretti.<\/p>\n<h4>4. Costruzione durevole<\/h4>\n<p>Realizzato con materiali ad alta resistenza, il cilindro idraulico antiribaltamento \u00e8 progettato per resistere alle difficili condizioni degli ambienti edili e industriali. La sua struttura robusta garantisce durata e affidabilit\u00e0 nel tempo.<\/p>\n<h4>5. Applicazione versatile<\/h4>\n<p>Questo cilindro idraulico \u00e8 compatibile con diversi tipi di gru, tra cui gru a torre e gru mobili. La sua versatilit\u00e0 lo rende adatto a diverse applicazioni di sollevamento in vari settori.<\/p>\n<h4>6. Bassa necessit\u00e0 di manutenzione<\/h4>\n<p>Il design del cilindro idraulico antiribaltamento riduce al minimo l&#039;usura, riducendo le esigenze di manutenzione. Ci\u00f2 si traduce in tempi di fermo macchina e costi operativi ridotti, contribuendo a una maggiore efficienza.<\/p>\n<h4>7. Efficienza energetica<\/h4>\n<p>Il sistema idraulico \u00e8 ottimizzato per l&#039;uso energetico, riducendo il consumo di energia durante il funzionamento. Questa efficienza non solo riduce i costi operativi, ma favorisce anche pratiche pi\u00f9 sostenibili nell&#039;utilizzo delle gru.<\/p>\n<p>Il cilindro idraulico antiribaltamento del braccio della gru offre numerosi vantaggi, tra cui maggiore stabilit\u00e0, maggiore sicurezza e controllo preciso, rendendolo un componente indispensabile per un funzionamento efficace e affidabile della gru in diverse applicazioni.<\/p>\n<p><img loading=\"lazy\" decoding=\"async\" class=\"alignnone size-full wp-image-447\" src=\"https:\/\/fmp-components.com\/wp-content\/uploads\/2024\/12\/Crane.webp\" alt=\"Gru\" width=\"1234\" height=\"822\" title=\"\" srcset=\"https:\/\/fmp-components.com\/wp-content\/uploads\/2024\/12\/Crane.webp 1234w, https:\/\/fmp-components.com\/wp-content\/uploads\/2024\/12\/Crane-980x653.webp 980w, https:\/\/fmp-components.com\/wp-content\/uploads\/2024\/12\/Crane-480x320.webp 480w\" sizes=\"(min-width: 0px) and (max-width: 480px) 480px, (min-width: 481px) and (max-width: 980px) 980px, (min-width: 981px) 1234px, 100vw\" \/><\/p>\n<h2>Informazioni su FMP<\/h2>\n<p>FMP \u00e8 un&#039;azienda specializzata nella produzione meccanica dedicata alla produzione di cilindri idraulici. Sin dalla sua fondazione, l&#039;azienda si \u00e8 concentrata sulla ricerca e sulla produzione di tecnologia idraulica, passando con successo da una gamma di prodotti diversificata che includeva macchinari per la raccolta e l&#039;edilizia alla specializzazione in componenti per trattori agricoli. Con oltre un decennio di esperienza nella produzione e nella gestione, FMP garantisce prodotti di alta qualit\u00e0 attraverso tecniche di produzione avanzate.<\/p>\n<p>Con l&#039;evoluzione dell&#039;azienda, \u00e8 stata sviluppata una linea di produzione completa per lavorazioni meccaniche, una linea di assemblaggio e una linea di rivestimento. Il nostro team \u00e8 composto da personale dirigenziale qualificato, progettisti meccanici esperti e tecnici altamente qualificati che lavorano insieme per mantenere una qualit\u00e0 di produzione stabile, controllando efficacemente la continuit\u00e0 e l&#039;efficienza del processo.<\/p>\n<p>FMP sostiene la filosofia di &quot;Innovazione tecnologica che guida il progresso, qualit\u00e0 che crea marchi, artigianalit\u00e0 che garantisce la qualit\u00e0 e costruzione di relazioni win-win a lungo termine&quot;. Il nostro impegno nel fornire prodotti di alta qualit\u00e0 e un servizio clienti superiore rimane un obiettivo fondamentale mentre continuiamo a soddisfare le mutevoli esigenze del mercato.<\/p>\n<p><img loading=\"lazy\" decoding=\"async\" class=\"alignnone size-full wp-image-426\" src=\"https:\/\/fmp-components.com\/wp-content\/uploads\/2024\/12\/Sanitation-Machinery-Locking-Hydraulic-Cylinder-factory.webp\" sizes=\"(min-width: 0px) and (max-width: 480px) 480px, (min-width: 481px) and (max-width: 980px) 980px, (min-width: 981px) and (max-width: 1280px) 1280px, (min-width: 1281px) 1414px, 100vw\" srcset=\"https:\/\/fmp-components.com\/wp-content\/uploads\/2024\/12\/Sanitation-Machinery-Locking-Hydraulic-Cylinder-factory.webp 1414w, https:\/\/fmp-components.com\/wp-content\/uploads\/2024\/12\/Sanitation-Machinery-Locking-Hydraulic-Cylinder-factory-1280x529.webp 1280w, https:\/\/fmp-components.com\/wp-content\/uploads\/2024\/12\/Sanitation-Machinery-Locking-Hydraulic-Cylinder-factory-980x405.webp 980w, https:\/\/fmp-components.com\/wp-content\/uploads\/2024\/12\/Sanitation-Machinery-Locking-Hydraulic-Cylinder-factory-480x198.webp 480w\" alt=\"Fabbrica di cilindri idraulici di bloccaggio-macchine-igieniche\" width=\"1414\" height=\"584\" title=\"\"><\/p>\n<p>Autore: CX<\/p>","protected":false},"excerpt":{"rendered":"<p>Il cilindro idraulico antiribaltamento del braccio della gru \u00e8 un componente fondamentale progettato per impedire l&#039;inclinazione del braccio della gru durante le operazioni di sollevamento, garantendo stabilit\u00e0 e sicurezza. Questo cilindro idraulico fornisce un controllo preciso dell&#039;angolazione del braccio, consentendo regolazioni fluide che mantengono l&#039;equilibrio della gru durante la movimentazione di carichi pesanti. Progettato con materiali ad alta resistenza, \u00e8 costruito per resistere alle difficili condizioni degli ambienti edili e industriali. L&#039;efficiente sistema idraulico consente un funzionamento reattivo, migliorando le prestazioni complessive e la sicurezza della gru. Questo cilindro essenziale svolge un ruolo fondamentale nell&#039;ottimizzazione della funzionalit\u00e0 della gru, rendendolo indispensabile per diverse applicazioni di sollevamento.<\/p>","protected":false},"featured_media":458,"comment_status":"open","ping_status":"closed","template":"","meta":{"_et_pb_use_builder":"","_et_pb_old_content":"","_et_gb_content_width":""},"product_brand":[],"product_cat":[24],"product_tag":[],"class_list":{"0":"post-456","1":"product","2":"type-product","3":"status-publish","4":"has-post-thumbnail","6":"product_cat-construction-machinery-hydraulic-cylinders","8":"first","9":"instock","10":"shipping-taxable","11":"product-type-simple"},"_links":{"self":[{"href":"https:\/\/fmp-components.com\/it\/wp-json\/wp\/v2\/product\/456","targetHints":{"allow":["GET"]}}],"collection":[{"href":"https:\/\/fmp-components.com\/it\/wp-json\/wp\/v2\/product"}],"about":[{"href":"https:\/\/fmp-components.com\/it\/wp-json\/wp\/v2\/types\/product"}],"replies":[{"embeddable":true,"href":"https:\/\/fmp-components.com\/it\/wp-json\/wp\/v2\/comments?post=456"}],"wp:featuredmedia":[{"embeddable":true,"href":"https:\/\/fmp-components.com\/it\/wp-json\/wp\/v2\/media\/458"}],"wp:attachment":[{"href":"https:\/\/fmp-components.com\/it\/wp-json\/wp\/v2\/media?parent=456"}],"wp:term":[{"taxonomy":"product_brand","embeddable":true,"href":"https:\/\/fmp-components.com\/it\/wp-json\/wp\/v2\/product_brand?post=456"},{"taxonomy":"product_cat","embeddable":true,"href":"https:\/\/fmp-components.com\/it\/wp-json\/wp\/v2\/product_cat?post=456"},{"taxonomy":"product_tag","embeddable":true,"href":"https:\/\/fmp-components.com\/it\/wp-json\/wp\/v2\/product_tag?post=456"}],"curies":[{"name":"parola chiave","href":"https:\/\/api.w.org\/{rel}","templated":true}]}}