{"id":448,"date":"2024-12-10T06:59:17","date_gmt":"2024-12-10T06:59:17","guid":{"rendered":"https:\/\/fmp-components.com\/?page_id=8"},"modified":"2024-12-10T07:23:25","modified_gmt":"2024-12-10T07:23:25","slug":"crane-luffing-hydraulic-cylinder","status":"publish","type":"product","link":"https:\/\/fmp-components.com\/it\/product\/crane-luffing-hydraulic-cylinder\/","title":{"rendered":"Cilindro idraulico di sollevamento della gru"},"content":{"rendered":"<p style=\"text-align: center;\"><span style=\"font-size: 18pt;\">Cilindro idraulico di sollevamento della gru<\/span><\/p>\n<p>Il cilindro idraulico di sollevamento della gru \u00e8 un componente essenziale progettato per facilitare il movimento di sollevamento del braccio di una gru, consentendo regolazioni precise del suo angolo per una movimentazione ottimale del carico. Questo cilindro idraulico \u00e8 progettato per fornire un movimento fluido e controllato, fondamentale per operazioni di sollevamento sicure ed efficienti.<\/p>\n<p><img loading=\"lazy\" decoding=\"async\" class=\"size-full wp-image-449 aligncenter\" src=\"https:\/\/fmp-components.com\/wp-content\/uploads\/2024\/12\/Crane-Luffing-Hydraulic-Cylinder.webp\" alt=\"Cilindro idraulico di sollevamento della gru\" width=\"500\" height=\"500\" title=\"\" srcset=\"https:\/\/fmp-components.com\/wp-content\/uploads\/2024\/12\/Crane-Luffing-Hydraulic-Cylinder.webp 500w, https:\/\/fmp-components.com\/wp-content\/uploads\/2024\/12\/Crane-Luffing-Hydraulic-Cylinder-480x480.webp 480w\" sizes=\"(min-width: 0px) and (max-width: 480px) 480px, (min-width: 481px) 500px, 100vw\" \/><\/p>\n<h4>Caratteristiche principali:<\/h4>\n<ul>\n<li>Costruzione robusta: realizzato con materiali ad alta resistenza, il cilindro idraulico basculante \u00e8 costruito per resistere alle difficili condizioni degli ambienti edili e industriali, garantendo durata e affidabilit\u00e0 durature.<\/li>\n<li>Funzionamento fluido: il sistema idraulico avanzato consente movimenti fluidi e reattivi, consentendo agli operatori di regolare l&#039;angolazione del braccio in modo rapido e preciso, migliorando l&#039;efficienza operativa complessiva.<\/li>\n<li>Maggiore sicurezza: garantendo un controllo preciso sull&#039;azione di brandeggio del braccio, questo cilindro idraulico aiuta a mantenere la stabilit\u00e0 durante le operazioni di sollevamento, riducendo il rischio di incidenti e garantendo la movimentazione sicura di carichi pesanti.<\/li>\n<li>Applicazione versatile: adatto a una variet\u00e0 di gru, tra cui gru a torre e gru mobili, il cilindro idraulico di inclinazione pu\u00f2 essere facilmente integrato nei sistemi di gru esistenti, rendendolo una soluzione versatile per varie applicazioni di sollevamento.<\/li>\n<li>Bassa manutenzione richiesta: progettato per garantire efficienza e durata, il cilindro idraulico richiede una manutenzione minima, riducendo i tempi di fermo e aumentando la produttivit\u00e0.<\/li>\n<\/ul>\n<p>Il cilindro idraulico di brandeggio della gru \u00e8 un componente essenziale che migliora le prestazioni e la sicurezza delle gru consentendo movimenti di brandeggio precisi, rendendolo indispensabile per operazioni di sollevamento efficaci in diverse applicazioni.<\/p>\n<h2>Dimensioni del cilindro idraulico di sollevamento della gru:<\/h2>\n<table style=\"width: 100%; height: 257px;\">\n<tbody>\n<tr style=\"height: 257px;\">\n<td style=\"width: 50.6438%; height: 257px;\">\n<h2><img loading=\"lazy\" decoding=\"async\" class=\"wp-image-449 aligncenter\" src=\"https:\/\/fmp-components.com\/wp-content\/uploads\/2024\/12\/Crane-Luffing-Hydraulic-Cylinder.webp\" alt=\"Cilindro idraulico di sollevamento della gru\" width=\"302\" height=\"302\" title=\"\"><\/h2>\n<\/td>\n<td style=\"width: 48.7124%; height: 257px;\">\n<h2><img loading=\"lazy\" decoding=\"async\" class=\"alignnone size-full wp-image-450\" src=\"https:\/\/fmp-components.com\/wp-content\/uploads\/2024\/12\/Crane-Luffing-Hydraulic-Cylinder-Dimensions-2.webp\" alt=\"Cilindro idraulico di sollevamento della gru\" width=\"980\" height=\"495\" title=\"\" srcset=\"https:\/\/fmp-components.com\/wp-content\/uploads\/2024\/12\/Crane-Luffing-Hydraulic-Cylinder-Dimensions-2.webp 980w, https:\/\/fmp-components.com\/wp-content\/uploads\/2024\/12\/Crane-Luffing-Hydraulic-Cylinder-Dimensions-2-480x242.webp 480w\" sizes=\"(min-width: 0px) and (max-width: 480px) 480px, (min-width: 481px) 980px, 100vw\" \/><\/h2>\n<\/td>\n<\/tr>\n<\/tbody>\n<\/table>\n<table style=\"width: 100%; height: 137px;\" border=\"1\" cellspacing=\"0\" cellpadding=\"0\">\n<tbody>\n<tr style=\"height: 71px;\">\n<td style=\"height: 71px;\" width=\"246\">Nome del cilindro<\/td>\n<td style=\"height: 71px;\" width=\"336\">Numero del disegno<\/td>\n<td style=\"height: 71px;\" width=\"126\">Diametro del foro (D)<\/td>\n<td style=\"height: 71px;\" width=\"123\">Diametro dell&#039;asta (d)<\/td>\n<td style=\"height: 71px;\" width=\"114\">Colpo (S)<\/td>\n<td style=\"height: 71px;\" width=\"170\">Distanza di installazione (L)<\/td>\n<td style=\"height: 71px;\" width=\"172\">Pressione di lavoro<\/td>\n<td style=\"height: 71px;\" width=\"366\">Dimensioni dell&#039;interfaccia (M)<\/td>\n<td style=\"height: 71px;\" width=\"96\">Peso<\/td>\n<\/tr>\n<tr style=\"height: 66px;\">\n<td class=\"et3\" style=\"height: 66px;\" width=\"246\" height=\"405\">Cilindro idraulico di sollevamento<\/td>\n<td class=\"et4\" style=\"height: 66px;\" width=\"336\">Modello: ZXSTC1000S.2.5-00<\/td>\n<td class=\"et4\" style=\"height: 66px;\" width=\"126\">\u03a6320<\/td>\n<td class=\"et4\" style=\"height: 66px;\" width=\"123\">\u03a6280<\/td>\n<td class=\"et4\" style=\"height: 66px;\" width=\"114\">4000<\/td>\n<td class=\"et4\" style=\"height: 66px;\" width=\"170\">4750<\/td>\n<td class=\"et4\" style=\"height: 66px;\" width=\"172\">32MPa<\/td>\n<td class=\"et4\" style=\"height: 66px;\" width=\"366\">2-M27*2;4-G1\/4<\/td>\n<td class=\"et4\" style=\"height: 66px;\" width=\"96\">1522 kg<\/td>\n<\/tr>\n<\/tbody>\n<\/table>\n<h2>Parametro del cilindro idraulico di sollevamento della gru:<\/h2>\n<table border=\"1\" width=\"100%\" cellspacing=\"0\" cellpadding=\"0\">\n<tbody>\n<tr>\n<td width=\"70\">Articolo<\/td>\n<td width=\"70\">Descrizione<\/td>\n<\/tr>\n<tr>\n<td width=\"70\">Nome del prodotto<\/td>\n<td width=\"70\">Cilindro idraulico su misura<\/td>\n<\/tr>\n<tr>\n<td width=\"70\">Certificato:<\/td>\n<td width=\"70\">ISO9001, ISO4001, ISO 45003<\/td>\n<\/tr>\n<tr>\n<td width=\"70\">Capacit\u00e0 produttiva:<\/td>\n<td width=\"70\">1200.000 pezzi all&#039;anno<\/td>\n<\/tr>\n<tr>\n<td width=\"70\">Tempo di campionamento<\/td>\n<td width=\"70\">Basato sul tipo effettivo<\/td>\n<\/tr>\n<tr>\n<td width=\"70\">Marca<\/td>\n<td width=\"70\">FMP o logo del cliente<\/td>\n<\/tr>\n<tr>\n<td width=\"70\">Servizio<\/td>\n<td width=\"70\">OEM e ODM<\/td>\n<\/tr>\n<tr>\n<td width=\"70\">Marchio di sigillo<\/td>\n<td width=\"70\">Parker, NOK, BUSAK SHAMBAN<\/td>\n<\/tr>\n<tr>\n<td width=\"70\">Tempi di consegna<\/td>\n<td width=\"70\">In base alla quantit\u00e0 ordinata.<\/td>\n<\/tr>\n<tr>\n<td width=\"70\">Tipo di attivit\u00e0<\/td>\n<td width=\"70\">Produttore ed esportatore<\/td>\n<\/tr>\n<\/tbody>\n<\/table>\n<h2>Cilindro idraulico marche e modelli disponibili:<\/h2>\n<table border=\"1\" cellspacing=\"0\" cellpadding=\"0\">\n<tbody>\n<tr>\n<td><span data-spm-anchor-id=\"a2700.details.0.i43.45d84a73e99C9z\">KOMATSU (PC)<\/span><\/td>\n<td>PC30, PC40, PC50, PC56, PC60, PC78, PC100, PC110, PC120, PC130, PC160, PC200-3\/5\/6\/7\/8\/8MO, PC210, PC220-5\/6\/7\/8\/8MO, PC240, PC300\/350\/360-5\/6\/7\/8\/8MO, PC400\/450-5\/6\/7\/8\/8MO, PC800, PC850<\/td>\n<\/tr>\n<tr>\n<td>BRUCO (E)<\/td>\n<td>E301.5,E302,E305.5,E306,E307V1\/V2\/B\/C\/D\/E\/F,E308B\/C,E120B,E312V1\/V2\/B\/C\/D,E313D2,E312D2,E315D,<br \/>\nE200B,E320V1\/V2\/A\/B\/C\/D,E324D,E325C\/D,E329D,E330\/336C\/D,E345C,E349D,E365C,E374,E390<\/td>\n<\/tr>\n<tr>\n<td>KOBELCO (Slovacchia)<\/td>\n<td>SK60-3\/5\/8,SK75-8\/SR, SK100, SK120-3\/5, SK135-8\/SR, SK140-8, SK200-3\/5\/6\/6E, SK210-3\/5\/6\/ 6E,<br \/>\nSK230\/250-6E,SK250-8,SK260-8,SK350-8\/S8,SK460\/480-8<\/td>\n<\/tr>\n<tr>\n<td>La tua HYUNDAI (R)<\/td>\n<td>R55-5\/7, R60-5\/7, R80, R110, R130, R200-5, R210-5, R215-5\/7, R220-5\/7\/9, R225-5\/7\/9, R250, R260, R265, R290, R305, R445, R485, R505<\/td>\n<\/tr>\n<tr>\n<td><span data-spm-anchor-id=\"a2700.details.0.i53.45d84a73e99C9z\">HITACHI (EX.ZX)<\/span><\/td>\n<td>EX60,EX100-1\/2\/3,EX120-1\/3\/5\/6,EX200-1\/3\/5,EX230-5,EX300-1,EX400<br \/>\nZAX60,ZAX70,ZA120-6,ZAX200\/210-1\/3\/5\/5K,ZAX240,ZAX250,ZAX260,ZAX330-3\/5\/6,ZAX450\/470,ZAX650\/670,ZAX850\/870<\/td>\n<\/tr>\n<tr>\n<td>\n<div class=\"magic-32\"><span data-spm-anchor-id=\"a2700.details.0.i55.45d84a73e99C9z\">DOOSAN (DH\/DX)<\/span><\/div>\n<\/td>\n<td>\n<div class=\"magic-33\"><span class=\"magic-34\">DH55, DH60, DH80,DH150, DH215-5\/7,DH220-5,DH225-5\/7,DH258,DH300-5\/7, DH370,DH420,DH500<br \/>\nDX55, DX60, DX75, DX130, DX225-9, DX300, DX380, DX420, DX500<\/span><\/div>\n<\/td>\n<\/tr>\n<tr>\n<td>\n<div class=\"magic-32\">VOLVO (CE)<\/div>\n<\/td>\n<td>\n<div class=\"magic-33\"><span class=\"magic-34\">EC55, EC60, EC75, EC80, EC140, EC210B\/D, EC220D, EC240, EC250, EC290, EC300, EC360 EC380, EC460, EC480, EC700, EC750, EC950<\/span><\/div>\n<\/td>\n<\/tr>\n<tr>\n<td>\n<div class=\"magic-32\">KATO (HD)<\/div>\n<\/td>\n<td>\n<div class=\"magic-33\"><span class=\"magic-34\">HD307\/308, HD450, HD512, HD700-5\/7, HD820-1\/2\/3\/5\/R, HD1023-1\/3, HD1430-1\/3<\/span><\/div>\n<\/td>\n<\/tr>\n<tr>\n<td>\n<div class=\"magic-32\">ALTRO MARCHIO<\/div>\n<\/td>\n<td>\n<div class=\"magic-33\"><span class=\"magic-34\">XCMG,LIUGONG,KUBOTA,CASO,YANMAR,SUNWARD,ZOOMLION,LISHIDE,LIEHERR<\/span><\/div>\n<\/td>\n<\/tr>\n<\/tbody>\n<\/table>\n<h3>Vantaggi del cilindro idraulico di sollevamento della gru<\/h3>\n<h4>1. Controllo preciso<\/h4>\n<p>Il Crane Luffing Hydraulic Cylinder fornisce agli operatori un controllo preciso sull&#039;angolazione del braccio, consentendo un posizionamento accurato dei carichi. Questa precisione \u00e8 fondamentale per operazioni di sollevamento sicure ed efficienti, specialmente in ambienti di lavoro ristretti o complessi.<\/p>\n<h4>2. Maggiore sicurezza<\/h4>\n<p>Abilitando movimenti di sollevamento fluidi e controllati, questo cilindro idraulico aiuta a mantenere la stabilit\u00e0 della gru durante il funzionamento. Ci\u00f2 riduce il rischio di incidenti, garantendo la sicurezza sia degli operatori che del personale nelle vicinanze.<\/p>\n<h4>3. Robusta durata<\/h4>\n<p>Costruito con materiali ad alta resistenza, il cilindro idraulico di sollevamento \u00e8 progettato per resistere alle condizioni difficili tipiche degli ambienti edili e industriali. La sua durevolezza assicura prestazioni durature, riducendo al minimo la necessit\u00e0 di frequenti sostituzioni.<\/p>\n<h4>4. Miglioramento dell&#039;efficienza operativa<\/h4>\n<p>Il sistema idraulico avanzato consente regolazioni rapide e reattive dell&#039;angolazione del braccio, migliorando l&#039;efficienza operativa complessiva. Questa capacit\u00e0 consente tempi di ciclo pi\u00f9 rapidi e una produttivit\u00e0 migliorata durante le operazioni di sollevamento.<\/p>\n<h4>5. Versatilit\u00e0<\/h4>\n<p>Adatto a un&#039;ampia gamma di tipi di gru, tra cui gru a torre e gru mobili, il cilindro idraulico di sollevamento pu\u00f2 essere facilmente integrato in vari sistemi. Questa versatilit\u00e0 lo rende un componente essenziale per diverse applicazioni di sollevamento.<\/p>\n<h4>6. Bassa necessit\u00e0 di manutenzione<\/h4>\n<p>Il design del cilindro idraulico riduce al minimo l&#039;usura, con conseguenti minori esigenze di manutenzione. Ci\u00f2 si traduce in tempi di fermo e costi operativi ridotti, contribuendo a una gestione pi\u00f9 efficiente del progetto.<\/p>\n<h4>7. Efficienza energetica<\/h4>\n<p>Il sistema idraulico \u00e8 progettato per ottimizzare l&#039;uso dell&#039;energia, riducendo la perdita di potenza durante il funzionamento. Questa efficienza energetica si traduce in minori costi operativi e supporta pratiche ecosostenibili nelle operazioni di costruzione e industriali.<\/p>\n<p>Il cilindro idraulico di brandeggio della gru offre numerosi vantaggi, tra cui controllo preciso, maggiore sicurezza e maggiore efficienza, rendendolo un componente indispensabile per il funzionamento efficace e affidabile della gru in varie applicazioni.<\/p>\n<p><img loading=\"lazy\" decoding=\"async\" class=\"alignnone size-full wp-image-447\" src=\"https:\/\/fmp-components.com\/wp-content\/uploads\/2024\/12\/Crane.webp\" alt=\"Gru\" width=\"1234\" height=\"822\" title=\"\" srcset=\"https:\/\/fmp-components.com\/wp-content\/uploads\/2024\/12\/Crane.webp 1234w, https:\/\/fmp-components.com\/wp-content\/uploads\/2024\/12\/Crane-980x653.webp 980w, https:\/\/fmp-components.com\/wp-content\/uploads\/2024\/12\/Crane-480x320.webp 480w\" sizes=\"(min-width: 0px) and (max-width: 480px) 480px, (min-width: 481px) and (max-width: 980px) 980px, (min-width: 981px) 1234px, 100vw\" \/><\/p>\n<h2>Informazioni su FMP<\/h2>\n<p>FMP \u00e8 un&#039;azienda specializzata nella produzione meccanica dedicata alla produzione di cilindri idraulici. Sin dalla sua fondazione, l&#039;azienda si \u00e8 concentrata sulla ricerca e sulla produzione di tecnologia idraulica, passando con successo da una gamma di prodotti diversificata che includeva macchinari per la raccolta e l&#039;edilizia alla specializzazione in componenti per trattori agricoli. Con oltre un decennio di esperienza nella produzione e nella gestione, FMP garantisce prodotti di alta qualit\u00e0 attraverso tecniche di produzione avanzate.<\/p>\n<p>Con l&#039;evoluzione dell&#039;azienda, \u00e8 stata sviluppata una linea di produzione completa per lavorazioni meccaniche, una linea di assemblaggio e una linea di rivestimento. Il nostro team \u00e8 composto da personale dirigenziale qualificato, progettisti meccanici esperti e tecnici altamente qualificati che lavorano insieme per mantenere una qualit\u00e0 di produzione stabile, controllando efficacemente la continuit\u00e0 e l&#039;efficienza del processo.<\/p>\n<p>FMP sostiene la filosofia di &quot;Innovazione tecnologica che guida il progresso, qualit\u00e0 che crea marchi, artigianalit\u00e0 che garantisce la qualit\u00e0 e costruzione di relazioni win-win a lungo termine&quot;. Il nostro impegno nel fornire prodotti di alta qualit\u00e0 e un servizio clienti superiore rimane un obiettivo fondamentale mentre continuiamo a soddisfare le mutevoli esigenze del mercato.<\/p>\n<p><img loading=\"lazy\" decoding=\"async\" class=\"alignnone size-full wp-image-426\" src=\"https:\/\/fmp-components.com\/wp-content\/uploads\/2024\/12\/Sanitation-Machinery-Locking-Hydraulic-Cylinder-factory.webp\" sizes=\"(min-width: 0px) and (max-width: 480px) 480px, (min-width: 481px) and (max-width: 980px) 980px, (min-width: 981px) and (max-width: 1280px) 1280px, (min-width: 1281px) 1414px, 100vw\" srcset=\"https:\/\/fmp-components.com\/wp-content\/uploads\/2024\/12\/Sanitation-Machinery-Locking-Hydraulic-Cylinder-factory.webp 1414w, https:\/\/fmp-components.com\/wp-content\/uploads\/2024\/12\/Sanitation-Machinery-Locking-Hydraulic-Cylinder-factory-1280x529.webp 1280w, https:\/\/fmp-components.com\/wp-content\/uploads\/2024\/12\/Sanitation-Machinery-Locking-Hydraulic-Cylinder-factory-980x405.webp 980w, https:\/\/fmp-components.com\/wp-content\/uploads\/2024\/12\/Sanitation-Machinery-Locking-Hydraulic-Cylinder-factory-480x198.webp 480w\" alt=\"Fabbrica di cilindri idraulici di bloccaggio-macchine-igieniche\" width=\"1414\" height=\"584\" title=\"\"><\/p>\n<p>Autore: CX<\/p>","protected":false},"excerpt":{"rendered":"<p>Il cilindro idraulico di sollevamento della gru \u00e8 un componente fondamentale che consente il movimento di sollevamento del braccio di una gru, consentendogli di sollevare o abbassare il suo angolo per un posizionamento preciso durante le operazioni di sollevamento. Progettato per durabilit\u00e0 ed efficienza, questo cilindro idraulico fornisce movimenti fluidi e controllati, garantendo la movimentazione sicura ed efficace di carichi pesanti. Realizzato con materiali ad alta resistenza, \u00e8 progettato per resistere alle condizioni difficili tipiche degli ambienti edili e industriali. L&#039;efficiente sistema idraulico facilita le regolazioni rapide dell&#039;angolo del braccio, migliorando la versatilit\u00e0 e la flessibilit\u00e0 operativa della gru. Questo cilindro essenziale svolge un ruolo fondamentale nell&#039;ottimizzazione delle prestazioni della gru, rendendolo indispensabile per varie applicazioni di sollevamento.<\/p>","protected":false},"featured_media":449,"comment_status":"open","ping_status":"closed","template":"","meta":{"_et_pb_use_builder":"","_et_pb_old_content":"","_et_gb_content_width":""},"product_brand":[],"product_cat":[24],"product_tag":[],"class_list":{"0":"post-448","1":"product","2":"type-product","3":"status-publish","4":"has-post-thumbnail","6":"product_cat-construction-machinery-hydraulic-cylinders","8":"first","9":"instock","10":"shipping-taxable","11":"product-type-simple"},"_links":{"self":[{"href":"https:\/\/fmp-components.com\/it\/wp-json\/wp\/v2\/product\/448","targetHints":{"allow":["GET"]}}],"collection":[{"href":"https:\/\/fmp-components.com\/it\/wp-json\/wp\/v2\/product"}],"about":[{"href":"https:\/\/fmp-components.com\/it\/wp-json\/wp\/v2\/types\/product"}],"replies":[{"embeddable":true,"href":"https:\/\/fmp-components.com\/it\/wp-json\/wp\/v2\/comments?post=448"}],"wp:featuredmedia":[{"embeddable":true,"href":"https:\/\/fmp-components.com\/it\/wp-json\/wp\/v2\/media\/449"}],"wp:attachment":[{"href":"https:\/\/fmp-components.com\/it\/wp-json\/wp\/v2\/media?parent=448"}],"wp:term":[{"taxonomy":"product_brand","embeddable":true,"href":"https:\/\/fmp-components.com\/it\/wp-json\/wp\/v2\/product_brand?post=448"},{"taxonomy":"product_cat","embeddable":true,"href":"https:\/\/fmp-components.com\/it\/wp-json\/wp\/v2\/product_cat?post=448"},{"taxonomy":"product_tag","embeddable":true,"href":"https:\/\/fmp-components.com\/it\/wp-json\/wp\/v2\/product_tag?post=448"}],"curies":[{"name":"parola chiave","href":"https:\/\/api.w.org\/{rel}","templated":true}]}}