{"id":444,"date":"2024-12-10T06:46:45","date_gmt":"2024-12-10T06:46:45","guid":{"rendered":"https:\/\/fmp-components.com\/?page_id=8"},"modified":"2024-12-10T07:23:36","modified_gmt":"2024-12-10T07:23:36","slug":"crane-counterweight-hydraulic-cylinder","status":"publish","type":"product","link":"https:\/\/fmp-components.com\/it\/product\/crane-counterweight-hydraulic-cylinder\/","title":{"rendered":"Cilindro idraulico del contrappeso della gru"},"content":{"rendered":"<p style=\"text-align: center;\"><span style=\"font-size: 18pt;\">Cilindro idraulico del contrappeso della gru<\/span><\/p>\n<p>Il Crane Counterweight Hydraulic Cylinder \u00e8 un componente essenziale progettato per fornire un contrappeso preciso per le gru durante le operazioni di sollevamento. Questo cilindro idraulico svolge un ruolo cruciale nella regolazione della posizione dei contrappesi, garantendo stabilit\u00e0 e sicurezza ottimali durante la movimentazione di carichi pesanti.<\/p>\n<h4>Caratteristiche principali:<\/h4>\n<ul>\n<li>Costruzione robusta: realizzato con materiali ad alta resistenza, il cilindro idraulico del contrappeso \u00e8 progettato per resistere alle difficili condizioni degli ambienti di costruzione e di sollevamento pesante, garantendo durata e affidabilit\u00e0 durature.<\/li>\n<li>Funzionamento idraulico fluido: il sistema idraulico avanzato consente movimenti fluidi e controllati, consentendo regolazioni precise dei contrappesi e migliorando le prestazioni complessive della gru.<\/li>\n<li>Maggiore stabilit\u00e0: garantendo un contrappeso preciso, questo cilindro idraulico aiuta a mantenere la stabilit\u00e0 della gru durante il funzionamento, riducendo il rischio di ribaltamento o di incidenti durante il sollevamento di carichi pesanti.<\/li>\n<li>Applicazione versatile: adatto a diversi tipi di gru, tra cui gru mobili e gru a torre, questo cilindro idraulico pu\u00f2 essere facilmente integrato nei sistemi di gru esistenti, rendendolo una soluzione versatile per le operazioni di sollevamento.<\/li>\n<li>Bassa manutenzione richiesta: progettato per garantire efficienza e durata, il cilindro idraulico del contrappeso richiede una manutenzione minima, con conseguente riduzione dei tempi di fermo e aumento della produttivit\u00e0.<\/li>\n<\/ul>\n<p>In sintesi, il cilindro idraulico del contrappeso della gru \u00e8 un componente essenziale che migliora la funzionalit\u00e0 e la sicurezza della gru, garantendo operazioni di sollevamento efficaci e mantenendo stabilit\u00e0 e controllo.<\/p>\n<h2>Dimensioni del cilindro idraulico del contrappeso della gru:<\/h2>\n<table style=\"width: 100%;\">\n<tbody>\n<tr>\n<td style=\"width: 46.1373%;\"><img loading=\"lazy\" decoding=\"async\" class=\"alignnone size-full wp-image-445\" src=\"https:\/\/fmp-components.com\/wp-content\/uploads\/2024\/12\/Crane-Counterweight-Hydraulic-Cylinder.webp\" alt=\"Cilindro idraulico del contrappeso della gru\" width=\"500\" height=\"500\" title=\"\" srcset=\"https:\/\/fmp-components.com\/wp-content\/uploads\/2024\/12\/Crane-Counterweight-Hydraulic-Cylinder.webp 500w, https:\/\/fmp-components.com\/wp-content\/uploads\/2024\/12\/Crane-Counterweight-Hydraulic-Cylinder-480x480.webp 480w\" sizes=\"(min-width: 0px) and (max-width: 480px) 480px, (min-width: 481px) 500px, 100vw\" \/><\/td>\n<td style=\"width: 53.2189%;\"><img loading=\"lazy\" decoding=\"async\" class=\"alignnone size-full wp-image-446\" src=\"https:\/\/fmp-components.com\/wp-content\/uploads\/2024\/12\/YWMPMnZi-Crane-Counterweight-Hydraulic-Cylinder-Dimensions-2.webp\" alt=\"Cilindro idraulico del contrappeso della gru\" width=\"1024\" height=\"698\" title=\"\" srcset=\"https:\/\/fmp-components.com\/wp-content\/uploads\/2024\/12\/YWMPMnZi-Crane-Counterweight-Hydraulic-Cylinder-Dimensions-2.webp 1024w, https:\/\/fmp-components.com\/wp-content\/uploads\/2024\/12\/YWMPMnZi-Crane-Counterweight-Hydraulic-Cylinder-Dimensions-2-980x668.webp 980w, https:\/\/fmp-components.com\/wp-content\/uploads\/2024\/12\/YWMPMnZi-Crane-Counterweight-Hydraulic-Cylinder-Dimensions-2-480x327.webp 480w\" sizes=\"(min-width: 0px) and (max-width: 480px) 480px, (min-width: 481px) and (max-width: 980px) 980px, (min-width: 981px) 1024px, 100vw\" \/><\/td>\n<\/tr>\n<\/tbody>\n<\/table>\n<table style=\"width: 100%; height: 134px;\" border=\"1\" cellspacing=\"0\" cellpadding=\"0\">\n<tbody>\n<tr style=\"height: 71px;\">\n<td style=\"height: 71px;\" width=\"246\">Nome del cilindro<\/td>\n<td style=\"height: 71px;\" width=\"336\">Numero del disegno<\/td>\n<td style=\"height: 71px;\" width=\"126\">Diametro del foro (D)<\/td>\n<td style=\"height: 71px;\" width=\"123\">Diametro dell&#039;asta (d)<\/td>\n<td style=\"height: 71px;\" width=\"114\">Colpo (S)<\/td>\n<td style=\"height: 71px;\" width=\"170\">Distanza di installazione (L)<\/td>\n<td style=\"height: 71px;\" width=\"172\">Pressione di lavoro<\/td>\n<td style=\"height: 71px;\" width=\"366\">Dimensioni dell&#039;interfaccia (M)<\/td>\n<td style=\"height: 71px;\" width=\"96\">Peso<\/td>\n<\/tr>\n<tr style=\"height: 63px;\">\n<td class=\"et3\" style=\"height: 63px;\" width=\"246\" height=\"356\">Cilindro idraulico contrappeso<\/td>\n<td class=\"et4\" style=\"height: 63px;\" width=\"336\">QAY220.12\/13A-00<\/td>\n<td class=\"et4\" style=\"height: 63px;\" width=\"126\">\u03a6200<\/td>\n<td class=\"et4\" style=\"height: 63px;\" width=\"123\">\u03a6100<\/td>\n<td class=\"et4\" style=\"height: 63px;\" width=\"114\">180<\/td>\n<td class=\"et4\" style=\"height: 63px;\" width=\"170\">530<\/td>\n<td class=\"et4\" style=\"height: 63px;\" width=\"172\">25MPa;40MPa<\/td>\n<td class=\"et4\" style=\"height: 63px;\" width=\"366\">3-G1\/4;M20*1.5;2-M14*1.5<\/td>\n<td class=\"et4\" style=\"height: 63px;\" width=\"96\">124 kg<\/td>\n<\/tr>\n<\/tbody>\n<\/table>\n<h2>Parametro del cilindro idraulico del contrappeso della gru:<\/h2>\n<table border=\"1\" width=\"100%\" cellspacing=\"0\" cellpadding=\"0\">\n<tbody>\n<tr>\n<td width=\"70\">Articolo<\/td>\n<td width=\"70\">Descrizione<\/td>\n<\/tr>\n<tr>\n<td width=\"70\">Nome del prodotto<\/td>\n<td width=\"70\">Cilindro idraulico su misura<\/td>\n<\/tr>\n<tr>\n<td width=\"70\">Certificato:<\/td>\n<td width=\"70\">ISO9001, ISO4001, ISO 45003<\/td>\n<\/tr>\n<tr>\n<td width=\"70\">Capacit\u00e0 produttiva:<\/td>\n<td width=\"70\">1200.000 pezzi all&#039;anno<\/td>\n<\/tr>\n<tr>\n<td width=\"70\">Tempo di campionamento<\/td>\n<td width=\"70\">Basato sul tipo effettivo<\/td>\n<\/tr>\n<tr>\n<td width=\"70\">Marca<\/td>\n<td width=\"70\">FMP o logo del cliente<\/td>\n<\/tr>\n<tr>\n<td width=\"70\">Servizio<\/td>\n<td width=\"70\">OEM e ODM<\/td>\n<\/tr>\n<tr>\n<td width=\"70\">Marchio di sigillo<\/td>\n<td width=\"70\">Parker, NOK, BUSAK SHAMBAN<\/td>\n<\/tr>\n<tr>\n<td width=\"70\">Tempi di consegna<\/td>\n<td width=\"70\">In base alla quantit\u00e0 ordinata.<\/td>\n<\/tr>\n<tr>\n<td width=\"70\">Tipo di attivit\u00e0<\/td>\n<td width=\"70\">Produttore ed esportatore<\/td>\n<\/tr>\n<\/tbody>\n<\/table>\n<h2>Cilindro idraulico marche e modelli disponibili:<\/h2>\n<table border=\"1\" cellspacing=\"0\" cellpadding=\"0\">\n<tbody>\n<tr>\n<td><span data-spm-anchor-id=\"a2700.details.0.i43.45d84a73e99C9z\">KOMATSU (PC)<\/span><\/td>\n<td>PC30, PC40, PC50, PC56, PC60, PC78, PC100, PC110, PC120, PC130, PC160, PC200-3\/5\/6\/7\/8\/8MO, PC210, PC220-5\/6\/7\/8\/8MO, PC240, PC300\/350\/360-5\/6\/7\/8\/8MO, PC400\/450-5\/6\/7\/8\/8MO, PC800, PC850<\/td>\n<\/tr>\n<tr>\n<td>BRUCO (E)<\/td>\n<td>E301.5,E302,E305.5,E306,E307V1\/V2\/B\/C\/D\/E\/F,E308B\/C,E120B,E312V1\/V2\/B\/C\/D,E313D2,E312D2,E315D,<br \/>\nE200B,E320V1\/V2\/A\/B\/C\/D,E324D,E325C\/D,E329D,E330\/336C\/D,E345C,E349D,E365C,E374,E390<\/td>\n<\/tr>\n<tr>\n<td>KOBELCO (Slovacchia)<\/td>\n<td>SK60-3\/5\/8,SK75-8\/SR, SK100, SK120-3\/5, SK135-8\/SR, SK140-8, SK200-3\/5\/6\/6E, SK210-3\/5\/6\/ 6E,<br \/>\nSK230\/250-6E,SK250-8,SK260-8,SK350-8\/S8,SK460\/480-8<\/td>\n<\/tr>\n<tr>\n<td>La tua HYUNDAI (R)<\/td>\n<td>R55-5\/7, R60-5\/7, R80, R110, R130, R200-5, R210-5, R215-5\/7, R220-5\/7\/9, R225-5\/7\/9, R250, R260, R265, R290, R305, R445, R485, R505<\/td>\n<\/tr>\n<tr>\n<td><span data-spm-anchor-id=\"a2700.details.0.i53.45d84a73e99C9z\">HITACHI (EX.ZX)<\/span><\/td>\n<td>EX60,EX100-1\/2\/3,EX120-1\/3\/5\/6,EX200-1\/3\/5,EX230-5,EX300-1,EX400<br \/>\nZAX60,ZAX70,ZA120-6,ZAX200\/210-1\/3\/5\/5K,ZAX240,ZAX250,ZAX260,ZAX330-3\/5\/6,ZAX450\/470,ZAX650\/670,ZAX850\/870<\/td>\n<\/tr>\n<tr>\n<td>\n<div class=\"magic-32\"><span data-spm-anchor-id=\"a2700.details.0.i55.45d84a73e99C9z\">DOOSAN (DH\/DX)<\/span><\/div>\n<\/td>\n<td>\n<div class=\"magic-33\"><span class=\"magic-34\">DH55, DH60, DH80,DH150, DH215-5\/7,DH220-5,DH225-5\/7,DH258,DH300-5\/7, DH370,DH420,DH500<br \/>\nDX55, DX60, DX75, DX130, DX225-9, DX300, DX380, DX420, DX500<\/span><\/div>\n<\/td>\n<\/tr>\n<tr>\n<td>\n<div class=\"magic-32\">VOLVO (CE)<\/div>\n<\/td>\n<td>\n<div class=\"magic-33\"><span class=\"magic-34\">EC55, EC60, EC75, EC80, EC140, EC210B\/D, EC220D, EC240, EC250, EC290, EC300, EC360 EC380, EC460, EC480, EC700, EC750, EC950<\/span><\/div>\n<\/td>\n<\/tr>\n<tr>\n<td>\n<div class=\"magic-32\">KATO (HD)<\/div>\n<\/td>\n<td>\n<div class=\"magic-33\"><span class=\"magic-34\">HD307\/308, HD450, HD512, HD700-5\/7, HD820-1\/2\/3\/5\/R, HD1023-1\/3, HD1430-1\/3<\/span><\/div>\n<\/td>\n<\/tr>\n<tr>\n<td>\n<div class=\"magic-32\">ALTRO MARCHIO<\/div>\n<\/td>\n<td>\n<div class=\"magic-33\"><span class=\"magic-34\">XCMG,LIUGONG,KUBOTA,CASO,YANMAR,SUNWARD,ZOOMLION,LISHIDE,LIEHERR<\/span><\/div>\n<\/td>\n<\/tr>\n<\/tbody>\n<\/table>\n<h2>Come funziona il cilindro idraulico del contrappeso della gru<\/h2>\n<p>Il Crane Counterweight Hydraulic Cylinder funziona in base ai principi idraulici, utilizzando la pressione del fluido per regolare e controllare la posizione dei contrappesi nelle gru. Ecco una ripartizione del suo funzionamento:<\/p>\n<h3>1. Dinamica dei fluidi idraulici<\/h3>\n<p>Il cilindro contiene fluido idraulico, in genere olio, che viene pompato nel cilindro per creare pressione. Questo fluido funge da mezzo per trasferire potenza all&#039;interno del sistema idraulico.<\/p>\n<h3>2. Movimento del pistone<\/h3>\n<p>All&#039;interno del cilindro idraulico, un pistone si muove in risposta alla pressione del fluido idraulico. Quando l&#039;operatore attiva il sistema idraulico, il fluido viene diretto in un lato del cilindro, spingendo il pistone e causandone l&#039;estensione o la retrazione.<\/p>\n<h3>3. Regolazione del contrappeso<\/h3>\n<p>Mentre il pistone si muove, regola la posizione dei contrappesi fissati alla gru. L&#039;estensione del pistone sposta i contrappesi verso l&#039;esterno, aumentando la stabilit\u00e0 della gru quando si sollevano carichi pesanti. Al contrario, la retrazione del pistone avvicina i contrappesi alla gru, il che \u00e8 necessario per manovrare o trasportare la gru.<\/p>\n<h3>4. Regolazione della pressione<\/h3>\n<p>Il sistema idraulico \u00e8 dotato di valvole di regolazione della pressione che controllano il flusso e la pressione del fluido idraulico. Ci\u00f2 garantisce che le regolazioni dei contrappesi siano fluide e controllate, impedendo movimenti improvvisi che potrebbero destabilizzare la gru.<\/p>\n<h3>5. Meccanismi di sicurezza<\/h3>\n<p>Molti cilindri idraulici a contrappeso includono funzioni di sicurezza come protezione da sovraccarico e valvole di sicurezza. Questi meccanismi aiutano a prevenire un accumulo eccessivo di pressione e garantiscono un funzionamento sicuro, migliorando ulteriormente la stabilit\u00e0 e la sicurezza della gru durante le operazioni di sollevamento.<\/p>\n<p>Il cilindro idraulico del contrappeso della gru \u00e8 essenziale per mantenere l&#039;equilibrio e la stabilit\u00e0 delle gru durante il sollevamento di carichi pesanti. Utilizzando la fluidodinamica idraulica e movimenti precisi del pistone, consente la regolazione efficace dei contrappesi, garantendo operazioni della gru sicure ed efficienti in varie applicazioni.<\/p>\n<p><img loading=\"lazy\" decoding=\"async\" class=\"alignnone size-full wp-image-447\" src=\"https:\/\/fmp-components.com\/wp-content\/uploads\/2024\/12\/Crane.webp\" alt=\"Gru\" width=\"1234\" height=\"822\" title=\"\" srcset=\"https:\/\/fmp-components.com\/wp-content\/uploads\/2024\/12\/Crane.webp 1234w, https:\/\/fmp-components.com\/wp-content\/uploads\/2024\/12\/Crane-980x653.webp 980w, https:\/\/fmp-components.com\/wp-content\/uploads\/2024\/12\/Crane-480x320.webp 480w\" sizes=\"(min-width: 0px) and (max-width: 480px) 480px, (min-width: 481px) and (max-width: 980px) 980px, (min-width: 981px) 1234px, 100vw\" \/><\/p>\n<h2>Informazioni su FMP<\/h2>\n<p>FMP \u00e8 un&#039;azienda specializzata nella produzione meccanica dedicata alla produzione di cilindri idraulici. Sin dalla sua fondazione, l&#039;azienda si \u00e8 concentrata sulla ricerca e sulla produzione di tecnologia idraulica, passando con successo da una gamma di prodotti diversificata che includeva macchinari per la raccolta e l&#039;edilizia alla specializzazione in componenti per trattori agricoli. Con oltre un decennio di esperienza nella produzione e nella gestione, FMP garantisce prodotti di alta qualit\u00e0 attraverso tecniche di produzione avanzate.<\/p>\n<p>Con l&#039;evoluzione dell&#039;azienda, \u00e8 stata sviluppata una linea di produzione completa per lavorazioni meccaniche, una linea di assemblaggio e una linea di rivestimento. Il nostro team \u00e8 composto da personale dirigenziale qualificato, progettisti meccanici esperti e tecnici altamente qualificati che lavorano insieme per mantenere una qualit\u00e0 di produzione stabile, controllando efficacemente la continuit\u00e0 e l&#039;efficienza del processo.<\/p>\n<p>FMP sostiene la filosofia di &quot;Innovazione tecnologica che guida il progresso, qualit\u00e0 che crea marchi, artigianalit\u00e0 che garantisce la qualit\u00e0 e costruzione di relazioni win-win a lungo termine&quot;. Il nostro impegno nel fornire prodotti di alta qualit\u00e0 e un servizio clienti superiore rimane un obiettivo fondamentale mentre continuiamo a soddisfare le mutevoli esigenze del mercato.<\/p>\n<p><img loading=\"lazy\" decoding=\"async\" class=\"alignnone size-full wp-image-426\" src=\"https:\/\/fmp-components.com\/wp-content\/uploads\/2024\/12\/Sanitation-Machinery-Locking-Hydraulic-Cylinder-factory.webp\" sizes=\"(min-width: 0px) and (max-width: 480px) 480px, (min-width: 481px) and (max-width: 980px) 980px, (min-width: 981px) and (max-width: 1280px) 1280px, (min-width: 1281px) 1414px, 100vw\" srcset=\"https:\/\/fmp-components.com\/wp-content\/uploads\/2024\/12\/Sanitation-Machinery-Locking-Hydraulic-Cylinder-factory.webp 1414w, https:\/\/fmp-components.com\/wp-content\/uploads\/2024\/12\/Sanitation-Machinery-Locking-Hydraulic-Cylinder-factory-1280x529.webp 1280w, https:\/\/fmp-components.com\/wp-content\/uploads\/2024\/12\/Sanitation-Machinery-Locking-Hydraulic-Cylinder-factory-980x405.webp 980w, https:\/\/fmp-components.com\/wp-content\/uploads\/2024\/12\/Sanitation-Machinery-Locking-Hydraulic-Cylinder-factory-480x198.webp 480w\" alt=\"Fabbrica di cilindri idraulici di bloccaggio-macchine-igieniche\" width=\"1414\" height=\"584\" title=\"\"><\/p>\n<p>Autore: CX<\/p>","protected":false},"excerpt":{"rendered":"<p data-id=\"a11392d4-7524-4709-8e84-2ea1d23339d0\" data-pm-slice=\"1 1 []\">Il ruolo del cilindro idraulico del contrappeso della gru \u00e8 quello di fornire il contrappeso necessario per le gru durante il sollevamento. Sfrutta questo cilindro idraulico per un posizionamento accurato ma remoto del contrappeso per stabilit\u00e0 e sicurezza nelle applicazioni con carichi pesanti. Progettato specificamente per la durata, questo cavallo di battaglia \u00e8 costruito con materiali di prima qualit\u00e0 per resistere alle dure realt\u00e0 dei settori dell&#039;edilizia e del sollevamento pesante. Il sistema idraulico \u00e8 progettato per fornire un controllo efficiente e reattivo, assicurando che i movimenti siano fluidi ed equilibrati, il che consente agli operatori di ottimizzare le prestazioni della gru mantenendo la stabilit\u00e0. Essendo parte integrante della funzione complessiva delle gru, \u00e8 fondamentale per il loro funzionamento sicuro, contribuendo a soluzioni di sollevamento efficaci.<\/p>","protected":false},"featured_media":445,"comment_status":"open","ping_status":"closed","template":"","meta":{"_et_pb_use_builder":"","_et_pb_old_content":"","_et_gb_content_width":""},"product_brand":[],"product_cat":[24],"product_tag":[],"class_list":{"0":"post-444","1":"product","2":"type-product","3":"status-publish","4":"has-post-thumbnail","6":"product_cat-construction-machinery-hydraulic-cylinders","8":"first","9":"instock","10":"shipping-taxable","11":"product-type-simple"},"_links":{"self":[{"href":"https:\/\/fmp-components.com\/it\/wp-json\/wp\/v2\/product\/444","targetHints":{"allow":["GET"]}}],"collection":[{"href":"https:\/\/fmp-components.com\/it\/wp-json\/wp\/v2\/product"}],"about":[{"href":"https:\/\/fmp-components.com\/it\/wp-json\/wp\/v2\/types\/product"}],"replies":[{"embeddable":true,"href":"https:\/\/fmp-components.com\/it\/wp-json\/wp\/v2\/comments?post=444"}],"wp:featuredmedia":[{"embeddable":true,"href":"https:\/\/fmp-components.com\/it\/wp-json\/wp\/v2\/media\/445"}],"wp:attachment":[{"href":"https:\/\/fmp-components.com\/it\/wp-json\/wp\/v2\/media?parent=444"}],"wp:term":[{"taxonomy":"product_brand","embeddable":true,"href":"https:\/\/fmp-components.com\/it\/wp-json\/wp\/v2\/product_brand?post=444"},{"taxonomy":"product_cat","embeddable":true,"href":"https:\/\/fmp-components.com\/it\/wp-json\/wp\/v2\/product_cat?post=444"},{"taxonomy":"product_tag","embeddable":true,"href":"https:\/\/fmp-components.com\/it\/wp-json\/wp\/v2\/product_tag?post=444"}],"curies":[{"name":"parola chiave","href":"https:\/\/api.w.org\/{rel}","templated":true}]}}