{"id":432,"date":"2024-12-10T06:13:58","date_gmt":"2024-12-10T06:13:58","guid":{"rendered":"https:\/\/fmp-components.com\/?page_id=8"},"modified":"2024-12-10T06:13:58","modified_gmt":"2024-12-10T06:13:58","slug":"sanitation-machinery-forward-thrust-hydraulic-cylinder","status":"publish","type":"product","link":"https:\/\/fmp-components.com\/it\/product\/sanitation-machinery-forward-thrust-hydraulic-cylinder\/","title":{"rendered":"Cilindro idraulico a spinta in avanti per macchinari per la pulizia"},"content":{"rendered":"<p style=\"text-align: center;\"><span style=\"font-size: 18pt;\">Cilindro idraulico a spinta in avanti per macchinari per la pulizia<\/span><\/p>\n<p>\u00a0Il cilindro idraulico a spinta in avanti Sanitation Machinery \u00e8 un componente essenziale progettato per fornire una spinta in avanti potente e affidabile per varie attrezzature per la pulizia, tra cui camion della spazzatura e spazzatrici stradali. Questo cilindro idraulico \u00e8 progettato per facilitare movimenti fluidi e controllati, migliorando l&#039;efficienza delle operazioni durante la raccolta dei rifiuti e le attivit\u00e0 di pulizia delle strade.<\/p>\n<p><img loading=\"lazy\" decoding=\"async\" class=\"size-full wp-image-439 aligncenter\" src=\"https:\/\/fmp-components.com\/wp-content\/uploads\/2024\/12\/Sanitation-Machinery-Forward-Thrust-Hydraulic-Cylinder.webp\" alt=\"Igiene-Macchine-Cilindro-Idraulico-a-spinta-in-avanti\" width=\"500\" height=\"500\" title=\"\" srcset=\"https:\/\/fmp-components.com\/wp-content\/uploads\/2024\/12\/Sanitation-Machinery-Forward-Thrust-Hydraulic-Cylinder.webp 500w, https:\/\/fmp-components.com\/wp-content\/uploads\/2024\/12\/Sanitation-Machinery-Forward-Thrust-Hydraulic-Cylinder-480x480.webp 480w\" sizes=\"(min-width: 0px) and (max-width: 480px) 480px, (min-width: 481px) 500px, 100vw\" \/><\/p>\n<h4>Caratteristiche principali:<\/h4>\n<ul>\n<li>Costruzione robusta: realizzato con materiali ad alta resistenza, questo cilindro idraulico \u00e8 costruito per resistere alle difficili condizioni del settore igienico-sanitario, garantendo durata e prestazioni durature.<\/li>\n<li>Funzionamento idraulico fluido: il sistema idraulico avanzato consente movimenti fluidi e reattivi, riducendo al minimo l&#039;usura dei macchinari e ottimizzando l&#039;efficienza operativa.<\/li>\n<li>Controllo preciso: progettato per un controllo preciso, il cilindro idraulico a spinta in avanti consente agli operatori di manovrare efficacemente le attrezzature sanitarie, migliorando la sicurezza e le prestazioni durante le varie attivit\u00e0.<\/li>\n<li>Applicazione versatile: adatto a un&#039;ampia gamma di macchinari per la sanificazione, questo cilindro idraulico pu\u00f2 essere facilmente integrato nei sistemi esistenti, rendendolo una soluzione versatile per le operazioni di gestione dei rifiuti.<\/li>\n<li>Efficienza energetica: il suo design ottimizza il consumo energetico, riducendo la perdita di potenza e contribuendo ad abbassare i costi operativi, rendendolo una scelta ecologica per i servizi igienico-sanitari.<\/li>\n<\/ul>\n<p>Il cilindro idraulico a spinta in avanti delle macchine per servizi igienico-sanitari migliora la funzionalit\u00e0 e l&#039;efficienza delle attrezzature per servizi igienico-sanitari, garantendo prestazioni efficaci nelle operazioni di gestione dei rifiuti e mantenendo elevati livelli di durata e controllo.<\/p>\n<h2>Dimensioni del cilindro idraulico a spinta in avanti per macchinari per la pulizia:<\/h2>\n<table>\n<tbody>\n<tr>\n<td><img loading=\"lazy\" decoding=\"async\" class=\"alignnone size-full wp-image-435\" src=\"https:\/\/fmp-components.com\/wp-content\/uploads\/2024\/12\/Sanitation-Machinery-Forward-Thrust-Hydraulic-Cylinder-Dimensions-1.webp\" alt=\"Igiene-Macchine-Cilindro-Idraulico-A-Spinta-In-Avanti-Vantaggi-1\" width=\"980\" height=\"416\" title=\"\" srcset=\"https:\/\/fmp-components.com\/wp-content\/uploads\/2024\/12\/Sanitation-Machinery-Forward-Thrust-Hydraulic-Cylinder-Dimensions-1.webp 980w, https:\/\/fmp-components.com\/wp-content\/uploads\/2024\/12\/Sanitation-Machinery-Forward-Thrust-Hydraulic-Cylinder-Dimensions-1-480x204.webp 480w\" sizes=\"(min-width: 0px) and (max-width: 480px) 480px, (min-width: 481px) 980px, 100vw\" \/><\/td>\n<td><img loading=\"lazy\" decoding=\"async\" class=\"alignnone size-full wp-image-436\" src=\"https:\/\/fmp-components.com\/wp-content\/uploads\/2024\/12\/Sanitation-Machinery-Forward-Thrust-Hydraulic-Cylinder-Dimensions-2.webp\" alt=\"Igiene-Macchine-Cilindro-Idraulico-A-Spinta-In-Avanti-Vantaggi-1\" width=\"980\" height=\"416\" title=\"\" srcset=\"https:\/\/fmp-components.com\/wp-content\/uploads\/2024\/12\/Sanitation-Machinery-Forward-Thrust-Hydraulic-Cylinder-Dimensions-2.webp 980w, https:\/\/fmp-components.com\/wp-content\/uploads\/2024\/12\/Sanitation-Machinery-Forward-Thrust-Hydraulic-Cylinder-Dimensions-2-480x204.webp 480w\" sizes=\"(min-width: 0px) and (max-width: 480px) 480px, (min-width: 481px) 980px, 100vw\" \/><\/td>\n<\/tr>\n<\/tbody>\n<\/table>\n<table style=\"width: 100%; height: 133px;\" border=\"1\" cellspacing=\"0\" cellpadding=\"0\">\n<tbody>\n<tr style=\"height: 71px;\">\n<td style=\"height: 71px;\" width=\"246\">Nome del cilindro<\/td>\n<td style=\"height: 71px;\" width=\"336\">Numero del disegno<\/td>\n<td style=\"height: 71px;\" width=\"126\">Diametro del foro (D)<\/td>\n<td style=\"height: 71px;\" width=\"123\">Diametro dell&#039;asta (d)<\/td>\n<td style=\"height: 71px;\" width=\"114\">Colpo (S)<\/td>\n<td style=\"height: 71px;\" width=\"170\">Distanza di installazione (L)<\/td>\n<td style=\"height: 71px;\" width=\"172\">Pressione di lavoro<\/td>\n<td style=\"height: 71px;\" width=\"366\">Dimensioni dell&#039;interfaccia (M)<\/td>\n<td style=\"height: 71px;\" width=\"96\">Peso<\/td>\n<\/tr>\n<tr style=\"height: 62px;\">\n<td class=\"et3\" style=\"height: 62px;\" width=\"246\" height=\"298\">Cilindro di spinta in avanti<\/td>\n<td class=\"et4\" style=\"height: 62px;\" width=\"336\">LPE416B.4.4-2-00<\/td>\n<td class=\"et4\" style=\"height: 62px;\" width=\"126\">\u03a690<\/td>\n<td class=\"et4\" style=\"height: 62px;\" width=\"123\">\u03a663<\/td>\n<td class=\"et4\" style=\"height: 62px;\" width=\"114\">320<\/td>\n<td class=\"et4\" style=\"height: 62px;\" width=\"170\">878<\/td>\n<td class=\"et4\" style=\"height: 62px;\" width=\"172\">16MPa<\/td>\n<td class=\"et4\" style=\"height: 62px;\" width=\"366\">2-M22*1.5<\/td>\n<td class=\"et4\" style=\"height: 62px;\" width=\"96\">47 kg<\/td>\n<\/tr>\n<\/tbody>\n<\/table>\n<table>\n<tbody>\n<tr>\n<td><img loading=\"lazy\" decoding=\"async\" class=\"alignnone size-full wp-image-437\" src=\"https:\/\/fmp-components.com\/wp-content\/uploads\/2024\/12\/Sanitation-Machinery-Forward-Thrust-Hydraulic-Cylinder-Dimensions-3.webp\" alt=\"Igiene-Macchine-Cilindro-Idraulico-A-Spinta-In-Avanti-Vantaggi-1\" width=\"980\" height=\"375\" title=\"\" srcset=\"https:\/\/fmp-components.com\/wp-content\/uploads\/2024\/12\/Sanitation-Machinery-Forward-Thrust-Hydraulic-Cylinder-Dimensions-3.webp 980w, https:\/\/fmp-components.com\/wp-content\/uploads\/2024\/12\/Sanitation-Machinery-Forward-Thrust-Hydraulic-Cylinder-Dimensions-3-480x184.webp 480w\" sizes=\"(min-width: 0px) and (max-width: 480px) 480px, (min-width: 481px) 980px, 100vw\" \/><\/td>\n<td><img loading=\"lazy\" decoding=\"async\" class=\"alignnone size-full wp-image-438\" src=\"https:\/\/fmp-components.com\/wp-content\/uploads\/2024\/12\/Sanitation-Machinery-Forward-Thrust-Hydraulic-Cylinder-Dimensions-4.webp\" alt=\"Igiene-Macchine-Cilindro-Idraulico-A-Spinta-In-Avanti-Vantaggi-1\" width=\"980\" height=\"375\" title=\"\" srcset=\"https:\/\/fmp-components.com\/wp-content\/uploads\/2024\/12\/Sanitation-Machinery-Forward-Thrust-Hydraulic-Cylinder-Dimensions-4.webp 980w, https:\/\/fmp-components.com\/wp-content\/uploads\/2024\/12\/Sanitation-Machinery-Forward-Thrust-Hydraulic-Cylinder-Dimensions-4-480x184.webp 480w\" sizes=\"(min-width: 0px) and (max-width: 480px) 480px, (min-width: 481px) 980px, 100vw\" \/><\/td>\n<\/tr>\n<\/tbody>\n<\/table>\n<table style=\"width: 100%; height: 119px;\" border=\"1\" cellspacing=\"0\" cellpadding=\"0\">\n<tbody>\n<tr style=\"height: 71px;\">\n<td style=\"height: 71px;\" width=\"246\">Nome del cilindro<\/td>\n<td style=\"height: 71px;\" width=\"336\">Numero del disegno<\/td>\n<td style=\"height: 71px;\" width=\"126\">Diametro del foro (D)<\/td>\n<td style=\"height: 71px;\" width=\"123\">Diametro dell&#039;asta (d)<\/td>\n<td style=\"height: 71px;\" width=\"114\">Colpo (S)<\/td>\n<td style=\"height: 71px;\" width=\"170\">Distanza di installazione (L)<\/td>\n<td style=\"height: 71px;\" width=\"172\">Pressione di lavoro<\/td>\n<td style=\"height: 71px;\" width=\"366\">Dimensioni dell&#039;interfaccia (M)<\/td>\n<td style=\"height: 71px;\" width=\"96\">Peso<\/td>\n<\/tr>\n<tr style=\"height: 48px;\">\n<td class=\"et3\" style=\"height: 48px;\" width=\"246\" height=\"290\">Cilindro di spinta in avanti<\/td>\n<td class=\"et4\" style=\"height: 48px;\" width=\"336\">LPG418.4.4-2-00<\/td>\n<td class=\"et4\" style=\"height: 48px;\" width=\"126\">\u03a6100<\/td>\n<td class=\"et4\" style=\"height: 48px;\" width=\"123\">\u03a655<\/td>\n<td class=\"et4\" style=\"height: 48px;\" width=\"114\">320<\/td>\n<td class=\"et4\" style=\"height: 48px;\" width=\"170\">700<\/td>\n<td class=\"et4\" style=\"height: 48px;\" width=\"172\">16MPa<\/td>\n<td class=\"et4\" style=\"height: 48px;\" width=\"366\">2-M22*1.5<\/td>\n<td class=\"et4\" style=\"height: 48px;\" width=\"96\">41 kg<\/td>\n<\/tr>\n<\/tbody>\n<\/table>\n<h2>Cilindro idraulico marche e modelli disponibili:<\/h2>\n<table border=\"1\" cellspacing=\"0\" cellpadding=\"0\">\n<tbody>\n<tr>\n<td><span data-spm-anchor-id=\"a2700.details.0.i43.45d84a73e99C9z\">KOMATSU (PC)<\/span><\/td>\n<td>PC30, PC40, PC50, PC56, PC60, PC78, PC100, PC110, PC120, PC130, PC160, PC200-3\/5\/6\/7\/8\/8MO, PC210, PC220-5\/6\/7\/8\/8MO, PC240, PC300\/350\/360-5\/6\/7\/8\/8MO, PC400\/450-5\/6\/7\/8\/8MO, PC800, PC850<\/td>\n<\/tr>\n<tr>\n<td>BRUCO (E)<\/td>\n<td>E301.5,E302,E305.5,E306,E307V1\/V2\/B\/C\/D\/E\/F,E308B\/C,E120B,E312V1\/V2\/B\/C\/D,E313D2,E312D2,E315D,<br \/>\nE200B,E320V1\/V2\/A\/B\/C\/D,E324D,E325C\/D,E329D,E330\/336C\/D,E345C,E349D,E365C,E374,E390<\/td>\n<\/tr>\n<tr>\n<td>KOBELCO (Slovacchia)<\/td>\n<td>SK60-3\/5\/8,SK75-8\/SR, SK100, SK120-3\/5, SK135-8\/SR, SK140-8, SK200-3\/5\/6\/6E, SK210-3\/5\/6\/ 6E,<br \/>\nSK230\/250-6E,SK250-8,SK260-8,SK350-8\/S8,SK460\/480-8<\/td>\n<\/tr>\n<tr>\n<td>La tua HYUNDAI (R)<\/td>\n<td>R55-5\/7, R60-5\/7, R80, R110, R130, R200-5, R210-5, R215-5\/7, R220-5\/7\/9, R225-5\/7\/9, R250, R260, R265, R290, R305, R445, R485, R505<\/td>\n<\/tr>\n<tr>\n<td><span data-spm-anchor-id=\"a2700.details.0.i53.45d84a73e99C9z\">HITACHI (EX.ZX)<\/span><\/td>\n<td>EX60,EX100-1\/2\/3,EX120-1\/3\/5\/6,EX200-1\/3\/5,EX230-5,EX300-1,EX400<br \/>\nZAX60,ZAX70,ZA120-6,ZAX200\/210-1\/3\/5\/5K,ZAX240,ZAX250,ZAX260,ZAX330-3\/5\/6,ZAX450\/470,ZAX650\/670,ZAX850\/870<\/td>\n<\/tr>\n<tr>\n<td>\n<div class=\"magic-32\"><span data-spm-anchor-id=\"a2700.details.0.i55.45d84a73e99C9z\">DOOSAN (DH\/DX)<\/span><\/div>\n<\/td>\n<td>\n<div class=\"magic-33\"><span class=\"magic-34\">DH55, DH60, DH80,DH150, DH215-5\/7,DH220-5,DH225-5\/7,DH258,DH300-5\/7, DH370,DH420,DH500<br \/>\nDX55, DX60, DX75, DX130, DX225-9, DX300, DX380, DX420, DX500<\/span><\/div>\n<\/td>\n<\/tr>\n<tr>\n<td>\n<div class=\"magic-32\">VOLVO (CE)<\/div>\n<\/td>\n<td>\n<div class=\"magic-33\"><span class=\"magic-34\">EC55, EC60, EC75, EC80, EC140, EC210B\/D, EC220D, EC240, EC250, EC290, EC300, EC360 EC380, EC460, EC480, EC700, EC750, EC950<\/span><\/div>\n<\/td>\n<\/tr>\n<tr>\n<td>\n<div class=\"magic-32\">KATO (HD)<\/div>\n<\/td>\n<td>\n<div class=\"magic-33\"><span class=\"magic-34\">HD307\/308, HD450, HD512, HD700-5\/7, HD820-1\/2\/3\/5\/R, HD1023-1\/3, HD1430-1\/3<\/span><\/div>\n<\/td>\n<\/tr>\n<tr>\n<td>\n<div class=\"magic-32\">ALTRO MARCHIO<\/div>\n<\/td>\n<td>\n<div class=\"magic-33\"><span class=\"magic-34\">XCMG,LIUGONG,KUBOTA,CASO,YANMAR,SUNWARD,ZOOMLION,LISHIDE,LIEHERR<\/span><\/div>\n<\/td>\n<\/tr>\n<\/tbody>\n<\/table>\n<h3>Caratteristiche del cilindro idraulico a spinta in avanti per macchinari per l&#039;igiene<\/h3>\n<h4>1. Costruzione durevole<\/h4>\n<p>Il cilindro idraulico a spinta in avanti Sanitation Machinery \u00e8 realizzato con materiali ad alta resistenza, che ne garantiscono la resistenza alle condizioni difficili comunemente riscontrate nelle operazioni di sanificazione. Questo design robusto garantisce una lunga durata e affidabilit\u00e0.<\/p>\n<h4>2. Funzionamento idraulico regolare<\/h4>\n<p>Progettato con un sistema idraulico avanzato, questo cilindro fornisce movimenti fluidi e fluidi. Questa caratteristica riduce al minimo l&#039;usura dei macchinari e migliora l&#039;efficienza operativa complessiva, consentendo prestazioni senza interruzioni durante la raccolta dei rifiuti.<\/p>\n<h4>3. Controllo preciso<\/h4>\n<p>Il cilindro idraulico \u00e8 progettato per un controllo accurato, consentendo agli operatori di manovrare con precisione le attrezzature per la sanificazione. Questa capacit\u00e0 migliora la sicurezza e l&#039;efficacia durante varie attivit\u00e0, come la pulizia delle strade e il trasporto dei rifiuti.<\/p>\n<h4>4. Applicazione versatile<\/h4>\n<p>Adatto a un&#039;ampia gamma di macchinari per la pulizia, tra cui camion della spazzatura e spazzatrici stradali, questo cilindro idraulico a spinta in avanti pu\u00f2 essere facilmente integrato nei sistemi esistenti, il che lo rende una scelta versatile per la gestione dei rifiuti.<\/p>\n<h4>5. Efficienza energetica<\/h4>\n<p>Il design del cilindro ottimizza l&#039;uso dell&#039;energia, riducendo la perdita di potenza durante il funzionamento. Questa efficienza energetica si traduce in costi operativi inferiori, contribuendo a pratiche pi\u00f9 sostenibili nel settore dei servizi igienico-sanitari.<\/p>\n<h4>6. Bassa necessit\u00e0 di manutenzione<\/h4>\n<p>Grazie alla sua struttura robusta e ai materiali di alta qualit\u00e0, il cilindro idraulico a spinta in avanti richiede una manutenzione minima, riducendo i tempi di fermo e aumentando la produttivit\u00e0 dei servizi di igienizzazione.<\/p>\n<h4>7. Caratteristiche di sicurezza<\/h4>\n<p>Grazie all&#039;integrazione di meccanismi di sicurezza, come le valvole di sicurezza, il cilindro idraulico contribuisce a prevenire sovraccarichi e garantisce un funzionamento stabile, migliorando cos\u00ec la sicurezza sia degli operatori che dell&#039;ambiente circostante.<\/p>\n<p>In sintesi, il cilindro idraulico a spinta anteriore della Sanitation Machinery offre una combinazione di durata, efficienza e sicurezza, rendendolo un componente essenziale per operazioni di sanificazione efficaci e affidabili.<\/p>\n<p><img loading=\"lazy\" decoding=\"async\" class=\"alignnone size-full wp-image-440\" src=\"https:\/\/fmp-components.com\/wp-content\/uploads\/2024\/12\/Sanitation-Machinery-Forward-Thrust-Hydraulic-Cylinder-1.webp\" alt=\"Igiene-Macchine-Cilindro-Idraulico-a-spinta-in-avanti\" width=\"1000\" height=\"667\" title=\"\" srcset=\"https:\/\/fmp-components.com\/wp-content\/uploads\/2024\/12\/Sanitation-Machinery-Forward-Thrust-Hydraulic-Cylinder-1.webp 1000w, https:\/\/fmp-components.com\/wp-content\/uploads\/2024\/12\/Sanitation-Machinery-Forward-Thrust-Hydraulic-Cylinder-1-980x654.webp 980w, https:\/\/fmp-components.com\/wp-content\/uploads\/2024\/12\/Sanitation-Machinery-Forward-Thrust-Hydraulic-Cylinder-1-480x320.webp 480w\" sizes=\"(min-width: 0px) and (max-width: 480px) 480px, (min-width: 481px) and (max-width: 980px) 980px, (min-width: 981px) 1000px, 100vw\" \/><\/p>\n<h2>Informazioni su FMP<\/h2>\n<p>FMP \u00e8 un&#039;azienda specializzata nella produzione meccanica dedicata alla produzione di cilindri idraulici. Sin dalla sua fondazione, l&#039;azienda si \u00e8 concentrata sulla ricerca e sulla produzione di tecnologia idraulica, passando con successo da una gamma di prodotti diversificata che includeva macchinari per la raccolta e l&#039;edilizia alla specializzazione in componenti per trattori agricoli. Con oltre un decennio di esperienza nella produzione e nella gestione, FMP garantisce prodotti di alta qualit\u00e0 attraverso tecniche di produzione avanzate.<\/p>\n<p>Con l&#039;evoluzione dell&#039;azienda, \u00e8 stata sviluppata una linea di produzione completa per lavorazioni meccaniche, una linea di assemblaggio e una linea di rivestimento. Il nostro team \u00e8 composto da personale dirigenziale qualificato, progettisti meccanici esperti e tecnici altamente qualificati che lavorano insieme per mantenere una qualit\u00e0 di produzione stabile, controllando efficacemente la continuit\u00e0 e l&#039;efficienza del processo.<\/p>\n<p>FMP sostiene la filosofia di &quot;Innovazione tecnologica che guida il progresso, qualit\u00e0 che crea marchi, artigianalit\u00e0 che garantisce la qualit\u00e0 e costruzione di relazioni win-win a lungo termine&quot;. Il nostro impegno nel fornire prodotti di alta qualit\u00e0 e un servizio clienti superiore rimane un obiettivo fondamentale mentre continuiamo a soddisfare le mutevoli esigenze del mercato.<\/p>\n<p><img loading=\"lazy\" decoding=\"async\" class=\"alignnone size-full wp-image-426\" src=\"https:\/\/fmp-components.com\/wp-content\/uploads\/2024\/12\/Sanitation-Machinery-Locking-Hydraulic-Cylinder-factory.webp\" alt=\"Fabbrica di cilindri idraulici di bloccaggio-macchine-igieniche\" width=\"1414\" height=\"584\" title=\"\" srcset=\"https:\/\/fmp-components.com\/wp-content\/uploads\/2024\/12\/Sanitation-Machinery-Locking-Hydraulic-Cylinder-factory.webp 1414w, https:\/\/fmp-components.com\/wp-content\/uploads\/2024\/12\/Sanitation-Machinery-Locking-Hydraulic-Cylinder-factory-1280x529.webp 1280w, https:\/\/fmp-components.com\/wp-content\/uploads\/2024\/12\/Sanitation-Machinery-Locking-Hydraulic-Cylinder-factory-980x405.webp 980w, https:\/\/fmp-components.com\/wp-content\/uploads\/2024\/12\/Sanitation-Machinery-Locking-Hydraulic-Cylinder-factory-480x198.webp 480w\" sizes=\"(min-width: 0px) and (max-width: 480px) 480px, (min-width: 481px) and (max-width: 980px) 980px, (min-width: 981px) and (max-width: 1280px) 1280px, (min-width: 1281px) 1414px, 100vw\" \/><\/p>\n<p>Autore: CX<\/p>","protected":false},"excerpt":{"rendered":"<p>Il cilindro idraulico a spinta in avanti Sanitation Machinery \u00e8 un componente essenziale progettato per fornire una potente spinta in avanti per le attrezzature di pulizia, come camion della spazzatura e spazzatrici stradali. Progettato per affidabilit\u00e0 ed efficienza, questo cilindro idraulico consente movimenti fluidi e controllati, facilitando operazioni efficaci durante la raccolta dei rifiuti e la pulizia delle strade. Realizzato con materiali ad alta resistenza, \u00e8 costruito per resistere alle dure condizioni tipiche del lavoro di pulizia, garantendo una lunga durata. Il suo design idraulico avanzato consente un controllo e una reattivit\u00e0 precisi, rendendolo essenziale per ottimizzare le prestazioni e la sicurezza dei macchinari di pulizia in varie applicazioni.<\/p>","protected":false},"featured_media":439,"comment_status":"open","ping_status":"closed","template":"","meta":{"_et_pb_use_builder":"","_et_pb_old_content":"","_et_gb_content_width":""},"product_brand":[],"product_cat":[23],"product_tag":[],"class_list":{"0":"post-432","1":"product","2":"type-product","3":"status-publish","4":"has-post-thumbnail","6":"product_cat-sanitation-machinery-hydraulic-cylinders","8":"first","9":"instock","10":"shipping-taxable","11":"product-type-simple"},"_links":{"self":[{"href":"https:\/\/fmp-components.com\/it\/wp-json\/wp\/v2\/product\/432","targetHints":{"allow":["GET"]}}],"collection":[{"href":"https:\/\/fmp-components.com\/it\/wp-json\/wp\/v2\/product"}],"about":[{"href":"https:\/\/fmp-components.com\/it\/wp-json\/wp\/v2\/types\/product"}],"replies":[{"embeddable":true,"href":"https:\/\/fmp-components.com\/it\/wp-json\/wp\/v2\/comments?post=432"}],"wp:featuredmedia":[{"embeddable":true,"href":"https:\/\/fmp-components.com\/it\/wp-json\/wp\/v2\/media\/439"}],"wp:attachment":[{"href":"https:\/\/fmp-components.com\/it\/wp-json\/wp\/v2\/media?parent=432"}],"wp:term":[{"taxonomy":"product_brand","embeddable":true,"href":"https:\/\/fmp-components.com\/it\/wp-json\/wp\/v2\/product_brand?post=432"},{"taxonomy":"product_cat","embeddable":true,"href":"https:\/\/fmp-components.com\/it\/wp-json\/wp\/v2\/product_cat?post=432"},{"taxonomy":"product_tag","embeddable":true,"href":"https:\/\/fmp-components.com\/it\/wp-json\/wp\/v2\/product_tag?post=432"}],"curies":[{"name":"parola chiave","href":"https:\/\/api.w.org\/{rel}","templated":true}]}}