{"id":411,"date":"2024-12-10T03:31:52","date_gmt":"2024-12-10T03:31:52","guid":{"rendered":"https:\/\/fmp-components.com\/?page_id=8"},"modified":"2024-12-10T03:51:35","modified_gmt":"2024-12-10T03:51:35","slug":"boom-aerial-work-vehicle-steering-hydraulic-cylinder","status":"publish","type":"product","link":"https:\/\/fmp-components.com\/it\/product\/boom-aerial-work-vehicle-steering-hydraulic-cylinder\/","title":{"rendered":"Cilindro idraulico dello sterzo del veicolo di lavoro aereo Boom"},"content":{"rendered":"<p style=\"text-align: center;\"><span style=\"font-size: 18pt;\">Cilindro idraulico dello sterzo del veicolo di lavoro aereo Boom<\/span><\/p>\n<p>Il cilindro idraulico di sterzo del Boom Aerial Work Vehicle \u00e8 un componente fondamentale progettato per migliorare la manovrabilit\u00e0 e il controllo delle piattaforme aeree. Questo cilindro idraulico offre capacit\u00e0 di sterzo precise, consentendo agli operatori di muoversi facilmente in spazi ristretti e di posizionare il sollevatore con precisione durante varie applicazioni.<\/p>\n<h2><img loading=\"lazy\" decoding=\"async\" class=\"size-full wp-image-416 aligncenter\" src=\"https:\/\/fmp-components.com\/wp-content\/uploads\/2024\/12\/Boom-Aerial-Work-Vehicle-Steering-Hydraulic-Cylinder.webp\" alt=\"Cilindro idraulico dello sterzo del veicolo di lavoro aereo Boom\" width=\"500\" height=\"500\" title=\"\" srcset=\"https:\/\/fmp-components.com\/wp-content\/uploads\/2024\/12\/Boom-Aerial-Work-Vehicle-Steering-Hydraulic-Cylinder.webp 500w, https:\/\/fmp-components.com\/wp-content\/uploads\/2024\/12\/Boom-Aerial-Work-Vehicle-Steering-Hydraulic-Cylinder-480x480.webp 480w\" sizes=\"(min-width: 0px) and (max-width: 480px) 480px, (min-width: 481px) 500px, 100vw\" \/><\/h2>\n<h4>Caratteristiche principali:<\/h4>\n<ul>\n<li>Controllo dello sterzo fluido: il cilindro idraulico assicura uno sterzo fluido e reattivo, consentendo regolazioni precise e una maneggevolezza superiore durante la navigazione in ambienti di lavoro complessi.<\/li>\n<li>Costruzione durevole: realizzato con materiali ad alta resistenza, questo cilindro idraulico dello sterzo \u00e8 costruito per resistere ai rigori delle condizioni operative pi\u00f9 impegnative, garantendo prestazioni e affidabilit\u00e0 durature.<\/li>\n<li>Sistema idraulico efficiente: il design idraulico avanzato massimizza le prestazioni riducendo al minimo la perdita di energia, contribuendo a un funzionamento conveniente e a una maggiore efficienza complessiva.<\/li>\n<li>Miglioramenti della sicurezza: dotato di funzioni di sicurezza che impediscono il sovrasterzo e garantiscono la stabilit\u00e0, il cilindro aiuta a mantenere il controllo durante il funzionamento, riducendo il rischio di incidenti.<\/li>\n<li>Applicazioni versatili: adatto a vari compiti nei settori dell&#039;edilizia, della manutenzione e dei servizi pubblici, questo cilindro idraulico dello sterzo \u00e8 essenziale per massimizzare l&#039;efficacia dei veicoli da lavoro aerei con braccio.<\/li>\n<\/ul>\n<p>Il cilindro idraulico sterzante del veicolo da lavoro aereo Boom \u00e8 progettato per migliorare la manovrabilit\u00e0, la sicurezza e le prestazioni complessive, rendendolo uno strumento indispensabile per gli operatori di diversi settori che necessitano di soluzioni di accesso elevato.<\/p>\n<h2>Dimensioni del cilindro idraulico dello sterzo del veicolo da lavoro aereo Boom:<\/h2>\n<table>\n<tbody>\n<tr>\n<td>\n<h2><img loading=\"lazy\" decoding=\"async\" class=\"alignnone size-full wp-image-414\" src=\"https:\/\/fmp-components.com\/wp-content\/uploads\/2024\/12\/Boom-Aerial-Work-Vehicle-Steering-Hydraulic-Cylinder-Dimensions-1.webp\" alt=\"Dimensioni del cilindro idraulico dello sterzo del veicolo di lavoro aereo Boom\" width=\"980\" height=\"390\" title=\"\" srcset=\"https:\/\/fmp-components.com\/wp-content\/uploads\/2024\/12\/Boom-Aerial-Work-Vehicle-Steering-Hydraulic-Cylinder-Dimensions-1.webp 980w, https:\/\/fmp-components.com\/wp-content\/uploads\/2024\/12\/Boom-Aerial-Work-Vehicle-Steering-Hydraulic-Cylinder-Dimensions-1-480x191.webp 480w\" sizes=\"(min-width: 0px) and (max-width: 480px) 480px, (min-width: 481px) 980px, 100vw\" \/><\/h2>\n<\/td>\n<td>\n<h2><img loading=\"lazy\" decoding=\"async\" class=\"alignnone size-full wp-image-415\" src=\"https:\/\/fmp-components.com\/wp-content\/uploads\/2024\/12\/Boom-Aerial-Work-Vehicle-Steering-Hydraulic-Cylinder-Dimensions-2.webp\" alt=\"Boom-Aerial-Vehicle-Sterzo-Cilindro-Idraulico-Dimensioni-2\" width=\"980\" height=\"390\" title=\"\" srcset=\"https:\/\/fmp-components.com\/wp-content\/uploads\/2024\/12\/Boom-Aerial-Work-Vehicle-Steering-Hydraulic-Cylinder-Dimensions-2.webp 980w, https:\/\/fmp-components.com\/wp-content\/uploads\/2024\/12\/Boom-Aerial-Work-Vehicle-Steering-Hydraulic-Cylinder-Dimensions-2-480x191.webp 480w\" sizes=\"(min-width: 0px) and (max-width: 480px) 480px, (min-width: 481px) 980px, 100vw\" \/><\/h2>\n<\/td>\n<\/tr>\n<\/tbody>\n<\/table>\n<table style=\"width: 100%; height: 130px;\" border=\"1\" cellspacing=\"0\" cellpadding=\"0\">\n<tbody>\n<tr style=\"height: 71px;\">\n<td style=\"height: 71px;\" width=\"246\">Nome del cilindro<\/td>\n<td style=\"height: 71px;\" width=\"336\">Numero del disegno<\/td>\n<td style=\"height: 71px;\" width=\"126\">Diametro del foro (D)<\/td>\n<td style=\"height: 71px;\" width=\"123\">Diametro dell&#039;asta (d)<\/td>\n<td style=\"height: 71px;\" width=\"114\">Colpo (S)<\/td>\n<td style=\"height: 71px;\" width=\"170\">Distanza di installazione (L)<\/td>\n<td style=\"height: 71px;\" width=\"172\">Pressione di lavoro<\/td>\n<td style=\"height: 71px;\" width=\"366\">Dimensioni dell&#039;interfaccia (M)<\/td>\n<td style=\"height: 71px;\" width=\"96\">Peso<\/td>\n<\/tr>\n<tr style=\"height: 59px;\">\n<td class=\"et3\" style=\"height: 59px;\" width=\"246\" height=\"214\">Cilindro dello sterzo<\/td>\n<td class=\"et4\" style=\"height: 59px;\" width=\"336\">Modello GTHZ210C-620100-000<\/td>\n<td class=\"et4\" style=\"height: 59px;\" width=\"126\">\u03a663<\/td>\n<td class=\"et4\" style=\"height: 59px;\" width=\"123\">\u03a635<\/td>\n<td class=\"et4\" style=\"height: 59px;\" width=\"114\">320<\/td>\n<td class=\"et4\" style=\"height: 59px;\" width=\"170\">540<\/td>\n<td class=\"et4\" style=\"height: 59px;\" width=\"172\">21MPa<\/td>\n<td class=\"et4\" style=\"height: 59px;\" width=\"366\">2-M14*1.5<\/td>\n<td class=\"et4\" style=\"height: 59px;\" width=\"96\">13 kg<\/td>\n<\/tr>\n<\/tbody>\n<\/table>\n<h2>Parametro del cilindro idraulico dello sterzo del veicolo di lavoro aereo Boom:<\/h2>\n<table border=\"1\" width=\"100%\" cellspacing=\"0\" cellpadding=\"0\">\n<tbody>\n<tr>\n<td width=\"70\">Articolo<\/td>\n<td width=\"70\">Descrizione<\/td>\n<\/tr>\n<tr>\n<td width=\"70\">Nome del prodotto<\/td>\n<td width=\"70\">Cilindro idraulico dello sterzo<\/td>\n<\/tr>\n<tr>\n<td width=\"70\">Applicazione<\/td>\n<td width=\"70\">Veicolo di lavoro aereo Boom<\/td>\n<\/tr>\n<tr>\n<td width=\"70\">Materiale<\/td>\n<td width=\"70\">Acciaio 20#\/45#, Q345B, 40Cr<\/td>\n<\/tr>\n<tr>\n<td width=\"70\">Tipo di recitazione<\/td>\n<td width=\"70\">Doppio effetto Semplice effetto<\/td>\n<\/tr>\n<tr>\n<td width=\"70\">Componenti principali<\/td>\n<td width=\"70\">Biella, Pistone<\/td>\n<\/tr>\n<tr>\n<td width=\"70\">Certificato:<\/td>\n<td width=\"70\">ISO9001, ISO4001, ISO 45003<\/td>\n<\/tr>\n<tr>\n<td width=\"70\">Capacit\u00e0 produttiva:<\/td>\n<td width=\"70\">1200.000 pezzi all&#039;anno<\/td>\n<\/tr>\n<tr>\n<td width=\"70\">Tempo di campionamento<\/td>\n<td width=\"70\">Basato sul tipo effettivo<\/td>\n<\/tr>\n<tr>\n<td width=\"70\">Marca<\/td>\n<td width=\"70\">FMP o logo del cliente<\/td>\n<\/tr>\n<tr>\n<td width=\"70\">Servizio<\/td>\n<td width=\"70\">OEM e ODM<\/td>\n<\/tr>\n<tr>\n<td width=\"70\">Marchio di sigillo<\/td>\n<td width=\"70\">Parker, NOK, BUSAK SHAMBAN<\/td>\n<\/tr>\n<tr>\n<td width=\"70\">Tempi di consegna<\/td>\n<td width=\"70\">In base alla quantit\u00e0 ordinata.<\/td>\n<\/tr>\n<tr>\n<td width=\"70\">Tipo di attivit\u00e0<\/td>\n<td width=\"70\">Produttore ed esportatore<\/td>\n<\/tr>\n<\/tbody>\n<\/table>\n<h2>Cilindro idraulico marche e modelli disponibili:<\/h2>\n<table style=\"width: 100%;\" border=\"1\" cellspacing=\"0\" cellpadding=\"0\">\n<tbody>\n<tr>\n<td style=\"width: 11.2661%;\"><b data-spm-anchor-id=\"a2700.details.0.i43.45d84a73e99C9z\">KOMATSU (PC)<\/b><\/td>\n<td style=\"width: 88.6266%;\">PC30, PC40, PC50, PC56, PC60, PC78, PC100, PC110, PC120, PC130, PC160, PC200-3\/5\/6\/7\/8\/8MO, PC210, PC220-5\/6\/7\/8\/8MO, PC240, PC300\/350\/360-5\/6\/7\/8\/8MO, PC400\/450-5\/6\/7\/8\/8MO, PC800, PC850<\/td>\n<\/tr>\n<tr>\n<td style=\"width: 11.2661%;\"><b>BRUCO (E)<\/b><\/td>\n<td style=\"width: 88.6266%;\">E301.5,E302,E305.5,E306,E307V1\/V2\/B\/C\/D\/E\/F,E308B\/C,E120B,E312V1\/V2\/B\/C\/D,E313D2,E312D2,E315D,<br \/>\nE200B,E320V1\/V2\/A\/B\/C\/D,E324D,E325C\/D,E329D,E330\/336C\/D,E345C,E349D,E365C,E374,E390<\/td>\n<\/tr>\n<tr>\n<td style=\"width: 11.2661%;\"><b>KOBELCO (Slovacchia)<\/b><\/td>\n<td style=\"width: 88.6266%;\">SK60-3\/5\/8,SK75-8\/SR, SK100, SK120-3\/5, SK135-8\/SR, SK140-8, SK200-3\/5\/6\/6E, SK210-3\/5\/6\/ 6E,<br \/>\nSK230\/250-6E,SK250-8,SK260-8,SK350-8\/S8,SK460\/480-8<\/td>\n<\/tr>\n<tr>\n<td style=\"width: 11.2661%;\"><b>La tua HYUNDAI (R)<\/b><\/td>\n<td style=\"width: 88.6266%;\">R55-5\/7, R60-5\/7, R80, R110, R130, R200-5, R210-5, R215-5\/7, R220-5\/7\/9, R225-5\/7\/9, R250, R260, R265, R290, R305, R445, R485, R505<\/td>\n<\/tr>\n<tr>\n<td style=\"width: 11.2661%;\"><b data-spm-anchor-id=\"a2700.details.0.i53.45d84a73e99C9z\">HITACHI (EX.ZX)<\/b><\/td>\n<td style=\"width: 88.6266%;\">EX60,EX100-1\/2\/3,EX120-1\/3\/5\/6,EX200-1\/3\/5,EX230-5,EX300-1,EX400<br \/>\nZAX60,ZAX70,ZA120-6,ZAX200\/210-1\/3\/5\/5K,ZAX240,ZAX250,ZAX260,ZAX330-3\/5\/6,ZAX450\/470,ZAX650\/670,ZAX850\/870<\/td>\n<\/tr>\n<tr>\n<td style=\"width: 11.2661%;\">\n<div class=\"magic-32\"><b data-spm-anchor-id=\"a2700.details.0.i55.45d84a73e99C9z\">DOOSAN (DH\/DX)<\/b><\/div>\n<\/td>\n<td style=\"width: 88.6266%;\">\n<div class=\"magic-33\"><span class=\"magic-34\">DH55, DH60, DH80,DH150, DH215-5\/7,DH220-5,DH225-5\/7,DH258,DH300-5\/7, DH370,DH420,DH500<br \/>\nDX55, DX60, DX75, DX130, DX225-9, DX300, DX380, DX420, DX500<\/span><\/div>\n<\/td>\n<\/tr>\n<tr>\n<td style=\"width: 11.2661%;\">\n<div class=\"magic-32\"><b>VOLVO (CE)<\/b><\/div>\n<\/td>\n<td style=\"width: 88.6266%;\">\n<div class=\"magic-33\"><span class=\"magic-34\">EC55, EC60, EC75, EC80, EC140, EC210B\/D, EC220D, EC240, EC250, EC290, EC300, EC360 EC380, EC460, EC480, EC700, EC750, EC950<\/span><\/div>\n<\/td>\n<\/tr>\n<tr>\n<td style=\"width: 11.2661%;\">\n<div class=\"magic-32\"><b>KATO (HD)<\/b><\/div>\n<\/td>\n<td style=\"width: 88.6266%;\">\n<div class=\"magic-33\"><span class=\"magic-34\">HD307\/308, HD450, HD512, HD700-5\/7, HD820-1\/2\/3\/5\/R, HD1023-1\/3, HD1430-1\/3<\/span><\/div>\n<\/td>\n<\/tr>\n<tr>\n<td style=\"width: 11.2661%;\">\n<div class=\"magic-32\"><b>ALTRO MARCHIO<\/b><\/div>\n<\/td>\n<td style=\"width: 88.6266%;\">\n<div class=\"magic-33\"><span class=\"magic-34\">XCMG,LIUGONG,KUBOTA,CASO,YANMAR,SUNWARD,ZOOMLION,LISHIDE,LIEHERR<\/span><\/div>\n<\/td>\n<\/tr>\n<\/tbody>\n<\/table>\n<h3>Principio del cilindro idraulico dello sterzo del veicolo di lavoro aereo Boom<\/h3>\n<p>Il cilindro idraulico sterzante del Boom Aerial Work Vehicle funziona in base ai principi dell&#039;idraulica, utilizzando la pressione del fluido per generare movimento e forza per sterzare il veicolo. Ecco una ripartizione del suo funzionamento:<\/p>\n<h4>1. Dinamica dei fluidi idraulici<\/h4>\n<p>Il cilindro contiene fluido idraulico, in genere olio, che viene utilizzato per trasmettere potenza. Quando l&#039;operatore inserisce il controllo dello sterzo, una pompa dirige il fluido idraulico nel cilindro.<\/p>\n<h4>2. Movimento del pistone<\/h4>\n<p>All&#039;interno del cilindro \u00e8 posizionato un pistone che divide il cilindro in due camere. Quando il fluido idraulico entra in una camera, spinge il pistone, facendolo muovere. Questo movimento si traduce nell&#039;azione di sterzata del veicolo.<\/p>\n<h4>3. Regolazione della pressione del fluido<\/h4>\n<p>La quantit\u00e0 di fluido idraulico e la sua pressione sono regolate per controllare la velocit\u00e0 e la forza del movimento del pistone. Regolando il flusso di fluido, l&#039;operatore pu\u00f2 ottenere risposte di sterzata precise, consentendo manovre fluide e accurate.<\/p>\n<h4>4. Meccanismo di ritorno<\/h4>\n<p>Una volta raggiunto l&#039;angolo di sterzata desiderato, il fluido idraulico viene reindirizzato al serbatoio, consentendo al pistone di tornare alla sua posizione originale. Questa azione di ritorno \u00e8 essenziale per ripristinare il meccanismo di sterzata e preparare la manovra successiva.<\/p>\n<h4>5. Caratteristiche di sicurezza<\/h4>\n<p>Molti cilindri idraulici dello sterzo includono meccanismi di sicurezza, come valvole di sicurezza, che impediscono il sovraccarico e assicurano un funzionamento stabile. Queste caratteristiche aiutano a mantenere il controllo e a prevenire incidenti durante il funzionamento del veicolo.<\/p>\n<p>L&#039;uso efficiente dei principi idraulici da parte del cilindro idraulico dello sterzo consente un controllo e una manovrabilit\u00e0 precisi dei veicoli da lavoro aereo con braccio. Convertendo la pressione idraulica in movimento lineare, consente agli operatori di navigare in ambienti complessi in modo sicuro ed efficace, rendendolo un componente essenziale nelle applicazioni di lavoro aereo.<\/p>\n<h2>Informazioni su FMP<\/h2>\n<p>FMP \u00e8 un produttore specializzato di cilindri idraulici, rinomato per la sua forte enfasi sulla ricerca e l&#039;eccellenza produttiva. Fin dalla sua fondazione, l&#039;azienda si \u00e8 dedicata allo sviluppo continuo della tecnologia dei cilindri idraulici. Inizialmente, FMP ha prodotto una vasta gamma di prodotti per macchinari da raccolta e da costruzione; tuttavia, da allora ha affinato la sua attenzione specificatamente sui componenti per trattori agricoli.<\/p>\n<p>Con oltre un decennio di esperienza nella produzione, FMP unisce una vasta esperienza gestionale a tecnologie di produzione avanzate per garantire i pi\u00f9 elevati standard di qualit\u00e0 nei suoi prodotti. L&#039;azienda ha creato una linea di produzione completa per lavorazioni meccaniche, una linea di assemblaggio e una linea di rivestimento, consentendole di fornire processi di produzione affidabili ed efficienti.<\/p>\n<p>La crescita di FMP \u00e8 stata supportata da un team dedicato composto da personale dirigenziale esperto, progettisti meccanici qualificati e tecnici altamente qualificati. Questo approccio collaborativo garantisce una qualit\u00e0 del prodotto costante e gestisce efficacemente la continuit\u00e0 del processo, migliorando l&#039;efficienza complessiva della produzione.<\/p>\n<p>Al centro della filosofia di FMP ci sono i valori di &quot;Innovazione tecnologica che guida il progresso&quot;, &quot;Qualit\u00e0 che crea marchi&quot;, &quot;Artigianato che garantisce la qualit\u00e0&quot; e &quot;Costruzione di relazioni win-win a lungo termine&quot;. L&#039;azienda si impegna a fornire prodotti di alta qualit\u00e0 offrendo al contempo un servizio clienti eccezionale. FMP si impegna costantemente ad adattarsi alle mutevoli esigenze del mercato, posizionandosi come partner di fiducia nel settore delle macchine agricole. Attraverso la sua dedizione all&#039;innovazione e alla qualit\u00e0, FMP mira a contribuire in modo significativo al progresso della tecnologia idraulica nel settore agricolo.<\/p>\n<p><img loading=\"lazy\" decoding=\"async\" class=\"alignnone wp-image-359\" src=\"https:\/\/fmp-components.com\/wp-content\/uploads\/2024\/12\/fmp-factory-3.webp\" sizes=\"(min-width: 0px) and (max-width: 480px) 480px, (min-width: 481px) 914px, 100vw\" srcset=\"https:\/\/fmp-components.com\/wp-content\/uploads\/2024\/12\/fmp-factory-3.webp 914w, https:\/\/fmp-components.com\/wp-content\/uploads\/2024\/12\/fmp-factory-3-480x321.webp 480w\" alt=\"fabbrica-fmp\" width=\"914\" height=\"612\" title=\"\"><\/p>\n<p>Autore: CX<\/p>","protected":false},"excerpt":{"rendered":"<p>Il cilindro idraulico di sterzo del veicolo Boom Aerial Work \u00e8 un componente essenziale progettato per fornire un controllo di sterzo preciso per le piattaforme aeree. Questo cilindro idraulico consente una manovrabilit\u00e0 fluida e reattiva, consentendo agli operatori di muoversi in spazi ristretti e posizionare il veicolo con precisione durante varie attivit\u00e0. Progettato con materiali ad alta resistenza, garantisce durata e affidabilit\u00e0 in ambienti difficili. L&#039;efficiente sistema idraulico non solo migliora le prestazioni di sterzo, ma contribuisce anche alla sicurezza operativa complessiva. Grazie alla sua capacit\u00e0 di facilitare la navigazione, questo cilindro idraulico di sterzo \u00e8 fondamentale per massimizzare l&#039;efficacia delle piattaforme aeree nelle applicazioni di costruzione, manutenzione e servizi.<\/p>","protected":false},"featured_media":416,"comment_status":"open","ping_status":"closed","template":"","meta":{"_et_pb_use_builder":"","_et_pb_old_content":"","_et_gb_content_width":""},"product_brand":[],"product_cat":[22],"product_tag":[],"class_list":{"0":"post-411","1":"product","2":"type-product","3":"status-publish","4":"has-post-thumbnail","6":"product_cat-aerial-work-vehicle-hydraulic-cylinders","8":"first","9":"instock","10":"shipping-taxable","11":"product-type-simple"},"_links":{"self":[{"href":"https:\/\/fmp-components.com\/it\/wp-json\/wp\/v2\/product\/411","targetHints":{"allow":["GET"]}}],"collection":[{"href":"https:\/\/fmp-components.com\/it\/wp-json\/wp\/v2\/product"}],"about":[{"href":"https:\/\/fmp-components.com\/it\/wp-json\/wp\/v2\/types\/product"}],"replies":[{"embeddable":true,"href":"https:\/\/fmp-components.com\/it\/wp-json\/wp\/v2\/comments?post=411"}],"wp:featuredmedia":[{"embeddable":true,"href":"https:\/\/fmp-components.com\/it\/wp-json\/wp\/v2\/media\/416"}],"wp:attachment":[{"href":"https:\/\/fmp-components.com\/it\/wp-json\/wp\/v2\/media?parent=411"}],"wp:term":[{"taxonomy":"product_brand","embeddable":true,"href":"https:\/\/fmp-components.com\/it\/wp-json\/wp\/v2\/product_brand?post=411"},{"taxonomy":"product_cat","embeddable":true,"href":"https:\/\/fmp-components.com\/it\/wp-json\/wp\/v2\/product_cat?post=411"},{"taxonomy":"product_tag","embeddable":true,"href":"https:\/\/fmp-components.com\/it\/wp-json\/wp\/v2\/product_tag?post=411"}],"curies":[{"name":"parola chiave","href":"https:\/\/api.w.org\/{rel}","templated":true}]}}