{"id":384,"date":"2024-12-10T02:01:03","date_gmt":"2024-12-10T02:01:03","guid":{"rendered":"https:\/\/fmp-components.com\/?page_id=8"},"modified":"2024-12-10T03:06:01","modified_gmt":"2024-12-10T03:06:01","slug":"scissor-fork-aerial-work-vehicle-steering-hydraulic-cylinder","status":"publish","type":"product","link":"https:\/\/fmp-components.com\/it\/product\/scissor-fork-aerial-work-vehicle-steering-hydraulic-cylinder\/","title":{"rendered":"Cilindro idraulico dello sterzo del veicolo aereo da lavoro a forbice"},"content":{"rendered":"<p style=\"text-align: center;\"><span style=\"font-size: 18pt;\">Cilindro idraulico dello sterzo del veicolo aereo da lavoro a forbice<\/span><\/p>\n<p>Il cilindro idraulico di sterzo del veicolo da lavoro aereo Scissor Fork \u00e8 un componente essenziale progettato per migliorare la manovrabilit\u00e0 e il controllo delle piattaforme elevatrici a forbice. Questo cilindro idraulico avanzato offre capacit\u00e0 di sterzo precise, consentendo agli operatori di muoversi in spazi ristretti e posizionare il sollevatore con precisione durante varie applicazioni.<\/p>\n<h4>Caratteristiche principali:<\/h4>\n<ul>\n<li><strong>Controllo di precisione dello sterzo:<\/strong> Progettato per una sterzata fluida e reattiva, questo cilindro idraulico consente agli operatori di effettuare svolte e regolazioni precise, migliorando l&#039;efficienza operativa.<\/li>\n<li><strong>Costruzione durevole:<\/strong> Realizzato con materiali ad alta resistenza, il cilindro dello sterzo \u00e8 in grado di sopportare i rigori degli ambienti di lavoro pi\u00f9 impegnativi, garantendo prestazioni e affidabilit\u00e0 durature.<\/li>\n<li><strong>Meccanismo idraulico efficiente:<\/strong> Il cilindro \u00e8 dotato di un efficiente sistema idraulico che massimizza le prestazioni riducendo al minimo il consumo energetico, contribuendo a un funzionamento conveniente.<\/li>\n<li><strong>Miglioramenti della sicurezza:<\/strong> Dotato di funzionalit\u00e0 di sicurezza avanzate, il cilindro idraulico dello sterzo aiuta a prevenire il sovrasterzo e garantisce stabilit\u00e0 durante il funzionamento, offrendo agli operatori sicurezza durante i lavori in quota.<\/li>\n<li><strong>Applicazioni versatili:<\/strong> Adatto a un&#039;ampia gamma di attivit\u00e0 nei settori dell&#039;edilizia, della manutenzione e dell&#039;immagazzinamento, questo cilindro idraulico dello sterzo \u00e8 un componente essenziale che migliora la funzionalit\u00e0 dei veicoli aerei con forca a forbice.<\/li>\n<\/ul>\n<p>Il cilindro idraulico sterzante per veicoli da lavoro aereo con forca a forbice \u00e8 progettato per migliorare la manovrabilit\u00e0, la sicurezza e l&#039;efficienza, rendendolo uno strumento indispensabile per gli operatori di vari settori che necessitano di soluzioni di accesso elevato.<\/p>\n<h2>Parti del cilindro idraulico dello sterzo del veicolo aereo da lavoro a forbice:<\/h2>\n<p><img loading=\"lazy\" decoding=\"async\" class=\"alignnone size-full wp-image-347\" src=\"https:\/\/fmp-components.com\/wp-content\/uploads\/2024\/12\/Cart-Lift-Hydraulic-Cylinder-Parts.webp\" alt=\"Parti del cilindro idraulico del carrello elevatore\" width=\"1024\" height=\"467\" title=\"\" srcset=\"https:\/\/fmp-components.com\/wp-content\/uploads\/2024\/12\/Cart-Lift-Hydraulic-Cylinder-Parts.webp 1024w, https:\/\/fmp-components.com\/wp-content\/uploads\/2024\/12\/Cart-Lift-Hydraulic-Cylinder-Parts-980x447.webp 980w, https:\/\/fmp-components.com\/wp-content\/uploads\/2024\/12\/Cart-Lift-Hydraulic-Cylinder-Parts-480x219.webp 480w\" sizes=\"(min-width: 0px) and (max-width: 480px) 480px, (min-width: 481px) and (max-width: 980px) 980px, (min-width: 981px) 1024px, 100vw\" \/><\/p>\n<table style=\"width: 100%;\" border=\"1\" width=\"100%\" cellspacing=\"0\" cellpadding=\"0\">\n<tbody>\n<tr>\n<td style=\"width: 3.86266%;\" colspan=\"1\" rowspan=\"1\">\n<div class=\"magic-27\" data-spm-anchor-id=\"a2700.details.0.i30.100a3bb4IMelB9\">1<\/div>\n<\/td>\n<td style=\"width: 48.927%;\" colspan=\"1\" rowspan=\"1\">\n<div class=\"magic-28\">Gruppo alloggiamento cilindro<\/div>\n<\/td>\n<td style=\"width: 6.33048%;\" colspan=\"1\" rowspan=\"1\">\n<div class=\"magic-29\">10<\/div>\n<\/td>\n<td style=\"width: 40.7725%;\" colspan=\"1\" rowspan=\"1\">\n<div class=\"magic-30\">Anello posteriore<\/div>\n<\/td>\n<\/tr>\n<tr>\n<td style=\"width: 3.86266%;\" colspan=\"1\" rowspan=\"1\">\n<div class=\"magic-27\">2<\/div>\n<\/td>\n<td style=\"width: 48.927%;\" colspan=\"1\" rowspan=\"1\">\n<div class=\"magic-28\">Boccola di guida<\/div>\n<\/td>\n<td style=\"width: 6.33048%;\" colspan=\"1\" rowspan=\"1\">\n<div class=\"magic-29\">11<\/div>\n<\/td>\n<td style=\"width: 40.7725%;\" colspan=\"1\" rowspan=\"1\">\n<div class=\"magic-30\">Anello di tenuta<\/div>\n<\/td>\n<\/tr>\n<tr>\n<td style=\"width: 3.86266%;\" colspan=\"1\" rowspan=\"1\">\n<div class=\"magic-27\">3<\/div>\n<\/td>\n<td style=\"width: 48.927%;\" colspan=\"1\" rowspan=\"1\">\n<div class=\"magic-28\">Pistone<\/div>\n<\/td>\n<td style=\"width: 6.33048%;\" colspan=\"1\" rowspan=\"1\">\n<div class=\"magic-29\">12<\/div>\n<\/td>\n<td style=\"width: 40.7725%;\" colspan=\"1\" rowspan=\"1\">\n<div class=\"magic-30\">Il cespuglio<\/div>\n<\/td>\n<\/tr>\n<tr>\n<td style=\"width: 3.86266%;\" colspan=\"1\" rowspan=\"1\">\n<div class=\"magic-27\">4<\/div>\n<\/td>\n<td style=\"width: 48.927%;\" colspan=\"1\" rowspan=\"1\">\n<div class=\"magic-28\">Biella<\/div>\n<\/td>\n<td style=\"width: 6.33048%;\" colspan=\"1\" rowspan=\"1\">\n<div class=\"magic-29\">13<\/div>\n<\/td>\n<td style=\"width: 40.7725%;\" colspan=\"1\" rowspan=\"1\">\n<div class=\"magic-30\">Sigillo del foro<\/div>\n<\/td>\n<\/tr>\n<tr>\n<td style=\"width: 3.86266%;\" colspan=\"1\" rowspan=\"1\">\n<div class=\"magic-27\">5<\/div>\n<\/td>\n<td style=\"width: 48.927%;\" colspan=\"1\" rowspan=\"1\">\n<div class=\"magic-28\">Tergicristallo antipolvere<\/div>\n<\/td>\n<td style=\"width: 6.33048%;\" colspan=\"1\" rowspan=\"1\">\n<div class=\"magic-29\">14<\/div>\n<\/td>\n<td style=\"width: 40.7725%;\" colspan=\"1\" rowspan=\"1\">\n<div class=\"magic-30\">Anello di tenuta<\/div>\n<\/td>\n<\/tr>\n<tr>\n<td style=\"width: 3.86266%;\" colspan=\"1\" rowspan=\"1\">\n<div class=\"magic-27\">6<\/div>\n<\/td>\n<td style=\"width: 48.927%;\" colspan=\"1\" rowspan=\"1\">\n<div class=\"magic-28\">Anello posteriore<\/div>\n<\/td>\n<td style=\"width: 6.33048%;\" colspan=\"1\" rowspan=\"1\">\n<div class=\"magic-29\">15<\/div>\n<\/td>\n<td style=\"width: 40.7725%;\" colspan=\"1\" rowspan=\"1\">\n<div class=\"magic-30\">Anello di usura<\/div>\n<\/td>\n<\/tr>\n<tr>\n<td style=\"width: 3.86266%;\" colspan=\"1\" rowspan=\"1\">\n<div class=\"magic-27\">7<\/div>\n<\/td>\n<td style=\"width: 48.927%;\" colspan=\"1\" rowspan=\"1\">\n<div class=\"magic-28\">Anello a U<\/div>\n<\/td>\n<td style=\"width: 6.33048%;\" colspan=\"1\" rowspan=\"1\">\n<div class=\"magic-29\">16<\/div>\n<\/td>\n<td style=\"width: 40.7725%;\" colspan=\"1\" rowspan=\"1\">\n<div class=\"magic-30\">Noce<\/div>\n<\/td>\n<\/tr>\n<tr>\n<td style=\"width: 3.86266%;\" colspan=\"1\" rowspan=\"1\">\n<div class=\"magic-27\">8<\/div>\n<\/td>\n<td style=\"width: 48.927%;\" colspan=\"1\" rowspan=\"1\">\n<div class=\"magic-28\">Anello di tenuta<\/div>\n<\/td>\n<td style=\"width: 6.33048%;\" colspan=\"1\" rowspan=\"1\">\n<div class=\"magic-29\">17<\/div>\n<\/td>\n<td style=\"width: 40.7725%;\" colspan=\"1\" rowspan=\"1\">\n<div class=\"magic-30\">Viti di fissaggio<\/div>\n<\/td>\n<\/tr>\n<tr>\n<td style=\"width: 3.86266%;\" colspan=\"1\" rowspan=\"1\">\n<div class=\"magic-27\">9<\/div>\n<\/td>\n<td style=\"width: 48.927%;\" colspan=\"1\" rowspan=\"1\">\n<div class=\"magic-28\">Guarnizione dell&#039;asta<\/div>\n<\/td>\n<td style=\"width: 6.33048%;\" colspan=\"1\" rowspan=\"1\">\n<div class=\"magic-29\">18<\/div>\n<\/td>\n<td style=\"width: 40.7725%;\" colspan=\"1\" rowspan=\"1\">\n<div class=\"magic-30\">Tappo<\/div>\n<\/td>\n<\/tr>\n<\/tbody>\n<\/table>\n<h2>Dimensioni del cilindro idraulico dello sterzo del veicolo aereo da lavoro a forbice:<\/h2>\n<table>\n<tbody>\n<tr>\n<td><img loading=\"lazy\" decoding=\"async\" class=\"alignnone size-full wp-image-390\" src=\"https:\/\/fmp-components.com\/wp-content\/uploads\/2024\/12\/Scissor-Fork-Aerial-Work-Vehicle-Steering-Hydraulic-Cylinder-Dimensions-1.webp\" alt=\"Forcella-a-forbice-lavoro-aereo-veicolo-sterzo-cilindro-idraulico-dimensioni\" width=\"980\" height=\"415\" title=\"\" srcset=\"https:\/\/fmp-components.com\/wp-content\/uploads\/2024\/12\/Scissor-Fork-Aerial-Work-Vehicle-Steering-Hydraulic-Cylinder-Dimensions-1.webp 980w, https:\/\/fmp-components.com\/wp-content\/uploads\/2024\/12\/Scissor-Fork-Aerial-Work-Vehicle-Steering-Hydraulic-Cylinder-Dimensions-1-480x203.webp 480w\" sizes=\"(min-width: 0px) and (max-width: 480px) 480px, (min-width: 481px) 980px, 100vw\" \/><\/td>\n<td><img loading=\"lazy\" decoding=\"async\" class=\"alignnone size-full wp-image-393\" src=\"https:\/\/fmp-components.com\/wp-content\/uploads\/2024\/12\/Scissor-Fork-Aerial-Work-Vehicle-Steering-Hydraulic-Cylinder-Dimensions-4.webp\" alt=\"Forcella-a-forbice-lavoro-aereo-veicolo-sterzo-cilindro-idraulico-dimensioni\" width=\"980\" height=\"388\" title=\"\" srcset=\"https:\/\/fmp-components.com\/wp-content\/uploads\/2024\/12\/Scissor-Fork-Aerial-Work-Vehicle-Steering-Hydraulic-Cylinder-Dimensions-4.webp 980w, https:\/\/fmp-components.com\/wp-content\/uploads\/2024\/12\/Scissor-Fork-Aerial-Work-Vehicle-Steering-Hydraulic-Cylinder-Dimensions-4-480x190.webp 480w\" sizes=\"(min-width: 0px) and (max-width: 480px) 480px, (min-width: 481px) 980px, 100vw\" \/><\/td>\n<\/tr>\n<\/tbody>\n<\/table>\n<table style=\"width: 100%; height: 106px;\" border=\"1\" cellspacing=\"0\" cellpadding=\"0\">\n<tbody>\n<tr style=\"height: 47px;\">\n<td style=\"height: 47px;\" width=\"246\">Nome del cilindro<\/td>\n<td style=\"height: 47px;\" width=\"336\">Numero del disegno<\/td>\n<td style=\"height: 47px;\" width=\"126\">Diametro del foro (D)<\/td>\n<td style=\"height: 47px;\" width=\"123\">Diametro dell&#039;asta (d)<\/td>\n<td style=\"height: 47px;\" width=\"114\">Colpo (S)<\/td>\n<td style=\"height: 47px;\" width=\"170\">Distanza di installazione (L)<\/td>\n<td style=\"height: 47px;\" width=\"172\">Pressione di lavoro<\/td>\n<td style=\"height: 47px;\" width=\"366\">Dimensioni dell&#039;interfaccia (M)<\/td>\n<td style=\"height: 47px;\" width=\"96\">Peso<\/td>\n<\/tr>\n<tr style=\"height: 59px;\">\n<td class=\"et3\" style=\"height: 59px;\" width=\"246\" height=\"197\">Cilindro dello sterzo<\/td>\n<td class=\"et4\" style=\"height: 59px;\" width=\"336\">140XEN-620300-001<\/td>\n<td class=\"et4\" style=\"height: 59px;\" width=\"126\">\u03a640<\/td>\n<td class=\"et4\" style=\"height: 59px;\" width=\"123\">\u03a620<\/td>\n<td class=\"et4\" style=\"height: 59px;\" width=\"114\">125<\/td>\n<td class=\"et4\" style=\"height: 59px;\" width=\"170\">400<\/td>\n<td class=\"et4\" style=\"height: 59px;\" width=\"172\">20MPa<\/td>\n<td class=\"et4\" style=\"height: 59px;\" width=\"366\">2-G1\/4<\/td>\n<td class=\"et4\" style=\"height: 59px;\" width=\"96\">3kg<\/td>\n<\/tr>\n<\/tbody>\n<\/table>\n<table>\n<tbody>\n<tr>\n<td><img loading=\"lazy\" decoding=\"async\" class=\"alignnone size-full wp-image-392\" src=\"https:\/\/fmp-components.com\/wp-content\/uploads\/2024\/12\/Scissor-Fork-Aerial-Work-Vehicle-Steering-Hydraulic-Cylinder-Dimensions-3.webp\" alt=\"Forcella-a-forbice-lavoro-aereo-veicolo-sterzo-cilindro-idraulico-dimensioni\" width=\"980\" height=\"388\" title=\"\" srcset=\"https:\/\/fmp-components.com\/wp-content\/uploads\/2024\/12\/Scissor-Fork-Aerial-Work-Vehicle-Steering-Hydraulic-Cylinder-Dimensions-3.webp 980w, https:\/\/fmp-components.com\/wp-content\/uploads\/2024\/12\/Scissor-Fork-Aerial-Work-Vehicle-Steering-Hydraulic-Cylinder-Dimensions-3-480x190.webp 480w\" sizes=\"(min-width: 0px) and (max-width: 480px) 480px, (min-width: 481px) 980px, 100vw\" \/><\/td>\n<td><img loading=\"lazy\" decoding=\"async\" class=\"alignnone size-full wp-image-391\" src=\"https:\/\/fmp-components.com\/wp-content\/uploads\/2024\/12\/Scissor-Fork-Aerial-Work-Vehicle-Steering-Hydraulic-Cylinder-Dimensions-2.webp\" alt=\"Forcella-a-forbice-lavoro-aereo-veicolo-sterzo-cilindro-idraulico-dimensioni\" width=\"980\" height=\"415\" title=\"\" srcset=\"https:\/\/fmp-components.com\/wp-content\/uploads\/2024\/12\/Scissor-Fork-Aerial-Work-Vehicle-Steering-Hydraulic-Cylinder-Dimensions-2.webp 980w, https:\/\/fmp-components.com\/wp-content\/uploads\/2024\/12\/Scissor-Fork-Aerial-Work-Vehicle-Steering-Hydraulic-Cylinder-Dimensions-2-480x203.webp 480w\" sizes=\"(min-width: 0px) and (max-width: 480px) 480px, (min-width: 481px) 980px, 100vw\" \/><\/td>\n<\/tr>\n<\/tbody>\n<\/table>\n<table style=\"width: 100%; height: 113px;\" border=\"1\" cellspacing=\"0\" cellpadding=\"0\">\n<tbody>\n<tr style=\"height: 47px;\">\n<td style=\"height: 47px;\" width=\"246\">Nome del cilindro<\/td>\n<td style=\"height: 47px;\" width=\"336\">Numero del disegno<\/td>\n<td style=\"height: 47px;\" width=\"126\">Diametro del foro (D)<\/td>\n<td style=\"height: 47px;\" width=\"123\">Diametro dell&#039;asta (d)<\/td>\n<td style=\"height: 47px;\" width=\"114\">Colpo (S)<\/td>\n<td style=\"height: 47px;\" width=\"170\">Distanza di installazione (L)<\/td>\n<td style=\"height: 47px;\" width=\"172\">Pressione di lavoro<\/td>\n<td style=\"height: 47px;\" width=\"366\">Dimensioni dell&#039;interfaccia (M)<\/td>\n<td style=\"height: 47px;\" width=\"96\">Peso<\/td>\n<\/tr>\n<tr style=\"height: 66px;\">\n<td class=\"et3\" style=\"height: 66px;\" width=\"246\" height=\"173\">Cilindro dello sterzo<\/td>\n<td class=\"et4\" style=\"height: 66px;\" width=\"336\">Codice articolo: DL4020-00A<\/td>\n<td class=\"et4\" style=\"height: 66px;\" width=\"126\">\u03a640<\/td>\n<td class=\"et4\" style=\"height: 66px;\" width=\"123\">\u03a620<\/td>\n<td class=\"et4\" style=\"height: 66px;\" width=\"114\">150<\/td>\n<td class=\"et4\" style=\"height: 66px;\" width=\"170\">400<\/td>\n<td class=\"et4\" style=\"height: 66px;\" width=\"172\">12MPa<\/td>\n<td class=\"et4\" style=\"height: 66px;\" width=\"366\">2-M14*1.5<\/td>\n<td class=\"et4\" style=\"height: 66px;\" width=\"96\">4kg<\/td>\n<\/tr>\n<\/tbody>\n<\/table>\n<h2>Cilindro idraulico marche e modelli disponibili:<\/h2>\n<table border=\"1\" cellspacing=\"0\" cellpadding=\"0\">\n<tbody>\n<tr>\n<td><b data-spm-anchor-id=\"a2700.details.0.i43.45d84a73e99C9z\">KOMATSU (PC)<\/b><\/td>\n<td>PC30, PC40, PC50, PC56, PC60, PC78, PC100, PC110, PC120, PC130, PC160, PC200-3\/5\/6\/7\/8\/8MO, PC210, PC220-5\/6\/7\/8\/8MO, PC240, PC300\/350\/360-5\/6\/7\/8\/8MO, PC400\/450-5\/6\/7\/8\/8MO, PC800, PC850<\/td>\n<\/tr>\n<tr>\n<td><b>BRUCO (E)<\/b><\/td>\n<td>E301.5,E302,E305.5,E306,E307V1\/V2\/B\/C\/D\/E\/F,E308B\/C,E120B,E312V1\/V2\/B\/C\/D,E313D2,E312D2,E315D,<br \/>\nE200B,E320V1\/V2\/A\/B\/C\/D,E324D,E325C\/D,E329D,E330\/336C\/D,E345C,E349D,E365C,E374,E390<\/td>\n<\/tr>\n<tr>\n<td><b>KOBELCO (Slovacchia)<\/b><\/td>\n<td>SK60-3\/5\/8,SK75-8\/SR, SK100, SK120-3\/5, SK135-8\/SR, SK140-8, SK200-3\/5\/6\/6E, SK210-3\/5\/6\/ 6E,<br \/>\nSK230\/250-6E,SK250-8,SK260-8,SK350-8\/S8,SK460\/480-8<\/td>\n<\/tr>\n<tr>\n<td><b>La tua HYUNDAI (R)<\/b><\/td>\n<td>R55-5\/7, R60-5\/7, R80, R110, R130, R200-5, R210-5, R215-5\/7, R220-5\/7\/9, R225-5\/7\/9, R250, R260, R265, R290, R305, R445, R485, R505<\/td>\n<\/tr>\n<tr>\n<td><b data-spm-anchor-id=\"a2700.details.0.i53.45d84a73e99C9z\">HITACHI (EX.ZX)<\/b><\/td>\n<td>EX60,EX100-1\/2\/3,EX120-1\/3\/5\/6,EX200-1\/3\/5,EX230-5,EX300-1,EX400<br \/>\nZAX60,ZAX70,ZA120-6,ZAX200\/210-1\/3\/5\/5K,ZAX240,ZAX250,ZAX260,ZAX330-3\/5\/6,ZAX450\/470,ZAX650\/670,ZAX850\/870<\/td>\n<\/tr>\n<tr>\n<td>\n<div class=\"magic-32\"><b data-spm-anchor-id=\"a2700.details.0.i55.45d84a73e99C9z\">DOOSAN (DH\/DX)<\/b><\/div>\n<\/td>\n<td>\n<div class=\"magic-33\"><span class=\"magic-34\">DH55, DH60, DH80,DH150, DH215-5\/7,DH220-5,DH225-5\/7,DH258,DH300-5\/7, DH370,DH420,DH500<br \/>\nDX55, DX60, DX75, DX130, DX225-9, DX300, DX380, DX420, DX500<\/span><\/div>\n<\/td>\n<\/tr>\n<tr>\n<td>\n<div class=\"magic-32\"><b>VOLVO (CE)<\/b><\/div>\n<\/td>\n<td>\n<div class=\"magic-33\"><span class=\"magic-34\">EC55, EC60, EC75, EC80, EC140, EC210B\/D, EC220D, EC240, EC250, EC290, EC300, EC360 EC380, EC460, EC480, EC700, EC750, EC950<\/span><\/div>\n<\/td>\n<\/tr>\n<tr>\n<td>\n<div class=\"magic-32\"><b>KATO (HD)<\/b><\/div>\n<\/td>\n<td>\n<div class=\"magic-33\"><span class=\"magic-34\">HD307\/308, HD450, HD512, HD700-5\/7, HD820-1\/2\/3\/5\/R, HD1023-1\/3, HD1430-1\/3<\/span><\/div>\n<\/td>\n<\/tr>\n<tr>\n<td>\n<div class=\"magic-32\"><b>ALTRO MARCHIO<\/b><\/div>\n<\/td>\n<td>\n<div class=\"magic-33\"><span class=\"magic-34\">XCMG,LIUGONG,KUBOTA,CASO,YANMAR,SUNWARD,ZOOMLION,LISHIDE,LIEHERR<\/span><\/div>\n<\/td>\n<\/tr>\n<\/tbody>\n<\/table>\n<h3>Caratteristiche del cilindro dello sterzo del veicolo aereo da lavoro con forcella a forbice<\/h3>\n<h4>1. Controllo di precisione dello sterzo<\/h4>\n<p>Il cilindro sterzante del veicolo da lavoro aereo Scissor Fork \u00e8 progettato per fornire capacit\u00e0 di sterzata precise, consentendo agli operatori di muoversi facilmente in spazi ristretti. Il suo sistema idraulico assicura movimenti fluidi e reattivi, consentendo un posizionamento accurato del sollevatore durante il funzionamento.<\/p>\n<h4>2. Elevata durata<\/h4>\n<p>Realizzato con materiali ad alta resistenza, il cilindro dello sterzo \u00e8 costruito per resistere ai rigori degli ambienti di lavoro pi\u00f9 esigenti. Il suo design robusto assicura prestazioni durature, riducendo la necessit\u00e0 di frequenti manutenzioni e sostituzioni, il che contribuisce all&#039;efficienza operativa complessiva.<\/p>\n<h4>3. Funzionamento idraulico efficiente<\/h4>\n<p>Il cilindro utilizza un efficiente meccanismo idraulico che riduce al minimo la perdita di potenza massimizzando al contempo le prestazioni. Questa efficiente operazione non solo migliora la reattivit\u00e0 dello sterzo, ma conserva anche energia, rendendo il veicolo da lavoro aereo pi\u00f9 economico da utilizzare.<\/p>\n<h4>4. Caratteristiche di sicurezza<\/h4>\n<p>Incorporando funzionalit\u00e0 di sicurezza avanzate, il cilindro dello sterzo aiuta a prevenire il sovrasterzo accidentale e garantisce stabilit\u00e0 durante il funzionamento. Questi meccanismi di sicurezza forniscono agli operatori tranquillit\u00e0, consentendo loro di concentrarsi sui loro compiti senza preoccuparsi di problemi di controllo.<\/p>\n<h4>5. Applicazione versatile<\/h4>\n<p>Il cilindro sterzante per veicoli da lavoro aereo Scissor Fork \u00e8 adatto a un&#039;ampia gamma di applicazioni, tra cui edilizia, manutenzione e stoccaggio. La sua versatilit\u00e0 lo rende un componente essenziale per qualsiasi veicolo da lavoro aereo, consentendo una gestione e una manovrabilit\u00e0 efficaci in vari ambienti di lavoro.<\/p>\n<table style=\"width: 100%;\" border=\"1\" width=\"100%\" cellspacing=\"0\" cellpadding=\"0\">\n<tbody>\n<tr>\n<td style=\"width: 49.3563%;\" width=\"226\"><img loading=\"lazy\" decoding=\"async\" class=\"alignnone size-full wp-image-388\" src=\"https:\/\/fmp-components.com\/wp-content\/uploads\/2024\/12\/Scissor-Fork-Aerial-Work-Vehicle-Steering-Cylinder-Advantages-1.webp\" alt=\"Forcella-a-forbice-veicolo-da-lavoro-aereo-cilindro-sterzante-vantaggi\" width=\"800\" height=\"500\" title=\"\" srcset=\"https:\/\/fmp-components.com\/wp-content\/uploads\/2024\/12\/Scissor-Fork-Aerial-Work-Vehicle-Steering-Cylinder-Advantages-1.webp 800w, https:\/\/fmp-components.com\/wp-content\/uploads\/2024\/12\/Scissor-Fork-Aerial-Work-Vehicle-Steering-Cylinder-Advantages-1-480x300.webp 480w\" sizes=\"(min-width: 0px) and (max-width: 480px) 480px, (min-width: 481px) 800px, 100vw\" \/><\/td>\n<td style=\"width: 50.4291%;\" width=\"64\"><img loading=\"lazy\" decoding=\"async\" class=\"alignnone wp-image-389\" src=\"https:\/\/fmp-components.com\/wp-content\/uploads\/2024\/12\/Scissor-Fork-Aerial-Work-Vehicle-Steering-Cylinder-Advantages-2.webp\" alt=\"Forcella-a-forbice-veicolo-da-lavoro-aereo-cilindro-sterzante-vantaggi\" width=\"443\" height=\"277\" title=\"\"><\/td>\n<\/tr>\n<\/tbody>\n<\/table>\n<h2>Informazioni su FMP<\/h2>\n<p>FMP \u00e8 un produttore specializzato di cilindri idraulici, rinomato per la sua forte enfasi sulla ricerca e l&#039;eccellenza produttiva. Fin dalla sua fondazione, l&#039;azienda si \u00e8 dedicata allo sviluppo continuo della tecnologia dei cilindri idraulici. Inizialmente, FMP ha prodotto una vasta gamma di prodotti per macchinari da raccolta e da costruzione; tuttavia, da allora ha affinato la sua attenzione specificatamente sui componenti per trattori agricoli.<\/p>\n<p>Con oltre un decennio di esperienza nella produzione, FMP unisce una vasta esperienza gestionale a tecnologie di produzione avanzate per garantire i pi\u00f9 elevati standard di qualit\u00e0 nei suoi prodotti. L&#039;azienda ha creato una linea di produzione completa per lavorazioni meccaniche, una linea di assemblaggio e una linea di rivestimento, consentendole di fornire processi di produzione affidabili ed efficienti.<\/p>\n<p>La crescita di FMP \u00e8 stata supportata da un team dedicato composto da personale dirigenziale esperto, progettisti meccanici qualificati e tecnici altamente qualificati. Questo approccio collaborativo garantisce una qualit\u00e0 del prodotto costante e gestisce efficacemente la continuit\u00e0 del processo, migliorando l&#039;efficienza complessiva della produzione.<\/p>\n<p>Al centro della filosofia di FMP ci sono i valori di &quot;Innovazione tecnologica che guida il progresso&quot;, &quot;Qualit\u00e0 che crea marchi&quot;, &quot;Artigianato che garantisce la qualit\u00e0&quot; e &quot;Costruzione di relazioni win-win a lungo termine&quot;. L&#039;azienda si impegna a fornire prodotti di alta qualit\u00e0 offrendo al contempo un servizio clienti eccezionale. FMP si impegna costantemente ad adattarsi alle mutevoli esigenze del mercato, posizionandosi come partner di fiducia nel settore delle macchine agricole. Attraverso la sua dedizione all&#039;innovazione e alla qualit\u00e0, FMP mira a contribuire in modo significativo al progresso della tecnologia idraulica nel settore agricolo.<\/p>\n<p><img loading=\"lazy\" decoding=\"async\" class=\"alignnone wp-image-359\" src=\"https:\/\/fmp-components.com\/wp-content\/uploads\/2024\/12\/fmp-factory-3.webp\" sizes=\"(min-width: 0px) and (max-width: 480px) 480px, (min-width: 481px) 914px, 100vw\" srcset=\"https:\/\/fmp-components.com\/wp-content\/uploads\/2024\/12\/fmp-factory-3.webp 914w, https:\/\/fmp-components.com\/wp-content\/uploads\/2024\/12\/fmp-factory-3-480x321.webp 480w\" alt=\"fabbrica-fmp\" width=\"914\" height=\"612\" title=\"\"><\/p>\n<p>Autore: CX<\/p>","protected":false},"excerpt":{"rendered":"<p>Il cilindro idraulico di sterzo del veicolo da lavoro aereo Scissor Fork \u00e8 un componente fondamentale progettato per fornire una sterzata e una manovrabilit\u00e0 precise per le piattaforme elevatrici a forbice. Questo cilindro idraulico facilita una svolta fluida e controllata, consentendo agli operatori di muoversi in spazi ristretti e di posizionare il sollevatore con precisione in vari cantieri. Progettato con materiali ad alta resistenza, garantisce durata e affidabilit\u00e0 in condizioni difficili, offrendo al contempo prestazioni reattive. Con il suo efficiente funzionamento idraulico, questo cilindro migliora la funzionalit\u00e0 complessiva dei veicoli da lavoro aereo, rendendolo uno strumento essenziale per la costruzione, la manutenzione e altre applicazioni in cui accessibilit\u00e0 e controllo sono fondamentali.<\/p>","protected":false},"featured_media":396,"comment_status":"open","ping_status":"closed","template":"","meta":{"_et_pb_use_builder":"","_et_pb_old_content":"","_et_gb_content_width":""},"product_brand":[],"product_cat":[22],"product_tag":[],"class_list":{"0":"post-384","1":"product","2":"type-product","3":"status-publish","4":"has-post-thumbnail","6":"product_cat-aerial-work-vehicle-hydraulic-cylinders","8":"first","9":"instock","10":"shipping-taxable","11":"product-type-simple"},"_links":{"self":[{"href":"https:\/\/fmp-components.com\/it\/wp-json\/wp\/v2\/product\/384","targetHints":{"allow":["GET"]}}],"collection":[{"href":"https:\/\/fmp-components.com\/it\/wp-json\/wp\/v2\/product"}],"about":[{"href":"https:\/\/fmp-components.com\/it\/wp-json\/wp\/v2\/types\/product"}],"replies":[{"embeddable":true,"href":"https:\/\/fmp-components.com\/it\/wp-json\/wp\/v2\/comments?post=384"}],"wp:featuredmedia":[{"embeddable":true,"href":"https:\/\/fmp-components.com\/it\/wp-json\/wp\/v2\/media\/396"}],"wp:attachment":[{"href":"https:\/\/fmp-components.com\/it\/wp-json\/wp\/v2\/media?parent=384"}],"wp:term":[{"taxonomy":"product_brand","embeddable":true,"href":"https:\/\/fmp-components.com\/it\/wp-json\/wp\/v2\/product_brand?post=384"},{"taxonomy":"product_cat","embeddable":true,"href":"https:\/\/fmp-components.com\/it\/wp-json\/wp\/v2\/product_cat?post=384"},{"taxonomy":"product_tag","embeddable":true,"href":"https:\/\/fmp-components.com\/it\/wp-json\/wp\/v2\/product_tag?post=384"}],"curies":[{"name":"parola chiave","href":"https:\/\/api.w.org\/{rel}","templated":true}]}}