{"id":3691,"date":"2025-01-09T06:50:44","date_gmt":"2025-01-09T06:50:44","guid":{"rendered":"https:\/\/fmp-components.com\/?page_id=8"},"modified":"2025-01-09T06:59:56","modified_gmt":"2025-01-09T06:59:56","slug":"wheel-drive-planetary-gearbox-reducer-for-land-clearing-stone-crusher","status":"publish","type":"product","link":"https:\/\/fmp-components.com\/it\/product\/wheel-drive-planetary-gearbox-reducer-for-land-clearing-stone-crusher\/","title":{"rendered":"Riduttore epicicloidale a trazione integrale per frantoio per pietre da disboscamento"},"content":{"rendered":"<div class=\"flex max-w-full flex-col flex-grow\">\n<div class=\"min-h-8 text-message flex w-full flex-col items-end gap-2 whitespace-normal break-words text-start [.text-message+&amp;]:mt-5\" dir=\"auto\" data-message-author-role=\"assistant\" data-message-id=\"cb00f25b-f818-4caf-841a-79c479bfaa7e\" data-message-model-slug=\"gpt-4o\">\n<div class=\"flex w-full flex-col gap-1 empty:hidden first:pt-[3px]\">\n<div class=\"markdown prose w-full break-words dark:prose-invert light\">\n<h2>Posizione del riduttore in un frantoio per pietre per la bonifica del terreno<\/h2>\n<p>Il cambio in un frantoio per pietre per la bonifica del terreno \u00e8 solitamente posizionato tra il motore e il meccanismo del frantoio, solitamente montato direttamente sul telaio principale della macchina. Funge da componente cruciale per trasmettere potenza dal motore al rotore del frantoio o alla camera di frantumazione, che \u00e8 responsabile della frantumazione di grandi pietre e detriti in pezzi pi\u00f9 piccoli e gestibili.<\/p>\n<p>Il cambio \u00e8 spesso posizionato nella parte posteriore o laterale del frantoio, collegato all&#039;unit\u00e0 di frantumazione principale tramite una serie di alberi e giunti. Questa posizione assicura che il cambio gestisca in modo efficiente l&#039;elevata coppia richiesta per le operazioni di frantumazione, mantenendo al contempo un corretto allineamento con il motore. Pu\u00f2 essere racchiuso in un involucro protettivo per proteggerlo da detriti, polvere e fattori ambientali tipicamente riscontrati nelle applicazioni di bonifica del terreno.<\/p>\n<p>In molti frantoi per la bonifica del terreno, il cambio \u00e8 progettato per gestire notevoli sollecitazioni meccaniche, poich\u00e9 converte l&#039;energia rotazionale del motore nella coppia richiesta per azionare il meccanismo di frantumazione, garantendo una lavorazione efficiente e affidabile della pietra.<\/p>\n<p><img loading=\"lazy\" decoding=\"async\" class=\"alignnone wp-image-3694\" src=\"https:\/\/fmp-components.com\/wp-content\/uploads\/2025\/01\/0_wheel-drive-Land-Clearing-Stone-Crusher-11.webp\" alt=\"frantoio per pietre a trazione integrale per la bonifica del terreno\" width=\"933\" height=\"525\" title=\"\" srcset=\"https:\/\/fmp-components.com\/wp-content\/uploads\/2025\/01\/0_wheel-drive-Land-Clearing-Stone-Crusher-11.webp 933w, https:\/\/fmp-components.com\/wp-content\/uploads\/2025\/01\/0_wheel-drive-Land-Clearing-Stone-Crusher-11-480x270.webp 480w\" sizes=\"(min-width: 0px) and (max-width: 480px) 480px, (min-width: 481px) 933px, 100vw\" \/><\/p>\n<h2>Funzione del riduttore epicicloidale della trazione integrale in un frantoio per pietre per la bonifica del terreno<\/h2>\n<p>Il riduttore epicicloidale della trazione delle ruote in un frantoio per pietre da disboscamento svolge un ruolo fondamentale nella trasmissione efficiente della potenza dal motore alle ruote o ai cingoli della macchina. La sua funzione principale \u00e8 quella di ridurre la velocit\u00e0 di rotazione del motore aumentando al contempo la coppia, consentendo al frantoio di muoversi su terreni accidentati e irregolari, tipici delle applicazioni di disboscamento.<\/p>\n<p><strong>1. Trasmissione di potenza e moltiplicazione della coppia:<\/strong> Il riduttore epicicloidale trasmette in modo efficiente la potenza generata dal motore alle ruote o ai cingoli. Utilizzando un set di ingranaggi disposti in una configurazione epicicloidale, il riduttore riduce la velocit\u00e0 di ingresso e moltiplica la coppia, fornendo la forza necessaria al frantoio per pietre per muoversi su superfici difficili come rocce, terra e terreno irregolare. Ci\u00f2 si traduce in una migliore trazione e manovrabilit\u00e0, garantendo che la macchina possa muoversi in ambienti difficili senza rimanere bloccata.<\/p>\n<p><strong>2. Funzionamento fluido ed efficiente:<\/strong> Il design planetario del cambio consente una distribuzione uniforme del carico sugli ingranaggi, riducendo l&#039;usura e aumentando al contempo l&#039;efficienza del trasferimento di potenza. Ci\u00f2 contribuisce a un funzionamento pi\u00f9 fluido e a una maggiore durata dei componenti della trasmissione della macchina. Aiuta inoltre a garantire che la macchina possa mantenere una velocit\u00e0 costante, essenziale per ottimizzare le prestazioni di frantumazione e l&#039;efficienza del carburante durante le operazioni di bonifica del terreno.<\/p>\n<p><strong>3. Maggiore durata e affidabilit\u00e0:<\/strong> Nei frantoi per la bonifica del terreno, le condizioni di lavoro sono spesso dure, con compiti pesanti come la frantumazione di grandi rocce e la navigazione su terreni accidentati. Il riduttore epicicloidale \u00e8 costruito per resistere a coppia e sollecitazioni elevate, offrendo durata e affidabilit\u00e0 in condizioni cos\u00ec impegnative. Garantisce che il frantoio possa funzionare costantemente a livelli ottimali senza compromettere l&#039;integrit\u00e0 meccanica della macchina, rendendolo un componente chiave per massimizzare i tempi di attivit\u00e0 e la produttivit\u00e0.<\/p>\n<p>In sintesi, il riduttore epicicloidale della trazione integrale in un frantoio per la bonifica del terreno \u00e8 essenziale per fornire la coppia necessaria, il funzionamento regolare e la durata per gestire sia lavori di frantumazione pesanti sia la navigazione su terreni accidentati.<\/p>\n<p><img loading=\"lazy\" decoding=\"async\" class=\"alignnone wp-image-3696\" src=\"https:\/\/fmp-components.com\/wp-content\/uploads\/2025\/01\/0_wheel-drive-Apple-harvester-machine-61.webp\" alt=\"macchina-raccoglitrice-di-mele-a-trazione-delle-ruote\" width=\"914\" height=\"513\" title=\"\" srcset=\"https:\/\/fmp-components.com\/wp-content\/uploads\/2025\/01\/0_wheel-drive-Apple-harvester-machine-61.webp 914w, https:\/\/fmp-components.com\/wp-content\/uploads\/2025\/01\/0_wheel-drive-Apple-harvester-machine-61-480x269.webp 480w\" sizes=\"(min-width: 0px) and (max-width: 480px) 480px, (min-width: 481px) 914px, 100vw\" \/><\/p>\n<h2>Specifiche tecniche<\/h2>\n<table border=\"2\">\n<tbody>\n<tr>\n<td>Capacit\u00e0 di carico<\/td>\n<td>Capacit\u00e0 di coppia dinamica fino a 60000 Nm, garantisce un&#039;adeguata trasmissione di potenza e durata nella movimentazione di rocce e terreno duri.<\/td>\n<\/tr>\n<tr>\n<td>Intervallo di rapporto di velocit\u00e0<\/td>\n<td>Offre diverse configurazioni del rapporto di velocit\u00e0, regolabili da 5,3 a 200:1, per adattarsi ai diversi requisiti delle operazioni di frantumazione e al controllo della velocit\u00e0 di guida.<\/td>\n<\/tr>\n<tr>\n<td>Materiale<\/td>\n<td>Gli ingranaggi sono realizzati in acciaio legato di alta qualit\u00e0 e sono stati sottoposti a processi di tempra e trattamento termico per garantire elevata durezza, resistenza all&#039;usura e agli urti; il corpo della scatola \u00e8 realizzato in ghisa ad alta resistenza o in lega di alluminio, con buona resistenza strutturale e resistenza alla corrosione.<\/td>\n<\/tr>\n<tr>\n<td>Dimensioni<\/td>\n<td>Personalizzabile<\/td>\n<\/tr>\n<tr>\n<td>Supporto<\/td>\n<td>il cambio ha flange di alloggiamento rotanti per adattarsi alla ruota<\/td>\n<\/tr>\n<tr>\n<td>Motori applicabili<\/td>\n<td>motori idraulici a pistoni assiali, motori idraulici orbitali o altri<\/td>\n<\/tr>\n<tr>\n<td>Opzioni motore idraulico<\/td>\n<td>valvola di sicurezza, valvola overcenter<\/td>\n<\/tr>\n<tr>\n<td>Cuscinetto:<\/td>\n<td>sistema di cuscinetti robusto che assorbe le forze esercitate dalla corona dentata<\/td>\n<\/tr>\n<tr>\n<td>Freno:<\/td>\n<td>freno di stazionamento a rilascio idraulico<\/td>\n<\/tr>\n<\/tbody>\n<\/table>\n<h2>Compatibilit\u00e0 con Land Clearing Stone Crusher<\/h2>\n<p>I nostri riduttori epicicloidali per trazione integrale sono ottimizzati per l&#039;uso con tutti i principali marchi e modelli di frantoi per pietre Land Clearing presenti sul mercato.<\/p>\n<p>Di seguito sono elencati alcuni produttori di attrezzature di frantumazione comuni o noti nel settore, adatti ai nostri riduttori epicicloidali azionati da ruote:<\/p>\n<ul>\n<li>Komatsu \u2013 Produce un&#039;ampia gamma di escavatori cingolati e gommati e di attrezzature per demolizioni adatte alle attivit\u00e0 di bonifica del terreno.<\/li>\n<li>Caterpillar \u2013 Offre una gamma di attrezzature pesanti, tra cui attrezzature gommate e cingolate, alcune delle quali possono essere utilizzate per lavori di bonifica del terreno se dotate di martelli demolitori specializzati.<\/li>\n<li>Bobcat \u2013 Produce caricatori compatti e accessori, alcuni dei quali sono utilizzati in operazioni di bonifica del terreno e di ghiaia da leggere a medie.<\/li>\n<li>MB Crusher \u2013 Specializzata nella produzione di una variet\u00e0 di frantoi e vagli mobili che possono essere installati su escavatori, caricatori, ecc.<\/li>\n<li>John Deere \u2013 Sebbene sia pi\u00f9 noto per i macchinari agricoli, offre anche attrezzature pesanti per i settori del movimento terra e delle costruzioni che possono essere utilizzate con gli strumenti di rottura giusti per eseguire attivit\u00e0 di bonifica del terreno<\/li>\n<\/ul>\n<p><span style=\"color: #ff0000;\"><em><strong>Nota: i nomi dei marchi menzionati nell&#039;articolo servono solo per consentire ai clienti di scegliere e sostituire gli accessori del marchio corrispondente di macchine agricole e non vendono i prodotti di quel marchio.<\/strong><\/em><\/span><\/p>\n<h2>Informazioni su FMP<\/h2>\n<p>FMP \u00e8 un produttore leader specializzato nella produzione di un&#039;ampia gamma di prodotti di trasmissione meccanica e idraulica. La nostra gamma di prodotti comprende riduttori epicicloidali, riduttori a vite senza fine, riduttori elicoidali in linea, riduttori elicoidali ad albero parallelo, riduttori conici elicoidali, riduttori a vite senza fine elicoidali, riduttori agricoli, riduttori per trattori, riduttori per automobili, alberi di uscita di potenza e riduttori specializzati. Inoltre, offriamo una selezione completa di componenti complementari come pignoni, sistemi idraulici, pompe per vuoto, giunti idraulici, cremagliere, catene, pulegge di distribuzione, trasmissioni UDL, pulegge a cinghia trapezoidale, cilindri idraulici, pompe a ingranaggi, compressori d&#039;aria a vite e riduttori a vite senza fine a gioco ridotto, tra gli altri.<\/p>\n<p><strong>Soluzioni personalizzate per ogni esigenza<\/strong><\/p>\n<p>In FMP, sappiamo che ogni applicazione \u00e8 unica. Ecco perch\u00e9 offriamo soluzioni completamente personalizzabili, tra cui trasmissioni su misura, motoriduttori, sistemi idraulici e motori progettati per soddisfare i requisiti specifici dei nostri clienti. Le nostre capacit\u00e0 di produzione flessibili ci consentono di creare prodotti progettati con precisione e su misura per garantire la massima efficienza e prestazioni ottimali per qualsiasi applicazione.<\/p>\n<p><strong>Impegno per la qualit\u00e0 e l&#039;innovazione<\/strong><\/p>\n<p>Siamo profondamente impegnati a mantenere i pi\u00f9 alti standard di qualit\u00e0 e affidabilit\u00e0 in ogni prodotto che realizziamo. Le nostre attrezzature avanzate di collaudo e ispezione, insieme a un team tecnico altamente qualificato, garantiscono che ogni prodotto soddisfi rigorosi standard di settore. Che si tratti di fornire soluzioni standard o di creare prodotti personalizzati, FMP si impegna a fornire risultati di alta qualit\u00e0 che funzionano in modo eccezionale anche negli ambienti pi\u00f9 esigenti.<\/p>\n<p>Negli ultimi anni, FMP ha sperimentato una rapida crescita, alimentata dalla nostra vasta esperienza produttiva, da solidi sistemi di gestione e da una solida competenza tecnica. La nostra filosofia di &quot;qualit\u00e0 per la sopravvivenza e innovazione per lo sviluppo&quot; \u00e8 stata la pietra angolare del nostro successo, guidando il miglioramento e la crescita continui.<\/p>\n<p><strong>Partnership per il successo<\/strong><\/p>\n<p>In FMP, diamo priorit\u00e0 alla collaborazione e alle partnership a lungo termine con i nostri clienti. Lavoriamo a stretto contatto con i nostri clienti per fornire soluzioni innovative e affidabili che superino le aspettative. Il nostro obiettivo non \u00e8 solo soddisfare le esigenze dei nostri clienti, ma anche creare relazioni durature basate sulla fiducia, sulla qualit\u00e0 e sul successo reciproco.<\/p>\n<p>Concentrandosi su ingegneria di precisione, affidabilit\u00e0 e servizi personalizzati, FMP \u00e8 il partner di fiducia per tutte le tue esigenze di trasmissione meccanica e idraulica. Non vediamo l&#039;ora di collaborare con te per guidare il successo e raggiungere insieme l&#039;eccellenza.<\/p>\n<p><img loading=\"lazy\" decoding=\"async\" class=\"alignnone size-full wp-image-3678\" src=\"https:\/\/fmp-components.com\/wp-content\/uploads\/2025\/01\/worm-gearbox-factory1.webp\" alt=\"fabbrica-di-riduttori-a-vite-senza-fine\" width=\"1024\" height=\"888\" title=\"\" srcset=\"https:\/\/fmp-components.com\/wp-content\/uploads\/2025\/01\/worm-gearbox-factory1.webp 1024w, https:\/\/fmp-components.com\/wp-content\/uploads\/2025\/01\/worm-gearbox-factory1-980x850.webp 980w, https:\/\/fmp-components.com\/wp-content\/uploads\/2025\/01\/worm-gearbox-factory1-480x416.webp 480w\" sizes=\"(min-width: 0px) and (max-width: 480px) 480px, (min-width: 481px) and (max-width: 980px) 980px, (min-width: 981px) 1024px, 100vw\" \/><\/p>\n<p>Autore: CX<\/p>\n<\/div>\n<\/div>\n<\/div>\n<\/div>","protected":false},"excerpt":{"rendered":"<p>Location of the Gearbox in a Land Clearing Stone Crusher The gearbox in a land clearing stone crusher is typically located between the engine or motor and the crusher mechanism, usually mounted directly to the machine\u2019s main frame. It serves as a crucial component to transmit power from the engine to the crusher\u2019s rotor or [&hellip;]<\/p>","protected":false},"featured_media":3693,"comment_status":"open","ping_status":"closed","template":"","meta":{"_et_pb_use_builder":"","_et_pb_old_content":"","_et_gb_content_width":""},"product_brand":[],"product_cat":[90],"product_tag":[],"class_list":{"0":"post-3691","1":"product","2":"type-product","3":"status-publish","4":"has-post-thumbnail","6":"product_cat-planetary-gearbox","8":"first","9":"instock","10":"shipping-taxable","11":"product-type-simple"},"_links":{"self":[{"href":"https:\/\/fmp-components.com\/it\/wp-json\/wp\/v2\/product\/3691","targetHints":{"allow":["GET"]}}],"collection":[{"href":"https:\/\/fmp-components.com\/it\/wp-json\/wp\/v2\/product"}],"about":[{"href":"https:\/\/fmp-components.com\/it\/wp-json\/wp\/v2\/types\/product"}],"replies":[{"embeddable":true,"href":"https:\/\/fmp-components.com\/it\/wp-json\/wp\/v2\/comments?post=3691"}],"wp:featuredmedia":[{"embeddable":true,"href":"https:\/\/fmp-components.com\/it\/wp-json\/wp\/v2\/media\/3693"}],"wp:attachment":[{"href":"https:\/\/fmp-components.com\/it\/wp-json\/wp\/v2\/media?parent=3691"}],"wp:term":[{"taxonomy":"product_brand","embeddable":true,"href":"https:\/\/fmp-components.com\/it\/wp-json\/wp\/v2\/product_brand?post=3691"},{"taxonomy":"product_cat","embeddable":true,"href":"https:\/\/fmp-components.com\/it\/wp-json\/wp\/v2\/product_cat?post=3691"},{"taxonomy":"product_tag","embeddable":true,"href":"https:\/\/fmp-components.com\/it\/wp-json\/wp\/v2\/product_tag?post=3691"}],"curies":[{"name":"parola chiave","href":"https:\/\/api.w.org\/{rel}","templated":true}]}}